{"id":1682,"date":"2025-06-17T09:06:36","date_gmt":"2025-06-17T09:06:36","guid":{"rendered":"https:\/\/chemsfine.com\/?post_type=product&#038;p=1682"},"modified":"2026-03-25T15:27:47","modified_gmt":"2026-03-25T15:27:47","slug":"am-2201-synthetic-cannabinoid","status":"publish","type":"product","link":"https:\/\/chemsfine.com\/fr\/product\/am-2201-synthetic-cannabinoid\/","title":{"rendered":"Acheter AM-2201 Synthetic Cannabinoid | High Purity Grade"},"content":{"rendered":"<h2><b>Buy AM-2201 Synthetic Cannabinoid Online - Premium Quality | Fast &amp; Discreet Shipping<\/b><\/h2>\n<h3><b>Qu'est-ce que le cannabino\u00efde synth\u00e9tique AM-2201 ?<\/b><\/h3>\n<p>AM-2201 est un formidable cannabino\u00efde synth\u00e9tique m\u00e9ticuleusement con\u00e7u pour refl\u00e9ter et amplifier les propri\u00e9t\u00e9s psychoactives du THC naturel. Il est r\u00e9put\u00e9 pour son impact puissant et imm\u00e9diat sur le syst\u00e8me nerveux central, <b>AM-2201 de qualit\u00e9 sup\u00e9rieure<\/b> Le cannabis fonctionne en se liant avec une grande affinit\u00e9 aux r\u00e9cepteurs cannabino\u00efdes CB1 et CB2 du corps. Cette interaction produit des effets profonds et intenses, notamment des \u00e9tats d'euphorie, de relaxation profonde et d'am\u00e9lioration sensorielle significative. Ce produit chimique destin\u00e9 \u00e0 la recherche est disponible sous forme cristalline ou en poudre de haute puret\u00e9, ce qui le rend id\u00e9al pour des mesures pr\u00e9cises en laboratoire. Bien qu'il soit principalement destin\u00e9 \u00e0 la recherche avanc\u00e9e et aux applications m\u00e9dico-l\u00e9gales, il s'agit \u00e9galement d'un compos\u00e9 int\u00e9ressant pour les utilisateurs exp\u00e9riment\u00e9s dans les juridictions o\u00f9 son utilisation est l\u00e9galement autoris\u00e9e. En raison de sa puissance remarquable et de sa rapidit\u00e9 d'action, l'AM-2201 a consolid\u00e9 sa r\u00e9putation en tant que premi\u00e8re alternative aux produits traditionnels du cannabis pour les \u00e9tudes scientifiques. Lorsque l'on recherche <b>AM-2201 \u00e0 vendre<\/b>, La puret\u00e9 et la coh\u00e9rence sont essentielles pour obtenir des r\u00e9sultats fiables.<\/p>\n<h3><b>Contenu promotionnel<\/b><\/h3>\n<p>Vous \u00eates \u00e0 la recherche d'un cannabino\u00efde synth\u00e9tique de qualit\u00e9 sup\u00e9rieure qui donne des r\u00e9sultats puissants et reproductibles ? <b>Acheter AM-2201 Synthetic Cannabinoid en ligne<\/b> de Chemsfine aujourd'hui et d\u00e9couvrez une qualit\u00e9 in\u00e9gal\u00e9e \u00e0 des prix tr\u00e8s comp\u00e9titifs. Nous sommes fiers de proposer les meilleurs <b>AM-2201 \u00e0 vendre<\/b>, Chaque commande est trait\u00e9e avec le plus grand soin, avec un emballage discret et une livraison rapide dans le monde entier pour garantir la confidentialit\u00e9 et la commodit\u00e9. Chaque commande est trait\u00e9e avec le plus grand soin, avec un emballage discret et une livraison acc\u00e9l\u00e9r\u00e9e dans le monde entier pour garantir votre confidentialit\u00e9 et votre commodit\u00e9. Que votre travail implique des recherches sophistiqu\u00e9es en laboratoire ou que vous exploriez les alternatives psychoactives l\u00e9gales dans votre r\u00e9gion, notre magasin est sans \u00e9quivoque le meilleur endroit pour acheter de la drogue. <b>meilleur endroit pour acheter AM-2201 Synthetic Cannabinoid en ligne<\/b>. Passez \u00e0 l'\u00e9tape suivante de votre recherche et <b>shop AM-2201 Synthetic Cannabinoid online<\/b> avec nous maintenant pour recevoir un compos\u00e9 pur et fiable, soutenu par un service \u00e0 la client\u00e8le et une assistance de premier ordre.<\/p>\n<h3><b>Pourquoi acheter AM-2201 Synthetic Cannabinoid en ligne chez nous ?<\/b><\/h3>\n<p>Chez Chemsfine, nous pla\u00e7ons votre s\u00e9curit\u00e9 et votre enti\u00e8re satisfaction au premier plan de nos activit\u00e9s. Nous y parvenons en offrant exclusivement <b>AM-2201 test\u00e9 en laboratoire<\/b> qui respecte et d\u00e9passe rigoureusement les normes industrielles les plus strictes en mati\u00e8re de qualit\u00e9 et de puret\u00e9. Lorsque vous d\u00e9cidez de <b>commander AM-2201 Synthetic Cannabinoid en ligne<\/b> En utilisant notre plateforme, vous vous associez \u00e0 un fournisseur de confiance et \u00e9tabli qui garantit une puret\u00e9 exceptionnelle, une puissance confirm\u00e9e et une exp\u00e9dition rapide et confidentielle. Notre engagement in\u00e9branlable en faveur de la transparence op\u00e9rationnelle, d'une tarification \u00e9quitable et d'une assistance client\u00e8le exceptionnelle nous a permis de nous imposer comme le choix le plus fiable et le plus r\u00e9put\u00e9 pour les chercheurs et les scientifiques sur le march\u00e9. Choisissez la confiance et la fiabilit\u00e9 pour votre prochain projet.<\/p>\n<h3><b>Origine et profil chimique<\/b><\/h3>\n<p>L'AM-2201 est un compos\u00e9 synth\u00e9tique appartenant \u00e0 la famille chimique des naphtoylindoles et est un analogue structurel bien connu du JWH-018, un autre cannabino\u00efde puissant. Son m\u00e9canisme d'action consiste \u00e0 fonctionner comme un agoniste complet des r\u00e9cepteurs CB1 et CB2, une propri\u00e9t\u00e9 qui lui permet de produire des effets significativement plus forts et plus prononc\u00e9s que ceux du THC naturel. Synth\u00e9tis\u00e9 \u00e0 l'origine pour la recherche scientifique sur le syst\u00e8me endocannabino\u00efde, il fait aujourd'hui l'objet d'\u00e9tudes approfondies dans les laboratoires pharmacologiques et m\u00e9dico-l\u00e9gaux du monde entier. Sa formule chimique pr\u00e9cise est la suivante <b>C<sub>24<\/sub>H<sub>22<\/sub>FNO<\/b>, Il se pr\u00e9sente g\u00e9n\u00e9ralement sous la forme d'une fine poudre cristalline blanche ou l\u00e9g\u00e8rement \u00e9crue, stable dans des conditions de laboratoire standard.<\/p>\n<h3><b>Utilisation du cannabino\u00efde synth\u00e9tique AM-2201<\/b><\/h3>\n<p>Le cannabino\u00efde synth\u00e9tique AM-2201 est un compos\u00e9 polyvalent utilis\u00e9 dans divers contextes professionnels et exp\u00e9rimentaux. Ses principales applications sont centr\u00e9es sur la recherche scientifique, notamment :<\/p>\n<ul>\n<li><b>Recherche pharmacologique :<\/b> Largement utilis\u00e9 dans les essais de liaison aux r\u00e9cepteurs pour \u00e9tudier les interactions entre les cannabino\u00efdes synth\u00e9tiques et le syst\u00e8me endocannabino\u00efde.<\/li>\n<li><b>\u00c9tudes sur les neurosciences :<\/b> Utilis\u00e9 pour \u00e9tudier les effets des agonistes cannabino\u00efdes puissants sur le syst\u00e8me nerveux central et les voies neuronales.<\/li>\n<li><b>Alternative l\u00e9gale au cannabis :<\/b> Sert d'\u00e9chantillon de r\u00e9f\u00e9rence ou d'alternative l\u00e9gale au THC pour l'exploration r\u00e9cr\u00e9ative ou th\u00e9rapeutique dans certaines juridictions o\u00f9 la loi l'autorise.<\/li>\n<li><b>Exploration acad\u00e9mique :<\/b> Utilis\u00e9 en milieu universitaire pour l'\u00e9tude avanc\u00e9e et l'exploration des compos\u00e9s psychoactifs et de leurs m\u00e9canismes d'action.<\/li>\n<li><b>Analyse m\u00e9dico-l\u00e9gale :<\/b> Utilis\u00e9 comme \u00e9talon de r\u00e9f\u00e9rence en toxicologie m\u00e9dico-l\u00e9gale pour identifier et quantifier sa pr\u00e9sence dans les \u00e9chantillons biologiques.<\/li>\n<li><b>Encens ou aromath\u00e9rapie :<\/b> Dans certaines r\u00e9gions, il peut \u00eatre utilis\u00e9 pour l'aromath\u00e9rapie ou comme composant de m\u00e9langes d'encens \u00e0 base de plantes lorsque la loi l'autorise.<\/li>\n<\/ul>\n<h3><b>Avantages de l'achat en ligne du cannabino\u00efde synth\u00e9tique AM-2201<\/b><\/h3>\n<p>L'achat de AM-2201 en ligne aupr\u00e8s d'une source r\u00e9put\u00e9e comme Chemsfine offre de nombreux avantages pour le chercheur averti :<\/p>\n<ul>\n<li>Acc\u00e8s garanti \u00e0 <b>des cannabino\u00efdes synth\u00e9tiques v\u00e9rifi\u00e9s et de grande puret\u00e9<\/b> pour obtenir des r\u00e9sultats exp\u00e9rimentaux pr\u00e9cis et reproductibles.<\/li>\n<li>La capacit\u00e9 \u00e0 <b>buy cheap AM-2201 Synthetic Cannabinoid online<\/b> sans compromettre la qualit\u00e9 ou l'int\u00e9grit\u00e9 du produit.<\/li>\n<li>Envoi international s\u00e9curis\u00e9 et fiable avec un emballage discret pour prot\u00e9ger votre vie priv\u00e9e et garantir une livraison r\u00e9ussie.<\/li>\n<li>Un large \u00e9ventail d'options de paiement flexibles et crypt\u00e9es pour prot\u00e9ger vos transactions financi\u00e8res et vos informations personnelles.<\/li>\n<li>Acc\u00e8s \u00e0 une assistance client\u00e8le r\u00e9active et comp\u00e9tente, ainsi qu'\u00e0 des ressources \u00e9ducatives pr\u00e9cieuses pour une manipulation s\u00fbre.<\/li>\n<\/ul>\n<h3><b>Choisir le bon fournisseur<\/b><\/h3>\n<p>Lorsque vous \u00eates pr\u00eat \u00e0 <b>buy AM-2201 Synthetic Cannabinoid online<\/b>, Le choix du bon fournisseur est le facteur le plus important pour garantir la qualit\u00e9 et la s\u00e9curit\u00e9 des produits, ainsi que le respect de la l\u00e9gislation.<\/p>\n<h4><b>Produits test\u00e9s en laboratoire<\/b><\/h4>\n<p>Un fournisseur digne de confiance veillera toujours \u00e0 ce que chaque lot soit accompagn\u00e9 d'un certificat d'analyse (CoA). Ce document est la garantie de l'int\u00e9grit\u00e9 chimique, de la puret\u00e9 et de la s\u00e9curit\u00e9 du produit, et vous donne la confiance n\u00e9cessaire pour une recherche s\u00e9rieuse.<\/p>\n<h4><b>Des politiques d'exp\u00e9dition fiables<\/b><\/h4>\n<p>Nous fournissons des services d'exp\u00e9dition rapides, efficaces et enti\u00e8rement tra\u00e7ables. Nos produits sont emball\u00e9s avec le plus grand soin dans des mat\u00e9riaux discrets afin de garantir le respect de votre vie priv\u00e9e et l'assurance d'une livraison r\u00e9ussie \u00e0 votre domicile.<\/p>\n<h4><b>Des m\u00e9thodes de paiement s\u00fbres<\/b><\/h4>\n<p>Prot\u00e9gez vos donn\u00e9es sensibles en choisissant un fournisseur qui propose des options de paiement s\u00e9curis\u00e9es et crypt\u00e9es par le protocole SSL. Vos informations personnelles et financi\u00e8res sont ainsi prot\u00e9g\u00e9es contre tout acc\u00e8s non autoris\u00e9 tout au long du processus de transaction.<\/p>\n<h3><b>Conclusion<\/b><\/h3>\n<p>AM-2201 Synthetic Cannabinoid est un compos\u00e9 de recherche tr\u00e8s performant, dot\u00e9 d'un potentiel psychoactif important et d'applications scientifiques inestimables. Pour les chercheurs qui effectuent des travaux de laboratoire ou pour les personnes qui se trouvent dans des r\u00e9gions l\u00e9gales, il offre une exp\u00e9rience coh\u00e9rente, puissante et fiable. En choisissant de <b>commander AM-2201 Synthetic Cannabinoid en ligne<\/b> aupr\u00e8s d'un vendeur r\u00e9put\u00e9 comme Chemsfine est la meilleure fa\u00e7on de s'assurer que vous recevez un produit de qualit\u00e9 sup\u00e9rieure qui r\u00e9pond \u00e0 toutes vos exigences en mati\u00e8re de qualit\u00e9, de s\u00e9curit\u00e9 et de satisfaction. Passez votre commande d\u00e8s aujourd'hui et d\u00e9couvrez la diff\u00e9rence que fait la qualit\u00e9.<\/p>\n<h3><b>R\u00e9sum\u00e9 des avantages<\/b><\/h3>\n<ul>\n<li>Il est dot\u00e9 d'effets cannabino\u00efdes synth\u00e9tiques ultra-puissants pour la recherche avanc\u00e9e.<\/li>\n<li>Id\u00e9al pour un usage scientifique, exp\u00e9rimental ou r\u00e9cr\u00e9atif l\u00e9galement autoris\u00e9.<\/li>\n<li>Agit rapidement gr\u00e2ce \u00e0 sa forte affinit\u00e9 de liaison aux r\u00e9cepteurs CB1 et CB2.<\/li>\n<li>Provenant d'un fournisseur de confiance avec des rapports de laboratoire v\u00e9rifi\u00e9s par des tiers.<\/li>\n<li>Ils sont propos\u00e9s \u00e0 des prix comp\u00e9titifs et \u00e0 des options de livraison discr\u00e8tes \u00e0 l'\u00e9chelle mondiale.<\/li>\n<\/ul>","protected":false},"excerpt":{"rendered":"<p>Achetez le Cannabino\u00efde Synth\u00e9tique AM-2201 de premi\u00e8re qualit\u00e9, un puissant produit chimique de recherche d'une grande puret\u00e9. Id\u00e9al pour les laboratoires et les applications m\u00e9dico-l\u00e9gales. D\u00e9couvrez les meilleurs <b>AM-2201 \u00e0 vendre<\/b> en ligne et s\u00e9curisez votre approvisionnement de qualit\u00e9 recherche lorsque vous achetez chez Chemsfine. Qualit\u00e9 garantie pour vos \u00e9tudes.<\/p>","protected":false},"featured_media":1929,"comment_status":"closed","ping_status":"closed","template":"","meta":{"_joinchat":[]},"product_brand":[],"product_cat":[436],"product_tag":[],"class_list":{"0":"post-1682","1":"product","2":"type-product","3":"status-publish","4":"has-post-thumbnail","6":"product_cat-synthetic-cannabinoids","8":"first","9":"instock","10":"shipping-taxable","11":"purchasable","12":"product-type-variable"},"yoast_head":"<!-- This site is optimized with the Yoast SEO plugin v27.2 - https:\/\/yoast.com\/product\/yoast-seo-wordpress\/ -->\n<title>Buy AM-2201 Synthetic Cannabinoid Online | For Sale<\/title>\n<meta name=\"description\" content=\"Find top-quality AM-2201 for sale at Chemsfine. Our potent synthetic cannabinoid is lab-tested for purity. Order online for fast, discreet global shipping.\" \/>\n<meta name=\"robots\" content=\"index, follow, max-snippet:-1, max-image-preview:large, max-video-preview:-1\" \/>\n<link rel=\"canonical\" href=\"https:\/\/chemsfine.com\/fr\/product\/am-2201-synthetic-cannabinoid\/\" \/>\n<meta property=\"og:locale\" content=\"fr_FR\" \/>\n<meta property=\"og:type\" content=\"article\" \/>\n<meta property=\"og:title\" content=\"Buy AM-2201 Synthetic Cannabinoid Online | For Sale\" \/>\n<meta property=\"og:description\" content=\"Find top-quality AM-2201 for sale at Chemsfine. Our potent synthetic cannabinoid is lab-tested for purity. Order online for fast, discreet global shipping.\" \/>\n<meta property=\"og:url\" content=\"https:\/\/chemsfine.com\/fr\/product\/am-2201-synthetic-cannabinoid\/\" \/>\n<meta property=\"og:site_name\" content=\"Chemsfine\" \/>\n<meta property=\"article:modified_time\" content=\"2026-03-25T15:27:47+00:00\" \/>\n<meta property=\"og:image\" content=\"https:\/\/chemsfine.com\/wp-content\/uploads\/2025\/06\/AM-2201-Synthetisches-Cannabinoid.jpg\" \/>\n\t<meta property=\"og:image:width\" content=\"600\" \/>\n\t<meta property=\"og:image:height\" content=\"600\" \/>\n\t<meta property=\"og:image:type\" content=\"image\/jpeg\" \/>\n<meta name=\"twitter:card\" content=\"summary_large_image\" \/>\n<meta name=\"twitter:label1\" content=\"Dur\u00e9e de lecture estim\u00e9e\" \/>\n\t<meta name=\"twitter:data1\" content=\"3 minutes\" \/>\n<script type=\"application\/ld+json\" class=\"yoast-schema-graph\">{\"@context\":\"https:\/\/schema.org\",\"@graph\":[{\"@type\":\"WebPage\",\"@id\":\"https:\/\/chemsfine.com\/product\/am-2201-synthetic-cannabinoid\/\",\"url\":\"https:\/\/chemsfine.com\/product\/am-2201-synthetic-cannabinoid\/\",\"name\":\"Buy AM-2201 Synthetic Cannabinoid Online | For Sale\",\"isPartOf\":{\"@id\":\"https:\/\/chemsfine.com\/#website\"},\"primaryImageOfPage\":{\"@id\":\"https:\/\/chemsfine.com\/product\/am-2201-synthetic-cannabinoid\/#primaryimage\"},\"image\":{\"@id\":\"https:\/\/chemsfine.com\/product\/am-2201-synthetic-cannabinoid\/#primaryimage\"},\"thumbnailUrl\":\"https:\/\/chemsfine.com\/wp-content\/uploads\/2025\/06\/AM-2201-Synthetisches-Cannabinoid.jpg\",\"datePublished\":\"2025-06-17T09:06:36+00:00\",\"dateModified\":\"2026-03-25T15:27:47+00:00\",\"description\":\"Find top-quality AM-2201 for sale at Chemsfine. Our potent synthetic cannabinoid is lab-tested for purity. Order online for fast, discreet global shipping.\",\"breadcrumb\":{\"@id\":\"https:\/\/chemsfine.com\/product\/am-2201-synthetic-cannabinoid\/#breadcrumb\"},\"inLanguage\":\"fr-FR\",\"potentialAction\":[{\"@type\":\"ReadAction\",\"target\":[\"https:\/\/chemsfine.com\/product\/am-2201-synthetic-cannabinoid\/\"]}]},{\"@type\":\"ImageObject\",\"inLanguage\":\"fr-FR\",\"@id\":\"https:\/\/chemsfine.com\/product\/am-2201-synthetic-cannabinoid\/#primaryimage\",\"url\":\"https:\/\/chemsfine.com\/wp-content\/uploads\/2025\/06\/AM-2201-Synthetisches-Cannabinoid.jpg\",\"contentUrl\":\"https:\/\/chemsfine.com\/wp-content\/uploads\/2025\/06\/AM-2201-Synthetisches-Cannabinoid.jpg\",\"width\":600,\"height\":600,\"caption\":\"AM-2201-Synthetisches-Cannabinoid\"},{\"@type\":\"BreadcrumbList\",\"@id\":\"https:\/\/chemsfine.com\/product\/am-2201-synthetic-cannabinoid\/#breadcrumb\",\"itemListElement\":[{\"@type\":\"ListItem\",\"position\":1,\"name\":\"Home\",\"item\":\"https:\/\/chemsfine.com\/\"},{\"@type\":\"ListItem\",\"position\":2,\"name\":\"Shop\",\"item\":\"https:\/\/chemsfine.com\/shop\/\"},{\"@type\":\"ListItem\",\"position\":3,\"name\":\"Buy AM-2201 Synthetic Cannabinoid | High Purity Grade\"}]},{\"@type\":\"WebSite\",\"@id\":\"https:\/\/chemsfine.com\/#website\",\"url\":\"https:\/\/chemsfine.com\/\",\"name\":\"Chemsfine\",\"description\":\"My WordPress Blog\",\"publisher\":{\"@id\":\"https:\/\/chemsfine.com\/#organization\"},\"potentialAction\":[{\"@type\":\"SearchAction\",\"target\":{\"@type\":\"EntryPoint\",\"urlTemplate\":\"https:\/\/chemsfine.com\/?s={search_term_string}\"},\"query-input\":{\"@type\":\"PropertyValueSpecification\",\"valueRequired\":true,\"valueName\":\"search_term_string\"}}],\"inLanguage\":\"fr-FR\"},{\"@type\":\"Organization\",\"@id\":\"https:\/\/chemsfine.com\/#organization\",\"name\":\"Chemsfine\",\"url\":\"https:\/\/chemsfine.com\/\",\"logo\":{\"@type\":\"ImageObject\",\"inLanguage\":\"fr-FR\",\"@id\":\"https:\/\/chemsfine.com\/#\/schema\/logo\/image\/\",\"url\":\"https:\/\/chemsfine.com\/wp-content\/uploads\/2024\/09\/final-logo.png\",\"contentUrl\":\"https:\/\/chemsfine.com\/wp-content\/uploads\/2024\/09\/final-logo.png\",\"width\":340,\"height\":72,\"caption\":\"Chemsfine\"},\"image\":{\"@id\":\"https:\/\/chemsfine.com\/#\/schema\/logo\/image\/\"}}]}<\/script>\n<!-- \/ Yoast SEO plugin. -->","yoast_head_json":{"title":"Buy AM-2201 Synthetic Cannabinoid Online | For Sale","description":"Trouvez AM-2201 de qualit\u00e9 sup\u00e9rieure en vente chez Chemsfine. Notre puissant cannabino\u00efde synth\u00e9tique est test\u00e9 en laboratoire pour sa puret\u00e9. Commandez en ligne pour une livraison rapide et discr\u00e8te dans le monde entier.","robots":{"index":"index","follow":"follow","max-snippet":"max-snippet:-1","max-image-preview":"max-image-preview:large","max-video-preview":"max-video-preview:-1"},"canonical":"https:\/\/chemsfine.com\/fr\/product\/am-2201-synthetic-cannabinoid\/","og_locale":"fr_FR","og_type":"article","og_title":"Buy AM-2201 Synthetic Cannabinoid Online | For Sale","og_description":"Find top-quality AM-2201 for sale at Chemsfine. Our potent synthetic cannabinoid is lab-tested for purity. Order online for fast, discreet global shipping.","og_url":"https:\/\/chemsfine.com\/fr\/product\/am-2201-synthetic-cannabinoid\/","og_site_name":"Chemsfine","article_modified_time":"2026-03-25T15:27:47+00:00","og_image":[{"width":600,"height":600,"url":"https:\/\/chemsfine.com\/wp-content\/uploads\/2025\/06\/AM-2201-Synthetisches-Cannabinoid.jpg","type":"image\/jpeg"}],"twitter_card":"summary_large_image","twitter_misc":{"Dur\u00e9e de lecture estim\u00e9e":"3 minutes"},"schema":{"@context":"https:\/\/schema.org","@graph":[{"@type":"WebPage","@id":"https:\/\/chemsfine.com\/product\/am-2201-synthetic-cannabinoid\/","url":"https:\/\/chemsfine.com\/product\/am-2201-synthetic-cannabinoid\/","name":"Buy AM-2201 Synthetic Cannabinoid Online | For Sale","isPartOf":{"@id":"https:\/\/chemsfine.com\/#website"},"primaryImageOfPage":{"@id":"https:\/\/chemsfine.com\/product\/am-2201-synthetic-cannabinoid\/#primaryimage"},"image":{"@id":"https:\/\/chemsfine.com\/product\/am-2201-synthetic-cannabinoid\/#primaryimage"},"thumbnailUrl":"https:\/\/chemsfine.com\/wp-content\/uploads\/2025\/06\/AM-2201-Synthetisches-Cannabinoid.jpg","datePublished":"2025-06-17T09:06:36+00:00","dateModified":"2026-03-25T15:27:47+00:00","description":"Trouvez AM-2201 de qualit\u00e9 sup\u00e9rieure en vente chez Chemsfine. Notre puissant cannabino\u00efde synth\u00e9tique est test\u00e9 en laboratoire pour sa puret\u00e9. Commandez en ligne pour une livraison rapide et discr\u00e8te dans le monde entier.","breadcrumb":{"@id":"https:\/\/chemsfine.com\/product\/am-2201-synthetic-cannabinoid\/#breadcrumb"},"inLanguage":"fr-FR","potentialAction":[{"@type":"ReadAction","target":["https:\/\/chemsfine.com\/product\/am-2201-synthetic-cannabinoid\/"]}]},{"@type":"ImageObject","inLanguage":"fr-FR","@id":"https:\/\/chemsfine.com\/product\/am-2201-synthetic-cannabinoid\/#primaryimage","url":"https:\/\/chemsfine.com\/wp-content\/uploads\/2025\/06\/AM-2201-Synthetisches-Cannabinoid.jpg","contentUrl":"https:\/\/chemsfine.com\/wp-content\/uploads\/2025\/06\/AM-2201-Synthetisches-Cannabinoid.jpg","width":600,"height":600,"caption":"AM-2201-Synthetisches-Cannabinoid"},{"@type":"BreadcrumbList","@id":"https:\/\/chemsfine.com\/product\/am-2201-synthetic-cannabinoid\/#breadcrumb","itemListElement":[{"@type":"ListItem","position":1,"name":"Home","item":"https:\/\/chemsfine.com\/"},{"@type":"ListItem","position":2,"name":"Shop","item":"https:\/\/chemsfine.com\/shop\/"},{"@type":"ListItem","position":3,"name":"Buy AM-2201 Synthetic Cannabinoid | High Purity Grade"}]},{"@type":"WebSite","@id":"https:\/\/chemsfine.com\/#website","url":"https:\/\/chemsfine.com\/","name":"Chemsfine","description":"Mon blog WordPress","publisher":{"@id":"https:\/\/chemsfine.com\/#organization"},"potentialAction":[{"@type":"SearchAction","target":{"@type":"EntryPoint","urlTemplate":"https:\/\/chemsfine.com\/?s={search_term_string}"},"query-input":{"@type":"PropertyValueSpecification","valueRequired":true,"valueName":"search_term_string"}}],"inLanguage":"fr-FR"},{"@type":"Organization","@id":"https:\/\/chemsfine.com\/#organization","name":"Chemsfine","url":"https:\/\/chemsfine.com\/","logo":{"@type":"ImageObject","inLanguage":"fr-FR","@id":"https:\/\/chemsfine.com\/#\/schema\/logo\/image\/","url":"https:\/\/chemsfine.com\/wp-content\/uploads\/2024\/09\/final-logo.png","contentUrl":"https:\/\/chemsfine.com\/wp-content\/uploads\/2024\/09\/final-logo.png","width":340,"height":72,"caption":"Chemsfine"},"image":{"@id":"https:\/\/chemsfine.com\/#\/schema\/logo\/image\/"}}]}},"_links":{"self":[{"href":"https:\/\/chemsfine.com\/fr\/wp-json\/wp\/v2\/product\/1682","targetHints":{"allow":["GET"]}}],"collection":[{"href":"https:\/\/chemsfine.com\/fr\/wp-json\/wp\/v2\/product"}],"about":[{"href":"https:\/\/chemsfine.com\/fr\/wp-json\/wp\/v2\/types\/product"}],"replies":[{"embeddable":true,"href":"https:\/\/chemsfine.com\/fr\/wp-json\/wp\/v2\/comments?post=1682"}],"wp:featuredmedia":[{"embeddable":true,"href":"https:\/\/chemsfine.com\/fr\/wp-json\/wp\/v2\/media\/1929"}],"wp:attachment":[{"href":"https:\/\/chemsfine.com\/fr\/wp-json\/wp\/v2\/media?parent=1682"}],"wp:term":[{"taxonomy":"product_brand","embeddable":true,"href":"https:\/\/chemsfine.com\/fr\/wp-json\/wp\/v2\/product_brand?post=1682"},{"taxonomy":"product_cat","embeddable":true,"href":"https:\/\/chemsfine.com\/fr\/wp-json\/wp\/v2\/product_cat?post=1682"},{"taxonomy":"product_tag","embeddable":true,"href":"https:\/\/chemsfine.com\/fr\/wp-json\/wp\/v2\/product_tag?post=1682"}],"curies":[{"name":"wp","href":"https:\/\/api.w.org\/{rel}","templated":true}]}}