{"id":1707,"date":"2025-06-17T09:27:59","date_gmt":"2025-06-17T09:27:59","guid":{"rendered":"https:\/\/chemsfine.com\/?post_type=product&#038;p=1707"},"modified":"2026-03-25T15:20:55","modified_gmt":"2026-03-25T15:20:55","slug":"buy-lorazepam-ativan-powder","status":"publish","type":"product","link":"https:\/\/chemsfine.com\/fr\/product\/buy-lorazepam-ativan-powder\/","title":{"rendered":"Lorazepam (Ativan) en poudre \u00e0 vendre | Haute puret\u00e9"},"content":{"rendered":"<h2><b>Acheter Lorazepam (Ativan) en poudre en ligne - Dosage pr\u00e9cis, puret\u00e9 maximale, livraison discr\u00e8te<\/b><\/h2>\n<h3><b>Qu'est-ce que le Lorazepam (Ativan) en poudre ?<\/b><\/h3>\n<p>Pour ceux qui souhaitent acheter <b>Lorazepam (Ativan) en poudre de qualit\u00e9 sup\u00e9rieure pour la vente<\/b>, il est essentiel de comprendre ses propri\u00e9t\u00e9s. <a href=\"https:\/\/en.wikipedia.org\/wiki\/Lorazepam\">Lorazepam (Ativan) en poudre<\/a> est la forme pure et finement moulue du Lorazepam, une puissante benzodiaz\u00e9pine couramment prescrite pour traiter les troubles anxieux, l'insomnie et les crises d'\u00e9pilepsie aigu\u00ebs. R\u00e9put\u00e9 pour ses effets calmants et s\u00e9datifs, le Lorazepam agit en augmentant l'activit\u00e9 du GABA (acide gamma-aminobutyrique), un neurotransmetteur cl\u00e9 responsable de la r\u00e9duction de l'activit\u00e9 c\u00e9r\u00e9brale. Sous forme de poudre, il offre une flexibilit\u00e9 sup\u00e9rieure pour un dosage pr\u00e9cis et diverses applications de recherche, ce qui en fait un compos\u00e9 inestimable pour les \u00e9tudes cliniques et les environnements th\u00e9rapeutiques contr\u00f4l\u00e9s.<\/p>\n<p>Vous cherchez \u00e0 <b>acheter Lorazepam (Ativan) Poudre en ligne<\/b>? Vous \u00eates \u00e0 la bonne adresse. Chez Chemsfine, nous proposons des <b>Lorazepam (Ativan) Poudre pour la vente<\/b> dont la puret\u00e9 est rigoureusement test\u00e9e en laboratoire et qui proviennent directement de fabricants certifi\u00e9s. Que vous meniez des recherches sophistiqu\u00e9es ou que vous ayez besoin de compos\u00e9s de qualit\u00e9 pharmaceutique pour la formulation, vous pouvez en toute confiance <b>commander Lorazepam (Ativan) en poudre en ligne<\/b> Le meilleur endroit pour acheter Lorazepam Powder en ligne. D\u00e9couvrez les avantages d'un prix abordable, d'un emballage totalement discret et d'une livraison rapide et s\u00e9curis\u00e9e lorsque vous choisissez de <b>acheter Lorazepam (Ativan) Poudre en ligne<\/b> avec nous.<\/p>\n<h3><b>Pourquoi acheter Lorazepam (Ativan) en poudre en ligne chez nous ?<\/b><\/h3>\n<p>Lorsque vous d\u00e9cidez de <b>acheter Lorazepam (Ativan) Poudre en ligne<\/b> Gr\u00e2ce \u00e0 notre plateforme de confiance, vous avez la garantie d'acc\u00e9der \u00e0 une qualit\u00e9 de niveau pharmaceutique, \u00e0 une v\u00e9rification compl\u00e8te par un laboratoire tiers et \u00e0 une assistance client\u00e8le exceptionnelle. Nous comprenons parfaitement l'importance cruciale de la s\u00e9curit\u00e9, de la confidentialit\u00e9 et de la fiabilit\u00e9. C'est pourquoi nous sommes votre source privil\u00e9gi\u00e9e pour <b>acheter Lorazepam (Ativan) Poudre pas cher en ligne<\/b> avec une tranquillit\u00e9 d'esprit totale, sachant que vous recevez un produit de qualit\u00e9 sup\u00e9rieure.<\/p>\n<h3><b>Origine et profil chimique<\/b><\/h3>\n<p>Le loraz\u00e9pam, connu sous le nom commercial d'Ativan, a \u00e9t\u00e9 d\u00e9velopp\u00e9 pour la premi\u00e8re fois dans les ann\u00e9es 1970 et est un membre important de la famille des benzodiaz\u00e9pines. Sa structure chimique unique lui permet de se lier avec une affinit\u00e9 exceptionnellement \u00e9lev\u00e9e aux r\u00e9cepteurs GABA-A du cerveau, produisant ainsi de puissants effets anxiolytiques, hypnotiques et relaxants pour les muscles. Les m\u00e9dicaments disponibles Lorazepam (Ativan) <b>Poudre<\/b> est tout simplement la version pure et en poudre de ce compos\u00e9 polyvalent, un format qui facilite consid\u00e9rablement les mesures pr\u00e9cises, les formulations sp\u00e9cialis\u00e9es et un large \u00e9ventail d'applications bas\u00e9es sur la recherche.<\/p>\n<h3><b>Utilisations de Lorazepam (Ativan) en poudre<\/b><\/h3>\n<p>Principalement, Lorazepam (Ativan) <b>Poudre<\/b> est utilis\u00e9 dans des environnements m\u00e9dicaux professionnels et de recherche sp\u00e9cialis\u00e9e pour ses puissants effets s\u00e9datifs et anxiolytiques. Sa forme est id\u00e9ale pour les \u00e9tudes cliniques d\u00e9taill\u00e9es, les pr\u00e9parations pharmaceutiques pr\u00e9cises ou le d\u00e9veloppement de sch\u00e9mas posologiques personnalis\u00e9s.<\/p>\n<ul>\n<li>Traitement de divers troubles anxieux<\/li>\n<li>Gestion et th\u00e9rapie efficaces de l'insomnie<\/li>\n<li>Contr\u00f4le des crises aigu\u00ebs et intervention d'urgence<\/li>\n<li>S\u00e9dation avant une intervention m\u00e9dicale ou chirurgicale<\/li>\n<li>Essentiel pour la recherche en laboratoire et la recherche pharmaceutique<\/li>\n<\/ul>\n<h3><b>Comment et o\u00f9 commander le Lorazepam (Ativan) en poudre en ligne ?<\/b><\/h3>\n<p>Commander votre stock de Lorazepam (Ativan) <b>Poudre<\/b> en ligne est un processus simple et hautement s\u00e9curis\u00e9 via notre plateforme rationalis\u00e9e. Tout d'abord, s\u00e9lectionnez la quantit\u00e9 souhait\u00e9e de notre produit de haute puret\u00e9. Ensuite, passez \u00e0 la caisse en utilisant nos options de paiement s\u00fbres et enti\u00e8rement crypt\u00e9es. Enfin, vous recevrez votre commande par le biais de notre service d'exp\u00e9dition rapide, fiable et discret. Nous travaillons avec diligence pour garantir la confidentialit\u00e9 de nos clients et la conformit\u00e9 \u00e0 la r\u00e9glementation \u00e0 chaque \u00e9tape du processus.<\/p>\n<h3><b>Avantages de l'achat de Lorazepam (Ativan) en poudre en ligne<\/b><\/h3>\n<ul>\n<li><b>Produits test\u00e9s en laboratoire :<\/b> La puissance et la puret\u00e9 de chaque lot sont v\u00e9rifi\u00e9es de mani\u00e8re ind\u00e9pendante par des laboratoires tiers certifi\u00e9s afin de garantir la qualit\u00e9.<\/li>\n<li><b>Prix comp\u00e9titifs :<\/b> Nous rendons possible l'achat de Lorazepam (Ativan) bon march\u00e9 <b>Poudre<\/b> en ligne sans jamais faire de compromis sur la qualit\u00e9 pharmaceutique.<\/li>\n<li><b>Livraison discr\u00e8te :<\/b> Toutes les commandes sont exp\u00e9di\u00e9es dans des emballages neutres et non marqu\u00e9s afin de garantir la confidentialit\u00e9 et le respect de la vie priv\u00e9e des clients, de l'exp\u00e9dition \u00e0 la livraison.<\/li>\n<li><b>Exp\u00e9dition rapide et fiable :<\/b> Nous assurons une livraison rapide et tra\u00e7able pour garantir que votre produit arrive en toute s\u00e9curit\u00e9 et dans les d\u00e9lais, \u00e0 chaque fois.<\/li>\n<\/ul>\n<h3><b>Choisir le bon fournisseur<\/b><\/h3>\n<p>Lorsque vous achetez des substances de qualit\u00e9 pharmaceutique en ligne, le choix du bon fournisseur est absolument essentiel pour la s\u00e9curit\u00e9 et les r\u00e9sultats. Par cons\u00e9quent, vous devez toujours \u00e9viter les sources inconnues ou non v\u00e9rifi\u00e9es et opter plut\u00f4t pour des vendeurs de confiance comme Chemsfine, qui accordent la priorit\u00e9 \u00e0 la s\u00e9curit\u00e9 des clients, \u00e0 la qualit\u00e9 des produits et \u00e0 la conformit\u00e9 totale.<\/p>\n<h3><b>Comment choisir un fournisseur fiable<\/b><\/h3>\n<ul>\n<li><b>Tests en laboratoire Certifications :<\/b> Recherchez toujours des fournisseurs qui proposent de mani\u00e8re proactive des certificats d'analyse (COA) sp\u00e9cifiques \u00e0 chaque lot.<\/li>\n<li><b>Politique d'exp\u00e9dition fiable :<\/b> Assurez-vous que le vendeur garantit des options de livraison rapides, tra\u00e7ables et totalement discr\u00e8tes.<\/li>\n<li><b>M\u00e9thodes de paiement s\u00fbres :<\/b> S\u00e9lectionnez des fournisseurs qui utilisent des passerelles de paiement s\u00e9curis\u00e9es et crypt\u00e9es pour prot\u00e9ger vos informations financi\u00e8res.<\/li>\n<li><b>R\u00e9putation des clients :<\/b> Prenez le temps de lire des avis v\u00e9rifi\u00e9s et des t\u00e9moignages de clients avant d'effectuer un achat.<\/li>\n<\/ul>\n<h3><b>Conclusion<\/b><\/h3>\n<h4><b>R\u00e9sum\u00e9 des avantages<\/b><\/h4>\n<p>En r\u00e9sum\u00e9, Lorazepam (Ativan) <b>Poudre<\/b> est un compos\u00e9 polyvalent et cliniquement pr\u00e9cieux, id\u00e9al pour traiter l'anxi\u00e9t\u00e9, g\u00e9rer l'insomnie et mener des recherches pharmaceutiques avanc\u00e9es. L'achat de ce produit aupr\u00e8s d'une source v\u00e9rifi\u00e9e et r\u00e9put\u00e9e garantit la s\u00e9curit\u00e9, la puret\u00e9 et les performances requises pour les applications sensibles.<\/p>\n<h3><b>Recommandation finale<\/b><\/h3>\n<p>Si vous \u00eates \u00e0 la recherche d'un moyen fiable et s\u00e9curis\u00e9 pour <b>commander Lorazepam (Ativan) en poudre en ligne<\/b>, Votre recherche est termin\u00e9e. Nous sommes fiers d'\u00eatre le <b>Meilleur endroit pour acheter Lorazepam (Ativan) en poudre en ligne<\/b>, Les entreprises du secteur de l'agriculture et de l'\u00e9levage sont des acteurs majeurs de l'\u00e9conomie mondiale, offrant en permanence une qualit\u00e9 de premier ordre, des prix tr\u00e8s comp\u00e9titifs et un service professionnel de confiance. <b>Acheter Lorazepam (Ativan) en poudre en ligne<\/b> et b\u00e9n\u00e9ficiez d'une livraison rapide, s\u00fbre et professionnelle pour chaque commande que vous passez.<\/p>","protected":false},"excerpt":{"rendered":"<p>Achetez Lorazepam en poudre pour vos besoins de recherche chez Chemsfine. Cette forme de Lorazepam de haute puret\u00e9 et finement moulue, une puissante benzodiaz\u00e9pine, est id\u00e9ale pour un dosage pr\u00e9cis dans les \u00e9tudes cliniques, les pr\u00e9parations pharmaceutiques et les applications de laboratoire. Notre produit v\u00e9rifi\u00e9 en laboratoire garantit une puissance et une fiabilit\u00e9 maximales.<\/p>","protected":false},"featured_media":1962,"comment_status":"closed","ping_status":"closed","template":"","meta":{"_joinchat":[]},"product_brand":[],"product_cat":[434],"product_tag":[],"class_list":{"0":"post-1707","1":"product","2":"type-product","3":"status-publish","4":"has-post-thumbnail","6":"product_cat-benzodiazepine-analogs","8":"first","9":"instock","10":"shipping-taxable","11":"purchasable","12":"product-type-variable"},"yoast_head":"<!-- This site is optimized with the Yoast SEO plugin v27.2 - https:\/\/yoast.com\/product\/yoast-seo-wordpress\/ -->\n<title>Buy Lorazepam (Ativan) Powder Online | Best Price For Sale<\/title>\n<meta name=\"description\" content=\"Buy top-quality Lorazepam (Ativan) Powder online at Chemsfine. Lab-tested for purity, offering precise dosing for research. Discreet, fast shipping.\" \/>\n<meta name=\"robots\" content=\"index, follow, max-snippet:-1, max-image-preview:large, max-video-preview:-1\" \/>\n<link rel=\"canonical\" href=\"https:\/\/chemsfine.com\/fr\/product\/buy-lorazepam-ativan-powder\/\" \/>\n<meta property=\"og:locale\" content=\"fr_FR\" \/>\n<meta property=\"og:type\" content=\"article\" \/>\n<meta property=\"og:title\" content=\"Buy Lorazepam (Ativan) Powder Online | Best Price For Sale\" \/>\n<meta property=\"og:description\" content=\"Buy top-quality Lorazepam (Ativan) Powder online at Chemsfine. Lab-tested for purity, offering precise dosing for research. Discreet, fast shipping.\" \/>\n<meta property=\"og:url\" content=\"https:\/\/chemsfine.com\/fr\/product\/buy-lorazepam-ativan-powder\/\" \/>\n<meta property=\"og:site_name\" content=\"Chemsfine\" \/>\n<meta property=\"article:modified_time\" content=\"2026-03-25T15:20:55+00:00\" \/>\n<meta property=\"og:image\" content=\"https:\/\/chemsfine.com\/wp-content\/uploads\/2025\/06\/Lorazepam-Ativan-Pulver.jpg\" \/>\n\t<meta property=\"og:image:width\" content=\"600\" \/>\n\t<meta property=\"og:image:height\" content=\"600\" \/>\n\t<meta property=\"og:image:type\" content=\"image\/jpeg\" \/>\n<meta name=\"twitter:card\" content=\"summary_large_image\" \/>\n<meta name=\"twitter:label1\" content=\"Dur\u00e9e de lecture estim\u00e9e\" \/>\n\t<meta name=\"twitter:data1\" content=\"3 minutes\" \/>\n<script type=\"application\/ld+json\" class=\"yoast-schema-graph\">{\"@context\":\"https:\/\/schema.org\",\"@graph\":[{\"@type\":\"WebPage\",\"@id\":\"https:\/\/chemsfine.com\/product\/buy-lorazepam-ativan-powder\/\",\"url\":\"https:\/\/chemsfine.com\/product\/buy-lorazepam-ativan-powder\/\",\"name\":\"Buy Lorazepam (Ativan) Powder Online | Best Price For Sale\",\"isPartOf\":{\"@id\":\"https:\/\/chemsfine.com\/#website\"},\"primaryImageOfPage\":{\"@id\":\"https:\/\/chemsfine.com\/product\/buy-lorazepam-ativan-powder\/#primaryimage\"},\"image\":{\"@id\":\"https:\/\/chemsfine.com\/product\/buy-lorazepam-ativan-powder\/#primaryimage\"},\"thumbnailUrl\":\"https:\/\/chemsfine.com\/wp-content\/uploads\/2025\/06\/Lorazepam-Ativan-Pulver.jpg\",\"datePublished\":\"2025-06-17T09:27:59+00:00\",\"dateModified\":\"2026-03-25T15:20:55+00:00\",\"description\":\"Buy top-quality Lorazepam (Ativan) Powder online at Chemsfine. Lab-tested for purity, offering precise dosing for research. Discreet, fast shipping.\",\"breadcrumb\":{\"@id\":\"https:\/\/chemsfine.com\/product\/buy-lorazepam-ativan-powder\/#breadcrumb\"},\"inLanguage\":\"fr-FR\",\"potentialAction\":[{\"@type\":\"ReadAction\",\"target\":[\"https:\/\/chemsfine.com\/product\/buy-lorazepam-ativan-powder\/\"]}]},{\"@type\":\"ImageObject\",\"inLanguage\":\"fr-FR\",\"@id\":\"https:\/\/chemsfine.com\/product\/buy-lorazepam-ativan-powder\/#primaryimage\",\"url\":\"https:\/\/chemsfine.com\/wp-content\/uploads\/2025\/06\/Lorazepam-Ativan-Pulver.jpg\",\"contentUrl\":\"https:\/\/chemsfine.com\/wp-content\/uploads\/2025\/06\/Lorazepam-Ativan-Pulver.jpg\",\"width\":600,\"height\":600,\"caption\":\"Lorazepam-(Ativan)-Powder\"},{\"@type\":\"BreadcrumbList\",\"@id\":\"https:\/\/chemsfine.com\/product\/buy-lorazepam-ativan-powder\/#breadcrumb\",\"itemListElement\":[{\"@type\":\"ListItem\",\"position\":1,\"name\":\"Home\",\"item\":\"https:\/\/chemsfine.com\/\"},{\"@type\":\"ListItem\",\"position\":2,\"name\":\"Shop\",\"item\":\"https:\/\/chemsfine.com\/shop\/\"},{\"@type\":\"ListItem\",\"position\":3,\"name\":\"Lorazepam (Ativan) Powder For Sale | High Purity\"}]},{\"@type\":\"WebSite\",\"@id\":\"https:\/\/chemsfine.com\/#website\",\"url\":\"https:\/\/chemsfine.com\/\",\"name\":\"Chemsfine\",\"description\":\"My WordPress Blog\",\"publisher\":{\"@id\":\"https:\/\/chemsfine.com\/#organization\"},\"potentialAction\":[{\"@type\":\"SearchAction\",\"target\":{\"@type\":\"EntryPoint\",\"urlTemplate\":\"https:\/\/chemsfine.com\/?s={search_term_string}\"},\"query-input\":{\"@type\":\"PropertyValueSpecification\",\"valueRequired\":true,\"valueName\":\"search_term_string\"}}],\"inLanguage\":\"fr-FR\"},{\"@type\":\"Organization\",\"@id\":\"https:\/\/chemsfine.com\/#organization\",\"name\":\"Chemsfine\",\"url\":\"https:\/\/chemsfine.com\/\",\"logo\":{\"@type\":\"ImageObject\",\"inLanguage\":\"fr-FR\",\"@id\":\"https:\/\/chemsfine.com\/#\/schema\/logo\/image\/\",\"url\":\"https:\/\/chemsfine.com\/wp-content\/uploads\/2024\/09\/final-logo.png\",\"contentUrl\":\"https:\/\/chemsfine.com\/wp-content\/uploads\/2024\/09\/final-logo.png\",\"width\":340,\"height\":72,\"caption\":\"Chemsfine\"},\"image\":{\"@id\":\"https:\/\/chemsfine.com\/#\/schema\/logo\/image\/\"}}]}<\/script>\n<!-- \/ Yoast SEO plugin. -->","yoast_head_json":{"title":"Buy Lorazepam (Ativan) Powder Online | Best Price For Sale","description":"Achetez de la poudre de Lorazepam (Ativan) de qualit\u00e9 sup\u00e9rieure en ligne sur Chemsfine. Puret\u00e9 test\u00e9e en laboratoire, offrant un dosage pr\u00e9cis pour la recherche. Livraison discr\u00e8te et rapide.","robots":{"index":"index","follow":"follow","max-snippet":"max-snippet:-1","max-image-preview":"max-image-preview:large","max-video-preview":"max-video-preview:-1"},"canonical":"https:\/\/chemsfine.com\/fr\/product\/buy-lorazepam-ativan-powder\/","og_locale":"fr_FR","og_type":"article","og_title":"Buy Lorazepam (Ativan) Powder Online | Best Price For Sale","og_description":"Buy top-quality Lorazepam (Ativan) Powder online at Chemsfine. Lab-tested for purity, offering precise dosing for research. Discreet, fast shipping.","og_url":"https:\/\/chemsfine.com\/fr\/product\/buy-lorazepam-ativan-powder\/","og_site_name":"Chemsfine","article_modified_time":"2026-03-25T15:20:55+00:00","og_image":[{"width":600,"height":600,"url":"https:\/\/chemsfine.com\/wp-content\/uploads\/2025\/06\/Lorazepam-Ativan-Pulver.jpg","type":"image\/jpeg"}],"twitter_card":"summary_large_image","twitter_misc":{"Dur\u00e9e de lecture estim\u00e9e":"3 minutes"},"schema":{"@context":"https:\/\/schema.org","@graph":[{"@type":"WebPage","@id":"https:\/\/chemsfine.com\/product\/buy-lorazepam-ativan-powder\/","url":"https:\/\/chemsfine.com\/product\/buy-lorazepam-ativan-powder\/","name":"Buy Lorazepam (Ativan) Powder Online | Best Price For Sale","isPartOf":{"@id":"https:\/\/chemsfine.com\/#website"},"primaryImageOfPage":{"@id":"https:\/\/chemsfine.com\/product\/buy-lorazepam-ativan-powder\/#primaryimage"},"image":{"@id":"https:\/\/chemsfine.com\/product\/buy-lorazepam-ativan-powder\/#primaryimage"},"thumbnailUrl":"https:\/\/chemsfine.com\/wp-content\/uploads\/2025\/06\/Lorazepam-Ativan-Pulver.jpg","datePublished":"2025-06-17T09:27:59+00:00","dateModified":"2026-03-25T15:20:55+00:00","description":"Achetez de la poudre de Lorazepam (Ativan) de qualit\u00e9 sup\u00e9rieure en ligne sur Chemsfine. Puret\u00e9 test\u00e9e en laboratoire, offrant un dosage pr\u00e9cis pour la recherche. Livraison discr\u00e8te et rapide.","breadcrumb":{"@id":"https:\/\/chemsfine.com\/product\/buy-lorazepam-ativan-powder\/#breadcrumb"},"inLanguage":"fr-FR","potentialAction":[{"@type":"ReadAction","target":["https:\/\/chemsfine.com\/product\/buy-lorazepam-ativan-powder\/"]}]},{"@type":"ImageObject","inLanguage":"fr-FR","@id":"https:\/\/chemsfine.com\/product\/buy-lorazepam-ativan-powder\/#primaryimage","url":"https:\/\/chemsfine.com\/wp-content\/uploads\/2025\/06\/Lorazepam-Ativan-Pulver.jpg","contentUrl":"https:\/\/chemsfine.com\/wp-content\/uploads\/2025\/06\/Lorazepam-Ativan-Pulver.jpg","width":600,"height":600,"caption":"Lorazepam-(Ativan)-Powder"},{"@type":"BreadcrumbList","@id":"https:\/\/chemsfine.com\/product\/buy-lorazepam-ativan-powder\/#breadcrumb","itemListElement":[{"@type":"ListItem","position":1,"name":"Home","item":"https:\/\/chemsfine.com\/"},{"@type":"ListItem","position":2,"name":"Shop","item":"https:\/\/chemsfine.com\/shop\/"},{"@type":"ListItem","position":3,"name":"Lorazepam (Ativan) Powder For Sale | High Purity"}]},{"@type":"WebSite","@id":"https:\/\/chemsfine.com\/#website","url":"https:\/\/chemsfine.com\/","name":"Chemsfine","description":"Mon blog WordPress","publisher":{"@id":"https:\/\/chemsfine.com\/#organization"},"potentialAction":[{"@type":"SearchAction","target":{"@type":"EntryPoint","urlTemplate":"https:\/\/chemsfine.com\/?s={search_term_string}"},"query-input":{"@type":"PropertyValueSpecification","valueRequired":true,"valueName":"search_term_string"}}],"inLanguage":"fr-FR"},{"@type":"Organization","@id":"https:\/\/chemsfine.com\/#organization","name":"Chemsfine","url":"https:\/\/chemsfine.com\/","logo":{"@type":"ImageObject","inLanguage":"fr-FR","@id":"https:\/\/chemsfine.com\/#\/schema\/logo\/image\/","url":"https:\/\/chemsfine.com\/wp-content\/uploads\/2024\/09\/final-logo.png","contentUrl":"https:\/\/chemsfine.com\/wp-content\/uploads\/2024\/09\/final-logo.png","width":340,"height":72,"caption":"Chemsfine"},"image":{"@id":"https:\/\/chemsfine.com\/#\/schema\/logo\/image\/"}}]}},"_links":{"self":[{"href":"https:\/\/chemsfine.com\/fr\/wp-json\/wp\/v2\/product\/1707","targetHints":{"allow":["GET"]}}],"collection":[{"href":"https:\/\/chemsfine.com\/fr\/wp-json\/wp\/v2\/product"}],"about":[{"href":"https:\/\/chemsfine.com\/fr\/wp-json\/wp\/v2\/types\/product"}],"replies":[{"embeddable":true,"href":"https:\/\/chemsfine.com\/fr\/wp-json\/wp\/v2\/comments?post=1707"}],"wp:featuredmedia":[{"embeddable":true,"href":"https:\/\/chemsfine.com\/fr\/wp-json\/wp\/v2\/media\/1962"}],"wp:attachment":[{"href":"https:\/\/chemsfine.com\/fr\/wp-json\/wp\/v2\/media?parent=1707"}],"wp:term":[{"taxonomy":"product_brand","embeddable":true,"href":"https:\/\/chemsfine.com\/fr\/wp-json\/wp\/v2\/product_brand?post=1707"},{"taxonomy":"product_cat","embeddable":true,"href":"https:\/\/chemsfine.com\/fr\/wp-json\/wp\/v2\/product_cat?post=1707"},{"taxonomy":"product_tag","embeddable":true,"href":"https:\/\/chemsfine.com\/fr\/wp-json\/wp\/v2\/product_tag?post=1707"}],"curies":[{"name":"wp","href":"https:\/\/api.w.org\/{rel}","templated":true}]}}