{"id":2248,"date":"2025-09-07T06:33:48","date_gmt":"2025-09-07T06:33:48","guid":{"rendered":"https:\/\/chemsfine.com\/?post_type=product&#038;p=2248"},"modified":"2026-03-25T15:16:02","modified_gmt":"2026-03-25T15:16:02","slug":"buy-methamphetamine-crystal","status":"publish","type":"product","link":"https:\/\/chemsfine.com\/fr\/product\/buy-methamphetamine-crystal\/","title":{"rendered":"Acheter du cristal de m\u00e9thamph\u00e9tamine en ligne - Grade de haute puret\u00e9"},"content":{"rendered":"<h1><strong>Buy Methamphetamine Crystal Online For Sale<\/strong><\/h1>\n<p>Explorez la premi\u00e8re source de <b>Acheter du cristal de m\u00e9thamph\u00e9tamine<\/b>, un compos\u00e9 r\u00e9put\u00e9 pour sa puret\u00e9 exceptionnelle et son efficacit\u00e9 dans les applications industrielles exigeantes. Cette substance joue un r\u00f4le crucial dans divers secteurs, notamment l'industrie pharmaceutique, la recherche avanc\u00e9e et la fabrication sp\u00e9cialis\u00e9e. Que vous travailliez dans ces domaines ou que vous ayez besoin d'un produit chimique d'une qualit\u00e9 sans compromis, la compr\u00e9hension de ses propri\u00e9t\u00e9s et l'approvisionnement aupr\u00e8s d'un fournisseur fiable comme Chemsfine sont essentiels \u00e0 la r\u00e9ussite. Notre cristal de m\u00e9thamph\u00e9tamine de qualit\u00e9 sup\u00e9rieure est disponible pour r\u00e9pondre \u00e0 vos besoins industriels et de laboratoire pr\u00e9cis, garantissant des r\u00e9sultats coh\u00e9rents et fiables pour chaque application.<\/p>\n<h2><strong>Qu'est-ce que le cristal de m\u00e9thamph\u00e9tamine ?<\/strong><\/h2>\n<p>Le cristal de m\u00e9thamph\u00e9tamine est la forme cristalline hautement purifi\u00e9e du compos\u00e9 chimique m\u00e9thamph\u00e9tamine. Il est appr\u00e9ci\u00e9 pour sa clart\u00e9 remarquable, sa consistance et son haut niveau de puret\u00e9, ce qui le rend indispensable dans les industries qui exigent des formulations chimiques pr\u00e9cises et des r\u00e9actions pr\u00e9visibles. La structure cristalline stable garantit l'uniformit\u00e9 entre les lots, ce qui assure la fiabilit\u00e9 des processus de production sensibles. Lorsque vous <b>acheter Methamphetamine Crystal online<\/b>, vous acqu\u00e9rez une substance con\u00e7ue pour la performance et la pr\u00e9cision. Cette forme est essentielle pour les chercheurs et les fabricants qui ne peuvent se permettre des impuret\u00e9s qui pourraient compromettre leur travail, ce qui en fait le choix d\u00e9finitif pour les applications professionnelles.<\/p>\n<h3><strong>QUELLE EST LA COULEUR DE LA M\u00c9THAMPH\u00c9TAMINE ?<\/strong><\/h3>\n<p>Sous sa forme la plus pure, la m\u00e9thamph\u00e9tamine est vendue comme un <b>poudre blanche cristalline<\/b> qui se dissout facilement dans des liquides tels que l'eau ou l'alcool, bien qu'elle poss\u00e8de un go\u00fbt fort et distinct. Cependant, des variations dans la synth\u00e8se peuvent donner des poudres de diff\u00e9rentes teintes, y compris sombre, jaune-dim, orange et m\u00eame rose. Elle peut \u00e9galement \u00eatre compact\u00e9e et transform\u00e9e en pilule pour des usages sp\u00e9cifiques. L'apparence visuelle peut parfois indiquer la pr\u00e9sence de pr\u00e9curseurs ou de sous-produits, c'est pourquoi il est essentiel de s'approvisionner aupr\u00e8s d'un fournisseur v\u00e9rifi\u00e9 pour s'assurer de recevoir un produit de la plus haute qualit\u00e9. Il peut \u00eatre fum\u00e9, sniff\u00e9 ou inject\u00e9 pour diverses applications de recherche, comme indiqu\u00e9 pr\u00e9c\u00e9demment.<\/p>\n<h2><strong>Pourquoi acheter du cristal de m\u00e9thamph\u00e9tamine en ligne chez Chemsfine ?<\/strong><\/h2>\n<p>Lors de l'achat de produits chimiques de qualit\u00e9 industrielle, la confiance et la qualit\u00e9 sont primordiales. Chemsfine est l'un des principaux fournisseurs de produits chimiques de qualit\u00e9. <b>le meilleur cristal de m\u00e9thamph\u00e9tamine disponible<\/b>, La soci\u00e9t\u00e9 est sp\u00e9cialis\u00e9e dans les produits con\u00e7us pour r\u00e9pondre aux exigences rigoureuses de l'industrie et de la recherche. Notre engagement in\u00e9branlable en faveur de l'excellence garantit que chaque lot respecte et d\u00e9passe les normes de qualit\u00e9 rigoureuses. Nous offrons un acc\u00e8s transparent aux sp\u00e9cifications des produits et une assistance client\u00e8le d\u00e9di\u00e9e pour r\u00e9pondre \u00e0 vos besoins sp\u00e9cifiques. Choisir de s'approvisionner aupr\u00e8s de notre magasin garantit une exp\u00e9rience transparente, s\u00e9curis\u00e9e et professionnelle, renfor\u00e7ant ainsi la raison pour laquelle tant d'experts de l'industrie nous font confiance pour leurs besoins critiques en produits chimiques.<\/p>\n<h3><strong>Propri\u00e9t\u00e9s du cristal de m\u00e9thamph\u00e9tamine<\/strong><\/h3>\n<p>Le cristal de m\u00e9thamph\u00e9tamine pr\u00e9sente plusieurs propri\u00e9t\u00e9s cl\u00e9s qui en font le choix id\u00e9al pour une utilisation industrielle et scientifique avanc\u00e9e. Il est essentiel de comprendre ces caract\u00e9ristiques pour pouvoir l'utiliser efficacement :<\/p>\n<ul>\n<li><b>La puret\u00e9 :<\/b> Avec un niveau de puret\u00e9 v\u00e9rifi\u00e9 sup\u00e9rieur \u00e0 99%, notre cristal garantit la pr\u00e9sence d'un minimum d'impuret\u00e9s. Ce degr\u00e9 \u00e9lev\u00e9 de puret\u00e9 est essentiel pour \u00e9viter les r\u00e9actions secondaires involontaires et garantir des r\u00e9sultats coh\u00e9rents et reproductibles dans tout processus industriel ou de laboratoire.<\/li>\n<li><b>Solubilit\u00e9 :<\/b> Le compos\u00e9 est tr\u00e8s soluble dans une vari\u00e9t\u00e9 de solvants courants. Cette propri\u00e9t\u00e9 facilite son int\u00e9gration dans diff\u00e9rents processus de fabrication et formulations chimiques, ce qui permet une utilisation polyvalente et efficace dans diverses applications.<\/li>\n<li><b>Stabilit\u00e9 :<\/b> La stabilit\u00e9 inh\u00e9rente \u00e0 la forme cristalline am\u00e9liore sa dur\u00e9e de conservation et garantit des performances fiables dans le temps. Cela permet de r\u00e9duire les d\u00e9chets et de s'assurer que le mat\u00e9riau fonctionnera comme pr\u00e9vu, m\u00eame apr\u00e8s avoir \u00e9t\u00e9 stock\u00e9.<\/li>\n<\/ul>\n<h2><strong>Applications industrielles du cristal de m\u00e9thamph\u00e9tamine<\/strong><\/h2>\n<p>Un grand nombre d'industries utilisent les propri\u00e9t\u00e9s uniques du cristal de m\u00e9thamph\u00e9tamine de qualit\u00e9 sup\u00e9rieure dans de nombreuses applications critiques. Sa fiabilit\u00e9 et sa puret\u00e9 en font un composant essentiel dans les secteurs suivants :<\/p>\n<ul>\n<li><b>Produits pharmaceutiques :<\/b> Il sert de pr\u00e9curseur ou d'interm\u00e9diaire essentiel dans la synth\u00e8se de certains m\u00e9dicaments sp\u00e9cialis\u00e9s et traitements th\u00e9rapeutiques complexes pour lesquels une mati\u00e8re premi\u00e8re de haute puret\u00e9 est n\u00e9cessaire.<\/li>\n<li><b>Fabrication de produits chimiques :<\/b> Ce compos\u00e9 joue un r\u00f4le crucial en tant qu'\u00e9l\u00e9ment constitutif dans la production de divers produits chimiques sp\u00e9cialis\u00e9s, de polym\u00e8res et d'autres mat\u00e9riaux avanc\u00e9s pour lesquels une structure mol\u00e9culaire pr\u00e9cise est n\u00e9cessaire.<\/li>\n<li><b>Recherche et d\u00e9veloppement :<\/b> Il s'agit d'un r\u00e9actif essentiel pour la recherche en laboratoire qui exige des r\u00e9actions chimiques et des formulations exactes. Les scientifiques s'appuient sur sa constance pour d\u00e9velopper de nouveaux compos\u00e9s et tester avec pr\u00e9cision les hypoth\u00e8ses scientifiques.<\/li>\n<\/ul>\n<h2><strong>Pourquoi choisir notre magasin ?<\/strong><\/h2>\n<p>Lorsque vous d\u00e9cidez de <b>Commander du cristal de m\u00e9thamph\u00e9tamine en ligne<\/b> de notre magasin, vous choisissez un partenaire qui se consacre \u00e0 votre r\u00e9ussite. Nous donnons la priorit\u00e9 \u00e0 l'assurance qualit\u00e9 en proc\u00e9dant \u00e0 des tests rigoureux en plusieurs \u00e9tapes pour confirmer la puret\u00e9 et la coh\u00e9rence de chaque produit que nous exp\u00e9dions. Notre processus est soutenu par une \u00e9quipe d'assistance \u00e0 la client\u00e8le d\u00e9vou\u00e9e, pr\u00eate \u00e0 r\u00e9pondre \u00e0 vos demandes industrielles sp\u00e9cifiques et \u00e0 s'assurer que vous recevez le produit id\u00e9al pour votre application. En outre, nous proposons des options de livraison rapides et s\u00fbres jusqu'\u00e0 votre porte, prot\u00e9geant ainsi votre achat de la commande \u00e0 l'arriv\u00e9e. Cette approche globale de la qualit\u00e9 et du service fait de nous le fournisseur privil\u00e9gi\u00e9 des professionnels du monde entier.<\/p>\n<h2><strong>Conclusion<\/strong><\/h2>\n<p>Le cristal de m\u00e9thamph\u00e9tamine est un choix in\u00e9gal\u00e9 pour les activit\u00e9s industrielles, de fabrication ou de recherche qui exigent les normes les plus strictes en mati\u00e8re de puret\u00e9 et d'homog\u00e9n\u00e9it\u00e9 des produits chimiques. Pr\u00eat \u00e0 acheter ce cristal essentiel pour vos besoins op\u00e9rationnels ? Visitez Chemsfine d\u00e8s aujourd'hui pour d\u00e9couvrir notre gamme compl\u00e8te de produits chimiques. Veillez \u00e0 ce que vos op\u00e9rations se d\u00e9roulent sans heurts gr\u00e2ce \u00e0 notre cristal de qualit\u00e9 sup\u00e9rieure. Nous vous invitons \u00e0 <b>acheter Cristal de m\u00e9thamph\u00e9tamine \u00e0 vendre<\/b> et faites l'exp\u00e9rience de la diff\u00e9rence que peuvent faire une qualit\u00e9 sup\u00e9rieure et un service d\u00e9vou\u00e9. Contactez-nous d\u00e8s maintenant pour passer votre commande et obtenir les mat\u00e9riaux fiables que votre travail m\u00e9rite.<\/p>","protected":false},"excerpt":{"rendered":"<p>Achetez du cristal de m\u00e9thamph\u00e9tamine pur en ligne chez Chemsfine. Notre cristal de haute qualit\u00e9 est id\u00e9al pour les recherches exigeantes et les laboratoires, avec une puret\u00e9 garantie dans chaque lot. Nous fournissons des informations d\u00e9taill\u00e9es sur les produits et proposons des remises pour les commandes importantes. Profitez d'un processus de commande en ligne facile et s\u00e9curis\u00e9 avec un support client r\u00e9actif, assurant un envoi discret et fiable dans le monde entier pour tous vos besoins industriels.<\/p>","protected":false},"featured_media":2255,"comment_status":"closed","ping_status":"closed","template":"","meta":{"_joinchat":[]},"product_brand":[],"product_cat":[951],"product_tag":[],"class_list":{"0":"post-2248","1":"product","2":"type-product","3":"status-publish","4":"has-post-thumbnail","6":"product_cat-stimulants","8":"first","9":"instock","10":"shipping-taxable","11":"purchasable","12":"product-type-variable"},"yoast_head":"<!-- This site is optimized with the Yoast SEO plugin v27.2 - https:\/\/yoast.com\/product\/yoast-seo-wordpress\/ -->\n<title>Buy Methamphetamine Crystal Online - Best Price Available<\/title>\n<meta name=\"description\" content=\"Purchase high-purity Methamphetamine Crystal online at Chemsfine. Ideal for laboratory and industrial use. Secure, discreet shipping and guaranteed quality.\" \/>\n<meta name=\"robots\" content=\"index, follow, max-snippet:-1, max-image-preview:large, max-video-preview:-1\" \/>\n<link rel=\"canonical\" href=\"https:\/\/chemsfine.com\/fr\/product\/buy-methamphetamine-crystal\/\" \/>\n<meta property=\"og:locale\" content=\"fr_FR\" \/>\n<meta property=\"og:type\" content=\"article\" \/>\n<meta property=\"og:title\" content=\"Buy Methamphetamine Crystal Online - Best Price Available\" \/>\n<meta property=\"og:description\" content=\"Purchase high-purity Methamphetamine Crystal online at Chemsfine. Ideal for laboratory and industrial use. Secure, discreet shipping and guaranteed quality.\" \/>\n<meta property=\"og:url\" content=\"https:\/\/chemsfine.com\/fr\/product\/buy-methamphetamine-crystal\/\" \/>\n<meta property=\"og:site_name\" content=\"Chemsfine\" \/>\n<meta property=\"article:modified_time\" content=\"2026-03-25T15:16:02+00:00\" \/>\n<meta property=\"og:image\" content=\"https:\/\/chemsfine.com\/wp-content\/uploads\/2025\/09\/Methamphetamine-Crystal-Meth.webp\" \/>\n\t<meta property=\"og:image:width\" content=\"300\" \/>\n\t<meta property=\"og:image:height\" content=\"300\" \/>\n\t<meta property=\"og:image:type\" content=\"image\/webp\" \/>\n<meta name=\"twitter:card\" content=\"summary_large_image\" \/>\n<meta name=\"twitter:label1\" content=\"Dur\u00e9e de lecture estim\u00e9e\" \/>\n\t<meta name=\"twitter:data1\" content=\"3 minutes\" \/>\n<script type=\"application\/ld+json\" class=\"yoast-schema-graph\">{\"@context\":\"https:\/\/schema.org\",\"@graph\":[{\"@type\":\"WebPage\",\"@id\":\"https:\/\/chemsfine.com\/product\/buy-methamphetamine-crystal\/\",\"url\":\"https:\/\/chemsfine.com\/product\/buy-methamphetamine-crystal\/\",\"name\":\"Buy Methamphetamine Crystal Online - Best Price Available\",\"isPartOf\":{\"@id\":\"https:\/\/chemsfine.com\/#website\"},\"primaryImageOfPage\":{\"@id\":\"https:\/\/chemsfine.com\/product\/buy-methamphetamine-crystal\/#primaryimage\"},\"image\":{\"@id\":\"https:\/\/chemsfine.com\/product\/buy-methamphetamine-crystal\/#primaryimage\"},\"thumbnailUrl\":\"https:\/\/chemsfine.com\/wp-content\/uploads\/2025\/09\/Methamphetamine-Crystal-Meth.webp\",\"datePublished\":\"2025-09-07T06:33:48+00:00\",\"dateModified\":\"2026-03-25T15:16:02+00:00\",\"description\":\"Purchase high-purity Methamphetamine Crystal online at Chemsfine. Ideal for laboratory and industrial use. Secure, discreet shipping and guaranteed quality.\",\"breadcrumb\":{\"@id\":\"https:\/\/chemsfine.com\/product\/buy-methamphetamine-crystal\/#breadcrumb\"},\"inLanguage\":\"fr-FR\",\"potentialAction\":[{\"@type\":\"ReadAction\",\"target\":[\"https:\/\/chemsfine.com\/product\/buy-methamphetamine-crystal\/\"]}]},{\"@type\":\"ImageObject\",\"inLanguage\":\"fr-FR\",\"@id\":\"https:\/\/chemsfine.com\/product\/buy-methamphetamine-crystal\/#primaryimage\",\"url\":\"https:\/\/chemsfine.com\/wp-content\/uploads\/2025\/09\/Methamphetamine-Crystal-Meth.webp\",\"contentUrl\":\"https:\/\/chemsfine.com\/wp-content\/uploads\/2025\/09\/Methamphetamine-Crystal-Meth.webp\",\"width\":300,\"height\":300,\"caption\":\"Methamphetamine Crystal Meth\"},{\"@type\":\"BreadcrumbList\",\"@id\":\"https:\/\/chemsfine.com\/product\/buy-methamphetamine-crystal\/#breadcrumb\",\"itemListElement\":[{\"@type\":\"ListItem\",\"position\":1,\"name\":\"Home\",\"item\":\"https:\/\/chemsfine.com\/\"},{\"@type\":\"ListItem\",\"position\":2,\"name\":\"Shop\",\"item\":\"https:\/\/chemsfine.com\/shop\/\"},{\"@type\":\"ListItem\",\"position\":3,\"name\":\"Buy Methamphetamine Crystal Online | High Purity Grade\"}]},{\"@type\":\"WebSite\",\"@id\":\"https:\/\/chemsfine.com\/#website\",\"url\":\"https:\/\/chemsfine.com\/\",\"name\":\"Chemsfine\",\"description\":\"My WordPress Blog\",\"publisher\":{\"@id\":\"https:\/\/chemsfine.com\/#organization\"},\"potentialAction\":[{\"@type\":\"SearchAction\",\"target\":{\"@type\":\"EntryPoint\",\"urlTemplate\":\"https:\/\/chemsfine.com\/?s={search_term_string}\"},\"query-input\":{\"@type\":\"PropertyValueSpecification\",\"valueRequired\":true,\"valueName\":\"search_term_string\"}}],\"inLanguage\":\"fr-FR\"},{\"@type\":\"Organization\",\"@id\":\"https:\/\/chemsfine.com\/#organization\",\"name\":\"Chemsfine\",\"url\":\"https:\/\/chemsfine.com\/\",\"logo\":{\"@type\":\"ImageObject\",\"inLanguage\":\"fr-FR\",\"@id\":\"https:\/\/chemsfine.com\/#\/schema\/logo\/image\/\",\"url\":\"https:\/\/chemsfine.com\/wp-content\/uploads\/2024\/09\/final-logo.png\",\"contentUrl\":\"https:\/\/chemsfine.com\/wp-content\/uploads\/2024\/09\/final-logo.png\",\"width\":340,\"height\":72,\"caption\":\"Chemsfine\"},\"image\":{\"@id\":\"https:\/\/chemsfine.com\/#\/schema\/logo\/image\/\"}}]}<\/script>\n<!-- \/ Yoast SEO plugin. -->","yoast_head_json":{"title":"Buy Methamphetamine Crystal Online - Best Price Available","description":"Achetez du cristal de m\u00e9thamph\u00e9tamine de haute puret\u00e9 en ligne sur Chemsfine. Id\u00e9al pour les laboratoires et l'industrie. Livraison s\u00e9curis\u00e9e et discr\u00e8te et qualit\u00e9 garantie.","robots":{"index":"index","follow":"follow","max-snippet":"max-snippet:-1","max-image-preview":"max-image-preview:large","max-video-preview":"max-video-preview:-1"},"canonical":"https:\/\/chemsfine.com\/fr\/product\/buy-methamphetamine-crystal\/","og_locale":"fr_FR","og_type":"article","og_title":"Buy Methamphetamine Crystal Online - Best Price Available","og_description":"Purchase high-purity Methamphetamine Crystal online at Chemsfine. Ideal for laboratory and industrial use. Secure, discreet shipping and guaranteed quality.","og_url":"https:\/\/chemsfine.com\/fr\/product\/buy-methamphetamine-crystal\/","og_site_name":"Chemsfine","article_modified_time":"2026-03-25T15:16:02+00:00","og_image":[{"width":300,"height":300,"url":"https:\/\/chemsfine.com\/wp-content\/uploads\/2025\/09\/Methamphetamine-Crystal-Meth.webp","type":"image\/webp"}],"twitter_card":"summary_large_image","twitter_misc":{"Dur\u00e9e de lecture estim\u00e9e":"3 minutes"},"schema":{"@context":"https:\/\/schema.org","@graph":[{"@type":"WebPage","@id":"https:\/\/chemsfine.com\/product\/buy-methamphetamine-crystal\/","url":"https:\/\/chemsfine.com\/product\/buy-methamphetamine-crystal\/","name":"Buy Methamphetamine Crystal Online - Best Price Available","isPartOf":{"@id":"https:\/\/chemsfine.com\/#website"},"primaryImageOfPage":{"@id":"https:\/\/chemsfine.com\/product\/buy-methamphetamine-crystal\/#primaryimage"},"image":{"@id":"https:\/\/chemsfine.com\/product\/buy-methamphetamine-crystal\/#primaryimage"},"thumbnailUrl":"https:\/\/chemsfine.com\/wp-content\/uploads\/2025\/09\/Methamphetamine-Crystal-Meth.webp","datePublished":"2025-09-07T06:33:48+00:00","dateModified":"2026-03-25T15:16:02+00:00","description":"Achetez du cristal de m\u00e9thamph\u00e9tamine de haute puret\u00e9 en ligne sur Chemsfine. Id\u00e9al pour les laboratoires et l'industrie. Livraison s\u00e9curis\u00e9e et discr\u00e8te et qualit\u00e9 garantie.","breadcrumb":{"@id":"https:\/\/chemsfine.com\/product\/buy-methamphetamine-crystal\/#breadcrumb"},"inLanguage":"fr-FR","potentialAction":[{"@type":"ReadAction","target":["https:\/\/chemsfine.com\/product\/buy-methamphetamine-crystal\/"]}]},{"@type":"ImageObject","inLanguage":"fr-FR","@id":"https:\/\/chemsfine.com\/product\/buy-methamphetamine-crystal\/#primaryimage","url":"https:\/\/chemsfine.com\/wp-content\/uploads\/2025\/09\/Methamphetamine-Crystal-Meth.webp","contentUrl":"https:\/\/chemsfine.com\/wp-content\/uploads\/2025\/09\/Methamphetamine-Crystal-Meth.webp","width":300,"height":300,"caption":"Methamphetamine Crystal Meth"},{"@type":"BreadcrumbList","@id":"https:\/\/chemsfine.com\/product\/buy-methamphetamine-crystal\/#breadcrumb","itemListElement":[{"@type":"ListItem","position":1,"name":"Home","item":"https:\/\/chemsfine.com\/"},{"@type":"ListItem","position":2,"name":"Shop","item":"https:\/\/chemsfine.com\/shop\/"},{"@type":"ListItem","position":3,"name":"Buy Methamphetamine Crystal Online | High Purity Grade"}]},{"@type":"WebSite","@id":"https:\/\/chemsfine.com\/#website","url":"https:\/\/chemsfine.com\/","name":"Chemsfine","description":"Mon blog WordPress","publisher":{"@id":"https:\/\/chemsfine.com\/#organization"},"potentialAction":[{"@type":"SearchAction","target":{"@type":"EntryPoint","urlTemplate":"https:\/\/chemsfine.com\/?s={search_term_string}"},"query-input":{"@type":"PropertyValueSpecification","valueRequired":true,"valueName":"search_term_string"}}],"inLanguage":"fr-FR"},{"@type":"Organization","@id":"https:\/\/chemsfine.com\/#organization","name":"Chemsfine","url":"https:\/\/chemsfine.com\/","logo":{"@type":"ImageObject","inLanguage":"fr-FR","@id":"https:\/\/chemsfine.com\/#\/schema\/logo\/image\/","url":"https:\/\/chemsfine.com\/wp-content\/uploads\/2024\/09\/final-logo.png","contentUrl":"https:\/\/chemsfine.com\/wp-content\/uploads\/2024\/09\/final-logo.png","width":340,"height":72,"caption":"Chemsfine"},"image":{"@id":"https:\/\/chemsfine.com\/#\/schema\/logo\/image\/"}}]}},"_links":{"self":[{"href":"https:\/\/chemsfine.com\/fr\/wp-json\/wp\/v2\/product\/2248","targetHints":{"allow":["GET"]}}],"collection":[{"href":"https:\/\/chemsfine.com\/fr\/wp-json\/wp\/v2\/product"}],"about":[{"href":"https:\/\/chemsfine.com\/fr\/wp-json\/wp\/v2\/types\/product"}],"replies":[{"embeddable":true,"href":"https:\/\/chemsfine.com\/fr\/wp-json\/wp\/v2\/comments?post=2248"}],"wp:featuredmedia":[{"embeddable":true,"href":"https:\/\/chemsfine.com\/fr\/wp-json\/wp\/v2\/media\/2255"}],"wp:attachment":[{"href":"https:\/\/chemsfine.com\/fr\/wp-json\/wp\/v2\/media?parent=2248"}],"wp:term":[{"taxonomy":"product_brand","embeddable":true,"href":"https:\/\/chemsfine.com\/fr\/wp-json\/wp\/v2\/product_brand?post=2248"},{"taxonomy":"product_cat","embeddable":true,"href":"https:\/\/chemsfine.com\/fr\/wp-json\/wp\/v2\/product_cat?post=2248"},{"taxonomy":"product_tag","embeddable":true,"href":"https:\/\/chemsfine.com\/fr\/wp-json\/wp\/v2\/product_tag?post=2248"}],"curies":[{"name":"wp","href":"https:\/\/api.w.org\/{rel}","templated":true}]}}