{"id":2435,"date":"2026-02-04T10:16:43","date_gmt":"2026-02-04T10:16:43","guid":{"rendered":"https:\/\/chemsfine.com\/product\/buy-a-pvp-online-a-pvp-for-sale-research-chemicals-and-bath-salt\/"},"modified":"2026-03-25T14:57:03","modified_gmt":"2026-03-25T14:57:03","slug":"acheter-un-pvp-en-ligne","status":"publish","type":"product","link":"https:\/\/chemsfine.com\/fr\/product\/buy-a-pvp-online\/","title":{"rendered":"Acheter A-PVP en ligne - A-PVP de haute puret\u00e9 en vente"},"content":{"rendered":"<h2><b>A-PVP de haute puret\u00e9 \u00e0 vendre : Votre premi\u00e8re source en ligne<\/b><\/h2>\n<h3><b>Introduction<\/b><\/h3>\n<p>L'int\u00e9r\u00eat pour les stimulants synth\u00e9tiques ne cesse de cro\u00eetre pour les applications de recherche, <b>A-PVP<\/b> a \u00e9merg\u00e9 comme un compos\u00e9 populaire parmi les chercheurs et les explorateurs psychoactifs. Connu pour ses effets puissants, l'A-PVP (alpha-Pyrrolidinopentiophenone) est un compos\u00e9 recherch\u00e9 par les personnes souhaitant \u00e9tudier ses propri\u00e9t\u00e9s distinctes ou comprendre ses puissants m\u00e9canismes stimulants. Si vous cherchez \u00e0 <b>acheter A-PVP \u00e0 vendre<\/b>, vous avez trouv\u00e9 la premi\u00e8re destination pour la qualit\u00e9 et la fiabilit\u00e9. En raison de la demande croissante, de nombreux laboratoires et chercheurs <b>commander l'A-PVP en ligne<\/b>, Les chercheurs en ligne sont attir\u00e9s par la commodit\u00e9 in\u00e9gal\u00e9e, la s\u00e9lection plus large et les prix comp\u00e9titifs offerts par des vendeurs sp\u00e9cialis\u00e9s comme Chemsfine. Cependant, il est essentiel de naviguer en toute s\u00e9curit\u00e9 sur le march\u00e9 en ligne, car toutes les sources ne fournissent pas les produits authentifi\u00e9s et de grande puret\u00e9 n\u00e9cessaires \u00e0 la recherche l\u00e9gitime. Cette description de produit d\u00e9crit tout ce que vous devez savoir pour effectuer un achat en toute s\u00e9curit\u00e9.<\/p>\n<h3><b>Qu'est-ce que l'A-PVP ?<\/b><\/h3>\n<p>Il est essentiel de comprendre les propri\u00e9t\u00e9s fondamentales de ce compos\u00e9 avant de se lancer dans l'aventure. <b>acheter A-PVP<\/b>. Ce stimulant synth\u00e9tique se distingue par ses caract\u00e9ristiques uniques et suscite un grand int\u00e9r\u00eat dans les sciences analytiques et m\u00e9dico-l\u00e9gales.<\/p>\n<h4><b>Composition chimique<\/b><\/h4>\n<p>L'A-PVP est un puissant stimulant synth\u00e9tique de la famille des <b>classe de cathinone<\/b>, Il s'agit d'une substance chimiquement apparent\u00e9e \u00e0 d'autres substances bien \u00e9tudi\u00e9es comme le MDPV. Sa structure mol\u00e9culaire pr\u00e9sente une <b>anneau de pyrrolidine<\/b>, un composant qui contribue \u00e0 sa puissance \u00e9lev\u00e9e et \u00e0 sa rapidit\u00e9 d'action en laboratoire. Nous ne proposons que de l'A-PVP de qualit\u00e9 sup\u00e9rieure, ce qui garantit que son int\u00e9grit\u00e9 chimique est pr\u00e9serv\u00e9e pour obtenir des r\u00e9sultats de recherche pr\u00e9cis.<\/p>\n<h4><b>Utilisations courantes<\/b><\/h4>\n<ul>\n<li><b>Recherche scientifique<\/b>: L'A-PVP est largement \u00e9tudi\u00e9 pour ses propri\u00e9t\u00e9s neurologiques et psychoactives complexes, fournissant des donn\u00e9es pr\u00e9cieuses pour la pharmacologie et les neurosciences.<\/li>\n<li><b>Utilisation exploratoire<\/b>: Dans les r\u00e9gions non r\u00e9glement\u00e9es, certains individus l'utilisent pour ses effets stimulants et euphorisants, souvent compar\u00e9s \u00e0 des substances comme la coca\u00efne ou les amph\u00e9tamines. Chez Chemsfine, notre A-PVP est vendu strictement \u00e0 des fins de recherche in-vitro.<\/li>\n<\/ul>\n<h3><b>Aper\u00e7u du statut juridique<\/b><\/h3>\n<p>La l\u00e9galit\u00e9 de l'A-PVP varie consid\u00e9rablement d'un pays \u00e0 l'autre. Alors qu'il est <b>interdit dans de nombreux pays<\/b> En raison de ses puissants effets psychoactifs, certaines juridictions le classent encore parmi les substances psychoactives. <b>recherche non programm\u00e9e produits chimiques<\/b>. Il est imp\u00e9ratif de v\u00e9rifier votre <b>les lois locales et internationales<\/b> avant d'envisager un achat afin de s'assurer de sa conformit\u00e9. La responsabilit\u00e9 du respect de la l\u00e9gislation incombe exclusivement \u00e0 l'acheteur.<\/p>\n<h3><b>Pourquoi acheter de l'A-PVP en ligne chez Chemsfine ?<\/b><\/h3>\n<p>Le choix du bon fournisseur est l'\u00e9tape la plus critique. Chemsfine se distingue en offrant un m\u00e9lange de qualit\u00e9, de commodit\u00e9 et de transparence, ce qui fait de nous le meilleur endroit pour <b>acheter A-PVP en ligne<\/b>.<\/p>\n<h4><b>Accessibilit\u00e9 et commodit\u00e9<\/b><\/h4>\n<p>L'achat d'A-PVP en ligne sur notre site vous offre un acc\u00e8s discret, rapide et facile depuis le confort de votre laboratoire ou de votre bureau. Il n'est pas n\u00e9cessaire d'avoir des interactions complexes en personne ou de se d\u00e9placer, ce qui vous permet d'obtenir des mat\u00e9riaux de mani\u00e8re efficace. Notre processus simplifi\u00e9 garantit une exp\u00e9rience sans tracas.<\/p>\n<h4><b>Une plus grande s\u00e9lection de produits<\/b><\/h4>\n<p>Les vendeurs en ligne proposent souvent diff\u00e9rents <b>les formulations, les quantit\u00e9s et les niveaux de puret\u00e9<\/b>. Chez Chemsfine, nous fournissons la meilleure A-PVP disponible, permettant aux acheteurs de trouver exactement ce qui convient \u00e0 leurs besoins de recherche, des petits \u00e9chantillons aux quantit\u00e9s en vrac, tous garantis pour la puret\u00e9.<\/p>\n<h4><b>Risques et avantages potentiels<\/b><\/h4>\n<p>Si les plateformes en ligne peuvent offrir <b>Prix bon march\u00e9 de l'A-PVP<\/b>, Les risques li\u00e9s au recours \u00e0 des fournisseurs non v\u00e9rifi\u00e9s comprennent les produits contrefaits, les cons\u00e9quences juridiques et les risques pour la sant\u00e9 dus \u00e0 des substances impures. C'est pourquoi les <b>fiabilit\u00e9 du fournisseur<\/b> est critique. Nous att\u00e9nuons ces risques en fournissant des produits transparents et v\u00e9rifi\u00e9s en laboratoire pour un achat s\u00e9curis\u00e9.<\/p>\n<h3><b>Comment trouver un fournisseur fiable<\/b><\/h3>\n<p>Lorsque vous cherchez \u00e0 <b>commander l'A-PVP en ligne<\/b>, Pour cela, il est primordial de v\u00e9rifier votre source d'approvisionnement. Voici comment Chemsfine d\u00e9montre son engagement \u00e0 \u00eatre un fournisseur digne de confiance.<\/p>\n<h4><b>Les signaux d'alerte \u00e0 surveiller<\/b><\/h4>\n<ul>\n<li><b>Pas de service client\u00e8le ni d'informations de contact<\/b>: Nous proposons plusieurs canaux de contact et une assistance r\u00e9active.<\/li>\n<li><b>Des prix trop bas ou des descriptions de produits trop vagues<\/b>: Nos prix sont comp\u00e9titifs mais r\u00e9alistes, refl\u00e9tant la qualit\u00e9 de notre authentique A-PVP.<\/li>\n<li><b>Absence de documentation sur le produit ou de r\u00e9sultats d'essais<\/b>: Nous sommes fiers de fournir une documentation compl\u00e8te sur nos produits.<\/li>\n<\/ul>\n<h4><b>Critiques et commentaires de la communaut\u00e9<\/b><\/h4>\n<p>Avant de vous <b>acheter A-PVP en ligne<\/b>, Il est donc judicieux de consulter des forums et des plateformes d'\u00e9valuation dignes de confiance. Les commentaires v\u00e9rifi\u00e9s des clients r\u00e9v\u00e8lent souvent la fiabilit\u00e9 et l'int\u00e9grit\u00e9 des vendeurs. Notre r\u00e9putation repose sur les t\u00e9moignages positifs de la communaut\u00e9 des chercheurs.<\/p>\n<h4><b>Tests en laboratoire et certificats de puret\u00e9<\/b><\/h4>\n<p>Les vendeurs r\u00e9put\u00e9s fournissent <b>Certificats d'analyse (CoAs)<\/b> et des rapports de laboratoire ind\u00e9pendants qui v\u00e9rifient la qualit\u00e9 et la puret\u00e9 du produit. Ne commandez jamais d'A-PVP en ligne sans cette garantie fondamentale. Chaque lot d'A-PVP de Chemsfine est rigoureusement test\u00e9 et accompagn\u00e9 d'un CoA correspondant.<\/p>\n<h3><b>Consid\u00e9rations juridiques et \u00e9thiques<\/b><\/h3>\n<h4><b>L\u00e9gislation locale et internationale<\/b><\/h4>\n<p>Les lois relatives \u00e0 l'A-PVP varient consid\u00e9rablement d'une r\u00e9gion \u00e0 l'autre. Dans de nombreux pays, il s'agit d'un <b>substance contr\u00f4l\u00e9e<\/b>, La possession ou la distribution non autoris\u00e9e est ill\u00e9gale. Tous les acheteurs potentiels doivent effectuer <b>une recherche juridique approfondie<\/b> en fonction de leur lieu d'exp\u00e9dition avant de passer une commande.<\/p>\n<h4><b>Responsabilit\u00e9s de l'acheteur<\/b><\/h4>\n<p>Les acheteurs doivent s'assurer qu'ils utilisent l'A-PVP <b>uniquement \u00e0 des fins approuv\u00e9es et l\u00e9gales<\/b>, Il s'agit d'une \u00e9tude scientifique dans les juridictions o\u00f9 elle est autoris\u00e9e. Le respect de ces limites juridiques est essentiel et prot\u00e8ge \u00e0 la fois le chercheur individuel et la communaut\u00e9 scientifique au sens large.<\/p>\n<h3><b>Conclusion<\/b><\/h3>\n<h4><b>R\u00e9sum\u00e9 et derniers conseils<\/b><\/h4>\n<p>L'A-PVP est une substance puissante qui pr\u00e9sente un int\u00e9r\u00eat l\u00e9gitime pour la recherche, mais son achat en ligne comporte de s\u00e9rieuses responsabilit\u00e9s. Pour garantir une <b>une exp\u00e9rience s\u00fbre, l\u00e9gale et satisfaisante<\/b> lorsque vous <b>acheter A-PVP \u00e0 vendre<\/b>, suivez les lignes directrices suivantes :<\/p>\n<ul>\n<li>Choisissez des fournisseurs comme Chemsfine qui ont une solide r\u00e9putation et des pratiques transparentes.<\/li>\n<li>V\u00e9rifiez toujours <b>tests en laboratoire et garanties de puret\u00e9<\/b>.<\/li>\n<li>Renseignez-vous sur les lois et r\u00e9glementations locales.<\/li>\n<li>\u00c9vitez les offres qui semblent trop belles pour \u00eatre vraies, car elles compromettent souvent la qualit\u00e9.<\/li>\n<\/ul>\n<h4><b>Encourager la recherche et donner la priorit\u00e9 \u00e0 la s\u00e9curit\u00e9<\/b><\/h4>\n<p>Que vous soyez un chercheur professionnel ou un explorateur chimique exp\u00e9riment\u00e9, n'oubliez pas : <b>des d\u00e9cisions \u00e9clair\u00e9es prot\u00e8gent votre s\u00e9curit\u00e9, votre investissement et votre statut juridique<\/b>. Il est essentiel d'\u00e9tablir des priorit\u00e9s <b>la qualit\u00e9 avant le prix<\/b>. Choisissez toujours le <b>Meilleur endroit pour acheter de l'A-PVP<\/b> en v\u00e9rifiant minutieusement vos sources et en faisant confiance \u00e0 un fournisseur engag\u00e9 dans l'excellence.<\/p>","protected":false},"excerpt":{"rendered":"<p>Commandez de l'A-PVP (alpha-Pyrrolidinopentiophenone) de qualit\u00e9 sup\u00e9rieure, un puissant stimulant synth\u00e9tique de la classe des cathinones pour la recherche avanc\u00e9e. Lorsque vous <b>acheter A-PVP<\/b> Chez Chemsfine, vous recevez un produit d'une grande puret\u00e9, id\u00e9al pour les applications de laboratoire. Obtenez votre compos\u00e9 de qualit\u00e9 recherche aupr\u00e8s d'un fournisseur de confiance.<\/p>","protected":false},"featured_media":2434,"comment_status":"open","ping_status":"closed","template":"","meta":{"_joinchat":[]},"product_brand":[],"product_cat":[950],"product_tag":[],"class_list":{"0":"post-2435","1":"product","2":"type-product","3":"status-publish","4":"has-post-thumbnail","6":"product_cat-research-chemicals-and-bath-salt","8":"first","9":"instock","10":"shipping-taxable","11":"purchasable","12":"product-type-variable"},"yoast_head":"<!-- This site is optimized with the Yoast SEO plugin v27.2 - https:\/\/yoast.com\/product\/yoast-seo-wordpress\/ -->\n<title>Buy A-PVP Online | Top Quality \u03b1-PVP For Sale | Chemsfine<\/title>\n<meta name=\"description\" content=\"Looking to buy A-PVP online? Chemsfine offers high-purity \u03b1-PVP for sale. Our research chemicals are lab-tested for quality. Order securely today.\" \/>\n<meta name=\"robots\" content=\"index, follow, max-snippet:-1, max-image-preview:large, max-video-preview:-1\" \/>\n<link rel=\"canonical\" href=\"https:\/\/chemsfine.com\/fr\/product\/acheter-un-pvp-en-ligne\/\" \/>\n<meta property=\"og:locale\" content=\"fr_FR\" \/>\n<meta property=\"og:type\" content=\"article\" \/>\n<meta property=\"og:title\" content=\"Buy A-PVP Online | Top Quality \u03b1-PVP For Sale | Chemsfine\" \/>\n<meta property=\"og:description\" content=\"Looking to buy A-PVP online? Chemsfine offers high-purity \u03b1-PVP for sale. Our research chemicals are lab-tested for quality. Order securely today.\" \/>\n<meta property=\"og:url\" content=\"https:\/\/chemsfine.com\/fr\/product\/acheter-un-pvp-en-ligne\/\" \/>\n<meta property=\"og:site_name\" content=\"Chemsfine\" \/>\n<meta property=\"article:modified_time\" content=\"2026-03-25T14:57:03+00:00\" \/>\n<meta property=\"og:image\" content=\"https:\/\/chemsfine.com\/wp-content\/uploads\/2026\/02\/Buy-A-pvp-Flakka.jpg\" \/>\n\t<meta property=\"og:image:width\" content=\"600\" \/>\n\t<meta property=\"og:image:height\" content=\"600\" \/>\n\t<meta property=\"og:image:type\" content=\"image\/jpeg\" \/>\n<meta name=\"twitter:card\" content=\"summary_large_image\" \/>\n<meta name=\"twitter:label1\" content=\"Dur\u00e9e de lecture estim\u00e9e\" \/>\n\t<meta name=\"twitter:data1\" content=\"3 minutes\" \/>\n<script type=\"application\/ld+json\" class=\"yoast-schema-graph\">{\"@context\":\"https:\/\/schema.org\",\"@graph\":[{\"@type\":\"WebPage\",\"@id\":\"https:\/\/chemsfine.com\/product\/buy-a-pvp-online\/\",\"url\":\"https:\/\/chemsfine.com\/product\/buy-a-pvp-online\/\",\"name\":\"Buy A-PVP Online | Top Quality \u03b1-PVP For Sale | Chemsfine\",\"isPartOf\":{\"@id\":\"https:\/\/chemsfine.com\/#website\"},\"primaryImageOfPage\":{\"@id\":\"https:\/\/chemsfine.com\/product\/buy-a-pvp-online\/#primaryimage\"},\"image\":{\"@id\":\"https:\/\/chemsfine.com\/product\/buy-a-pvp-online\/#primaryimage\"},\"thumbnailUrl\":\"https:\/\/chemsfine.com\/wp-content\/uploads\/2026\/02\/Buy-A-pvp-Flakka.jpg\",\"datePublished\":\"2026-02-04T10:16:43+00:00\",\"dateModified\":\"2026-03-25T14:57:03+00:00\",\"description\":\"Looking to buy A-PVP online? Chemsfine offers high-purity \u03b1-PVP for sale. Our research chemicals are lab-tested for quality. Order securely today.\",\"breadcrumb\":{\"@id\":\"https:\/\/chemsfine.com\/product\/buy-a-pvp-online\/#breadcrumb\"},\"inLanguage\":\"fr-FR\",\"potentialAction\":[{\"@type\":\"ReadAction\",\"target\":[\"https:\/\/chemsfine.com\/product\/buy-a-pvp-online\/\"]}]},{\"@type\":\"ImageObject\",\"inLanguage\":\"fr-FR\",\"@id\":\"https:\/\/chemsfine.com\/product\/buy-a-pvp-online\/#primaryimage\",\"url\":\"https:\/\/chemsfine.com\/wp-content\/uploads\/2026\/02\/Buy-A-pvp-Flakka.jpg\",\"contentUrl\":\"https:\/\/chemsfine.com\/wp-content\/uploads\/2026\/02\/Buy-A-pvp-Flakka.jpg\",\"width\":600,\"height\":600,\"caption\":\"Buy A-PVP Online - A-PVP for Sale\"},{\"@type\":\"BreadcrumbList\",\"@id\":\"https:\/\/chemsfine.com\/product\/buy-a-pvp-online\/#breadcrumb\",\"itemListElement\":[{\"@type\":\"ListItem\",\"position\":1,\"name\":\"Home\",\"item\":\"https:\/\/chemsfine.com\/\"},{\"@type\":\"ListItem\",\"position\":2,\"name\":\"Shop\",\"item\":\"https:\/\/chemsfine.com\/shop\/\"},{\"@type\":\"ListItem\",\"position\":3,\"name\":\"Buy A-PVP Online &#8211; High-Purity A-PVP For Sale\"}]},{\"@type\":\"WebSite\",\"@id\":\"https:\/\/chemsfine.com\/#website\",\"url\":\"https:\/\/chemsfine.com\/\",\"name\":\"Chemsfine\",\"description\":\"My WordPress Blog\",\"publisher\":{\"@id\":\"https:\/\/chemsfine.com\/#organization\"},\"potentialAction\":[{\"@type\":\"SearchAction\",\"target\":{\"@type\":\"EntryPoint\",\"urlTemplate\":\"https:\/\/chemsfine.com\/?s={search_term_string}\"},\"query-input\":{\"@type\":\"PropertyValueSpecification\",\"valueRequired\":true,\"valueName\":\"search_term_string\"}}],\"inLanguage\":\"fr-FR\"},{\"@type\":\"Organization\",\"@id\":\"https:\/\/chemsfine.com\/#organization\",\"name\":\"Chemsfine\",\"url\":\"https:\/\/chemsfine.com\/\",\"logo\":{\"@type\":\"ImageObject\",\"inLanguage\":\"fr-FR\",\"@id\":\"https:\/\/chemsfine.com\/#\/schema\/logo\/image\/\",\"url\":\"https:\/\/chemsfine.com\/wp-content\/uploads\/2024\/09\/final-logo.png\",\"contentUrl\":\"https:\/\/chemsfine.com\/wp-content\/uploads\/2024\/09\/final-logo.png\",\"width\":340,\"height\":72,\"caption\":\"Chemsfine\"},\"image\":{\"@id\":\"https:\/\/chemsfine.com\/#\/schema\/logo\/image\/\"}}]}<\/script>\n<!-- \/ Yoast SEO plugin. -->","yoast_head_json":{"title":"Buy A-PVP Online | Top Quality \u03b1-PVP For Sale | Chemsfine","description":"Vous cherchez \u00e0 acheter de l'A-PVP en ligne ? Chemsfine propose de l'\u03b1-PVP de haute puret\u00e9 \u00e0 la vente. La qualit\u00e9 de nos produits chimiques de recherche est test\u00e9e en laboratoire. Commandez en toute s\u00e9curit\u00e9 d\u00e8s aujourd'hui.","robots":{"index":"index","follow":"follow","max-snippet":"max-snippet:-1","max-image-preview":"max-image-preview:large","max-video-preview":"max-video-preview:-1"},"canonical":"https:\/\/chemsfine.com\/fr\/product\/acheter-un-pvp-en-ligne\/","og_locale":"fr_FR","og_type":"article","og_title":"Buy A-PVP Online | Top Quality \u03b1-PVP For Sale | Chemsfine","og_description":"Looking to buy A-PVP online? Chemsfine offers high-purity \u03b1-PVP for sale. Our research chemicals are lab-tested for quality. Order securely today.","og_url":"https:\/\/chemsfine.com\/fr\/product\/acheter-un-pvp-en-ligne\/","og_site_name":"Chemsfine","article_modified_time":"2026-03-25T14:57:03+00:00","og_image":[{"width":600,"height":600,"url":"https:\/\/chemsfine.com\/wp-content\/uploads\/2026\/02\/Buy-A-pvp-Flakka.jpg","type":"image\/jpeg"}],"twitter_card":"summary_large_image","twitter_misc":{"Dur\u00e9e de lecture estim\u00e9e":"3 minutes"},"schema":{"@context":"https:\/\/schema.org","@graph":[{"@type":"WebPage","@id":"https:\/\/chemsfine.com\/product\/buy-a-pvp-online\/","url":"https:\/\/chemsfine.com\/product\/buy-a-pvp-online\/","name":"Buy A-PVP Online | Top Quality \u03b1-PVP For Sale | Chemsfine","isPartOf":{"@id":"https:\/\/chemsfine.com\/#website"},"primaryImageOfPage":{"@id":"https:\/\/chemsfine.com\/product\/buy-a-pvp-online\/#primaryimage"},"image":{"@id":"https:\/\/chemsfine.com\/product\/buy-a-pvp-online\/#primaryimage"},"thumbnailUrl":"https:\/\/chemsfine.com\/wp-content\/uploads\/2026\/02\/Buy-A-pvp-Flakka.jpg","datePublished":"2026-02-04T10:16:43+00:00","dateModified":"2026-03-25T14:57:03+00:00","description":"Vous cherchez \u00e0 acheter de l'A-PVP en ligne ? Chemsfine propose de l'\u03b1-PVP de haute puret\u00e9 \u00e0 la vente. La qualit\u00e9 de nos produits chimiques de recherche est test\u00e9e en laboratoire. Commandez en toute s\u00e9curit\u00e9 d\u00e8s aujourd'hui.","breadcrumb":{"@id":"https:\/\/chemsfine.com\/product\/buy-a-pvp-online\/#breadcrumb"},"inLanguage":"fr-FR","potentialAction":[{"@type":"ReadAction","target":["https:\/\/chemsfine.com\/product\/buy-a-pvp-online\/"]}]},{"@type":"ImageObject","inLanguage":"fr-FR","@id":"https:\/\/chemsfine.com\/product\/buy-a-pvp-online\/#primaryimage","url":"https:\/\/chemsfine.com\/wp-content\/uploads\/2026\/02\/Buy-A-pvp-Flakka.jpg","contentUrl":"https:\/\/chemsfine.com\/wp-content\/uploads\/2026\/02\/Buy-A-pvp-Flakka.jpg","width":600,"height":600,"caption":"Buy A-PVP Online - A-PVP for Sale"},{"@type":"BreadcrumbList","@id":"https:\/\/chemsfine.com\/product\/buy-a-pvp-online\/#breadcrumb","itemListElement":[{"@type":"ListItem","position":1,"name":"Home","item":"https:\/\/chemsfine.com\/"},{"@type":"ListItem","position":2,"name":"Shop","item":"https:\/\/chemsfine.com\/shop\/"},{"@type":"ListItem","position":3,"name":"Buy A-PVP Online &#8211; High-Purity A-PVP For Sale"}]},{"@type":"WebSite","@id":"https:\/\/chemsfine.com\/#website","url":"https:\/\/chemsfine.com\/","name":"Chemsfine","description":"Mon blog WordPress","publisher":{"@id":"https:\/\/chemsfine.com\/#organization"},"potentialAction":[{"@type":"SearchAction","target":{"@type":"EntryPoint","urlTemplate":"https:\/\/chemsfine.com\/?s={search_term_string}"},"query-input":{"@type":"PropertyValueSpecification","valueRequired":true,"valueName":"search_term_string"}}],"inLanguage":"fr-FR"},{"@type":"Organization","@id":"https:\/\/chemsfine.com\/#organization","name":"Chemsfine","url":"https:\/\/chemsfine.com\/","logo":{"@type":"ImageObject","inLanguage":"fr-FR","@id":"https:\/\/chemsfine.com\/#\/schema\/logo\/image\/","url":"https:\/\/chemsfine.com\/wp-content\/uploads\/2024\/09\/final-logo.png","contentUrl":"https:\/\/chemsfine.com\/wp-content\/uploads\/2024\/09\/final-logo.png","width":340,"height":72,"caption":"Chemsfine"},"image":{"@id":"https:\/\/chemsfine.com\/#\/schema\/logo\/image\/"}}]}},"_links":{"self":[{"href":"https:\/\/chemsfine.com\/fr\/wp-json\/wp\/v2\/product\/2435","targetHints":{"allow":["GET"]}}],"collection":[{"href":"https:\/\/chemsfine.com\/fr\/wp-json\/wp\/v2\/product"}],"about":[{"href":"https:\/\/chemsfine.com\/fr\/wp-json\/wp\/v2\/types\/product"}],"replies":[{"embeddable":true,"href":"https:\/\/chemsfine.com\/fr\/wp-json\/wp\/v2\/comments?post=2435"}],"wp:featuredmedia":[{"embeddable":true,"href":"https:\/\/chemsfine.com\/fr\/wp-json\/wp\/v2\/media\/2434"}],"wp:attachment":[{"href":"https:\/\/chemsfine.com\/fr\/wp-json\/wp\/v2\/media?parent=2435"}],"wp:term":[{"taxonomy":"product_brand","embeddable":true,"href":"https:\/\/chemsfine.com\/fr\/wp-json\/wp\/v2\/product_brand?post=2435"},{"taxonomy":"product_cat","embeddable":true,"href":"https:\/\/chemsfine.com\/fr\/wp-json\/wp\/v2\/product_cat?post=2435"},{"taxonomy":"product_tag","embeddable":true,"href":"https:\/\/chemsfine.com\/fr\/wp-json\/wp\/v2\/product_tag?post=2435"}],"curies":[{"name":"wp","href":"https:\/\/api.w.org\/{rel}","templated":true}]}}