{"id":5800,"date":"2026-02-12T09:51:47","date_gmt":"2026-02-12T09:51:47","guid":{"rendered":"https:\/\/chemsfine.com\/?post_type=product&#038;p=5800"},"modified":"2026-03-25T14:02:05","modified_gmt":"2026-03-25T14:02:05","slug":"buy-mexican-cocaine-online","status":"publish","type":"product","link":"https:\/\/chemsfine.com\/fr\/product\/buy-mexican-cocaine-online\/","title":{"rendered":"Acheter de la coca\u00efne mexicaine en ligne"},"content":{"rendered":"<p>Lorsque vous cherchez \u00e0 <b>Acheter de la coca\u00efne mexicaine \u00e0 la vente<\/b>, Il est donc essentiel d'en comprendre la nature et l'impact. Ce produit, \u00e9galement connu sous le nom de coke mexicain, est un formidable stimulant soigneusement transform\u00e9 \u00e0 partir de feuilles de coca. Il est principalement utilis\u00e9 \u00e0 des fins r\u00e9cr\u00e9atives, o\u00f9 il procure une exp\u00e9rience unique et puissante. Pour ceux qui recherchent <b>Coca\u00efne authentique<\/b> avec une qualit\u00e9 garantie, Chemsfine constitue une source fiable et discr\u00e8te. Cette offre repr\u00e9sente un sommet en son genre, garantissant aux utilisateurs rien de moins que des produits de qualit\u00e9. <b>Haute puret\u00e9 \u00e0 vendre<\/b> qui r\u00e9pond \u00e0 des normes rigoureuses. Notre engagement \u00e0 Chemsfine est de vous offrir <b>Coca\u00efne de qualit\u00e9 sup\u00e9rieure<\/b>, Il fournit des informations d\u00e9taill\u00e9es et des options d'achat s\u00e9curis\u00e9es pour les acheteurs exigeants.<\/p>\n<h2>Qu'est-ce que la coca\u00efne mexicaine et quels sont ses effets ?<\/h2>\n<p>Approfondissement, <b>Coca\u00efne mexicaine<\/b> est un compos\u00e9 puissant qui agit sur le syst\u00e8me nerveux central, entra\u00eenant une cascade de r\u00e9actions mentales et physiques. Comme l'indique son usage courant, elle est fr\u00e9quemment employ\u00e9e par diverses m\u00e9thodes, notamment renifl\u00e9e, inhal\u00e9e sous forme de fum\u00e9e ou dissoute et inject\u00e9e par voie intraveineuse. Les effets mentaux associ\u00e9s \u00e0 ce stimulant peuvent avoir un impact profond, englobant souvent un sentiment intense de bonheur et d'euphorie, une excitation sexuelle accrue et, dans certains cas, une perte temporaire de contact avec la r\u00e9alit\u00e9 ou des sentiments d'agitation. Ces r\u00e9actions c\u00e9r\u00e9brales puissantes sont compl\u00e9t\u00e9es par des sympt\u00f4mes physiques perceptibles, qui comprennent g\u00e9n\u00e9ralement un rythme cardiaque rapide, une transpiration accrue et des pupilles visiblement dilat\u00e9es. Chez Chemsfine, nous veillons \u00e0 ce que chaque lot de la <b>La meilleure coca\u00efne disponible<\/b> respecte des contr\u00f4les de qualit\u00e9 stricts, ce qui vous permet de comprendre et d'anticiper les propri\u00e9t\u00e9s du produit que vous recevez.<\/p>\n<h2>Pourquoi acheter de la coca\u00efne mexicaine en ligne chez Chemsfine ?<\/h2>\n<p>Choisir de <b>Commander de la coca\u00efne mexicaine en ligne<\/b> de Chemsfine, c'est opter pour la fiabilit\u00e9, la discr\u00e9tion et la qualit\u00e9 sup\u00e9rieure. Nous comprenons l'importance d'une transaction transparente et fiable, c'est pourquoi notre plateforme est optimis\u00e9e pour votre confort et votre s\u00e9curit\u00e9. Nos services <b>Grade de laboratoire \u00e0 vendre<\/b> y compris ce stimulant de premi\u00e8re qualit\u00e9, sont m\u00e9ticuleusement s\u00e9lectionn\u00e9s et test\u00e9s pour garantir une puret\u00e9 et une puissance in\u00e9gal\u00e9es. Nous sommes fiers d'offrir <b>Achat s\u00e9curis\u00e9<\/b> et de prot\u00e9ger votre vie priv\u00e9e de la navigation \u00e0 la livraison. De plus, lorsque vous d\u00e9cidez de <b>Acheter en ligne<\/b> Avec Chemsfine, vous avez acc\u00e8s \u00e0 des informations compl\u00e8tes sur les produits et \u00e0 un service client\u00e8le r\u00e9actif. Nous nous engageons \u00e0 \u00eatre votre fournisseur privil\u00e9gi\u00e9 pour <b>Coca\u00efne authentique<\/b>, L'objectif est d'atteindre l'excellence en permanence et de garantir la satisfaction du client \u00e0 chaque transaction.<\/p>\n<h2>Applications et exp\u00e9riences des utilisateurs<\/h2>\n<p>Les applications et les exp\u00e9riences associ\u00e9es \u00e0 ce puissant stimulant sont diverses, et se concentrent principalement sur son utilisation en tant qu'agent r\u00e9cr\u00e9atif. Les individus recherchent ce produit pour divers avantages et sensations per\u00e7us. Voici quelques-unes des exp\u00e9riences cl\u00e9s et des m\u00e9thodes d'interaction les plus courantes :<\/p>\n<ul>\n<li>Le plus souvent utilis\u00e9 comme drogue r\u00e9cr\u00e9ative pour obtenir une euphorie et une augmentation de l'\u00e9nergie.<\/li>\n<li>Couramment sniff\u00e9, ce qui permet une absorption rapide par les membranes nasales.<\/li>\n<li>Inhal\u00e9 sous forme de fum\u00e9e, il produit rapidement ses effets.<\/li>\n<li>Peut \u00eatre dissous et inject\u00e9 dans une veine pour des r\u00e9ponses physiologiques imm\u00e9diates et intenses.<\/li>\n<li>Induit une intense sensation de bonheur et un profond bien-\u00eatre.<\/li>\n<li>Peut augmenter l'excitation et la sensibilit\u00e9 sexuelles.<\/li>\n<li>Peut entra\u00eener une perte temporaire de contact avec la r\u00e9alit\u00e9 ou une alt\u00e9ration des perceptions.<\/li>\n<li>Risque d'agitation chez certains utilisateurs.<\/li>\n<li>Les sympt\u00f4mes physiques comprennent souvent un rythme cardiaque rapide et une temp\u00e9rature corporelle \u00e9lev\u00e9e.<\/li>\n<li>Les signes physiques notables sont une transpiration accrue et des pupilles visiblement dilat\u00e9es.<\/li>\n<\/ul>\n<p>Explorez notre large gamme de produits de qualit\u00e9 sup\u00e9rieure, y compris de puissants stimulants et des produits chimiques de recherche. D\u00e9couvrez par exemple les propri\u00e9t\u00e9s uniques de <a href=\"https:\/\/chemsfine.com\/fr\/product\/buy-4f-mph\/\"><b>4F-MPH<\/b><\/a> ou de prendre en consid\u00e9ration notre <a href=\"https:\/\/chemsfine.com\/fr\/product\/acheter-ak-47-k2-spray-20ml-en-ligne\/\"><b>AK-47 K2 Spray<\/b><\/a> \u00e0 d'autres fins de recherche, tous disponibles avec le m\u00eame engagement de qualit\u00e9 \u00e0 Chemsfine.<\/p>\n<h2>Assurance qualit\u00e9 et approvisionnement responsable<\/h2>\n<p>Chez Chemsfine, nous nous engageons \u00e0 fournir <b>Coca\u00efne de qualit\u00e9 sup\u00e9rieure<\/b> s'\u00e9tend \u00e0 des processus d'assurance qualit\u00e9 rigoureux. Nous croyons en la transparence et en l'approvisionnement responsable afin de garantir que chaque produit que vous recevez r\u00e9pond aux crit\u00e8res les plus \u00e9lev\u00e9s de l'industrie. Notre engagement en faveur de la qualit\u00e9 est in\u00e9branlable, ce qui fait de nous un nom de confiance lorsque vous cherchez \u00e0 <b>Acheter de la coca\u00efne en ligne<\/b>. Nous insistons sur l'importance de comprendre le profil du produit pour prendre des d\u00e9cisions \u00e9clair\u00e9es. Bien que les formules chimiques sp\u00e9cifiques ne soient pas typiquement associ\u00e9es \u00e0 la description de ce produit, notre objectif reste de fournir une exp\u00e9rience toujours pure et fiable.<\/p>\n<h3>Sp\u00e9cifications des produits et normes de qualit\u00e9<\/h3>\n<table>\n<thead>\n<tr>\n<th>Fonctionnalit\u00e9<\/th>\n<th>Description<\/th>\n<\/tr>\n<\/thead>\n<tbody>\n<tr>\n<td><b>Profil de puret\u00e9<\/b><\/td>\n<td>Qualit\u00e9 sup\u00e9rieure, traitement m\u00e9ticuleux pour minimiser les impuret\u00e9s.<\/td>\n<\/tr>\n<tr>\n<td><b>Forme physique<\/b><\/td>\n<td>Il se pr\u00e9sente g\u00e9n\u00e9ralement sous la forme d'une fine poudre cristalline blanche.<\/td>\n<\/tr>\n<tr>\n<td><b>Emballage<\/b><\/td>\n<td>Discret, herm\u00e9tiquement scell\u00e9 et con\u00e7u pour un transport s\u00e9curis\u00e9.<\/td>\n<\/tr>\n<tr>\n<td><b>Contr\u00f4le de la qualit\u00e9<\/b><\/td>\n<td>Il fait l'objet d'une v\u00e9rification interne afin d'en assurer la coh\u00e9rence et l'authenticit\u00e9.<\/td>\n<\/tr>\n<tr>\n<td><b>Objectif vis\u00e9<\/b><\/td>\n<td>Utilisation r\u00e9cr\u00e9ative par des personnes exp\u00e9riment\u00e9es.<\/td>\n<\/tr>\n<\/tbody>\n<\/table>\n<p>Nous conseillons \u00e0 tous nos clients d'aborder l'utilisation de ce puissant stimulant avec prudence. Bien que nous garantissions la qualit\u00e9 de notre produit, il est essentiel d'en faire un usage responsable, notamment en comprenant les limites personnelles et les interactions potentielles. Des informations d\u00e9taill\u00e9es concernant la manipulation et le stockage en toute s\u00e9curit\u00e9 sont implicitement comprises pour les produits de cette nature, la priorit\u00e9 \u00e9tant donn\u00e9e \u00e0 la sensibilisation de l'utilisateur.<\/p>\n<h2>Pourquoi choisir Chemsfine pour vos besoins en produits de qualit\u00e9 sup\u00e9rieure ?<\/h2>\n<p>En choisissant Chemsfine, vous optez pour un partenaire qui s'engage \u00e0 vous fournir le meilleur service possible. <b>La meilleure coca\u00efne disponible<\/b> avec une exp\u00e9rience de service in\u00e9gal\u00e9e. Notre r\u00e9putation repose sur la transparence des d\u00e9tails des produits, ce qui vous permet de savoir exactement ce que vous achetez. Nous mettons en \u0153uvre un syst\u00e8me d'enregistrement v\u00e9rifi\u00e9 des lots afin de maintenir une qualit\u00e9 constante dans toutes nos offres. En outre, notre strat\u00e9gie de prix est con\u00e7ue pour \u00eatre comp\u00e9titive, offrant une valeur exceptionnelle sans compromettre l'int\u00e9grit\u00e9 du produit ou le service. Lorsque vous <b>Commander de la coca\u00efne en ligne<\/b> Avec nous, vous b\u00e9n\u00e9ficiez d'un processus rationalis\u00e9, d'une assistance client\u00e8le solide et d'une livraison discr\u00e8te. Notre plateforme permet de <b>Acheter en ligne<\/b>, offrant une <b>Achat s\u00e9curis\u00e9<\/b> pour tous vos besoins. D\u00e9couvrez d\u00e8s aujourd'hui la diff\u00e9rence Chemsfine.<\/p>\n<h2>Conclusion : Votre source de coca\u00efne mexicaine de premi\u00e8re qualit\u00e9<\/h2>\n<p>En conclusion, pour ceux qui cherchent \u00e0 <b>Acheter de la coca\u00efne mexicaine \u00e0 la vente<\/b>, Chemsfine est la premi\u00e8re destination en ligne. Nous nous engageons \u00e0 fournir un produit qui r\u00e9pond constamment \u00e0 des normes \u00e9lev\u00e9es de puret\u00e9 et de puissance, soutenu par un engagement de transactions discr\u00e8tes et s\u00e9curis\u00e9es. L'importance que nous accordons \u00e0 la satisfaction de nos clients et \u00e0 l'int\u00e9grit\u00e9 de nos produits fait de nous le choix id\u00e9al pour l'acquisition d'un produit de qualit\u00e9. <b>Coca\u00efne authentique<\/b>. Explorez notre s\u00e9lection et faites votre <b>Achat s\u00e9curis\u00e9<\/b> en toute confiance, sachant que vous choisissez un fournisseur de confiance sur le march\u00e9. D\u00e9couvrez d\u00e8s aujourd'hui la qualit\u00e9 et le service sup\u00e9rieurs qui caract\u00e9risent Chemsfine.<\/p>","protected":false},"excerpt":{"rendered":"<p>Exp\u00e9rimentez les effets puissants de <b>Coca\u00efne mexicaine<\/b>, La coca\u00efne est un puissant stimulant d\u00e9riv\u00e9 des feuilles de coca. Connu pour provoquer un bonheur intense, une euphorie et des sensations exacerb\u00e9es, ce produit est souvent recherch\u00e9 pour un usage r\u00e9cr\u00e9atif. Disponible pour <b>acheter \u00e0 Chemsfine<\/b>, Notre s\u00e9lection de produits haut de gamme offre <b>haute puret\u00e9<\/b> et une exp\u00e9rience d'achat discr\u00e8te.<\/p>","protected":false},"featured_media":5848,"comment_status":"open","ping_status":"closed","template":"","meta":{"_joinchat":[]},"product_brand":[],"product_cat":[939],"product_tag":[],"class_list":{"0":"post-5800","1":"product","2":"type-product","3":"status-publish","4":"has-post-thumbnail","6":"product_cat-cocaine","8":"first","9":"instock","10":"shipping-taxable","11":"purchasable","12":"product-type-variable"},"yoast_head":"<!-- This site is optimized with the Yoast SEO plugin v27.2 - https:\/\/yoast.com\/product\/yoast-seo-wordpress\/ -->\n<title>Buy Mexican Cocaine Online - Best Price &amp; Quality<\/title>\n<meta name=\"description\" content=\"Discover high-quality Mexican Cocaine for sale online at Chemsfine. Experience intense happiness &amp; euphoria. Order your pure product securely now.\" \/>\n<meta name=\"robots\" content=\"index, follow, max-snippet:-1, max-image-preview:large, max-video-preview:-1\" \/>\n<link rel=\"canonical\" href=\"https:\/\/chemsfine.com\/fr\/product\/buy-mexican-cocaine-online\/\" \/>\n<meta property=\"og:locale\" content=\"fr_FR\" \/>\n<meta property=\"og:type\" content=\"article\" \/>\n<meta property=\"og:title\" content=\"Buy Mexican Cocaine Online - Best Price &amp; Quality\" \/>\n<meta property=\"og:description\" content=\"Discover high-quality Mexican Cocaine for sale online at Chemsfine. Experience intense happiness &amp; euphoria. Order your pure product securely now.\" \/>\n<meta property=\"og:url\" content=\"https:\/\/chemsfine.com\/fr\/product\/buy-mexican-cocaine-online\/\" \/>\n<meta property=\"og:site_name\" content=\"Chemsfine\" \/>\n<meta property=\"article:modified_time\" content=\"2026-03-25T14:02:05+00:00\" \/>\n<meta property=\"og:image\" content=\"https:\/\/chemsfine.com\/wp-content\/uploads\/2026\/02\/mexican-cocaine-buy-cocaine-online-1.jpg\" \/>\n\t<meta property=\"og:image:width\" content=\"800\" \/>\n\t<meta property=\"og:image:height\" content=\"800\" \/>\n\t<meta property=\"og:image:type\" content=\"image\/jpeg\" \/>\n<meta name=\"twitter:card\" content=\"summary_large_image\" \/>\n<meta name=\"twitter:label1\" content=\"Dur\u00e9e de lecture estim\u00e9e\" \/>\n\t<meta name=\"twitter:data1\" content=\"5 minutes\" \/>\n<script type=\"application\/ld+json\" class=\"yoast-schema-graph\">{\"@context\":\"https:\/\/schema.org\",\"@graph\":[{\"@type\":\"WebPage\",\"@id\":\"https:\/\/chemsfine.com\/product\/buy-mexican-cocaine-online\/\",\"url\":\"https:\/\/chemsfine.com\/product\/buy-mexican-cocaine-online\/\",\"name\":\"Buy Mexican Cocaine Online - Best Price & Quality\",\"isPartOf\":{\"@id\":\"https:\/\/chemsfine.com\/#website\"},\"primaryImageOfPage\":{\"@id\":\"https:\/\/chemsfine.com\/product\/buy-mexican-cocaine-online\/#primaryimage\"},\"image\":{\"@id\":\"https:\/\/chemsfine.com\/product\/buy-mexican-cocaine-online\/#primaryimage\"},\"thumbnailUrl\":\"https:\/\/chemsfine.com\/wp-content\/uploads\/2026\/02\/mexican-cocaine-buy-cocaine-online-1.jpg\",\"datePublished\":\"2026-02-12T09:51:47+00:00\",\"dateModified\":\"2026-03-25T14:02:05+00:00\",\"description\":\"Discover high-quality Mexican Cocaine for sale online at Chemsfine. Experience intense happiness & euphoria. Order your pure product securely now.\",\"breadcrumb\":{\"@id\":\"https:\/\/chemsfine.com\/product\/buy-mexican-cocaine-online\/#breadcrumb\"},\"inLanguage\":\"fr-FR\",\"potentialAction\":[{\"@type\":\"ReadAction\",\"target\":[\"https:\/\/chemsfine.com\/product\/buy-mexican-cocaine-online\/\"]}]},{\"@type\":\"ImageObject\",\"inLanguage\":\"fr-FR\",\"@id\":\"https:\/\/chemsfine.com\/product\/buy-mexican-cocaine-online\/#primaryimage\",\"url\":\"https:\/\/chemsfine.com\/wp-content\/uploads\/2026\/02\/mexican-cocaine-buy-cocaine-online-1.jpg\",\"contentUrl\":\"https:\/\/chemsfine.com\/wp-content\/uploads\/2026\/02\/mexican-cocaine-buy-cocaine-online-1.jpg\",\"width\":800,\"height\":800},{\"@type\":\"BreadcrumbList\",\"@id\":\"https:\/\/chemsfine.com\/product\/buy-mexican-cocaine-online\/#breadcrumb\",\"itemListElement\":[{\"@type\":\"ListItem\",\"position\":1,\"name\":\"Home\",\"item\":\"https:\/\/chemsfine.com\/\"},{\"@type\":\"ListItem\",\"position\":2,\"name\":\"Shop\",\"item\":\"https:\/\/chemsfine.com\/shop\/\"},{\"@type\":\"ListItem\",\"position\":3,\"name\":\"Buy Mexican Cocaine Online\"}]},{\"@type\":\"WebSite\",\"@id\":\"https:\/\/chemsfine.com\/#website\",\"url\":\"https:\/\/chemsfine.com\/\",\"name\":\"Chemsfine\",\"description\":\"My WordPress Blog\",\"publisher\":{\"@id\":\"https:\/\/chemsfine.com\/#organization\"},\"potentialAction\":[{\"@type\":\"SearchAction\",\"target\":{\"@type\":\"EntryPoint\",\"urlTemplate\":\"https:\/\/chemsfine.com\/?s={search_term_string}\"},\"query-input\":{\"@type\":\"PropertyValueSpecification\",\"valueRequired\":true,\"valueName\":\"search_term_string\"}}],\"inLanguage\":\"fr-FR\"},{\"@type\":\"Organization\",\"@id\":\"https:\/\/chemsfine.com\/#organization\",\"name\":\"Chemsfine\",\"url\":\"https:\/\/chemsfine.com\/\",\"logo\":{\"@type\":\"ImageObject\",\"inLanguage\":\"fr-FR\",\"@id\":\"https:\/\/chemsfine.com\/#\/schema\/logo\/image\/\",\"url\":\"https:\/\/chemsfine.com\/wp-content\/uploads\/2024\/09\/final-logo.png\",\"contentUrl\":\"https:\/\/chemsfine.com\/wp-content\/uploads\/2024\/09\/final-logo.png\",\"width\":340,\"height\":72,\"caption\":\"Chemsfine\"},\"image\":{\"@id\":\"https:\/\/chemsfine.com\/#\/schema\/logo\/image\/\"}}]}<\/script>\n<!-- \/ Yoast SEO plugin. -->","yoast_head_json":{"title":"Acheter Coca\u00efne mexicaine en ligne - Meilleur prix et meilleure qualit\u00e9","description":"D\u00e9couvrez la coca\u00efne mexicaine de haute qualit\u00e9 en vente en ligne sur Chemsfine. Faites l'exp\u00e9rience d'un bonheur et d'une euphorie intenses. Commandez votre produit pur en toute s\u00e9curit\u00e9 d\u00e8s maintenant.","robots":{"index":"index","follow":"follow","max-snippet":"max-snippet:-1","max-image-preview":"max-image-preview:large","max-video-preview":"max-video-preview:-1"},"canonical":"https:\/\/chemsfine.com\/fr\/product\/buy-mexican-cocaine-online\/","og_locale":"fr_FR","og_type":"article","og_title":"Buy Mexican Cocaine Online - Best Price & Quality","og_description":"Discover high-quality Mexican Cocaine for sale online at Chemsfine. Experience intense happiness & euphoria. Order your pure product securely now.","og_url":"https:\/\/chemsfine.com\/fr\/product\/buy-mexican-cocaine-online\/","og_site_name":"Chemsfine","article_modified_time":"2026-03-25T14:02:05+00:00","og_image":[{"width":800,"height":800,"url":"https:\/\/chemsfine.com\/wp-content\/uploads\/2026\/02\/mexican-cocaine-buy-cocaine-online-1.jpg","type":"image\/jpeg"}],"twitter_card":"summary_large_image","twitter_misc":{"Dur\u00e9e de lecture estim\u00e9e":"5 minutes"},"schema":{"@context":"https:\/\/schema.org","@graph":[{"@type":"WebPage","@id":"https:\/\/chemsfine.com\/product\/buy-mexican-cocaine-online\/","url":"https:\/\/chemsfine.com\/product\/buy-mexican-cocaine-online\/","name":"Acheter Coca\u00efne mexicaine en ligne - Meilleur prix et meilleure qualit\u00e9","isPartOf":{"@id":"https:\/\/chemsfine.com\/#website"},"primaryImageOfPage":{"@id":"https:\/\/chemsfine.com\/product\/buy-mexican-cocaine-online\/#primaryimage"},"image":{"@id":"https:\/\/chemsfine.com\/product\/buy-mexican-cocaine-online\/#primaryimage"},"thumbnailUrl":"https:\/\/chemsfine.com\/wp-content\/uploads\/2026\/02\/mexican-cocaine-buy-cocaine-online-1.jpg","datePublished":"2026-02-12T09:51:47+00:00","dateModified":"2026-03-25T14:02:05+00:00","description":"D\u00e9couvrez la coca\u00efne mexicaine de haute qualit\u00e9 en vente en ligne sur Chemsfine. Faites l'exp\u00e9rience d'un bonheur et d'une euphorie intenses. Commandez votre produit pur en toute s\u00e9curit\u00e9 d\u00e8s maintenant.","breadcrumb":{"@id":"https:\/\/chemsfine.com\/product\/buy-mexican-cocaine-online\/#breadcrumb"},"inLanguage":"fr-FR","potentialAction":[{"@type":"ReadAction","target":["https:\/\/chemsfine.com\/product\/buy-mexican-cocaine-online\/"]}]},{"@type":"ImageObject","inLanguage":"fr-FR","@id":"https:\/\/chemsfine.com\/product\/buy-mexican-cocaine-online\/#primaryimage","url":"https:\/\/chemsfine.com\/wp-content\/uploads\/2026\/02\/mexican-cocaine-buy-cocaine-online-1.jpg","contentUrl":"https:\/\/chemsfine.com\/wp-content\/uploads\/2026\/02\/mexican-cocaine-buy-cocaine-online-1.jpg","width":800,"height":800},{"@type":"BreadcrumbList","@id":"https:\/\/chemsfine.com\/product\/buy-mexican-cocaine-online\/#breadcrumb","itemListElement":[{"@type":"ListItem","position":1,"name":"Home","item":"https:\/\/chemsfine.com\/"},{"@type":"ListItem","position":2,"name":"Shop","item":"https:\/\/chemsfine.com\/shop\/"},{"@type":"ListItem","position":3,"name":"Buy Mexican Cocaine Online"}]},{"@type":"WebSite","@id":"https:\/\/chemsfine.com\/#website","url":"https:\/\/chemsfine.com\/","name":"Chemsfine","description":"Mon blog WordPress","publisher":{"@id":"https:\/\/chemsfine.com\/#organization"},"potentialAction":[{"@type":"SearchAction","target":{"@type":"EntryPoint","urlTemplate":"https:\/\/chemsfine.com\/?s={search_term_string}"},"query-input":{"@type":"PropertyValueSpecification","valueRequired":true,"valueName":"search_term_string"}}],"inLanguage":"fr-FR"},{"@type":"Organization","@id":"https:\/\/chemsfine.com\/#organization","name":"Chemsfine","url":"https:\/\/chemsfine.com\/","logo":{"@type":"ImageObject","inLanguage":"fr-FR","@id":"https:\/\/chemsfine.com\/#\/schema\/logo\/image\/","url":"https:\/\/chemsfine.com\/wp-content\/uploads\/2024\/09\/final-logo.png","contentUrl":"https:\/\/chemsfine.com\/wp-content\/uploads\/2024\/09\/final-logo.png","width":340,"height":72,"caption":"Chemsfine"},"image":{"@id":"https:\/\/chemsfine.com\/#\/schema\/logo\/image\/"}}]}},"_links":{"self":[{"href":"https:\/\/chemsfine.com\/fr\/wp-json\/wp\/v2\/product\/5800","targetHints":{"allow":["GET"]}}],"collection":[{"href":"https:\/\/chemsfine.com\/fr\/wp-json\/wp\/v2\/product"}],"about":[{"href":"https:\/\/chemsfine.com\/fr\/wp-json\/wp\/v2\/types\/product"}],"replies":[{"embeddable":true,"href":"https:\/\/chemsfine.com\/fr\/wp-json\/wp\/v2\/comments?post=5800"}],"wp:featuredmedia":[{"embeddable":true,"href":"https:\/\/chemsfine.com\/fr\/wp-json\/wp\/v2\/media\/5848"}],"wp:attachment":[{"href":"https:\/\/chemsfine.com\/fr\/wp-json\/wp\/v2\/media?parent=5800"}],"wp:term":[{"taxonomy":"product_brand","embeddable":true,"href":"https:\/\/chemsfine.com\/fr\/wp-json\/wp\/v2\/product_brand?post=5800"},{"taxonomy":"product_cat","embeddable":true,"href":"https:\/\/chemsfine.com\/fr\/wp-json\/wp\/v2\/product_cat?post=5800"},{"taxonomy":"product_tag","embeddable":true,"href":"https:\/\/chemsfine.com\/fr\/wp-json\/wp\/v2\/product_tag?post=5800"}],"curies":[{"name":"wp","href":"https:\/\/api.w.org\/{rel}","templated":true}]}}