{"id":6196,"date":"2026-02-12T09:59:32","date_gmt":"2026-02-12T09:59:32","guid":{"rendered":"https:\/\/chemsfine.com\/?post_type=product&#038;p=6196"},"modified":"2026-03-25T13:28:46","modified_gmt":"2026-03-25T13:28:46","slug":"buy-pentedrone-pellets-online","status":"publish","type":"product","link":"https:\/\/chemsfine.com\/fr\/product\/buy-pentedrone-pellets-online\/","title":{"rendered":"Pentedrone Pellets For Sale Online | High Grade Research Chemicals"},"content":{"rendered":"<p>Lorsque vous recherchez des compos\u00e9s de pointe pour vos travaux scientifiques, la disponibilit\u00e9 de mat\u00e9riaux de recherche fiables et de haute puret\u00e9 est primordiale. Chez chemsfine, vous pouvez <b>acheter Pentedrone pellets for sale<\/b>, Les stimulants de la recherche sont des produits de qualit\u00e9 sup\u00e9rieure, m\u00e9ticuleusement con\u00e7us pour r\u00e9pondre \u00e0 vos applications de laboratoire les plus exigeantes. Notre engagement en faveur de l'excellence garantit que chaque lot de ces stimulants de recherche r\u00e9pond \u00e0 des normes de qualit\u00e9 rigoureuses, ce qui vous permet d'avoir confiance dans les r\u00e9sultats de vos exp\u00e9riences.<\/p>\n<p>Lib\u00e9rez le potentiel de recherche r\u00e9volutionnaire avec les granul\u00e9s de Pentedrone de Research Stimulants. Nos cristaux de haute puret\u00e9, m\u00e9ticuleusement test\u00e9s, garantissent la fiabilit\u00e9 et l'efficacit\u00e9 de vos efforts scientifiques. Ces produits chimiques de recherche de qualit\u00e9 sup\u00e9rieure sont sp\u00e9cialement con\u00e7us pour l'analyse in vitro et les \u00e9tudes scientifiques approfondies, ce qui en fait un atout indispensable pour tout laboratoire de recherche s\u00e9rieux.<\/p>\n<h2>Qu'est-ce que Pentedrone ?<\/h2>\n<p>La pent\u00e9drone, connue sous le nom chimique d'\u03b1-m\u00e9thylaminoval\u00e9roph\u00e9none, est un stimulant synth\u00e9tique appartenant \u00e0 la classe des cathinones. Elle se caract\u00e9rise par sa formule mol\u00e9culaire, C<sub>12<\/sub>H<sub>17<\/sub>NO, et le num\u00e9ro CAS qui lui est souvent associ\u00e9 est 87949-83-5. Ce compos\u00e9 est principalement appr\u00e9ci\u00e9 par la communaut\u00e9 scientifique en tant que produit chimique de recherche, qui permet d'explorer ses propri\u00e9t\u00e9s et ses effets uniques dans des laboratoires contr\u00f4l\u00e9s. En tant que produit chimique de haute qualit\u00e9, la pent\u00e9drone joue un r\u00f4le crucial dans la compr\u00e9hension de divers m\u00e9canismes physiologiques et pharmacologiques. Les chercheurs recherchent souvent <b>granul\u00e9s de Pentedrone de qualit\u00e9 sup\u00e9rieure<\/b> pour leurs exp\u00e9riences en raison de leur dosage pr\u00e9cis et de leur facilit\u00e9 de manipulation.<\/p>\n<p>La structure de la pent\u00e9drone offre un aper\u00e7u unique des relations structure-activit\u00e9 des compos\u00e9s apparent\u00e9s, ce qui en fait un point central pour les recherches chimiques et biologiques avanc\u00e9es. Ses propri\u00e9t\u00e9s sp\u00e9cifiques lui permettent de se pr\u00eater \u00e0 toute une s\u00e9rie d'analyses, contribuant ainsi de mani\u00e8re significative \u00e0 l'\u00e9largissement de la base de connaissances en neurosciences et en pharmacologie. Les pastilles m\u00e9ticuleusement pr\u00e9par\u00e9es garantissent une puret\u00e9 constante, ce qui est essentiel pour obtenir des r\u00e9sultats de recherche reproductibles et pr\u00e9cis.<\/p>\n<h2>Pourquoi acheter Pentedrone Pellets en ligne chez chemsfine ?<\/h2>\n<p>En choisissant chemsfine comme fournisseur de produits chimiques pour la recherche, vous \u00eates assur\u00e9 de recevoir des produits qui incarnent les normes les plus \u00e9lev\u00e9es de qualit\u00e9 et d'int\u00e9grit\u00e9 scientifique. Nous comprenons la nature critique de la recherche et le besoin de pr\u00e9cision dans chaque compos\u00e9. Lorsque vous recherchez le <b>les meilleurs granul\u00e9s Pentedrone disponibles<\/b>, chemsfine est une source fiable. Nos protocoles de test rigoureux garantissent une puret\u00e9 exceptionnelle, ce qui rend nos pastilles de pentedrone id\u00e9ales pour les applications de recherche sensibles.<\/p>\n<p>Nous sommes fiers de nos processus transparents et de notre assistance client\u00e8le d\u00e9vou\u00e9e, qui garantissent une exp\u00e9rience sans faille de la s\u00e9lection \u00e0 la livraison. Notre r\u00e9putation s'est construite sur la fourniture de produits chimiques coh\u00e9rents, de qualit\u00e9 laboratoire, qui permettent aux chercheurs de repousser les limites de la d\u00e9couverte. Avec chemsfine, vous n'achetez pas seulement un produit chimique, vous investissez dans un partenaire engag\u00e9 dans votre r\u00e9ussite scientifique. Faites l'exp\u00e9rience de la diff\u00e9rence que fait la vraie qualit\u00e9 lorsque vous achetez votre mat\u00e9riel de recherche aupr\u00e8s d'un fournisseur de confiance.<\/p>\n<h2>Applications de Pentedrone<\/h2>\n<p>Les applications du pentedrone en tant que produit chimique de recherche sont diverses, principalement ax\u00e9es sur des \u00e9tudes analytiques et scientifiques dans un environnement de laboratoire contr\u00f4l\u00e9. Son profil pharmacologique unique la rend pr\u00e9cieuse pour :<\/p>\n<ul>\n<li>\u00c9tudes pharmacologiques in vitro portant sur les interactions avec les r\u00e9cepteurs.<\/li>\n<li>Recherche neurochimique explorant les m\u00e9canismes de recapture des neurotransmetteurs.<\/li>\n<li>Utilisation comme norme de r\u00e9f\u00e9rence analytique pour le d\u00e9pistage m\u00e9dico-l\u00e9gal et toxicologique.<\/li>\n<li>\u00c9tude des voies m\u00e9taboliques et de la cin\u00e9tique enzymatique dans des mod\u00e8les cellulaires.<\/li>\n<li>Exploration des effets potentiels des compos\u00e9s stimulants sur les syst\u00e8mes biologiques.<\/li>\n<li>Synth\u00e8se chimique et exp\u00e9riences d'\u00e9lucidation structurelle.<\/li>\n<li>D\u00e9veloppement de m\u00e9thodes analytiques avanc\u00e9es pour l'identification de nouvelles substances psychoactives.<\/li>\n<\/ul>\n<p>Ces applications soulignent l'importance d'avoir acc\u00e8s \u00e0 du pentedrone pur et de haute qualit\u00e9 pour une recherche scientifique fiable et \u00e9thique.<\/p>\n<h2>S\u00e9curit\u00e9 et conformit\u00e9<\/h2>\n<p>La manipulation de Pentedrone et d'autres produits chimiques destin\u00e9s \u00e0 la recherche exige le respect strict des protocoles de s\u00e9curit\u00e9 et des directives r\u00e9glementaires. Les chercheurs doivent travailler dans un environnement de laboratoire contr\u00f4l\u00e9, en utilisant des \u00e9quipements de protection individuelle (EPI) appropri\u00e9s, tels que des gants, des lunettes de protection et des blouses de laboratoire. Une ventilation ad\u00e9quate et des hottes sont essentielles pour minimiser les risques d'exposition. Chez chemsfine, nous insistons sur l'importance des fiches de donn\u00e9es de s\u00e9curit\u00e9 (FDS) et des certificats d'analyse (CoA) pour tous nos produits. Ces documents fournissent des informations cruciales sur les propri\u00e9t\u00e9s chimiques, les proc\u00e9dures de manipulation en toute s\u00e9curit\u00e9, les recommandations de stockage et les sp\u00e9cifications de puret\u00e9 de nos produits. <b>produits chimiques de haute qualit\u00e9<\/b>.<\/p>\n<p>Nous nous engageons \u00e0 fournir des produits conformes aux normes internationales de qualit\u00e9 et de s\u00e9curit\u00e9. Il incombe aux chercheurs de comprendre et de respecter toutes les r\u00e9glementations applicables concernant l'achat, le stockage et l'utilisation des produits chimiques destin\u00e9s \u00e0 la recherche dans leur juridiction sp\u00e9cifique. Notre engagement en mati\u00e8re de conformit\u00e9 garantit que vous ne recevrez que des pastilles de Pentedrone v\u00e9rifi\u00e9es et de haute qualit\u00e9, adapt\u00e9es \u00e0 une recherche scientifique responsable.<\/p>\n<h2>Sp\u00e9cifications des produits<\/h2>\n<p>Pour les chercheurs exigeants, les sp\u00e9cifications d\u00e9taill\u00e9es des produits sont cruciales. Nos granul\u00e9s de Pentedrone sont soigneusement pr\u00e9par\u00e9s pour r\u00e9pondre aux normes les plus \u00e9lev\u00e9es. Vous trouverez ci-dessous un r\u00e9sum\u00e9 des principales caract\u00e9ristiques :<\/p>\n<table border=\"1\">\n<thead>\n<tr>\n<th>Sp\u00e9cifications<\/th>\n<th>D\u00e9tail<\/th>\n<\/tr>\n<\/thead>\n<tbody>\n<tr>\n<td>Nom du produit<\/td>\n<td>Pentedrone Pellets<\/td>\n<\/tr>\n<tr>\n<td>Formule chimique<\/td>\n<td>C<sub>12<\/sub>H<sub>17<\/sub>NON<\/td>\n<\/tr>\n<tr>\n<td>Num\u00e9ro CAS commun<\/td>\n<td>87949-83-5<\/td>\n<\/tr>\n<tr>\n<td>La puret\u00e9<\/td>\n<td>Typiquement &gt;98%<\/td>\n<\/tr>\n<tr>\n<td>Formulaire<\/td>\n<td>Granul\u00e9s<\/td>\n<\/tr>\n<tr>\n<td>Utilisation pr\u00e9vue<\/td>\n<td>Recherche chimique (In-vitro)<\/td>\n<\/tr>\n<\/tbody>\n<\/table>\n<h2>Pourquoi choisir chemsfine pour vos recherches ?<\/h2>\n<p>En choisissant chemsfine, vous optez pour un partenaire qui s'engage \u00e0 soutenir votre d\u00e9marche scientifique avec une qualit\u00e9 et un service exceptionnels. Notre engagement va au-del\u00e0 de la simple fourniture de produits chimiques ; nous visons \u00e0 favoriser un environnement o\u00f9 la recherche r\u00e9volutionnaire peut prosp\u00e9rer. Nous offrons des d\u00e9tails transparents sur les produits, en vous fournissant des informations compl\u00e8tes sur chaque compos\u00e9, y compris des dossiers de lot d\u00e9taill\u00e9s et des certificats d'analyse complets sur demande. Notre structure de prix comp\u00e9titive garantit que l'acc\u00e8s \u00e0 des produits chimiques de recherche de haute puret\u00e9 reste abordable sans compromettre la qualit\u00e9.<\/p>\n<p>Faites l'exp\u00e9rience de la facilit\u00e9 d'achat de compos\u00e9s de recherche authentiques en toute s\u00e9curit\u00e9 lorsque vous <b>commander des pastilles de Pentedrone en ligne<\/b> par l'interm\u00e9diaire de notre plateforme. Nous proposons \u00e9galement une gamme vari\u00e9e d'autres produits chimiques de recherche, tels que <a href=\"https:\/\/chemsfine.com\/fr\/product\/buy-2-mmc-2-methylmethcathinone-online\/\">2-MMC<\/a> et <a href=\"https:\/\/chemsfine.com\/fr\/product\/buy-2-fa-powder\/\">Poudre de 2-FA<\/a>, Tous nos produits sont fabriqu\u00e9s selon les m\u00eames normes rigoureuses. Notre processus de commande simplifi\u00e9 et notre emballage discret garantissent que votre mat\u00e9riel de recherche arrive en toute s\u00e9curit\u00e9 et rapidement, pr\u00eat \u00e0 \u00eatre utilis\u00e9 imm\u00e9diatement dans votre laboratoire. Faites confiance \u00e0 chemsfine pour tous vos besoins en produits chimiques avanc\u00e9s.<\/p>\n<h2>Conclusion<\/h2>\n<p>En conclusion, les pastilles de Pentedrone de chemsfine repr\u00e9sentent le summum de la qualit\u00e9 pour les produits chimiques de recherche, offrant une puret\u00e9 et une fiabilit\u00e9 in\u00e9gal\u00e9es pour un large \u00e9ventail d'applications scientifiques. Qu'il s'agisse d'\u00e9tudes pharmacologiques d\u00e9taill\u00e9es ou de r\u00e9f\u00e9rences analytiques, ces pastilles sont un outil essentiel pour faire progresser la compr\u00e9hension scientifique. Nous vous invitons \u00e0 explorer le potentiel de ces produits chimiques de haute qualit\u00e9 dans le cadre de vos recherches. Passez \u00e0 l'\u00e9tape suivante dans vos efforts scientifiques et <b>acheter Pentedrone pellets for sale<\/b> en ligne sur chemsfine aujourd'hui, garantissant que votre recherche est soutenue par les compos\u00e9s de la meilleure qualit\u00e9 disponible.<\/p>","protected":false},"excerpt":{"rendered":"<p>D\u00e9couvrir <b>Pastilles de pentrone<\/b> pour des \u00e9tudes scientifiques avanc\u00e9es. Ces produits chimiques de recherche de haute puret\u00e9 sont m\u00e9ticuleusement test\u00e9s pour garantir leur fiabilit\u00e9 et leur efficacit\u00e9. <b>Acheter des granul\u00e9s de Pentedrone<\/b> pour vos besoins en laboratoire chez chemsfine, votre source de confiance pour des compos\u00e9s de recherche de qualit\u00e9 sup\u00e9rieure.<\/p>","protected":false},"featured_media":6253,"comment_status":"open","ping_status":"closed","template":"","meta":{"_joinchat":[]},"product_brand":[],"product_cat":[951],"product_tag":[],"class_list":{"0":"post-6196","1":"product","2":"type-product","3":"status-publish","4":"has-post-thumbnail","6":"product_cat-stimulants","8":"first","9":"instock","10":"shipping-taxable","11":"purchasable","12":"product-type-variable"},"yoast_head":"<!-- This site is optimized with the Yoast SEO plugin v27.2 - https:\/\/yoast.com\/product\/yoast-seo-wordpress\/ -->\n<title>Buy Pentedrone Pellets Online | High Quality Research Chemicals<\/title>\n<meta name=\"description\" content=\"Discover high-purity Pentedrone pellets for sale at chemsfine. Unlock research potential with top-grade chemicals. Buy Pentedrone online today!\" \/>\n<meta name=\"robots\" content=\"index, follow, max-snippet:-1, max-image-preview:large, max-video-preview:-1\" \/>\n<link rel=\"canonical\" href=\"https:\/\/chemsfine.com\/fr\/product\/buy-pentedrone-pellets-online\/\" \/>\n<meta property=\"og:locale\" content=\"fr_FR\" \/>\n<meta property=\"og:type\" content=\"article\" \/>\n<meta property=\"og:title\" content=\"Buy Pentedrone Pellets Online | High Quality Research Chemicals\" \/>\n<meta property=\"og:description\" content=\"Discover high-purity Pentedrone pellets for sale at chemsfine. Unlock research potential with top-grade chemicals. Buy Pentedrone online today!\" \/>\n<meta property=\"og:url\" content=\"https:\/\/chemsfine.com\/fr\/product\/buy-pentedrone-pellets-online\/\" \/>\n<meta property=\"og:site_name\" content=\"Chemsfine\" \/>\n<meta property=\"article:modified_time\" content=\"2026-03-25T13:28:46+00:00\" \/>\n<meta property=\"og:image\" content=\"https:\/\/chemsfine.com\/wp-content\/uploads\/2026\/02\/pentedrone-pellets-for-sale-online-high-grade-chemicals-research-stimulants-2.jpg\" \/>\n\t<meta property=\"og:image:width\" content=\"225\" \/>\n\t<meta property=\"og:image:height\" content=\"225\" \/>\n\t<meta property=\"og:image:type\" content=\"image\/jpeg\" \/>\n<meta name=\"twitter:card\" content=\"summary_large_image\" \/>\n<meta name=\"twitter:label1\" content=\"Dur\u00e9e de lecture estim\u00e9e\" \/>\n\t<meta name=\"twitter:data1\" content=\"5 minutes\" \/>\n<script type=\"application\/ld+json\" class=\"yoast-schema-graph\">{\"@context\":\"https:\/\/schema.org\",\"@graph\":[{\"@type\":\"WebPage\",\"@id\":\"https:\/\/chemsfine.com\/product\/buy-pentedrone-pellets-online\/\",\"url\":\"https:\/\/chemsfine.com\/product\/buy-pentedrone-pellets-online\/\",\"name\":\"Buy Pentedrone Pellets Online | High Quality Research Chemicals\",\"isPartOf\":{\"@id\":\"https:\/\/chemsfine.com\/#website\"},\"primaryImageOfPage\":{\"@id\":\"https:\/\/chemsfine.com\/product\/buy-pentedrone-pellets-online\/#primaryimage\"},\"image\":{\"@id\":\"https:\/\/chemsfine.com\/product\/buy-pentedrone-pellets-online\/#primaryimage\"},\"thumbnailUrl\":\"https:\/\/chemsfine.com\/wp-content\/uploads\/2026\/02\/pentedrone-pellets-for-sale-online-high-grade-chemicals-research-stimulants-2.jpg\",\"datePublished\":\"2026-02-12T09:59:32+00:00\",\"dateModified\":\"2026-03-25T13:28:46+00:00\",\"description\":\"Discover high-purity Pentedrone pellets for sale at chemsfine. Unlock research potential with top-grade chemicals. Buy Pentedrone online today!\",\"breadcrumb\":{\"@id\":\"https:\/\/chemsfine.com\/product\/buy-pentedrone-pellets-online\/#breadcrumb\"},\"inLanguage\":\"fr-FR\",\"potentialAction\":[{\"@type\":\"ReadAction\",\"target\":[\"https:\/\/chemsfine.com\/product\/buy-pentedrone-pellets-online\/\"]}]},{\"@type\":\"ImageObject\",\"inLanguage\":\"fr-FR\",\"@id\":\"https:\/\/chemsfine.com\/product\/buy-pentedrone-pellets-online\/#primaryimage\",\"url\":\"https:\/\/chemsfine.com\/wp-content\/uploads\/2026\/02\/pentedrone-pellets-for-sale-online-high-grade-chemicals-research-stimulants-2.jpg\",\"contentUrl\":\"https:\/\/chemsfine.com\/wp-content\/uploads\/2026\/02\/pentedrone-pellets-for-sale-online-high-grade-chemicals-research-stimulants-2.jpg\",\"width\":225,\"height\":225},{\"@type\":\"BreadcrumbList\",\"@id\":\"https:\/\/chemsfine.com\/product\/buy-pentedrone-pellets-online\/#breadcrumb\",\"itemListElement\":[{\"@type\":\"ListItem\",\"position\":1,\"name\":\"Home\",\"item\":\"https:\/\/chemsfine.com\/\"},{\"@type\":\"ListItem\",\"position\":2,\"name\":\"Shop\",\"item\":\"https:\/\/chemsfine.com\/shop\/\"},{\"@type\":\"ListItem\",\"position\":3,\"name\":\"Pentedrone Pellets For Sale Online | High Grade Research Chemicals\"}]},{\"@type\":\"WebSite\",\"@id\":\"https:\/\/chemsfine.com\/#website\",\"url\":\"https:\/\/chemsfine.com\/\",\"name\":\"Chemsfine\",\"description\":\"My WordPress Blog\",\"publisher\":{\"@id\":\"https:\/\/chemsfine.com\/#organization\"},\"potentialAction\":[{\"@type\":\"SearchAction\",\"target\":{\"@type\":\"EntryPoint\",\"urlTemplate\":\"https:\/\/chemsfine.com\/?s={search_term_string}\"},\"query-input\":{\"@type\":\"PropertyValueSpecification\",\"valueRequired\":true,\"valueName\":\"search_term_string\"}}],\"inLanguage\":\"fr-FR\"},{\"@type\":\"Organization\",\"@id\":\"https:\/\/chemsfine.com\/#organization\",\"name\":\"Chemsfine\",\"url\":\"https:\/\/chemsfine.com\/\",\"logo\":{\"@type\":\"ImageObject\",\"inLanguage\":\"fr-FR\",\"@id\":\"https:\/\/chemsfine.com\/#\/schema\/logo\/image\/\",\"url\":\"https:\/\/chemsfine.com\/wp-content\/uploads\/2024\/09\/final-logo.png\",\"contentUrl\":\"https:\/\/chemsfine.com\/wp-content\/uploads\/2024\/09\/final-logo.png\",\"width\":340,\"height\":72,\"caption\":\"Chemsfine\"},\"image\":{\"@id\":\"https:\/\/chemsfine.com\/#\/schema\/logo\/image\/\"}}]}<\/script>\n<!-- \/ Yoast SEO plugin. -->","yoast_head_json":{"title":"Acheter Pentedrone Pellets en ligne | Produits chimiques de recherche de haute qualit\u00e9","description":"D\u00e9couvrez les pastilles de Pentedrone de haute puret\u00e9 en vente chez chemsfine. Lib\u00e9rez le potentiel de recherche avec des produits chimiques de qualit\u00e9 sup\u00e9rieure. Achetez Pentedrone en ligne d\u00e8s aujourd'hui !","robots":{"index":"index","follow":"follow","max-snippet":"max-snippet:-1","max-image-preview":"max-image-preview:large","max-video-preview":"max-video-preview:-1"},"canonical":"https:\/\/chemsfine.com\/fr\/product\/buy-pentedrone-pellets-online\/","og_locale":"fr_FR","og_type":"article","og_title":"Buy Pentedrone Pellets Online | High Quality Research Chemicals","og_description":"Discover high-purity Pentedrone pellets for sale at chemsfine. Unlock research potential with top-grade chemicals. Buy Pentedrone online today!","og_url":"https:\/\/chemsfine.com\/fr\/product\/buy-pentedrone-pellets-online\/","og_site_name":"Chemsfine","article_modified_time":"2026-03-25T13:28:46+00:00","og_image":[{"width":225,"height":225,"url":"https:\/\/chemsfine.com\/wp-content\/uploads\/2026\/02\/pentedrone-pellets-for-sale-online-high-grade-chemicals-research-stimulants-2.jpg","type":"image\/jpeg"}],"twitter_card":"summary_large_image","twitter_misc":{"Dur\u00e9e de lecture estim\u00e9e":"5 minutes"},"schema":{"@context":"https:\/\/schema.org","@graph":[{"@type":"WebPage","@id":"https:\/\/chemsfine.com\/product\/buy-pentedrone-pellets-online\/","url":"https:\/\/chemsfine.com\/product\/buy-pentedrone-pellets-online\/","name":"Acheter Pentedrone Pellets en ligne | Produits chimiques de recherche de haute qualit\u00e9","isPartOf":{"@id":"https:\/\/chemsfine.com\/#website"},"primaryImageOfPage":{"@id":"https:\/\/chemsfine.com\/product\/buy-pentedrone-pellets-online\/#primaryimage"},"image":{"@id":"https:\/\/chemsfine.com\/product\/buy-pentedrone-pellets-online\/#primaryimage"},"thumbnailUrl":"https:\/\/chemsfine.com\/wp-content\/uploads\/2026\/02\/pentedrone-pellets-for-sale-online-high-grade-chemicals-research-stimulants-2.jpg","datePublished":"2026-02-12T09:59:32+00:00","dateModified":"2026-03-25T13:28:46+00:00","description":"D\u00e9couvrez les pastilles de Pentedrone de haute puret\u00e9 en vente chez chemsfine. Lib\u00e9rez le potentiel de recherche avec des produits chimiques de qualit\u00e9 sup\u00e9rieure. Achetez Pentedrone en ligne d\u00e8s aujourd'hui !","breadcrumb":{"@id":"https:\/\/chemsfine.com\/product\/buy-pentedrone-pellets-online\/#breadcrumb"},"inLanguage":"fr-FR","potentialAction":[{"@type":"ReadAction","target":["https:\/\/chemsfine.com\/product\/buy-pentedrone-pellets-online\/"]}]},{"@type":"ImageObject","inLanguage":"fr-FR","@id":"https:\/\/chemsfine.com\/product\/buy-pentedrone-pellets-online\/#primaryimage","url":"https:\/\/chemsfine.com\/wp-content\/uploads\/2026\/02\/pentedrone-pellets-for-sale-online-high-grade-chemicals-research-stimulants-2.jpg","contentUrl":"https:\/\/chemsfine.com\/wp-content\/uploads\/2026\/02\/pentedrone-pellets-for-sale-online-high-grade-chemicals-research-stimulants-2.jpg","width":225,"height":225},{"@type":"BreadcrumbList","@id":"https:\/\/chemsfine.com\/product\/buy-pentedrone-pellets-online\/#breadcrumb","itemListElement":[{"@type":"ListItem","position":1,"name":"Home","item":"https:\/\/chemsfine.com\/"},{"@type":"ListItem","position":2,"name":"Shop","item":"https:\/\/chemsfine.com\/shop\/"},{"@type":"ListItem","position":3,"name":"Pentedrone Pellets For Sale Online | High Grade Research Chemicals"}]},{"@type":"WebSite","@id":"https:\/\/chemsfine.com\/#website","url":"https:\/\/chemsfine.com\/","name":"Chemsfine","description":"Mon blog WordPress","publisher":{"@id":"https:\/\/chemsfine.com\/#organization"},"potentialAction":[{"@type":"SearchAction","target":{"@type":"EntryPoint","urlTemplate":"https:\/\/chemsfine.com\/?s={search_term_string}"},"query-input":{"@type":"PropertyValueSpecification","valueRequired":true,"valueName":"search_term_string"}}],"inLanguage":"fr-FR"},{"@type":"Organization","@id":"https:\/\/chemsfine.com\/#organization","name":"Chemsfine","url":"https:\/\/chemsfine.com\/","logo":{"@type":"ImageObject","inLanguage":"fr-FR","@id":"https:\/\/chemsfine.com\/#\/schema\/logo\/image\/","url":"https:\/\/chemsfine.com\/wp-content\/uploads\/2024\/09\/final-logo.png","contentUrl":"https:\/\/chemsfine.com\/wp-content\/uploads\/2024\/09\/final-logo.png","width":340,"height":72,"caption":"Chemsfine"},"image":{"@id":"https:\/\/chemsfine.com\/#\/schema\/logo\/image\/"}}]}},"_links":{"self":[{"href":"https:\/\/chemsfine.com\/fr\/wp-json\/wp\/v2\/product\/6196","targetHints":{"allow":["GET"]}}],"collection":[{"href":"https:\/\/chemsfine.com\/fr\/wp-json\/wp\/v2\/product"}],"about":[{"href":"https:\/\/chemsfine.com\/fr\/wp-json\/wp\/v2\/types\/product"}],"replies":[{"embeddable":true,"href":"https:\/\/chemsfine.com\/fr\/wp-json\/wp\/v2\/comments?post=6196"}],"wp:featuredmedia":[{"embeddable":true,"href":"https:\/\/chemsfine.com\/fr\/wp-json\/wp\/v2\/media\/6253"}],"wp:attachment":[{"href":"https:\/\/chemsfine.com\/fr\/wp-json\/wp\/v2\/media?parent=6196"}],"wp:term":[{"taxonomy":"product_brand","embeddable":true,"href":"https:\/\/chemsfine.com\/fr\/wp-json\/wp\/v2\/product_brand?post=6196"},{"taxonomy":"product_cat","embeddable":true,"href":"https:\/\/chemsfine.com\/fr\/wp-json\/wp\/v2\/product_cat?post=6196"},{"taxonomy":"product_tag","embeddable":true,"href":"https:\/\/chemsfine.com\/fr\/wp-json\/wp\/v2\/product_tag?post=6196"}],"curies":[{"name":"wp","href":"https:\/\/api.w.org\/{rel}","templated":true}]}}