{"id":6312,"date":"2026-02-12T10:02:27","date_gmt":"2026-02-12T10:02:27","guid":{"rendered":"https:\/\/chemsfine.com\/?post_type=product&#038;p=6312"},"modified":"2026-03-25T13:16:46","modified_gmt":"2026-03-25T13:16:46","slug":"buy-psilocybe-baeocystis","status":"publish","type":"product","link":"https:\/\/chemsfine.com\/fr\/product\/buy-psilocybe-baeocystis\/","title":{"rendered":"Premium Psilocybe Baeocystis For Sale Online"},"content":{"rendered":"<p>Envisager de <b>Acheter Psilocybe Baeocystis en ligne<\/b> pour la recherche ou la collection ? Chemsfine propose des sp\u00e9cimens de haute qualit\u00e9 de ce remarquable champignon \u00e0 psilocybine. Les <i>Baeocystis psilocybe<\/i>, ou <i>Psilocybe baeocystis<\/i>, La psilocybine est un membre distinctif de la famille des hym\u00e9nogastrac\u00e9es. Elle contient naturellement de la psilocybine, de la psilocine et de la baeocystine, qui sont des compos\u00e9s hallucinog\u00e8nes reconnus. Cette esp\u00e8ce est commun\u00e9ment d\u00e9sign\u00e9e par divers noms descriptifs, y compris bouchons de bouteille, bouchons noueux, cloches bleues et bouchons d'olive.<\/p>\n<h2>Qu'est-ce que le Psilocybe Baeocystis ?<\/h2>\n<p>Cette esp\u00e8ce fascinante de champignon psych\u00e9d\u00e9lique est tr\u00e8s appr\u00e9ci\u00e9e des communaut\u00e9s botanique et mycologique pour ses propri\u00e9t\u00e9s uniques. Appartenant \u00e0 la famille des Hymenogastraceae, ce champignon petit mais puissant est connu pour ses caract\u00e9ristiques physiques distinctes et les compos\u00e9s psychoactifs qu'il produit naturellement. La pr\u00e9sence de psilocybine, de psilocine et de baeocystine en fait un sujet d'int\u00e9r\u00eat majeur pour la recherche et l'\u00e9tude de ses effets. Ces compos\u00e9s sont responsables des propri\u00e9t\u00e9s hallucinog\u00e8nes du champignon, qui le distinguent des autres esp\u00e8ces fongiques.<\/p>\n<p>Connu sous des noms populaires tels que <b>bouchons de bouteille<\/b>, <b>sommets noueux<\/b>, <b>cloches bleues<\/b>, et <b>capsules d'olives<\/b>, Le chapeau de ce champignon est g\u00e9n\u00e9ralement convexe ou campanul\u00e9 (en forme de cloche), avec souvent un umbo ou \u201cbouton\u201d pro\u00e9minent au centre. Sa couleur peut varier, pr\u00e9sentant souvent des nuances de brun \u00e0 olive, ce qui lui vaut le surnom de \u201cchapeau d'olive\u201d. Les meurtrissures r\u00e9v\u00e8lent g\u00e9n\u00e9ralement des tons bleus ou verd\u00e2tres caract\u00e9ristiques, en particulier sur la tige, ce qui indique la pr\u00e9sence de psilocine. La compr\u00e9hension de la morphologie et du profil chimique est cruciale pour quiconque s'int\u00e9resse \u00e0 cette esp\u00e8ce remarquable. <b>Psilocybe Baeocystis de qualit\u00e9 sup\u00e9rieure<\/b> lorsque vous achetez chez Chemsfine.<\/p>\n<h2>Pourquoi acheter Psilocybe Baeocystis en ligne chez Chemsfine ?<\/h2>\n<p>Lorsqu'il s'agit de savoir o\u00f9 <b>acheter ce champignon sp\u00e9cialis\u00e9 en ligne<\/b>, Pour Chemsfine, la confiance et la qualit\u00e9 sont primordiales. Chemsfine s'efforce de fournir \u00e0 ses clients des sp\u00e9cimens botaniques de qualit\u00e9 sup\u00e9rieure, en veillant \u00e0 ce que chaque produit r\u00e9ponde \u00e0 des normes rigoureuses. Nous comprenons l'importance d'un approvisionnement fiable et d'informations transparentes sur les produits, en particulier pour les articles sp\u00e9cialis\u00e9s comme celui-ci. Notre engagement s'\u00e9tend \u00e0 l'offre de sp\u00e9cimens qui sont manipul\u00e9s et trait\u00e9s avec soin, pr\u00e9servant ainsi leur int\u00e9grit\u00e9 naturelle et leur puissance. Choisir Chemsfine, c'est opter pour un fournisseur qui donne la priorit\u00e9 \u00e0 votre satisfaction et vous offre un service exceptionnel tout au long de votre parcours d'achat. Nous nous effor\u00e7ons d'\u00eatre reconnus pour offrir les <b>Meilleur Psilocybe Baeocystis disponible<\/b> sur le march\u00e9 aujourd'hui.<\/p>\n<p>Notre processus d'achat en ligne simplifi\u00e9 garantit la commodit\u00e9 et la discr\u00e9tion. Nous mettons l'accent sur des transactions s\u00e9curis\u00e9es et un emballage soign\u00e9 afin de prot\u00e9ger votre commande depuis nos installations jusqu'\u00e0 votre porte. Chaque lot de nos produits est s\u00e9lectionn\u00e9 pour maintenir notre r\u00e9putation d'excellence. Nous ne sommes pas seulement un fournisseur, nous sommes un partenaire de confiance qui s'engage \u00e0 fournir des produits botaniques de qualit\u00e9 sup\u00e9rieure. Faites l'exp\u00e9rience d'un achat s\u00e9curis\u00e9 en choisissant Chemsfine pour vos besoins en produits botaniques sp\u00e9cialis\u00e9s.<\/p>\n<h2>Applications de ce champignon \u00e0 psilocybine<\/h2>\n<p>Les principales applications de ce champignon sp\u00e9cifique, notamment en raison de son profil de compos\u00e9s unique, sont souvent ax\u00e9es sur la recherche scientifique et l'\u00e9tude botanique. La pr\u00e9sence de psilocybine, de psilocine et de baeocystine en fait un sujet pr\u00e9cieux pour les mycologues, les ethnobotanistes et les chercheurs qui explorent les substances psychoactives naturelles. La compr\u00e9hension des m\u00e9canismes pr\u00e9cis et des interactions potentielles de ces compos\u00e9s est un domaine cl\u00e9 de la recherche scientifique en cours.<\/p>\n<ul>\n<li><b>\u00c9tudes mycologiques :<\/b> Enqu\u00eate sur les modes de croissance, l'habitat et le cycle de vie de cette esp\u00e8ce.<\/li>\n<li><b>Analyse chimique :<\/b> Recherche sur la biosynth\u00e8se et les niveaux de concentration de la psilocybine, de la psilocine et de la baeocystine.<\/li>\n<li><b>Recherche pharmacologique :<\/b> \u00c9tudes sur les effets et les applications potentielles de ses compos\u00e9s actifs dans des environnements contr\u00f4l\u00e9s.<\/li>\n<li><b>Exploration ethnobotanique :<\/b> Comprendre l'importance historique et culturelle de ces esp\u00e8ces.<\/li>\n<li><b>Recherche sur la biodiversit\u00e9 :<\/b> Contribution \u00e0 des \u00e9tudes plus larges sur les esp\u00e8ces fongiques et leurs r\u00f4les \u00e9cologiques.<\/li>\n<\/ul>\n<p>Il est essentiel de reconna\u00eetre que l'utilisation et la possession de ce sp\u00e9cimen sont soumises \u00e0 diverses r\u00e9glementations et que toute application doit respecter strictement les lois locales et internationales. Pour les personnes engag\u00e9es dans des recherches l\u00e9gitimes, l'obtention de sp\u00e9cimens de haute qualit\u00e9 est essentielle pour obtenir des r\u00e9sultats pr\u00e9cis et reproductibles. Chemsfine soutient l'utilisation responsable et conforme en fournissant des produits authentiques et bien document\u00e9s.<\/p>\n<h2>S\u00e9curit\u00e9 et conformit\u00e9 pour les champignons \u00e0 psilocybine<\/h2>\n<p>\u00c9tant donn\u00e9 la nature sp\u00e9cifique de ce champignon et de ses compos\u00e9s actifs, la s\u00e9curit\u00e9 et la conformit\u00e9 sont des consid\u00e9rations primordiales pour toute personne ou institution impliqu\u00e9e dans son \u00e9tude ou sa manipulation. Il est essentiel d'aborder cette esp\u00e8ce en ayant une compr\u00e9hension claire de ses propri\u00e9t\u00e9s et du cadre juridique r\u00e9gissant son utilisation. Il faut toujours consulter et respecter toutes les r\u00e9glementations locales, nationales et internationales concernant l'acquisition, la possession et l'\u00e9tude des champignons contenant de la psilocybine. Chemsfine souligne l'importance d'un comportement inform\u00e9 et responsable.<\/p>\n<p>Lors de la manipulation de sp\u00e9cimens botaniques, en particulier ceux qui contiennent des compos\u00e9s actifs, il est recommand\u00e9 d'utiliser un \u00e9quipement de protection individuelle (EPI) appropri\u00e9 et un environnement contr\u00f4l\u00e9 pour garantir la s\u00e9curit\u00e9. L'acc\u00e8s aux fiches de donn\u00e9es de s\u00e9curit\u00e9 (FDS) et aux certificats d'analyse (CoA) peut fournir des informations cruciales concernant la composition chimique et les proc\u00e9dures de manipulation s\u00fbres, le cas \u00e9ch\u00e9ant. Bien que les formules chimiques sp\u00e9cifiques telles que C3H6O3 ne soient pas directement associ\u00e9es au champignon lui-m\u00eame mais plut\u00f4t \u00e0 ses compos\u00e9s constitutifs, la compr\u00e9hension de la structure mol\u00e9culaire de la psilocybine, de la psilocine et de la baeocystine est vitale pour la recherche avanc\u00e9e. Nous encourageons tous les utilisateurs \u00e0 donner la priorit\u00e9 \u00e0 la s\u00e9curit\u00e9 et \u00e0 la conformit\u00e9 l\u00e9gale dans leurs interactions avec cette plante unique, en veillant \u00e0 ce que toute recherche ou \u00e9tude soit men\u00e9e de mani\u00e8re \u00e9thique et dans les limites de la loi.<\/p>\n<h2>Pourquoi choisir Chemsfine pour vos besoins en champignons sp\u00e9cialis\u00e9s ?<\/h2>\n<p>Choisir Chemsfine, c'est s'associer \u00e0 un fournisseur engag\u00e9 dans l'excellence et la confiance de ses clients. Nous nous engageons \u00e0 offrir un service transparent et fiable \u00e0 ceux qui souhaitent <b>Commander Psilocybe Baeocystis en ligne<\/b>. Notre s\u00e9lection de produits est m\u00e9ticuleusement choisie, ce qui garantit que vous recevrez des sp\u00e9cimens authentiques et de haute qualit\u00e9. Nous sommes fiers de communiquer clairement et de fournir des dossiers de lots v\u00e9rifi\u00e9s lorsqu'ils sont disponibles, ce qui vous donne une confiance totale dans votre achat.<\/p>\n<p>Notre politique de prix comp\u00e9titifs est con\u00e7ue pour rendre les produits botaniques de qualit\u00e9 sup\u00e9rieure accessibles sans compromettre la qualit\u00e9. Nous pensons que les chercheurs et les passionn\u00e9s m\u00e9ritent d'avoir acc\u00e8s aux meilleures ressources \u00e0 un prix \u00e9quitable. Avec Chemsfine, vous b\u00e9n\u00e9ficiez de :<\/p>\n<table>\n<thead>\n<tr>\n<th>Fonctionnalit\u00e9<\/th>\n<th>B\u00e9n\u00e9fice<\/th>\n<\/tr>\n<\/thead>\n<tbody>\n<tr>\n<td><b>Produits authentiques<\/b><\/td>\n<td>Fiable et sinc\u00e8re <i>P. Baeocystis<\/i> sp\u00e9cimens.<\/td>\n<\/tr>\n<tr>\n<td><b>Assurance qualit\u00e9<\/b><\/td>\n<td>Normes strictes de traitement et de manipulation pour pr\u00e9server l'int\u00e9grit\u00e9.<\/td>\n<\/tr>\n<tr>\n<td><b>Prix comp\u00e9titifs<\/b><\/td>\n<td>Acc\u00e8s \u00e0 des produits de qualit\u00e9 sup\u00e9rieure \u00e0 leur juste valeur marchande.<\/td>\n<\/tr>\n<tr>\n<td><b>Exp\u00e9dition discr\u00e8te<\/b><\/td>\n<td>Livraison s\u00e9curis\u00e9e et priv\u00e9e pour votre tranquillit\u00e9 d'esprit.<\/td>\n<\/tr>\n<tr>\n<td><b>Support d\u00e9di\u00e9<\/b><\/td>\n<td>Un service client\u00e8le r\u00e9actif pour toute question.<\/td>\n<\/tr>\n<\/tbody>\n<\/table>\n<p>Nous vous invitons \u00e0 d\u00e9couvrir la diff\u00e9rence Chemsfine, o\u00f9 la qualit\u00e9 rencontre la fiabilit\u00e9. Faites votre choix aujourd'hui et d\u00e9couvrez pourquoi d'innombrables clients nous font confiance pour leurs besoins botaniques sp\u00e9cialis\u00e9s.<\/p>\n<h2>Conclusion<\/h2>\n<p>Pour ceux qui cherchent \u00e0 se procurer des sp\u00e9cimens de haute qualit\u00e9 de ce champignon \u00e0 psilocybine unique, Chemsfine est votre premi\u00e8re source d'approvisionnement. Avec son profil distinct, comprenant la psilocybine, la psilocine et la baeocystine, l'esp\u00e8ce continue d'\u00eatre un sujet d'int\u00e9r\u00eat immense dans divers domaines. Nous nous engageons \u00e0 soutenir vos efforts de recherche et d'\u00e9tude en fournissant des produits qui r\u00e9pondent aux normes les plus \u00e9lev\u00e9es de qualit\u00e9 et d'int\u00e9grit\u00e9. Explorez notre s\u00e9lection et faites un achat s\u00e9curis\u00e9 en toute confiance, en sachant que vous recevez un produit de premier ordre soutenu par notre engagement \u00e0 l'excellence. Votre voyage dans le monde fascinant de la mycologie commence avec un partenaire de confiance - choisissez Chemsfine pour vos besoins botaniques d\u00e8s aujourd'hui.<\/p>","protected":false},"excerpt":{"rendered":"<p>D\u00e9couvrez la prime <b>Psilocybe Baeocystis<\/b>, Le champignon de la psilocybine est un champignon fascinant qui contient de la psilocybine, de la psilocine et de la baeocystine. Connue sous le nom de \"bottle caps\" ou \"blue bells\", cette esp\u00e8ce unique est id\u00e9ale pour la recherche et la collecte. Achetez des sp\u00e9cimens de qualit\u00e9 sup\u00e9rieure chez Chemsfine, votre source de confiance pour les produits botaniques sp\u00e9cialis\u00e9s, garantissant l'authenticit\u00e9 et la composition pr\u00e9cise pour vos \u00e9tudes.<\/p>","protected":false},"featured_media":6353,"comment_status":"open","ping_status":"closed","template":"","meta":{"_joinchat":[]},"product_brand":[],"product_cat":[948],"product_tag":[],"class_list":{"0":"post-6312","1":"product","2":"type-product","3":"status-publish","4":"has-post-thumbnail","6":"product_cat-psilocybin-or-magic-mushrooms","8":"first","9":"instock","10":"shipping-taxable","11":"purchasable","12":"product-type-variable"},"yoast_head":"<!-- This site is optimized with the Yoast SEO plugin v27.2 - https:\/\/yoast.com\/product\/yoast-seo-wordpress\/ -->\n<title>Buy Psilocybe Baeocystis Online | Premium Quality Available<\/title>\n<meta name=\"description\" content=\"Discover premium Psilocybe Baeocystis for sale online at Chemsfine. Buy high-quality mushrooms, known for psilocybin, psilocin, and baeocystin. Secure your purchase today!\" \/>\n<meta name=\"robots\" content=\"index, follow, max-snippet:-1, max-image-preview:large, max-video-preview:-1\" \/>\n<link rel=\"canonical\" href=\"https:\/\/chemsfine.com\/fr\/product\/buy-psilocybe-baeocystis\/\" \/>\n<meta property=\"og:locale\" content=\"fr_FR\" \/>\n<meta property=\"og:type\" content=\"article\" \/>\n<meta property=\"og:title\" content=\"Buy Psilocybe Baeocystis Online | Premium Quality Available\" \/>\n<meta property=\"og:description\" content=\"Discover premium Psilocybe Baeocystis for sale online at Chemsfine. Buy high-quality mushrooms, known for psilocybin, psilocin, and baeocystin. Secure your purchase today!\" \/>\n<meta property=\"og:url\" content=\"https:\/\/chemsfine.com\/fr\/product\/buy-psilocybe-baeocystis\/\" \/>\n<meta property=\"og:site_name\" content=\"Chemsfine\" \/>\n<meta property=\"article:modified_time\" content=\"2026-03-25T13:16:46+00:00\" \/>\n<meta property=\"og:image\" content=\"https:\/\/chemsfine.com\/wp-content\/uploads\/2026\/02\/psilocybe-baeocystis-for-sale.jpg\" \/>\n\t<meta property=\"og:image:width\" content=\"800\" \/>\n\t<meta property=\"og:image:height\" content=\"800\" \/>\n\t<meta property=\"og:image:type\" content=\"image\/jpeg\" \/>\n<meta name=\"twitter:card\" content=\"summary_large_image\" \/>\n<meta name=\"twitter:label1\" content=\"Dur\u00e9e de lecture estim\u00e9e\" \/>\n\t<meta name=\"twitter:data1\" content=\"6 minutes\" \/>\n<script type=\"application\/ld+json\" class=\"yoast-schema-graph\">{\"@context\":\"https:\/\/schema.org\",\"@graph\":[{\"@type\":\"WebPage\",\"@id\":\"https:\/\/chemsfine.com\/product\/buy-psilocybe-baeocystis\/\",\"url\":\"https:\/\/chemsfine.com\/product\/buy-psilocybe-baeocystis\/\",\"name\":\"Buy Psilocybe Baeocystis Online | Premium Quality Available\",\"isPartOf\":{\"@id\":\"https:\/\/chemsfine.com\/#website\"},\"primaryImageOfPage\":{\"@id\":\"https:\/\/chemsfine.com\/product\/buy-psilocybe-baeocystis\/#primaryimage\"},\"image\":{\"@id\":\"https:\/\/chemsfine.com\/product\/buy-psilocybe-baeocystis\/#primaryimage\"},\"thumbnailUrl\":\"https:\/\/chemsfine.com\/wp-content\/uploads\/2026\/02\/psilocybe-baeocystis-for-sale.jpg\",\"datePublished\":\"2026-02-12T10:02:27+00:00\",\"dateModified\":\"2026-03-25T13:16:46+00:00\",\"description\":\"Discover premium Psilocybe Baeocystis for sale online at Chemsfine. Buy high-quality mushrooms, known for psilocybin, psilocin, and baeocystin. Secure your purchase today!\",\"breadcrumb\":{\"@id\":\"https:\/\/chemsfine.com\/product\/buy-psilocybe-baeocystis\/#breadcrumb\"},\"inLanguage\":\"fr-FR\",\"potentialAction\":[{\"@type\":\"ReadAction\",\"target\":[\"https:\/\/chemsfine.com\/product\/buy-psilocybe-baeocystis\/\"]}]},{\"@type\":\"ImageObject\",\"inLanguage\":\"fr-FR\",\"@id\":\"https:\/\/chemsfine.com\/product\/buy-psilocybe-baeocystis\/#primaryimage\",\"url\":\"https:\/\/chemsfine.com\/wp-content\/uploads\/2026\/02\/psilocybe-baeocystis-for-sale.jpg\",\"contentUrl\":\"https:\/\/chemsfine.com\/wp-content\/uploads\/2026\/02\/psilocybe-baeocystis-for-sale.jpg\",\"width\":800,\"height\":800},{\"@type\":\"BreadcrumbList\",\"@id\":\"https:\/\/chemsfine.com\/product\/buy-psilocybe-baeocystis\/#breadcrumb\",\"itemListElement\":[{\"@type\":\"ListItem\",\"position\":1,\"name\":\"Home\",\"item\":\"https:\/\/chemsfine.com\/\"},{\"@type\":\"ListItem\",\"position\":2,\"name\":\"Shop\",\"item\":\"https:\/\/chemsfine.com\/shop\/\"},{\"@type\":\"ListItem\",\"position\":3,\"name\":\"Premium Psilocybe Baeocystis For Sale Online\"}]},{\"@type\":\"WebSite\",\"@id\":\"https:\/\/chemsfine.com\/#website\",\"url\":\"https:\/\/chemsfine.com\/\",\"name\":\"Chemsfine\",\"description\":\"My WordPress Blog\",\"publisher\":{\"@id\":\"https:\/\/chemsfine.com\/#organization\"},\"potentialAction\":[{\"@type\":\"SearchAction\",\"target\":{\"@type\":\"EntryPoint\",\"urlTemplate\":\"https:\/\/chemsfine.com\/?s={search_term_string}\"},\"query-input\":{\"@type\":\"PropertyValueSpecification\",\"valueRequired\":true,\"valueName\":\"search_term_string\"}}],\"inLanguage\":\"fr-FR\"},{\"@type\":\"Organization\",\"@id\":\"https:\/\/chemsfine.com\/#organization\",\"name\":\"Chemsfine\",\"url\":\"https:\/\/chemsfine.com\/\",\"logo\":{\"@type\":\"ImageObject\",\"inLanguage\":\"fr-FR\",\"@id\":\"https:\/\/chemsfine.com\/#\/schema\/logo\/image\/\",\"url\":\"https:\/\/chemsfine.com\/wp-content\/uploads\/2024\/09\/final-logo.png\",\"contentUrl\":\"https:\/\/chemsfine.com\/wp-content\/uploads\/2024\/09\/final-logo.png\",\"width\":340,\"height\":72,\"caption\":\"Chemsfine\"},\"image\":{\"@id\":\"https:\/\/chemsfine.com\/#\/schema\/logo\/image\/\"}}]}<\/script>\n<!-- \/ Yoast SEO plugin. -->","yoast_head_json":{"title":"Acheter Psilocybe Baeocystis en ligne | Qualit\u00e9 sup\u00e9rieure disponible","description":"D\u00e9couvrez les Psilocybe Baeocystis de premi\u00e8re qualit\u00e9 en vente en ligne sur Chemsfine. Achetez des champignons de haute qualit\u00e9, connus pour la psilocybine, la psilocine et la baeocystine. Achetez d\u00e8s aujourd'hui !","robots":{"index":"index","follow":"follow","max-snippet":"max-snippet:-1","max-image-preview":"max-image-preview:large","max-video-preview":"max-video-preview:-1"},"canonical":"https:\/\/chemsfine.com\/fr\/product\/buy-psilocybe-baeocystis\/","og_locale":"fr_FR","og_type":"article","og_title":"Buy Psilocybe Baeocystis Online | Premium Quality Available","og_description":"Discover premium Psilocybe Baeocystis for sale online at Chemsfine. Buy high-quality mushrooms, known for psilocybin, psilocin, and baeocystin. Secure your purchase today!","og_url":"https:\/\/chemsfine.com\/fr\/product\/buy-psilocybe-baeocystis\/","og_site_name":"Chemsfine","article_modified_time":"2026-03-25T13:16:46+00:00","og_image":[{"width":800,"height":800,"url":"https:\/\/chemsfine.com\/wp-content\/uploads\/2026\/02\/psilocybe-baeocystis-for-sale.jpg","type":"image\/jpeg"}],"twitter_card":"summary_large_image","twitter_misc":{"Dur\u00e9e de lecture estim\u00e9e":"6 minutes"},"schema":{"@context":"https:\/\/schema.org","@graph":[{"@type":"WebPage","@id":"https:\/\/chemsfine.com\/product\/buy-psilocybe-baeocystis\/","url":"https:\/\/chemsfine.com\/product\/buy-psilocybe-baeocystis\/","name":"Acheter Psilocybe Baeocystis en ligne | Qualit\u00e9 sup\u00e9rieure disponible","isPartOf":{"@id":"https:\/\/chemsfine.com\/#website"},"primaryImageOfPage":{"@id":"https:\/\/chemsfine.com\/product\/buy-psilocybe-baeocystis\/#primaryimage"},"image":{"@id":"https:\/\/chemsfine.com\/product\/buy-psilocybe-baeocystis\/#primaryimage"},"thumbnailUrl":"https:\/\/chemsfine.com\/wp-content\/uploads\/2026\/02\/psilocybe-baeocystis-for-sale.jpg","datePublished":"2026-02-12T10:02:27+00:00","dateModified":"2026-03-25T13:16:46+00:00","description":"D\u00e9couvrez les Psilocybe Baeocystis de premi\u00e8re qualit\u00e9 en vente en ligne sur Chemsfine. Achetez des champignons de haute qualit\u00e9, connus pour la psilocybine, la psilocine et la baeocystine. Achetez d\u00e8s aujourd'hui !","breadcrumb":{"@id":"https:\/\/chemsfine.com\/product\/buy-psilocybe-baeocystis\/#breadcrumb"},"inLanguage":"fr-FR","potentialAction":[{"@type":"ReadAction","target":["https:\/\/chemsfine.com\/product\/buy-psilocybe-baeocystis\/"]}]},{"@type":"ImageObject","inLanguage":"fr-FR","@id":"https:\/\/chemsfine.com\/product\/buy-psilocybe-baeocystis\/#primaryimage","url":"https:\/\/chemsfine.com\/wp-content\/uploads\/2026\/02\/psilocybe-baeocystis-for-sale.jpg","contentUrl":"https:\/\/chemsfine.com\/wp-content\/uploads\/2026\/02\/psilocybe-baeocystis-for-sale.jpg","width":800,"height":800},{"@type":"BreadcrumbList","@id":"https:\/\/chemsfine.com\/product\/buy-psilocybe-baeocystis\/#breadcrumb","itemListElement":[{"@type":"ListItem","position":1,"name":"Home","item":"https:\/\/chemsfine.com\/"},{"@type":"ListItem","position":2,"name":"Shop","item":"https:\/\/chemsfine.com\/shop\/"},{"@type":"ListItem","position":3,"name":"Premium Psilocybe Baeocystis For Sale Online"}]},{"@type":"WebSite","@id":"https:\/\/chemsfine.com\/#website","url":"https:\/\/chemsfine.com\/","name":"Chemsfine","description":"Mon blog WordPress","publisher":{"@id":"https:\/\/chemsfine.com\/#organization"},"potentialAction":[{"@type":"SearchAction","target":{"@type":"EntryPoint","urlTemplate":"https:\/\/chemsfine.com\/?s={search_term_string}"},"query-input":{"@type":"PropertyValueSpecification","valueRequired":true,"valueName":"search_term_string"}}],"inLanguage":"fr-FR"},{"@type":"Organization","@id":"https:\/\/chemsfine.com\/#organization","name":"Chemsfine","url":"https:\/\/chemsfine.com\/","logo":{"@type":"ImageObject","inLanguage":"fr-FR","@id":"https:\/\/chemsfine.com\/#\/schema\/logo\/image\/","url":"https:\/\/chemsfine.com\/wp-content\/uploads\/2024\/09\/final-logo.png","contentUrl":"https:\/\/chemsfine.com\/wp-content\/uploads\/2024\/09\/final-logo.png","width":340,"height":72,"caption":"Chemsfine"},"image":{"@id":"https:\/\/chemsfine.com\/#\/schema\/logo\/image\/"}}]}},"_links":{"self":[{"href":"https:\/\/chemsfine.com\/fr\/wp-json\/wp\/v2\/product\/6312","targetHints":{"allow":["GET"]}}],"collection":[{"href":"https:\/\/chemsfine.com\/fr\/wp-json\/wp\/v2\/product"}],"about":[{"href":"https:\/\/chemsfine.com\/fr\/wp-json\/wp\/v2\/types\/product"}],"replies":[{"embeddable":true,"href":"https:\/\/chemsfine.com\/fr\/wp-json\/wp\/v2\/comments?post=6312"}],"wp:featuredmedia":[{"embeddable":true,"href":"https:\/\/chemsfine.com\/fr\/wp-json\/wp\/v2\/media\/6353"}],"wp:attachment":[{"href":"https:\/\/chemsfine.com\/fr\/wp-json\/wp\/v2\/media?parent=6312"}],"wp:term":[{"taxonomy":"product_brand","embeddable":true,"href":"https:\/\/chemsfine.com\/fr\/wp-json\/wp\/v2\/product_brand?post=6312"},{"taxonomy":"product_cat","embeddable":true,"href":"https:\/\/chemsfine.com\/fr\/wp-json\/wp\/v2\/product_cat?post=6312"},{"taxonomy":"product_tag","embeddable":true,"href":"https:\/\/chemsfine.com\/fr\/wp-json\/wp\/v2\/product_tag?post=6312"}],"curies":[{"name":"wp","href":"https:\/\/api.w.org\/{rel}","templated":true}]}}