{"id":6343,"date":"2026-02-12T10:03:14","date_gmt":"2026-02-12T10:03:14","guid":{"rendered":"https:\/\/chemsfine.com\/?post_type=product&#038;p=6343"},"modified":"2026-03-25T13:13:10","modified_gmt":"2026-03-25T13:13:10","slug":"buy-adderall-adhd-pills","status":"publish","type":"product","link":"https:\/\/chemsfine.com\/fr\/product\/buy-adderall-adhd-pills\/","title":{"rendered":"Buy Adderall 30mg Pills Online for ADHD Treatment (Acheter Adderall 30mg en ligne pour le traitement du TDAH)"},"content":{"rendered":"<p>Chercher \u00e0 <b>acheter Adderall 30mg en ligne<\/b>? Vous \u00eates arriv\u00e9 \u00e0 la premi\u00e8re destination pour obtenir ce m\u00e9dicament essentiel. Chez Chemsfine, nous sommes fiers de proposer Adderall \u00e0 la vente, offrant ainsi une source accessible et fiable pour ceux qui en ont besoin. En tant que l'un des meilleurs d\u00e9taillants en ligne, nous nous engageons \u00e0 fournir des pilules d'Adderall de qualit\u00e9 sup\u00e9rieure au meilleur prix, garantissant ainsi une exp\u00e9rience d'achat sans faille. Comprenant le r\u00f4le critique que joue ce m\u00e9dicament, nous nous assurons que notre approvisionnement r\u00e9pond \u00e0 des normes rigoureuses de puret\u00e9 et d'efficacit\u00e9. Lorsque vous choisissez d'acheter des pilules Adderall 30mg chez nous, vous choisissez la fiabilit\u00e9 et la confiance dans votre acquisition.<\/p>\n<h2>Comprendre Adderall 30mg : Amph\u00e9tamine et Dextroamph\u00e9tamine<\/h2>\n<p><b>Adderall 30mg<\/b> est un m\u00e9dicament tr\u00e8s efficace, principalement connu pour son r\u00f4le dans le traitement du TDAH (trouble d\u00e9ficitaire de l'attention avec hyperactivit\u00e9). Il s'agit d'une combinaison d'amph\u00e9tamine et de dextroamph\u00e9tamine, deux stimulants du syst\u00e8me nerveux central qui am\u00e9liorent la concentration, l'attention et le contr\u00f4le de l'hyperactivit\u00e9 et de l'impulsivit\u00e9. Pour les personnes qui luttent contre les sympt\u00f4mes du TDAH, ce m\u00e9dicament peut am\u00e9liorer de mani\u00e8re significative leur qualit\u00e9 de vie, en leur permettant de mieux se concentrer et d'accomplir leurs t\u00e2ches. Nous ne fournissons que des pilules d'Adderall authentiques, ce qui garantit que vous recevez un produit qui correspond aux attentes th\u00e9rapeutiques. Nous nous engageons \u00e0 vous fournir des informations compl\u00e8tes afin que vous puissiez prendre une d\u00e9cision \u00e9clair\u00e9e lorsque vous cherchez \u00e0 acheter Adderall en ligne.<\/p>\n<h2>Pourquoi acheter Adderall 30mg en ligne chez Chemsfine ?<\/h2>\n<p>Lorsqu'il s'agit de savoir o\u00f9 acheter des comprim\u00e9s d'Adderall 30mg, la r\u00e9putation de votre fournisseur est primordiale. Chemsfine se distingue comme une plateforme en ligne fiable, offrant <b>meilleur Adderall 30mg disponible<\/b>. Nous donnons la priorit\u00e9 \u00e0 un processus d'achat s\u00e9curis\u00e9 et \u00e0 une livraison s\u00fbre, afin d'apaiser les inqui\u00e9tudes souvent associ\u00e9es \u00e0 l'achat de produits pharmaceutiques en ligne. Notre syst\u00e8me rationalis\u00e9 facilite la commande de pilules d'Adderall, en fournissant un service confidentiel et efficace. Nous nous engageons \u00e0 \u00eatre un partenaire de confiance, garantissant que lorsque vous achetez ce produit chez nous, vous vous engagez avec des fournisseurs professionnels qui s'engagent \u00e0 vous satisfaire et \u00e0 assurer votre s\u00e9curit\u00e9. Nos clients nous classent r\u00e9guli\u00e8rement parmi les meilleurs d\u00e9taillants en ligne de produits pharmaceutiques de haute qualit\u00e9.<\/p>\n<h2>Applications d'Adderall 30mg<\/h2>\n<p>L'Adderall 30mg est principalement utilis\u00e9 dans la gestion des sympt\u00f4mes du TDAH. Cependant, ses avantages th\u00e9rapeutiques s'\u00e9tendent \u00e0 divers aspects du fonctionnement quotidien des personnes concern\u00e9es. Ce puissant m\u00e9dicament aide les individus \u00e0 atteindre :<\/p>\n<ul>\n<li>Am\u00e9lioration de la capacit\u00e9 d'attention et de la concentration pour les t\u00e2ches acad\u00e9miques et professionnelles.<\/li>\n<li>R\u00e9duction de l'impulsivit\u00e9 et de l'hyperactivit\u00e9, favorisant un comportement plus calme.<\/li>\n<li>Capacit\u00e9 accrue \u00e0 suivre des instructions et \u00e0 mener \u00e0 bien des missions.<\/li>\n<li>Meilleures capacit\u00e9s d'organisation et de planification.<\/li>\n<li>Meilleure ma\u00eetrise de soi et meilleures interactions sociales.<\/li>\n<\/ul>\n<p>En ciblant efficacement les sympt\u00f4mes du TDAH, ce m\u00e9dicament permet aux utilisateurs de mener une vie plus productive et plus \u00e9panouie. Il constitue la pierre angulaire de nombreux plans de traitement et offre un soutien important.<\/p>\n<h2>Responsable de l'acquisition et de la conformit\u00e9<\/h2>\n<p>L'acquisition de m\u00e9dicaments contr\u00f4l\u00e9s tels que l'Adderall n\u00e9cessite de comprendre les consid\u00e9rations l\u00e9gales et \u00e9thiques. Chemsfine soutient l'achat responsable en offrant des conseils clairs sur la fa\u00e7on de commander des pilules d'Adderall. Tout en facilitant la vente de pilules d'Adderall, nous mettons l'accent sur le respect des r\u00e9glementations locales concernant ces m\u00e9dicaments. Notre plateforme est con\u00e7ue pour assurer une livraison s\u00fbre, garantissant discr\u00e9tion et s\u00e9curit\u00e9. Nous pensons que l'acc\u00e8s aux m\u00e9dicaments n\u00e9cessaires doit \u00eatre simple, mais toujours dans un cadre de responsabilit\u00e9. Si vous vous demandez si les pilules Adderall 30mg sont l\u00e9gales dans votre r\u00e9gion, il est crucial d'\u00eatre inform\u00e9, et notre processus est construit autour de transactions s\u00e9curis\u00e9es pour la tranquillit\u00e9 d'esprit. Nous encourageons les utilisateurs \u00e0 v\u00e9rifier leur \u00e9ligibilit\u00e9 afin d'assurer un achat en douceur.<\/p>\n<h2>Pourquoi choisir Chemsfine pour vos besoins en Adderall ?<\/h2>\n<p>Chez Chemsfine, nous nous engageons \u00e0 fournir un service in\u00e9gal\u00e9 \u00e0 ceux qui cherchent \u00e0 <b>Adderall 30mg en ligne<\/b>. Nous offrons un Adderall 30mg de haute puret\u00e9, garantissant que chaque produit que vous recevez est de la plus haute qualit\u00e9. Nous nous distinguons des autres fournisseurs par notre transparence et notre souci de la satisfaction du client. Nous comprenons l'importance d'un acc\u00e8s rapide et fiable aux m\u00e9dicaments, c'est pourquoi nous optimisons continuellement nos processus pour plus d'efficacit\u00e9 et de s\u00e9curit\u00e9. Vous pouvez toujours obtenir des pilules d'Adderall de mani\u00e8re pratique et discr\u00e8te par le biais de notre plateforme. En outre, nous fournissons d'autres produits pharmaceutiques de haute qualit\u00e9 tels que <a href=\"https:\/\/chemsfine.com\/fr\/product\/acheter-6-fluoro-beta-methylamino-cathinone-poudre\/\">6-Fluoro-b\u00eata-m\u00e9thylamino-cathinone poudre<\/a> et <a href=\"https:\/\/chemsfine.com\/fr\/product\/buy-5-meo-dipt-online\/\">5-MeO-DiPT<\/a>, qui refl\u00e8tent notre large \u00e9ventail d'offres r\u00e9pondant \u00e0 des besoins vari\u00e9s.<\/p>\n<h2>Sp\u00e9cifications du produit : Adderall 30mg Pilules<\/h2>\n<table border=\"1\">\n<thead>\n<tr>\n<th>Fonctionnalit\u00e9<\/th>\n<th>D\u00e9tail<\/th>\n<\/tr>\n<\/thead>\n<tbody>\n<tr>\n<td>Nom du produit<\/td>\n<td>Adderall 30mg Pilules<\/td>\n<\/tr>\n<tr>\n<td>Ingr\u00e9dients actifs<\/td>\n<td>Amph\u00e9tamine, Dextroamph\u00e9tamine<\/td>\n<\/tr>\n<tr>\n<td>Utilisation principale<\/td>\n<td>Traitement du TDAH (trouble d\u00e9ficitaire de l'attention avec hyperactivit\u00e9)<\/td>\n<\/tr>\n<tr>\n<td>Formulation<\/td>\n<td>Pilules orales (30 mg)<\/td>\n<\/tr>\n<tr>\n<td>Assurance qualit\u00e9<\/td>\n<td>Qualit\u00e9 sup\u00e9rieure, produit authentique<\/td>\n<\/tr>\n<tr>\n<td>Disponibilit\u00e9<\/td>\n<td>Achat en ligne via Chemsfine<\/td>\n<\/tr>\n<\/tbody>\n<\/table>\n<h2>Conclusion : Votre source de confiance pour Adderall 30mg<\/h2>\n<p>Pour ceux qui cherchent \u00e0 <b>acheter Adderall 30mg en vente<\/b>, Chemsfine reste le choix d\u00e9finitif pour un achat en ligne s\u00fbr et fiable. Nous offrons ce m\u00e9dicament crucial \u00e0 un prix comp\u00e9titif, soutenu par notre d\u00e9vouement au service \u00e0 la client\u00e8le et \u00e0 l'int\u00e9grit\u00e9 du produit. Prenez la d\u00e9cision d'acheter maintenant en ligne et faites l'exp\u00e9rience de la commodit\u00e9 et de la fiabilit\u00e9 qui nous distinguent. Notre plateforme est con\u00e7ue pour r\u00e9pondre \u00e0 vos besoins, rendant plus simple que jamais l'obtention des pilules Adderall de haute qualit\u00e9 n\u00e9cessaires \u00e0 une gestion efficace du TDAH. Prenez contact avec nous d\u00e8s aujourd'hui pour effectuer votre achat en toute s\u00e9curit\u00e9 et garantir la livraison de votre produit.<\/p>","protected":false},"excerpt":{"rendered":"<p>En toute s\u00e9curit\u00e9 <b>acheter Adderall 30mg<\/b> \u00e0 Chemsfine. Ce m\u00e9dicament, connu sous le nom d'amph\u00e9tamine et de dextroamph\u00e9tamine, est un produit pharmaceutique de qualit\u00e9 sup\u00e9rieure utilis\u00e9 pour g\u00e9rer efficacement les sympt\u00f4mes du TDAH, en am\u00e9liorant la concentration et l'attention.<\/p>","protected":false},"featured_media":6383,"comment_status":"open","ping_status":"closed","template":"","meta":{"_joinchat":[]},"product_brand":[],"product_cat":[946],"product_tag":[],"class_list":{"0":"post-6343","1":"product","2":"type-product","3":"status-publish","4":"has-post-thumbnail","6":"product_cat-pain-sleeping-sex-pills","8":"first","9":"instock","10":"shipping-taxable","11":"purchasable","12":"product-type-variable"},"yoast_head":"<!-- This site is optimized with the Yoast SEO plugin v27.2 - https:\/\/yoast.com\/product\/yoast-seo-wordpress\/ -->\n<title>Buy Adderall 30mg Pills Online | Best Price &amp; Secure Purchase<\/title>\n<meta name=\"description\" content=\"Seeking Adderall 30mg pills? Purchase high-quality Adderall online at Chemsfine. Get the best price for effective ADHD treatment with secure delivery.\" \/>\n<meta name=\"robots\" content=\"index, follow, max-snippet:-1, max-image-preview:large, max-video-preview:-1\" \/>\n<link rel=\"canonical\" href=\"https:\/\/chemsfine.com\/fr\/product\/buy-adderall-adhd-pills\/\" \/>\n<meta property=\"og:locale\" content=\"fr_FR\" \/>\n<meta property=\"og:type\" content=\"article\" \/>\n<meta property=\"og:title\" content=\"Buy Adderall 30mg Pills Online | Best Price &amp; Secure Purchase\" \/>\n<meta property=\"og:description\" content=\"Seeking Adderall 30mg pills? Purchase high-quality Adderall online at Chemsfine. Get the best price for effective ADHD treatment with secure delivery.\" \/>\n<meta property=\"og:url\" content=\"https:\/\/chemsfine.com\/fr\/product\/buy-adderall-adhd-pills\/\" \/>\n<meta property=\"og:site_name\" content=\"Chemsfine\" \/>\n<meta property=\"article:modified_time\" content=\"2026-03-25T13:13:10+00:00\" \/>\n<meta property=\"og:image\" content=\"https:\/\/chemsfine.com\/wp-content\/uploads\/2026\/02\/buy-adderall-30mg-pills-online-3.jpg\" \/>\n\t<meta property=\"og:image:width\" content=\"600\" \/>\n\t<meta property=\"og:image:height\" content=\"600\" \/>\n\t<meta property=\"og:image:type\" content=\"image\/jpeg\" \/>\n<meta name=\"twitter:card\" content=\"summary_large_image\" \/>\n<meta name=\"twitter:label1\" content=\"Dur\u00e9e de lecture estim\u00e9e\" \/>\n\t<meta name=\"twitter:data1\" content=\"4 minutes\" \/>\n<script type=\"application\/ld+json\" class=\"yoast-schema-graph\">{\"@context\":\"https:\/\/schema.org\",\"@graph\":[{\"@type\":\"WebPage\",\"@id\":\"https:\/\/chemsfine.com\/product\/buy-adderall-adhd-pills\/\",\"url\":\"https:\/\/chemsfine.com\/product\/buy-adderall-adhd-pills\/\",\"name\":\"Buy Adderall 30mg Pills Online | Best Price &amp; Secure Purchase\",\"isPartOf\":{\"@id\":\"https:\/\/chemsfine.com\/#website\"},\"primaryImageOfPage\":{\"@id\":\"https:\/\/chemsfine.com\/product\/buy-adderall-adhd-pills\/#primaryimage\"},\"image\":{\"@id\":\"https:\/\/chemsfine.com\/product\/buy-adderall-adhd-pills\/#primaryimage\"},\"thumbnailUrl\":\"https:\/\/chemsfine.com\/wp-content\/uploads\/2026\/02\/buy-adderall-30mg-pills-online-3.jpg\",\"datePublished\":\"2026-02-12T10:03:14+00:00\",\"dateModified\":\"2026-03-25T13:13:10+00:00\",\"description\":\"Seeking Adderall 30mg pills? Purchase high-quality Adderall online at Chemsfine. Get the best price for effective ADHD treatment with secure delivery.\",\"breadcrumb\":{\"@id\":\"https:\/\/chemsfine.com\/product\/buy-adderall-adhd-pills\/#breadcrumb\"},\"inLanguage\":\"fr-FR\",\"potentialAction\":[{\"@type\":\"ReadAction\",\"target\":[\"https:\/\/chemsfine.com\/product\/buy-adderall-adhd-pills\/\"]}]},{\"@type\":\"ImageObject\",\"inLanguage\":\"fr-FR\",\"@id\":\"https:\/\/chemsfine.com\/product\/buy-adderall-adhd-pills\/#primaryimage\",\"url\":\"https:\/\/chemsfine.com\/wp-content\/uploads\/2026\/02\/buy-adderall-30mg-pills-online-3.jpg\",\"contentUrl\":\"https:\/\/chemsfine.com\/wp-content\/uploads\/2026\/02\/buy-adderall-30mg-pills-online-3.jpg\",\"width\":600,\"height\":600},{\"@type\":\"BreadcrumbList\",\"@id\":\"https:\/\/chemsfine.com\/product\/buy-adderall-adhd-pills\/#breadcrumb\",\"itemListElement\":[{\"@type\":\"ListItem\",\"position\":1,\"name\":\"Home\",\"item\":\"https:\/\/chemsfine.com\/\"},{\"@type\":\"ListItem\",\"position\":2,\"name\":\"Shop\",\"item\":\"https:\/\/chemsfine.com\/shop\/\"},{\"@type\":\"ListItem\",\"position\":3,\"name\":\"Buy Adderall 30mg Pills Online for ADHD Treatment\"}]},{\"@type\":\"WebSite\",\"@id\":\"https:\/\/chemsfine.com\/#website\",\"url\":\"https:\/\/chemsfine.com\/\",\"name\":\"Chemsfine\",\"description\":\"My WordPress Blog\",\"publisher\":{\"@id\":\"https:\/\/chemsfine.com\/#organization\"},\"potentialAction\":[{\"@type\":\"SearchAction\",\"target\":{\"@type\":\"EntryPoint\",\"urlTemplate\":\"https:\/\/chemsfine.com\/?s={search_term_string}\"},\"query-input\":{\"@type\":\"PropertyValueSpecification\",\"valueRequired\":true,\"valueName\":\"search_term_string\"}}],\"inLanguage\":\"fr-FR\"},{\"@type\":\"Organization\",\"@id\":\"https:\/\/chemsfine.com\/#organization\",\"name\":\"Chemsfine\",\"url\":\"https:\/\/chemsfine.com\/\",\"logo\":{\"@type\":\"ImageObject\",\"inLanguage\":\"fr-FR\",\"@id\":\"https:\/\/chemsfine.com\/#\/schema\/logo\/image\/\",\"url\":\"https:\/\/chemsfine.com\/wp-content\/uploads\/2024\/09\/final-logo.png\",\"contentUrl\":\"https:\/\/chemsfine.com\/wp-content\/uploads\/2024\/09\/final-logo.png\",\"width\":340,\"height\":72,\"caption\":\"Chemsfine\"},\"image\":{\"@id\":\"https:\/\/chemsfine.com\/#\/schema\/logo\/image\/\"}}]}<\/script>\n<!-- \/ Yoast SEO plugin. -->","yoast_head_json":{"title":"Buy Adderall 30mg Pills Online | Best Price &amp; Secure Purchase","description":"Vous cherchez des pilules d'Adderall 30mg ? Achetez Adderall de haute qualit\u00e9 en ligne sur Chemsfine. Obtenez le meilleur prix pour un traitement efficace du TDAH avec une livraison s\u00e9curis\u00e9e.","robots":{"index":"index","follow":"follow","max-snippet":"max-snippet:-1","max-image-preview":"max-image-preview:large","max-video-preview":"max-video-preview:-1"},"canonical":"https:\/\/chemsfine.com\/fr\/product\/buy-adderall-adhd-pills\/","og_locale":"fr_FR","og_type":"article","og_title":"Buy Adderall 30mg Pills Online | Best Price &amp; Secure Purchase","og_description":"Seeking Adderall 30mg pills? Purchase high-quality Adderall online at Chemsfine. Get the best price for effective ADHD treatment with secure delivery.","og_url":"https:\/\/chemsfine.com\/fr\/product\/buy-adderall-adhd-pills\/","og_site_name":"Chemsfine","article_modified_time":"2026-03-25T13:13:10+00:00","og_image":[{"width":600,"height":600,"url":"https:\/\/chemsfine.com\/wp-content\/uploads\/2026\/02\/buy-adderall-30mg-pills-online-3.jpg","type":"image\/jpeg"}],"twitter_card":"summary_large_image","twitter_misc":{"Dur\u00e9e de lecture estim\u00e9e":"4 minutes"},"schema":{"@context":"https:\/\/schema.org","@graph":[{"@type":"WebPage","@id":"https:\/\/chemsfine.com\/product\/buy-adderall-adhd-pills\/","url":"https:\/\/chemsfine.com\/product\/buy-adderall-adhd-pills\/","name":"Buy Adderall 30mg Pills Online | Best Price &amp; Secure Purchase","isPartOf":{"@id":"https:\/\/chemsfine.com\/#website"},"primaryImageOfPage":{"@id":"https:\/\/chemsfine.com\/product\/buy-adderall-adhd-pills\/#primaryimage"},"image":{"@id":"https:\/\/chemsfine.com\/product\/buy-adderall-adhd-pills\/#primaryimage"},"thumbnailUrl":"https:\/\/chemsfine.com\/wp-content\/uploads\/2026\/02\/buy-adderall-30mg-pills-online-3.jpg","datePublished":"2026-02-12T10:03:14+00:00","dateModified":"2026-03-25T13:13:10+00:00","description":"Vous cherchez des pilules d'Adderall 30mg ? Achetez Adderall de haute qualit\u00e9 en ligne sur Chemsfine. Obtenez le meilleur prix pour un traitement efficace du TDAH avec une livraison s\u00e9curis\u00e9e.","breadcrumb":{"@id":"https:\/\/chemsfine.com\/product\/buy-adderall-adhd-pills\/#breadcrumb"},"inLanguage":"fr-FR","potentialAction":[{"@type":"ReadAction","target":["https:\/\/chemsfine.com\/product\/buy-adderall-adhd-pills\/"]}]},{"@type":"ImageObject","inLanguage":"fr-FR","@id":"https:\/\/chemsfine.com\/product\/buy-adderall-adhd-pills\/#primaryimage","url":"https:\/\/chemsfine.com\/wp-content\/uploads\/2026\/02\/buy-adderall-30mg-pills-online-3.jpg","contentUrl":"https:\/\/chemsfine.com\/wp-content\/uploads\/2026\/02\/buy-adderall-30mg-pills-online-3.jpg","width":600,"height":600},{"@type":"BreadcrumbList","@id":"https:\/\/chemsfine.com\/product\/buy-adderall-adhd-pills\/#breadcrumb","itemListElement":[{"@type":"ListItem","position":1,"name":"Home","item":"https:\/\/chemsfine.com\/"},{"@type":"ListItem","position":2,"name":"Shop","item":"https:\/\/chemsfine.com\/shop\/"},{"@type":"ListItem","position":3,"name":"Buy Adderall 30mg Pills Online for ADHD Treatment"}]},{"@type":"WebSite","@id":"https:\/\/chemsfine.com\/#website","url":"https:\/\/chemsfine.com\/","name":"Chemsfine","description":"Mon blog WordPress","publisher":{"@id":"https:\/\/chemsfine.com\/#organization"},"potentialAction":[{"@type":"SearchAction","target":{"@type":"EntryPoint","urlTemplate":"https:\/\/chemsfine.com\/?s={search_term_string}"},"query-input":{"@type":"PropertyValueSpecification","valueRequired":true,"valueName":"search_term_string"}}],"inLanguage":"fr-FR"},{"@type":"Organization","@id":"https:\/\/chemsfine.com\/#organization","name":"Chemsfine","url":"https:\/\/chemsfine.com\/","logo":{"@type":"ImageObject","inLanguage":"fr-FR","@id":"https:\/\/chemsfine.com\/#\/schema\/logo\/image\/","url":"https:\/\/chemsfine.com\/wp-content\/uploads\/2024\/09\/final-logo.png","contentUrl":"https:\/\/chemsfine.com\/wp-content\/uploads\/2024\/09\/final-logo.png","width":340,"height":72,"caption":"Chemsfine"},"image":{"@id":"https:\/\/chemsfine.com\/#\/schema\/logo\/image\/"}}]}},"_links":{"self":[{"href":"https:\/\/chemsfine.com\/fr\/wp-json\/wp\/v2\/product\/6343","targetHints":{"allow":["GET"]}}],"collection":[{"href":"https:\/\/chemsfine.com\/fr\/wp-json\/wp\/v2\/product"}],"about":[{"href":"https:\/\/chemsfine.com\/fr\/wp-json\/wp\/v2\/types\/product"}],"replies":[{"embeddable":true,"href":"https:\/\/chemsfine.com\/fr\/wp-json\/wp\/v2\/comments?post=6343"}],"wp:featuredmedia":[{"embeddable":true,"href":"https:\/\/chemsfine.com\/fr\/wp-json\/wp\/v2\/media\/6383"}],"wp:attachment":[{"href":"https:\/\/chemsfine.com\/fr\/wp-json\/wp\/v2\/media?parent=6343"}],"wp:term":[{"taxonomy":"product_brand","embeddable":true,"href":"https:\/\/chemsfine.com\/fr\/wp-json\/wp\/v2\/product_brand?post=6343"},{"taxonomy":"product_cat","embeddable":true,"href":"https:\/\/chemsfine.com\/fr\/wp-json\/wp\/v2\/product_cat?post=6343"},{"taxonomy":"product_tag","embeddable":true,"href":"https:\/\/chemsfine.com\/fr\/wp-json\/wp\/v2\/product_tag?post=6343"}],"curies":[{"name":"wp","href":"https:\/\/api.w.org\/{rel}","templated":true}]}}