{"id":6449,"date":"2026-02-12T10:05:09","date_gmt":"2026-02-12T10:05:09","guid":{"rendered":"https:\/\/chemsfine.com\/?post_type=product&#038;p=6449"},"modified":"2026-03-25T12:59:31","modified_gmt":"2026-03-25T12:59:31","slug":"buy-jwh-203-online","status":"publish","type":"product","link":"https:\/\/chemsfine.com\/fr\/product\/buy-jwh-203-online\/","title":{"rendered":"JWH-203 Research Chemical - Achat en ligne de qualit\u00e9 sup\u00e9rieure"},"content":{"rendered":"<p>Lorsque vous cherchez \u00e0 <b>Acheter JWH-203 \u00e0 la vente<\/b>, Chemsfine se distingue comme la premi\u00e8re destination pour les chercheurs exigeants. Nous sommes le <b>Meilleur magasin en ligne pour acheter des produits chimiques de recherche de qualit\u00e9 sup\u00e9rieure<\/b>, Le JWH-203 est un produit de qualit\u00e9 sup\u00e9rieure qui r\u00e9pond aux normes de puret\u00e9 les plus strictes. Notre engagement garantit que vous ne recevrez que du JWH-203 de haute qualit\u00e9, parfaitement adapt\u00e9 \u00e0 vos applications de laboratoire exigeantes. Avec Chemsfine, vous avez acc\u00e8s \u00e0 une vaste s\u00e9lection de compos\u00e9s de recherche, garantissant un processus d'acquisition transparent et s\u00e9curis\u00e9. Nous comprenons l'importance cruciale de mat\u00e9riaux fiables et authentiques dans l'exploration scientifique, c'est pourquoi nous contr\u00f4lons m\u00e9ticuleusement chaque produit de notre inventaire. <a href=\"https:\/\/chemsfine.com\/fr\/product\/acheter-du-haschisch-en-ligne\/\">D\u00e9couvrez notre large gamme de produits chimiques de recherche<\/a> et faites l'exp\u00e9rience de la diff\u00e9rence que fait l'engagement en faveur de la qualit\u00e9. <\/p>\n<h2>Qu'est-ce que le JWH-203 ?<\/h2>\n<p><b>JWH-203<\/b>, Le 1-pentyl-3-(2-chloroph\u00e9nylac\u00e9tyl)indole est un important cannabino\u00efde synth\u00e9tique appartenant \u00e0 la famille des ph\u00e9nylac\u00e9tylindoles. Sa formule mol\u00e9culaire est C\u2082\u2081H\u2082\u2080ClNO, avec une masse molaire de 353,84 g\/mol. Ce compos\u00e9 agit comme un agoniste des r\u00e9cepteurs cannabino\u00efdes CB\u2081 et CB\u2082, ce qui en fait un outil pr\u00e9cieux pour la recherche pharmacologique. Principalement disponible sous forme de poudre cristalline, le JWH-203 est con\u00e7u pour des \u00e9tudes in vitro et \u00e0 des fins de r\u00e9f\u00e9rence analytique. Les chercheurs s'appuient sur ses propri\u00e9t\u00e9s de liaison sp\u00e9cifiques pour \u00e9tudier diverses voies physiologiques et neurologiques li\u00e9es au syst\u00e8me endocannabino\u00efde. Lorsque vous recherchez <b>Qualit\u00e9 sup\u00e9rieure JWH-203<\/b>, La compr\u00e9hension de son identit\u00e9 chimique pr\u00e9cise et de son m\u00e9canisme d'action est cruciale pour obtenir des r\u00e9sultats exp\u00e9rimentaux pr\u00e9cis et reproductibles. Chemsfine garantit l'int\u00e9grit\u00e9 de son JWH-203, ce qui en fait un choix id\u00e9al pour les travaux scientifiques s\u00e9rieux. <\/p>\n<h2>Pourquoi acheter JWH-203 en ligne chez Chemsfine ?<\/h2>\n<p>Le choix de l'endroit o\u00f9 acheter vos produits chimiques de recherche est une d\u00e9cision qui a un impact sur la validit\u00e9 et la s\u00e9curit\u00e9 de vos \u00e9tudes. Par cons\u00e9quent, choisir Chemsfine pour vos besoins en JWH-203 est un choix de confiance et de qualit\u00e9 in\u00e9gal\u00e9. Nous stockons en permanence les <b>Meilleur JWH-203 disponible<\/b> sur le march\u00e9, soutenu par des mesures compl\u00e8tes de contr\u00f4le de la qualit\u00e9. De plus, notre plateforme en ligne offre une exp\u00e9rience d'achat s\u00e9curis\u00e9e et discr\u00e8te, donnant la priorit\u00e9 \u00e0 votre vie priv\u00e9e et \u00e0 votre commodit\u00e9. Chaque lot de JWH-203 est soumis \u00e0 des tests rigoureux afin de confirmer sa puret\u00e9 et son authenticit\u00e9, vous assurant ainsi de recevoir un produit exempt de contaminants. Nous fournissons des certificats d'analyse (CoA) et des fiches de donn\u00e9es de s\u00e9curit\u00e9 (SDS) d\u00e9taill\u00e9s pour une transparence totale, vous permettant de mener vos recherches en toute confiance. Nous nous engageons \u00e0 proposer des prix comp\u00e9titifs sans compromettre la puret\u00e9 et la fiabilit\u00e9 de nos compos\u00e9s. <a href=\"https:\/\/chemsfine.com\/fr\/product\/buy-2c-b-4-bromo-2-5-dimethoxyphenethylamine-online\/\">D\u00e9couvrez d'autres compos\u00e9s de recherche de qualit\u00e9 sup\u00e9rieure<\/a> disponibles pour un achat s\u00e9curis\u00e9 dans notre vaste catalogue. <\/p>\n<h2>Applications<\/h2>\n<p>Le JWH-203 est un outil indispensable dans diverses disciplines scientifiques, principalement dans des environnements de laboratoire contr\u00f4l\u00e9s. Gr\u00e2ce \u00e0 ses propri\u00e9t\u00e9s uniques, il convient \u00e0 toute une s\u00e9rie d'applications de recherche, notamment :<\/p>\n<ul>\n<li>\u00c9tudes pharmacologiques in vitro sur les r\u00e9cepteurs cannabino\u00efdes.<\/li>\n<li>Utilisation comme norme de r\u00e9f\u00e9rence analytique pour les laboratoires de m\u00e9decine l\u00e9gale et de toxicologie.<\/li>\n<li>Exploration de cibles th\u00e9rapeutiques potentielles li\u00e9es \u00e0 la douleur et \u00e0 l'inflammation.<\/li>\n<li>Recherche en neurosciences pour comprendre les voies du syst\u00e8me nerveux central.<\/li>\n<li>\u00c9tudes du m\u00e9tabolisme pour \u00e9tudier la d\u00e9gradation enzymatique et l'identification des m\u00e9tabolites.<\/li>\n<li>Recherche de relations structure-activit\u00e9 (SAR) pour de nouveaux analogues de cannabino\u00efdes.<\/li>\n<li>Essais de liaison aux r\u00e9cepteurs pour d\u00e9terminer l'affinit\u00e9 et l'efficacit\u00e9.<\/li>\n<li>D\u00e9veloppement de m\u00e9thodes de d\u00e9tection des cannabino\u00efdes synth\u00e9tiques.<\/li>\n<\/ul>\n<h2>S\u00e9curit\u00e9 et conformit\u00e9<\/h2>\n<p>Travailler avec des produits chimiques de recherche comme le JWH-203 exige un respect strict des protocoles de s\u00e9curit\u00e9 et des directives r\u00e9glementaires. Il est imp\u00e9ratif que toutes les manipulations aient lieu dans un environnement de laboratoire contr\u00f4l\u00e9, en utilisant des \u00e9quipements de protection individuelle (EPI) appropri\u00e9s tels que des blouses de laboratoire, des gants et des lunettes de protection. Une bonne ventilation, id\u00e9alement une hotte, est essentielle pour minimiser l'exposition. Les chercheurs doivent conna\u00eetre et respecter toutes les r\u00e9glementations r\u00e9gionales et institutionnelles concernant l'acquisition, le stockage et l'utilisation des cannabino\u00efdes synth\u00e9tiques. Chemsfine insiste sur le fait que le JWH-203 est vendu uniquement \u00e0 des fins de recherche l\u00e9gitimes et qu'il n'est pas destin\u00e9 \u00e0 \u00eatre utilis\u00e9 dans le cadre d'un projet de recherche. <b>ne sont pas destin\u00e9s \u00e0 la consommation humaine ou animale<\/b>. Nous fournissons des fiches de donn\u00e9es de s\u00e9curit\u00e9 (FDS) facilement accessibles d\u00e9crivant les informations sur les dangers et les proc\u00e9dures de manipulation en toute s\u00e9curit\u00e9, ainsi que des certificats d'analyse (CoA) pour v\u00e9rifier les sp\u00e9cifications et la puret\u00e9 des produits. L'utilisation responsable est primordiale pour garantir la s\u00e9curit\u00e9 des chercheurs et l'int\u00e9grit\u00e9 de la recherche scientifique. <\/p>\n<h2>Pourquoi nous choisir ?<\/h2>\n<p>Chez Chemsfine, notre mission est d'\u00eatre votre partenaire le plus fiable en mati\u00e8re de recherche scientifique. Nous visons l'excellence dans tous les domaines, en offrant des d\u00e9tails transparents sur nos produits et nos processus. Notre engagement en faveur de la qualit\u00e9 est soulign\u00e9 par des dossiers de lots v\u00e9rifi\u00e9s et des protocoles d'assurance qualit\u00e9 rigoureux. Nous visons \u00e0 rendre le processus de <b>Commander JWH-203 en ligne<\/b> aussi simple et digne de confiance que possible. Gr\u00e2ce \u00e0 des prix comp\u00e9titifs, nous veillons \u00e0 ce que les produits chimiques de recherche de haute puret\u00e9 soient accessibles \u00e0 une plus grande communaut\u00e9 de chercheurs sans compromettre les normes. Nous sommes fiers de notre service client\u00e8le exceptionnel, pr\u00eat \u00e0 vous aider pour toute question concernant les sp\u00e9cifications des produits ou le traitement des commandes. En outre, nos m\u00e9thodes d'exp\u00e9dition discr\u00e8tes et fiables garantissent que vos produits arrivent en toute s\u00e9curit\u00e9 et rapidement, pr\u00e9servant ainsi la confidentialit\u00e9 de vos projets de recherche. Choisissez Chemsfine pour un approvisionnement continu et s\u00e9curis\u00e9 de vos compos\u00e9s de laboratoire essentiels, o\u00f9 la qualit\u00e9 et la satisfaction du client sont nos principales priorit\u00e9s. <\/p>\n<h2>JWH-203 Sp\u00e9cifications du produit<\/h2>\n<table border=\"1\" cellpadding=\"5\" cellspacing=\"0\">\n<thead>\n<tr>\n<th>Propri\u00e9t\u00e9<\/th>\n<th>D\u00e9tail<\/th>\n<\/tr>\n<\/thead>\n<tbody>\n<tr>\n<td>Nom du produit<\/td>\n<td>JWH-203<\/td>\n<\/tr>\n<tr>\n<td>Nom chimique<\/td>\n<td>1-pentyl-3-(2-chloroph\u00e9nylac\u00e9tyl)indole<\/td>\n<\/tr>\n<tr>\n<td>Num\u00e9ro CAS<\/td>\n<td>864445-43-2<\/td>\n<\/tr>\n<tr>\n<td>Formule mol\u00e9culaire<\/td>\n<td>C\u2082\u2081H\u2082\u2080ClNO<\/td>\n<\/tr>\n<tr>\n<td>Masse molaire<\/td>\n<td>353,84 g\/mol<\/td>\n<\/tr>\n<tr>\n<td>La puret\u00e9<\/td>\n<td>&gt;98% (typiquement)<\/td>\n<\/tr>\n<tr>\n<td>Formulaire<\/td>\n<td>Poudre cristalline<\/td>\n<\/tr>\n<tr>\n<td>Utilisation principale<\/td>\n<td>Recherche chimique<\/td>\n<\/tr>\n<\/tbody>\n<\/table>\n<h2>Conclusion<\/h2>\n<p>En conclusion, pour les chercheurs qui recherchent la meilleure qualit\u00e9 de JWH-203, Chemsfine offre une exp\u00e9rience d'achat en ligne in\u00e9gal\u00e9e. Nous facilitons un processus simple et s\u00e9curis\u00e9 pour <b>Acheter JWH-203 \u00e0 la vente<\/b>, Nous nous engageons \u00e0 fournir des produits chimiques de qualit\u00e9 sup\u00e9rieure \u00e0 nos clients, garantissant ainsi la fiabilit\u00e9 et l'efficacit\u00e9 de l'approvisionnement de vos mat\u00e9riaux de recherche essentiels. Notre engagement en faveur de la puret\u00e9, notre documentation compl\u00e8te et notre service client\u00e8le exceptionnel font de nous le premier choix pour l'obtention de produits chimiques de recherche de qualit\u00e9 sup\u00e9rieure. Faites confiance \u00e0 Chemsfine pour soutenir vos efforts scientifiques avec l'int\u00e9grit\u00e9 et la qualit\u00e9 que vous m\u00e9ritez. Commencez votre prochaine perc\u00e9e en vous procurant votre JWH-203 aupr\u00e8s d'une source qui donne la priorit\u00e9 au succ\u00e8s de votre recherche.<\/p>","protected":false},"excerpt":{"rendered":"<p><b>JWH-203<\/b> est un cannabino\u00efde synth\u00e9tique de la classe des ph\u00e9nylac\u00e9tylindoles, largement reconnu comme un produit chimique de premi\u00e8re qualit\u00e9 pour la recherche. D\u00e9couvrir et <b>JWH-203 acheter<\/b> chez Chemsfine, votre source de confiance pour les compos\u00e9s de haute puret\u00e9 pour les applications de laboratoire.<\/p>","protected":false},"featured_media":6503,"comment_status":"open","ping_status":"closed","template":"","meta":{"_joinchat":[]},"product_brand":[],"product_cat":[936],"product_tag":[],"class_list":{"0":"post-6449","1":"product","2":"type-product","3":"status-publish","4":"has-post-thumbnail","6":"product_cat-research-chemicals","8":"first","9":"instock","10":"shipping-taxable","11":"purchasable","12":"product-type-variable"},"yoast_head":"<!-- This site is optimized with the Yoast SEO plugin v27.2 - https:\/\/yoast.com\/product\/yoast-seo-wordpress\/ -->\n<title>Buy JWH-203 Online: Best Price, High Quality Available<\/title>\n<meta name=\"description\" content=\"Discover high-purity JWH-203 for sale online at Chemsfine. Secure your research chemicals with confidence. Best price and quality available now.\" \/>\n<meta name=\"robots\" content=\"index, follow, max-snippet:-1, max-image-preview:large, max-video-preview:-1\" \/>\n<link rel=\"canonical\" href=\"https:\/\/chemsfine.com\/fr\/product\/buy-jwh-203-online\/\" \/>\n<meta property=\"og:locale\" content=\"fr_FR\" \/>\n<meta property=\"og:type\" content=\"article\" \/>\n<meta property=\"og:title\" content=\"Buy JWH-203 Online: Best Price, High Quality Available\" \/>\n<meta property=\"og:description\" content=\"Discover high-purity JWH-203 for sale online at Chemsfine. Secure your research chemicals with confidence. Best price and quality available now.\" \/>\n<meta property=\"og:url\" content=\"https:\/\/chemsfine.com\/fr\/product\/buy-jwh-203-online\/\" \/>\n<meta property=\"og:site_name\" content=\"Chemsfine\" \/>\n<meta property=\"article:modified_time\" content=\"2026-03-25T12:59:31+00:00\" \/>\n<meta property=\"og:image\" content=\"https:\/\/chemsfine.com\/wp-content\/uploads\/2026\/02\/jwh-203-2.jpg\" \/>\n\t<meta property=\"og:image:width\" content=\"180\" \/>\n\t<meta property=\"og:image:height\" content=\"204\" \/>\n\t<meta property=\"og:image:type\" content=\"image\/jpeg\" \/>\n<meta name=\"twitter:card\" content=\"summary_large_image\" \/>\n<meta name=\"twitter:label1\" content=\"Dur\u00e9e de lecture estim\u00e9e\" \/>\n\t<meta name=\"twitter:data1\" content=\"5 minutes\" \/>\n<script type=\"application\/ld+json\" class=\"yoast-schema-graph\">{\"@context\":\"https:\/\/schema.org\",\"@graph\":[{\"@type\":\"WebPage\",\"@id\":\"https:\/\/chemsfine.com\/product\/buy-jwh-203-online\/\",\"url\":\"https:\/\/chemsfine.com\/product\/buy-jwh-203-online\/\",\"name\":\"Buy JWH-203 Online: Best Price, High Quality Available\",\"isPartOf\":{\"@id\":\"https:\/\/chemsfine.com\/#website\"},\"primaryImageOfPage\":{\"@id\":\"https:\/\/chemsfine.com\/product\/buy-jwh-203-online\/#primaryimage\"},\"image\":{\"@id\":\"https:\/\/chemsfine.com\/product\/buy-jwh-203-online\/#primaryimage\"},\"thumbnailUrl\":\"https:\/\/chemsfine.com\/wp-content\/uploads\/2026\/02\/jwh-203-2.jpg\",\"datePublished\":\"2026-02-12T10:05:09+00:00\",\"dateModified\":\"2026-03-25T12:59:31+00:00\",\"description\":\"Discover high-purity JWH-203 for sale online at Chemsfine. Secure your research chemicals with confidence. Best price and quality available now.\",\"breadcrumb\":{\"@id\":\"https:\/\/chemsfine.com\/product\/buy-jwh-203-online\/#breadcrumb\"},\"inLanguage\":\"fr-FR\",\"potentialAction\":[{\"@type\":\"ReadAction\",\"target\":[\"https:\/\/chemsfine.com\/product\/buy-jwh-203-online\/\"]}]},{\"@type\":\"ImageObject\",\"inLanguage\":\"fr-FR\",\"@id\":\"https:\/\/chemsfine.com\/product\/buy-jwh-203-online\/#primaryimage\",\"url\":\"https:\/\/chemsfine.com\/wp-content\/uploads\/2026\/02\/jwh-203-2.jpg\",\"contentUrl\":\"https:\/\/chemsfine.com\/wp-content\/uploads\/2026\/02\/jwh-203-2.jpg\",\"width\":180,\"height\":204},{\"@type\":\"BreadcrumbList\",\"@id\":\"https:\/\/chemsfine.com\/product\/buy-jwh-203-online\/#breadcrumb\",\"itemListElement\":[{\"@type\":\"ListItem\",\"position\":1,\"name\":\"Home\",\"item\":\"https:\/\/chemsfine.com\/\"},{\"@type\":\"ListItem\",\"position\":2,\"name\":\"Shop\",\"item\":\"https:\/\/chemsfine.com\/shop\/\"},{\"@type\":\"ListItem\",\"position\":3,\"name\":\"JWH-203 Research Chemical \u2013 Buy Top Quality Online\"}]},{\"@type\":\"WebSite\",\"@id\":\"https:\/\/chemsfine.com\/#website\",\"url\":\"https:\/\/chemsfine.com\/\",\"name\":\"Chemsfine\",\"description\":\"My WordPress Blog\",\"publisher\":{\"@id\":\"https:\/\/chemsfine.com\/#organization\"},\"potentialAction\":[{\"@type\":\"SearchAction\",\"target\":{\"@type\":\"EntryPoint\",\"urlTemplate\":\"https:\/\/chemsfine.com\/?s={search_term_string}\"},\"query-input\":{\"@type\":\"PropertyValueSpecification\",\"valueRequired\":true,\"valueName\":\"search_term_string\"}}],\"inLanguage\":\"fr-FR\"},{\"@type\":\"Organization\",\"@id\":\"https:\/\/chemsfine.com\/#organization\",\"name\":\"Chemsfine\",\"url\":\"https:\/\/chemsfine.com\/\",\"logo\":{\"@type\":\"ImageObject\",\"inLanguage\":\"fr-FR\",\"@id\":\"https:\/\/chemsfine.com\/#\/schema\/logo\/image\/\",\"url\":\"https:\/\/chemsfine.com\/wp-content\/uploads\/2024\/09\/final-logo.png\",\"contentUrl\":\"https:\/\/chemsfine.com\/wp-content\/uploads\/2024\/09\/final-logo.png\",\"width\":340,\"height\":72,\"caption\":\"Chemsfine\"},\"image\":{\"@id\":\"https:\/\/chemsfine.com\/#\/schema\/logo\/image\/\"}}]}<\/script>\n<!-- \/ Yoast SEO plugin. -->","yoast_head_json":{"title":"Acheter JWH-203 en ligne : Meilleur prix, haute qualit\u00e9 disponible","description":"D\u00e9couvrez le JWH-203 de haute puret\u00e9 en vente en ligne sur Chemsfine. Achetez vos produits chimiques de recherche en toute confiance. Le meilleur prix et la meilleure qualit\u00e9 sont disponibles maintenant.","robots":{"index":"index","follow":"follow","max-snippet":"max-snippet:-1","max-image-preview":"max-image-preview:large","max-video-preview":"max-video-preview:-1"},"canonical":"https:\/\/chemsfine.com\/fr\/product\/buy-jwh-203-online\/","og_locale":"fr_FR","og_type":"article","og_title":"Buy JWH-203 Online: Best Price, High Quality Available","og_description":"Discover high-purity JWH-203 for sale online at Chemsfine. Secure your research chemicals with confidence. Best price and quality available now.","og_url":"https:\/\/chemsfine.com\/fr\/product\/buy-jwh-203-online\/","og_site_name":"Chemsfine","article_modified_time":"2026-03-25T12:59:31+00:00","og_image":[{"width":180,"height":204,"url":"https:\/\/chemsfine.com\/wp-content\/uploads\/2026\/02\/jwh-203-2.jpg","type":"image\/jpeg"}],"twitter_card":"summary_large_image","twitter_misc":{"Dur\u00e9e de lecture estim\u00e9e":"5 minutes"},"schema":{"@context":"https:\/\/schema.org","@graph":[{"@type":"WebPage","@id":"https:\/\/chemsfine.com\/product\/buy-jwh-203-online\/","url":"https:\/\/chemsfine.com\/product\/buy-jwh-203-online\/","name":"Acheter JWH-203 en ligne : Meilleur prix, haute qualit\u00e9 disponible","isPartOf":{"@id":"https:\/\/chemsfine.com\/#website"},"primaryImageOfPage":{"@id":"https:\/\/chemsfine.com\/product\/buy-jwh-203-online\/#primaryimage"},"image":{"@id":"https:\/\/chemsfine.com\/product\/buy-jwh-203-online\/#primaryimage"},"thumbnailUrl":"https:\/\/chemsfine.com\/wp-content\/uploads\/2026\/02\/jwh-203-2.jpg","datePublished":"2026-02-12T10:05:09+00:00","dateModified":"2026-03-25T12:59:31+00:00","description":"D\u00e9couvrez le JWH-203 de haute puret\u00e9 en vente en ligne sur Chemsfine. Achetez vos produits chimiques de recherche en toute confiance. Le meilleur prix et la meilleure qualit\u00e9 sont disponibles maintenant.","breadcrumb":{"@id":"https:\/\/chemsfine.com\/product\/buy-jwh-203-online\/#breadcrumb"},"inLanguage":"fr-FR","potentialAction":[{"@type":"ReadAction","target":["https:\/\/chemsfine.com\/product\/buy-jwh-203-online\/"]}]},{"@type":"ImageObject","inLanguage":"fr-FR","@id":"https:\/\/chemsfine.com\/product\/buy-jwh-203-online\/#primaryimage","url":"https:\/\/chemsfine.com\/wp-content\/uploads\/2026\/02\/jwh-203-2.jpg","contentUrl":"https:\/\/chemsfine.com\/wp-content\/uploads\/2026\/02\/jwh-203-2.jpg","width":180,"height":204},{"@type":"BreadcrumbList","@id":"https:\/\/chemsfine.com\/product\/buy-jwh-203-online\/#breadcrumb","itemListElement":[{"@type":"ListItem","position":1,"name":"Home","item":"https:\/\/chemsfine.com\/"},{"@type":"ListItem","position":2,"name":"Shop","item":"https:\/\/chemsfine.com\/shop\/"},{"@type":"ListItem","position":3,"name":"JWH-203 Research Chemical \u2013 Buy Top Quality Online"}]},{"@type":"WebSite","@id":"https:\/\/chemsfine.com\/#website","url":"https:\/\/chemsfine.com\/","name":"Chemsfine","description":"Mon blog WordPress","publisher":{"@id":"https:\/\/chemsfine.com\/#organization"},"potentialAction":[{"@type":"SearchAction","target":{"@type":"EntryPoint","urlTemplate":"https:\/\/chemsfine.com\/?s={search_term_string}"},"query-input":{"@type":"PropertyValueSpecification","valueRequired":true,"valueName":"search_term_string"}}],"inLanguage":"fr-FR"},{"@type":"Organization","@id":"https:\/\/chemsfine.com\/#organization","name":"Chemsfine","url":"https:\/\/chemsfine.com\/","logo":{"@type":"ImageObject","inLanguage":"fr-FR","@id":"https:\/\/chemsfine.com\/#\/schema\/logo\/image\/","url":"https:\/\/chemsfine.com\/wp-content\/uploads\/2024\/09\/final-logo.png","contentUrl":"https:\/\/chemsfine.com\/wp-content\/uploads\/2024\/09\/final-logo.png","width":340,"height":72,"caption":"Chemsfine"},"image":{"@id":"https:\/\/chemsfine.com\/#\/schema\/logo\/image\/"}}]}},"_links":{"self":[{"href":"https:\/\/chemsfine.com\/fr\/wp-json\/wp\/v2\/product\/6449","targetHints":{"allow":["GET"]}}],"collection":[{"href":"https:\/\/chemsfine.com\/fr\/wp-json\/wp\/v2\/product"}],"about":[{"href":"https:\/\/chemsfine.com\/fr\/wp-json\/wp\/v2\/types\/product"}],"replies":[{"embeddable":true,"href":"https:\/\/chemsfine.com\/fr\/wp-json\/wp\/v2\/comments?post=6449"}],"wp:featuredmedia":[{"embeddable":true,"href":"https:\/\/chemsfine.com\/fr\/wp-json\/wp\/v2\/media\/6503"}],"wp:attachment":[{"href":"https:\/\/chemsfine.com\/fr\/wp-json\/wp\/v2\/media?parent=6449"}],"wp:term":[{"taxonomy":"product_brand","embeddable":true,"href":"https:\/\/chemsfine.com\/fr\/wp-json\/wp\/v2\/product_brand?post=6449"},{"taxonomy":"product_cat","embeddable":true,"href":"https:\/\/chemsfine.com\/fr\/wp-json\/wp\/v2\/product_cat?post=6449"},{"taxonomy":"product_tag","embeddable":true,"href":"https:\/\/chemsfine.com\/fr\/wp-json\/wp\/v2\/product_tag?post=6449"}],"curies":[{"name":"wp","href":"https:\/\/api.w.org\/{rel}","templated":true}]}}