{"id":6550,"date":"2026-02-12T10:08:05","date_gmt":"2026-02-12T10:08:05","guid":{"rendered":"https:\/\/chemsfine.com\/?post_type=product&#038;p=6550"},"modified":"2026-03-25T12:44:52","modified_gmt":"2026-03-25T12:44:52","slug":"buy-promethazine-codeine-wockhardt","status":"publish","type":"product","link":"https:\/\/chemsfine.com\/fr\/product\/buy-promethazine-codeine-wockhardt\/","title":{"rendered":"Acheter Promethazine with Codeine Wockhardt en ligne"},"content":{"rendered":"<p>Bienvenue chez chemsfine, votre source de confiance pour des solutions pharmaceutiques de haute qualit\u00e9. Ici, vous pouvez <b>Buy Promethazine with Codeine Wockhardt For Sale<\/b>, est une solution orale largement reconnue, con\u00e7ue pour soulager efficacement toute une s\u00e9rie de sympt\u00f4mes li\u00e9s au rhume et aux allergies. Ce produit, connu pour sa formulation sp\u00e9cifique, associe un antihistaminique \u00e0 un antitussif opio\u00efde, offrant ainsi une approche globale de la prise en charge des affections g\u00eanantes telles que l'\u00e9coulement nasal, les \u00e9ternuements et les toux persistantes. Chez chemsfine, nous donnons la priorit\u00e9 \u00e0 votre sant\u00e9 et \u00e0 votre s\u00e9curit\u00e9 en vous fournissant des produits authentiques et des conseils essentiels pour leur utilisation correcte. Nous comprenons l'importance d'un acc\u00e8s fiable aux m\u00e9dicaments, c'est pourquoi nous veillons \u00e0 ce que <b>Prom\u00e9thazine avec cod\u00e9ine Wockhardt<\/b> est facilement accessible pour ceux qui en ont besoin, gr\u00e2ce \u00e0 des instructions claires et \u00e0 des informations compl\u00e8tes sur les produits.<\/p>\n<h2>Qu'est-ce que Promethazine with Codeine Wockhardt ?<\/h2>\n<p><b>Prom\u00e9thazine avec cod\u00e9ine Wockhardt<\/b> est une puissante association m\u00e9dicamenteuse formul\u00e9e pour traiter les sympt\u00f4mes associ\u00e9s aux rhumes, aux allergies et \u00e0 d'autres affections respiratoires. Chaque 5 ml de cette solution orale contient 10 mg de phosphate de cod\u00e9ine et 6,25 mg de chlorhydrate de prom\u00e9thazine, en suspension dans une base de sirop aromatis\u00e9. La cod\u00e9ine, un opio\u00efde, agit comme un antitussif en r\u00e9duisant l'activit\u00e9 de la partie du cerveau qui provoque la toux. La prom\u00e9thazine, un antihistaminique, aide \u00e0 soulager les sympt\u00f4mes tels que les \u00e9ternuements, l'\u00e9coulement nasal et les larmoiements. Cette action synergique en fait une option th\u00e9rapeutique tr\u00e8s efficace pour le soulagement de plusieurs sympt\u00f4mes. Nous garantissons que vous recevrez <b>Top Quality Promethazine with Codeine Wockhardt<\/b> Lorsque vous choisissez d'acheter chemsfine, vous avez la garantie de l'efficacit\u00e9 et de la s\u00e9curit\u00e9 de chaque flacon. La compr\u00e9hension de la composition pr\u00e9cise et du m\u00e9canisme d'action est cruciale pour son application appropri\u00e9e, consolidant son r\u00f4le en tant que produit pharmaceutique cl\u00e9.<\/p>\n<h2>Pourquoi acheter Promethazine with Codeine Wockhardt en ligne chez chemsfine ?<\/h2>\n<p>Choisir chemsfine pour vos achats de produits pharmaceutiques, c'est opter pour la fiabilit\u00e9, la qualit\u00e9 et la commodit\u00e9. Lorsque vous d\u00e9cidez de <b>Acheter Promethazine with Codeine Wockhardt en ligne<\/b>, vous choisissez une plateforme qui s'engage \u00e0 ne fournir que des produits authentiques. Nous sommes fiers d'offrir les <b>Meilleur Promethazine avec Codeine Wockhardt disponible<\/b>, Les produits de la soci\u00e9t\u00e9 sont fabriqu\u00e9s \u00e0 partir de mati\u00e8res premi\u00e8res renouvelables, ce qui garantit que chaque bouteille r\u00e9pond \u00e0 des normes de qualit\u00e9 rigoureuses. Notre processus d'achat en ligne s\u00e9curis\u00e9 permet de <b>Acheter en ligne<\/b>, Nous nous engageons \u00e0 fournir un service de qualit\u00e9, avec un emballage discret et une livraison efficace. Nous tenons notre promesse de fournir <b>Haute puret\u00e9 \u00e0 vendre<\/b>, Nos clients re\u00e7oivent ainsi exactement ce qu'ils attendent d'un fournisseur r\u00e9put\u00e9. Au-del\u00e0 de Promethazine avec cod\u00e9ine, explorez notre large gamme de produits de qualit\u00e9, y compris des articles sp\u00e9cialis\u00e9s tels que <a href=\"https:\/\/chemsfine.com\/fr\/product\/jack-herer-sativa-strain-buy-online\/\">Jack Herer Souche Sativa<\/a>, Les produits de chemsfine sont des produits de qualit\u00e9, s\u00e9lectionn\u00e9s avec soin pour r\u00e9pondre \u00e0 des besoins vari\u00e9s. Notre attachement \u00e0 la satisfaction du client fait de chemsfine le choix id\u00e9al pour un service de qualit\u00e9. <b>Achat s\u00e9curis\u00e9<\/b> de vos m\u00e9dicaments et autres produits chimiques sp\u00e9cialis\u00e9s.<\/p>\n<h2>Utilisation correcte et informations de s\u00e9curit\u00e9 importantes<\/h2>\n<p>Assurer une administration s\u00fbre et efficace des <b>Prom\u00e9thazine avec cod\u00e9ine solution orale<\/b> est primordiale. Lors de l'administration de cette solution, utilisez toujours un appareil de mesure millilitre pr\u00e9cis afin de vous assurer que la dose est mesur\u00e9e et administr\u00e9e avec exactitude. Une cuill\u00e8re \u00e0 caf\u00e9 domestique n'est pas un instrument de mesure pr\u00e9cis et peut entra\u00eener un surdosage. Pour les ordonnances ne comportant pas de dispositif de mesure, un pharmacien peut fournir un dispositif de mesure appropri\u00e9 et donner des instructions pour mesurer la dose correcte. Ne d\u00e9bordez pas. Rincez le dispositif de mesure \u00e0 l'eau apr\u00e8s chaque utilisation. Il convient de conseiller aux patients de ne pas augmenter la dose ou la fr\u00e9quence d'administration de <b>Prom\u00e9thazine avec cod\u00e9ine solution orale<\/b> car des effets ind\u00e9sirables graves, tels que la d\u00e9pression respiratoire, peuvent survenir en cas de surdosage. La posologie de cette solution orale ne doit pas \u00eatre augment\u00e9e si la toux ne r\u00e9pond pas ; une toux qui ne r\u00e9pond pas doit \u00eatre r\u00e9\u00e9valu\u00e9e pour d\u00e9tecter une \u00e9ventuelle pathologie sous-jacente. L'utilisation de la solution orale de chlorhydrate de prom\u00e9thazine et de phosphate de cod\u00e9ine n'est pas recommand\u00e9e chez les femmes enceintes. L'utilisation prolong\u00e9e de la solution orale de cod\u00e9ine pendant la grossesse peut entra\u00eener un syndrome de sevrage n\u00e9onatal aux opio\u00efdes. Cette solution orale contient un m\u00e9dicament opio\u00efde (narcotique) contre la toux et peut entra\u00eener une accoutumance. En outre, vous ne devez pas utiliser ce m\u00e9dicament si vous \u00eates allergique \u00e0 la cod\u00e9ine ou \u00e0 la prom\u00e9thazine, si vous souffrez d'asthme ou de graves probl\u00e8mes respiratoires, d'une obstruction de l'estomac ou de l'intestin (y compris l'il\u00e9us paralytique), d'un glaucome \u00e0 angle \u00e9troit ou si vous \u00eates incapable d'uriner. Ces informations compl\u00e8tes sur la s\u00e9curit\u00e9 soulignent l'importance de respecter les directives prescrites et de consulter des professionnels de la sant\u00e9 en cas d'inqui\u00e9tude.<\/p>\n<h2>Applications de la solution orale de prom\u00e9thazine avec cod\u00e9ine<\/h2>\n<p>La combinaison de cod\u00e9ine et de prom\u00e9thazine est principalement utilis\u00e9e pour son efficacit\u00e9 dans le traitement des sympt\u00f4mes du rhume ou de l'allergie. Bien qu'il soit parfois d\u00e9sign\u00e9 de mani\u00e8re informelle, ce puissant m\u00e9lange est largement consomm\u00e9 pour ses bienfaits th\u00e9rapeutiques l\u00e9gitimes dans diverses r\u00e9gions. Ses applications sont les suivantes :<\/p>\n<ul>\n<li>Soulagement d'une toux persistante et irritante.<\/li>\n<li>R\u00e9duire les \u00e9ternuements associ\u00e9s aux rhumes et aux allergies.<\/li>\n<li>Att\u00e9nue l'\u00e9coulement nasal et le goutte-\u00e0-goutte post-nasal.<\/li>\n<li>Gestion des yeux larmoyants dus \u00e0 des r\u00e9actions allergiques.<\/li>\n<li>Soulage les sympt\u00f4mes des affections des voies respiratoires sup\u00e9rieures.<\/li>\n<li>Aide \u00e0 soulager l'irritation de la gorge caus\u00e9e par la toux.<\/li>\n<\/ul>\n<p>Cette polyvalence en fait un \u00e9l\u00e9ment pr\u00e9cieux dans la gestion de la g\u00eane respiratoire aigu\u00eb. Pour ceux qui recherchent d'autres compos\u00e9s sp\u00e9cialis\u00e9s, vous pouvez \u00e9galement <a href=\"https:\/\/chemsfine.com\/fr\/product\/acheter-notre-144-en-ligne\/\">acheter UR-144 en ligne<\/a> Chez Chemsfine, vous avez acc\u00e8s \u00e0 une gamme compl\u00e8te de produits de recherche et de produits pharmaceutiques.<\/p>\n<h2>Posologie de Prom\u00e9thazine avec cod\u00e9ine Wockhardt<\/h2>\n<p>Comprendre et respecter scrupuleusement la posologie recommand\u00e9e pour <b>Prom\u00e9thazine avec cod\u00e9ine Wockhardt<\/b> est cruciale pour l'efficacit\u00e9 et la s\u00e9curit\u00e9. Les lignes directrices garantissent un effet th\u00e9rapeutique optimal tout en minimisant les risques d'effets ind\u00e9sirables. Consultez toujours un professionnel de la sant\u00e9 pour obtenir des conseils personnalis\u00e9s, mais les recommandations g\u00e9n\u00e9rales sont les suivantes :<\/p>\n<table>\n<thead>\n<tr>\n<th>Groupe de patients<\/th>\n<th>Dosage<\/th>\n<th>Dose maximale<\/th>\n<\/tr>\n<\/thead>\n<tbody>\n<tr>\n<td>Adultes \u00e2g\u00e9s de 18 ans et plus<\/td>\n<td>5 ml toutes les 4 \u00e0 6 heures selon les besoins<\/td>\n<td>Ne pas d\u00e9passer 6 doses (30 ml) en 24 heures<\/td>\n<\/tr>\n<\/tbody>\n<\/table>\n<p>Le respect de ces directives est essentiel pour pr\u00e9venir les complications et garantir que le m\u00e9dicament apporte le soulagement escompt\u00e9. Ne d\u00e9passez jamais la dose ou la fr\u00e9quence prescrite, m\u00eame si les sympt\u00f4mes persistent, et demandez toujours l'avis d'un m\u00e9decin en cas de sympt\u00f4mes sans r\u00e9ponse.<\/p>\n<h2>Pourquoi choisir chemsfine pour vos besoins pharmaceutiques ?<\/h2>\n<p>Chez chemsfine, notre engagement va au-del\u00e0 de la simple offre de produits ; nous nous effor\u00e7ons d'\u00eatre votre partenaire complet pour tous vos besoins pharmaceutiques. Nous fournissons des d\u00e9tails transparents sur toutes nos offres, afin que vous disposiez d'informations compl\u00e8tes avant d'effectuer un achat. Des dossiers de lots v\u00e9rifi\u00e9s attestent de la qualit\u00e9 et de l'authenticit\u00e9 de nos produits, ce qui vous permet d'avoir l'esprit tranquille. Nos prix comp\u00e9titifs pour les produits authentiques tels que <b>Prom\u00e9thazine avec cod\u00e9ine Wockhardt<\/b> vous garantit le meilleur rapport qualit\u00e9-prix sans compromis sur la qualit\u00e9. Lorsque vous <b>Commander Promethazine with Codeine Wockhardt en ligne<\/b> Chez nous, vous choisissez un fournisseur qui se consacre aux pratiques \u00e9thiques et au bien-\u00eatre de ses clients. Nous garantissons une <b>Authentique Promethazine avec Cod\u00e9ine Wockhardt<\/b> de l'exp\u00e9rience du d\u00e9but \u00e0 la fin. Notre plateforme est con\u00e7ue pour \u00eatre facile \u00e0 utiliser, ce qui rend le processus de recherche et de s\u00e9curisation des solutions pharmaceutiques requises simple et efficace.<\/p>\n<h2>Conclusion<\/h2>\n<p>Pour ceux qui recherchent un soulagement efficace des sympt\u00f4mes du rhume et des allergies, <b>Prom\u00e9thazine avec cod\u00e9ine Wockhardt<\/b> offre une solution fiable. En comprenant son utilisation correcte, en respectant les instructions de dosage et en reconnaissant les principaux avertissements de s\u00e9curit\u00e9, les individus peuvent utiliser ce m\u00e9dicament de mani\u00e8re efficace. Chez chemsfine, nous facilitons un acc\u00e8s facile et s\u00e9curis\u00e9 \u00e0 ce produit essentiel. Prenez d\u00e8s aujourd'hui une mesure proactive pour soulager vos sympt\u00f4mes et <b>Buy Promethazine with Codeine Wockhardt For Sale<\/b> aupr\u00e8s d'un fournisseur en ligne de confiance. Votre sant\u00e9 et votre bien-\u00eatre sont notre priorit\u00e9 absolue, et nous sommes l\u00e0 pour r\u00e9pondre \u00e0 vos besoins avec des produits pharmaceutiques accessibles et de haute qualit\u00e9.<\/p>","protected":false},"excerpt":{"rendered":"<p><b>Prom\u00e9thazine Cod\u00e9ine<\/b> Wockhardt Oral Solution est un m\u00e9dicament combin\u00e9 efficace utilis\u00e9 pour traiter des sympt\u00f4mes tels que l'\u00e9coulement nasal, les \u00e9ternuements et la toux. Assurez-vous d'un dosage pr\u00e9cis \u00e0 l'aide d'un dispositif de mesure. Pour un approvisionnement fiable, <b>acheter Promethazine Codeine chez chemsfine<\/b>, votre source de confiance pour des produits pharmaceutiques de qualit\u00e9.<\/p>","protected":false},"featured_media":8597,"comment_status":"open","ping_status":"closed","template":"","meta":{"_joinchat":[]},"product_brand":[],"product_cat":[940],"product_tag":[],"class_list":{"0":"post-6550","1":"product","2":"type-product","3":"status-publish","4":"has-post-thumbnail","6":"product_cat-cough-syrup","8":"first","9":"instock","10":"shipping-taxable","11":"purchasable","12":"product-type-variable"},"yoast_head":"<!-- This site is optimized with the Yoast SEO plugin v27.2 - https:\/\/yoast.com\/product\/yoast-seo-wordpress\/ -->\n<title>Buy Promethazine Codeine Wockhardt Online - Best Price<\/title>\n<meta name=\"description\" content=\"Discover Promethazine with Codeine Wockhardt for sale at chemsfine. Buy online for cough, allergy relief. Accurate dosage, secure purchase.\" \/>\n<meta name=\"robots\" content=\"index, follow, max-snippet:-1, max-image-preview:large, max-video-preview:-1\" \/>\n<link rel=\"canonical\" href=\"https:\/\/chemsfine.com\/fr\/product\/buy-promethazine-codeine-wockhardt\/\" \/>\n<meta property=\"og:locale\" content=\"fr_FR\" \/>\n<meta property=\"og:type\" content=\"article\" \/>\n<meta property=\"og:title\" content=\"Buy Promethazine Codeine Wockhardt Online - Best Price\" \/>\n<meta property=\"og:description\" content=\"Discover Promethazine with Codeine Wockhardt for sale at chemsfine. Buy online for cough, allergy relief. Accurate dosage, secure purchase.\" \/>\n<meta property=\"og:url\" content=\"https:\/\/chemsfine.com\/fr\/product\/buy-promethazine-codeine-wockhardt\/\" \/>\n<meta property=\"og:site_name\" content=\"Chemsfine\" \/>\n<meta property=\"article:modified_time\" content=\"2026-03-25T12:44:52+00:00\" \/>\n<meta property=\"og:image\" content=\"https:\/\/chemsfine.com\/wp-content\/uploads\/2026\/02\/Buy-Promethazine-with-Codeine-Wockhardt-Online.webp\" \/>\n\t<meta property=\"og:image:width\" content=\"957\" \/>\n\t<meta property=\"og:image:height\" content=\"957\" \/>\n\t<meta property=\"og:image:type\" content=\"image\/webp\" \/>\n<meta name=\"twitter:card\" content=\"summary_large_image\" \/>\n<meta name=\"twitter:label1\" content=\"Dur\u00e9e de lecture estim\u00e9e\" \/>\n\t<meta name=\"twitter:data1\" content=\"6 minutes\" \/>\n<script type=\"application\/ld+json\" class=\"yoast-schema-graph\">{\"@context\":\"https:\/\/schema.org\",\"@graph\":[{\"@type\":\"WebPage\",\"@id\":\"https:\/\/chemsfine.com\/product\/buy-promethazine-codeine-wockhardt\/\",\"url\":\"https:\/\/chemsfine.com\/product\/buy-promethazine-codeine-wockhardt\/\",\"name\":\"Buy Promethazine Codeine Wockhardt Online - Best Price\",\"isPartOf\":{\"@id\":\"https:\/\/chemsfine.com\/#website\"},\"primaryImageOfPage\":{\"@id\":\"https:\/\/chemsfine.com\/product\/buy-promethazine-codeine-wockhardt\/#primaryimage\"},\"image\":{\"@id\":\"https:\/\/chemsfine.com\/product\/buy-promethazine-codeine-wockhardt\/#primaryimage\"},\"thumbnailUrl\":\"https:\/\/chemsfine.com\/wp-content\/uploads\/2026\/02\/Buy-Promethazine-with-Codeine-Wockhardt-Online.webp\",\"datePublished\":\"2026-02-12T10:08:05+00:00\",\"dateModified\":\"2026-03-25T12:44:52+00:00\",\"description\":\"Discover Promethazine with Codeine Wockhardt for sale at chemsfine. Buy online for cough, allergy relief. Accurate dosage, secure purchase.\",\"breadcrumb\":{\"@id\":\"https:\/\/chemsfine.com\/product\/buy-promethazine-codeine-wockhardt\/#breadcrumb\"},\"inLanguage\":\"fr-FR\",\"potentialAction\":[{\"@type\":\"ReadAction\",\"target\":[\"https:\/\/chemsfine.com\/product\/buy-promethazine-codeine-wockhardt\/\"]}]},{\"@type\":\"ImageObject\",\"inLanguage\":\"fr-FR\",\"@id\":\"https:\/\/chemsfine.com\/product\/buy-promethazine-codeine-wockhardt\/#primaryimage\",\"url\":\"https:\/\/chemsfine.com\/wp-content\/uploads\/2026\/02\/Buy-Promethazine-with-Codeine-Wockhardt-Online.webp\",\"contentUrl\":\"https:\/\/chemsfine.com\/wp-content\/uploads\/2026\/02\/Buy-Promethazine-with-Codeine-Wockhardt-Online.webp\",\"width\":957,\"height\":957,\"caption\":\"Buy Promethazine with Codeine Wockhardt Online\"},{\"@type\":\"BreadcrumbList\",\"@id\":\"https:\/\/chemsfine.com\/product\/buy-promethazine-codeine-wockhardt\/#breadcrumb\",\"itemListElement\":[{\"@type\":\"ListItem\",\"position\":1,\"name\":\"Home\",\"item\":\"https:\/\/chemsfine.com\/\"},{\"@type\":\"ListItem\",\"position\":2,\"name\":\"Shop\",\"item\":\"https:\/\/chemsfine.com\/shop\/\"},{\"@type\":\"ListItem\",\"position\":3,\"name\":\"Buy Promethazine with Codeine Wockhardt Online\"}]},{\"@type\":\"WebSite\",\"@id\":\"https:\/\/chemsfine.com\/#website\",\"url\":\"https:\/\/chemsfine.com\/\",\"name\":\"Chemsfine\",\"description\":\"My WordPress Blog\",\"publisher\":{\"@id\":\"https:\/\/chemsfine.com\/#organization\"},\"potentialAction\":[{\"@type\":\"SearchAction\",\"target\":{\"@type\":\"EntryPoint\",\"urlTemplate\":\"https:\/\/chemsfine.com\/?s={search_term_string}\"},\"query-input\":{\"@type\":\"PropertyValueSpecification\",\"valueRequired\":true,\"valueName\":\"search_term_string\"}}],\"inLanguage\":\"fr-FR\"},{\"@type\":\"Organization\",\"@id\":\"https:\/\/chemsfine.com\/#organization\",\"name\":\"Chemsfine\",\"url\":\"https:\/\/chemsfine.com\/\",\"logo\":{\"@type\":\"ImageObject\",\"inLanguage\":\"fr-FR\",\"@id\":\"https:\/\/chemsfine.com\/#\/schema\/logo\/image\/\",\"url\":\"https:\/\/chemsfine.com\/wp-content\/uploads\/2024\/09\/final-logo.png\",\"contentUrl\":\"https:\/\/chemsfine.com\/wp-content\/uploads\/2024\/09\/final-logo.png\",\"width\":340,\"height\":72,\"caption\":\"Chemsfine\"},\"image\":{\"@id\":\"https:\/\/chemsfine.com\/#\/schema\/logo\/image\/\"}}]}<\/script>\n<!-- \/ Yoast SEO plugin. -->","yoast_head_json":{"title":"Buy Promethazine Codeine Wockhardt Online - Best Price","description":"D\u00e9couvrez Promethazine with Codeine Wockhardt en vente chez chemsfine. Acheter en ligne pour le soulagement de la toux et des allergies. Dosage pr\u00e9cis, achat s\u00e9curis\u00e9.","robots":{"index":"index","follow":"follow","max-snippet":"max-snippet:-1","max-image-preview":"max-image-preview:large","max-video-preview":"max-video-preview:-1"},"canonical":"https:\/\/chemsfine.com\/fr\/product\/buy-promethazine-codeine-wockhardt\/","og_locale":"fr_FR","og_type":"article","og_title":"Buy Promethazine Codeine Wockhardt Online - Best Price","og_description":"Discover Promethazine with Codeine Wockhardt for sale at chemsfine. Buy online for cough, allergy relief. Accurate dosage, secure purchase.","og_url":"https:\/\/chemsfine.com\/fr\/product\/buy-promethazine-codeine-wockhardt\/","og_site_name":"Chemsfine","article_modified_time":"2026-03-25T12:44:52+00:00","og_image":[{"width":957,"height":957,"url":"https:\/\/chemsfine.com\/wp-content\/uploads\/2026\/02\/Buy-Promethazine-with-Codeine-Wockhardt-Online.webp","type":"image\/webp"}],"twitter_card":"summary_large_image","twitter_misc":{"Dur\u00e9e de lecture estim\u00e9e":"6 minutes"},"schema":{"@context":"https:\/\/schema.org","@graph":[{"@type":"WebPage","@id":"https:\/\/chemsfine.com\/product\/buy-promethazine-codeine-wockhardt\/","url":"https:\/\/chemsfine.com\/product\/buy-promethazine-codeine-wockhardt\/","name":"Buy Promethazine Codeine Wockhardt Online - Best Price","isPartOf":{"@id":"https:\/\/chemsfine.com\/#website"},"primaryImageOfPage":{"@id":"https:\/\/chemsfine.com\/product\/buy-promethazine-codeine-wockhardt\/#primaryimage"},"image":{"@id":"https:\/\/chemsfine.com\/product\/buy-promethazine-codeine-wockhardt\/#primaryimage"},"thumbnailUrl":"https:\/\/chemsfine.com\/wp-content\/uploads\/2026\/02\/Buy-Promethazine-with-Codeine-Wockhardt-Online.webp","datePublished":"2026-02-12T10:08:05+00:00","dateModified":"2026-03-25T12:44:52+00:00","description":"D\u00e9couvrez Promethazine with Codeine Wockhardt en vente chez chemsfine. Acheter en ligne pour le soulagement de la toux et des allergies. Dosage pr\u00e9cis, achat s\u00e9curis\u00e9.","breadcrumb":{"@id":"https:\/\/chemsfine.com\/product\/buy-promethazine-codeine-wockhardt\/#breadcrumb"},"inLanguage":"fr-FR","potentialAction":[{"@type":"ReadAction","target":["https:\/\/chemsfine.com\/product\/buy-promethazine-codeine-wockhardt\/"]}]},{"@type":"ImageObject","inLanguage":"fr-FR","@id":"https:\/\/chemsfine.com\/product\/buy-promethazine-codeine-wockhardt\/#primaryimage","url":"https:\/\/chemsfine.com\/wp-content\/uploads\/2026\/02\/Buy-Promethazine-with-Codeine-Wockhardt-Online.webp","contentUrl":"https:\/\/chemsfine.com\/wp-content\/uploads\/2026\/02\/Buy-Promethazine-with-Codeine-Wockhardt-Online.webp","width":957,"height":957,"caption":"Buy Promethazine with Codeine Wockhardt Online"},{"@type":"BreadcrumbList","@id":"https:\/\/chemsfine.com\/product\/buy-promethazine-codeine-wockhardt\/#breadcrumb","itemListElement":[{"@type":"ListItem","position":1,"name":"Home","item":"https:\/\/chemsfine.com\/"},{"@type":"ListItem","position":2,"name":"Shop","item":"https:\/\/chemsfine.com\/shop\/"},{"@type":"ListItem","position":3,"name":"Buy Promethazine with Codeine Wockhardt Online"}]},{"@type":"WebSite","@id":"https:\/\/chemsfine.com\/#website","url":"https:\/\/chemsfine.com\/","name":"Chemsfine","description":"Mon blog WordPress","publisher":{"@id":"https:\/\/chemsfine.com\/#organization"},"potentialAction":[{"@type":"SearchAction","target":{"@type":"EntryPoint","urlTemplate":"https:\/\/chemsfine.com\/?s={search_term_string}"},"query-input":{"@type":"PropertyValueSpecification","valueRequired":true,"valueName":"search_term_string"}}],"inLanguage":"fr-FR"},{"@type":"Organization","@id":"https:\/\/chemsfine.com\/#organization","name":"Chemsfine","url":"https:\/\/chemsfine.com\/","logo":{"@type":"ImageObject","inLanguage":"fr-FR","@id":"https:\/\/chemsfine.com\/#\/schema\/logo\/image\/","url":"https:\/\/chemsfine.com\/wp-content\/uploads\/2024\/09\/final-logo.png","contentUrl":"https:\/\/chemsfine.com\/wp-content\/uploads\/2024\/09\/final-logo.png","width":340,"height":72,"caption":"Chemsfine"},"image":{"@id":"https:\/\/chemsfine.com\/#\/schema\/logo\/image\/"}}]}},"_links":{"self":[{"href":"https:\/\/chemsfine.com\/fr\/wp-json\/wp\/v2\/product\/6550","targetHints":{"allow":["GET"]}}],"collection":[{"href":"https:\/\/chemsfine.com\/fr\/wp-json\/wp\/v2\/product"}],"about":[{"href":"https:\/\/chemsfine.com\/fr\/wp-json\/wp\/v2\/types\/product"}],"replies":[{"embeddable":true,"href":"https:\/\/chemsfine.com\/fr\/wp-json\/wp\/v2\/comments?post=6550"}],"wp:featuredmedia":[{"embeddable":true,"href":"https:\/\/chemsfine.com\/fr\/wp-json\/wp\/v2\/media\/8597"}],"wp:attachment":[{"href":"https:\/\/chemsfine.com\/fr\/wp-json\/wp\/v2\/media?parent=6550"}],"wp:term":[{"taxonomy":"product_brand","embeddable":true,"href":"https:\/\/chemsfine.com\/fr\/wp-json\/wp\/v2\/product_brand?post=6550"},{"taxonomy":"product_cat","embeddable":true,"href":"https:\/\/chemsfine.com\/fr\/wp-json\/wp\/v2\/product_cat?post=6550"},{"taxonomy":"product_tag","embeddable":true,"href":"https:\/\/chemsfine.com\/fr\/wp-json\/wp\/v2\/product_tag?post=6550"}],"curies":[{"name":"wp","href":"https:\/\/api.w.org\/{rel}","templated":true}]}}