{"id":6553,"date":"2026-02-12T10:08:07","date_gmt":"2026-02-12T10:08:07","guid":{"rendered":"https:\/\/chemsfine.com\/?post_type=product&#038;p=6553"},"modified":"2026-03-25T12:44:05","modified_gmt":"2026-03-25T12:44:05","slug":"codeine-linctus-cough-syrup","status":"publish","type":"product","link":"https:\/\/chemsfine.com\/fr\/product\/codeine-linctus-cough-syrup\/","title":{"rendered":"Codeine Linctus - Sirop efficace contre la toux s\u00e8che"},"content":{"rendered":"<p>Bienvenue \u00e0 <b>chemsfine<\/b>, Le site web de la Commission europ\u00e9enne est une source fiable de solutions pharmaceutiques de haute qualit\u00e9. Ici, vous pouvez <b>Buy Codeine Linctus For Sale<\/b>, Linctus Codeine, un sirop contre la toux exceptionnellement efficace, sp\u00e9cialement formul\u00e9 pour soulager les toux s\u00e8ches, persistantes et grincheuses. Ce sirop de cod\u00e9ine linctus de qualit\u00e9 sup\u00e9rieure est con\u00e7u pour apporter un soulagement rapide, ce qui vous permet de g\u00e9rer les sympt\u00f4mes irritants de la toux en toute confiance. Lorsque vous cherchez \u00e0 acheter du sirop de cod\u00e9ine linctus, notre plateforme vous offre une exp\u00e9rience d'achat fiable et discr\u00e8te pour ce traitement r\u00e9put\u00e9. Explorez notre vaste gamme de solutions de haute qualit\u00e9, y compris des options telles que <a href=\"https:\/\/chemsfine.com\/fr\/product\/kings-queens-znacks-strain-buy-online\/\">autres produits de qualit\u00e9 sup\u00e9rieure<\/a>, Nous proposons des produits de qualit\u00e9 sup\u00e9rieure pour r\u00e9pondre \u00e0 divers besoins en mati\u00e8re de sant\u00e9 et de bien-\u00eatre. Nous nous engageons \u00e0 offrir des produits de qualit\u00e9 sup\u00e9rieure qui procurent des avantages tangibles \u00e0 nos pr\u00e9cieux clients.<\/p>\n<h2>Qu'est-ce que la cod\u00e9ine Linctus ?<\/h2>\n<p><b>Cod\u00e9ine Linctus<\/b> est un organisme sp\u00e9cialis\u00e9 <b>sirop contre la toux<\/b> r\u00e9put\u00e9 pour sa capacit\u00e9 \u00e0 cibler et \u00e0 soulager efficacement les toux s\u00e8ches et grasses. Cette formule de confiance agit en r\u00e9duisant l'envie de tousser, vous lib\u00e9rant ainsi de l'irritation persistante caus\u00e9e par une toux tenace. Elle constitue une solution id\u00e9ale pour les personnes souffrant de toux s\u00e8che qui recherchent activement un rem\u00e8de efficace et \u00e9prouv\u00e9. De plus, il r\u00e9pond \u00e0 des pr\u00e9f\u00e9rences et \u00e0 des besoins di\u00e9t\u00e9tiques divers, <b>Cod\u00e9ine Linctus<\/b> est \u00e9galement disponible en tant que <b>sirop sans sucre<\/b> ce qui garantit une plus grande accessibilit\u00e9. Lorsque l'on cherche \u00e0 savoir o\u00f9 acheter de la cod\u00e9ine linctus, il est important de comprendre ses principaux composants et leur fonctionnement.<\/p>\n<p>Ce sirop puissant contient <b>15 mg de l'ingr\u00e9dient actif phosphate de cod\u00e9ine<\/b> dans chaque dose mesur\u00e9e avec pr\u00e9cision. La cod\u00e9ine, bien connue comme puissant analg\u00e9sique, a \u00e9galement une fonction secondaire essentielle : elle peut \u00eatre utilis\u00e9e pour soulager efficacement les toux s\u00e8ches et grasses en apaisant la gorge irrit\u00e9e. Le m\u00e9canisme par lequel cette <b>Codeine Linctus de qualit\u00e9 sup\u00e9rieure<\/b> fonctionne en changeant la fa\u00e7on dont votre corps r\u00e9agit \u00e0 l'irritation ou \u00e0 la d\u00e9mangeaison. Cette action conduit directement \u00e0 une r\u00e9duction significative de l'envie de tousser, stoppant ainsi la toux \u00e0 sa source. En interrompant le cycle continu de la toux, le sirop donne \u00e0 votre gorge le temps n\u00e9cessaire pour se r\u00e9parer, vous aidant ainsi \u00e0 surmonter cette toux g\u00eanante plus rapidement et plus efficacement. Nous veillons \u00e0 ce que chaque lot de ce produit de haute qualit\u00e9 soit rigoureusement test\u00e9 pour r\u00e9pondre \u00e0 des normes strictes.<\/p>\n<h2>Avantages et applications recommand\u00e9es<\/h2>\n<p>Le principal avantage de la <b>Cod\u00e9ine Linctus<\/b> r\u00e9side dans son approche \u00e0 double action pour soulager la toux. Non seulement il supprime le r\u00e9flexe de la toux, mais il procure \u00e9galement une sensation d'apaisement de la gorge. Cela en fait une option inestimable pour les toux nocturnes, permettant un sommeil plus r\u00e9parateur. De plus, la disponibilit\u00e9 d'une option sans sucre permet aux personnes ayant des exigences alimentaires sp\u00e9cifiques ou des probl\u00e8mes de sant\u00e9, tels que le diab\u00e8te, de b\u00e9n\u00e9ficier de ses effets th\u00e9rapeutiques. Voici quelques avantages et applications cl\u00e9s :<\/p>\n<ul>\n<li><b>Soulagement efficace de la toux s\u00e8che :<\/b> Sp\u00e9cifiquement formul\u00e9 pour cibler et supprimer les toux s\u00e8ches, irritantes et grincheuses.<\/li>\n<li><b>R\u00e9duit l'envie de tousser :<\/b> Agit au niveau central pour diminuer l'envie de tousser, offrant un confort durable.<\/li>\n<li><b>Action apaisante pour la gorge :<\/b> Procure un effet calmant sur une gorge irrit\u00e9e, aidant \u00e0 r\u00e9duire l'inconfort.<\/li>\n<li><b>Favorise la gu\u00e9rison naturelle :<\/b> En arr\u00eatant le cycle de la toux, il permet \u00e0 la gorge de se r\u00e9tablir et de gu\u00e9rir plus rapidement.<\/li>\n<li><b>Variante sans sucre :<\/b> Disponible pour les personnes qui pr\u00e9f\u00e8rent ou qui ont besoin d'un m\u00e9dicament sans sucre.<\/li>\n<li><b>Propri\u00e9t\u00e9s analg\u00e9siques :<\/b> Le phosphate de cod\u00e9ine agit \u00e9galement comme un analg\u00e9sique, contribuant au confort g\u00e9n\u00e9ral pendant la maladie.<\/li>\n<li><b>Action rapide :<\/b> Con\u00e7u pour apporter un soulagement rapidement apr\u00e8s l'administration.<\/li>\n<\/ul>\n<h3>Comprendre les sp\u00e9cifications du produit<\/h3>\n<p>Fournir une vue d'ensemble claire des <b>Cod\u00e9ine Linctus<\/b>, Voici un tableau d\u00e9taill\u00e9 r\u00e9sumant ses principales caract\u00e9ristiques :<\/p>\n<table border=\"1\">\n<thead>\n<tr>\n<th>Fonctionnalit\u00e9<\/th>\n<th>Description<\/th>\n<\/tr>\n<\/thead>\n<tbody>\n<tr>\n<td><b>Nom du produit<\/b><\/td>\n<td>Cod\u00e9ine Linctus<\/td>\n<\/tr>\n<tr>\n<td><b>Utilisation principale<\/b><\/td>\n<td>Soulagement des toux s\u00e8ches et grasses<\/td>\n<\/tr>\n<tr>\n<td><b>Ingr\u00e9dient actif<\/b><\/td>\n<td>Phosphate de cod\u00e9ine (15 mg par dose)<\/td>\n<\/tr>\n<tr>\n<td><b>Forme du produit<\/b><\/td>\n<td>Linctus (Sirop)<\/td>\n<\/tr>\n<tr>\n<td><b>Options disponibles<\/b><\/td>\n<td>Standard et sans sucre<\/td>\n<\/tr>\n<tr>\n<td><b>Action<\/b><\/td>\n<td>Antitussif et adoucisseur de gorge<\/td>\n<\/tr>\n<\/tbody>\n<\/table>\n<h2>Informations importantes en mati\u00e8re de s\u00e9curit\u00e9 et de conformit\u00e9<\/h2>\n<p>Avant de prendre <b>Cod\u00e9ine Linctus<\/b>, Il est donc essentiel de conna\u00eetre d'importantes consignes de s\u00e9curit\u00e9. Ne prenez pas ce produit pendant que vous allaitez, car la cod\u00e9ine qu'il contient peut passer dans le lait maternel. Cela repr\u00e9sente un risque potentiel pour l'enfant. Consultez toujours votre m\u00e9decin ou votre pharmacien avant de prendre du linctus cod\u00e9in\u00e9 ou tout autre m\u00e9dicament pendant la grossesse ou l'allaitement. Cette consultation essentielle vous permettra d'\u00eatre absolument s\u00fbre que votre m\u00e9dicament est sans danger pour vous et votre b\u00e9b\u00e9. Votre professionnel de la sant\u00e9 peut vous donner des conseils personnalis\u00e9s en fonction de votre situation personnelle.<\/p>\n<p>Il est \u00e9galement essentiel de comprendre que <b>Cod\u00e9ine Linctus<\/b> peut entra\u00eener une somnolence ou un sommeil apr\u00e8s la prise. En raison de cet effet secondaire potentiel, il est fortement conseill\u00e9 de ne pas essayer de conduire ou d'utiliser des machines ou des outils lourds jusqu'\u00e0 ce que vous soyez enti\u00e8rement s\u00fbr que vous n'\u00eates pas affect\u00e9 de cette mani\u00e8re. Votre s\u00e9curit\u00e9 et celle des autres sur la route ou sur le lieu de travail sont primordiales. En outre, ne consommez pas d'alcool pendant que vous prenez ce sirop, car il peut accro\u00eetre consid\u00e9rablement les effets de la somnolence ou du sommeil, les rendant plus prononc\u00e9s qu'ils ne le seraient autrement. Pour en savoir plus sur l'utilisation s\u00fbre des m\u00e9dicaments, consultez des ressources telles que <a href=\"https:\/\/chemsfine.com\/fr\/product\/buy-mdphp-freebase-online-2\/\">nos lignes directrices en mati\u00e8re de s\u00e9curit\u00e9 pour diff\u00e9rents produits<\/a>. Cette approche globale de la s\u00e9curit\u00e9 garantit une utilisation responsable de nos produits.<\/p>\n<h3>Achats et conformit\u00e9 r\u00e9glementaire<\/h3>\n<p>Pour votre confort, aucune ordonnance n'est n\u00e9cessaire pour ce produit. Toutefois, pour votre s\u00e9curit\u00e9 et pour respecter les exigences l\u00e9gales, votre chimiste vous demandera de remplir un bref questionnaire m\u00e9dical avant de finaliser votre commande. Ce processus comprend des questions simples, mais cruciales, que toutes les pharmacies sont l\u00e9galement tenues de poser avant de fournir ce type de produit. Ce contr\u00f4le rigoureux permet \u00e0 notre \u00e9quipe de pharmaciens d'\u00eatre absolument s\u00fbre que ce produit sp\u00e9cifique est le meilleur et le plus s\u00fbr choix pour vous. Notre objectif est de garantir une distribution et une utilisation responsables de tous les produits achet\u00e9s aupr\u00e8s de <b>chemsfine<\/b>, La cod\u00e9ine linctus est un m\u00e9dicament efficace qui peut \u00eatre vendu.<\/p>\n<h2>Pourquoi choisir chemsfine pour votre achat de Codeine Linctus ?<\/h2>\n<p>Lorsque vous d\u00e9cidez de <b>Order Codeine Linctus Online<\/b>, en choisissant <b>chemsfine<\/b> offre des avantages incomparables. Nous sommes fiers de ne fournir que les <b>Meilleur Codeine Linctus disponible<\/b>, Notre engagement va au-del\u00e0 de l'offre de produits ; nous donnons la priorit\u00e9 \u00e0 la s\u00e9curit\u00e9 et \u00e0 la satisfaction de nos clients par des pratiques transparentes et une assistance solide. Notre engagement va au-del\u00e0 de la simple offre de produits ; nous donnons la priorit\u00e9 \u00e0 la s\u00e9curit\u00e9 et \u00e0 la satisfaction de nos clients gr\u00e2ce \u00e0 des pratiques transparentes et \u00e0 une assistance solide. Notre processus de commande simplifi\u00e9, associ\u00e9 \u00e0 un questionnaire m\u00e9dical obligatoire examin\u00e9 par des pharmaciens qualifi\u00e9s, garantit que votre achat est non seulement pratique mais aussi m\u00e9dicalement adapt\u00e9 \u00e0 vos besoins. Nous nous engageons \u00e0 fournir une exp\u00e9rience transparente, de la navigation \u00e0 la livraison.<\/p>\n<p>Notre r\u00e9putation d'excellence repose sur plusieurs piliers : des produits de grande puret\u00e9, un contr\u00f4le de qualit\u00e9 rigoureux et une assistance compl\u00e8te \u00e0 la client\u00e8le. Nous comprenons l'importance d'un soulagement fiable de la toux. <b>Cod\u00e9ine Linctus<\/b> est obtenu et manipul\u00e9 avec le plus grand soin afin de pr\u00e9server son int\u00e9grit\u00e9 th\u00e9rapeutique. En outre, nous proposons syst\u00e9matiquement des prix comp\u00e9titifs, rendant ainsi accessibles des solutions de sant\u00e9 de haute qualit\u00e9 sans faire de compromis sur les normes. Lorsque vous choisissez d'acheter du sirop de cod\u00e9ine linctus chez nous, vous choisissez un partenaire qui s'engage \u00e0 assurer votre bien-\u00eatre. Explorez nos cat\u00e9gories de produits pour trouver d'autres solutions, telles que <a href=\"https:\/\/chemsfine.com\/fr\/product\/kings-queens-znacks-strain-buy-online\/\">des articles plus sp\u00e9cialis\u00e9s pour vos besoins de recherche<\/a>, Tous ces produits b\u00e9n\u00e9ficient de notre garantie de qualit\u00e9.<\/p>\n<h2>Conclusion<\/h2>\n<p>En r\u00e9sum\u00e9, <b>Cod\u00e9ine Linctus<\/b> offre une solution fiable et efficace pour soulager les toux s\u00e8ches et grasses, apporter un soulagement bienvenu et favoriser la gu\u00e9rison de la gorge. Son principe actif \u00e9prouv\u00e9, associ\u00e9 \u00e0 l'option d'une variante sans sucre, en fait un choix polyvalent pour de nombreuses personnes. Nous vous invitons \u00e0 faire l'exp\u00e9rience de la qualit\u00e9 et de l'attention qui d\u00e9finissent les produits de l'OMS. <b>chemsfine<\/b>. Lorsque vous \u00eates pr\u00eat pour un soulagement efficace de la toux, vous pouvez en toute confiance <b>Buy Codeine Linctus For Sale<\/b> directement \u00e0 partir de notre plateforme en ligne s\u00e9curis\u00e9e. Confiance <b>chemsfine<\/b> pour vos besoins en mati\u00e8re de sant\u00e9 et de bien-\u00eatre, en sachant que vous recevez un produit de premier ordre soutenu par des conseils professionnels et un service sans faille. Votre confort et votre sant\u00e9 sont notre plus grande priorit\u00e9, et nous nous assurons que vous recevez le meilleur sirop de cod\u00e9ine linctus disponible sur le march\u00e9.<\/p>","protected":false},"excerpt":{"rendered":"<p><b>Cod\u00e9ine Linctus<\/b>, \u00e0 la disposition des <b>acheter \u00e0 chemsfine<\/b>, est un outil efficace de gestion de l'information et de la communication. <b>sirop contre la toux<\/b> con\u00e7u pour soulager les toux s\u00e8ches et grasses. Cette solution aide \u00e0 r\u00e9duire l'envie de tousser, en apportant un soulagement rapide et en favorisant le r\u00e9tablissement de la gorge. \u00c9galement propos\u00e9e en version sans sucre, elle est id\u00e9ale pour ceux qui recherchent un rem\u00e8de efficace contre les irritations persistantes.<\/p>","protected":false},"featured_media":6597,"comment_status":"open","ping_status":"closed","template":"","meta":{"_joinchat":[]},"product_brand":[],"product_cat":[940],"product_tag":[],"class_list":{"0":"post-6553","1":"product","2":"type-product","3":"status-publish","4":"has-post-thumbnail","6":"product_cat-cough-syrup","8":"first","9":"instock","10":"shipping-taxable","11":"purchasable","12":"product-type-variable"},"yoast_head":"<!-- This site is optimized with the Yoast SEO plugin v27.2 - https:\/\/yoast.com\/product\/yoast-seo-wordpress\/ -->\n<title>Buy Codeine Linctus Online | Best Cough Syrup Available<\/title>\n<meta name=\"description\" content=\"Discover Codeine Linctus for sale at chemsfine. An effective cough syrup, available to buy online, it soothes dry, tickly coughs &amp; offers relief. Order yours today!\" \/>\n<meta name=\"robots\" content=\"index, follow, max-snippet:-1, max-image-preview:large, max-video-preview:-1\" \/>\n<link rel=\"canonical\" href=\"https:\/\/chemsfine.com\/fr\/product\/codeine-linctus-cough-syrup\/\" \/>\n<meta property=\"og:locale\" content=\"fr_FR\" \/>\n<meta property=\"og:type\" content=\"article\" \/>\n<meta property=\"og:title\" content=\"Buy Codeine Linctus Online | Best Cough Syrup Available\" \/>\n<meta property=\"og:description\" content=\"Discover Codeine Linctus for sale at chemsfine. An effective cough syrup, available to buy online, it soothes dry, tickly coughs &amp; offers relief. Order yours today!\" \/>\n<meta property=\"og:url\" content=\"https:\/\/chemsfine.com\/fr\/product\/codeine-linctus-cough-syrup\/\" \/>\n<meta property=\"og:site_name\" content=\"Chemsfine\" \/>\n<meta property=\"article:modified_time\" content=\"2026-03-25T12:44:05+00:00\" \/>\n<meta property=\"og:image\" content=\"https:\/\/chemsfine.com\/wp-content\/uploads\/2026\/02\/codeine-linctus-1.jpg\" \/>\n\t<meta property=\"og:image:width\" content=\"211\" \/>\n\t<meta property=\"og:image:height\" content=\"211\" \/>\n\t<meta property=\"og:image:type\" content=\"image\/jpeg\" \/>\n<meta name=\"twitter:card\" content=\"summary_large_image\" \/>\n<meta name=\"twitter:label1\" content=\"Dur\u00e9e de lecture estim\u00e9e\" \/>\n\t<meta name=\"twitter:data1\" content=\"6 minutes\" \/>\n<script type=\"application\/ld+json\" class=\"yoast-schema-graph\">{\"@context\":\"https:\/\/schema.org\",\"@graph\":[{\"@type\":\"WebPage\",\"@id\":\"https:\/\/chemsfine.com\/product\/codeine-linctus-cough-syrup\/\",\"url\":\"https:\/\/chemsfine.com\/product\/codeine-linctus-cough-syrup\/\",\"name\":\"Buy Codeine Linctus Online | Best Cough Syrup Available\",\"isPartOf\":{\"@id\":\"https:\/\/chemsfine.com\/#website\"},\"primaryImageOfPage\":{\"@id\":\"https:\/\/chemsfine.com\/product\/codeine-linctus-cough-syrup\/#primaryimage\"},\"image\":{\"@id\":\"https:\/\/chemsfine.com\/product\/codeine-linctus-cough-syrup\/#primaryimage\"},\"thumbnailUrl\":\"https:\/\/chemsfine.com\/wp-content\/uploads\/2026\/02\/codeine-linctus-1.jpg\",\"datePublished\":\"2026-02-12T10:08:07+00:00\",\"dateModified\":\"2026-03-25T12:44:05+00:00\",\"description\":\"Discover Codeine Linctus for sale at chemsfine. An effective cough syrup, available to buy online, it soothes dry, tickly coughs &amp; offers relief. Order yours today!\",\"breadcrumb\":{\"@id\":\"https:\/\/chemsfine.com\/product\/codeine-linctus-cough-syrup\/#breadcrumb\"},\"inLanguage\":\"fr-FR\",\"potentialAction\":[{\"@type\":\"ReadAction\",\"target\":[\"https:\/\/chemsfine.com\/product\/codeine-linctus-cough-syrup\/\"]}]},{\"@type\":\"ImageObject\",\"inLanguage\":\"fr-FR\",\"@id\":\"https:\/\/chemsfine.com\/product\/codeine-linctus-cough-syrup\/#primaryimage\",\"url\":\"https:\/\/chemsfine.com\/wp-content\/uploads\/2026\/02\/codeine-linctus-1.jpg\",\"contentUrl\":\"https:\/\/chemsfine.com\/wp-content\/uploads\/2026\/02\/codeine-linctus-1.jpg\",\"width\":211,\"height\":211},{\"@type\":\"BreadcrumbList\",\"@id\":\"https:\/\/chemsfine.com\/product\/codeine-linctus-cough-syrup\/#breadcrumb\",\"itemListElement\":[{\"@type\":\"ListItem\",\"position\":1,\"name\":\"Home\",\"item\":\"https:\/\/chemsfine.com\/\"},{\"@type\":\"ListItem\",\"position\":2,\"name\":\"Shop\",\"item\":\"https:\/\/chemsfine.com\/shop\/\"},{\"@type\":\"ListItem\",\"position\":3,\"name\":\"Codeine Linctus | Effective Cough Syrup for Dry Coughs\"}]},{\"@type\":\"WebSite\",\"@id\":\"https:\/\/chemsfine.com\/#website\",\"url\":\"https:\/\/chemsfine.com\/\",\"name\":\"Chemsfine\",\"description\":\"My WordPress Blog\",\"publisher\":{\"@id\":\"https:\/\/chemsfine.com\/#organization\"},\"potentialAction\":[{\"@type\":\"SearchAction\",\"target\":{\"@type\":\"EntryPoint\",\"urlTemplate\":\"https:\/\/chemsfine.com\/?s={search_term_string}\"},\"query-input\":{\"@type\":\"PropertyValueSpecification\",\"valueRequired\":true,\"valueName\":\"search_term_string\"}}],\"inLanguage\":\"fr-FR\"},{\"@type\":\"Organization\",\"@id\":\"https:\/\/chemsfine.com\/#organization\",\"name\":\"Chemsfine\",\"url\":\"https:\/\/chemsfine.com\/\",\"logo\":{\"@type\":\"ImageObject\",\"inLanguage\":\"fr-FR\",\"@id\":\"https:\/\/chemsfine.com\/#\/schema\/logo\/image\/\",\"url\":\"https:\/\/chemsfine.com\/wp-content\/uploads\/2024\/09\/final-logo.png\",\"contentUrl\":\"https:\/\/chemsfine.com\/wp-content\/uploads\/2024\/09\/final-logo.png\",\"width\":340,\"height\":72,\"caption\":\"Chemsfine\"},\"image\":{\"@id\":\"https:\/\/chemsfine.com\/#\/schema\/logo\/image\/\"}}]}<\/script>\n<!-- \/ Yoast SEO plugin. -->","yoast_head_json":{"title":"Buy Codeine Linctus Online | Meilleur sirop contre la toux disponible","description":"D\u00e9couvrez Codeine Linctus en vente chez chemsfine. Un sirop efficace contre la toux, disponible \u00e0 l'achat en ligne, qui apaise les toux s\u00e8ches et grasses et offre un soulagement. Commandez le v\u00f4tre d\u00e8s aujourd'hui !","robots":{"index":"index","follow":"follow","max-snippet":"max-snippet:-1","max-image-preview":"max-image-preview:large","max-video-preview":"max-video-preview:-1"},"canonical":"https:\/\/chemsfine.com\/fr\/product\/codeine-linctus-cough-syrup\/","og_locale":"fr_FR","og_type":"article","og_title":"Buy Codeine Linctus Online | Best Cough Syrup Available","og_description":"Discover Codeine Linctus for sale at chemsfine. An effective cough syrup, available to buy online, it soothes dry, tickly coughs &amp; offers relief. Order yours today!","og_url":"https:\/\/chemsfine.com\/fr\/product\/codeine-linctus-cough-syrup\/","og_site_name":"Chemsfine","article_modified_time":"2026-03-25T12:44:05+00:00","og_image":[{"width":211,"height":211,"url":"https:\/\/chemsfine.com\/wp-content\/uploads\/2026\/02\/codeine-linctus-1.jpg","type":"image\/jpeg"}],"twitter_card":"summary_large_image","twitter_misc":{"Dur\u00e9e de lecture estim\u00e9e":"6 minutes"},"schema":{"@context":"https:\/\/schema.org","@graph":[{"@type":"WebPage","@id":"https:\/\/chemsfine.com\/product\/codeine-linctus-cough-syrup\/","url":"https:\/\/chemsfine.com\/product\/codeine-linctus-cough-syrup\/","name":"Buy Codeine Linctus Online | Meilleur sirop contre la toux disponible","isPartOf":{"@id":"https:\/\/chemsfine.com\/#website"},"primaryImageOfPage":{"@id":"https:\/\/chemsfine.com\/product\/codeine-linctus-cough-syrup\/#primaryimage"},"image":{"@id":"https:\/\/chemsfine.com\/product\/codeine-linctus-cough-syrup\/#primaryimage"},"thumbnailUrl":"https:\/\/chemsfine.com\/wp-content\/uploads\/2026\/02\/codeine-linctus-1.jpg","datePublished":"2026-02-12T10:08:07+00:00","dateModified":"2026-03-25T12:44:05+00:00","description":"D\u00e9couvrez Codeine Linctus en vente chez chemsfine. Un sirop efficace contre la toux, disponible \u00e0 l'achat en ligne, qui apaise les toux s\u00e8ches et grasses et offre un soulagement. Commandez le v\u00f4tre d\u00e8s aujourd'hui !","breadcrumb":{"@id":"https:\/\/chemsfine.com\/product\/codeine-linctus-cough-syrup\/#breadcrumb"},"inLanguage":"fr-FR","potentialAction":[{"@type":"ReadAction","target":["https:\/\/chemsfine.com\/product\/codeine-linctus-cough-syrup\/"]}]},{"@type":"ImageObject","inLanguage":"fr-FR","@id":"https:\/\/chemsfine.com\/product\/codeine-linctus-cough-syrup\/#primaryimage","url":"https:\/\/chemsfine.com\/wp-content\/uploads\/2026\/02\/codeine-linctus-1.jpg","contentUrl":"https:\/\/chemsfine.com\/wp-content\/uploads\/2026\/02\/codeine-linctus-1.jpg","width":211,"height":211},{"@type":"BreadcrumbList","@id":"https:\/\/chemsfine.com\/product\/codeine-linctus-cough-syrup\/#breadcrumb","itemListElement":[{"@type":"ListItem","position":1,"name":"Home","item":"https:\/\/chemsfine.com\/"},{"@type":"ListItem","position":2,"name":"Shop","item":"https:\/\/chemsfine.com\/shop\/"},{"@type":"ListItem","position":3,"name":"Codeine Linctus | Effective Cough Syrup for Dry Coughs"}]},{"@type":"WebSite","@id":"https:\/\/chemsfine.com\/#website","url":"https:\/\/chemsfine.com\/","name":"Chemsfine","description":"Mon blog WordPress","publisher":{"@id":"https:\/\/chemsfine.com\/#organization"},"potentialAction":[{"@type":"SearchAction","target":{"@type":"EntryPoint","urlTemplate":"https:\/\/chemsfine.com\/?s={search_term_string}"},"query-input":{"@type":"PropertyValueSpecification","valueRequired":true,"valueName":"search_term_string"}}],"inLanguage":"fr-FR"},{"@type":"Organization","@id":"https:\/\/chemsfine.com\/#organization","name":"Chemsfine","url":"https:\/\/chemsfine.com\/","logo":{"@type":"ImageObject","inLanguage":"fr-FR","@id":"https:\/\/chemsfine.com\/#\/schema\/logo\/image\/","url":"https:\/\/chemsfine.com\/wp-content\/uploads\/2024\/09\/final-logo.png","contentUrl":"https:\/\/chemsfine.com\/wp-content\/uploads\/2024\/09\/final-logo.png","width":340,"height":72,"caption":"Chemsfine"},"image":{"@id":"https:\/\/chemsfine.com\/#\/schema\/logo\/image\/"}}]}},"_links":{"self":[{"href":"https:\/\/chemsfine.com\/fr\/wp-json\/wp\/v2\/product\/6553","targetHints":{"allow":["GET"]}}],"collection":[{"href":"https:\/\/chemsfine.com\/fr\/wp-json\/wp\/v2\/product"}],"about":[{"href":"https:\/\/chemsfine.com\/fr\/wp-json\/wp\/v2\/types\/product"}],"replies":[{"embeddable":true,"href":"https:\/\/chemsfine.com\/fr\/wp-json\/wp\/v2\/comments?post=6553"}],"wp:featuredmedia":[{"embeddable":true,"href":"https:\/\/chemsfine.com\/fr\/wp-json\/wp\/v2\/media\/6597"}],"wp:attachment":[{"href":"https:\/\/chemsfine.com\/fr\/wp-json\/wp\/v2\/media?parent=6553"}],"wp:term":[{"taxonomy":"product_brand","embeddable":true,"href":"https:\/\/chemsfine.com\/fr\/wp-json\/wp\/v2\/product_brand?post=6553"},{"taxonomy":"product_cat","embeddable":true,"href":"https:\/\/chemsfine.com\/fr\/wp-json\/wp\/v2\/product_cat?post=6553"},{"taxonomy":"product_tag","embeddable":true,"href":"https:\/\/chemsfine.com\/fr\/wp-json\/wp\/v2\/product_tag?post=6553"}],"curies":[{"name":"wp","href":"https:\/\/api.w.org\/{rel}","templated":true}]}}