{"id":6632,"date":"2026-02-12T10:09:16","date_gmt":"2026-02-12T10:09:16","guid":{"rendered":"https:\/\/chemsfine.com\/?post_type=product&#038;p=6632"},"modified":"2026-03-25T12:38:47","modified_gmt":"2026-03-25T12:38:47","slug":"buy-bubblegum-hash-bulk","status":"publish","type":"product","link":"https:\/\/chemsfine.com\/fr\/product\/buy-bubblegum-hash-bulk\/","title":{"rendered":"Bubblegum Hash - Hash en vrac de premi\u00e8re qualit\u00e9 en ligne sur chemsfine"},"content":{"rendered":"<h2>Achetez du Bubblegum Hash de premi\u00e8re qualit\u00e9 exclusivement dans la boutique en ligne de chemsfine.<\/h2>\n<p>Pr\u00e9parez-vous \u00e0 une d\u00e9licieuse surprise lorsque vous <a href=\"https:\/\/chemsfine.com\/fr\/product\/buy-5cl-adb-a-online-for-sale\/\">acheter <b>Bubblegum Hash<\/b> \u00e0 vendre<\/a> de chemsfine. Ce hash exceptionnel porte bien son nom, vous accueillant avec un ar\u00f4me qui ressemble exactement \u00e0 celui d'un chewing-gum sucr\u00e9 ! Ce concentr\u00e9 de qualit\u00e9 sup\u00e9rieure produit une fum\u00e9e au go\u00fbt agr\u00e9able qui est nettement moins agressive pour la gorge que l'herbe traditionnelle. Avec sa teneur \u00e9lev\u00e9e en THC, il produit de mani\u00e8re magistrale une exp\u00e9rience unique, douce et profond\u00e9ment satisfaisante. Ce produit naturellement aromatis\u00e9 est r\u00e9put\u00e9 pour \u00eatre \u00e0 la fois amusant et exceptionnellement unique. Press\u00e9 dans une r\u00e9sine concentr\u00e9e \u00e0 partir des trichomes de la plante de marijuana, une petite quantit\u00e9 suffit. Cela en fait un excellent choix \u00e9conomique pour ceux qui cherchent \u00e0 stimuler leur app\u00e9tit en douceur, \u00e0 r\u00e9duire efficacement les sentiments d'anxi\u00e9t\u00e9 et \u00e0 \u00e9lever profond\u00e9ment leur humeur.<\/p>\n<h2>Qu'est-ce que le Bubblegum Hash ?<\/h2>\n<p><b>Bubblegum Hash<\/b> est un concentr\u00e9 de cannabis sp\u00e9cialis\u00e9, tr\u00e8s appr\u00e9ci\u00e9 pour ses propri\u00e9t\u00e9s distinctives. Il a une consistance douce et remarquablement mall\u00e9able, ce qui le rend incroyablement facile \u00e0 travailler, surtout une fois qu'il a \u00e9t\u00e9 l\u00e9g\u00e8rement chauff\u00e9. Ce haschisch de qualit\u00e9 sup\u00e9rieure est form\u00e9 \u00e0 partir de la r\u00e9sine recueillie sur les trichomes des meilleures plantes de marijuana. Le processus d'extraction et de pressage minutieux garantit un produit hautement concentr\u00e9, ce qui signifie que ses effets sont profonds et durables, m\u00eame en cas d'utilisation minimale. Nombreux sont ceux qui consid\u00e8rent qu'il s'agit du <b>haschisch de qualit\u00e9 sup\u00e9rieure<\/b> disponible, gr\u00e2ce \u00e0 sa cr\u00e9ation m\u00e9ticuleuse et \u00e0 son efficacit\u00e9 constante. Les terp\u00e8nes intrins\u00e8ques contribuent \u00e0 son inoubliable ar\u00f4me de bubble gum, qui le distingue des autres concentr\u00e9s. Sa puret\u00e9 et sa puissance sont les marques d'un produit sup\u00e9rieur, refl\u00e9tant le d\u00e9vouement \u00e0 la qualit\u00e9 que l'on retrouve chez chemsfine.<\/p>\n<h2>Bubblegum Hash en bref<\/h2>\n<table>\n<thead>\n<tr>\n<th>Fonctionnalit\u00e9<\/th>\n<th>Description<\/th>\n<\/tr>\n<\/thead>\n<tbody>\n<tr>\n<td>Ar\u00f4me et saveur<\/td>\n<td>Parfum distinctif de bubble gum et fum\u00e9e au go\u00fbt agr\u00e9able.<\/td>\n<\/tr>\n<tr>\n<td>Coh\u00e9rence<\/td>\n<td>Souple, mall\u00e9able et facile \u00e0 travailler.<\/td>\n<\/tr>\n<tr>\n<td>Puissance<\/td>\n<td>Teneur \u00e9lev\u00e9e en THC, offrant une exp\u00e9rience unique et douce.<\/td>\n<\/tr>\n<tr>\n<td>Source<\/td>\n<td>R\u00e9sine press\u00e9e \u00e0 partir des trichomes de la plante de cannabis.<\/td>\n<\/tr>\n<tr>\n<td>Principaux avantages<\/td>\n<td>Stimule l'app\u00e9tit, r\u00e9duit l'anxi\u00e9t\u00e9, am\u00e9liore l'humeur.<\/td>\n<\/tr>\n<tr>\n<td>Economique<\/td>\n<td>Hautement concentr\u00e9, une petite quantit\u00e9 suffit pour une longue dur\u00e9e.<\/td>\n<\/tr>\n<\/tbody>\n<\/table>\n<h2>Pourquoi acheter ce haschisch de qualit\u00e9 sup\u00e9rieure en ligne sur chemsfine ?<\/h2>\n<p>Choisir de <a href=\"https:\/\/chemsfine.com\/fr\/product\/buy-4f-methylphenidate-4f-mph-online\/\">acheter ce hash premium en ligne<\/a> Choisir chemsfine, c'est opter pour la fiabilit\u00e9, la qualit\u00e9 et une exp\u00e9rience client in\u00e9gal\u00e9e. Nous sommes fiers d'offrir les <b>le meilleur hachage disponible<\/b>, Les produits de la marque \"Bubble Gum\" sont fabriqu\u00e9s \u00e0 partir d'ingr\u00e9dients naturels, ce qui garantit que chaque lot r\u00e9pond \u00e0 des normes rigoureuses en mati\u00e8re de puret\u00e9 et de puissance. Notre s\u00e9lection de produits permet d'obtenir un produit qui non seulement sent exactement le chewing-gum, mais qui offre \u00e9galement un effet doux et puissant \u00e0 la fois. La fum\u00e9e au go\u00fbt agr\u00e9able est syst\u00e9matiquement moins agressive pour la gorge que beaucoup d'autres formes de cannabis, ce qui garantit une consommation plus agr\u00e9able. La teneur \u00e9lev\u00e9e en THC procure une exp\u00e9rience profond\u00e9ment douce et relaxante, id\u00e9ale pour se d\u00e9tendre. Sa nature concentr\u00e9e offre une valeur \u00e9conomique significative. Ce concentr\u00e9 est un excellent choix pour stimuler l'app\u00e9tit, r\u00e9duire efficacement les sympt\u00f4mes d'anxi\u00e9t\u00e9 et am\u00e9liorer constamment l'humeur. Nous nous distinguons par notre engagement \u00e0 fournir des d\u00e9tails transparents sur les produits et \u00e0 v\u00e9rifier les dossiers de lots.<\/p>\n<h2>Applications et avantages du Bubblegum Hash<\/h2>\n<ul>\n<li><b>Stimulation de l'app\u00e9tit :<\/b> Un excellent choix pour ceux qui souhaitent stimuler leur app\u00e9tit.<\/li>\n<li><b>R\u00e9duction de l'anxi\u00e9t\u00e9 :<\/b> Aide \u00e0 r\u00e9duire efficacement l'anxi\u00e9t\u00e9 et \u00e0 favoriser un \u00e9tat plus calme.<\/li>\n<li><b>\u00c9l\u00e9vation de l'humeur :<\/b> Contribue \u00e0 am\u00e9liorer l'humeur et \u00e0 promouvoir un sentiment de bien-\u00eatre.<\/li>\n<li><b>Exp\u00e9rience moelleuse :<\/b> La teneur \u00e9lev\u00e9e en THC produit une exp\u00e9rience relaxante et moelleuse, douce pour les poumons.<\/li>\n<li><b>Choix \u00e9conomique :<\/b> Une petite quantit\u00e9 suffit, ce qui fait de ce produit un excellent choix \u00e9conomique.<\/li>\n<li><b>Consommation r\u00e9guli\u00e8re :<\/b> Il est moins agressif pour la gorge que l'herbe et ne provoque pas beaucoup de toux.<\/li>\n<li><b>Manipulation ais\u00e9e :<\/b> Sa consistance douce et mall\u00e9able le rend facile \u00e0 manipuler et \u00e0 consommer.<\/li>\n<\/ul>\n<h2>Pourquoi choisir chemsfine pour vos achats de haschisch premium ?<\/h2>\n<p>Lorsque vous d\u00e9cidez de <a href=\"https:\/\/chemsfine.com\/fr\/product\/buy-5cl-adb-a-online-for-sale\/\">commander ce hash premium en ligne<\/a>, chemsfine est une destination de choix pour les clients exigeants \u00e0 la recherche de la meilleure qualit\u00e9 de vie possible. <b>le meilleur haschisch pas cher en ligne<\/b>. Notre engagement garantit que chaque commande apporte une d\u00e9licieuse surprise : un ar\u00f4me profond et authentique. Nous donnons la priorit\u00e9 \u00e0 une exp\u00e9rience de consommation douce ; ainsi, ce produit est con\u00e7u pour \u00eatre incroyablement facile \u00e0 fumer, pour ne pas provoquer de toux et pour \u00eatre particuli\u00e8rement doux pour les poumons. En tant que produit \u00e0 haute teneur en THC, ce concentr\u00e9 est vraiment unique, profond\u00e9ment amusant, et produit constamment une grande exp\u00e9rience moelleuse. Nous garantissons qu'une petite quantit\u00e9 suffit pour un long chemin, incarnant la valeur et la puissance que nos clients attendent. En plus de ce hash, chemsfine offre une s\u00e9lection vari\u00e9e de concentr\u00e9s de premi\u00e8re qualit\u00e9 et d'autres produits. <a href=\"https:\/\/chemsfine.com\/fr\/product\/buy-4f-methylphenidate-4f-mph-online\/\">produits de qualit\u00e9<\/a>, chemsfine vous garantit de trouver exactement ce dont vous avez besoin. Nous fournissons des d\u00e9tails transparents, des dossiers de lots v\u00e9rifi\u00e9s et des prix comp\u00e9titifs, faisant de chemsfine votre partenaire de confiance pour tous vos besoins en concentr\u00e9s.<\/p>\n<h2>Conclusion : S\u00e9curisez votre Hash Premium d\u00e8s aujourd'hui<\/h2>\n<p>En r\u00e9sum\u00e9, <b>Bubblegum Hash<\/b> de chemsfine offre une exp\u00e9rience in\u00e9gal\u00e9e, combinant un ar\u00f4me d\u00e9licieux avec des effets puissants et doux. Sa forme soigneusement press\u00e9e assure une fum\u00e9e douce, riche en THC, offrant une excellente valeur pour ceux qui cherchent \u00e0 stimuler l'app\u00e9tit, \u00e0 r\u00e9duire l'anxi\u00e9t\u00e9 ou simplement \u00e0 \u00e9lever leur humeur. Avec sa consistance douce et mall\u00e9able et son profil de saveur unique, ce produit est un concentr\u00e9 vraiment exceptionnel. Ne manquez pas l'occasion de <a href=\"https:\/\/chemsfine.com\/fr\/product\/buy-5cl-adb-a-online-for-sale\/\">acheter ce hash \u00e0 vendre<\/a> de chemsfine aujourd'hui et d\u00e9couvrez pourquoi il est le pr\u00e9f\u00e9r\u00e9 des utilisateurs exigeants. D\u00e9couvrez la diff\u00e9rence que font la qualit\u00e9 sup\u00e9rieure et l'artisanat m\u00e9ticuleux.<\/p>","protected":false},"excerpt":{"rendered":"<p>D\u00e9couvrez l'ar\u00f4me unique et les effets doux du <b>Bubblegum Hash<\/b>, Le haschich \u00e0 haute teneur en THC est un concentr\u00e9 de premi\u00e8re qualit\u00e9 de chemsfine. Fabriqu\u00e9 \u00e0 partir de trichomes de marijuana, ce hash \u00e0 haute teneur en THC est connu pour sa fum\u00e9e douce et sa capacit\u00e9 \u00e0 stimuler l'app\u00e9tit ou \u00e0 r\u00e9duire l'anxi\u00e9t\u00e9. Achetez Bubblegum Hash chez chemsfine pour une exp\u00e9rience \u00e9conomique et agr\u00e9able.<\/p>","protected":false},"featured_media":6675,"comment_status":"open","ping_status":"closed","template":"","meta":{"_joinchat":[]},"product_brand":[],"product_cat":[942],"product_tag":[],"class_list":{"0":"post-6632","1":"product","2":"type-product","3":"status-publish","4":"has-post-thumbnail","6":"product_cat-hashish","8":"first","9":"instock","10":"shipping-taxable","11":"purchasable","12":"product-type-variable"},"yoast_head":"<!-- This site is optimized with the Yoast SEO plugin v27.2 - https:\/\/yoast.com\/product\/yoast-seo-wordpress\/ -->\n<title>Buy Bubblegum Hash Online | Best Price &amp; Quality Available<\/title>\n<meta name=\"description\" content=\"Discover premium Bubblegum Hash at chemsfine. Experience unique aroma, mellow effects, and high THC. Buy online for quality and value today!\" \/>\n<meta name=\"robots\" content=\"index, follow, max-snippet:-1, max-image-preview:large, max-video-preview:-1\" \/>\n<link rel=\"canonical\" href=\"https:\/\/chemsfine.com\/fr\/product\/buy-bubblegum-hash-bulk\/\" \/>\n<meta property=\"og:locale\" content=\"fr_FR\" \/>\n<meta property=\"og:type\" content=\"article\" \/>\n<meta property=\"og:title\" content=\"Buy Bubblegum Hash Online | Best Price &amp; Quality Available\" \/>\n<meta property=\"og:description\" content=\"Discover premium Bubblegum Hash at chemsfine. Experience unique aroma, mellow effects, and high THC. Buy online for quality and value today!\" \/>\n<meta property=\"og:url\" content=\"https:\/\/chemsfine.com\/fr\/product\/buy-bubblegum-hash-bulk\/\" \/>\n<meta property=\"og:site_name\" content=\"Chemsfine\" \/>\n<meta property=\"article:modified_time\" content=\"2026-03-25T12:38:47+00:00\" \/>\n<meta property=\"og:image\" content=\"https:\/\/chemsfine.com\/wp-content\/uploads\/2026\/02\/bubblegum-hash-buy-bulk-hash-bulk-buddy-online-dispensary-1.jpg\" \/>\n\t<meta property=\"og:image:width\" content=\"1024\" \/>\n\t<meta property=\"og:image:height\" content=\"768\" \/>\n\t<meta property=\"og:image:type\" content=\"image\/jpeg\" \/>\n<meta name=\"twitter:card\" content=\"summary_large_image\" \/>\n<meta name=\"twitter:label1\" content=\"Dur\u00e9e de lecture estim\u00e9e\" \/>\n\t<meta name=\"twitter:data1\" content=\"4 minutes\" \/>\n<script type=\"application\/ld+json\" class=\"yoast-schema-graph\">{\"@context\":\"https:\/\/schema.org\",\"@graph\":[{\"@type\":\"WebPage\",\"@id\":\"https:\/\/chemsfine.com\/product\/buy-bubblegum-hash-bulk\/\",\"url\":\"https:\/\/chemsfine.com\/product\/buy-bubblegum-hash-bulk\/\",\"name\":\"Buy Bubblegum Hash Online | Best Price &amp; Quality Available\",\"isPartOf\":{\"@id\":\"https:\/\/chemsfine.com\/#website\"},\"primaryImageOfPage\":{\"@id\":\"https:\/\/chemsfine.com\/product\/buy-bubblegum-hash-bulk\/#primaryimage\"},\"image\":{\"@id\":\"https:\/\/chemsfine.com\/product\/buy-bubblegum-hash-bulk\/#primaryimage\"},\"thumbnailUrl\":\"https:\/\/chemsfine.com\/wp-content\/uploads\/2026\/02\/bubblegum-hash-buy-bulk-hash-bulk-buddy-online-dispensary-1.jpg\",\"datePublished\":\"2026-02-12T10:09:16+00:00\",\"dateModified\":\"2026-03-25T12:38:47+00:00\",\"description\":\"Discover premium Bubblegum Hash at chemsfine. Experience unique aroma, mellow effects, and high THC. Buy online for quality and value today!\",\"breadcrumb\":{\"@id\":\"https:\/\/chemsfine.com\/product\/buy-bubblegum-hash-bulk\/#breadcrumb\"},\"inLanguage\":\"fr-FR\",\"potentialAction\":[{\"@type\":\"ReadAction\",\"target\":[\"https:\/\/chemsfine.com\/product\/buy-bubblegum-hash-bulk\/\"]}]},{\"@type\":\"ImageObject\",\"inLanguage\":\"fr-FR\",\"@id\":\"https:\/\/chemsfine.com\/product\/buy-bubblegum-hash-bulk\/#primaryimage\",\"url\":\"https:\/\/chemsfine.com\/wp-content\/uploads\/2026\/02\/bubblegum-hash-buy-bulk-hash-bulk-buddy-online-dispensary-1.jpg\",\"contentUrl\":\"https:\/\/chemsfine.com\/wp-content\/uploads\/2026\/02\/bubblegum-hash-buy-bulk-hash-bulk-buddy-online-dispensary-1.jpg\",\"width\":1024,\"height\":768},{\"@type\":\"BreadcrumbList\",\"@id\":\"https:\/\/chemsfine.com\/product\/buy-bubblegum-hash-bulk\/#breadcrumb\",\"itemListElement\":[{\"@type\":\"ListItem\",\"position\":1,\"name\":\"Home\",\"item\":\"https:\/\/chemsfine.com\/\"},{\"@type\":\"ListItem\",\"position\":2,\"name\":\"Shop\",\"item\":\"https:\/\/chemsfine.com\/shop\/\"},{\"@type\":\"ListItem\",\"position\":3,\"name\":\"Bubblegum Hash | Premium Quality Bulk Hash Online at chemsfine\"}]},{\"@type\":\"WebSite\",\"@id\":\"https:\/\/chemsfine.com\/#website\",\"url\":\"https:\/\/chemsfine.com\/\",\"name\":\"Chemsfine\",\"description\":\"My WordPress Blog\",\"publisher\":{\"@id\":\"https:\/\/chemsfine.com\/#organization\"},\"potentialAction\":[{\"@type\":\"SearchAction\",\"target\":{\"@type\":\"EntryPoint\",\"urlTemplate\":\"https:\/\/chemsfine.com\/?s={search_term_string}\"},\"query-input\":{\"@type\":\"PropertyValueSpecification\",\"valueRequired\":true,\"valueName\":\"search_term_string\"}}],\"inLanguage\":\"fr-FR\"},{\"@type\":\"Organization\",\"@id\":\"https:\/\/chemsfine.com\/#organization\",\"name\":\"Chemsfine\",\"url\":\"https:\/\/chemsfine.com\/\",\"logo\":{\"@type\":\"ImageObject\",\"inLanguage\":\"fr-FR\",\"@id\":\"https:\/\/chemsfine.com\/#\/schema\/logo\/image\/\",\"url\":\"https:\/\/chemsfine.com\/wp-content\/uploads\/2024\/09\/final-logo.png\",\"contentUrl\":\"https:\/\/chemsfine.com\/wp-content\/uploads\/2024\/09\/final-logo.png\",\"width\":340,\"height\":72,\"caption\":\"Chemsfine\"},\"image\":{\"@id\":\"https:\/\/chemsfine.com\/#\/schema\/logo\/image\/\"}}]}<\/script>\n<!-- \/ Yoast SEO plugin. -->","yoast_head_json":{"title":"Buy Bubblegum Hash Online | Meilleur prix et qualit\u00e9 disponible","description":"D\u00e9couvrez le Bubblegum Hash de premi\u00e8re qualit\u00e9 chez chemsfine. Faites l'exp\u00e9rience d'un ar\u00f4me unique, d'effets doux et d'un taux \u00e9lev\u00e9 de THC. Achetez en ligne pour la qualit\u00e9 et la valeur aujourd'hui !","robots":{"index":"index","follow":"follow","max-snippet":"max-snippet:-1","max-image-preview":"max-image-preview:large","max-video-preview":"max-video-preview:-1"},"canonical":"https:\/\/chemsfine.com\/fr\/product\/buy-bubblegum-hash-bulk\/","og_locale":"fr_FR","og_type":"article","og_title":"Buy Bubblegum Hash Online | Best Price &amp; Quality Available","og_description":"Discover premium Bubblegum Hash at chemsfine. Experience unique aroma, mellow effects, and high THC. Buy online for quality and value today!","og_url":"https:\/\/chemsfine.com\/fr\/product\/buy-bubblegum-hash-bulk\/","og_site_name":"Chemsfine","article_modified_time":"2026-03-25T12:38:47+00:00","og_image":[{"width":1024,"height":768,"url":"https:\/\/chemsfine.com\/wp-content\/uploads\/2026\/02\/bubblegum-hash-buy-bulk-hash-bulk-buddy-online-dispensary-1.jpg","type":"image\/jpeg"}],"twitter_card":"summary_large_image","twitter_misc":{"Dur\u00e9e de lecture estim\u00e9e":"4 minutes"},"schema":{"@context":"https:\/\/schema.org","@graph":[{"@type":"WebPage","@id":"https:\/\/chemsfine.com\/product\/buy-bubblegum-hash-bulk\/","url":"https:\/\/chemsfine.com\/product\/buy-bubblegum-hash-bulk\/","name":"Buy Bubblegum Hash Online | Meilleur prix et qualit\u00e9 disponible","isPartOf":{"@id":"https:\/\/chemsfine.com\/#website"},"primaryImageOfPage":{"@id":"https:\/\/chemsfine.com\/product\/buy-bubblegum-hash-bulk\/#primaryimage"},"image":{"@id":"https:\/\/chemsfine.com\/product\/buy-bubblegum-hash-bulk\/#primaryimage"},"thumbnailUrl":"https:\/\/chemsfine.com\/wp-content\/uploads\/2026\/02\/bubblegum-hash-buy-bulk-hash-bulk-buddy-online-dispensary-1.jpg","datePublished":"2026-02-12T10:09:16+00:00","dateModified":"2026-03-25T12:38:47+00:00","description":"D\u00e9couvrez le Bubblegum Hash de premi\u00e8re qualit\u00e9 chez chemsfine. Faites l'exp\u00e9rience d'un ar\u00f4me unique, d'effets doux et d'un taux \u00e9lev\u00e9 de THC. Achetez en ligne pour la qualit\u00e9 et la valeur aujourd'hui !","breadcrumb":{"@id":"https:\/\/chemsfine.com\/product\/buy-bubblegum-hash-bulk\/#breadcrumb"},"inLanguage":"fr-FR","potentialAction":[{"@type":"ReadAction","target":["https:\/\/chemsfine.com\/product\/buy-bubblegum-hash-bulk\/"]}]},{"@type":"ImageObject","inLanguage":"fr-FR","@id":"https:\/\/chemsfine.com\/product\/buy-bubblegum-hash-bulk\/#primaryimage","url":"https:\/\/chemsfine.com\/wp-content\/uploads\/2026\/02\/bubblegum-hash-buy-bulk-hash-bulk-buddy-online-dispensary-1.jpg","contentUrl":"https:\/\/chemsfine.com\/wp-content\/uploads\/2026\/02\/bubblegum-hash-buy-bulk-hash-bulk-buddy-online-dispensary-1.jpg","width":1024,"height":768},{"@type":"BreadcrumbList","@id":"https:\/\/chemsfine.com\/product\/buy-bubblegum-hash-bulk\/#breadcrumb","itemListElement":[{"@type":"ListItem","position":1,"name":"Home","item":"https:\/\/chemsfine.com\/"},{"@type":"ListItem","position":2,"name":"Shop","item":"https:\/\/chemsfine.com\/shop\/"},{"@type":"ListItem","position":3,"name":"Bubblegum Hash | Premium Quality Bulk Hash Online at chemsfine"}]},{"@type":"WebSite","@id":"https:\/\/chemsfine.com\/#website","url":"https:\/\/chemsfine.com\/","name":"Chemsfine","description":"Mon blog WordPress","publisher":{"@id":"https:\/\/chemsfine.com\/#organization"},"potentialAction":[{"@type":"SearchAction","target":{"@type":"EntryPoint","urlTemplate":"https:\/\/chemsfine.com\/?s={search_term_string}"},"query-input":{"@type":"PropertyValueSpecification","valueRequired":true,"valueName":"search_term_string"}}],"inLanguage":"fr-FR"},{"@type":"Organization","@id":"https:\/\/chemsfine.com\/#organization","name":"Chemsfine","url":"https:\/\/chemsfine.com\/","logo":{"@type":"ImageObject","inLanguage":"fr-FR","@id":"https:\/\/chemsfine.com\/#\/schema\/logo\/image\/","url":"https:\/\/chemsfine.com\/wp-content\/uploads\/2024\/09\/final-logo.png","contentUrl":"https:\/\/chemsfine.com\/wp-content\/uploads\/2024\/09\/final-logo.png","width":340,"height":72,"caption":"Chemsfine"},"image":{"@id":"https:\/\/chemsfine.com\/#\/schema\/logo\/image\/"}}]}},"_links":{"self":[{"href":"https:\/\/chemsfine.com\/fr\/wp-json\/wp\/v2\/product\/6632","targetHints":{"allow":["GET"]}}],"collection":[{"href":"https:\/\/chemsfine.com\/fr\/wp-json\/wp\/v2\/product"}],"about":[{"href":"https:\/\/chemsfine.com\/fr\/wp-json\/wp\/v2\/types\/product"}],"replies":[{"embeddable":true,"href":"https:\/\/chemsfine.com\/fr\/wp-json\/wp\/v2\/comments?post=6632"}],"wp:featuredmedia":[{"embeddable":true,"href":"https:\/\/chemsfine.com\/fr\/wp-json\/wp\/v2\/media\/6675"}],"wp:attachment":[{"href":"https:\/\/chemsfine.com\/fr\/wp-json\/wp\/v2\/media?parent=6632"}],"wp:term":[{"taxonomy":"product_brand","embeddable":true,"href":"https:\/\/chemsfine.com\/fr\/wp-json\/wp\/v2\/product_brand?post=6632"},{"taxonomy":"product_cat","embeddable":true,"href":"https:\/\/chemsfine.com\/fr\/wp-json\/wp\/v2\/product_cat?post=6632"},{"taxonomy":"product_tag","embeddable":true,"href":"https:\/\/chemsfine.com\/fr\/wp-json\/wp\/v2\/product_tag?post=6632"}],"curies":[{"name":"wp","href":"https:\/\/api.w.org\/{rel}","templated":true}]}}