{"id":6657,"date":"2026-02-12T10:09:45","date_gmt":"2026-02-12T10:09:45","guid":{"rendered":"https:\/\/chemsfine.com\/?post_type=product&#038;p=6657"},"modified":"2026-03-25T12:32:34","modified_gmt":"2026-03-25T12:32:34","slug":"buy-polar-bear-hash","status":"publish","type":"product","link":"https:\/\/chemsfine.com\/fr\/product\/buy-polar-bear-hash\/","title":{"rendered":"Acheter Polar Bear Hash en ligne - Hash et concentr\u00e9s de qualit\u00e9 sup\u00e9rieure"},"content":{"rendered":"<p>Lorsque vous cherchez \u00e0 <b>acheter Polar Bear Hash \u00e0 vendre<\/b>, Chemsfine est votre premi\u00e8re destination pour une qualit\u00e9 exceptionnelle et une vaste s\u00e9lection. Plongez dans le monde des concentr\u00e9s de qualit\u00e9 sup\u00e9rieure et d\u00e9couvrez pourquoi nos offres sont tr\u00e8s recherch\u00e9es par les connaisseurs. Nous vous simplifions la t\u00e2che <b>acheter Polar Bear Hash en ligne<\/b>, Le Polar Bear Hash est un produit de qualit\u00e9 sup\u00e9rieure, qui vous donne acc\u00e8s aux meilleurs concentr\u00e9s de cannabis disponibles sur le march\u00e9. Notre engagement envers l'excellence garantit que chaque produit, y compris notre illustre Polar Bear Hash, r\u00e9pond aux normes les plus strictes en mati\u00e8re de puret\u00e9 et de puissance. Vous trouverez non seulement le <b>le meilleur haschisch pas cher en ligne<\/b> mais aussi de b\u00e9n\u00e9ficier d'un service in\u00e9gal\u00e9. Avec <b>plus de 80+ sortes de haschisch<\/b>, Avec une gamme vari\u00e9e d'options, dont certaines proviennent de sources locales et d'autres sont import\u00e9es de producteurs r\u00e9put\u00e9s, notre s\u00e9lection est con\u00e7ue pour r\u00e9pondre \u00e0 toutes les pr\u00e9f\u00e9rences et \u00e0 tous les go\u00fbts. Faites l'exp\u00e9rience de la commodit\u00e9 de la commande d\u00e8s aujourd'hui et profitez de notre offre g\u00e9n\u00e9reuse de <b>LIVRAISON GRATUITE \u00e0 partir de $99<\/b>, L'achat d'une prime de haschisch est donc encore plus avantageux.<\/p>\n<h2>Qu'est-ce que le Polar Bear Hash ?<\/h2>\n<p><b>Hash de l'ours polaire<\/b> repr\u00e9sente le summum du savoir-faire en mati\u00e8re de concentr\u00e9 de cannabis, r\u00e9put\u00e9 pour sa qualit\u00e9 sup\u00e9rieure et ses effets puissants. Le haschisch est un concentr\u00e9 obtenu par compression et traitement des glandes r\u00e9sineuses (trichomes) de la plante de cannabis. Ces trichomes sont riches en cannabino\u00efdes et en terp\u00e8nes, qui sont responsables des effets et des ar\u00f4mes particuliers du cannabis. <b>Hash de l'ours polaire<\/b>, En particulier, il est souvent c\u00e9l\u00e9br\u00e9 pour sa texture unique, son ar\u00f4me riche et son exp\u00e9rience puissante, ce qui en fait un v\u00e9ritable \"produit du terroir\". <b>Cachet de l'ours polaire de qualit\u00e9 sup\u00e9rieure<\/b> produit. Il est soigneusement \u00e9labor\u00e9 pour garantir une puret\u00e9 et une puissance maximales, afin d'offrir une exp\u00e9rience coh\u00e9rente et agr\u00e9able \u00e0 chaque fois. Le processus de production implique une attention m\u00e9ticuleuse aux d\u00e9tails, depuis la s\u00e9lection des meilleures vari\u00e9t\u00e9s de cannabis jusqu'\u00e0 l'utilisation de techniques d'extraction et de compression avanc\u00e9es, toutes destin\u00e9es \u00e0 pr\u00e9server l'int\u00e9grit\u00e9 naturelle et la puissance de la r\u00e9sine de la plante.<\/p>\n<h2>Pourquoi acheter de la pur\u00e9e d'ours polaire en ligne chez Chemsfine ?<\/h2>\n<p>Choisir de <b>acheter Polar Bear Hash en ligne<\/b> Chemsfine, c'est opter pour la fiabilit\u00e9, la qualit\u00e9 et une s\u00e9lection in\u00e9gal\u00e9e. Nous comprenons l'importance de la confiance lors de l'achat de concentr\u00e9s de cannabis de qualit\u00e9 sup\u00e9rieure, c'est pourquoi nous contr\u00f4lons m\u00e9ticuleusement tous nos produits. Notre vaste catalogue garantit que nous avons les <b>le meilleur Polar Bear Hash disponible<\/b>, ainsi qu'un large \u00e9ventail d'autres vari\u00e9t\u00e9s de haschisch \u00e0 explorer. Chez Chemsfine, nous donnons la priorit\u00e9 \u00e0 la satisfaction de nos clients en proposant des prix comp\u00e9titifs sans compromis sur la qualit\u00e9. Notre plateforme en ligne conviviale facilite grandement la navigation, la s\u00e9lection et l'achat des produits d\u00e9sir\u00e9s en toute confiance. De plus, notre engagement \u00e0 fournir une valeur ajout\u00e9e s'\u00e9tend \u00e0 nos politiques d'exp\u00e9dition ; rappelez-vous que vous pouvez b\u00e9n\u00e9ficier de <b>LIVRAISON GRATUITE \u00e0 partir de $99<\/b> sur votre commande. Nous fournissons \u00e9galement des descriptions d\u00e9taill\u00e9es des produits et des informations transparentes, ce qui vous permet de faire des choix \u00e9clair\u00e9s. Profitez de la commodit\u00e9 de transactions en ligne s\u00e9curis\u00e9es et d'une livraison discr\u00e8te directement \u00e0 votre porte.<\/p>\n<h2>Applications<\/h2>\n<p><b>Hash de l'ours polaire<\/b>, Comme d'autres concentr\u00e9s de cannabis de qualit\u00e9 sup\u00e9rieure, le cannabis de qualit\u00e9 sup\u00e9rieure offre une gamme polyvalente d'applications, tant pour les amateurs chevronn\u00e9s que pour ceux qui d\u00e9couvrent les concentr\u00e9s. Sa nature concentr\u00e9e signifie qu'une petite quantit\u00e9 peut produire des effets significatifs. Voici quelques fa\u00e7ons courantes d'appr\u00e9cier ce produit exceptionnel :<\/p>\n<ul>\n<li><b>Fumer :<\/b> Facile \u00e0 \u00e9mietter et \u00e0 ajouter aux joints, blunts ou pipes pour une m\u00e9thode de consommation classique.<\/li>\n<li><b>Vaping :<\/b> Ils peuvent \u00eatre vaporis\u00e9s \u00e0 l'aide de vaporisateurs sp\u00e9cialis\u00e9s dans les concentr\u00e9s, offrant ainsi une exp\u00e9rience plus propre et souvent plus savoureuse.<\/li>\n<li><b>Dabbing :<\/b> Id\u00e9al pour le dabbing, une m\u00e9thode qui consiste \u00e0 vaporiser une petite quantit\u00e9 de concentr\u00e9 sur une surface chauff\u00e9e.<\/li>\n<li><b>Les comestibles :<\/b> Il peut \u00eatre d\u00e9carboxyl\u00e9 et infus\u00e9 dans des huiles ou des beurres pour la fabrication de produits comestibles, ce qui constitue une option sans fum\u00e9e.<\/li>\n<li><b>Th\u00e8mes d'actualit\u00e9 :<\/b> Avec une infusion appropri\u00e9e, il peut \u00eatre incorpor\u00e9 dans des baumes et des cr\u00e8mes pour une application localis\u00e9e, bien que cela soit moins courant pour le haschisch de haute qualit\u00e9.<\/li>\n<li><b>La cuisine :<\/b> Un ingr\u00e9dient polyvalent pour les amateurs de cuisine qui cherchent \u00e0 infuser leurs plats avec du cannabis, apr\u00e8s d\u00e9carboxylation.<\/li>\n<li><b>Am\u00e9lioration d'autres produits :<\/b> Saupoudr\u00e9 sur la fleur dans un bang ou une pipe pour augmenter la puissance et la saveur.<\/li>\n<li><b>Extractions sans solvant :<\/b> Bien que le haschisch lui-m\u00eame soit une forme d'extraction, certains utilisateurs explorent d'autres m\u00e9thodes de purification pour des usages sp\u00e9cialis\u00e9s.<\/li>\n<\/ul>\n<h2>Explorer le catalogue diversifi\u00e9 de Chemsfine<\/h2>\n<p>Bien que nous nous concentrions sur les concentr\u00e9s de cannabis de qualit\u00e9 sup\u00e9rieure tels que les <b>Authentique ours polaire<\/b> est primordiale, Chemsfine s'enorgueillit \u00e9galement d'offrir un plus large \u00e9ventail de produits de haute qualit\u00e9. Nous sommes une source fiable pour divers compos\u00e9s sp\u00e9cialis\u00e9s, r\u00e9pondant \u00e0 une client\u00e8le diversifi\u00e9e avec des normes rigoureuses. Pour ceux qui souhaitent aller au-del\u00e0 des produits traditionnels du cannabis, notre catalogue comprend des mat\u00e9riaux de recherche de haute qualit\u00e9 et d'autres produits chimiques fins. Par exemple, vous pourriez d\u00e9couvrir des offres uniques telles que <a href=\"https:\/\/chemsfine.com\/fr\/product\/buy-2f-dck-online\/\">prime 2F-DCK<\/a> pour des besoins de recherche sp\u00e9cifiques, ou consid\u00e9rez notre solide s\u00e9lection de produits tels que <a href=\"https:\/\/chemsfine.com\/fr\/product\/diablo-k2-spray\/\">Diablo K2 Spray<\/a>, Chemsfine propose une large gamme de produits de haute puret\u00e9, tous maintenus avec le m\u00eame engagement de qualit\u00e9 et de s\u00e9curit\u00e9 d'approvisionnement. Notre engagement \u00e0 fournir une large gamme de produits de haute puret\u00e9 garantit que Chemsfine reste une ressource compl\u00e8te pour r\u00e9pondre aux exigences les plus diverses.<\/p>\n<h2>S\u00e9curit\u00e9 et plaisir responsable<\/h2>\n<p>Chez Chemsfine, nous insistons sur l'importance de la s\u00e9curit\u00e9 et de la consommation responsable pour tous nos produits, y compris <b>Hash de l'ours polaire<\/b>. Nous pr\u00e9conisons une utilisation \u00e9clair\u00e9e et le respect des r\u00e9glementations locales. Nos produits \u00e0 base de haschisch sont soumis \u00e0 des processus de contr\u00f4le de qualit\u00e9 rigoureux afin de garantir leur puret\u00e9 et l'absence de contaminants, ce qui vous permet de disposer d'un produit de grande puret\u00e9 pour la vente, auquel vous pouvez faire confiance. Nous veillons \u00e0 ce que l'emballage soit s\u00e9curis\u00e9 afin de pr\u00e9server l'int\u00e9grit\u00e9 du produit et de fournir des informations claires sur sa composition. Les consommateurs sont encourag\u00e9s \u00e0 commencer par de petites quantit\u00e9s, surtout s'ils sont novices en mati\u00e8re de concentr\u00e9s, afin de comprendre leur tol\u00e9rance individuelle. Conservez toujours vos <b>haschisch premium<\/b> dans un endroit frais, sombre et s\u00fbr, hors de port\u00e9e des mineurs et des animaux domestiques. Notre engagement en mati\u00e8re de conformit\u00e9 et d'assurance qualit\u00e9 refl\u00e8te notre engagement \u00e0 assurer le bien-\u00eatre et la satisfaction de nos clients, ce qui fait de votre achat un choix s\u00fbr et responsable.<\/p>\n<h2>Pourquoi nous choisir pour vos concentr\u00e9s de qualit\u00e9 sup\u00e9rieure ?<\/h2>\n<p>Lorsque vous d\u00e9cidez de <b>commander Polar Bear Hash en ligne<\/b>, ou tout autre concentr\u00e9, Chemsfine offre des raisons convaincantes de faire de nous votre fournisseur pr\u00e9f\u00e9r\u00e9. Nous nous engageons \u00e0 fournir des d\u00e9tails transparents sur nos produits, afin que vous sachiez exactement ce que vous recevez. Notre engagement \u00e0 v\u00e9rifier les dossiers de lots signifie une qualit\u00e9 et une puissance constantes \u00e0 chaque achat. Nous nous engageons \u00e0 proposer des prix comp\u00e9titifs, en nous effor\u00e7ant d'offrir le meilleur rapport qualit\u00e9-prix du march\u00e9. <b>meilleur haschisch en ligne<\/b> sans compromettre l'int\u00e9grit\u00e9 du produit. De plus, notre \u00e9quipe exceptionnelle de service \u00e0 la client\u00e8le est toujours pr\u00eate \u00e0 vous aider pour toute question, afin de rendre votre exp\u00e9rience d'achat agr\u00e9able et fluide. Notre vaste s\u00e9lection, comprenant plus de 80 vari\u00e9t\u00e9s, consolide notre position de leader dans le domaine des dispensaires en ligne, offrant des choix in\u00e9gal\u00e9s aux consommateurs avertis. Choisissez Chemsfine pour une v\u00e9ritable <b>achat s\u00e9curis\u00e9<\/b> de concentr\u00e9s de qualit\u00e9 sup\u00e9rieure.<\/p>\n<p><h3>Comparaison de la qualit\u00e9 du hachage<\/h3>\n<\/p>\n<table>\n<thead>\n<tr>\n<th>Fonctionnalit\u00e9<\/th>\n<th>Polar Bear Hash (Premium)<\/th>\n<th>Hash standard<\/th>\n<th>Haschisch de qualit\u00e9 inf\u00e9rieure<\/th>\n<\/tr>\n<\/thead>\n<tbody>\n<tr>\n<td>Puissance<\/td>\n<td>Tr\u00e8s \u00e9lev\u00e9<\/td>\n<td>Moyen \u00e0 \u00e9lev\u00e9<\/td>\n<td>Faible \u00e0 moyen<\/td>\n<\/tr>\n<tr>\n<td>Ar\u00f4me et saveur<\/td>\n<td>Riche, complexe, distinctif<\/td>\n<td>Mod\u00e9r\u00e9, terreux<\/td>\n<td>L\u00e9g\u00e8re, parfois dure<\/td>\n<\/tr>\n<tr>\n<td>Texture<\/td>\n<td>Souple, flexible, r\u00e9sineux<\/td>\n<td>Ferme, friable<\/td>\n<td>Dure, cassante<\/td>\n<\/tr>\n<tr>\n<td>La puret\u00e9<\/td>\n<td>Excellent (contaminants minimaux)<\/td>\n<td>Bon (un peu de mati\u00e8re v\u00e9g\u00e9tale)<\/td>\n<td>M\u00e9diocre (plus d'impuret\u00e9s)<\/td>\n<\/tr>\n<tr>\n<td>Exp\u00e9rience<\/td>\n<td>Euphorique, Longue dur\u00e9e<\/td>\n<td>\u00c9quilibr\u00e9, mod\u00e9r\u00e9<\/td>\n<td>L\u00e9ger, de courte dur\u00e9e<\/td>\n<\/tr>\n<\/tbody>\n<\/table>\n<h2>Conclusion<\/h2>\n<p>En r\u00e9sum\u00e9, pour ceux qui cherchent \u00e0 <b>acheter Polar Bear Hash \u00e0 vendre<\/b>, Chemsfine offre une exp\u00e9rience in\u00e9gal\u00e9e fond\u00e9e sur la qualit\u00e9, la vari\u00e9t\u00e9 et la satisfaction du client. Notre engagement \u00e0 fournir les meilleurs <b>haschisch premium<\/b>, Notre engagement \u00e0 assurer des transactions s\u00e9curis\u00e9es et des livraisons fiables fait de nous le meilleur choix pour r\u00e9pondre \u00e0 vos besoins en mati\u00e8re de concentr\u00e9s. Avec <b>plus de 80+ sortes de haschisch<\/b> de choix, ainsi que la commodit\u00e9 des achats en ligne et la livraison gratuite sur les commandes \u00e9ligibles, il n'y a jamais eu de meilleur moment pour explorer notre s\u00e9lection. Am\u00e9liorez votre exp\u00e9rience avec <b>Authentique ours polaire<\/b> et d\u00e9couvrez la diff\u00e9rence que fait la vraie qualit\u00e9. Visitez Chemsfine d\u00e8s aujourd'hui et embarquez pour un voyage vers des concentr\u00e9s de cannabis exceptionnels, garantis par la confiance et l'excellence.<\/p>","protected":false},"excerpt":{"rendered":"<p>Faites l'exp\u00e9rience de la riche qualit\u00e9 de <b>Hash de l'ours polaire<\/b>. Ce concentr\u00e9 de qualit\u00e9 sup\u00e9rieure offre une puissance et une saveur exceptionnelles. Lorsque vous recherchez la meilleure <b>Hash de l'ours polaire<\/b> disponible, achetez chez Chemsfine pour une s\u00e9lection de produits fiables et de haute qualit\u00e9.<\/p>","protected":false},"featured_media":6710,"comment_status":"open","ping_status":"closed","template":"","meta":{"_joinchat":[]},"product_brand":[],"product_cat":[942],"product_tag":[],"class_list":{"0":"post-6657","1":"product","2":"type-product","3":"status-publish","4":"has-post-thumbnail","6":"product_cat-hashish","8":"first","9":"instock","10":"shipping-taxable","11":"purchasable","12":"product-type-variable"},"yoast_head":"<!-- This site is optimized with the Yoast SEO plugin v27.2 - https:\/\/yoast.com\/product\/yoast-seo-wordpress\/ -->\n<title>Buy Polar Bear Hash Online | Best Prices Available at Chemsfine<\/title>\n<meta name=\"description\" content=\"Discover Polar Bear Hash online at Chemsfine. Buy premium, high-quality hash with over 80 varieties available. Order now for the best selection &amp; secure purchase.\" \/>\n<meta name=\"robots\" content=\"index, follow, max-snippet:-1, max-image-preview:large, max-video-preview:-1\" \/>\n<link rel=\"canonical\" href=\"https:\/\/chemsfine.com\/fr\/product\/buy-polar-bear-hash\/\" \/>\n<meta property=\"og:locale\" content=\"fr_FR\" \/>\n<meta property=\"og:type\" content=\"article\" \/>\n<meta property=\"og:title\" content=\"Buy Polar Bear Hash Online | Best Prices Available at Chemsfine\" \/>\n<meta property=\"og:description\" content=\"Discover Polar Bear Hash online at Chemsfine. Buy premium, high-quality hash with over 80 varieties available. Order now for the best selection &amp; secure purchase.\" \/>\n<meta property=\"og:url\" content=\"https:\/\/chemsfine.com\/fr\/product\/buy-polar-bear-hash\/\" \/>\n<meta property=\"og:site_name\" content=\"Chemsfine\" \/>\n<meta property=\"article:modified_time\" content=\"2026-03-25T12:32:34+00:00\" \/>\n<meta property=\"og:image\" content=\"https:\/\/chemsfine.com\/wp-content\/uploads\/2026\/02\/polar-bear-hash-online-dispensary-canada-bulk-buddy-weed-1.jpg\" \/>\n\t<meta property=\"og:image:width\" content=\"1024\" \/>\n\t<meta property=\"og:image:height\" content=\"1024\" \/>\n\t<meta property=\"og:image:type\" content=\"image\/jpeg\" \/>\n<meta name=\"twitter:card\" content=\"summary_large_image\" \/>\n<meta name=\"twitter:label1\" content=\"Dur\u00e9e de lecture estim\u00e9e\" \/>\n\t<meta name=\"twitter:data1\" content=\"6 minutes\" \/>\n<script type=\"application\/ld+json\" class=\"yoast-schema-graph\">{\"@context\":\"https:\/\/schema.org\",\"@graph\":[{\"@type\":\"WebPage\",\"@id\":\"https:\/\/chemsfine.com\/product\/buy-polar-bear-hash\/\",\"url\":\"https:\/\/chemsfine.com\/product\/buy-polar-bear-hash\/\",\"name\":\"Buy Polar Bear Hash Online | Best Prices Available at Chemsfine\",\"isPartOf\":{\"@id\":\"https:\/\/chemsfine.com\/#website\"},\"primaryImageOfPage\":{\"@id\":\"https:\/\/chemsfine.com\/product\/buy-polar-bear-hash\/#primaryimage\"},\"image\":{\"@id\":\"https:\/\/chemsfine.com\/product\/buy-polar-bear-hash\/#primaryimage\"},\"thumbnailUrl\":\"https:\/\/chemsfine.com\/wp-content\/uploads\/2026\/02\/polar-bear-hash-online-dispensary-canada-bulk-buddy-weed-1.jpg\",\"datePublished\":\"2026-02-12T10:09:45+00:00\",\"dateModified\":\"2026-03-25T12:32:34+00:00\",\"description\":\"Discover Polar Bear Hash online at Chemsfine. Buy premium, high-quality hash with over 80 varieties available. Order now for the best selection &amp; secure purchase.\",\"breadcrumb\":{\"@id\":\"https:\/\/chemsfine.com\/product\/buy-polar-bear-hash\/#breadcrumb\"},\"inLanguage\":\"fr-FR\",\"potentialAction\":[{\"@type\":\"ReadAction\",\"target\":[\"https:\/\/chemsfine.com\/product\/buy-polar-bear-hash\/\"]}]},{\"@type\":\"ImageObject\",\"inLanguage\":\"fr-FR\",\"@id\":\"https:\/\/chemsfine.com\/product\/buy-polar-bear-hash\/#primaryimage\",\"url\":\"https:\/\/chemsfine.com\/wp-content\/uploads\/2026\/02\/polar-bear-hash-online-dispensary-canada-bulk-buddy-weed-1.jpg\",\"contentUrl\":\"https:\/\/chemsfine.com\/wp-content\/uploads\/2026\/02\/polar-bear-hash-online-dispensary-canada-bulk-buddy-weed-1.jpg\",\"width\":1024,\"height\":1024},{\"@type\":\"BreadcrumbList\",\"@id\":\"https:\/\/chemsfine.com\/product\/buy-polar-bear-hash\/#breadcrumb\",\"itemListElement\":[{\"@type\":\"ListItem\",\"position\":1,\"name\":\"Home\",\"item\":\"https:\/\/chemsfine.com\/\"},{\"@type\":\"ListItem\",\"position\":2,\"name\":\"Shop\",\"item\":\"https:\/\/chemsfine.com\/shop\/\"},{\"@type\":\"ListItem\",\"position\":3,\"name\":\"Buy Polar Bear Hash Online | Premium Hash &amp; Concentrates\"}]},{\"@type\":\"WebSite\",\"@id\":\"https:\/\/chemsfine.com\/#website\",\"url\":\"https:\/\/chemsfine.com\/\",\"name\":\"Chemsfine\",\"description\":\"My WordPress Blog\",\"publisher\":{\"@id\":\"https:\/\/chemsfine.com\/#organization\"},\"potentialAction\":[{\"@type\":\"SearchAction\",\"target\":{\"@type\":\"EntryPoint\",\"urlTemplate\":\"https:\/\/chemsfine.com\/?s={search_term_string}\"},\"query-input\":{\"@type\":\"PropertyValueSpecification\",\"valueRequired\":true,\"valueName\":\"search_term_string\"}}],\"inLanguage\":\"fr-FR\"},{\"@type\":\"Organization\",\"@id\":\"https:\/\/chemsfine.com\/#organization\",\"name\":\"Chemsfine\",\"url\":\"https:\/\/chemsfine.com\/\",\"logo\":{\"@type\":\"ImageObject\",\"inLanguage\":\"fr-FR\",\"@id\":\"https:\/\/chemsfine.com\/#\/schema\/logo\/image\/\",\"url\":\"https:\/\/chemsfine.com\/wp-content\/uploads\/2024\/09\/final-logo.png\",\"contentUrl\":\"https:\/\/chemsfine.com\/wp-content\/uploads\/2024\/09\/final-logo.png\",\"width\":340,\"height\":72,\"caption\":\"Chemsfine\"},\"image\":{\"@id\":\"https:\/\/chemsfine.com\/#\/schema\/logo\/image\/\"}}]}<\/script>\n<!-- \/ Yoast SEO plugin. -->","yoast_head_json":{"title":"Acheter Polar Bear Hash en ligne | Meilleurs prix disponibles chez Chemsfine","description":"D\u00e9couvrez Polar Bear Hash en ligne sur Chemsfine. Achetez du haschisch de premi\u00e8re qualit\u00e9 avec plus de 80 vari\u00e9t\u00e9s disponibles. Commandez maintenant pour la meilleure s\u00e9lection et un achat s\u00e9curis\u00e9.","robots":{"index":"index","follow":"follow","max-snippet":"max-snippet:-1","max-image-preview":"max-image-preview:large","max-video-preview":"max-video-preview:-1"},"canonical":"https:\/\/chemsfine.com\/fr\/product\/buy-polar-bear-hash\/","og_locale":"fr_FR","og_type":"article","og_title":"Buy Polar Bear Hash Online | Best Prices Available at Chemsfine","og_description":"Discover Polar Bear Hash online at Chemsfine. Buy premium, high-quality hash with over 80 varieties available. Order now for the best selection &amp; secure purchase.","og_url":"https:\/\/chemsfine.com\/fr\/product\/buy-polar-bear-hash\/","og_site_name":"Chemsfine","article_modified_time":"2026-03-25T12:32:34+00:00","og_image":[{"width":1024,"height":1024,"url":"https:\/\/chemsfine.com\/wp-content\/uploads\/2026\/02\/polar-bear-hash-online-dispensary-canada-bulk-buddy-weed-1.jpg","type":"image\/jpeg"}],"twitter_card":"summary_large_image","twitter_misc":{"Dur\u00e9e de lecture estim\u00e9e":"6 minutes"},"schema":{"@context":"https:\/\/schema.org","@graph":[{"@type":"WebPage","@id":"https:\/\/chemsfine.com\/product\/buy-polar-bear-hash\/","url":"https:\/\/chemsfine.com\/product\/buy-polar-bear-hash\/","name":"Acheter Polar Bear Hash en ligne | Meilleurs prix disponibles chez Chemsfine","isPartOf":{"@id":"https:\/\/chemsfine.com\/#website"},"primaryImageOfPage":{"@id":"https:\/\/chemsfine.com\/product\/buy-polar-bear-hash\/#primaryimage"},"image":{"@id":"https:\/\/chemsfine.com\/product\/buy-polar-bear-hash\/#primaryimage"},"thumbnailUrl":"https:\/\/chemsfine.com\/wp-content\/uploads\/2026\/02\/polar-bear-hash-online-dispensary-canada-bulk-buddy-weed-1.jpg","datePublished":"2026-02-12T10:09:45+00:00","dateModified":"2026-03-25T12:32:34+00:00","description":"D\u00e9couvrez Polar Bear Hash en ligne sur Chemsfine. Achetez du haschisch de premi\u00e8re qualit\u00e9 avec plus de 80 vari\u00e9t\u00e9s disponibles. Commandez maintenant pour la meilleure s\u00e9lection et un achat s\u00e9curis\u00e9.","breadcrumb":{"@id":"https:\/\/chemsfine.com\/product\/buy-polar-bear-hash\/#breadcrumb"},"inLanguage":"fr-FR","potentialAction":[{"@type":"ReadAction","target":["https:\/\/chemsfine.com\/product\/buy-polar-bear-hash\/"]}]},{"@type":"ImageObject","inLanguage":"fr-FR","@id":"https:\/\/chemsfine.com\/product\/buy-polar-bear-hash\/#primaryimage","url":"https:\/\/chemsfine.com\/wp-content\/uploads\/2026\/02\/polar-bear-hash-online-dispensary-canada-bulk-buddy-weed-1.jpg","contentUrl":"https:\/\/chemsfine.com\/wp-content\/uploads\/2026\/02\/polar-bear-hash-online-dispensary-canada-bulk-buddy-weed-1.jpg","width":1024,"height":1024},{"@type":"BreadcrumbList","@id":"https:\/\/chemsfine.com\/product\/buy-polar-bear-hash\/#breadcrumb","itemListElement":[{"@type":"ListItem","position":1,"name":"Home","item":"https:\/\/chemsfine.com\/"},{"@type":"ListItem","position":2,"name":"Shop","item":"https:\/\/chemsfine.com\/shop\/"},{"@type":"ListItem","position":3,"name":"Buy Polar Bear Hash Online | Premium Hash &amp; Concentrates"}]},{"@type":"WebSite","@id":"https:\/\/chemsfine.com\/#website","url":"https:\/\/chemsfine.com\/","name":"Chemsfine","description":"Mon blog WordPress","publisher":{"@id":"https:\/\/chemsfine.com\/#organization"},"potentialAction":[{"@type":"SearchAction","target":{"@type":"EntryPoint","urlTemplate":"https:\/\/chemsfine.com\/?s={search_term_string}"},"query-input":{"@type":"PropertyValueSpecification","valueRequired":true,"valueName":"search_term_string"}}],"inLanguage":"fr-FR"},{"@type":"Organization","@id":"https:\/\/chemsfine.com\/#organization","name":"Chemsfine","url":"https:\/\/chemsfine.com\/","logo":{"@type":"ImageObject","inLanguage":"fr-FR","@id":"https:\/\/chemsfine.com\/#\/schema\/logo\/image\/","url":"https:\/\/chemsfine.com\/wp-content\/uploads\/2024\/09\/final-logo.png","contentUrl":"https:\/\/chemsfine.com\/wp-content\/uploads\/2024\/09\/final-logo.png","width":340,"height":72,"caption":"Chemsfine"},"image":{"@id":"https:\/\/chemsfine.com\/#\/schema\/logo\/image\/"}}]}},"_links":{"self":[{"href":"https:\/\/chemsfine.com\/fr\/wp-json\/wp\/v2\/product\/6657","targetHints":{"allow":["GET"]}}],"collection":[{"href":"https:\/\/chemsfine.com\/fr\/wp-json\/wp\/v2\/product"}],"about":[{"href":"https:\/\/chemsfine.com\/fr\/wp-json\/wp\/v2\/types\/product"}],"replies":[{"embeddable":true,"href":"https:\/\/chemsfine.com\/fr\/wp-json\/wp\/v2\/comments?post=6657"}],"wp:featuredmedia":[{"embeddable":true,"href":"https:\/\/chemsfine.com\/fr\/wp-json\/wp\/v2\/media\/6710"}],"wp:attachment":[{"href":"https:\/\/chemsfine.com\/fr\/wp-json\/wp\/v2\/media?parent=6657"}],"wp:term":[{"taxonomy":"product_brand","embeddable":true,"href":"https:\/\/chemsfine.com\/fr\/wp-json\/wp\/v2\/product_brand?post=6657"},{"taxonomy":"product_cat","embeddable":true,"href":"https:\/\/chemsfine.com\/fr\/wp-json\/wp\/v2\/product_cat?post=6657"},{"taxonomy":"product_tag","embeddable":true,"href":"https:\/\/chemsfine.com\/fr\/wp-json\/wp\/v2\/product_tag?post=6657"}],"curies":[{"name":"wp","href":"https:\/\/api.w.org\/{rel}","templated":true}]}}