{"id":8271,"date":"2026-02-12T18:22:45","date_gmt":"2026-02-12T18:22:45","guid":{"rendered":"https:\/\/chemsfine.com\/?post_type=product&#038;p=8271"},"modified":"2026-03-25T12:14:37","modified_gmt":"2026-03-25T12:14:37","slug":"buy-ethyl-pentedrone-crystal","status":"publish","type":"product","link":"https:\/\/chemsfine.com\/fr\/product\/buy-ethyl-pentedrone-crystal\/","title":{"rendered":"Acheter Ethyl-Pentedrone Crystal en ligne"},"content":{"rendered":"<p>Lorsque vous d\u00e9cidez de <b>Acheter Ethyl-Pentedrone Crystal For Sale<\/b>, vous avez besoin d'un partenaire qui privil\u00e9gie avant tout la puret\u00e9 et la conformit\u00e9. Chez Chemsfine, nous nous sommes impos\u00e9s comme une source fiable de produits chimiques de recherche de premi\u00e8re qualit\u00e9. Nous fournissons strictement aux laboratoires, aux universit\u00e9s et aux institutions de recherche reconnues d'authentiques cristaux d'Ethyl-Pentedrone con\u00e7us uniquement pour des recherches scientifiques l\u00e9gitimes.<\/p>\n<p>Trouver un fournisseur fiable est souvent la partie la plus difficile du processus d'approvisionnement. Notre \u00e9quipe se concentre sur la conformit\u00e9 totale, la fiabilit\u00e9 et la qualit\u00e9 constante. Nous veillons \u00e0 ce que chaque lot r\u00e9ponde \u00e0 des normes internationales rigoureuses en mati\u00e8re de s\u00e9curit\u00e9 et de puret\u00e9 avant qu'il ne quitte nos installations. Les chercheurs du monde entier nous font confiance pour leurs besoins critiques en mati\u00e8re de laboratoire, car nous fournissons des r\u00e9sultats auxquels ils peuvent se fier. Lorsque vous choisissez de <b>Commander le cristal Ethyl-Pentedrone en ligne<\/b> avec nous, vous choisissez la tranquillit\u00e9 d'esprit.<\/p>\n<h2>Qu'est-ce que l'Ethyl-Pentedrone Crystal ?<\/h2>\n<p><b>Cristal d'\u00e9thyl-pentedrone<\/b> est un produit chimique de recherche de haute qualit\u00e9 appartenant \u00e0 la classe des cathinones, largement utilis\u00e9 dans le cadre de la recherche m\u00e9dico-l\u00e9gale et analytique. Les scientifiques et les professionnels des laboratoires utilisent ce compos\u00e9 pour \u00e9tudier les propri\u00e9t\u00e9s chimiques, les voies de r\u00e9action et les profils pharmacologiques dans des environnements contr\u00f4l\u00e9s. Il se caract\u00e9rise par sa structure cristalline et sa grande solubilit\u00e9, ce qui le rend id\u00e9al pour des mesures pr\u00e9cises et la pr\u00e9paration de solutions.<\/p>\n<p>Nous fournissons <b>Cristal Ethyl-Pentedrone de qualit\u00e9 sup\u00e9rieure<\/b> pour garantir la validit\u00e9 et la reproductibilit\u00e9 de vos donn\u00e9es de recherche. L'identit\u00e9 chimique implique une liaison mol\u00e9culaire complexe qui n\u00e9cessite une manipulation soigneuse. Contrairement aux produits de qualit\u00e9 inf\u00e9rieure, notre produit est soumis \u00e0 des protocoles de synth\u00e8se stricts afin de minimiser les impuret\u00e9s. Cette attention port\u00e9e aux d\u00e9tails garantit que vous recevrez le <b>Le meilleur cristal d'Ethyl-Pentedrone disponible<\/b> pour vos applications de spectrom\u00e9trie et de chromatographie.<\/p>\n<h2>Pourquoi acheter Ethyl-Pentedrone Crystal en ligne chez Chemsfine ?<\/h2>\n<p>Il existe de nombreux vendeurs sur le march\u00e9, mais Chemsfine se distingue par son engagement in\u00e9branlable \u00e0 respecter les normes professionnelles. Par cons\u00e9quent, lorsque vous recherchez un <b>Achat s\u00e9curis\u00e9<\/b>, Notre plateforme crypt\u00e9e offre la voie la plus s\u00fbre. Nous op\u00e9rons en tant que fournisseur enti\u00e8rement licenci\u00e9 et r\u00e9glement\u00e9, adh\u00e9rant \u00e0 des lois internationales strictes concernant la distribution de produits chimiques.<\/p>\n<p>En outre, notre gestion des stocks est in\u00e9gal\u00e9e. Alors que de nombreux clients nous rendent visite pour <a href=\"https:\/\/chemsfine.com\/fr\/product\/buy-mdpv-online-premium-quality-for-sale\/\">buy MDPV online premium quality for sale<\/a>, En raison de sa puret\u00e9, notre stock d'Ethyl-Pentedrone reste l'un des articles les plus demand\u00e9s. Nous v\u00e9rifions chaque envoi pour nous assurer qu'il correspond aux exigences sp\u00e9cifiques de votre laboratoire. Vous \u00e9vitez ainsi les risques associ\u00e9s aux fournisseurs non v\u00e9rifi\u00e9s. Nous garantissons l'authenticit\u00e9, assurant que le produit que vous recevez correspond aux sp\u00e9cifications \u00e9lev\u00e9es list\u00e9es sur notre site.<\/p>\n<h2>Applications<\/h2>\n<p>Notre <b>Haute puret\u00e9 \u00e0 vendre<\/b> conviennent \u00e0 un large \u00e9ventail d'applications scientifiques. Les professionnels utilisent cette substance dans divers dispositifs exp\u00e9rimentaux. Les applications les plus courantes sont les suivantes :<\/p>\n<ul>\n<li><b>Analyse m\u00e9dico-l\u00e9gale :<\/b> Utilis\u00e9 comme norme de r\u00e9f\u00e9rence pour l'identification des drogues et les tests toxicologiques.<\/li>\n<li><b>Test de r\u00e9actifs chimiques :<\/b> Utilis\u00e9 pour observer la cin\u00e9tique des r\u00e9actions et les propri\u00e9t\u00e9s structurelles.<\/li>\n<li><b>Spectrom\u00e9trie de masse (GC\/MS) :<\/b> Indispensable pour calibrer le mat\u00e9riel d'analyse en vue d'une d\u00e9tection pr\u00e9cise.<\/li>\n<li><b>Recherche pharmacologique :<\/b> \u00c9tudier les profils de liaison des r\u00e9cepteurs dans des environnements strictement in vitro.<\/li>\n<li><b>\u00c9tudes de solubilit\u00e9 :<\/b> Analyse du comportement du compos\u00e9 dans diff\u00e9rents solvants.<\/li>\n<\/ul>\n<h2>S\u00e9curit\u00e9 et conformit\u00e9<\/h2>\n<p>La s\u00e9curit\u00e9 reste notre priorit\u00e9 absolue. <b>Cristal d'\u00e9thyl-pentedrone<\/b> est strictement destin\u00e9 aux laboratoires et \u00e0 la recherche scientifique. Il n'est PAS destin\u00e9 \u00e0 la consommation humaine. Seuls des professionnels qualifi\u00e9s disposant de l'\u00e9quipement de protection individuelle (EPI) appropri\u00e9 peuvent manipuler ce compos\u00e9. Notre soci\u00e9t\u00e9 s'engage \u00e0 fournir des produits \u00e9thiques et \u00e0 se conformer \u00e0 toutes les r\u00e9glementations pertinentes.<\/p>\n<p>En outre, nous fournissons des fiches de donn\u00e9es de s\u00e9curit\u00e9 (FDS) compl\u00e8tes avec chaque commande. Votre \u00e9quipe dispose ainsi des informations n\u00e9cessaires concernant la manipulation, le stockage et l'\u00e9limination. Nos installations maintiennent un environnement contr\u00f4l\u00e9 afin d'\u00e9viter toute contamination, garantissant ainsi que les <b>Grade de laboratoire \u00e0 vendre<\/b> Le mat\u00e9riel que vous recevez est s\u00fbr pour une analyse de haut niveau.<\/p>\n<h2>Pourquoi nous choisir ?<\/h2>\n<p>Chemsfine offre une exp\u00e9rience d'approvisionnement sans faille. Notre r\u00e9seau logistique mondial garantit une livraison rapide et fiable dans plus de 50 pays, sans compromettre la s\u00e9curit\u00e9. Que vous ayez besoin d'un <a href=\"https:\/\/chemsfine.com\/fr\/product\/cookie-monster-shatter-online-dispensary\/\">Dispensaire en ligne Cookie Monster Shatter<\/a> Pour ce qui est des cristaux de recherche industrielle ou des objets de recherche, notre emballage discret garantit que vos fournitures arrivent en toute s\u00e9curit\u00e9 et en toute confidentialit\u00e9. Nous respectons la vie priv\u00e9e de nos clients et la nature sensible de leur travail.<\/p>\n<p>En outre, nous proposons des prix comp\u00e9titifs sans sacrifier la qualit\u00e9. <b>Acheter en ligne<\/b> en toute confiance, sachant que notre \u00e9quipe d'assistance est disponible pour r\u00e9pondre aux questions concernant le suivi et les produits. Notre r\u00e9putation aupr\u00e8s des universit\u00e9s et des laboratoires priv\u00e9s parle d'elle-m\u00eame. Nous combinons rapidit\u00e9, discr\u00e9tion et qualit\u00e9 en un seul service professionnel.<\/p>\n<table style=\"width: 100%; border-collapse: collapse; margin-top: 20px;\" border=\"1\" cellspacing=\"0\" cellpadding=\"10\">\n<tbody>\n<tr>\n<td style=\"background-color: #f2f2f2;\"><b>Nom du produit<\/b><\/td>\n<td>Cristal d'\u00e9thyl-pentedrone<\/td>\n<\/tr>\n<tr>\n<td style=\"background-color: #f2f2f2;\"><b>Grade de puret\u00e9<\/b><\/td>\n<td>\u226599.8% Haute puret\u00e9<\/td>\n<\/tr>\n<tr>\n<td style=\"background-color: #f2f2f2;\"><b>Formulaire<\/b><\/td>\n<td>Solide cristallin<\/td>\n<\/tr>\n<tr>\n<td style=\"background-color: #f2f2f2;\"><b>Utilisation<\/b><\/td>\n<td>Recherche en laboratoire uniquement<\/td>\n<\/tr>\n<tr>\n<td style=\"background-color: #f2f2f2;\"><b>Exp\u00e9dition<\/b><\/td>\n<td>Discret et s\u00fbr<\/td>\n<\/tr>\n<\/tbody>\n<\/table>\n<h2>Conclusion<\/h2>\n<p>Trouver un fournisseur de confiance est crucial pour le succ\u00e8s de votre recherche. Chemsfine garantit l'authenticit\u00e9, la s\u00e9curit\u00e9 et la livraison dans le monde entier, ce qui fait de nous le choix pr\u00e9f\u00e9r\u00e9 des professionnels du monde entier. Visitez Chemsfine d\u00e8s aujourd'hui pour passer votre commande. <b>Acheter Ethyl-Pentedrone Crystal For Sale<\/b> et faites l'exp\u00e9rience de la diff\u00e9rence de qualit\u00e9 et de service.<\/p>","protected":false},"excerpt":{"rendered":"<p><b>Cristal d'\u00e9thyl-pentedrone<\/b> est disponible pour <b>acheter \u00e0 Chemsfine<\/b> pour des applications de recherche certifi\u00e9es. Nous fournissons <b>Haute puret\u00e9 \u00e0 vendre<\/b> qui r\u00e9pond aux normes rigoureuses des laboratoires. Ce produit est strictement destin\u00e9 \u00e0 l'analyse professionnelle et \u00e0 l'identification m\u00e9dico-l\u00e9gale. <b>Commander le cristal Ethyl-Pentedrone en ligne<\/b> aujourd'hui pour vous assurer de recevoir un produit dont la coh\u00e9rence et l'authenticit\u00e9 ont \u00e9t\u00e9 test\u00e9es. Notre paiement s\u00e9curis\u00e9 et notre traitement discret font de nous l'interlocuteur privil\u00e9gi\u00e9 des consommateurs. <b>Le meilleur cristal d'Ethyl-Pentedrone disponible<\/b> pour les institutions scientifiques du monde entier.<\/p>","protected":false},"featured_media":8574,"comment_status":"open","ping_status":"closed","template":"","meta":{"_joinchat":[]},"product_brand":[],"product_cat":[938],"product_tag":[],"class_list":{"0":"post-8271","1":"product","2":"type-product","3":"status-publish","4":"has-post-thumbnail","6":"product_cat-cathinone","8":"first","9":"instock","10":"shipping-taxable","11":"purchasable","12":"product-type-variable"},"yoast_head":"<!-- This site is optimized with the Yoast SEO plugin v27.2 - https:\/\/yoast.com\/product\/yoast-seo-wordpress\/ -->\n<title>Buy Ethyl-Pentedrone Crystal Online | Best Price Available<\/title>\n<meta name=\"description\" content=\"Order Ethyl-Pentedrone Crystal online at Chemsfine. We provide High Purity For Sale for legitimate research. Secure Purchase, discreet shipping, and top quality.\" \/>\n<meta name=\"robots\" content=\"index, follow, max-snippet:-1, max-image-preview:large, max-video-preview:-1\" \/>\n<link rel=\"canonical\" href=\"https:\/\/chemsfine.com\/fr\/product\/buy-ethyl-pentedrone-crystal\/\" \/>\n<meta property=\"og:locale\" content=\"fr_FR\" \/>\n<meta property=\"og:type\" content=\"article\" \/>\n<meta property=\"og:title\" content=\"Buy Ethyl-Pentedrone Crystal Online | Best Price Available\" \/>\n<meta property=\"og:description\" content=\"Order Ethyl-Pentedrone Crystal online at Chemsfine. We provide High Purity For Sale for legitimate research. Secure Purchase, discreet shipping, and top quality.\" \/>\n<meta property=\"og:url\" content=\"https:\/\/chemsfine.com\/fr\/product\/buy-ethyl-pentedrone-crystal\/\" \/>\n<meta property=\"og:site_name\" content=\"Chemsfine\" \/>\n<meta property=\"article:modified_time\" content=\"2026-03-25T12:14:37+00:00\" \/>\n<meta property=\"og:image\" content=\"https:\/\/chemsfine.com\/wp-content\/uploads\/2026\/02\/healthy-white-crystal-5fakb48-817.jpg\" \/>\n\t<meta property=\"og:image:width\" content=\"500\" \/>\n\t<meta property=\"og:image:height\" content=\"375\" \/>\n\t<meta property=\"og:image:type\" content=\"image\/jpeg\" \/>\n<meta name=\"twitter:card\" content=\"summary_large_image\" \/>\n<meta name=\"twitter:label1\" content=\"Dur\u00e9e de lecture estim\u00e9e\" \/>\n\t<meta name=\"twitter:data1\" content=\"4 minutes\" \/>\n<script type=\"application\/ld+json\" class=\"yoast-schema-graph\">{\"@context\":\"https:\/\/schema.org\",\"@graph\":[{\"@type\":\"WebPage\",\"@id\":\"https:\/\/chemsfine.com\/product\/buy-ethyl-pentedrone-crystal\/\",\"url\":\"https:\/\/chemsfine.com\/product\/buy-ethyl-pentedrone-crystal\/\",\"name\":\"Buy Ethyl-Pentedrone Crystal Online | Best Price Available\",\"isPartOf\":{\"@id\":\"https:\/\/chemsfine.com\/#website\"},\"primaryImageOfPage\":{\"@id\":\"https:\/\/chemsfine.com\/product\/buy-ethyl-pentedrone-crystal\/#primaryimage\"},\"image\":{\"@id\":\"https:\/\/chemsfine.com\/product\/buy-ethyl-pentedrone-crystal\/#primaryimage\"},\"thumbnailUrl\":\"https:\/\/chemsfine.com\/wp-content\/uploads\/2026\/02\/healthy-white-crystal-5fakb48-817.jpg\",\"datePublished\":\"2026-02-12T18:22:45+00:00\",\"dateModified\":\"2026-03-25T12:14:37+00:00\",\"description\":\"Order Ethyl-Pentedrone Crystal online at Chemsfine. We provide High Purity For Sale for legitimate research. Secure Purchase, discreet shipping, and top quality.\",\"breadcrumb\":{\"@id\":\"https:\/\/chemsfine.com\/product\/buy-ethyl-pentedrone-crystal\/#breadcrumb\"},\"inLanguage\":\"fr-FR\",\"potentialAction\":[{\"@type\":\"ReadAction\",\"target\":[\"https:\/\/chemsfine.com\/product\/buy-ethyl-pentedrone-crystal\/\"]}]},{\"@type\":\"ImageObject\",\"inLanguage\":\"fr-FR\",\"@id\":\"https:\/\/chemsfine.com\/product\/buy-ethyl-pentedrone-crystal\/#primaryimage\",\"url\":\"https:\/\/chemsfine.com\/wp-content\/uploads\/2026\/02\/healthy-white-crystal-5fakb48-817.jpg\",\"contentUrl\":\"https:\/\/chemsfine.com\/wp-content\/uploads\/2026\/02\/healthy-white-crystal-5fakb48-817.jpg\",\"width\":500,\"height\":375,\"caption\":\"Buy Ethyl-Pentedrone Crystal Online\"},{\"@type\":\"BreadcrumbList\",\"@id\":\"https:\/\/chemsfine.com\/product\/buy-ethyl-pentedrone-crystal\/#breadcrumb\",\"itemListElement\":[{\"@type\":\"ListItem\",\"position\":1,\"name\":\"Home\",\"item\":\"https:\/\/chemsfine.com\/\"},{\"@type\":\"ListItem\",\"position\":2,\"name\":\"Shop\",\"item\":\"https:\/\/chemsfine.com\/shop\/\"},{\"@type\":\"ListItem\",\"position\":3,\"name\":\"Buy Ethyl-Pentedrone Crystal Online\"}]},{\"@type\":\"WebSite\",\"@id\":\"https:\/\/chemsfine.com\/#website\",\"url\":\"https:\/\/chemsfine.com\/\",\"name\":\"Chemsfine\",\"description\":\"My WordPress Blog\",\"publisher\":{\"@id\":\"https:\/\/chemsfine.com\/#organization\"},\"potentialAction\":[{\"@type\":\"SearchAction\",\"target\":{\"@type\":\"EntryPoint\",\"urlTemplate\":\"https:\/\/chemsfine.com\/?s={search_term_string}\"},\"query-input\":{\"@type\":\"PropertyValueSpecification\",\"valueRequired\":true,\"valueName\":\"search_term_string\"}}],\"inLanguage\":\"fr-FR\"},{\"@type\":\"Organization\",\"@id\":\"https:\/\/chemsfine.com\/#organization\",\"name\":\"Chemsfine\",\"url\":\"https:\/\/chemsfine.com\/\",\"logo\":{\"@type\":\"ImageObject\",\"inLanguage\":\"fr-FR\",\"@id\":\"https:\/\/chemsfine.com\/#\/schema\/logo\/image\/\",\"url\":\"https:\/\/chemsfine.com\/wp-content\/uploads\/2024\/09\/final-logo.png\",\"contentUrl\":\"https:\/\/chemsfine.com\/wp-content\/uploads\/2024\/09\/final-logo.png\",\"width\":340,\"height\":72,\"caption\":\"Chemsfine\"},\"image\":{\"@id\":\"https:\/\/chemsfine.com\/#\/schema\/logo\/image\/\"}}]}<\/script>\n<!-- \/ Yoast SEO plugin. -->","yoast_head_json":{"title":"Acheter Ethyl-Pentedrone Crystal Online | Meilleur prix disponible","description":"Commandez Ethyl-Pentedrone Crystal en ligne sur Chemsfine. Nous fournissons des produits de haute puret\u00e9 pour la recherche l\u00e9gitime. Achat s\u00e9curis\u00e9, livraison discr\u00e8te et qualit\u00e9 sup\u00e9rieure.","robots":{"index":"index","follow":"follow","max-snippet":"max-snippet:-1","max-image-preview":"max-image-preview:large","max-video-preview":"max-video-preview:-1"},"canonical":"https:\/\/chemsfine.com\/fr\/product\/buy-ethyl-pentedrone-crystal\/","og_locale":"fr_FR","og_type":"article","og_title":"Buy Ethyl-Pentedrone Crystal Online | Best Price Available","og_description":"Order Ethyl-Pentedrone Crystal online at Chemsfine. We provide High Purity For Sale for legitimate research. Secure Purchase, discreet shipping, and top quality.","og_url":"https:\/\/chemsfine.com\/fr\/product\/buy-ethyl-pentedrone-crystal\/","og_site_name":"Chemsfine","article_modified_time":"2026-03-25T12:14:37+00:00","og_image":[{"width":500,"height":375,"url":"https:\/\/chemsfine.com\/wp-content\/uploads\/2026\/02\/healthy-white-crystal-5fakb48-817.jpg","type":"image\/jpeg"}],"twitter_card":"summary_large_image","twitter_misc":{"Dur\u00e9e de lecture estim\u00e9e":"4 minutes"},"schema":{"@context":"https:\/\/schema.org","@graph":[{"@type":"WebPage","@id":"https:\/\/chemsfine.com\/product\/buy-ethyl-pentedrone-crystal\/","url":"https:\/\/chemsfine.com\/product\/buy-ethyl-pentedrone-crystal\/","name":"Acheter Ethyl-Pentedrone Crystal Online | Meilleur prix disponible","isPartOf":{"@id":"https:\/\/chemsfine.com\/#website"},"primaryImageOfPage":{"@id":"https:\/\/chemsfine.com\/product\/buy-ethyl-pentedrone-crystal\/#primaryimage"},"image":{"@id":"https:\/\/chemsfine.com\/product\/buy-ethyl-pentedrone-crystal\/#primaryimage"},"thumbnailUrl":"https:\/\/chemsfine.com\/wp-content\/uploads\/2026\/02\/healthy-white-crystal-5fakb48-817.jpg","datePublished":"2026-02-12T18:22:45+00:00","dateModified":"2026-03-25T12:14:37+00:00","description":"Commandez Ethyl-Pentedrone Crystal en ligne sur Chemsfine. Nous fournissons des produits de haute puret\u00e9 pour la recherche l\u00e9gitime. Achat s\u00e9curis\u00e9, livraison discr\u00e8te et qualit\u00e9 sup\u00e9rieure.","breadcrumb":{"@id":"https:\/\/chemsfine.com\/product\/buy-ethyl-pentedrone-crystal\/#breadcrumb"},"inLanguage":"fr-FR","potentialAction":[{"@type":"ReadAction","target":["https:\/\/chemsfine.com\/product\/buy-ethyl-pentedrone-crystal\/"]}]},{"@type":"ImageObject","inLanguage":"fr-FR","@id":"https:\/\/chemsfine.com\/product\/buy-ethyl-pentedrone-crystal\/#primaryimage","url":"https:\/\/chemsfine.com\/wp-content\/uploads\/2026\/02\/healthy-white-crystal-5fakb48-817.jpg","contentUrl":"https:\/\/chemsfine.com\/wp-content\/uploads\/2026\/02\/healthy-white-crystal-5fakb48-817.jpg","width":500,"height":375,"caption":"Buy Ethyl-Pentedrone Crystal Online"},{"@type":"BreadcrumbList","@id":"https:\/\/chemsfine.com\/product\/buy-ethyl-pentedrone-crystal\/#breadcrumb","itemListElement":[{"@type":"ListItem","position":1,"name":"Home","item":"https:\/\/chemsfine.com\/"},{"@type":"ListItem","position":2,"name":"Shop","item":"https:\/\/chemsfine.com\/shop\/"},{"@type":"ListItem","position":3,"name":"Buy Ethyl-Pentedrone Crystal Online"}]},{"@type":"WebSite","@id":"https:\/\/chemsfine.com\/#website","url":"https:\/\/chemsfine.com\/","name":"Chemsfine","description":"Mon blog WordPress","publisher":{"@id":"https:\/\/chemsfine.com\/#organization"},"potentialAction":[{"@type":"SearchAction","target":{"@type":"EntryPoint","urlTemplate":"https:\/\/chemsfine.com\/?s={search_term_string}"},"query-input":{"@type":"PropertyValueSpecification","valueRequired":true,"valueName":"search_term_string"}}],"inLanguage":"fr-FR"},{"@type":"Organization","@id":"https:\/\/chemsfine.com\/#organization","name":"Chemsfine","url":"https:\/\/chemsfine.com\/","logo":{"@type":"ImageObject","inLanguage":"fr-FR","@id":"https:\/\/chemsfine.com\/#\/schema\/logo\/image\/","url":"https:\/\/chemsfine.com\/wp-content\/uploads\/2024\/09\/final-logo.png","contentUrl":"https:\/\/chemsfine.com\/wp-content\/uploads\/2024\/09\/final-logo.png","width":340,"height":72,"caption":"Chemsfine"},"image":{"@id":"https:\/\/chemsfine.com\/#\/schema\/logo\/image\/"}}]}},"_links":{"self":[{"href":"https:\/\/chemsfine.com\/fr\/wp-json\/wp\/v2\/product\/8271","targetHints":{"allow":["GET"]}}],"collection":[{"href":"https:\/\/chemsfine.com\/fr\/wp-json\/wp\/v2\/product"}],"about":[{"href":"https:\/\/chemsfine.com\/fr\/wp-json\/wp\/v2\/types\/product"}],"replies":[{"embeddable":true,"href":"https:\/\/chemsfine.com\/fr\/wp-json\/wp\/v2\/comments?post=8271"}],"wp:featuredmedia":[{"embeddable":true,"href":"https:\/\/chemsfine.com\/fr\/wp-json\/wp\/v2\/media\/8574"}],"wp:attachment":[{"href":"https:\/\/chemsfine.com\/fr\/wp-json\/wp\/v2\/media?parent=8271"}],"wp:term":[{"taxonomy":"product_brand","embeddable":true,"href":"https:\/\/chemsfine.com\/fr\/wp-json\/wp\/v2\/product_brand?post=8271"},{"taxonomy":"product_cat","embeddable":true,"href":"https:\/\/chemsfine.com\/fr\/wp-json\/wp\/v2\/product_cat?post=8271"},{"taxonomy":"product_tag","embeddable":true,"href":"https:\/\/chemsfine.com\/fr\/wp-json\/wp\/v2\/product_tag?post=8271"}],"curies":[{"name":"wp","href":"https:\/\/api.w.org\/{rel}","templated":true}]}}