{"id":8280,"date":"2026-02-12T18:22:46","date_gmt":"2026-02-12T18:22:46","guid":{"rendered":"https:\/\/chemsfine.com\/?post_type=product&#038;p=8280"},"modified":"2026-03-25T12:10:36","modified_gmt":"2026-03-25T12:10:36","slug":"buy-php-chunks-online","status":"publish","type":"product","link":"https:\/\/chemsfine.com\/fr\/product\/buy-php-chunks-online\/","title":{"rendered":"Acheter des morceaux de a-PHP en ligne | Haute puret\u00e9, qualit\u00e9 recherche"},"content":{"rendered":"<p>Chez Chemsfine, nous sommes sp\u00e9cialis\u00e9s dans la fourniture de <b>a-PHP Chunks<\/b>, est un produit chimique de recherche de haute qualit\u00e9 con\u00e7u strictement pour les investigations scientifiques et de laboratoire. En tant que fournisseur de produits chimiques agr\u00e9\u00e9 et enti\u00e8rement conforme, nous servons les chercheurs et les laboratoires dans le monde entier, en veillant \u00e0 ce que chaque produit r\u00e9ponde \u00e0 des normes de qualit\u00e9 et de s\u00e9curit\u00e9 rigoureuses. Lorsque vous <b>Acheter des morceaux d'a-PHP \u00e0 vendre<\/b> Gr\u00e2ce \u00e0 notre plateforme, vous obtenez un produit qui a \u00e9t\u00e9 soumis \u00e0 des protocoles de test rigoureux afin de garantir la pr\u00e9cision de vos exp\u00e9riences.<\/p>\n<p>Notre engagement en faveur de l'excellence garantit que chaque lot conserve des niveaux \u00e9lev\u00e9s de stabilit\u00e9 et de puret\u00e9. Nous comprenons la nature critique de la pr\u00e9cision scientifique, c'est pourquoi nous fournissons des mat\u00e9riaux qui facilitent les r\u00e9sultats reproductibles. Que vous meniez des \u00e9tudes neurochimiques ou que vous analysiez des cathinones synth\u00e9tiques, notre inventaire r\u00e9pond \u00e0 vos besoins sp\u00e9cifiques. En outre, les chercheurs consultent souvent notre catalogue pour d'autres mat\u00e9riaux de haute qualit\u00e9, tels que <a href=\"https:\/\/chemsfine.com\/fr\/product\/concentrated-vanilla-sky-bath-salts-indulge-in-relaxation\/\">Sels de bain concentr\u00e9s Vanilla Sky<\/a>, Les chercheurs de l'Institut de recherche sur l'environnement et le d\u00e9veloppement (IRD) ont \u00e9t\u00e9 invit\u00e9s \u00e0 d\u00e9velopper leurs \u00e9tudes comparatives.<\/p>\n<h2>Qu'est-ce que c'est que les Chunks a-PHP ?<\/h2>\n<p><b>Chunks a-PHP de haute qualit\u00e9<\/b> (alpha-Pyrrolidinohexanoph\u00e9none) est un produit chimique synth\u00e9tique utilis\u00e9 couramment dans les \u00e9tudes de laboratoire et la recherche pharmacologique. Il appartient \u00e0 la classe des cathinones substitu\u00e9es et partage des similitudes structurelles avec la pyroval\u00e9rone. Les chercheurs appr\u00e9cient ce compos\u00e9 pour ses propri\u00e9t\u00e9s uniques dans des environnements contr\u00f4l\u00e9s.<\/p>\n<p>Cette substance permet aux scientifiques d'explorer diverses interactions avec les r\u00e9cepteurs et les voies m\u00e9taboliques. Elle constitue un outil essentiel pour les sciences m\u00e9dico-l\u00e9gales et les tests toxicologiques. Veuillez noter que ce produit est strictement r\u00e9serv\u00e9 \u00e0 la recherche in vitro et \u00e0 l'utilisation en laboratoire ; il n'est pas destin\u00e9 \u00e0 la consommation humaine ou animale.<\/p>\n<table border=\"1\" cellpadding=\"10\" cellspacing=\"0\" style=\"width:100%;border-collapse: collapse\">\n<thead>\n<tr style=\"background-color: #f2f2f2\">\n<th>Sp\u00e9cifications<\/th>\n<th>D\u00e9tails<\/th>\n<\/tr>\n<\/thead>\n<tbody>\n<tr>\n<td>Nom du produit<\/td>\n<td>a-PHP Chunks<\/td>\n<\/tr>\n<tr>\n<td>Num\u00e9ro CAS<\/td>\n<td>13415-86-6<\/td>\n<\/tr>\n<tr>\n<td>La puret\u00e9<\/td>\n<td>\u226599% Grade de laboratoire<\/td>\n<\/tr>\n<tr>\n<td>Formulaire<\/td>\n<td>Morceaux cristallins<\/td>\n<\/tr>\n<tr>\n<td>Utilisation<\/td>\n<td>Recherche et analyse m\u00e9dico-l\u00e9gale<\/td>\n<\/tr>\n<\/tbody>\n<\/table>\n<h2>Pourquoi acheter des morceaux a-PHP en ligne chez Chemsfine ?<\/h2>\n<p>Le choix du bon fournisseur est crucial pour l'int\u00e9grit\u00e9 de vos donn\u00e9es. C'est pourquoi Chemsfine garantit la <b>Les meilleurs morceaux d'a-PHP disponibles<\/b> sur le march\u00e9 aujourd'hui. Nous travaillons en toute transparence, en veillant \u00e0 ce que tous nos produits soient conformes aux normes l\u00e9gales et aux r\u00e8gles de s\u00e9curit\u00e9. Notre r\u00e9putation \u00e9tablie fait de nous un partenaire privil\u00e9gi\u00e9 des universit\u00e9s et des centres de recherche priv\u00e9s.<\/p>\n<p>Bovendien (De plus), nous accordons la priorit\u00e9 \u00e0 la s\u00e9curit\u00e9 de nos clients. Notre site web utilise un syst\u00e8me de cryptage avanc\u00e9 pour prot\u00e9ger vos donn\u00e9es lors des transactions. Nous proposons \u00e9galement une gamme vari\u00e9e de produits ; par exemple, certains laboratoires qui \u00e9tudient les m\u00e9thodes d'extraction \u00e9tudient \u00e9galement les m\u00e9thodes d'extraction. <a href=\"https:\/\/chemsfine.com\/fr\/product\/layer-cake-shatter-premium-indica-hybrid-concentrate\/\">G\u00e2teau de couches Shatter<\/a> pour des normes de r\u00e9f\u00e9rence sp\u00e9cifiques. Nous veillons \u00e0 la coh\u00e9rence de l'ensemble de notre cha\u00eene d'approvisionnement.<\/p>\n<h2>Toepassingen (Applications)<\/h2>\n<p>Les professionnels de la science utilisent ce compos\u00e9 \u00e0 diverses fins exp\u00e9rimentales. Voici les principales applications de la <b>Vente<\/b> et l'utilisation en laboratoire :<\/p>\n<ul>\n<li>Synth\u00e8se chimique avanc\u00e9e et analyse structurelle.<\/li>\n<li>\u00c9tudes neurochimiques et pharmacologiques concernant les transporteurs de monoamines.<\/li>\n<li>Recherche analytique sur les cathinones synth\u00e9tiques et leurs m\u00e9tabolites.<\/li>\n<li>Exp\u00e9riences de laboratoire ax\u00e9es sur les interactions et l'affinit\u00e9 des r\u00e9cepteurs.<\/li>\n<li>Tests de r\u00e9f\u00e9rence m\u00e9dico-l\u00e9gaux et d\u00e9pistage toxicologique.<\/li>\n<li>D\u00e9veloppement de nouvelles m\u00e9thodes de d\u00e9tection analytique.<\/li>\n<\/ul>\n<h2>Veiligheid &amp; Naleving<\/h2>\n<p>La s\u00e9curit\u00e9 est primordiale lors de la manipulation de produits chimiques puissants destin\u00e9s \u00e0 la recherche. Le personnel doit utiliser un \u00e9quipement de protection individuelle (EPI) appropri\u00e9, notamment des gants, des lunettes et des blouses de laboratoire, afin d'\u00e9viter tout contact direct. Les exp\u00e9riences doivent toujours se d\u00e9rouler sous une hotte certifi\u00e9e ou dans un environnement de laboratoire contr\u00f4l\u00e9 afin de g\u00e9rer efficacement la ventilation.<\/p>\n<p>Nous fournissons sur demande des fiches de donn\u00e9es de s\u00e9curit\u00e9 (FDS) et des certificats d'analyse (CoA) complets. Ces documents v\u00e9rifient la composition et les risques associ\u00e9s au mat\u00e9riau, garantissant ainsi que votre installation reste conforme aux protocoles de s\u00e9curit\u00e9 r\u00e9gionaux.<\/p>\n<h2>Quels sont les avantages pour vous ?<\/h2>\n<p>Chemsfine se distingue par l'importance qu'il accorde \u00e0 l'assurance qualit\u00e9 et \u00e0 l'assistance \u00e0 la client\u00e8le. Nous comprenons la logistique requise pour les mat\u00e9riaux sensibles. Lorsque vous <b>Commander des morceaux d'a-PHP en ligne<\/b> Avec nous, vous b\u00e9n\u00e9ficiez d'une livraison s\u00e9curis\u00e9e et discr\u00e8te dans le monde entier, dans le respect de votre vie priv\u00e9e. Notre \u00e9quipe de service \u00e0 la client\u00e8le est pr\u00eate \u00e0 r\u00e9pondre \u00e0 vos questions sur le suivi et les produits.<\/p>\n<p>Notre pr\u00e9sence mondiale nous permet d'approvisionner les centres de recherche de mani\u00e8re efficace et sans d\u00e9lais inutiles. Nous entretenons des partenariats solides afin de garantir des niveaux de stocks fiables. De plus, nous v\u00e9rifions chaque lot par des tests rigoureux en laboratoire afin de garantir une fiabilit\u00e9 maximale pour vos \u00e9tudes critiques.<\/p>\n<h2>Conclusion<\/h2>\n<p>Pour les professionnels de la recherche \u00e0 la recherche de mat\u00e9riaux de haute qualit\u00e9, Chemsfine est le fournisseur mondial de confiance. Avec des op\u00e9rations sous licence, une puret\u00e9 v\u00e9rifi\u00e9e et une assistance ax\u00e9e sur la recherche, nous garantissons que vos \u00e9tudes de laboratoire restent pr\u00e9cises, s\u00fbres et conformes. <b>Acheter des morceaux d'a-PHP \u00e0 vendre<\/b> et obtenir des r\u00e9sultats fiables et reproductibles dans vos travaux scientifiques.<\/p>","protected":false},"excerpt":{"rendered":"<p><b>a-PHP Chunks<\/b> sont des produits chimiques de recherche synth\u00e9tiques de haute puret\u00e9 con\u00e7us pour des analyses de laboratoire avanc\u00e9es et des \u00e9tudes pharmacologiques. Lorsque vous <b>acheter \u00e0 Chemsfine<\/b>, Gr\u00e2ce \u00e0 ce produit, vous recevez des lots v\u00e9rifi\u00e9s et test\u00e9s pour une stabilit\u00e9 et une coh\u00e9rence optimales. Id\u00e9al pour les exp\u00e9riences d'interaction avec les r\u00e9cepteurs et la synth\u00e8se chimique, ce produit r\u00e9pond \u00e0 des normes de laboratoire strictes. <b>Commander des morceaux d'a-PHP en ligne<\/b> aujourd'hui pour une manipulation s\u00fbre et des r\u00e9sultats fiables dans votre recherche scientifique.<\/p>","protected":false},"featured_media":8316,"comment_status":"open","ping_status":"closed","template":"","meta":{"_joinchat":[]},"product_brand":[],"product_cat":[938],"product_tag":[],"class_list":{"0":"post-8280","1":"product","2":"type-product","3":"status-publish","4":"has-post-thumbnail","6":"product_cat-cathinone","8":"first","9":"instock","10":"shipping-taxable","11":"purchasable","12":"product-type-variable"},"yoast_head":"<!-- This site is optimized with the Yoast SEO plugin v27.2 - https:\/\/yoast.com\/product\/yoast-seo-wordpress\/ -->\n<title>Buy a-PHP Chunks Online | High Purity Research Grade<\/title>\n<meta name=\"description\" content=\"Order a-PHP Chunks online at Chemsfine. Verified purity for advanced laboratory research. Secure payment, discreet global shipping, and top-tier support.\" \/>\n<meta name=\"robots\" content=\"index, follow, max-snippet:-1, max-image-preview:large, max-video-preview:-1\" \/>\n<link rel=\"canonical\" href=\"https:\/\/chemsfine.com\/fr\/product\/buy-php-chunks-online\/\" \/>\n<meta property=\"og:locale\" content=\"fr_FR\" \/>\n<meta property=\"og:type\" content=\"article\" \/>\n<meta property=\"og:title\" content=\"Buy a-PHP Chunks Online | High Purity Research Grade\" \/>\n<meta property=\"og:description\" content=\"Order a-PHP Chunks online at Chemsfine. Verified purity for advanced laboratory research. Secure payment, discreet global shipping, and top-tier support.\" \/>\n<meta property=\"og:url\" content=\"https:\/\/chemsfine.com\/fr\/product\/buy-php-chunks-online\/\" \/>\n<meta property=\"og:site_name\" content=\"Chemsfine\" \/>\n<meta property=\"article:modified_time\" content=\"2026-03-25T12:10:36+00:00\" \/>\n<meta property=\"og:image\" content=\"https:\/\/chemsfine.com\/wp-content\/uploads\/2026\/02\/a-php-chunks.png\" \/>\n\t<meta property=\"og:image:width\" content=\"759\" \/>\n\t<meta property=\"og:image:height\" content=\"555\" \/>\n\t<meta property=\"og:image:type\" content=\"image\/png\" \/>\n<meta name=\"twitter:card\" content=\"summary_large_image\" \/>\n<meta name=\"twitter:label1\" content=\"Dur\u00e9e de lecture estim\u00e9e\" \/>\n\t<meta name=\"twitter:data1\" content=\"4 minutes\" \/>\n<script type=\"application\/ld+json\" class=\"yoast-schema-graph\">{\"@context\":\"https:\/\/schema.org\",\"@graph\":[{\"@type\":\"WebPage\",\"@id\":\"https:\/\/chemsfine.com\/product\/buy-php-chunks-online\/\",\"url\":\"https:\/\/chemsfine.com\/product\/buy-php-chunks-online\/\",\"name\":\"Buy a-PHP Chunks Online | High Purity Research Grade\",\"isPartOf\":{\"@id\":\"https:\/\/chemsfine.com\/#website\"},\"primaryImageOfPage\":{\"@id\":\"https:\/\/chemsfine.com\/product\/buy-php-chunks-online\/#primaryimage\"},\"image\":{\"@id\":\"https:\/\/chemsfine.com\/product\/buy-php-chunks-online\/#primaryimage\"},\"thumbnailUrl\":\"https:\/\/chemsfine.com\/wp-content\/uploads\/2026\/02\/a-php-chunks.png\",\"datePublished\":\"2026-02-12T18:22:46+00:00\",\"dateModified\":\"2026-03-25T12:10:36+00:00\",\"description\":\"Order a-PHP Chunks online at Chemsfine. Verified purity for advanced laboratory research. Secure payment, discreet global shipping, and top-tier support.\",\"breadcrumb\":{\"@id\":\"https:\/\/chemsfine.com\/product\/buy-php-chunks-online\/#breadcrumb\"},\"inLanguage\":\"fr-FR\",\"potentialAction\":[{\"@type\":\"ReadAction\",\"target\":[\"https:\/\/chemsfine.com\/product\/buy-php-chunks-online\/\"]}]},{\"@type\":\"ImageObject\",\"inLanguage\":\"fr-FR\",\"@id\":\"https:\/\/chemsfine.com\/product\/buy-php-chunks-online\/#primaryimage\",\"url\":\"https:\/\/chemsfine.com\/wp-content\/uploads\/2026\/02\/a-php-chunks.png\",\"contentUrl\":\"https:\/\/chemsfine.com\/wp-content\/uploads\/2026\/02\/a-php-chunks.png\",\"width\":759,\"height\":555},{\"@type\":\"BreadcrumbList\",\"@id\":\"https:\/\/chemsfine.com\/product\/buy-php-chunks-online\/#breadcrumb\",\"itemListElement\":[{\"@type\":\"ListItem\",\"position\":1,\"name\":\"Home\",\"item\":\"https:\/\/chemsfine.com\/\"},{\"@type\":\"ListItem\",\"position\":2,\"name\":\"Shop\",\"item\":\"https:\/\/chemsfine.com\/shop\/\"},{\"@type\":\"ListItem\",\"position\":3,\"name\":\"Buy a-PHP Chunks Online | High Purity Research Grade\"}]},{\"@type\":\"WebSite\",\"@id\":\"https:\/\/chemsfine.com\/#website\",\"url\":\"https:\/\/chemsfine.com\/\",\"name\":\"Chemsfine\",\"description\":\"My WordPress Blog\",\"publisher\":{\"@id\":\"https:\/\/chemsfine.com\/#organization\"},\"potentialAction\":[{\"@type\":\"SearchAction\",\"target\":{\"@type\":\"EntryPoint\",\"urlTemplate\":\"https:\/\/chemsfine.com\/?s={search_term_string}\"},\"query-input\":{\"@type\":\"PropertyValueSpecification\",\"valueRequired\":true,\"valueName\":\"search_term_string\"}}],\"inLanguage\":\"fr-FR\"},{\"@type\":\"Organization\",\"@id\":\"https:\/\/chemsfine.com\/#organization\",\"name\":\"Chemsfine\",\"url\":\"https:\/\/chemsfine.com\/\",\"logo\":{\"@type\":\"ImageObject\",\"inLanguage\":\"fr-FR\",\"@id\":\"https:\/\/chemsfine.com\/#\/schema\/logo\/image\/\",\"url\":\"https:\/\/chemsfine.com\/wp-content\/uploads\/2024\/09\/final-logo.png\",\"contentUrl\":\"https:\/\/chemsfine.com\/wp-content\/uploads\/2024\/09\/final-logo.png\",\"width\":340,\"height\":72,\"caption\":\"Chemsfine\"},\"image\":{\"@id\":\"https:\/\/chemsfine.com\/#\/schema\/logo\/image\/\"}}]}<\/script>\n<!-- \/ Yoast SEO plugin. -->","yoast_head_json":{"title":"Acheter des morceaux de a-PHP en ligne | Haute puret\u00e9, qualit\u00e9 recherche","description":"Commandez a-PHP Chunks en ligne sur Chemsfine. Puret\u00e9 v\u00e9rifi\u00e9e pour la recherche avanc\u00e9e en laboratoire. Paiement s\u00e9curis\u00e9, livraison discr\u00e8te dans le monde entier et assistance de premier ordre.","robots":{"index":"index","follow":"follow","max-snippet":"max-snippet:-1","max-image-preview":"max-image-preview:large","max-video-preview":"max-video-preview:-1"},"canonical":"https:\/\/chemsfine.com\/fr\/product\/buy-php-chunks-online\/","og_locale":"fr_FR","og_type":"article","og_title":"Buy a-PHP Chunks Online | High Purity Research Grade","og_description":"Order a-PHP Chunks online at Chemsfine. Verified purity for advanced laboratory research. Secure payment, discreet global shipping, and top-tier support.","og_url":"https:\/\/chemsfine.com\/fr\/product\/buy-php-chunks-online\/","og_site_name":"Chemsfine","article_modified_time":"2026-03-25T12:10:36+00:00","og_image":[{"width":759,"height":555,"url":"https:\/\/chemsfine.com\/wp-content\/uploads\/2026\/02\/a-php-chunks.png","type":"image\/png"}],"twitter_card":"summary_large_image","twitter_misc":{"Dur\u00e9e de lecture estim\u00e9e":"4 minutes"},"schema":{"@context":"https:\/\/schema.org","@graph":[{"@type":"WebPage","@id":"https:\/\/chemsfine.com\/product\/buy-php-chunks-online\/","url":"https:\/\/chemsfine.com\/product\/buy-php-chunks-online\/","name":"Acheter des morceaux de a-PHP en ligne | Haute puret\u00e9, qualit\u00e9 recherche","isPartOf":{"@id":"https:\/\/chemsfine.com\/#website"},"primaryImageOfPage":{"@id":"https:\/\/chemsfine.com\/product\/buy-php-chunks-online\/#primaryimage"},"image":{"@id":"https:\/\/chemsfine.com\/product\/buy-php-chunks-online\/#primaryimage"},"thumbnailUrl":"https:\/\/chemsfine.com\/wp-content\/uploads\/2026\/02\/a-php-chunks.png","datePublished":"2026-02-12T18:22:46+00:00","dateModified":"2026-03-25T12:10:36+00:00","description":"Commandez a-PHP Chunks en ligne sur Chemsfine. Puret\u00e9 v\u00e9rifi\u00e9e pour la recherche avanc\u00e9e en laboratoire. Paiement s\u00e9curis\u00e9, livraison discr\u00e8te dans le monde entier et assistance de premier ordre.","breadcrumb":{"@id":"https:\/\/chemsfine.com\/product\/buy-php-chunks-online\/#breadcrumb"},"inLanguage":"fr-FR","potentialAction":[{"@type":"ReadAction","target":["https:\/\/chemsfine.com\/product\/buy-php-chunks-online\/"]}]},{"@type":"ImageObject","inLanguage":"fr-FR","@id":"https:\/\/chemsfine.com\/product\/buy-php-chunks-online\/#primaryimage","url":"https:\/\/chemsfine.com\/wp-content\/uploads\/2026\/02\/a-php-chunks.png","contentUrl":"https:\/\/chemsfine.com\/wp-content\/uploads\/2026\/02\/a-php-chunks.png","width":759,"height":555},{"@type":"BreadcrumbList","@id":"https:\/\/chemsfine.com\/product\/buy-php-chunks-online\/#breadcrumb","itemListElement":[{"@type":"ListItem","position":1,"name":"Home","item":"https:\/\/chemsfine.com\/"},{"@type":"ListItem","position":2,"name":"Shop","item":"https:\/\/chemsfine.com\/shop\/"},{"@type":"ListItem","position":3,"name":"Buy a-PHP Chunks Online | High Purity Research Grade"}]},{"@type":"WebSite","@id":"https:\/\/chemsfine.com\/#website","url":"https:\/\/chemsfine.com\/","name":"Chemsfine","description":"Mon blog WordPress","publisher":{"@id":"https:\/\/chemsfine.com\/#organization"},"potentialAction":[{"@type":"SearchAction","target":{"@type":"EntryPoint","urlTemplate":"https:\/\/chemsfine.com\/?s={search_term_string}"},"query-input":{"@type":"PropertyValueSpecification","valueRequired":true,"valueName":"search_term_string"}}],"inLanguage":"fr-FR"},{"@type":"Organization","@id":"https:\/\/chemsfine.com\/#organization","name":"Chemsfine","url":"https:\/\/chemsfine.com\/","logo":{"@type":"ImageObject","inLanguage":"fr-FR","@id":"https:\/\/chemsfine.com\/#\/schema\/logo\/image\/","url":"https:\/\/chemsfine.com\/wp-content\/uploads\/2024\/09\/final-logo.png","contentUrl":"https:\/\/chemsfine.com\/wp-content\/uploads\/2024\/09\/final-logo.png","width":340,"height":72,"caption":"Chemsfine"},"image":{"@id":"https:\/\/chemsfine.com\/#\/schema\/logo\/image\/"}}]}},"_links":{"self":[{"href":"https:\/\/chemsfine.com\/fr\/wp-json\/wp\/v2\/product\/8280","targetHints":{"allow":["GET"]}}],"collection":[{"href":"https:\/\/chemsfine.com\/fr\/wp-json\/wp\/v2\/product"}],"about":[{"href":"https:\/\/chemsfine.com\/fr\/wp-json\/wp\/v2\/types\/product"}],"replies":[{"embeddable":true,"href":"https:\/\/chemsfine.com\/fr\/wp-json\/wp\/v2\/comments?post=8280"}],"wp:featuredmedia":[{"embeddable":true,"href":"https:\/\/chemsfine.com\/fr\/wp-json\/wp\/v2\/media\/8316"}],"wp:attachment":[{"href":"https:\/\/chemsfine.com\/fr\/wp-json\/wp\/v2\/media?parent=8280"}],"wp:term":[{"taxonomy":"product_brand","embeddable":true,"href":"https:\/\/chemsfine.com\/fr\/wp-json\/wp\/v2\/product_brand?post=8280"},{"taxonomy":"product_cat","embeddable":true,"href":"https:\/\/chemsfine.com\/fr\/wp-json\/wp\/v2\/product_cat?post=8280"},{"taxonomy":"product_tag","embeddable":true,"href":"https:\/\/chemsfine.com\/fr\/wp-json\/wp\/v2\/product_tag?post=8280"}],"curies":[{"name":"wp","href":"https:\/\/api.w.org\/{rel}","templated":true}]}}