{"id":8501,"date":"2026-02-13T20:09:44","date_gmt":"2026-02-13T20:09:44","guid":{"rendered":"https:\/\/chemsfine.com\/?post_type=product&#038;p=8501"},"modified":"2026-03-25T11:59:06","modified_gmt":"2026-03-25T11:59:06","slug":"buy-bio-cocaine","status":"publish","type":"product","link":"https:\/\/chemsfine.com\/fr\/product\/buy-bio-cocaine\/","title":{"rendered":"Acheter Bio Cocaine 86% - Premium Grade en ligne"},"content":{"rendered":"<p>Bienvenue \u00e0 Chemsfine, votre premi\u00e8re destination pour <b>Buy Bio Cocaine 86% For Sale<\/b>. Nous nous engageons \u00e0 vous offrir une exp\u00e9rience d'achat sans faille, en vous garantissant un emballage discret et des remises sp\u00e9ciales sur les commandes en gros. Lorsque vous cherchez \u00e0 <b>acheter de la coca\u00efne en ligne<\/b>, ou \u00e0 la recherche d'un <b>fournisseur l\u00e9gal de coca\u00efne<\/b>, Chemsfine est une source fiable et professionnelle pour r\u00e9pondre \u00e0 vos besoins.<\/p>\n<h2>Comprendre notre Premium Bio Cocaine 86%<\/h2>\n<p>Ce produit de haute puret\u00e9, appel\u00e9 pr\u00e9cis\u00e9ment <b>Bio Coca\u00efne 86%<\/b>, C'est ce que nos clients exigeants recherchent constamment pour diverses applications. Avec une puret\u00e9 impressionnante de 86%, cette substance repr\u00e9sente une option de premier ordre sur le march\u00e9 actuel des substances sp\u00e9cialis\u00e9es. En tant que source fiable, Chemsfine s'assure que chaque lot r\u00e9pond \u00e0 des attentes rigoureuses en mati\u00e8re de qualit\u00e9 pour ceux qui recherchent activement <b>Coca\u00efne \u00e0 vendre<\/b>. Notre engagement in\u00e9branlable \u00e0 fournir l'excellence signifie que vous ne recevrez rien de moins que <b>Bio Coca\u00efne de qualit\u00e9 sup\u00e9rieure 86%<\/b>, Les produits sont con\u00e7us et v\u00e9rifi\u00e9s pour r\u00e9pondre \u00e0 vos exigences et \u00e0 vos normes pr\u00e9cises.<\/p>\n<h2>Pourquoi acheter Bio Cocaine 86% en ligne chez Chemsfine ?<\/h2>\n<p>Choisir Chemsfine pour l'achat de <b>Bio Coca\u00efne 86% en ligne<\/b> c'est opter pour une fiabilit\u00e9 in\u00e9gal\u00e9e, une valeur exceptionnelle et un engagement en faveur de la satisfaction du client. Nous sommes fiers d'offrir non seulement des produits de qualit\u00e9 sup\u00e9rieure, mais aussi un processus de transaction s\u00e9curis\u00e9 et priv\u00e9 du d\u00e9but \u00e0 la fin. Vous pouvez en effet <b>acheter des m\u00e9dicaments en ligne \u00e0 des prix de gros incroyables !!!<\/b> Chemsfine est donc un choix \u00e9conomique pour les acheteurs en gros comme pour les clients individuels. Nous sommes largement reconnus comme offrant le meilleur rapport qualit\u00e9\/prix du march\u00e9. <b>Meilleure Bio Coca\u00efne 86% disponible<\/b>, Notre r\u00e9putation repose sur notre engagement constant en faveur de l'excellence des produits, d'un service efficace et de pratiques d'approvisionnement \u00e9thiques. L'ensemble de nos op\u00e9rations est m\u00e9ticuleusement orient\u00e9 vers la fourniture d'un service in\u00e9gal\u00e9 et d'un environnement s\u00e9curis\u00e9, ce qui consolide notre position en tant que choix privil\u00e9gi\u00e9 parmi les fournisseurs en ligne.<\/p>\n<h3>Aper\u00e7u des sp\u00e9cifications du produit<\/h3>\n<table>\n<thead>\n<tr>\n<th>Fonctionnalit\u00e9<\/th>\n<th>D\u00e9tail<\/th>\n<\/tr>\n<\/thead>\n<tbody>\n<tr>\n<td>Nom du produit<\/td>\n<td>Bio Coca\u00efne 86%<\/td>\n<\/tr>\n<tr>\n<td>Niveau de puret\u00e9<\/td>\n<td>86% (Haute qualit\u00e9)<\/td>\n<\/tr>\n<tr>\n<td>Type d'emballage<\/td>\n<td>Discret et s\u00fbr<\/td>\n<\/tr>\n<tr>\n<td>Disponibilit\u00e9<\/td>\n<td>Achat en ligne<\/td>\n<\/tr>\n<tr>\n<td>Structure des prix<\/td>\n<td>Remises sp\u00e9ciales pour le commerce de gros<\/td>\n<\/tr>\n<tr>\n<td>Cr\u00e9dibilit\u00e9 du fournisseur<\/td>\n<td>L\u00e9gitime et fiable<\/td>\n<\/tr>\n<\/tbody>\n<\/table>\n<h2>Disponibilit\u00e9 mondiale et options d'achat<\/h2>\n<p>Que vous souhaitiez <b>acheter Bio Cocaine 86%<\/b> Que ce soit pour un usage personnel, pour la recherche ou pour des besoins plus importants, notre plateforme s\u00e9curis\u00e9e Chemsfine facilite l'acc\u00e8s \u00e0 l'achat pour une client\u00e8le vari\u00e9e. Nous r\u00e9pondons m\u00e9ticuleusement aux diff\u00e9rents besoins, en veillant \u00e0 ce que, lorsque vous cherchez \u201cO\u00f9 acheter <b>Bio Coca\u00efne 86%<\/b>\u201dou \u201cBio Cocaine 86% \u00e0 vendre\u201d, Chemsfine appara\u00eet comme votre solution d\u00e9finitive. Nous sommes une source fiable pour ceux qui souhaitent <b>Acheter Coca\u00efne 86%<\/b> ou toute forme de cette substance puissante. La qu\u00eate originelle g\u00e9n\u00e9ralis\u00e9e de <b>acheter Bio Cocaine 86% \u00e0 vendre en usa, USA, canada, uk<\/b> souligne l'importance de la demande mondiale \u00e0 laquelle nous nous effor\u00e7ons constamment de r\u00e9pondre. Nous proposons des services complets aux fournisseurs et assurons la livraison en toute s\u00e9curit\u00e9 dans divers endroits, de sorte que, o\u00f9 que vous soyez, vous pouvez toujours obtenir <b>Bio Coca\u00efne 86%<\/b> avec confiance et facilit\u00e9. Notre r\u00e9seau \u00e9tendu garantit une large port\u00e9e.<\/p>\n<h2>Garantir une livraison s\u00fbre et une conformit\u00e9 responsable<\/h2>\n<p>Chez Chemsfine, nous accordons une importance primordiale \u00e0 la s\u00e9curit\u00e9 et \u00e0 la discr\u00e9tion de la livraison de chaque commande. Nos processus logistiques sont m\u00e9ticuleusement rationalis\u00e9s pour garantir que votre commande arrive en toute s\u00e9curit\u00e9 et sans compromis, en pr\u00e9servant une confidentialit\u00e9 absolue. Nous sommes \u00e9galement pleinement conscients des questions courantes et pertinentes pos\u00e9es par les clients, telles que \u201cEst-ce que... ? <b>Bio Coca\u00efne 86%<\/b> legal in usa\u201d ou \u201cIs <b>Bio Coca\u00efne 86%<\/b> l\u00e9gal au Canada\u201d. Tout en facilitant l'acquisition de ce produit, nous encourageons vivement tous les acheteurs potentiels \u00e0 s'informer avec diligence sur toutes les r\u00e9glementations et lois locales relatives \u00e0 sa possession et \u00e0 son utilisation dans leurs juridictions respectives et \u00e0 s'y conformer strictement. Notre engagement in\u00e9branlable est de fournir un environnement d'achat transparent, s\u00e9curis\u00e9 et responsable, ce qui fait de nous un choix privil\u00e9gi\u00e9 parmi les fournisseurs en ligne pour ce type sp\u00e9cifique de produit de haute puret\u00e9.<\/p>\n<h2>Comment commander Bio Cocaine 86% en ligne de mani\u00e8re efficace ?<\/h2>\n<p>Le processus de <b>commander Bio Cocaine 86% en ligne<\/b> avec Chemsfine est con\u00e7u pour \u00eatre simple, hautement efficace et totalement s\u00e9curis\u00e9. Vous pouvez facilement naviguer sur notre plateforme conviviale pour trouver la quantit\u00e9 pr\u00e9cise dont vous avez besoin, tout en b\u00e9n\u00e9ficiant de nos remises de gros attrayantes. Pour ceux qui se demandent toujours \u201ccomment commander <b>Bio Coca\u00efne 86%<\/b>,Notre \u00e9quipe de service \u00e0 la client\u00e8le, d\u00e9vou\u00e9e et r\u00e9active, garantit une exp\u00e9rience fluide et guid\u00e9e depuis la s\u00e9lection initiale du produit jusqu'\u00e0 sa livraison finale, en toute s\u00e9curit\u00e9. Nous sommes sp\u00e9cialis\u00e9s dans la facilitation du processus souvent complexe de recherche et d'acquisition de produits de haute qualit\u00e9, tels que des produits d'hygi\u00e8ne et de s\u00e9curit\u00e9. <b>Bio Coca\u00efne 86%<\/b> remarquablement simple et exceptionnellement efficace. Faites l'exp\u00e9rience d'un processus de commande en ligne vraiment transparent et sans souci avec Chemsfine d\u00e8s aujourd'hui.<\/p>\n<h2>Conclusion : Votre ultime source de confiance pour Bio Cocaine 86%<\/h2>\n<p>En r\u00e9sum\u00e9, Chemsfine est fi\u00e8re d'\u00eatre votre destination ultime et la plus fiable pour <b>Buy Bio Cocaine 86% For Sale<\/b>. Gr\u00e2ce \u00e0 notre engagement constant en faveur d'un emballage discret, \u00e0 des remises en gros tr\u00e8s attrayantes et \u00e0 notre statut bien \u00e9tabli en tant que fournisseur de produits de qualit\u00e9, nous sommes en mesure d'offrir un service de qualit\u00e9 \u00e0 nos clients. <b>fournisseur l\u00e9gal de coca\u00efne<\/b>, Nous garantissons une exp\u00e9rience d'achat en ligne in\u00e9gal\u00e9e et s\u00e9curis\u00e9e. Que vous cherchiez \u00e0 <b>acheter Bio Coca\u00efne en ligne<\/b> \u00e0 des fins personnelles ou \u00e0 la recherche pr\u00e9cise d'un fournisseur de confiance pour <b>Coca\u00efne 86%<\/b> pour les besoins plus importants, notre plateforme, con\u00e7ue par des experts, est m\u00e9ticuleusement \u00e9labor\u00e9e pour r\u00e9pondre \u00e0 toutes vos attentes et les d\u00e9passer. Nous garantissons une livraison s\u00fbre et un service client\u00e8le tr\u00e8s r\u00e9actif, qui veille \u00e0 ce que tous vos besoins soient satisfaits de mani\u00e8re efficace, professionnelle et confidentielle.<\/p>","protected":false},"excerpt":{"rendered":"<p>Chemsfine offre des services de qualit\u00e9 sup\u00e9rieure <b>Bio Coca\u00efne 86%<\/b> \u00e0 vendre. B\u00e9n\u00e9ficiez d'un emballage discret, de remises de gros et d'une commande en ligne s\u00e9curis\u00e9e. Votre source de confiance pour les substances de haute puret\u00e9, disponibles pour un achat imm\u00e9diat chez Chemsfine.<\/p>","protected":false},"featured_media":8531,"comment_status":"open","ping_status":"closed","template":"","meta":{"_joinchat":[]},"product_brand":[],"product_cat":[939],"product_tag":[],"class_list":{"0":"post-8501","1":"product","2":"type-product","3":"status-publish","4":"has-post-thumbnail","6":"product_cat-cocaine","8":"first","9":"instock","10":"shipping-taxable","11":"purchasable","12":"product-type-variable"},"yoast_head":"<!-- This site is optimized with the Yoast SEO plugin v27.2 - https:\/\/yoast.com\/product\/yoast-seo-wordpress\/ -->\n<title>Buy Bio Cocaine 86% Online - Premium Quality &amp; Discrete Delivery<\/title>\n<meta name=\"description\" content=\"Discover premium Bio Cocaine 86% for sale. Benefit from discrete packaging, wholesale discounts, and secure online purchase. Your trusted supplier.\" \/>\n<meta name=\"robots\" content=\"index, follow, max-snippet:-1, max-image-preview:large, max-video-preview:-1\" \/>\n<link rel=\"canonical\" href=\"https:\/\/chemsfine.com\/fr\/product\/buy-bio-cocaine\/\" \/>\n<meta property=\"og:locale\" content=\"fr_FR\" \/>\n<meta property=\"og:type\" content=\"article\" \/>\n<meta property=\"og:title\" content=\"Buy Bio Cocaine 86% Online - Premium Quality &amp; Discrete Delivery\" \/>\n<meta property=\"og:description\" content=\"Discover premium Bio Cocaine 86% for sale. Benefit from discrete packaging, wholesale discounts, and secure online purchase. Your trusted supplier.\" \/>\n<meta property=\"og:url\" content=\"https:\/\/chemsfine.com\/fr\/product\/buy-bio-cocaine\/\" \/>\n<meta property=\"og:site_name\" content=\"Chemsfine\" \/>\n<meta property=\"article:modified_time\" content=\"2026-03-25T11:59:06+00:00\" \/>\n<meta property=\"og:image\" content=\"https:\/\/chemsfine.com\/wp-content\/uploads\/2026\/02\/buy-bio-cocaine-86.jpg\" \/>\n\t<meta property=\"og:image:width\" content=\"600\" \/>\n\t<meta property=\"og:image:height\" content=\"600\" \/>\n\t<meta property=\"og:image:type\" content=\"image\/jpeg\" \/>\n<meta name=\"twitter:card\" content=\"summary_large_image\" \/>\n<meta name=\"twitter:label1\" content=\"Dur\u00e9e de lecture estim\u00e9e\" \/>\n\t<meta name=\"twitter:data1\" content=\"4 minutes\" \/>\n<script type=\"application\/ld+json\" class=\"yoast-schema-graph\">{\"@context\":\"https:\/\/schema.org\",\"@graph\":[{\"@type\":\"WebPage\",\"@id\":\"https:\/\/chemsfine.com\/product\/buy-bio-cocaine\/\",\"url\":\"https:\/\/chemsfine.com\/product\/buy-bio-cocaine\/\",\"name\":\"Buy Bio Cocaine 86% Online - Premium Quality & Discrete Delivery\",\"isPartOf\":{\"@id\":\"https:\/\/chemsfine.com\/#website\"},\"primaryImageOfPage\":{\"@id\":\"https:\/\/chemsfine.com\/product\/buy-bio-cocaine\/#primaryimage\"},\"image\":{\"@id\":\"https:\/\/chemsfine.com\/product\/buy-bio-cocaine\/#primaryimage\"},\"thumbnailUrl\":\"https:\/\/chemsfine.com\/wp-content\/uploads\/2026\/02\/buy-bio-cocaine-86.jpg\",\"datePublished\":\"2026-02-13T20:09:44+00:00\",\"dateModified\":\"2026-03-25T11:59:06+00:00\",\"description\":\"Discover premium Bio Cocaine 86% for sale. Benefit from discrete packaging, wholesale discounts, and secure online purchase. Your trusted supplier.\",\"breadcrumb\":{\"@id\":\"https:\/\/chemsfine.com\/product\/buy-bio-cocaine\/#breadcrumb\"},\"inLanguage\":\"fr-FR\",\"potentialAction\":[{\"@type\":\"ReadAction\",\"target\":[\"https:\/\/chemsfine.com\/product\/buy-bio-cocaine\/\"]}]},{\"@type\":\"ImageObject\",\"inLanguage\":\"fr-FR\",\"@id\":\"https:\/\/chemsfine.com\/product\/buy-bio-cocaine\/#primaryimage\",\"url\":\"https:\/\/chemsfine.com\/wp-content\/uploads\/2026\/02\/buy-bio-cocaine-86.jpg\",\"contentUrl\":\"https:\/\/chemsfine.com\/wp-content\/uploads\/2026\/02\/buy-bio-cocaine-86.jpg\",\"width\":600,\"height\":600},{\"@type\":\"BreadcrumbList\",\"@id\":\"https:\/\/chemsfine.com\/product\/buy-bio-cocaine\/#breadcrumb\",\"itemListElement\":[{\"@type\":\"ListItem\",\"position\":1,\"name\":\"Home\",\"item\":\"https:\/\/chemsfine.com\/\"},{\"@type\":\"ListItem\",\"position\":2,\"name\":\"Shop\",\"item\":\"https:\/\/chemsfine.com\/shop\/\"},{\"@type\":\"ListItem\",\"position\":3,\"name\":\"Buy Bio Cocaine 86% &#8211; Premium Grade Online\"}]},{\"@type\":\"WebSite\",\"@id\":\"https:\/\/chemsfine.com\/#website\",\"url\":\"https:\/\/chemsfine.com\/\",\"name\":\"Chemsfine\",\"description\":\"My WordPress Blog\",\"publisher\":{\"@id\":\"https:\/\/chemsfine.com\/#organization\"},\"potentialAction\":[{\"@type\":\"SearchAction\",\"target\":{\"@type\":\"EntryPoint\",\"urlTemplate\":\"https:\/\/chemsfine.com\/?s={search_term_string}\"},\"query-input\":{\"@type\":\"PropertyValueSpecification\",\"valueRequired\":true,\"valueName\":\"search_term_string\"}}],\"inLanguage\":\"fr-FR\"},{\"@type\":\"Organization\",\"@id\":\"https:\/\/chemsfine.com\/#organization\",\"name\":\"Chemsfine\",\"url\":\"https:\/\/chemsfine.com\/\",\"logo\":{\"@type\":\"ImageObject\",\"inLanguage\":\"fr-FR\",\"@id\":\"https:\/\/chemsfine.com\/#\/schema\/logo\/image\/\",\"url\":\"https:\/\/chemsfine.com\/wp-content\/uploads\/2024\/09\/final-logo.png\",\"contentUrl\":\"https:\/\/chemsfine.com\/wp-content\/uploads\/2024\/09\/final-logo.png\",\"width\":340,\"height\":72,\"caption\":\"Chemsfine\"},\"image\":{\"@id\":\"https:\/\/chemsfine.com\/#\/schema\/logo\/image\/\"}}]}<\/script>\n<!-- \/ Yoast SEO plugin. -->","yoast_head_json":{"title":"Acheter Bio Cocaine 86% en ligne - Qualit\u00e9 sup\u00e9rieure et livraison discr\u00e8te","description":"D\u00e9couvrez la Bio Coca\u00efne 86% de qualit\u00e9 sup\u00e9rieure en vente. B\u00e9n\u00e9ficiez d'un emballage discret, de remises de gros et d'un achat en ligne s\u00e9curis\u00e9. Votre fournisseur de confiance.","robots":{"index":"index","follow":"follow","max-snippet":"max-snippet:-1","max-image-preview":"max-image-preview:large","max-video-preview":"max-video-preview:-1"},"canonical":"https:\/\/chemsfine.com\/fr\/product\/buy-bio-cocaine\/","og_locale":"fr_FR","og_type":"article","og_title":"Buy Bio Cocaine 86% Online - Premium Quality & Discrete Delivery","og_description":"Discover premium Bio Cocaine 86% for sale. Benefit from discrete packaging, wholesale discounts, and secure online purchase. Your trusted supplier.","og_url":"https:\/\/chemsfine.com\/fr\/product\/buy-bio-cocaine\/","og_site_name":"Chemsfine","article_modified_time":"2026-03-25T11:59:06+00:00","og_image":[{"width":600,"height":600,"url":"https:\/\/chemsfine.com\/wp-content\/uploads\/2026\/02\/buy-bio-cocaine-86.jpg","type":"image\/jpeg"}],"twitter_card":"summary_large_image","twitter_misc":{"Dur\u00e9e de lecture estim\u00e9e":"4 minutes"},"schema":{"@context":"https:\/\/schema.org","@graph":[{"@type":"WebPage","@id":"https:\/\/chemsfine.com\/product\/buy-bio-cocaine\/","url":"https:\/\/chemsfine.com\/product\/buy-bio-cocaine\/","name":"Acheter Bio Cocaine 86% en ligne - Qualit\u00e9 sup\u00e9rieure et livraison discr\u00e8te","isPartOf":{"@id":"https:\/\/chemsfine.com\/#website"},"primaryImageOfPage":{"@id":"https:\/\/chemsfine.com\/product\/buy-bio-cocaine\/#primaryimage"},"image":{"@id":"https:\/\/chemsfine.com\/product\/buy-bio-cocaine\/#primaryimage"},"thumbnailUrl":"https:\/\/chemsfine.com\/wp-content\/uploads\/2026\/02\/buy-bio-cocaine-86.jpg","datePublished":"2026-02-13T20:09:44+00:00","dateModified":"2026-03-25T11:59:06+00:00","description":"D\u00e9couvrez la Bio Coca\u00efne 86% de qualit\u00e9 sup\u00e9rieure en vente. B\u00e9n\u00e9ficiez d'un emballage discret, de remises de gros et d'un achat en ligne s\u00e9curis\u00e9. Votre fournisseur de confiance.","breadcrumb":{"@id":"https:\/\/chemsfine.com\/product\/buy-bio-cocaine\/#breadcrumb"},"inLanguage":"fr-FR","potentialAction":[{"@type":"ReadAction","target":["https:\/\/chemsfine.com\/product\/buy-bio-cocaine\/"]}]},{"@type":"ImageObject","inLanguage":"fr-FR","@id":"https:\/\/chemsfine.com\/product\/buy-bio-cocaine\/#primaryimage","url":"https:\/\/chemsfine.com\/wp-content\/uploads\/2026\/02\/buy-bio-cocaine-86.jpg","contentUrl":"https:\/\/chemsfine.com\/wp-content\/uploads\/2026\/02\/buy-bio-cocaine-86.jpg","width":600,"height":600},{"@type":"BreadcrumbList","@id":"https:\/\/chemsfine.com\/product\/buy-bio-cocaine\/#breadcrumb","itemListElement":[{"@type":"ListItem","position":1,"name":"Home","item":"https:\/\/chemsfine.com\/"},{"@type":"ListItem","position":2,"name":"Shop","item":"https:\/\/chemsfine.com\/shop\/"},{"@type":"ListItem","position":3,"name":"Buy Bio Cocaine 86% &#8211; Premium Grade Online"}]},{"@type":"WebSite","@id":"https:\/\/chemsfine.com\/#website","url":"https:\/\/chemsfine.com\/","name":"Chemsfine","description":"Mon blog WordPress","publisher":{"@id":"https:\/\/chemsfine.com\/#organization"},"potentialAction":[{"@type":"SearchAction","target":{"@type":"EntryPoint","urlTemplate":"https:\/\/chemsfine.com\/?s={search_term_string}"},"query-input":{"@type":"PropertyValueSpecification","valueRequired":true,"valueName":"search_term_string"}}],"inLanguage":"fr-FR"},{"@type":"Organization","@id":"https:\/\/chemsfine.com\/#organization","name":"Chemsfine","url":"https:\/\/chemsfine.com\/","logo":{"@type":"ImageObject","inLanguage":"fr-FR","@id":"https:\/\/chemsfine.com\/#\/schema\/logo\/image\/","url":"https:\/\/chemsfine.com\/wp-content\/uploads\/2024\/09\/final-logo.png","contentUrl":"https:\/\/chemsfine.com\/wp-content\/uploads\/2024\/09\/final-logo.png","width":340,"height":72,"caption":"Chemsfine"},"image":{"@id":"https:\/\/chemsfine.com\/#\/schema\/logo\/image\/"}}]}},"_links":{"self":[{"href":"https:\/\/chemsfine.com\/fr\/wp-json\/wp\/v2\/product\/8501","targetHints":{"allow":["GET"]}}],"collection":[{"href":"https:\/\/chemsfine.com\/fr\/wp-json\/wp\/v2\/product"}],"about":[{"href":"https:\/\/chemsfine.com\/fr\/wp-json\/wp\/v2\/types\/product"}],"replies":[{"embeddable":true,"href":"https:\/\/chemsfine.com\/fr\/wp-json\/wp\/v2\/comments?post=8501"}],"wp:featuredmedia":[{"embeddable":true,"href":"https:\/\/chemsfine.com\/fr\/wp-json\/wp\/v2\/media\/8531"}],"wp:attachment":[{"href":"https:\/\/chemsfine.com\/fr\/wp-json\/wp\/v2\/media?parent=8501"}],"wp:term":[{"taxonomy":"product_brand","embeddable":true,"href":"https:\/\/chemsfine.com\/fr\/wp-json\/wp\/v2\/product_brand?post=8501"},{"taxonomy":"product_cat","embeddable":true,"href":"https:\/\/chemsfine.com\/fr\/wp-json\/wp\/v2\/product_cat?post=8501"},{"taxonomy":"product_tag","embeddable":true,"href":"https:\/\/chemsfine.com\/fr\/wp-json\/wp\/v2\/product_tag?post=8501"}],"curies":[{"name":"wp","href":"https:\/\/api.w.org\/{rel}","templated":true}]}}