{"id":8131,"date":"2026-02-12T18:20:35","date_gmt":"2026-02-12T18:20:35","guid":{"rendered":"https:\/\/chemsfine.com\/?post_type=product&#038;p=8131"},"modified":"2026-03-25T12:16:54","modified_gmt":"2026-03-25T12:16:54","slug":"buy-london-pound-cake","status":"publish","type":"product","link":"https:\/\/chemsfine.com\/it\/product\/buy-london-pound-cake\/","title":{"rendered":"Comprare London Pound Cake Online | Ceppo di alta qualit\u00e0 in vendita"},"content":{"rendered":"<p>Benvenuti nella destinazione principale per <b>Comprare London Pound Cake in vendita<\/b>. Se siete alla ricerca di una variet\u00e0 che bilanci perfettamente euforia e profondo relax, avete trovato il prodotto giusto. Alla Chemsfine diamo priorit\u00e0 alla purezza e alla potenza, assicurando che ogni lotto soddisfi i pi\u00f9 alti standard di qualit\u00e0.<\/p>\n<h2>Che cos'\u00e8 la London Pound Cake?<\/h2>\n<p><b>London Pound Cake<\/b> \u00e8 una variet\u00e0 relativamente nuova che \u00e8 diventata rapidamente nota, soprattutto tra i golosi. La genetica specifica rimane un argomento di interesse all'interno della comunit\u00e0. Sebbene non sia chiaro quale potente Indica sia stata utilizzata per produrre la London Pound Cake, gli esperti pensano generalmente che si tratti di un fenotipo della famosa variet\u00e0 Girl Scout Cookies. L'ha creata l'allevatore californiano Cookies Fam, noto anche per aver generato altre variet\u00e0 molto conosciute come Runtz e Gelato.<\/p>\n<p>Per quanto riguarda il suo lignaggio, la suddetta variet\u00e0 Indica non identificata \u00e8 stata incrociata con Sunset Sherbet per produrre London Pound Cake. Sunset Sherbet \u00e8 una variet\u00e0 ibrida che discende dalla famosa OG Kush ed \u00e8 nata dall'incrocio di Pink Panties con Girl Scout Cookies. Di conseguenza, questa variet\u00e0 porta con s\u00e9 una ricca storia di genetica di alto livello.<\/p>\n<h2>Perch\u00e9 comprare London Pound Cake online su Chemsfine?<\/h2>\n<p>Quando si cerca il <b>Il miglior plumcake londinese disponibile<\/b>, l'approvvigionamento \u00e8 importante. Pertanto, \u00e8 fondamentale acquistare da un fornitore affidabile. Noi di Chemsfine garantiamo che i nostri prodotti sono conservati in un ambiente controllato per mantenerne la freschezza e la potenza. Inoltre, il nostro processo di pagamento sicuro assicura la protezione della vostra privacy.<\/p>\n<p>Questa variet\u00e0 \u00e8 famosa per il suo gusto dolce e fruttato, con sfumature di menta e agrumi. Il profumo versatile dimostra un mix di componenti terrose, dolci e speziate. \u00c8 possibile <a href=\"https:\/\/chemsfine.com\/it\/prodotto\/omg-hash-buddy-bulk-concentrato-di-cannabis-premium-online\/\">esplorare altri concentrati di qualit\u00e0<\/a> che completano questo profilo di sapore sul nostro sito.<\/p>\n<h2>Applicazioni ed effetti<\/h2>\n<p>Gli utenti riferiscono di esperienze diverse quando utilizzano questo prodotto. Questa variet\u00e0 probabilmente migliorer\u00e0 il vostro umore provocando un breve flusso di creativit\u00e0 e felicit\u00e0, e gli effetti calmanti pervaderanno gradualmente tutto il vostro corpo. Tuttavia, il problema \u00e8 che molti utenti scoprono che non appena sentono un forte bisogno di essere creativi, gli effetti calmanti si manifestano rapidamente, rendendo difficile continuare con i loro progetti creativi.<\/p>\n<p><b>Caratteristiche principali:<\/b><\/p>\n<ul>\n<li><b>Profilo aromatico:<\/b> Dolce, frutti di bosco, menta e sfumature agrumate.<\/li>\n<li><b>Aroma:<\/b> Componenti terrose, dolci e speziate.<\/li>\n<li><b>Effetto:<\/b> Creativit\u00e0 edificante seguita da un forte rilassamento.<\/li>\n<li><b>Potenza:<\/b> Alta concentrazione di THC (in relazione alla 24% di Sunset Sherbet).<\/li>\n<li><b>Genetica:<\/b> Sunset Sherbet x Indica sconosciuta (Cookies Fam).<\/li>\n<\/ul>\n<p>Inoltre, preparate il cibo e provate questa deliziosa variet\u00e0; Apple Fritter produce effetti potenti e duraturi. Si noti che questo riferimento evidenzia la natura potente delle variet\u00e0 da dessert. Per coloro che sono interessati a profili chimici diversi, potreste anche prendere in considerazione le nostre <a href=\"https:\/\/chemsfine.com\/it\/prodotto\/am-1220-research-chemical-for-sale-online\/\">ricerca di opzioni chimiche<\/a> per uso di laboratorio.<\/p>\n<h3>Specifiche tecniche<\/h3>\n<table border=\"1\" cellpadding=\"10\" cellspacing=\"0\" style=\"width:100%;border-collapse:collapse\">\n<tbody>\n<tr>\n<td><b>Nome del prodotto<\/b><\/td>\n<td>London Pound Cake<\/td>\n<\/tr>\n<tr>\n<td><b>Allevatore<\/b><\/td>\n<td>Famiglia di biscotti (California)<\/td>\n<\/tr>\n<tr>\n<td><b>Genitorialit\u00e0<\/b><\/td>\n<td>Sunset Sherbet x Indica sconosciuta<\/td>\n<\/tr>\n<tr>\n<td><b>THC tipico<\/b><\/td>\n<td>Alto (fino a 24%)<\/td>\n<\/tr>\n<tr>\n<td><b>Disponibilit\u00e0<\/b><\/td>\n<td><b>Torta London Pound di alta qualit\u00e0<\/b> in stock<\/td>\n<\/tr>\n<\/tbody>\n<\/table>\n<h2>Sicurezza e conformit\u00e0<\/h2>\n<p>Sebbene Sunset Sherbet offra uno sballo calmante ed energetico che si ritiene allevi la tensione del corpo e della mente, \u00e8 obbligatorio un uso responsabile. Grazie agli effetti equilibrati, sia i consumatori ricreativi che quelli medici la preferiscono. Tuttavia, l'alta concentrazione di THC della Sunset Sherbet, che pu\u00f2 raggiungere i 24%, \u00e8 altrettanto popolare. Pertanto, diventa una variet\u00e0 potente che le persone con una minore tolleranza devono consumare con moderazione.<\/p>\n<p>Attenzione ai sintomi collaterali, come sete e secchezza delle fauci. Assicuratevi sempre di essere in un ambiente sicuro quando consumate prodotti ad alta potenza. Se necessario, forniamo l'accesso ai dati sulla sicurezza per garantire che siate pienamente informati.<\/p>\n<h2>Perch\u00e9 scegliere noi?<\/h2>\n<p>Crediamo nella trasparenza e nell'affidabilit\u00e0. Quando decidete di <b>Ordina London Pound Cake online<\/b> da Chemsfine, beneficiate dei nostri rigorosi controlli di qualit\u00e0. Verifichiamo i nostri lotti per garantire che riceviate il prodotto autentico descritto sopra.<\/p>\n<p>Inoltre, offriamo prezzi competitivi senza compromettere la qualit\u00e0. Il nostro team di supporto dedicato \u00e8 a disposizione per fornire assistenza in caso di domande relative all'acquisto. Ci sforziamo di essere la fonte pi\u00f9 affidabile per <b>Autentico plumcake londinese<\/b> sul mercato.<\/p>\n<h2>Conclusione<\/h2>\n<p>In sintesi, questa variet\u00e0 offre una miscela unica di genetica \u201cGrown-up Sherbet\u201d e sapori dolci. Che siate alla ricerca di relax o di un'esplosione di felicit\u00e0, questo prodotto \u00e8 in grado di offrirvi tutto ci\u00f2 che desiderate. Non aspettate a sperimentare questi effetti di prima qualit\u00e0. <b>Comprare London Pound Cake in vendita<\/b> da Chemsfine oggi stesso e arricchite la vostra collezione con una delle migliori esportazioni californiane.<\/p>","protected":false},"excerpt":{"rendered":"<p>Scoprire il <b>London Pound Cake<\/b> una variet\u00e0 di qualit\u00e0 superiore, probabilmente derivata da Girl Scout Cookies e Sunset Sherbet. Conosciuta per il suo profilo aromatico dolce, di bacche e agrumi, questa variet\u00e0 offre un'esplosione di creativit\u00e0 seguita da un profondo rilassamento. Con alti livelli di THC ereditati dal suo lignaggio, \u00e8 ideale per i consumatori esperti. <b>Acquistare presso Chemsfine<\/b> per assicurarvi di ricevere <b>Torta London Pound di alta qualit\u00e0<\/b>. Assicuratevi l'ordine oggi stesso per ottenere i prezzi migliori.<\/p>","protected":false},"featured_media":8173,"comment_status":"open","ping_status":"closed","template":"","meta":{"_joinchat":[]},"product_brand":[],"product_cat":[944],"product_tag":[],"class_list":{"0":"post-8131","1":"product","2":"type-product","3":"status-publish","4":"has-post-thumbnail","6":"product_cat-marijuana-cannabis","8":"first","9":"instock","10":"shipping-taxable","11":"purchasable","12":"product-type-variable"},"yoast_head":"<!-- This site is optimized with the Yoast SEO plugin v27.2 - https:\/\/yoast.com\/product\/yoast-seo-wordpress\/ -->\n<title>Buy London Pound Cake Online | Top Quality Strain For Sale<\/title>\n<meta name=\"description\" content=\"Order London Pound Cake online at Chemsfine. Experience the sweet, berry flavors and calming effects of this premium strain. Best prices available now.\" \/>\n<meta name=\"robots\" content=\"index, follow, max-snippet:-1, max-image-preview:large, max-video-preview:-1\" \/>\n<link rel=\"canonical\" href=\"https:\/\/chemsfine.com\/it\/prodotto\/buy-london-pound-cake\/\" \/>\n<meta property=\"og:locale\" content=\"it_IT\" \/>\n<meta property=\"og:type\" content=\"article\" \/>\n<meta property=\"og:title\" content=\"Buy London Pound Cake Online | Top Quality Strain For Sale\" \/>\n<meta property=\"og:description\" content=\"Order London Pound Cake online at Chemsfine. Experience the sweet, berry flavors and calming effects of this premium strain. Best prices available now.\" \/>\n<meta property=\"og:url\" content=\"https:\/\/chemsfine.com\/it\/prodotto\/buy-london-pound-cake\/\" \/>\n<meta property=\"og:site_name\" content=\"Chemsfine\" \/>\n<meta property=\"article:modified_time\" content=\"2026-03-25T12:16:54+00:00\" \/>\n<meta property=\"og:image\" content=\"https:\/\/chemsfine.com\/wp-content\/uploads\/2026\/02\/london-pound-cake.jpg\" \/>\n\t<meta property=\"og:image:width\" content=\"960\" \/>\n\t<meta property=\"og:image:height\" content=\"1280\" \/>\n\t<meta property=\"og:image:type\" content=\"image\/jpeg\" \/>\n<meta name=\"twitter:card\" content=\"summary_large_image\" \/>\n<meta name=\"twitter:label1\" content=\"Tempo di lettura stimato\" \/>\n\t<meta name=\"twitter:data1\" content=\"2 minuti\" \/>\n<script type=\"application\/ld+json\" class=\"yoast-schema-graph\">{\"@context\":\"https:\/\/schema.org\",\"@graph\":[{\"@type\":\"WebPage\",\"@id\":\"https:\/\/chemsfine.com\/product\/buy-london-pound-cake\/\",\"url\":\"https:\/\/chemsfine.com\/product\/buy-london-pound-cake\/\",\"name\":\"Buy London Pound Cake Online | Top Quality Strain For Sale\",\"isPartOf\":{\"@id\":\"https:\/\/chemsfine.com\/#website\"},\"primaryImageOfPage\":{\"@id\":\"https:\/\/chemsfine.com\/product\/buy-london-pound-cake\/#primaryimage\"},\"image\":{\"@id\":\"https:\/\/chemsfine.com\/product\/buy-london-pound-cake\/#primaryimage\"},\"thumbnailUrl\":\"https:\/\/chemsfine.com\/wp-content\/uploads\/2026\/02\/london-pound-cake.jpg\",\"datePublished\":\"2026-02-12T18:20:35+00:00\",\"dateModified\":\"2026-03-25T12:16:54+00:00\",\"description\":\"Order London Pound Cake online at Chemsfine. Experience the sweet, berry flavors and calming effects of this premium strain. Best prices available now.\",\"breadcrumb\":{\"@id\":\"https:\/\/chemsfine.com\/product\/buy-london-pound-cake\/#breadcrumb\"},\"inLanguage\":\"it-IT\",\"potentialAction\":[{\"@type\":\"ReadAction\",\"target\":[\"https:\/\/chemsfine.com\/product\/buy-london-pound-cake\/\"]}]},{\"@type\":\"ImageObject\",\"inLanguage\":\"it-IT\",\"@id\":\"https:\/\/chemsfine.com\/product\/buy-london-pound-cake\/#primaryimage\",\"url\":\"https:\/\/chemsfine.com\/wp-content\/uploads\/2026\/02\/london-pound-cake.jpg\",\"contentUrl\":\"https:\/\/chemsfine.com\/wp-content\/uploads\/2026\/02\/london-pound-cake.jpg\",\"width\":960,\"height\":1280},{\"@type\":\"BreadcrumbList\",\"@id\":\"https:\/\/chemsfine.com\/product\/buy-london-pound-cake\/#breadcrumb\",\"itemListElement\":[{\"@type\":\"ListItem\",\"position\":1,\"name\":\"Home\",\"item\":\"https:\/\/chemsfine.com\/\"},{\"@type\":\"ListItem\",\"position\":2,\"name\":\"Shop\",\"item\":\"https:\/\/chemsfine.com\/shop\/\"},{\"@type\":\"ListItem\",\"position\":3,\"name\":\"Buy London Pound Cake Online | Top Quality Strain For Sale\"}]},{\"@type\":\"WebSite\",\"@id\":\"https:\/\/chemsfine.com\/#website\",\"url\":\"https:\/\/chemsfine.com\/\",\"name\":\"Chemsfine\",\"description\":\"My WordPress Blog\",\"publisher\":{\"@id\":\"https:\/\/chemsfine.com\/#organization\"},\"potentialAction\":[{\"@type\":\"SearchAction\",\"target\":{\"@type\":\"EntryPoint\",\"urlTemplate\":\"https:\/\/chemsfine.com\/?s={search_term_string}\"},\"query-input\":{\"@type\":\"PropertyValueSpecification\",\"valueRequired\":true,\"valueName\":\"search_term_string\"}}],\"inLanguage\":\"it-IT\"},{\"@type\":\"Organization\",\"@id\":\"https:\/\/chemsfine.com\/#organization\",\"name\":\"Chemsfine\",\"url\":\"https:\/\/chemsfine.com\/\",\"logo\":{\"@type\":\"ImageObject\",\"inLanguage\":\"it-IT\",\"@id\":\"https:\/\/chemsfine.com\/#\/schema\/logo\/image\/\",\"url\":\"https:\/\/chemsfine.com\/wp-content\/uploads\/2024\/09\/final-logo.png\",\"contentUrl\":\"https:\/\/chemsfine.com\/wp-content\/uploads\/2024\/09\/final-logo.png\",\"width\":340,\"height\":72,\"caption\":\"Chemsfine\"},\"image\":{\"@id\":\"https:\/\/chemsfine.com\/#\/schema\/logo\/image\/\"}}]}<\/script>\n<!-- \/ Yoast SEO plugin. -->","yoast_head_json":{"title":"Comprare London Pound Cake Online | Ceppo di alta qualit\u00e0 in vendita","description":"Ordina London Pound Cake online su Chemsfine. Provate i sapori dolci e di bacche e gli effetti calmanti di questa variet\u00e0 di prima qualit\u00e0. I migliori prezzi sono disponibili ora.","robots":{"index":"index","follow":"follow","max-snippet":"max-snippet:-1","max-image-preview":"max-image-preview:large","max-video-preview":"max-video-preview:-1"},"canonical":"https:\/\/chemsfine.com\/it\/prodotto\/buy-london-pound-cake\/","og_locale":"it_IT","og_type":"article","og_title":"Buy London Pound Cake Online | Top Quality Strain For Sale","og_description":"Order London Pound Cake online at Chemsfine. Experience the sweet, berry flavors and calming effects of this premium strain. Best prices available now.","og_url":"https:\/\/chemsfine.com\/it\/prodotto\/buy-london-pound-cake\/","og_site_name":"Chemsfine","article_modified_time":"2026-03-25T12:16:54+00:00","og_image":[{"width":960,"height":1280,"url":"https:\/\/chemsfine.com\/wp-content\/uploads\/2026\/02\/london-pound-cake.jpg","type":"image\/jpeg"}],"twitter_card":"summary_large_image","twitter_misc":{"Tempo di lettura stimato":"2 minuti"},"schema":{"@context":"https:\/\/schema.org","@graph":[{"@type":"WebPage","@id":"https:\/\/chemsfine.com\/product\/buy-london-pound-cake\/","url":"https:\/\/chemsfine.com\/product\/buy-london-pound-cake\/","name":"Comprare London Pound Cake Online | Ceppo di alta qualit\u00e0 in vendita","isPartOf":{"@id":"https:\/\/chemsfine.com\/#website"},"primaryImageOfPage":{"@id":"https:\/\/chemsfine.com\/product\/buy-london-pound-cake\/#primaryimage"},"image":{"@id":"https:\/\/chemsfine.com\/product\/buy-london-pound-cake\/#primaryimage"},"thumbnailUrl":"https:\/\/chemsfine.com\/wp-content\/uploads\/2026\/02\/london-pound-cake.jpg","datePublished":"2026-02-12T18:20:35+00:00","dateModified":"2026-03-25T12:16:54+00:00","description":"Ordina London Pound Cake online su Chemsfine. Provate i sapori dolci e di bacche e gli effetti calmanti di questa variet\u00e0 di prima qualit\u00e0. I migliori prezzi sono disponibili ora.","breadcrumb":{"@id":"https:\/\/chemsfine.com\/product\/buy-london-pound-cake\/#breadcrumb"},"inLanguage":"it-IT","potentialAction":[{"@type":"ReadAction","target":["https:\/\/chemsfine.com\/product\/buy-london-pound-cake\/"]}]},{"@type":"ImageObject","inLanguage":"it-IT","@id":"https:\/\/chemsfine.com\/product\/buy-london-pound-cake\/#primaryimage","url":"https:\/\/chemsfine.com\/wp-content\/uploads\/2026\/02\/london-pound-cake.jpg","contentUrl":"https:\/\/chemsfine.com\/wp-content\/uploads\/2026\/02\/london-pound-cake.jpg","width":960,"height":1280},{"@type":"BreadcrumbList","@id":"https:\/\/chemsfine.com\/product\/buy-london-pound-cake\/#breadcrumb","itemListElement":[{"@type":"ListItem","position":1,"name":"Home","item":"https:\/\/chemsfine.com\/"},{"@type":"ListItem","position":2,"name":"Shop","item":"https:\/\/chemsfine.com\/shop\/"},{"@type":"ListItem","position":3,"name":"Buy London Pound Cake Online | Top Quality Strain For Sale"}]},{"@type":"WebSite","@id":"https:\/\/chemsfine.com\/#website","url":"https:\/\/chemsfine.com\/","name":"Chemsfine","description":"Il mio blog WordPress","publisher":{"@id":"https:\/\/chemsfine.com\/#organization"},"potentialAction":[{"@type":"SearchAction","target":{"@type":"EntryPoint","urlTemplate":"https:\/\/chemsfine.com\/?s={search_term_string}"},"query-input":{"@type":"PropertyValueSpecification","valueRequired":true,"valueName":"search_term_string"}}],"inLanguage":"it-IT"},{"@type":"Organization","@id":"https:\/\/chemsfine.com\/#organization","name":"Chemsfine","url":"https:\/\/chemsfine.com\/","logo":{"@type":"ImageObject","inLanguage":"it-IT","@id":"https:\/\/chemsfine.com\/#\/schema\/logo\/image\/","url":"https:\/\/chemsfine.com\/wp-content\/uploads\/2024\/09\/final-logo.png","contentUrl":"https:\/\/chemsfine.com\/wp-content\/uploads\/2024\/09\/final-logo.png","width":340,"height":72,"caption":"Chemsfine"},"image":{"@id":"https:\/\/chemsfine.com\/#\/schema\/logo\/image\/"}}]}},"_links":{"self":[{"href":"https:\/\/chemsfine.com\/it\/wp-json\/wp\/v2\/product\/8131","targetHints":{"allow":["GET"]}}],"collection":[{"href":"https:\/\/chemsfine.com\/it\/wp-json\/wp\/v2\/product"}],"about":[{"href":"https:\/\/chemsfine.com\/it\/wp-json\/wp\/v2\/types\/product"}],"replies":[{"embeddable":true,"href":"https:\/\/chemsfine.com\/it\/wp-json\/wp\/v2\/comments?post=8131"}],"wp:featuredmedia":[{"embeddable":true,"href":"https:\/\/chemsfine.com\/it\/wp-json\/wp\/v2\/media\/8173"}],"wp:attachment":[{"href":"https:\/\/chemsfine.com\/it\/wp-json\/wp\/v2\/media?parent=8131"}],"wp:term":[{"taxonomy":"product_brand","embeddable":true,"href":"https:\/\/chemsfine.com\/it\/wp-json\/wp\/v2\/product_brand?post=8131"},{"taxonomy":"product_cat","embeddable":true,"href":"https:\/\/chemsfine.com\/it\/wp-json\/wp\/v2\/product_cat?post=8131"},{"taxonomy":"product_tag","embeddable":true,"href":"https:\/\/chemsfine.com\/it\/wp-json\/wp\/v2\/product_tag?post=8131"}],"curies":[{"name":"wp","href":"https:\/\/api.w.org\/{rel}","templated":true}]}}