{"id":5802,"date":"2026-02-12T09:51:47","date_gmt":"2026-02-12T09:51:47","guid":{"rendered":"https:\/\/chemsfine.com\/?post_type=product&#038;p=5802"},"modified":"2026-03-25T14:01:22","modified_gmt":"2026-03-25T14:01:22","slug":"buy-mexican-cocaine","status":"publish","type":"product","link":"https:\/\/chemsfine.com\/nl\/product\/buy-mexican-cocaine\/","title":{"rendered":"Mexicaanse coca\u00efne"},"content":{"rendered":"<h1 data-start=\"191\" data-end=\"238\">Mexicaanse coca\u00efne kopen: <strong>Een krachtige kracht in de markt van stimulerende middelen<\/strong><\/h1>\n<p class=\"ds-markdown-paragraph\">Mexicaanse coca\u00efne is een formidabel product dat bekend staat om zijn robuuste effecten en aanzienlijke aanwezigheid op de wereldmarkt. Deze variant, afkomstig van cocateelt en verwerkt via geavanceerde netwerken, staat bekend om zijn krachtige stimulerende eigenschappen. Het is ontwikkeld voor gebruikers die op zoek zijn naar een krachtige en langdurige euforische ervaring, die zorgt voor aanzienlijke energie, verhoogde alertheid en meer zelfvertrouwen voor veeleisend sociaal of situationeel gebruik.<\/p>\n<div>Ze begonnen in verschillende delen van de wereld coca\u00efne te verkopen tegen zeer redelijke prijzen. Mensen kochten die coca\u00efne op grote schaal vanwege de zuiverheid en de vele toepassingen.<\/div>\n<div>Colombiaanse Coca\u00efne-96 puur is een van de puurste vormen van coca\u00efne die in de hele wereld te vinden is. Door zijn zuiverheid heeft het een hoog potentieel om in het menselijk lichaam te werken. Net als andere vormen van coca\u00efne werkt het ook op het centrale zenuwstelsel om de gewenste resultaten te behalen.<\/div>\n<div>Maar het werkt veel sneller dan andere vormen van coca\u00efne. Het laat het menselijk lichaam ontspannen door de problemen van het leven te vergeten. Het stelt het menselijk lichaam in staat om goed te slapen en de geest te ontspannen.<\/div>\n<div>Mexicaanse Coca\u00efne-96 puur wordt ook gebruikt door artsen door het te mengen met verschillende ingredi\u00ebnten die nuttig zijn voor de menselijke gezondheid. Mensen gebruiken het om te genezen van vele ziekten zoals depressie, angst, etc.<\/div>\n<div>Het wordt ook gebruikt om verlichting te krijgen van elk type pijn. Dit betekent de pijn die kan worden veroorzaakt door directe ongevallen of de pijn van langdurige ziekten. De artsen zijn het voorschrijven van deze drug in de vorm van medicijnen om een remedie te krijgen. Deze eigenschappen zijn verantwoordelijk voor zo'n enorm gebruik van Mexicaanse Coca\u00efne-96.<\/div>\n<div>Onze online winkel behandelt alle soorten pro-drugs, drugs en medicijnen. Onze winkel is ook het verstrekken van Mexicaanse Coca\u00efne-96 pure tegen zeer redelijke prijzen. Ook is onze winkel biedt snelle levering van het product. We hebben ook de beste K2 badzout online<\/div>","protected":false},"excerpt":{"rendered":"<p>Koop Mexicaanse coca\u00efne 96% puur - coca\u00efne te koop silk road - synthetische coca\u00efne online te koop - pure coca\u00efne online te koop - coca\u00efne online kopen uit amsterdam.<\/p>\n<p>&nbsp;<\/p>","protected":false},"featured_media":5850,"comment_status":"open","ping_status":"closed","template":"","meta":{"_joinchat":[]},"product_brand":[],"product_cat":[939],"product_tag":[],"class_list":{"0":"post-5802","1":"product","2":"type-product","3":"status-publish","4":"has-post-thumbnail","6":"product_cat-cocaine","8":"first","9":"instock","10":"shipping-taxable","11":"purchasable","12":"product-type-variable"},"yoast_head":"<!-- This site is optimized with the Yoast SEO plugin v27.2 - https:\/\/yoast.com\/product\/yoast-seo-wordpress\/ -->\n<title>Buy Mexican Cocaine | Mexican Cocaine for Sale |<\/title>\n<meta name=\"description\" content=\"Buy Mexican Cocaine, We have a wide range of Mexican Cocaine for sale which comes from Medellin, Mexico Mexican Cocaine is a strong stimulant most frequently used as a recreational drug.\" \/>\n<meta name=\"robots\" content=\"index, follow, max-snippet:-1, max-image-preview:large, max-video-preview:-1\" \/>\n<link rel=\"canonical\" href=\"https:\/\/chemsfine.com\/nl\/product\/buy-mexican-cocaine\/\" \/>\n<meta property=\"og:locale\" content=\"nl_BE\" \/>\n<meta property=\"og:type\" content=\"article\" \/>\n<meta property=\"og:title\" content=\"Buy Mexican Cocaine | Mexican Cocaine for Sale |\" \/>\n<meta property=\"og:description\" content=\"Buy Mexican Cocaine, We have a wide range of Mexican Cocaine for sale which comes from Medellin, Mexico Mexican Cocaine is a strong stimulant most frequently used as a recreational drug.\" \/>\n<meta property=\"og:url\" content=\"https:\/\/chemsfine.com\/nl\/product\/buy-mexican-cocaine\/\" \/>\n<meta property=\"og:site_name\" content=\"Chemsfine\" \/>\n<meta property=\"article:modified_time\" content=\"2026-03-25T14:01:22+00:00\" \/>\n<meta property=\"og:image\" content=\"https:\/\/chemsfine.com\/wp-content\/uploads\/2026\/02\/volkswagen-cocaine-buy-cocaine-online-1.jpg\" \/>\n\t<meta property=\"og:image:width\" content=\"510\" \/>\n\t<meta property=\"og:image:height\" content=\"510\" \/>\n\t<meta property=\"og:image:type\" content=\"image\/jpeg\" \/>\n<meta name=\"twitter:card\" content=\"summary_large_image\" \/>\n<meta name=\"twitter:label1\" content=\"Geschatte leestijd\" \/>\n\t<meta name=\"twitter:data1\" content=\"2 minuten\" \/>\n<script type=\"application\/ld+json\" class=\"yoast-schema-graph\">{\"@context\":\"https:\/\/schema.org\",\"@graph\":[{\"@type\":\"WebPage\",\"@id\":\"https:\/\/chemsfine.com\/product\/buy-mexican-cocaine\/\",\"url\":\"https:\/\/chemsfine.com\/product\/buy-mexican-cocaine\/\",\"name\":\"Buy Mexican Cocaine | Mexican Cocaine for Sale |\",\"isPartOf\":{\"@id\":\"https:\/\/chemsfine.com\/#website\"},\"primaryImageOfPage\":{\"@id\":\"https:\/\/chemsfine.com\/product\/buy-mexican-cocaine\/#primaryimage\"},\"image\":{\"@id\":\"https:\/\/chemsfine.com\/product\/buy-mexican-cocaine\/#primaryimage\"},\"thumbnailUrl\":\"https:\/\/chemsfine.com\/wp-content\/uploads\/2026\/02\/volkswagen-cocaine-buy-cocaine-online-1.jpg\",\"datePublished\":\"2026-02-12T09:51:47+00:00\",\"dateModified\":\"2026-03-25T14:01:22+00:00\",\"description\":\"Buy Mexican Cocaine, We have a wide range of Mexican Cocaine for sale which comes from Medellin, Mexico Mexican Cocaine is a strong stimulant most frequently used as a recreational drug.\",\"breadcrumb\":{\"@id\":\"https:\/\/chemsfine.com\/product\/buy-mexican-cocaine\/#breadcrumb\"},\"inLanguage\":\"nl-BE\",\"potentialAction\":[{\"@type\":\"ReadAction\",\"target\":[\"https:\/\/chemsfine.com\/product\/buy-mexican-cocaine\/\"]}]},{\"@type\":\"ImageObject\",\"inLanguage\":\"nl-BE\",\"@id\":\"https:\/\/chemsfine.com\/product\/buy-mexican-cocaine\/#primaryimage\",\"url\":\"https:\/\/chemsfine.com\/wp-content\/uploads\/2026\/02\/volkswagen-cocaine-buy-cocaine-online-1.jpg\",\"contentUrl\":\"https:\/\/chemsfine.com\/wp-content\/uploads\/2026\/02\/volkswagen-cocaine-buy-cocaine-online-1.jpg\",\"width\":510,\"height\":510},{\"@type\":\"BreadcrumbList\",\"@id\":\"https:\/\/chemsfine.com\/product\/buy-mexican-cocaine\/#breadcrumb\",\"itemListElement\":[{\"@type\":\"ListItem\",\"position\":1,\"name\":\"Home\",\"item\":\"https:\/\/chemsfine.com\/\"},{\"@type\":\"ListItem\",\"position\":2,\"name\":\"Shop\",\"item\":\"https:\/\/chemsfine.com\/shop\/\"},{\"@type\":\"ListItem\",\"position\":3,\"name\":\"Mexican Cocaine\"}]},{\"@type\":\"WebSite\",\"@id\":\"https:\/\/chemsfine.com\/#website\",\"url\":\"https:\/\/chemsfine.com\/\",\"name\":\"Chemsfine\",\"description\":\"My WordPress Blog\",\"publisher\":{\"@id\":\"https:\/\/chemsfine.com\/#organization\"},\"potentialAction\":[{\"@type\":\"SearchAction\",\"target\":{\"@type\":\"EntryPoint\",\"urlTemplate\":\"https:\/\/chemsfine.com\/?s={search_term_string}\"},\"query-input\":{\"@type\":\"PropertyValueSpecification\",\"valueRequired\":true,\"valueName\":\"search_term_string\"}}],\"inLanguage\":\"nl-BE\"},{\"@type\":\"Organization\",\"@id\":\"https:\/\/chemsfine.com\/#organization\",\"name\":\"Chemsfine\",\"url\":\"https:\/\/chemsfine.com\/\",\"logo\":{\"@type\":\"ImageObject\",\"inLanguage\":\"nl-BE\",\"@id\":\"https:\/\/chemsfine.com\/#\/schema\/logo\/image\/\",\"url\":\"https:\/\/chemsfine.com\/wp-content\/uploads\/2024\/09\/final-logo.png\",\"contentUrl\":\"https:\/\/chemsfine.com\/wp-content\/uploads\/2024\/09\/final-logo.png\",\"width\":340,\"height\":72,\"caption\":\"Chemsfine\"},\"image\":{\"@id\":\"https:\/\/chemsfine.com\/#\/schema\/logo\/image\/\"}}]}<\/script>\n<!-- \/ Yoast SEO plugin. -->","yoast_head_json":{"title":"Mexicaanse coca\u00efne kopen | Mexicaanse coca\u00efne te koop |","description":"Mexicaanse coca\u00efne kopen, we hebben een breed scala aan Mexicaanse coca\u00efne te koop die afkomstig is uit Medellin, Mexico Mexicaanse coca\u00efne is een sterk stimulerend middel dat meestal wordt gebruikt als recreatieve drug.","robots":{"index":"index","follow":"follow","max-snippet":"max-snippet:-1","max-image-preview":"max-image-preview:large","max-video-preview":"max-video-preview:-1"},"canonical":"https:\/\/chemsfine.com\/nl\/product\/buy-mexican-cocaine\/","og_locale":"nl_BE","og_type":"article","og_title":"Buy Mexican Cocaine | Mexican Cocaine for Sale |","og_description":"Buy Mexican Cocaine, We have a wide range of Mexican Cocaine for sale which comes from Medellin, Mexico Mexican Cocaine is a strong stimulant most frequently used as a recreational drug.","og_url":"https:\/\/chemsfine.com\/nl\/product\/buy-mexican-cocaine\/","og_site_name":"Chemsfine","article_modified_time":"2026-03-25T14:01:22+00:00","og_image":[{"width":510,"height":510,"url":"https:\/\/chemsfine.com\/wp-content\/uploads\/2026\/02\/volkswagen-cocaine-buy-cocaine-online-1.jpg","type":"image\/jpeg"}],"twitter_card":"summary_large_image","twitter_misc":{"Geschatte leestijd":"2 minuten"},"schema":{"@context":"https:\/\/schema.org","@graph":[{"@type":"WebPage","@id":"https:\/\/chemsfine.com\/product\/buy-mexican-cocaine\/","url":"https:\/\/chemsfine.com\/product\/buy-mexican-cocaine\/","name":"Mexicaanse coca\u00efne kopen | Mexicaanse coca\u00efne te koop |","isPartOf":{"@id":"https:\/\/chemsfine.com\/#website"},"primaryImageOfPage":{"@id":"https:\/\/chemsfine.com\/product\/buy-mexican-cocaine\/#primaryimage"},"image":{"@id":"https:\/\/chemsfine.com\/product\/buy-mexican-cocaine\/#primaryimage"},"thumbnailUrl":"https:\/\/chemsfine.com\/wp-content\/uploads\/2026\/02\/volkswagen-cocaine-buy-cocaine-online-1.jpg","datePublished":"2026-02-12T09:51:47+00:00","dateModified":"2026-03-25T14:01:22+00:00","description":"Mexicaanse coca\u00efne kopen, we hebben een breed scala aan Mexicaanse coca\u00efne te koop die afkomstig is uit Medellin, Mexico Mexicaanse coca\u00efne is een sterk stimulerend middel dat meestal wordt gebruikt als recreatieve drug.","breadcrumb":{"@id":"https:\/\/chemsfine.com\/product\/buy-mexican-cocaine\/#breadcrumb"},"inLanguage":"nl-BE","potentialAction":[{"@type":"ReadAction","target":["https:\/\/chemsfine.com\/product\/buy-mexican-cocaine\/"]}]},{"@type":"ImageObject","inLanguage":"nl-BE","@id":"https:\/\/chemsfine.com\/product\/buy-mexican-cocaine\/#primaryimage","url":"https:\/\/chemsfine.com\/wp-content\/uploads\/2026\/02\/volkswagen-cocaine-buy-cocaine-online-1.jpg","contentUrl":"https:\/\/chemsfine.com\/wp-content\/uploads\/2026\/02\/volkswagen-cocaine-buy-cocaine-online-1.jpg","width":510,"height":510},{"@type":"BreadcrumbList","@id":"https:\/\/chemsfine.com\/product\/buy-mexican-cocaine\/#breadcrumb","itemListElement":[{"@type":"ListItem","position":1,"name":"Home","item":"https:\/\/chemsfine.com\/"},{"@type":"ListItem","position":2,"name":"Shop","item":"https:\/\/chemsfine.com\/shop\/"},{"@type":"ListItem","position":3,"name":"Mexican Cocaine"}]},{"@type":"WebSite","@id":"https:\/\/chemsfine.com\/#website","url":"https:\/\/chemsfine.com\/","name":"Chemsfine","description":"Mijn WordPress Blog","publisher":{"@id":"https:\/\/chemsfine.com\/#organization"},"potentialAction":[{"@type":"SearchAction","target":{"@type":"EntryPoint","urlTemplate":"https:\/\/chemsfine.com\/?s={search_term_string}"},"query-input":{"@type":"PropertyValueSpecification","valueRequired":true,"valueName":"search_term_string"}}],"inLanguage":"nl-BE"},{"@type":"Organization","@id":"https:\/\/chemsfine.com\/#organization","name":"Chemsfine","url":"https:\/\/chemsfine.com\/","logo":{"@type":"ImageObject","inLanguage":"nl-BE","@id":"https:\/\/chemsfine.com\/#\/schema\/logo\/image\/","url":"https:\/\/chemsfine.com\/wp-content\/uploads\/2024\/09\/final-logo.png","contentUrl":"https:\/\/chemsfine.com\/wp-content\/uploads\/2024\/09\/final-logo.png","width":340,"height":72,"caption":"Chemsfine"},"image":{"@id":"https:\/\/chemsfine.com\/#\/schema\/logo\/image\/"}}]}},"_links":{"self":[{"href":"https:\/\/chemsfine.com\/nl\/wp-json\/wp\/v2\/product\/5802","targetHints":{"allow":["GET"]}}],"collection":[{"href":"https:\/\/chemsfine.com\/nl\/wp-json\/wp\/v2\/product"}],"about":[{"href":"https:\/\/chemsfine.com\/nl\/wp-json\/wp\/v2\/types\/product"}],"replies":[{"embeddable":true,"href":"https:\/\/chemsfine.com\/nl\/wp-json\/wp\/v2\/comments?post=5802"}],"wp:featuredmedia":[{"embeddable":true,"href":"https:\/\/chemsfine.com\/nl\/wp-json\/wp\/v2\/media\/5850"}],"wp:attachment":[{"href":"https:\/\/chemsfine.com\/nl\/wp-json\/wp\/v2\/media?parent=5802"}],"wp:term":[{"taxonomy":"product_brand","embeddable":true,"href":"https:\/\/chemsfine.com\/nl\/wp-json\/wp\/v2\/product_brand?post=5802"},{"taxonomy":"product_cat","embeddable":true,"href":"https:\/\/chemsfine.com\/nl\/wp-json\/wp\/v2\/product_cat?post=5802"},{"taxonomy":"product_tag","embeddable":true,"href":"https:\/\/chemsfine.com\/nl\/wp-json\/wp\/v2\/product_tag?post=5802"}],"curies":[{"name":"wp","href":"https:\/\/api.w.org\/{rel}","templated":true}]}}