{"id":1139,"date":"2024-10-02T17:53:49","date_gmt":"2024-10-02T17:53:49","guid":{"rendered":"https:\/\/chemsfine.com\/?page_id=1139"},"modified":"2025-06-09T14:08:33","modified_gmt":"2025-06-09T14:08:33","slug":"czystosc-kokainy-99","status":"publish","type":"page","link":"https:\/\/chemsfine.com\/pl\/cocaine-purity-99\/","title":{"rendered":"Czysto\u015b\u0107 kokainy 99%"},"content":{"rendered":"<p><a href=\"https:\/\/chemsfine.com\/pl\/czystosc-kokainy-99\/\">Buz Cocaine With Purity 99%<\/a>Kokaina jest silnym \u015brodkiem pobudzaj\u0105cym, otrzymywanym z ro\u015bliny koki. Jest klasyfikowana jako <strong>Substancja kontrolowana z wykazu II<\/strong> w wielu krajach, w tym w Stanach Zjednoczonych, gdzie jest legalna do u\u017cytku medycznego w niekt\u00f3rych kontekstach, ale nielegalna do u\u017cytku rekreacyjnego. Oto kilka kluczowych punkt\u00f3w dotycz\u0105cych zamawiania Cocaine Purity 99%:<\/p>\n<h3>Najwa\u017cniejsze informacje o kokainie:<\/h3>\n<ol>\n<li><strong>Formularze<\/strong>:\n<ul>\n<li>Kokaina wyst\u0119puje zazwyczaj w dw\u00f3ch g\u0142\u00f3wnych postaciach:\n<ul>\n<li><strong>Chlorowodorek kokainy<\/strong>: Jest to sproszkowana forma, kt\u00f3r\u0105 mo\u017cna wci\u0105ga\u0107, wstrzykiwa\u0107 lub stosowa\u0107 w niekt\u00f3rych warunkach medycznych.<\/li>\n<li><strong>Crack kokaina<\/strong>: Sta\u0142a forma kokainy, kt\u00f3ra zosta\u0142a przetworzona w ma\u0142e kamienie. Zwykle jest palona i znana z szybkiego pocz\u0105tku dzia\u0142ania. <strong>Zamawianie cracku online\u00a0<\/strong><\/li>\n<\/ul>\n<\/li>\n<\/ul>\n<\/li>\n<li><strong>Efekty<\/strong>:\n<ul>\n<li>Kokaina jest znana ze swoich stymuluj\u0105cych efekt\u00f3w, kt\u00f3re mog\u0105 obejmowa\u0107:\n<ul>\n<li>Zwi\u0119kszona energia i czujno\u015b\u0107<\/li>\n<li>Euforia i dobre samopoczucie<\/li>\n<li>Zwi\u0119kszona towarzysko\u015b\u0107 i gadatliwo\u015b\u0107<\/li>\n<li>Zmniejszony apetyt<\/li>\n<\/ul>\n<\/li>\n<li>Efekty zwykle zaczynaj\u0105 si\u0119 w ci\u0105gu kilku minut i mog\u0105 utrzymywa\u0107 si\u0119 przez kr\u00f3tki czas, w zale\u017cno\u015bci od metody u\u017cycia. Na przyk\u0142ad, wci\u0105ganie kokainy mo\u017ce wywo\u0142ywa\u0107 efekty przez ok. <strong>30 minut<\/strong>Podczas gdy palenie cracku mo\u017ce prowadzi\u0107 do intensywnego, ale kr\u00f3tkotrwa\u0142ego haju. <strong>Zamawianie kokainy online<\/strong>.<\/li>\n<\/ul>\n<\/li>\n<li><strong>Ryzyko i skutki uboczne<\/strong>:\n<ul>\n<li><strong>Kwestie sercowo-naczyniowe<\/strong>: U\u017cywanie kokainy mo\u017ce prowadzi\u0107 do zwi\u0119kszenia cz\u0119sto\u015bci akcji serca, podwy\u017cszenia ci\u015bnienia krwi i ryzyka zawa\u0142u serca lub udaru m\u00f3zgu. <strong>szukanie czystej kokainy online\u00a0<\/strong><\/li>\n<li><strong>Efekty psychologiczne<\/strong>: U\u017cytkownicy mog\u0105 odczuwa\u0107 niepok\u00f3j, paranoj\u0119 i dra\u017cliwo\u015b\u0107. D\u0142ugotrwa\u0142e stosowanie mo\u017ce prowadzi\u0107 do powa\u017cniejszych zaburze\u0144 psychicznych.<\/li>\n<li><strong>Uzale\u017cnienie<\/strong>: Kokaina silnie uzale\u017cnia. U\u017cytkownicy mog\u0105 rozwin\u0105\u0107 tolerancj\u0119, co prowadzi do zwi\u0119kszenia dawek i wy\u017cszego ryzyka uzale\u017cnienia.<\/li>\n<li><strong>Przedawkowanie<\/strong>: Przedawkowanie kokainy mo\u017ce zagra\u017ca\u0107 \u017cyciu i powodowa\u0107 objawy takie jak drgawki, hipertermia i zapa\u015b\u0107 sercowo-naczyniowa.<\/li>\n<\/ul>\n<\/li>\n<li><strong>Status prawny<\/strong>:\n<ul>\n<li>Kokaina jest nielegalna do u\u017cytku rekreacyjnego w wi\u0119kszo\u015bci kraj\u00f3w, cho\u0107 jest dost\u0119pna na recept\u0119 do okre\u015blonych zastosowa\u0144 medycznych, takich jak znieczulenie miejscowe w niekt\u00f3rych zabiegach chirurgicznych.<\/li>\n<\/ul>\n<\/li>\n<li><strong>Redukcja szk\u00f3d<\/strong>:\n<ul>\n<li>Dla os\u00f3b, kt\u00f3re decyduj\u0105 si\u0119 na u\u017cywanie kokainy, kluczowe znaczenie ma zrozumienie ryzyka i praktykowanie redukcji szk\u00f3d. Mo\u017ce to obejmowa\u0107 u\u017cywanie w bezpiecznym \u015brodowisku, unikanie mieszania z innymi substancjami i \u015bwiadomo\u015b\u0107 oznak przedawkowania.<\/li>\n<\/ul>\n<\/li>\n<\/ol>\n<p><a href=\"https:\/\/en.wikipedia.org\/wiki\/Cocaine\">Kokaina<\/a> pochodzi g\u0142\u00f3wnie z ro\u015bliny koki i jest dost\u0119pna w kilku formach, z kt\u00f3rych ka\u017cda ma r\u00f3\u017cne cechy, metody u\u017cycia i efekty. Oto g\u0142\u00f3wne rodzaje kokainy:<\/p>\n<h3>1. Chlorowodorek kokainy<\/h3>\n<ul>\n<li><strong>Formularz<\/strong>: Jest to sproszkowana forma kokainy, zazwyczaj bia\u0142a, krystaliczna substancja.<\/li>\n<li><strong>Metoda u\u017cycia<\/strong>: Mo\u017ce to by\u0107 <strong>prychn\u0105\u0142<\/strong>, <strong>rozpuszczony w wodzie i wstrzykni\u0119ty<\/strong>lub sporadycznie przyjmowany doustnie.<\/li>\n<li><strong>Efekty<\/strong>: Powoduje szybkie wyst\u0105pienie efekt\u00f3w, w tym euforii, zwi\u0119kszonej energii i zwi\u0119kszonej czujno\u015bci. Efekty zazwyczaj utrzymuj\u0105 si\u0119 przez oko\u0142o <strong>30 minut do godziny<\/strong> gdy parskn\u0105\u0142.<\/li>\n<\/ul>\n<h3>2. Crack kokaina na sprzeda\u017c<\/h3>\n<ul>\n<li><strong>Formularz<\/strong>: Crack kokaina ma posta\u0107 ma\u0142ych, twardych kamieni lub kryszta\u0142\u00f3w. Jest to wolna forma kokainy, kt\u00f3ra zosta\u0142a przetworzona za pomoc\u0105 sody oczyszczonej lub amoniaku. Cociane na sprzeda\u017c<\/li>\n<li><strong>Metoda u\u017cycia<\/strong>: Crack jest zwykle <strong>w\u0119dzony<\/strong>, co pozwala na bardzo szybki pocz\u0105tek dzia\u0142ania, cz\u0119sto w ci\u0105gu kilku sekund.<\/li>\n<li><strong>Efekty<\/strong>: Haj jest intensywny, ale kr\u00f3tkotrwa\u0142y, zazwyczaj trwaj\u0105cy ok. <strong>5 do 15 minut<\/strong>. Ta forma jest znana ze swojego silnie uzale\u017cniaj\u0105cego potencja\u0142u ze wzgl\u0119du na szybki i intensywny przyp\u0142yw energii.<\/li>\n<\/ul>\n<h3>3. Jako\u015b\u0107 kokainy Freebase<\/h3>\n<ul>\n<li><strong>Formularz<\/strong>: Kokaina Freebase to oczyszczona forma kokainy, kt\u00f3ra zosta\u0142a przetworzona chemicznie w celu usuni\u0119cia soli chlorowodorku. Ma posta\u0107 bia\u0142ego proszku lub kryszta\u0142u.<\/li>\n<li><strong>Metoda u\u017cycia<\/strong>: Zazwyczaj jest to <strong>w\u0119dzony<\/strong> lub odparowana. Kokaina freebase jest rzadziej u\u017cywana ni\u017c crack ze wzgl\u0119du na bardziej skomplikowane przygotowanie.<\/li>\n<li><strong>Efekty<\/strong>: Podobnie jak crack, kokaina freebase wywo\u0142uje szybki i intensywny haj.<\/li>\n<\/ul>\n<h3>4. Pasta kokainowa<\/h3>\n<ul>\n<li><strong>Formularz<\/strong>: Jest to surowa forma kokainy, kt\u00f3ra zawiera mieszank\u0119 kokainy i innych substancji. Ma posta\u0107 br\u0105zowawej pasty.<\/li>\n<li><strong>Metoda u\u017cycia<\/strong>: Pasta kokainowa jest cz\u0119sto u\u017cywana w regionach, w kt\u00f3rych uprawia si\u0119 li\u015bcie koki. Mo\u017ce to by\u0107 <strong>w\u0119dzony<\/strong>, <strong>prze\u017cuwany<\/strong>lub <strong>przetwarzany na chlorowodorek kokainy<\/strong>. Prawdziwi sprzedawcy kokainy online<\/li>\n<li><strong>Efekty<\/strong>: Efekty mog\u0105 si\u0119 r\u00f3\u017cni\u0107 w zale\u017cno\u015bci od czysto\u015bci i sposobu u\u017cycia, ale og\u00f3lnie obejmuj\u0105 eufori\u0119 i stymulacj\u0119.<\/li>\n<\/ul>\n<h3>5. Baza kokainowa<\/h3>\n<ul>\n<li><strong>Formularz<\/strong>: Jest to nierafinowana forma kokainy, kt\u00f3ra mo\u017ce zawiera\u0107 produkt pozosta\u0142y po przetworzeniu li\u015bci koki.<\/li>\n<li><strong>Metoda u\u017cycia<\/strong>: Baza kokainy mo\u017ce by\u0107 <strong>w\u0119dzony<\/strong> lub po\u0142kni\u0119ta i cz\u0119sto jest mniej czysta ni\u017c inne formy.<\/li>\n<li><strong>Efekty<\/strong>: Podobny do innych form, ale o mniej przewidywalnych efektach i sile dzia\u0142ania.<\/li>\n<\/ul>\n<h3>Podsumowanie<\/h3>\n<p>Ka\u017cdy rodzaj kokainy r\u00f3\u017cni si\u0119 pod wzgl\u0119dem czysto\u015bci, sposobu u\u017cycia oraz czasu trwania i intensywno\u015bci efekt\u00f3w. Chocia\u017c kokaina znana jest ze swoich w\u0142a\u015bciwo\u015bci pobudzaj\u0105cych i euforycznych efekt\u00f3w, niesie ze sob\u0105 r\u00f3wnie\u017c znaczne ryzyko, w tym uzale\u017cnienie, problemy sercowo-naczyniowe i mo\u017cliwo\u015b\u0107 przedawkowania. Zrozumienie tych form jest kluczowe dla rozpoznania ich niebezpiecze\u0144stw i skutk\u00f3w. Je\u015bli ty lub kto\u015b, kogo znasz, zmaga si\u0119 z u\u017cywaniem substancji, wa\u017cne jest, aby poszuka\u0107 profesjonalnej pomocy.<\/p>\n<h3>Wnioski:<\/h3>\n<p>Kokaina jest silnym \u015brodkiem pobudzaj\u0105cym, powoduj\u0105cym powa\u017cne zagro\u017cenia dla zdrowia, w tym uzale\u017cnienie oraz powa\u017cne skutki psychologiczne i fizjologiczne. W wielu miejscach jest ona nielegalna do u\u017cytku rekreacyjnego, dlatego zaleca si\u0119 ostro\u017cno\u015b\u0107 ka\u017cdemu, kto rozwa\u017ca jej u\u017cycie. Je\u015bli ty lub kto\u015b, kogo znasz, zmaga si\u0119 z u\u017cywaniem substancji, wa\u017cne jest, aby szuka\u0107 profesjonalnej pomocy i wsparcia.<\/p>\n<p>kontakt pod adresem <a href=\"https:\/\/chemsfine.com\/pl\/czystosc-kokainy-99\/\">Chemsfine<\/a><\/p>","protected":false},"excerpt":{"rendered":"<p>Buz Cocaine With Purity 99%, Cocaine is a powerful stimulant drug derived from the coca&hellip;<\/p>","protected":false},"author":1,"featured_media":1140,"parent":0,"menu_order":0,"comment_status":"closed","ping_status":"closed","template":"","meta":{"_joinchat":[],"footnotes":""},"class_list":["post-1139","page","type-page","status-publish","has-post-thumbnail","hentry"],"yoast_head":"<!-- This site is optimized with the Yoast SEO plugin v27.2 - https:\/\/yoast.com\/product\/yoast-seo-wordpress\/ -->\n<title>Buy Cocaine Purity 99% Online - Cocaine Purity 99% for Sale<\/title>\n<meta name=\"description\" content=\"At our chemsfine, you can get cocaine Purity 99% for sale at cheap rates. Here you can buy cocaine Purity 99% online with high-quality from our store now with fast &amp; secure shipping service. Order Now!\" \/>\n<meta name=\"robots\" content=\"index, follow, max-snippet:-1, max-image-preview:large, max-video-preview:-1\" \/>\n<link rel=\"canonical\" href=\"https:\/\/chemsfine.com\/pl\/czystosc-kokainy-99\/\" \/>\n<meta property=\"og:locale\" content=\"pl_PL\" \/>\n<meta property=\"og:type\" content=\"article\" \/>\n<meta property=\"og:title\" content=\"Buy Cocaine Purity 99% Online - Cocaine Purity 99% for Sale\" \/>\n<meta property=\"og:description\" content=\"At our chemsfine, you can get cocaine Purity 99% for sale at cheap rates. Here you can buy cocaine Purity 99% online with high-quality from our store now with fast &amp; secure shipping service. Order Now!\" \/>\n<meta property=\"og:url\" content=\"https:\/\/chemsfine.com\/pl\/czystosc-kokainy-99\/\" \/>\n<meta property=\"og:site_name\" content=\"Chemsfine\" \/>\n<meta property=\"article:modified_time\" content=\"2025-06-09T14:08:33+00:00\" \/>\n<meta property=\"og:image\" content=\"https:\/\/chemsfine.com\/wp-content\/uploads\/2024\/10\/Cocaine-Purity-99_.jpg\" \/>\n\t<meta property=\"og:image:width\" content=\"474\" \/>\n\t<meta property=\"og:image:height\" content=\"221\" \/>\n\t<meta property=\"og:image:type\" content=\"image\/jpeg\" \/>\n<meta name=\"twitter:card\" content=\"summary_large_image\" \/>\n<meta name=\"twitter:label1\" content=\"Szacowany czas czytania\" \/>\n\t<meta name=\"twitter:data1\" content=\"4 minuty\" \/>\n<script type=\"application\/ld+json\" class=\"yoast-schema-graph\">{\"@context\":\"https:\/\/schema.org\",\"@graph\":[{\"@type\":\"WebPage\",\"@id\":\"https:\/\/chemsfine.com\/cocaine-purity-99\/\",\"url\":\"https:\/\/chemsfine.com\/cocaine-purity-99\/\",\"name\":\"Buy Cocaine Purity 99% Online - Cocaine Purity 99% for Sale\",\"isPartOf\":{\"@id\":\"https:\/\/chemsfine.com\/#website\"},\"primaryImageOfPage\":{\"@id\":\"https:\/\/chemsfine.com\/cocaine-purity-99\/#primaryimage\"},\"image\":{\"@id\":\"https:\/\/chemsfine.com\/cocaine-purity-99\/#primaryimage\"},\"thumbnailUrl\":\"https:\/\/chemsfine.com\/wp-content\/uploads\/2024\/10\/Cocaine-Purity-99_.jpg\",\"datePublished\":\"2024-10-02T17:53:49+00:00\",\"dateModified\":\"2025-06-09T14:08:33+00:00\",\"description\":\"At our chemsfine, you can get cocaine Purity 99% for sale at cheap rates. Here you can buy cocaine Purity 99% online with high-quality from our store now with fast & secure shipping service. Order Now!\",\"breadcrumb\":{\"@id\":\"https:\/\/chemsfine.com\/cocaine-purity-99\/#breadcrumb\"},\"inLanguage\":\"pl-PL\",\"potentialAction\":[{\"@type\":\"ReadAction\",\"target\":[\"https:\/\/chemsfine.com\/cocaine-purity-99\/\"]}]},{\"@type\":\"ImageObject\",\"inLanguage\":\"pl-PL\",\"@id\":\"https:\/\/chemsfine.com\/cocaine-purity-99\/#primaryimage\",\"url\":\"https:\/\/chemsfine.com\/wp-content\/uploads\/2024\/10\/Cocaine-Purity-99_.jpg\",\"contentUrl\":\"https:\/\/chemsfine.com\/wp-content\/uploads\/2024\/10\/Cocaine-Purity-99_.jpg\",\"width\":474,\"height\":221,\"caption\":\"Buy Cocaine Online\"},{\"@type\":\"BreadcrumbList\",\"@id\":\"https:\/\/chemsfine.com\/cocaine-purity-99\/#breadcrumb\",\"itemListElement\":[{\"@type\":\"ListItem\",\"position\":1,\"name\":\"Home\",\"item\":\"https:\/\/chemsfine.com\/\"},{\"@type\":\"ListItem\",\"position\":2,\"name\":\"Cocaine Purity 99%\"}]},{\"@type\":\"WebSite\",\"@id\":\"https:\/\/chemsfine.com\/#website\",\"url\":\"https:\/\/chemsfine.com\/\",\"name\":\"Chemsfine\",\"description\":\"My WordPress Blog\",\"publisher\":{\"@id\":\"https:\/\/chemsfine.com\/#organization\"},\"potentialAction\":[{\"@type\":\"SearchAction\",\"target\":{\"@type\":\"EntryPoint\",\"urlTemplate\":\"https:\/\/chemsfine.com\/?s={search_term_string}\"},\"query-input\":{\"@type\":\"PropertyValueSpecification\",\"valueRequired\":true,\"valueName\":\"search_term_string\"}}],\"inLanguage\":\"pl-PL\"},{\"@type\":\"Organization\",\"@id\":\"https:\/\/chemsfine.com\/#organization\",\"name\":\"Chemsfine\",\"url\":\"https:\/\/chemsfine.com\/\",\"logo\":{\"@type\":\"ImageObject\",\"inLanguage\":\"pl-PL\",\"@id\":\"https:\/\/chemsfine.com\/#\/schema\/logo\/image\/\",\"url\":\"https:\/\/chemsfine.com\/wp-content\/uploads\/2024\/09\/final-logo.png\",\"contentUrl\":\"https:\/\/chemsfine.com\/wp-content\/uploads\/2024\/09\/final-logo.png\",\"width\":340,\"height\":72,\"caption\":\"Chemsfine\"},\"image\":{\"@id\":\"https:\/\/chemsfine.com\/#\/schema\/logo\/image\/\"}}]}<\/script>\n<!-- \/ Yoast SEO plugin. -->","yoast_head_json":{"title":"Kup kokain\u0119 Purity 99% online - Kokaina Purity 99% na sprzeda\u017c","description":"W naszym chemsfine mo\u017cesz kupi\u0107 kokain\u0119 Purity 99% na sprzeda\u017c po niskich cenach. Tutaj mo\u017cesz kupi\u0107 kokain\u0119 Purity 99% online w wysokiej jako\u015bci z naszego sklepu teraz z szybk\u0105 i bezpieczn\u0105 wysy\u0142k\u0105. Zam\u00f3w teraz!","robots":{"index":"index","follow":"follow","max-snippet":"max-snippet:-1","max-image-preview":"max-image-preview:large","max-video-preview":"max-video-preview:-1"},"canonical":"https:\/\/chemsfine.com\/pl\/czystosc-kokainy-99\/","og_locale":"pl_PL","og_type":"article","og_title":"Buy Cocaine Purity 99% Online - Cocaine Purity 99% for Sale","og_description":"At our chemsfine, you can get cocaine Purity 99% for sale at cheap rates. Here you can buy cocaine Purity 99% online with high-quality from our store now with fast & secure shipping service. Order Now!","og_url":"https:\/\/chemsfine.com\/pl\/czystosc-kokainy-99\/","og_site_name":"Chemsfine","article_modified_time":"2025-06-09T14:08:33+00:00","og_image":[{"width":474,"height":221,"url":"https:\/\/chemsfine.com\/wp-content\/uploads\/2024\/10\/Cocaine-Purity-99_.jpg","type":"image\/jpeg"}],"twitter_card":"summary_large_image","twitter_misc":{"Szacowany czas czytania":"4 minuty"},"schema":{"@context":"https:\/\/schema.org","@graph":[{"@type":"WebPage","@id":"https:\/\/chemsfine.com\/cocaine-purity-99\/","url":"https:\/\/chemsfine.com\/cocaine-purity-99\/","name":"Kup kokain\u0119 Purity 99% online - Kokaina Purity 99% na sprzeda\u017c","isPartOf":{"@id":"https:\/\/chemsfine.com\/#website"},"primaryImageOfPage":{"@id":"https:\/\/chemsfine.com\/cocaine-purity-99\/#primaryimage"},"image":{"@id":"https:\/\/chemsfine.com\/cocaine-purity-99\/#primaryimage"},"thumbnailUrl":"https:\/\/chemsfine.com\/wp-content\/uploads\/2024\/10\/Cocaine-Purity-99_.jpg","datePublished":"2024-10-02T17:53:49+00:00","dateModified":"2025-06-09T14:08:33+00:00","description":"W naszym chemsfine mo\u017cesz kupi\u0107 kokain\u0119 Purity 99% na sprzeda\u017c po niskich cenach. Tutaj mo\u017cesz kupi\u0107 kokain\u0119 Purity 99% online w wysokiej jako\u015bci z naszego sklepu teraz z szybk\u0105 i bezpieczn\u0105 wysy\u0142k\u0105. Zam\u00f3w teraz!","breadcrumb":{"@id":"https:\/\/chemsfine.com\/cocaine-purity-99\/#breadcrumb"},"inLanguage":"pl-PL","potentialAction":[{"@type":"ReadAction","target":["https:\/\/chemsfine.com\/cocaine-purity-99\/"]}]},{"@type":"ImageObject","inLanguage":"pl-PL","@id":"https:\/\/chemsfine.com\/cocaine-purity-99\/#primaryimage","url":"https:\/\/chemsfine.com\/wp-content\/uploads\/2024\/10\/Cocaine-Purity-99_.jpg","contentUrl":"https:\/\/chemsfine.com\/wp-content\/uploads\/2024\/10\/Cocaine-Purity-99_.jpg","width":474,"height":221,"caption":"Buy Cocaine Online"},{"@type":"BreadcrumbList","@id":"https:\/\/chemsfine.com\/cocaine-purity-99\/#breadcrumb","itemListElement":[{"@type":"ListItem","position":1,"name":"Home","item":"https:\/\/chemsfine.com\/"},{"@type":"ListItem","position":2,"name":"Cocaine Purity 99%"}]},{"@type":"WebSite","@id":"https:\/\/chemsfine.com\/#website","url":"https:\/\/chemsfine.com\/","name":"Chemsfine","description":"M\u00f3j blog WordPress","publisher":{"@id":"https:\/\/chemsfine.com\/#organization"},"potentialAction":[{"@type":"SearchAction","target":{"@type":"EntryPoint","urlTemplate":"https:\/\/chemsfine.com\/?s={search_term_string}"},"query-input":{"@type":"PropertyValueSpecification","valueRequired":true,"valueName":"search_term_string"}}],"inLanguage":"pl-PL"},{"@type":"Organization","@id":"https:\/\/chemsfine.com\/#organization","name":"Chemsfine","url":"https:\/\/chemsfine.com\/","logo":{"@type":"ImageObject","inLanguage":"pl-PL","@id":"https:\/\/chemsfine.com\/#\/schema\/logo\/image\/","url":"https:\/\/chemsfine.com\/wp-content\/uploads\/2024\/09\/final-logo.png","contentUrl":"https:\/\/chemsfine.com\/wp-content\/uploads\/2024\/09\/final-logo.png","width":340,"height":72,"caption":"Chemsfine"},"image":{"@id":"https:\/\/chemsfine.com\/#\/schema\/logo\/image\/"}}]}},"rttpg_featured_image_url":{"full":["https:\/\/chemsfine.com\/wp-content\/uploads\/2024\/10\/Cocaine-Purity-99_.jpg",474,221,false],"landscape":["https:\/\/chemsfine.com\/wp-content\/uploads\/2024\/10\/Cocaine-Purity-99_.jpg",474,221,false],"portraits":["https:\/\/chemsfine.com\/wp-content\/uploads\/2024\/10\/Cocaine-Purity-99_.jpg",474,221,false],"thumbnail":["https:\/\/chemsfine.com\/wp-content\/uploads\/2024\/10\/Cocaine-Purity-99_-150x150.jpg",150,150,true],"medium":["https:\/\/chemsfine.com\/wp-content\/uploads\/2024\/10\/Cocaine-Purity-99_-300x140.jpg",300,140,true],"large":["https:\/\/chemsfine.com\/wp-content\/uploads\/2024\/10\/Cocaine-Purity-99_.jpg",474,221,false],"1536x1536":["https:\/\/chemsfine.com\/wp-content\/uploads\/2024\/10\/Cocaine-Purity-99_.jpg",474,221,false],"2048x2048":["https:\/\/chemsfine.com\/wp-content\/uploads\/2024\/10\/Cocaine-Purity-99_.jpg",474,221,false],"trp-custom-language-flag":["https:\/\/chemsfine.com\/wp-content\/uploads\/2024\/10\/Cocaine-Purity-99_.jpg",18,8,false],"woocommerce_thumbnail":["https:\/\/chemsfine.com\/wp-content\/uploads\/2024\/10\/Cocaine-Purity-99_-300x221.jpg",300,221,true],"woocommerce_single":["https:\/\/chemsfine.com\/wp-content\/uploads\/2024\/10\/Cocaine-Purity-99_.jpg",474,221,false],"woocommerce_gallery_thumbnail":["https:\/\/chemsfine.com\/wp-content\/uploads\/2024\/10\/Cocaine-Purity-99_-150x150.jpg",150,150,true]},"rttpg_author":{"display_name":"chemsflog18","author_link":"https:\/\/chemsfine.com\/pl\/author\/chemsflog18\/"},"rttpg_comment":0,"rttpg_category":null,"rttpg_excerpt":"Buz Cocaine With Purity 99%, Cocaine is a powerful stimulant drug derived from the coca&hellip;","_links":{"self":[{"href":"https:\/\/chemsfine.com\/pl\/wp-json\/wp\/v2\/pages\/1139","targetHints":{"allow":["GET"]}}],"collection":[{"href":"https:\/\/chemsfine.com\/pl\/wp-json\/wp\/v2\/pages"}],"about":[{"href":"https:\/\/chemsfine.com\/pl\/wp-json\/wp\/v2\/types\/page"}],"author":[{"embeddable":true,"href":"https:\/\/chemsfine.com\/pl\/wp-json\/wp\/v2\/users\/1"}],"replies":[{"embeddable":true,"href":"https:\/\/chemsfine.com\/pl\/wp-json\/wp\/v2\/comments?post=1139"}],"version-history":[{"count":0,"href":"https:\/\/chemsfine.com\/pl\/wp-json\/wp\/v2\/pages\/1139\/revisions"}],"wp:featuredmedia":[{"embeddable":true,"href":"https:\/\/chemsfine.com\/pl\/wp-json\/wp\/v2\/media\/1140"}],"wp:attachment":[{"href":"https:\/\/chemsfine.com\/pl\/wp-json\/wp\/v2\/media?parent=1139"}],"curies":[{"name":"wp","href":"https:\/\/api.w.org\/{rel}","templated":true}]}}