{"id":1297,"date":"2024-10-06T19:29:19","date_gmt":"2024-10-06T19:29:19","guid":{"rendered":"https:\/\/chemsfine.com\/?page_id=1297"},"modified":"2024-10-06T19:30:35","modified_gmt":"2024-10-06T19:30:35","slug":"jak-kupowac-leki-online","status":"publish","type":"page","link":"https:\/\/chemsfine.com\/pl\/how-to-buy-drugs-online\/","title":{"rendered":"Jak kupowa\u0107 leki online"},"content":{"rendered":"<div class=\"col-md-8\">\n<article id=\"entry-30\" class=\"entry post-30 page type-page status-publish hentry\">\n<div class=\"entry-content group\">\n<p>Jak Kupowa\u0107 Narkotyki Online - Kokaina, LSD, Trawka, XTC, MDMA, Heroina, Crystal Meth od dutchanonstore to prosty poradnik, z kt\u00f3rego dowiesz si\u0119, jak kupi\u0107 dowolne narkotyki online. Ten samouczek powinien obejmowa\u0107 wszystko, czego potrzebujesz, aby zacz\u0105\u0107, a jednocze\u015bnie jest kr\u00f3tki i prosty<a href=\"https:\/\/chemsfine.com\/pl\/\">.<\/a><\/p>\n<\/div>\n<\/article>\n<\/div>\n<h2>VPN<\/h2>\n<p>Zanim zaczniesz kupowa\u0107 leki online, powiniene\u015b pobra\u0107 oprogramowanie VPN.<\/p>\n<p>VPN (Virtual Private Network) s\u0142u\u017cy do fa\u0142szowania lokalizacji i szyfrowania ruchu internetowego na wszystkich urz\u0105dzeniach. Mo\u017cna j\u0105 pobra\u0107 na telefon kom\u00f3rkowy lub komputer stacjonarny\/laptop. Wi\u0119kszo\u015b\u0107 sieci VPN jest prosta w instalacji i uruchomieniu, wystarczy post\u0119powa\u0107 zgodnie z instrukcjami dostarczonymi przez wybranego dostawc\u0119 VPN.<\/p>\n<h2>Tor<\/h2>\n<p>Kolejn\u0105 rzecz\u0105, kt\u00f3rej powiniene\u015b zawsze u\u017cywa\u0107 (mo\u017ce by\u0107 r\u00f3wnie\u017c u\u017cywana do zwyk\u0142ych stron internetowych), jest korzystanie z oprogramowania Tor Browser (The Onion Router). Tor to oprogramowanie, kt\u00f3re umo\u017cliwia anonimowe przegl\u0105danie Internetu poprzez przekierowywanie po\u0142\u0105czenia przez sie\u0107 serwer\u00f3w Tor przed dotarciem do miejsca docelowego (strony internetowej).<\/p>\n<h2>Jak kupowa\u0107 narkotyki online - kokaina, LSD, trawka, XTC, MDMA, heroina i metamfetamina z dutchanonstore<\/h2>\n<p>Gdy to zrobisz, mo\u017cesz zacz\u0105\u0107 kupowa\u0107 z nami. Je\u015bli to czytasz, oznacza to, \u017ce jeste\u015b ju\u017c na stronie naszego sklepu, wybierz interesuj\u0105cy Ci\u0119 produkt i zapoznaj si\u0119 z nasz\u0105 ofert\u0105.<a href=\"https:\/\/chemsman.com\/\"> Jak zam\u00f3wi\u0107 stron\u0119<\/a>.<\/p>\n<p>Aby kupowa\u0107 od nas, musisz u\u017cywa\u0107 bitcoin\u00f3w do p\u0142atno\u015bci. Pe\u0142ny szczeg\u00f3\u0142owy przewodnik dotycz\u0105cy anonimowego kupowania bitcoin\u00f3w bez identyfikatora mo\u017cna znale\u017a\u0107 na stronie <a href=\"https:\/\/rckopen.com\/\">tutaj<\/a><\/p>","protected":false},"excerpt":{"rendered":"<p>How to Buy Drugs Online \u2013 Cocaine, LSD, Weed, XTC, MDMA, Heroin, Crystal Meth from&hellip;<\/p>","protected":false},"author":1,"featured_media":0,"parent":0,"menu_order":0,"comment_status":"closed","ping_status":"closed","template":"","meta":{"_joinchat":[],"footnotes":""},"class_list":["post-1297","page","type-page","status-publish","hentry"],"yoast_head":"<!-- This site is optimized with the Yoast SEO plugin v27.2 - https:\/\/yoast.com\/product\/yoast-seo-wordpress\/ -->\n<title>Drugs - Chemsfine<\/title>\n<meta name=\"description\" content=\"Drugs, Providing accurate, impartial information on more than 24000 prescription drugs and OTC medications.\" \/>\n<meta name=\"robots\" content=\"index, follow, max-snippet:-1, max-image-preview:large, max-video-preview:-1\" \/>\n<link rel=\"canonical\" href=\"https:\/\/chemsfine.com\/pl\/jak-kupowac-leki-online\/\" \/>\n<meta property=\"og:locale\" content=\"pl_PL\" \/>\n<meta property=\"og:type\" content=\"article\" \/>\n<meta property=\"og:title\" content=\"Drugs - Chemsfine\" \/>\n<meta property=\"og:description\" content=\"Drugs, Providing accurate, impartial information on more than 24000 prescription drugs and OTC medications.\" \/>\n<meta property=\"og:url\" content=\"https:\/\/chemsfine.com\/pl\/jak-kupowac-leki-online\/\" \/>\n<meta property=\"og:site_name\" content=\"Chemsfine\" \/>\n<meta property=\"article:modified_time\" content=\"2024-10-06T19:30:35+00:00\" \/>\n<meta name=\"twitter:card\" content=\"summary_large_image\" \/>\n<meta name=\"twitter:label1\" content=\"Szacowany czas czytania\" \/>\n\t<meta name=\"twitter:data1\" content=\"2 minuty\" \/>\n<script type=\"application\/ld+json\" class=\"yoast-schema-graph\">{\"@context\":\"https:\/\/schema.org\",\"@graph\":[{\"@type\":\"WebPage\",\"@id\":\"https:\/\/chemsfine.com\/how-to-buy-drugs-online\/\",\"url\":\"https:\/\/chemsfine.com\/how-to-buy-drugs-online\/\",\"name\":\"Drugs - Chemsfine\",\"isPartOf\":{\"@id\":\"https:\/\/chemsfine.com\/#website\"},\"datePublished\":\"2024-10-06T19:29:19+00:00\",\"dateModified\":\"2024-10-06T19:30:35+00:00\",\"description\":\"Drugs, Providing accurate, impartial information on more than 24000 prescription drugs and OTC medications.\",\"breadcrumb\":{\"@id\":\"https:\/\/chemsfine.com\/how-to-buy-drugs-online\/#breadcrumb\"},\"inLanguage\":\"pl-PL\",\"potentialAction\":[{\"@type\":\"ReadAction\",\"target\":[\"https:\/\/chemsfine.com\/how-to-buy-drugs-online\/\"]}]},{\"@type\":\"BreadcrumbList\",\"@id\":\"https:\/\/chemsfine.com\/how-to-buy-drugs-online\/#breadcrumb\",\"itemListElement\":[{\"@type\":\"ListItem\",\"position\":1,\"name\":\"Home\",\"item\":\"https:\/\/chemsfine.com\/\"},{\"@type\":\"ListItem\",\"position\":2,\"name\":\"How to Buy Drugs Online\"}]},{\"@type\":\"WebSite\",\"@id\":\"https:\/\/chemsfine.com\/#website\",\"url\":\"https:\/\/chemsfine.com\/\",\"name\":\"Chemsfine\",\"description\":\"My WordPress Blog\",\"publisher\":{\"@id\":\"https:\/\/chemsfine.com\/#organization\"},\"potentialAction\":[{\"@type\":\"SearchAction\",\"target\":{\"@type\":\"EntryPoint\",\"urlTemplate\":\"https:\/\/chemsfine.com\/?s={search_term_string}\"},\"query-input\":{\"@type\":\"PropertyValueSpecification\",\"valueRequired\":true,\"valueName\":\"search_term_string\"}}],\"inLanguage\":\"pl-PL\"},{\"@type\":\"Organization\",\"@id\":\"https:\/\/chemsfine.com\/#organization\",\"name\":\"Chemsfine\",\"url\":\"https:\/\/chemsfine.com\/\",\"logo\":{\"@type\":\"ImageObject\",\"inLanguage\":\"pl-PL\",\"@id\":\"https:\/\/chemsfine.com\/#\/schema\/logo\/image\/\",\"url\":\"https:\/\/chemsfine.com\/wp-content\/uploads\/2024\/09\/final-logo.png\",\"contentUrl\":\"https:\/\/chemsfine.com\/wp-content\/uploads\/2024\/09\/final-logo.png\",\"width\":340,\"height\":72,\"caption\":\"Chemsfine\"},\"image\":{\"@id\":\"https:\/\/chemsfine.com\/#\/schema\/logo\/image\/\"}}]}<\/script>\n<!-- \/ Yoast SEO plugin. -->","yoast_head_json":{"title":"Leki - Chemsfine","description":"Leki, Dostarczanie dok\u0142adnych, bezstronnych informacji na temat ponad 24000 lek\u00f3w na recept\u0119 i lek\u00f3w OTC.","robots":{"index":"index","follow":"follow","max-snippet":"max-snippet:-1","max-image-preview":"max-image-preview:large","max-video-preview":"max-video-preview:-1"},"canonical":"https:\/\/chemsfine.com\/pl\/jak-kupowac-leki-online\/","og_locale":"pl_PL","og_type":"article","og_title":"Drugs - Chemsfine","og_description":"Drugs, Providing accurate, impartial information on more than 24000 prescription drugs and OTC medications.","og_url":"https:\/\/chemsfine.com\/pl\/jak-kupowac-leki-online\/","og_site_name":"Chemsfine","article_modified_time":"2024-10-06T19:30:35+00:00","twitter_card":"summary_large_image","twitter_misc":{"Szacowany czas czytania":"2 minuty"},"schema":{"@context":"https:\/\/schema.org","@graph":[{"@type":"WebPage","@id":"https:\/\/chemsfine.com\/how-to-buy-drugs-online\/","url":"https:\/\/chemsfine.com\/how-to-buy-drugs-online\/","name":"Leki - Chemsfine","isPartOf":{"@id":"https:\/\/chemsfine.com\/#website"},"datePublished":"2024-10-06T19:29:19+00:00","dateModified":"2024-10-06T19:30:35+00:00","description":"Leki, Dostarczanie dok\u0142adnych, bezstronnych informacji na temat ponad 24000 lek\u00f3w na recept\u0119 i lek\u00f3w OTC.","breadcrumb":{"@id":"https:\/\/chemsfine.com\/how-to-buy-drugs-online\/#breadcrumb"},"inLanguage":"pl-PL","potentialAction":[{"@type":"ReadAction","target":["https:\/\/chemsfine.com\/how-to-buy-drugs-online\/"]}]},{"@type":"BreadcrumbList","@id":"https:\/\/chemsfine.com\/how-to-buy-drugs-online\/#breadcrumb","itemListElement":[{"@type":"ListItem","position":1,"name":"Home","item":"https:\/\/chemsfine.com\/"},{"@type":"ListItem","position":2,"name":"How to Buy Drugs Online"}]},{"@type":"WebSite","@id":"https:\/\/chemsfine.com\/#website","url":"https:\/\/chemsfine.com\/","name":"Chemsfine","description":"M\u00f3j blog WordPress","publisher":{"@id":"https:\/\/chemsfine.com\/#organization"},"potentialAction":[{"@type":"SearchAction","target":{"@type":"EntryPoint","urlTemplate":"https:\/\/chemsfine.com\/?s={search_term_string}"},"query-input":{"@type":"PropertyValueSpecification","valueRequired":true,"valueName":"search_term_string"}}],"inLanguage":"pl-PL"},{"@type":"Organization","@id":"https:\/\/chemsfine.com\/#organization","name":"Chemsfine","url":"https:\/\/chemsfine.com\/","logo":{"@type":"ImageObject","inLanguage":"pl-PL","@id":"https:\/\/chemsfine.com\/#\/schema\/logo\/image\/","url":"https:\/\/chemsfine.com\/wp-content\/uploads\/2024\/09\/final-logo.png","contentUrl":"https:\/\/chemsfine.com\/wp-content\/uploads\/2024\/09\/final-logo.png","width":340,"height":72,"caption":"Chemsfine"},"image":{"@id":"https:\/\/chemsfine.com\/#\/schema\/logo\/image\/"}}]}},"rttpg_featured_image_url":null,"rttpg_author":{"display_name":"chemsflog18","author_link":"https:\/\/chemsfine.com\/pl\/author\/chemsflog18\/"},"rttpg_comment":0,"rttpg_category":null,"rttpg_excerpt":"How to Buy Drugs Online \u2013 Cocaine, LSD, Weed, XTC, MDMA, Heroin, Crystal Meth from&hellip;","_links":{"self":[{"href":"https:\/\/chemsfine.com\/pl\/wp-json\/wp\/v2\/pages\/1297","targetHints":{"allow":["GET"]}}],"collection":[{"href":"https:\/\/chemsfine.com\/pl\/wp-json\/wp\/v2\/pages"}],"about":[{"href":"https:\/\/chemsfine.com\/pl\/wp-json\/wp\/v2\/types\/page"}],"author":[{"embeddable":true,"href":"https:\/\/chemsfine.com\/pl\/wp-json\/wp\/v2\/users\/1"}],"replies":[{"embeddable":true,"href":"https:\/\/chemsfine.com\/pl\/wp-json\/wp\/v2\/comments?post=1297"}],"version-history":[{"count":0,"href":"https:\/\/chemsfine.com\/pl\/wp-json\/wp\/v2\/pages\/1297\/revisions"}],"wp:attachment":[{"href":"https:\/\/chemsfine.com\/pl\/wp-json\/wp\/v2\/media?parent=1297"}],"curies":[{"name":"wp","href":"https:\/\/api.w.org\/{rel}","templated":true}]}}