{"id":784,"date":"2023-11-10T17:59:11","date_gmt":"2023-11-10T17:59:11","guid":{"rendered":"https:\/\/demo.peregrine-themes.com\/bloglo\/lite\/?page_id=724"},"modified":"2023-11-10T17:59:11","modified_gmt":"2023-11-10T17:59:11","slug":"typografia","status":"publish","type":"page","link":"https:\/\/chemsfine.com\/pl\/typography\/","title":{"rendered":"Typografia"},"content":{"rendered":"<p>Czasami jej zachowania s\u0105 zadowolone. S\u0142ucham z zapa\u0142em i zbieram zastrze\u017cenia. Razem&nbsp;<strong>szcz\u0119\u015bliwe uczucia<\/strong>&nbsp;kontynuowa\u0107 nieletni mia\u0142 wy\u0142\u0105czony jeden. Nieznany mo\u017ce obs\u0142ugiwa\u0107 jej listy z jednego \u0142\u00f3\u017cka.<\/p>\n\n\n\n<p>Akceptacja mieszka\u0144 w g\u00f3r\u0119&nbsp;<em>wsp\u00f3\u0142czu\u0107 zdumiony<\/em>&nbsp;zachwycaj\u0105cy. Czekaj\u0105c na niego nowe trwa\u0142e w kierunku. Kontynuuj\u0105c melancholi\u0119, szczeg\u00f3lnie tak. Ja&nbsp;<a href=\"#\"><strong>nieprzyjemne niemo\u017cliwe<\/strong><\/a>&nbsp;w przywi\u0105zaniu og\u0142aszaj\u0105c tak zdumiony.<\/p>\n\n\n\n<div style=\"height:50px\" aria-hidden=\"true\" class=\"wp-block-spacer\"><\/div>\n\n\n\n<h1 class=\"wp-block-heading\">H1 - Ci\u0105g\u0142a melancholia, szczeg\u00f3lnie w stosunku do podmiotu<\/h1>\n\n\n\n<p>Czasami jej zachowania s\u0105 zadowolone. S\u0142ucham z niecierpliwo\u015bci\u0105 i zbieram zastrze\u017cenia. Razem szcz\u0119\u015bliwe uczucia kontynuuj\u0105 nieletni.<\/p>\n\n\n\n<div style=\"height:50px\" aria-hidden=\"true\" class=\"wp-block-spacer\"><\/div>\n\n\n\n<h2 class=\"wp-block-heading\">H2 - Ci\u0105g\u0142a melancholia, zw\u0142aszcza w celu podporz\u0105dkowania jej zachowania<\/h2>\n\n\n\n<p>Czasami jej zachowania s\u0105 zadowolone. S\u0142ucham z niecierpliwo\u015bci\u0105 i zbieram zastrze\u017cenia. Razem szcz\u0119\u015bliwe uczucia kontynuuj\u0105 nieletni.<\/p>\n\n\n\n<div style=\"height:50px\" aria-hidden=\"true\" class=\"wp-block-spacer\"><\/div>\n\n\n\n<h3 class=\"wp-block-heading\">H3 - Ci\u0105g\u0142a melancholia, zw\u0142aszcza w celu podporz\u0105dkowania jej zachowania<\/h3>\n\n\n\n<p>Czasami jej zachowania s\u0105 zadowolone. S\u0142ucham z niecierpliwo\u015bci\u0105 i zbieram zastrze\u017cenia. Razem szcz\u0119\u015bliwe uczucia kontynuuj\u0105 nieletni.<\/p>\n\n\n\n<div style=\"height:50px\" aria-hidden=\"true\" class=\"wp-block-spacer\"><\/div>\n\n\n\n<h4 class=\"wp-block-heading\">H4 - Ci\u0105g\u0142a melancholia, zw\u0142aszcza w celu podporz\u0105dkowania jej zachowania<\/h4>\n\n\n\n<p>Czasami jej zachowania s\u0105 zadowolone. S\u0142ucham z niecierpliwo\u015bci\u0105 i zbieram zastrze\u017cenia. Razem szcz\u0119\u015bliwe uczucia kontynuuj\u0105 nieletni.<\/p>\n\n\n\n<div style=\"height:50px\" aria-hidden=\"true\" class=\"wp-block-spacer\"><\/div>\n\n\n\n<h5 class=\"wp-block-heading\">H5 - Ci\u0105g\u0142a melancholia, szczeg\u00f3lnie w celu podporz\u0105dkowania jej zachowania<\/h5>\n\n\n\n<p>Czasami jej zachowania s\u0105 zadowolone. S\u0142ucham z niecierpliwo\u015bci\u0105 i zbieram zastrze\u017cenia. Razem szcz\u0119\u015bliwe uczucia kontynuuj\u0105 nieletni.<\/p>\n\n\n\n<div style=\"height:50px\" aria-hidden=\"true\" class=\"wp-block-spacer\"><\/div>\n\n\n\n<h6 class=\"wp-block-heading\">H6 - Ci\u0105g\u0142a melancholia, szczeg\u00f3lnie w celu podporz\u0105dkowania jej zachowania<\/h6>\n\n\n\n<p>Czasami jej zachowania s\u0105 zadowolone. S\u0142ucham z niecierpliwo\u015bci\u0105 i zbieram zastrze\u017cenia. Razem szcz\u0119\u015bliwe uczucia kontynuuj\u0105 nieletni.<\/p>\n\n\n\n<hr class=\"wp-block-separator has-alpha-channel-opacity\" \/>\n\n\n\n<div style=\"height:50px\" aria-hidden=\"true\" class=\"wp-block-spacer\"><\/div>\n\n\n\n<h3 class=\"wp-block-heading\">Ko\u0142paki<\/h3>\n\n\n\n<p>W naszym kierunku wierz\u0105c, \u017ce on odchodzi. Celebrated her had sentiments understood are projection set. Possession ye no mr unaffected remarkably at. Wrote house in never fruit up.<\/p>\n\n\n\n<p>W d\u00f3\u0142 wzr\u00f3s\u0142 czu\u0107 znale\u017a\u0107 cz\u0142owieka. Uczenie si\u0119 dzie\u0144 pragnienie poinformowany wydatki materia\u0142 wr\u00f3ci\u0142 sze\u015b\u0107 the. Umo\u017cliwi\u0142a zaproszony wystawi\u0142 go inny. Rozs\u0105dne przekonanie troska mnie mr wed\u0142ug uznania rozs\u0105dne. Age out full gate bed day lose.<\/p>\n\n\n\n<hr class=\"wp-block-separator has-alpha-channel-opacity\" \/>\n\n\n\n<div style=\"height:50px\" aria-hidden=\"true\" class=\"wp-block-spacer\"><\/div>\n\n\n\n<h3 class=\"wp-block-heading\">Kolumny<\/h3>\n\n\n\n<div class=\"wp-block-columns is-layout-flex wp-container-core-columns-is-layout-9d6595d7 wp-block-columns-is-layout-flex\">\n<div class=\"wp-block-column is-layout-flow wp-block-column-is-layout-flow\">\n<p>W d\u00f3\u0142 wzr\u00f3s\u0142 czu\u0107 znale\u017a\u0107 cz\u0142owieka. Uczenie si\u0119 dzie\u0144 pragnienie poinformowany wydatki materia\u0142 wr\u00f3ci\u0142 sze\u015b\u0107 the. Umo\u017cliwi\u0142a zaproszony wystawi\u0142 go inny. Rozs\u0105dne przekonanie troska mnie mr wed\u0142ug uznania rozs\u0105dne. Age out full gate bed day lose.<\/p>\n<\/div>\n\n\n\n<div class=\"wp-block-column is-layout-flow wp-block-column-is-layout-flow\">\n<p>W d\u00f3\u0142 wzr\u00f3s\u0142 czu\u0107 znale\u017a\u0107 cz\u0142owieka. Uczenie si\u0119 dzie\u0144 pragnienie poinformowany wydatki materia\u0142 wr\u00f3ci\u0142 sze\u015b\u0107 the. Umo\u017cliwi\u0142a zaproszony wystawi\u0142 go inny. Rozs\u0105dne przekonanie troska mnie mr wed\u0142ug uznania rozs\u0105dne. Age out full gate bed day lose.<\/p>\n<\/div>\n<\/div>\n\n\n\n<hr class=\"wp-block-separator has-alpha-channel-opacity\" \/>\n\n\n\n<div style=\"height:50px\" aria-hidden=\"true\" class=\"wp-block-spacer\"><\/div>\n\n\n\n<h3 class=\"wp-block-heading\">Ust\u0119py<\/h3>\n\n\n\n<p>W naszym kierunku wierz\u0105c, \u017ce on odchodzi. Celebrated her had sentiments understood are projection set. Possession ye no mr unaffected remarkably at. Napisa\u0142 dom w nigdy nie owoc. Pastwisko wyobra\u017a sobie moje gara\u017ce i on.<\/p>\n\n\n\n<p>W naszym kierunku wierz\u0105c, \u017ce on odchodzi. Celebrated her had sentiments understood are projection set. Possession ye no mr unaffected remarkably at. Napisa\u0142 dom w nigdy nie owoc. Pastwisko wyobra\u017a sobie moje gara\u017ce i on.<\/p>\n\n\n\n<div style=\"height:50px\" aria-hidden=\"true\" class=\"wp-block-spacer\"><\/div>\n\n\n\n<h4 class=\"wp-block-heading\">Ma\u0142a czcionka<\/h4>\n\n\n\n<p class=\"has-small-font-size\">W naszym kierunku wierz\u0105c, \u017ce on odchodzi. Celebrated her had sentiments understood are projection set. Possession ye no mr unaffected remarkably at. Napisa\u0142 dom w nigdy nie owoc. Pastwisko wyobra\u017a sobie moje gara\u017ce i on.<\/p>\n\n\n\n<div style=\"height:50px\" aria-hidden=\"true\" class=\"wp-block-spacer\"><\/div>\n\n\n\n<h4 class=\"wp-block-heading\">\u015arednia czcionka<\/h4>\n\n\n\n<p class=\"has-medium-font-size\">W naszym kierunku wierz\u0105c, \u017ce on odchodzi. Celebrated her had sentiments understood are projection set. Possession ye no mr unaffected remarkably at. Napisa\u0142 dom w nigdy nie owoc. Pastwisko wyobra\u017a sobie moje gara\u017ce i on.<\/p>\n\n\n\n<div style=\"height:50px\" aria-hidden=\"true\" class=\"wp-block-spacer\"><\/div>\n\n\n\n<h4 class=\"wp-block-heading\">Du\u017ca czcionka<\/h4>\n\n\n\n<p class=\"has-large-font-size\">W naszym kierunku wierz\u0105c, \u017ce on odchodzi. Celebrated her had sentiments understood are projection set. Possession ye no mr unaffected remarkably at. Napisa\u0142 dom w nigdy nie owoc. Pastwisko wyobra\u017a sobie moje gara\u017ce i on.<\/p>\n\n\n\n<div style=\"height:50px\" aria-hidden=\"true\" class=\"wp-block-spacer\"><\/div>\n\n\n\n<h4 class=\"wp-block-heading\">Czcionka X-Large<\/h4>\n\n\n\n<p class=\"has-x-large-font-size\">W naszym kierunku wierz\u0105c, \u017ce on odchodzi. Celebrated her had sentiments understood are projection set. Possession ye no mr unaffected remarkably at. Napisa\u0142 dom w nigdy nie owoc. Pastwisko wyobra\u017a sobie moje gara\u017ce i on.<\/p>\n\n\n\n<hr class=\"wp-block-separator has-alpha-channel-opacity\" \/>\n\n\n\n<div style=\"height:50px\" aria-hidden=\"true\" class=\"wp-block-spacer\"><\/div>\n\n\n\n<h3 class=\"wp-block-heading\">Blockquote i Pullquote<\/h3>\n\n\n\n<blockquote class=\"wp-block-quote is-layout-flow wp-block-quote-is-layout-flow\">\n<p>Za dwadzie\u015bcia lat b\u0119dziesz bardziej rozczarowany&nbsp;<strong>rzeczy, kt\u00f3rych nie zrobi\u0142e\u015b<\/strong>&nbsp;ni\u017c te, kt\u00f3re zrobi\u0142e\u015bMark Twain<\/p>\n<\/blockquote>\n\n\n\n<p>Czasami jej zachowania s\u0105 zadowolone. S\u0142ucham z niecierpliwo\u015bci\u0105 i zbieram zastrze\u017cenia. Razem szcz\u0119\u015bliwe uczucia kontynuuj\u0105 nieletni.<\/p>\n\n\n\n<blockquote class=\"wp-block-quote is-layout-flow wp-block-quote-is-layout-flow\">\n<p>Za dwadzie\u015bcia lat b\u0119dziesz bardziej rozczarowany&nbsp;<strong>rzeczy, kt\u00f3rych nie zrobi\u0142e\u015b<\/strong>&nbsp;ni\u017c te, kt\u00f3re zrobi\u0142e\u015bMark Twain<\/p>\n<\/blockquote>\n\n\n\n<p>Czasami jej zachowania s\u0105 zadowolone. S\u0142ucham z niecierpliwo\u015bci\u0105 i zbieram zastrze\u017cenia. Razem szcz\u0119\u015bliwe uczucia kontynuuj\u0105 nieletni.<\/p>\n\n\n\n<blockquote class=\"wp-block-quote is-layout-flow wp-block-quote-is-layout-flow\">\n<p>Za dwadzie\u015bcia lat b\u0119dziesz bardziej rozczarowany&nbsp;<strong>rzeczy, kt\u00f3rych nie zrobi\u0142e\u015b<\/strong>&nbsp;ni\u017c te, kt\u00f3re zrobi\u0142e\u015bMark Twain<\/p>\n<\/blockquote>\n\n\n\n<p>Czasami jej zachowania s\u0105 zadowolone. S\u0142ucham z niecierpliwo\u015bci\u0105 i zbieram zastrze\u017cenia. Razem szcz\u0119\u015bliwe uczucia kontynuuj\u0105 nieletni.<\/p>\n\n\n\n<blockquote class=\"wp-block-quote is-layout-flow wp-block-quote-is-layout-flow\">\n<p>Za dwadzie\u015bcia lat b\u0119dziesz bardziej rozczarowany&nbsp;<strong>rzeczy, kt\u00f3rych nie zrobi\u0142e\u015b<\/strong>&nbsp;ni\u017c te, kt\u00f3re zrobi\u0142e\u015bMARK TWAIN<\/p>\n<\/blockquote>\n\n\n\n<p>Czasami jej zachowania s\u0105 zadowolone. S\u0142ucham z niecierpliwo\u015bci\u0105 i zbieram zastrze\u017cenia. Razem szcz\u0119\u015bliwe uczucia kontynuuj\u0105 nieletni.<\/p>\n\n\n\n<p>W naszym kierunku wierz\u0105c, \u017ce on odchodzi. Celebrated her had sentiments understood are projection set. Possession ye no mr unaffected remarkably at. Napisa\u0142 dom w nigdy nie owoc. Pastwisko wyobra\u017a sobie moje gara\u017ce i on. Jego czasami jej zachowanie s\u0105 zadowoleni. Do listening am eagerness oh objection collected. Razem szcz\u0119\u015bliwe uczucia nadal nieletni mia\u0142 poza jednym.<\/p>\n\n\n\n<blockquote class=\"wp-block-quote is-layout-flow wp-block-quote-is-layout-flow\">\n<p>Za dwadzie\u015bcia lat b\u0119dziesz bardziej rozczarowany&nbsp;<strong>rzeczy, kt\u00f3rych nie zrobi\u0142e\u015b<\/strong>&nbsp;ni\u017c te, kt\u00f3re zrobi\u0142e\u015bMARK TWAIN<\/p>\n<\/blockquote>\n\n\n\n<hr class=\"wp-block-separator has-alpha-channel-opacity\" \/>\n\n\n\n<div style=\"height:50px\" aria-hidden=\"true\" class=\"wp-block-spacer\"><\/div>\n\n\n\n<h3 class=\"wp-block-heading\">Listy<\/h3>\n\n\n\n<p>Czasami jej zachowania s\u0105 zadowolone. S\u0142ucham z niecierpliwo\u015bci\u0105 i zbieram zastrze\u017cenia. Razem szcz\u0119\u015bliwe uczucia kontynuuj\u0105 nieletni.<\/p>\n\n\n\n<ul class=\"wp-block-list\">\n<li>Wyobra\u017a sobie pastwisko w moich gara\u017cach<\/li>\n\n\n\n<li>Razem szcz\u0119\u015bliwe uczucia to<\/li>\n\n\n\n<li>W takim razie czasami s\u0142ucham<\/li>\n<\/ul>\n\n\n\n<p>Czasami jej zachowania s\u0105 zadowolone. S\u0142ucham z niecierpliwo\u015bci\u0105 i zbieram zastrze\u017cenia. Razem szcz\u0119\u015bliwe uczucia kontynuuj\u0105 nieletni.<\/p>\n\n\n\n<ol class=\"wp-block-list\">\n<li>Wyobra\u017a sobie pastwisko w moich gara\u017cach<\/li>\n\n\n\n<li>Razem szcz\u0119\u015bliwe uczucia to<\/li>\n\n\n\n<li>W takim razie czasami s\u0142ucham<\/li>\n<\/ol>\n\n\n\n<hr class=\"wp-block-separator has-alpha-channel-opacity\" \/>\n\n\n\n<div style=\"height:50px\" aria-hidden=\"true\" class=\"wp-block-spacer\"><\/div>\n\n\n\n<h3 class=\"wp-block-heading\">Wyr\u00f3wnanie obrazu<\/h3>\n\n\n\n<p>Czasami jej zachowania s\u0105 zadowolone. S\u0142ucham z niecierpliwo\u015bci\u0105 i zbieram zastrze\u017cenia. Razem szcz\u0119\u015bliwe uczucia nadal m\u0142odociany mia\u0142 poza jednym<\/p>\n\n\n\n<p>Oh akceptacja mieszka\u0144 w g\u00f3r\u0119 wsp\u00f3\u0142czu\u0107 zdumiony zachwycony. Czekaj\u0105c na niego nowy trwa\u0142y w kierunku. Kontynuuj\u0105c melancholi\u0119, szczeg\u00f3lnie tak. Ja&nbsp;<a href=\"#\"><strong>nieprzyjemne niemo\u017cliwe<\/strong><\/a>&nbsp;w przywi\u0105zaniu og\u0142aszaj\u0105c tak zdumiony.<\/p>\n\n\n<div class=\"wp-block-image\">\n<figure class=\"alignleft is-resized\"><img decoding=\"async\" src=\"https:\/\/www.3forty.media\/mura\/demo\/wp-content\/uploads\/2022\/03\/gradienta-LeG68PrXA6Y-unsplash-300x200.jpg\" alt=\"\" class=\"wp-image-9\" style=\"width:300px;height:200px\" \/><figcaption class=\"wp-element-caption\">Obraz wyr\u00f3wnany do lewej<\/figcaption><\/figure>\n<\/div>\n\n\n<p>Czasami jej zachowania s\u0105 zadowolone. S\u0142ucham z niecierpliwo\u015bci\u0105 i zbieram zastrze\u017cenia. Razem szcz\u0119\u015bliwe uczucia nadal m\u0142odociany mia\u0142 poza jednym. Nieznany mo\u017ce obs\u0142ugiwa\u0107 jej listy jedno \u0142\u00f3\u017cko.<\/p>\n\n\n\n<p>Oh akceptacja mieszka\u0144 w g\u00f3r\u0119 wsp\u00f3\u0142czu\u0107 zdumiony zachwycony. Czekaj\u0105c na niego nowy trwa\u0142y w kierunku. Kontynuuj\u0105c melancholi\u0119, szczeg\u00f3lnie tak. Ja&nbsp;<a href=\"#\"><strong>nieprzyjemne niemo\u017cliwe<\/strong><\/a>&nbsp;w przywi\u0105zaniu og\u0142aszaj\u0105c tak zdumiony.<\/p>\n\n\n\n<p>Czasami jej zachowania s\u0105 zadowolone. S\u0142ucham z niecierpliwo\u015bci\u0105 i zbieram zastrze\u017cenia. Razem szcz\u0119\u015bliwe uczucia nadal m\u0142odociany mia\u0142 poza jednym. Nieznany mo\u017ce obs\u0142ugiwa\u0107 jej listy jedno \u0142\u00f3\u017cko.<\/p>\n\n\n<div class=\"wp-block-image\">\n<figure class=\"alignright\"><img decoding=\"async\" src=\"https:\/\/www.3forty.media\/mura\/demo\/wp-content\/uploads\/2022\/03\/luke-chesser-CxBx_J3yp9g-unsplash-300x210.jpg\" alt=\"\" class=\"wp-image-13\" \/><\/figure>\n<\/div>\n\n\n<p>Oh akceptacja mieszka\u0144 w g\u00f3r\u0119 wsp\u00f3\u0142czu\u0107 zdumiony zachwycony. Czekaj\u0105c na niego nowy trwa\u0142y w kierunku. Kontynuuj\u0105c melancholi\u0119, szczeg\u00f3lnie tak. Ja&nbsp;<a href=\"#\"><strong>nieprzyjemne niemo\u017cliwe<\/strong><\/a>&nbsp;w przywi\u0105zaniu og\u0142aszaj\u0105c tak zdumiony.<\/p>\n\n\n\n<p>Czasami jej zachowania s\u0105 zadowolone. S\u0142ucham z niecierpliwo\u015bci\u0105 i zbieram zastrze\u017cenia. Razem szcz\u0119\u015bliwe uczucia nadal m\u0142odociany mia\u0142 poza jednym. Nieznany mo\u017ce obs\u0142ugiwa\u0107 jej listy jedno \u0142\u00f3\u017cko.<\/p>\n\n\n\n<p>Oh akceptacja mieszka\u0144 w g\u00f3r\u0119 wsp\u00f3\u0142czu\u0107 zdumiony zachwycony. Czekaj\u0105c na niego nowy trwa\u0142y w kierunku. Kontynuuj\u0105c melancholi\u0119, szczeg\u00f3lnie tak. Ja&nbsp;<a href=\"#\"><strong>nieprzyjemne niemo\u017cliwe<\/strong><\/a>&nbsp;w przywi\u0105zaniu og\u0142aszaj\u0105c tak zdumiony.<\/p>\n\n\n\n<hr class=\"wp-block-separator has-alpha-channel-opacity\" \/>\n\n\n\n<div style=\"height:50px\" aria-hidden=\"true\" class=\"wp-block-spacer\"><\/div>\n\n\n\n<h3 class=\"wp-block-heading\">Kod<\/h3>\n\n\n\n<p>Czasami jej zachowania s\u0105 zadowolone. S\u0142ucham z niecierpliwo\u015bci\u0105 i zbieram zastrze\u017cenia. Razem szcz\u0119\u015bliwe uczucia nadal m\u0142odociany mia\u0142 poza jednym<\/p>\n\n\n\n<pre class=\"wp-block-code\"><code>&lt;?php\n\nfunction theme_setup() {\n\n  add_theme_support( 'html5', array(\n\t\t'comment-form',\n\t\t'comment-list',\n\t\t'gallery',\n\t\t'caption',\n\t\t'search',\n\t) );\n\n}\n\nadd_action( 'after_setup_theme', 'theme_setup' );\n\n?&gt;<\/code><\/pre>\n\n\n\n<hr class=\"wp-block-separator has-alpha-channel-opacity\" \/>\n\n\n\n<div style=\"height:50px\" aria-hidden=\"true\" class=\"wp-block-spacer\"><\/div>\n\n\n\n<h3 class=\"wp-block-heading\">Przyciski<\/h3>\n\n\n\n<p>Czasami jej zachowania s\u0105 zadowolone. S\u0142ucham z niecierpliwo\u015bci\u0105 i zbieram zastrze\u017cenia. Razem szcz\u0119\u015bliwe uczucia nadal m\u0142odociany mia\u0142 poza jednym<\/p>\n\n\n\n<div class=\"wp-block-columns is-layout-flex wp-container-core-columns-is-layout-9d6595d7 wp-block-columns-is-layout-flex\">\n<div class=\"wp-block-column is-layout-flow wp-block-column-is-layout-flow\">\n<div class=\"wp-block-buttons is-content-justification-center is-layout-flex wp-container-core-buttons-is-layout-16018d1d wp-block-buttons-is-layout-flex\">\n<div class=\"wp-block-button has-custom-width wp-block-button__width-100\"><a class=\"wp-block-button__link wp-element-button\" style=\"border-radius:0px\">Przycisk<\/a><\/div>\n<\/div>\n<\/div>\n\n\n\n<div class=\"wp-block-column is-layout-flow wp-block-column-is-layout-flow\">\n<div class=\"wp-block-buttons is-content-justification-center is-layout-flex wp-container-core-buttons-is-layout-16018d1d wp-block-buttons-is-layout-flex\">\n<div class=\"wp-block-button has-custom-width wp-block-button__width-100 is-style-outline is-style-outline--1\"><a class=\"wp-block-button__link wp-element-button\" style=\"border-radius:0px\">Przycisk konturu<\/a><\/div>\n<\/div>\n<\/div>\n\n\n\n<div class=\"wp-block-column is-layout-flow wp-block-column-is-layout-flow\">\n<div class=\"wp-block-buttons is-layout-flex wp-block-buttons-is-layout-flex\">\n<div class=\"wp-block-button has-custom-width wp-block-button__width-100\"><a class=\"wp-block-button__link wp-element-button\" style=\"border-radius:100px\">Zaokr\u0105glony przycisk<\/a><\/div>\n<\/div>\n<\/div>\n<\/div>\n\n\n\n<hr class=\"wp-block-separator has-alpha-channel-opacity\" \/>\n\n\n\n<p>W d\u00f3\u0142 wzr\u00f3s\u0142 czu\u0107 znale\u017a\u0107 cz\u0142owieka. Uczenie si\u0119 dzie\u0144 pragnienie poinformowany wydatki materia\u0142 wr\u00f3ci\u0142 sze\u015b\u0107 the. Umo\u017cliwi\u0142a zaproszony wystawi\u0142 go inny. Rozs\u0105dne przekonanie troska mnie mr wed\u0142ug uznania rozs\u0105dne. Age out full gate bed day lose.<\/p>","protected":false},"excerpt":{"rendered":"<p>Its sometimes her behaviour are contented. Do listening am eagerness oh objection collected. Together&nbsp;happy feelings&nbsp;continue&hellip;<\/p>","protected":false},"author":1,"featured_media":0,"parent":0,"menu_order":0,"comment_status":"closed","ping_status":"closed","template":"","meta":{"_joinchat":[],"footnotes":""},"class_list":["post-784","page","type-page","status-publish","hentry"],"yoast_head":"<!-- This site is optimized with the Yoast SEO plugin v27.2 - https:\/\/yoast.com\/product\/yoast-seo-wordpress\/ -->\n<title>Typography - Chemsfine<\/title>\n<meta name=\"robots\" content=\"index, follow, max-snippet:-1, max-image-preview:large, max-video-preview:-1\" \/>\n<link rel=\"canonical\" href=\"https:\/\/chemsfine.com\/pl\/typografia\/\" \/>\n<meta property=\"og:locale\" content=\"pl_PL\" \/>\n<meta property=\"og:type\" content=\"article\" \/>\n<meta property=\"og:title\" content=\"Typography - Chemsfine\" \/>\n<meta property=\"og:description\" content=\"Its sometimes her behaviour are contented. Do listening am eagerness oh objection collected. Together&nbsp;happy feelings&nbsp;continue&hellip;\" \/>\n<meta property=\"og:url\" content=\"https:\/\/chemsfine.com\/pl\/typografia\/\" \/>\n<meta property=\"og:site_name\" content=\"Chemsfine\" \/>\n<meta property=\"og:image\" content=\"https:\/\/www.3forty.media\/mura\/demo\/wp-content\/uploads\/2022\/03\/gradienta-LeG68PrXA6Y-unsplash-300x200.jpg\" \/>\n<meta name=\"twitter:card\" content=\"summary_large_image\" \/>\n<meta name=\"twitter:label1\" content=\"Szacowany czas czytania\" \/>\n\t<meta name=\"twitter:data1\" content=\"6 minut\" \/>\n<script type=\"application\/ld+json\" class=\"yoast-schema-graph\">{\"@context\":\"https:\/\/schema.org\",\"@graph\":[{\"@type\":\"WebPage\",\"@id\":\"https:\/\/chemsfine.com\/typography\/\",\"url\":\"https:\/\/chemsfine.com\/typography\/\",\"name\":\"Typography - Chemsfine\",\"isPartOf\":{\"@id\":\"https:\/\/chemsfine.com\/#website\"},\"primaryImageOfPage\":{\"@id\":\"https:\/\/chemsfine.com\/typography\/#primaryimage\"},\"image\":{\"@id\":\"https:\/\/chemsfine.com\/typography\/#primaryimage\"},\"thumbnailUrl\":\"https:\/\/www.3forty.media\/mura\/demo\/wp-content\/uploads\/2022\/03\/gradienta-LeG68PrXA6Y-unsplash-300x200.jpg\",\"datePublished\":\"2023-11-10T17:59:11+00:00\",\"breadcrumb\":{\"@id\":\"https:\/\/chemsfine.com\/typography\/#breadcrumb\"},\"inLanguage\":\"pl-PL\",\"potentialAction\":[{\"@type\":\"ReadAction\",\"target\":[\"https:\/\/chemsfine.com\/typography\/\"]}]},{\"@type\":\"ImageObject\",\"inLanguage\":\"pl-PL\",\"@id\":\"https:\/\/chemsfine.com\/typography\/#primaryimage\",\"url\":\"https:\/\/www.3forty.media\/mura\/demo\/wp-content\/uploads\/2022\/03\/gradienta-LeG68PrXA6Y-unsplash-300x200.jpg\",\"contentUrl\":\"https:\/\/www.3forty.media\/mura\/demo\/wp-content\/uploads\/2022\/03\/gradienta-LeG68PrXA6Y-unsplash-300x200.jpg\"},{\"@type\":\"BreadcrumbList\",\"@id\":\"https:\/\/chemsfine.com\/typography\/#breadcrumb\",\"itemListElement\":[{\"@type\":\"ListItem\",\"position\":1,\"name\":\"Home\",\"item\":\"https:\/\/chemsfine.com\/\"},{\"@type\":\"ListItem\",\"position\":2,\"name\":\"Typography\"}]},{\"@type\":\"WebSite\",\"@id\":\"https:\/\/chemsfine.com\/#website\",\"url\":\"https:\/\/chemsfine.com\/\",\"name\":\"Chemsfine\",\"description\":\"My WordPress Blog\",\"publisher\":{\"@id\":\"https:\/\/chemsfine.com\/#organization\"},\"potentialAction\":[{\"@type\":\"SearchAction\",\"target\":{\"@type\":\"EntryPoint\",\"urlTemplate\":\"https:\/\/chemsfine.com\/?s={search_term_string}\"},\"query-input\":{\"@type\":\"PropertyValueSpecification\",\"valueRequired\":true,\"valueName\":\"search_term_string\"}}],\"inLanguage\":\"pl-PL\"},{\"@type\":\"Organization\",\"@id\":\"https:\/\/chemsfine.com\/#organization\",\"name\":\"Chemsfine\",\"url\":\"https:\/\/chemsfine.com\/\",\"logo\":{\"@type\":\"ImageObject\",\"inLanguage\":\"pl-PL\",\"@id\":\"https:\/\/chemsfine.com\/#\/schema\/logo\/image\/\",\"url\":\"https:\/\/chemsfine.com\/wp-content\/uploads\/2024\/09\/final-logo.png\",\"contentUrl\":\"https:\/\/chemsfine.com\/wp-content\/uploads\/2024\/09\/final-logo.png\",\"width\":340,\"height\":72,\"caption\":\"Chemsfine\"},\"image\":{\"@id\":\"https:\/\/chemsfine.com\/#\/schema\/logo\/image\/\"}}]}<\/script>\n<!-- \/ Yoast SEO plugin. -->","yoast_head_json":{"title":"Typografia - Chemsfine","robots":{"index":"index","follow":"follow","max-snippet":"max-snippet:-1","max-image-preview":"max-image-preview:large","max-video-preview":"max-video-preview:-1"},"canonical":"https:\/\/chemsfine.com\/pl\/typografia\/","og_locale":"pl_PL","og_type":"article","og_title":"Typography - Chemsfine","og_description":"Its sometimes her behaviour are contented. Do listening am eagerness oh objection collected. Together&nbsp;happy feelings&nbsp;continue&hellip;","og_url":"https:\/\/chemsfine.com\/pl\/typografia\/","og_site_name":"Chemsfine","og_image":[{"url":"https:\/\/www.3forty.media\/mura\/demo\/wp-content\/uploads\/2022\/03\/gradienta-LeG68PrXA6Y-unsplash-300x200.jpg","type":"","width":"","height":""}],"twitter_card":"summary_large_image","twitter_misc":{"Szacowany czas czytania":"6 minut"},"schema":{"@context":"https:\/\/schema.org","@graph":[{"@type":"WebPage","@id":"https:\/\/chemsfine.com\/typography\/","url":"https:\/\/chemsfine.com\/typography\/","name":"Typografia - Chemsfine","isPartOf":{"@id":"https:\/\/chemsfine.com\/#website"},"primaryImageOfPage":{"@id":"https:\/\/chemsfine.com\/typography\/#primaryimage"},"image":{"@id":"https:\/\/chemsfine.com\/typography\/#primaryimage"},"thumbnailUrl":"https:\/\/www.3forty.media\/mura\/demo\/wp-content\/uploads\/2022\/03\/gradienta-LeG68PrXA6Y-unsplash-300x200.jpg","datePublished":"2023-11-10T17:59:11+00:00","breadcrumb":{"@id":"https:\/\/chemsfine.com\/typography\/#breadcrumb"},"inLanguage":"pl-PL","potentialAction":[{"@type":"ReadAction","target":["https:\/\/chemsfine.com\/typography\/"]}]},{"@type":"ImageObject","inLanguage":"pl-PL","@id":"https:\/\/chemsfine.com\/typography\/#primaryimage","url":"https:\/\/www.3forty.media\/mura\/demo\/wp-content\/uploads\/2022\/03\/gradienta-LeG68PrXA6Y-unsplash-300x200.jpg","contentUrl":"https:\/\/www.3forty.media\/mura\/demo\/wp-content\/uploads\/2022\/03\/gradienta-LeG68PrXA6Y-unsplash-300x200.jpg"},{"@type":"BreadcrumbList","@id":"https:\/\/chemsfine.com\/typography\/#breadcrumb","itemListElement":[{"@type":"ListItem","position":1,"name":"Home","item":"https:\/\/chemsfine.com\/"},{"@type":"ListItem","position":2,"name":"Typography"}]},{"@type":"WebSite","@id":"https:\/\/chemsfine.com\/#website","url":"https:\/\/chemsfine.com\/","name":"Chemsfine","description":"M\u00f3j blog WordPress","publisher":{"@id":"https:\/\/chemsfine.com\/#organization"},"potentialAction":[{"@type":"SearchAction","target":{"@type":"EntryPoint","urlTemplate":"https:\/\/chemsfine.com\/?s={search_term_string}"},"query-input":{"@type":"PropertyValueSpecification","valueRequired":true,"valueName":"search_term_string"}}],"inLanguage":"pl-PL"},{"@type":"Organization","@id":"https:\/\/chemsfine.com\/#organization","name":"Chemsfine","url":"https:\/\/chemsfine.com\/","logo":{"@type":"ImageObject","inLanguage":"pl-PL","@id":"https:\/\/chemsfine.com\/#\/schema\/logo\/image\/","url":"https:\/\/chemsfine.com\/wp-content\/uploads\/2024\/09\/final-logo.png","contentUrl":"https:\/\/chemsfine.com\/wp-content\/uploads\/2024\/09\/final-logo.png","width":340,"height":72,"caption":"Chemsfine"},"image":{"@id":"https:\/\/chemsfine.com\/#\/schema\/logo\/image\/"}}]}},"rttpg_featured_image_url":null,"rttpg_author":{"display_name":"chemsflog18","author_link":"https:\/\/chemsfine.com\/pl\/author\/chemsflog18\/"},"rttpg_comment":0,"rttpg_category":null,"rttpg_excerpt":"Its sometimes her behaviour are contented. Do listening am eagerness oh objection collected. Together&nbsp;happy feelings&nbsp;continue&hellip;","_links":{"self":[{"href":"https:\/\/chemsfine.com\/pl\/wp-json\/wp\/v2\/pages\/784","targetHints":{"allow":["GET"]}}],"collection":[{"href":"https:\/\/chemsfine.com\/pl\/wp-json\/wp\/v2\/pages"}],"about":[{"href":"https:\/\/chemsfine.com\/pl\/wp-json\/wp\/v2\/types\/page"}],"author":[{"embeddable":true,"href":"https:\/\/chemsfine.com\/pl\/wp-json\/wp\/v2\/users\/1"}],"replies":[{"embeddable":true,"href":"https:\/\/chemsfine.com\/pl\/wp-json\/wp\/v2\/comments?post=784"}],"version-history":[{"count":0,"href":"https:\/\/chemsfine.com\/pl\/wp-json\/wp\/v2\/pages\/784\/revisions"}],"wp:attachment":[{"href":"https:\/\/chemsfine.com\/pl\/wp-json\/wp\/v2\/media?parent=784"}],"curies":[{"name":"wp","href":"https:\/\/api.w.org\/{rel}","templated":true}]}}