{"id":1683,"date":"2025-06-17T09:06:49","date_gmt":"2025-06-17T09:06:49","guid":{"rendered":"https:\/\/chemsfine.com\/?post_type=product&#038;p=1683"},"modified":"2026-03-25T15:27:35","modified_gmt":"2026-03-25T15:27:35","slug":"buy-clonazepam-powder","status":"publish","type":"product","link":"https:\/\/chemsfine.com\/pl\/product\/buy-clonazepam-powder\/","title":{"rendered":"Kup Clonazepam (Klonopin) w proszku online | Wysoka czysto\u015b\u0107"},"content":{"rendered":"<h2><b>Premium Clonazepam (Klonopin) w proszku na sprzeda\u017c online<\/b><\/h2>\n<h3><b>Co to jest proszek Clonazepam (Klonopin)?<\/b><\/h3>\n<p>Clonazepam (Klonopin) Powder to czysta, farmaceutyczna forma znanej benzodiazepiny, klonazepamu. Ta substancja o wysokiej czysto\u015bci jest szeroko stosowana przez profesjonalist\u00f3w ze wzgl\u0119du na jej skuteczno\u015b\u0107 w leczeniu zaburze\u0144 paniki, epilepsji i silnego l\u0119ku. Drobno zmielona wersja proszku zapewnia dok\u0142adnie takie same korzy\u015bci terapeutyczne jak tradycyjne tabletki, ale oferuje doskona\u0142\u0105 elastyczno\u015b\u0107 w zakresie dawkowania i podawania. Ceniona za swoje uspokajaj\u0105ce i silne dzia\u0142anie przeciwdrgawkowe, <b>Najwy\u017cszej jako\u015bci proszek Clonazepam<\/b> jest szczeg\u00f3lnie ceniony w dedykowanych \u015brodowiskach badawczych i przez profesjonalist\u00f3w medycznych, kt\u00f3rzy wymagaj\u0105 szybkiego pocz\u0105tku i niezmiennie niezawodnej si\u0142y dzia\u0142ania. W zwi\u0105zku z tym jego wygodna sproszkowana forma sprawia, \u017ce jest to idealny wyb\u00f3r do mieszania lub precyzyjnego dawkowania, gdy jest obs\u0142ugiwany przez wykwalifikowanych praktyk\u00f3w<a href=\"https:\/\/chemsfine.com\/pl\/\">.<\/a><\/p>\n<h2><b>Dlaczego warto kupi\u0107 Clonazepam (Klonopin) w proszku online od Chemsfine?<\/b><\/h2>\n<p>Szukaj\u0105c wysokiej jako\u015bci rozwi\u0105zania do leczenia l\u0119ku i napad\u00f3w, wa\u017cne jest, aby znale\u017a\u0107 wiarygodne \u017ar\u00f3d\u0142o. W Chemsfine mo\u017cesz <b>kupi\u0107 Clonazepam (Klonopin) Proszek online<\/b> z pe\u0142nym zaufaniem do naszej farmaceutycznej jako\u015bci i niezr\u00f3wnanej czysto\u015bci. Z dum\u0105 oferujemy najwy\u017cszej jako\u015bci <b>Clonazepam (Klonopin) Proszek na sprzeda\u017c<\/b> w bardzo konkurencyjnych cenach, uzupe\u0142nionych bezpiecznym procesem zamawiania, ca\u0142kowicie dyskretn\u0105 wysy\u0142k\u0105 i zweryfikowanymi testami laboratoryjnymi dla ka\u017cdej partii. Niezale\u017cnie od tego, czy Twoje potrzeby dotycz\u0105 zaawansowanych bada\u0144 klinicznych, czy konkretnych zastosowa\u0144 terapeutycznych, Chemsfine wyr\u00f3\u017cnia si\u0119 jako <b>Najlepsze miejsce do zakupu Clonazepam (Klonopin) Powder online<\/b>. Po wybraniu opcji <b>Zam\u00f3w Clonazepam (Klonopin) Powder online<\/b> Od nas masz gwarancj\u0119 czysto\u015bci sprawdzonej laboratoryjnie, bezpiecznego opakowania i niezawodnej globalnej dostawy. Zaopatrujemy si\u0119 wy\u0142\u0105cznie u sprawdzonych producent\u00f3w, zapewniaj\u0105c, \u017ce ka\u017cdy produkt spe\u0142nia rygorystyczne normy farmaceutyczne. Nie czekaj-<b>sklep Clonazepam (Klonopin) Powder online<\/b> ju\u017c dzi\u015b i do\u015bwiadcz spokoju ducha, kt\u00f3ry towarzyszy ka\u017cdemu zam\u00f3wieniu od zaufanego dostawcy<a href=\"https:\/\/streetfarma.com\/\">.<\/a><\/p>\n<h3><b>Pochodzenie i profil chemiczny naszego proszku klasy badawczej<\/b><\/h3>\n<p>Klonazepam to zaawansowana syntetyczna benzodiazepina opracowana po raz pierwszy w latach 60. XX wieku, kt\u00f3ra strukturalnie nale\u017cy do rodziny zwi\u0105zk\u00f3w 1,4-benzodiazepinowych. Jego podstawowy mechanizm dzia\u0142ania polega na znacznym zwi\u0119kszeniu aktywno\u015bci kwasu gamma-aminomas\u0142owego (GABA), niezb\u0119dnego neuroprzeka\u017anika odpowiedzialnego za uspokojenie i hamowanie aktywno\u015bci nerwowej w m\u00f3zgu. Wysokiej czysto\u015bci sproszkowana forma, kt\u00f3r\u0105 oferujemy do sprzeda\u017cy, zachowuje wszystkie oryginalne w\u0142a\u015bciwo\u015bci farmakologiczne zwi\u0105zku, zapewniaj\u0105c jego skuteczno\u015b\u0107. Ponadto forma ta zapewnia wyra\u017ane korzy\u015bci, takie jak szybsze tempo wch\u0142aniania i mo\u017cliwo\u015b\u0107 wysoce konfigurowalnych protoko\u0142\u00f3w dawkowania w warunkach laboratoryjnych. Jego dok\u0142adny wz\u00f3r chemiczny to <b>C15H10ClN3O3<\/b>.<\/p>\n<h3><b>Typowe zastosowania proszku Clonazepam o wysokiej czysto\u015bci<\/b><\/h3>\n<p>Autentyczny Clonazepam Powder jest szeroko stosowany w r\u00f3\u017cnych celach terapeutycznych, klinicznych i badawczych. Jego niezwyk\u0142a wszechstronno\u015b\u0107 sprawia, \u017ce jest to odpowiedni i wysoce skuteczny zwi\u0105zek do r\u00f3\u017cnych zastosowa\u0144, w tym:<\/p>\n<ul>\n<li>Skuteczne protoko\u0142y leczenia atak\u00f3w paniki i uog\u00f3lnionych zaburze\u0144 l\u0119kowych.<\/li>\n<li>Kompleksowe leczenie napad\u00f3w padaczkowych i innych stan\u00f3w drgawkowych.<\/li>\n<li>Stosowa\u0107 jako \u015brodek przedmedyczny przed niekt\u00f3rymi zabiegami chirurgicznymi lub diagnostycznymi.<\/li>\n<li>Podstawowy materia\u0142 do bada\u0144 naukowych i zaawansowanych bada\u0144 farmaceutycznych.<\/li>\n<li>Niezb\u0119dny sk\u0142adnik do niestandardowego mieszania i precyzyjnego formu\u0142owania dawek w kontrolowanych \u015brodowiskach.<\/li>\n<\/ul>\n<h3><b>Kluczowe korzy\u015bci z zamawiania proszku Clonazepam od Chemsfine<\/b><\/h3>\n<p>Wyb\u00f3r zakupu od renomowanego sprzedawcy online zapewnia wiele korzy\u015bci dla badaczy i profesjonalist\u00f3w. Wsp\u00f3\u0142pracuj\u0105c z nami, mo\u017cesz oczekiwa\u0107:<\/p>\n<ul>\n<li>Gwarantowany dost\u0119p do <b>Clonazepam o wysokiej czysto\u015bci i jako\u015bci farmaceutycznej<\/b> w celu uzyskania wiarygodnych wynik\u00f3w.<\/li>\n<li>Mo\u017cliwo\u015b\u0107 <b>kupi\u0107 tanio Clonazepam (Klonopin) Proszek online<\/b> bez uszczerbku dla zapewnienia jako\u015bci.<\/li>\n<li>Dyskretna, bezpieczna i w pe\u0142ni identyfikowalna wysy\u0142ka mi\u0119dzynarodowa w celu ochrony prywatno\u015bci i inwestycji.<\/li>\n<li>Bezpieczne i silnie szyfrowane przetwarzanie p\u0142atno\u015bci zapewniaj\u0105ce bezproblemow\u0105 realizacj\u0119 transakcji.<\/li>\n<li>Dost\u0119p do specjalistycznej obs\u0142ugi klienta i pe\u0142na przejrzysto\u015b\u0107 w zakresie pozyskiwania produkt\u00f3w i kontroli jako\u015bci.<\/li>\n<\/ul>\n<h2><b>Nasze zaanga\u017cowanie w jako\u015b\u0107 i bezpiecze\u0144stwo<\/b><\/h2>\n<p>Nie wszyscy dostawcy online dostarczaj\u0105 oryginalny, laboratoryjny proszek Clonazepam. Je\u015bli zdecydujesz si\u0119 <b>kupi\u0107 Clonazepam (Klonopin) Proszek online<\/b>, Dlatego konieczne jest zweryfikowanie referencji dostawcy. W Chemsfine wyr\u00f3\u017cniamy si\u0119 spe\u0142nianiem obietnic dotycz\u0105cych bezpiecze\u0144stwa, czysto\u015bci i niezawodno\u015bci.<\/p>\n<h4><b>Produkty przetestowane i zweryfikowane laboratoryjnie<\/b><\/h4>\n<p>Wierzymy w absolutn\u0105 przejrzysto\u015b\u0107. Dlatego dostarczamy szczeg\u00f3\u0142owy certyfikat analizy (CoA) wraz z naszymi produktami, aby ostatecznie potwierdzi\u0107 ich to\u017csamo\u015b\u0107, czysto\u015b\u0107 i st\u0119\u017cenie. Gwarantuje to, \u017ce otrzymasz dok\u0142adnie to, co zam\u00f3wi\u0142e\u015b do swoich krytycznych zastosowa\u0144.<\/p>\n<h4><b>Niezawodne i dyskretne zasady wysy\u0142ki<\/b><\/h4>\n<p>Nasz globalny proces wysy\u0142ki zosta\u0142 zaprojektowany tak, aby by\u0142 szybki, w pe\u0142ni identyfikowalny i zawsze dyskretny. Rozumiemy znaczenie prywatno\u015bci, a ka\u017cda paczka jest obs\u0142ugiwana z najwy\u017csz\u0105 staranno\u015bci\u0105, aby zapewni\u0107 jej bezpieczne i prywatne dotarcie. Poufno\u015b\u0107 jest naszym najwy\u017cszym priorytetem.<\/p>\n<h4><b>Bezpieczne i szyfrowane metody p\u0142atno\u015bci<\/b><\/h4>\n<p>Twoje bezpiecze\u0144stwo jest najwa\u017cniejsze. Wszystkie transakcje finansowe na naszej platformie s\u0105 chronione najnowocze\u015bniejszym szyfrowaniem. Akceptujemy wiele bezpiecznych opcji p\u0142atno\u015bci, aby zapewni\u0107 zar\u00f3wno wygod\u0119, jak i spok\u00f3j ducha podczas zakupu.<\/p>\n<h2><b>Zam\u00f3w najwy\u017cszej jako\u015bci proszek Clonazepam (Klonopin) ju\u017c dzi\u015b<\/b><\/h2>\n<p>Podsumowuj\u0105c, Clonazepam (Klonopin) Powder jest skuteczn\u0105 i wysoce elastyczn\u0105 opcj\u0105 w leczeniu stan\u00f3w l\u0119kowych, drgawek i innych schorze\u0144 neurologicznych. W czystej, sproszkowanej formie, oferuje najwy\u017csz\u0105 wygod\u0119 i precyzj\u0119 zar\u00f3wno w zastosowaniach badawczych, jak i klinicznych. Decyduj\u0105c si\u0119 na <b>Zam\u00f3w Clonazepam (Klonopin) Powder online<\/b> z zaufanego i zweryfikowanego \u017ar\u00f3d\u0142a, takiego jak Chemsfine, to najlepszy spos\u00f3b na zagwarantowanie bezpiecze\u0144stwa, autentyczno\u015bci i dyskrecji wymaganej do pracy.<\/p>\n<p>Profesjonalistom poszukuj\u0105cym skutecznego i niezawodnego rozwi\u0105zania do radzenia sobie z l\u0119kiem, napadami lub do zaawansowanych cel\u00f3w badawczych, gor\u0105co polecamy <b>kupi\u0107 Clonazepam (Klonopin) Proszek online<\/b> z naszej bezpiecznej platformy. Z naszym premium <b>Clonazepam (Klonopin) Proszek na sprzeda\u017c<\/b> Dzi\u0119ki konkurencyjnym cenom, pe\u0142nej certyfikacji laboratoryjnej i dyskretnej globalnej dostawie, jeste\u015bmy idealnym miejscem do <b>sklep Clonazepam (Klonopin) Powder online<\/b>. Z\u0142\u00f3\u017c zam\u00f3wienie ju\u017c dzi\u015b i otrzymaj wysokiej jako\u015bci produkt, kt\u00f3remu mo\u017cesz zaufa\u0107.<\/p>","protected":false},"excerpt":{"rendered":"<p><b>Kup Clonazepam (Klonopin) w proszku<\/b>, benzodiazepina o wysokiej czysto\u015bci do zastosowa\u0144 badawczych i terapeutycznych. Ten proszek o jako\u015bci farmaceutycznej oferuje zwi\u0119kszon\u0105 aktywno\u015b\u0107 GABA, zapewniaj\u0105c silne dzia\u0142anie przeciwdrgawkowe i przeciwl\u0119kowe. Idealny do precyzyjnego formu\u0142owania dawek w warunkach klinicznych. Zakup autentyczny <b>Clonazepam w proszku<\/b> na <b>Chemsfine<\/b> gwarantowana jako\u015b\u0107 i laboratoryjnie potwierdzona czysto\u015b\u0107.<\/p>","protected":false},"featured_media":1930,"comment_status":"closed","ping_status":"closed","template":"","meta":{"_joinchat":[]},"product_brand":[],"product_cat":[434],"product_tag":[],"class_list":{"0":"post-1683","1":"product","2":"type-product","3":"status-publish","4":"has-post-thumbnail","6":"product_cat-benzodiazepine-analogs","8":"first","9":"instock","10":"shipping-taxable","11":"purchasable","12":"product-type-variable"},"yoast_head":"<!-- This site is optimized with the Yoast SEO plugin v27.2 - https:\/\/yoast.com\/product\/yoast-seo-wordpress\/ -->\n<title>Buy Clonazepam (Klonopin) Powder Online | Top Quality<\/title>\n<meta name=\"description\" content=\"Buy high-purity Clonazepam (Klonopin) Powder online at Chemsfine. Our lab-tested, pharmaceutical-grade powder is for sale now. Fast, discreet shipping worldwide.\" \/>\n<meta name=\"robots\" content=\"index, follow, max-snippet:-1, max-image-preview:large, max-video-preview:-1\" \/>\n<link rel=\"canonical\" href=\"https:\/\/chemsfine.com\/pl\/produkt\/buy-clonazepam-powder\/\" \/>\n<meta property=\"og:locale\" content=\"pl_PL\" \/>\n<meta property=\"og:type\" content=\"article\" \/>\n<meta property=\"og:title\" content=\"Buy Clonazepam (Klonopin) Powder Online | Top Quality\" \/>\n<meta property=\"og:description\" content=\"Buy high-purity Clonazepam (Klonopin) Powder online at Chemsfine. Our lab-tested, pharmaceutical-grade powder is for sale now. Fast, discreet shipping worldwide.\" \/>\n<meta property=\"og:url\" content=\"https:\/\/chemsfine.com\/pl\/produkt\/buy-clonazepam-powder\/\" \/>\n<meta property=\"og:site_name\" content=\"Chemsfine\" \/>\n<meta property=\"article:modified_time\" content=\"2026-03-25T15:27:35+00:00\" \/>\n<meta property=\"og:image\" content=\"https:\/\/chemsfine.com\/wp-content\/uploads\/2025\/06\/Clonazepam-Klonopin-Pulver.jpg\" \/>\n\t<meta property=\"og:image:width\" content=\"600\" \/>\n\t<meta property=\"og:image:height\" content=\"600\" \/>\n\t<meta property=\"og:image:type\" content=\"image\/jpeg\" \/>\n<meta name=\"twitter:card\" content=\"summary_large_image\" \/>\n<meta name=\"twitter:label1\" content=\"Szacowany czas czytania\" \/>\n\t<meta name=\"twitter:data1\" content=\"5 minut\" \/>\n<script type=\"application\/ld+json\" class=\"yoast-schema-graph\">{\"@context\":\"https:\/\/schema.org\",\"@graph\":[{\"@type\":\"WebPage\",\"@id\":\"https:\/\/chemsfine.com\/product\/buy-clonazepam-powder\/\",\"url\":\"https:\/\/chemsfine.com\/product\/buy-clonazepam-powder\/\",\"name\":\"Buy Clonazepam (Klonopin) Powder Online | Top Quality\",\"isPartOf\":{\"@id\":\"https:\/\/chemsfine.com\/#website\"},\"primaryImageOfPage\":{\"@id\":\"https:\/\/chemsfine.com\/product\/buy-clonazepam-powder\/#primaryimage\"},\"image\":{\"@id\":\"https:\/\/chemsfine.com\/product\/buy-clonazepam-powder\/#primaryimage\"},\"thumbnailUrl\":\"https:\/\/chemsfine.com\/wp-content\/uploads\/2025\/06\/Clonazepam-Klonopin-Pulver.jpg\",\"datePublished\":\"2025-06-17T09:06:49+00:00\",\"dateModified\":\"2026-03-25T15:27:35+00:00\",\"description\":\"Buy high-purity Clonazepam (Klonopin) Powder online at Chemsfine. Our lab-tested, pharmaceutical-grade powder is for sale now. Fast, discreet shipping worldwide.\",\"breadcrumb\":{\"@id\":\"https:\/\/chemsfine.com\/product\/buy-clonazepam-powder\/#breadcrumb\"},\"inLanguage\":\"pl-PL\",\"potentialAction\":[{\"@type\":\"ReadAction\",\"target\":[\"https:\/\/chemsfine.com\/product\/buy-clonazepam-powder\/\"]}]},{\"@type\":\"ImageObject\",\"inLanguage\":\"pl-PL\",\"@id\":\"https:\/\/chemsfine.com\/product\/buy-clonazepam-powder\/#primaryimage\",\"url\":\"https:\/\/chemsfine.com\/wp-content\/uploads\/2025\/06\/Clonazepam-Klonopin-Pulver.jpg\",\"contentUrl\":\"https:\/\/chemsfine.com\/wp-content\/uploads\/2025\/06\/Clonazepam-Klonopin-Pulver.jpg\",\"width\":600,\"height\":600,\"caption\":\"Clonazepam-(Klonopin)-Powder\"},{\"@type\":\"BreadcrumbList\",\"@id\":\"https:\/\/chemsfine.com\/product\/buy-clonazepam-powder\/#breadcrumb\",\"itemListElement\":[{\"@type\":\"ListItem\",\"position\":1,\"name\":\"Home\",\"item\":\"https:\/\/chemsfine.com\/\"},{\"@type\":\"ListItem\",\"position\":2,\"name\":\"Shop\",\"item\":\"https:\/\/chemsfine.com\/shop\/\"},{\"@type\":\"ListItem\",\"position\":3,\"name\":\"Buy Clonazepam (Klonopin) Powder Online | High Purity\"}]},{\"@type\":\"WebSite\",\"@id\":\"https:\/\/chemsfine.com\/#website\",\"url\":\"https:\/\/chemsfine.com\/\",\"name\":\"Chemsfine\",\"description\":\"My WordPress Blog\",\"publisher\":{\"@id\":\"https:\/\/chemsfine.com\/#organization\"},\"potentialAction\":[{\"@type\":\"SearchAction\",\"target\":{\"@type\":\"EntryPoint\",\"urlTemplate\":\"https:\/\/chemsfine.com\/?s={search_term_string}\"},\"query-input\":{\"@type\":\"PropertyValueSpecification\",\"valueRequired\":true,\"valueName\":\"search_term_string\"}}],\"inLanguage\":\"pl-PL\"},{\"@type\":\"Organization\",\"@id\":\"https:\/\/chemsfine.com\/#organization\",\"name\":\"Chemsfine\",\"url\":\"https:\/\/chemsfine.com\/\",\"logo\":{\"@type\":\"ImageObject\",\"inLanguage\":\"pl-PL\",\"@id\":\"https:\/\/chemsfine.com\/#\/schema\/logo\/image\/\",\"url\":\"https:\/\/chemsfine.com\/wp-content\/uploads\/2024\/09\/final-logo.png\",\"contentUrl\":\"https:\/\/chemsfine.com\/wp-content\/uploads\/2024\/09\/final-logo.png\",\"width\":340,\"height\":72,\"caption\":\"Chemsfine\"},\"image\":{\"@id\":\"https:\/\/chemsfine.com\/#\/schema\/logo\/image\/\"}}]}<\/script>\n<!-- \/ Yoast SEO plugin. -->","yoast_head_json":{"title":"Kup Clonazepam (Klonopin) w proszku online | Najwy\u017csza jako\u015b\u0107","description":"Kup wysokiej czysto\u015bci proszek Clonazepam (Klonopin) online w Chemsfine. Nasz przetestowany laboratoryjnie proszek klasy farmaceutycznej jest ju\u017c dost\u0119pny w sprzeda\u017cy. Szybka, dyskretna wysy\u0142ka na ca\u0142y \u015bwiat.","robots":{"index":"index","follow":"follow","max-snippet":"max-snippet:-1","max-image-preview":"max-image-preview:large","max-video-preview":"max-video-preview:-1"},"canonical":"https:\/\/chemsfine.com\/pl\/produkt\/buy-clonazepam-powder\/","og_locale":"pl_PL","og_type":"article","og_title":"Buy Clonazepam (Klonopin) Powder Online | Top Quality","og_description":"Buy high-purity Clonazepam (Klonopin) Powder online at Chemsfine. Our lab-tested, pharmaceutical-grade powder is for sale now. Fast, discreet shipping worldwide.","og_url":"https:\/\/chemsfine.com\/pl\/produkt\/buy-clonazepam-powder\/","og_site_name":"Chemsfine","article_modified_time":"2026-03-25T15:27:35+00:00","og_image":[{"width":600,"height":600,"url":"https:\/\/chemsfine.com\/wp-content\/uploads\/2025\/06\/Clonazepam-Klonopin-Pulver.jpg","type":"image\/jpeg"}],"twitter_card":"summary_large_image","twitter_misc":{"Szacowany czas czytania":"5 minut"},"schema":{"@context":"https:\/\/schema.org","@graph":[{"@type":"WebPage","@id":"https:\/\/chemsfine.com\/product\/buy-clonazepam-powder\/","url":"https:\/\/chemsfine.com\/product\/buy-clonazepam-powder\/","name":"Kup Clonazepam (Klonopin) w proszku online | Najwy\u017csza jako\u015b\u0107","isPartOf":{"@id":"https:\/\/chemsfine.com\/#website"},"primaryImageOfPage":{"@id":"https:\/\/chemsfine.com\/product\/buy-clonazepam-powder\/#primaryimage"},"image":{"@id":"https:\/\/chemsfine.com\/product\/buy-clonazepam-powder\/#primaryimage"},"thumbnailUrl":"https:\/\/chemsfine.com\/wp-content\/uploads\/2025\/06\/Clonazepam-Klonopin-Pulver.jpg","datePublished":"2025-06-17T09:06:49+00:00","dateModified":"2026-03-25T15:27:35+00:00","description":"Kup wysokiej czysto\u015bci proszek Clonazepam (Klonopin) online w Chemsfine. Nasz przetestowany laboratoryjnie proszek klasy farmaceutycznej jest ju\u017c dost\u0119pny w sprzeda\u017cy. Szybka, dyskretna wysy\u0142ka na ca\u0142y \u015bwiat.","breadcrumb":{"@id":"https:\/\/chemsfine.com\/product\/buy-clonazepam-powder\/#breadcrumb"},"inLanguage":"pl-PL","potentialAction":[{"@type":"ReadAction","target":["https:\/\/chemsfine.com\/product\/buy-clonazepam-powder\/"]}]},{"@type":"ImageObject","inLanguage":"pl-PL","@id":"https:\/\/chemsfine.com\/product\/buy-clonazepam-powder\/#primaryimage","url":"https:\/\/chemsfine.com\/wp-content\/uploads\/2025\/06\/Clonazepam-Klonopin-Pulver.jpg","contentUrl":"https:\/\/chemsfine.com\/wp-content\/uploads\/2025\/06\/Clonazepam-Klonopin-Pulver.jpg","width":600,"height":600,"caption":"Clonazepam-(Klonopin)-Powder"},{"@type":"BreadcrumbList","@id":"https:\/\/chemsfine.com\/product\/buy-clonazepam-powder\/#breadcrumb","itemListElement":[{"@type":"ListItem","position":1,"name":"Home","item":"https:\/\/chemsfine.com\/"},{"@type":"ListItem","position":2,"name":"Shop","item":"https:\/\/chemsfine.com\/shop\/"},{"@type":"ListItem","position":3,"name":"Buy Clonazepam (Klonopin) Powder Online | High Purity"}]},{"@type":"WebSite","@id":"https:\/\/chemsfine.com\/#website","url":"https:\/\/chemsfine.com\/","name":"Chemsfine","description":"M\u00f3j blog WordPress","publisher":{"@id":"https:\/\/chemsfine.com\/#organization"},"potentialAction":[{"@type":"SearchAction","target":{"@type":"EntryPoint","urlTemplate":"https:\/\/chemsfine.com\/?s={search_term_string}"},"query-input":{"@type":"PropertyValueSpecification","valueRequired":true,"valueName":"search_term_string"}}],"inLanguage":"pl-PL"},{"@type":"Organization","@id":"https:\/\/chemsfine.com\/#organization","name":"Chemsfine","url":"https:\/\/chemsfine.com\/","logo":{"@type":"ImageObject","inLanguage":"pl-PL","@id":"https:\/\/chemsfine.com\/#\/schema\/logo\/image\/","url":"https:\/\/chemsfine.com\/wp-content\/uploads\/2024\/09\/final-logo.png","contentUrl":"https:\/\/chemsfine.com\/wp-content\/uploads\/2024\/09\/final-logo.png","width":340,"height":72,"caption":"Chemsfine"},"image":{"@id":"https:\/\/chemsfine.com\/#\/schema\/logo\/image\/"}}]}},"_links":{"self":[{"href":"https:\/\/chemsfine.com\/pl\/wp-json\/wp\/v2\/product\/1683","targetHints":{"allow":["GET"]}}],"collection":[{"href":"https:\/\/chemsfine.com\/pl\/wp-json\/wp\/v2\/product"}],"about":[{"href":"https:\/\/chemsfine.com\/pl\/wp-json\/wp\/v2\/types\/product"}],"replies":[{"embeddable":true,"href":"https:\/\/chemsfine.com\/pl\/wp-json\/wp\/v2\/comments?post=1683"}],"wp:featuredmedia":[{"embeddable":true,"href":"https:\/\/chemsfine.com\/pl\/wp-json\/wp\/v2\/media\/1930"}],"wp:attachment":[{"href":"https:\/\/chemsfine.com\/pl\/wp-json\/wp\/v2\/media?parent=1683"}],"wp:term":[{"taxonomy":"product_brand","embeddable":true,"href":"https:\/\/chemsfine.com\/pl\/wp-json\/wp\/v2\/product_brand?post=1683"},{"taxonomy":"product_cat","embeddable":true,"href":"https:\/\/chemsfine.com\/pl\/wp-json\/wp\/v2\/product_cat?post=1683"},{"taxonomy":"product_tag","embeddable":true,"href":"https:\/\/chemsfine.com\/pl\/wp-json\/wp\/v2\/product_tag?post=1683"}],"curies":[{"name":"wp","href":"https:\/\/api.w.org\/{rel}","templated":true}]}}