{"id":1688,"date":"2025-06-17T09:09:59","date_gmt":"2025-06-17T09:09:59","guid":{"rendered":"https:\/\/chemsfine.com\/?post_type=product&#038;p=1688"},"modified":"2026-03-25T15:24:55","modified_gmt":"2026-03-25T15:24:55","slug":"kupic-difenidyne-online","status":"publish","type":"product","link":"https:\/\/chemsfine.com\/pl\/product\/buy-diphenidine-online\/","title":{"rendered":"Kup Diphenidine Online | High-Purity Research Chemical"},"content":{"rendered":"<h2><b>Co to jest difenidyna?<\/b><\/h2>\n<p>Dla badaczy poszukuj\u0105cych <b>kupi\u0107 Diphenidine na sprzeda\u017c<\/b>, Ten syntetyczny zwi\u0105zek dysocjacyjny jest wybitnym cz\u0142onkiem klasy diaryloetyloamin, znanym ze swoich wyra\u017anych efekt\u00f3w psychoaktywnych. Jako substancja badana g\u0142\u00f3wnie ze wzgl\u0119du na swoje silne w\u0142a\u015bciwo\u015bci antagonisty receptora NMDA, Diphenidine oferuje naukowcom cenne narz\u0119dzie do badania dozna\u0144 dysocjacyjnych, \u0142agodnej euforii i zmienionej percepcji sensorycznej. Jej unikalna struktura chemiczna pozwala na wszechstronne zastosowanie zar\u00f3wno w zaawansowanych badaniach, jak i osobistej eksploracji, czyni\u0105c j\u0105 popularnym wyborem w spo\u0142eczno\u015bciach nootropowych i badawczych. Je\u015bli szukasz <b>kupi\u0107 Diphenidine online<\/b>, znalaz\u0142e\u015b najlepsze \u017ar\u00f3d\u0142o. Odkryj najwy\u017cszej jako\u015bci difenidyn\u0119 na sprzeda\u017c w Chemsfine - najbardziej zaufanym dostawcy czystych, przetestowanych laboratoryjnie zwi\u0105zk\u00f3w. Niezale\u017cnie od tego, czy jeste\u015b do\u015bwiadczonym badaczem, czy entuzjast\u0105, nasza niezawodna us\u0142uga zapewnia szybk\u0105 wysy\u0142k\u0119, konkurencyjne ceny i profesjonalnie dyskretne opakowanie. Nie przegap tej okazji, aby <b>zam\u00f3wi\u0107 Diphenidine online<\/b> z najlepszego miejsca, aby kupi\u0107 Diphenidine i do\u015bwiadczy\u0107 niezr\u00f3wnanej jako\u015bci produktu i zadowolenia klienta ju\u017c dzi\u015b.<\/p>\n<h3><b>Dlaczego warto kupi\u0107 u nas Diphenidine online?<\/b><\/h3>\n<p>Wyb\u00f3r <b>Diphenidine sklep online<\/b> za po\u015brednictwem naszej platformy jest gwarancj\u0105 najwy\u017cszej jako\u015bci i niezr\u00f3wnanej niezawodno\u015bci. W Chemsfine jeste\u015bmy dumni z pe\u0142nej przejrzysto\u015bci, dostarczaj\u0105c wy\u0142\u0105cznie przetestowan\u0105 laboratoryjnie difenidyn\u0119 o zweryfikowanej czysto\u015bci. Zobowi\u0105zanie to idzie w parze z bardzo konkurencyjnymi cenami i bezpieczn\u0105, dyskretn\u0105 dostaw\u0105 do laboratorium. Nasze zaanga\u017cowanie w prywatno\u015b\u0107 klienta i ca\u0142kowit\u0105 satysfakcj\u0119 sprawia, \u017ce jeste\u015bmy preferowanym wyborem dla instytucji i os\u00f3b, kt\u00f3re chc\u0105 <b>kupi\u0107 tani\u0105 difenidyn\u0119 online<\/b> bez uszczerbku dla czysto\u015bci i jako\u015bci. Zapewniamy, \u017ce ka\u017cda partia spe\u0142nia rygorystyczne standardy, dzi\u0119ki czemu Twoje badania opieraj\u0105 si\u0119 na fundamencie doskona\u0142o\u015bci. Je\u015bli potrzebujesz najlepszej dost\u0119pnej difenidyny, nasz sklep jest ostateczn\u0105 odpowiedzi\u0105.<\/p>\n<h3><b>Pochodzenie i profil chemiczny<\/b><\/h3>\n<p>Difenidyna zosta\u0142a po raz pierwszy zsyntetyzowana jako nowy zwi\u0105zek w ramach pochodnych diaryloetyloaminy, klasy chemikali\u00f3w szczeg\u00f3lnie znanych ze swojej aktywno\u015bci antagonisty receptora NMDA. Jej precyzyjny sk\u0142ad chemiczny jest bezpo\u015brednio odpowiedzialny za wywo\u0142ywanie efekt\u00f3w dysocjacyjnych, kt\u00f3re s\u0105 por\u00f3wnywalne ze zwi\u0105zkami takimi jak ketamina i PCP, ale zachowuje sw\u00f3j w\u0142asny, ca\u0142kowicie unikalny profil farmakologiczny. Pocz\u0105tki tego zwi\u0105zku w dedykowanych badaniach neurochemicznych podkre\u015blaj\u0105 jego znacz\u0105cy potencja\u0142 zar\u00f3wno w eksploracji naukowej, jak i zaawansowanych badaniach nad popraw\u0105 funkcji poznawczych, co czyni go przedmiotem du\u017cego zainteresowania naukowc\u00f3w na ca\u0142ym \u015bwiecie.<\/p>\n<h3><b>Zastosowania difenidyny<\/b><\/h3>\n<p>Difenidyna jest przede wszystkim wykorzystywana w kontek\u015bcie badawczym ze wzgl\u0119du na swoje znacz\u0105ce w\u0142a\u015bciwo\u015bci dysocjacyjne i psychoaktywne. Naukowcy badaj\u0105cy ten zwi\u0105zek zg\u0142aszaj\u0105 do\u015bwiadczenia zniekszta\u0142ce\u0144 sensorycznych, \u0142agodnej euforii i zmian poznawczych, kt\u00f3re mog\u0105 wspiera\u0107 eksperymentalne cele badawcze i eksploracj\u0119 rekreacyjn\u0105. Jego zastosowania koncentruj\u0105 si\u0119 wok\u00f3\u0142 mechanizmu dzia\u0142ania i obserwowanych efekt\u00f3w, w tym:<\/p>\n<ul>\n<li><b>Antagonista receptora NMDA:<\/b> Do bada\u0144 zwi\u0105zanych z neuroprzeka\u017anictwem glutaminergicznym.<\/li>\n<li><b>Efekty dysocjacyjne:<\/b> Zbadanie neuronalnych podstaw dysocjacji.<\/li>\n<li><b>\u0141agodna euforia i zmiany sensoryczne:<\/b> Do bada\u0144 nad nastrojem i percepcj\u0105.<\/li>\n<li><b>Potencjalne zastosowanie w badaniach kognitywnych:<\/b> Badanie jego wp\u0142ywu na funkcje poznawcze.<\/li>\n<li><b>Eksploracja odmiennych stan\u00f3w \u015bwiadomo\u015bci:<\/b> Narz\u0119dzie do badania \u015bwiadomo\u015bci.<\/li>\n<\/ul>\n<h3><b>Jak i gdzie zam\u00f3wi\u0107 Diphenidine online?<\/b><\/h3>\n<p>Zamawianie Diphenidine online zosta\u0142o zaprojektowane tak, aby by\u0142o prostym i wysoce bezpiecznym procesem na naszej platformie. Aby rozpocz\u0105\u0107 zakup, wystarczy wybra\u0107 \u017c\u0105dan\u0105 ilo\u015b\u0107 tej najwy\u017cszej jako\u015bci difenidyny, doda\u0107 produkt do koszyka i przej\u015b\u0107 przez nasz w pe\u0142ni zaszyfrowany system p\u0142atno\u015bci. Oferujemy szereg niezawodnych opcji wysy\u0142ki na ca\u0142y \u015bwiat, aby zapewni\u0107, \u017ce zam\u00f3wienie dotrze szybko i dyskretnie do Twojej lokalizacji, bez wzgl\u0119du na to, dok\u0105d zaprowadz\u0105 Ci\u0119 badania. Nasz usprawniony system sprawia, \u017ce pozyskiwanie materia\u0142\u00f3w badawczych o wysokiej czysto\u015bci jest \u0142atwiejsze ni\u017c kiedykolwiek.<\/p>\n<h3><b>Korzy\u015bci z zakupu difenidyny online<\/b><\/h3>\n<p>Zakup chemikali\u00f3w badawczych ze sprawdzonego \u017ar\u00f3d\u0142a online zapewnia liczne korzy\u015bci w zakresie bezpiecze\u0144stwa i wydajno\u015bci.<\/p>\n<ul>\n<li><b>Produkty testowane laboratoryjnie:<\/b> Ka\u017cda partia naszej difenidyny przechodzi rygorystyczne testy zewn\u0119trzne, aby ostatecznie zapewni\u0107 jej czysto\u015b\u0107 i bezpiecze\u0144stwo chemiczne, gwarantuj\u0105c wiarygodne wyniki.<\/li>\n<li><b>Konkurencyjne ceny:<\/b> Zapewniamy bezpo\u015bredni dost\u0119p do najlepszych ofert, umo\u017cliwiaj\u0105c zakup taniej Diphenidine online bez po\u015bwi\u0119cania najwy\u017cszej jako\u015bci, kt\u00f3rej wymaga Twoja praca.<\/li>\n<li><b>Dyskretna dostawa:<\/b> Wszystkie zam\u00f3wienia s\u0105 skrupulatnie wysy\u0142ane w bezpiecznym, zwyk\u0142ym, nieoznakowanym opakowaniu, aby ca\u0142kowicie chroni\u0107 prywatno\u015b\u0107 i zapewni\u0107 poufno\u015b\u0107 dostawy.<\/li>\n<li><b>Szybka wysy\u0142ka:<\/b> Nasze wydajne systemy przetwarzania zam\u00f3wie\u0144 i wsp\u00f3\u0142praca z niezawodnymi firmami kurierskimi gwarantuj\u0105 terminow\u0105 i niezawodn\u0105 dostaw\u0119 zam\u00f3wienia.<\/li>\n<\/ul>\n<h3><b>Wyb\u00f3r w\u0142a\u015bciwego dostawcy<\/b><\/h3>\n<p>Je\u015bli chodzi o <b>zakup Diphenidine online<\/b>, Wyb\u00f3r odpowiedniego dostawcy jest absolutnie kluczowy dla zapewnienia bezpiecze\u0144stwa produktu, integralno\u015bci bada\u0144 i og\u00f3lnej satysfakcji.<\/p>\n<h3><b>Jak wybra\u0107 wiarygodnego dostawc\u0119<\/b><\/h3>\n<p>Aby zapewni\u0107 bezpieczny i udany zakup, zawsze sprawdzaj, czy dostawca spe\u0142nia te podstawowe kryteria:<\/p>\n<ul>\n<li><b>Produkty testowane laboratoryjnie:<\/b> Zawsze wybieraj dostawc\u00f3w takich jak Chemsfine, kt\u00f3rzy dostarczaj\u0105 kompleksowe certyfikaty analizy (COA) dla swoich produkt\u00f3w.<\/li>\n<li><b>Niezawodne zasady wysy\u0142ki:<\/b> Wybierz dostawc\u00f3w, kt\u00f3rzy s\u0105 dobrze znani z bezpiecznych, w pe\u0142ni \u015bledzonych i terminowych dostaw.<\/li>\n<li><b>Bezpieczne metody p\u0142atno\u015bci:<\/b> Upewnij si\u0119, \u017ce sprzedawca oferuje szyfrowane i bezpieczne opcje p\u0142atno\u015bci w celu ochrony Twoich danych finansowych.<\/li>\n<li><b>Pozytywne opinie klient\u00f3w:<\/b> Przed dokonaniem zakupu sprawd\u017a autentyczne referencje i dobr\u0105 reputacj\u0119 w spo\u0142eczno\u015bci badawczej.<\/li>\n<\/ul>\n<h3><b>Wnioski<\/b><\/h3>\n<h4><b>Podsumowanie korzy\u015bci<\/b><\/h4>\n<p>Podsumowuj\u0105c, Diphenidine oferuje wyj\u0105tkowe doznania psychoaktywne z naukowo potwierdzonymi w\u0142a\u015bciwo\u015bciami dysocjacyjnymi, co czyni j\u0105 cennym zwi\u0105zkiem do bada\u0144. Zakup od zaufanego, przetestowanego laboratoryjnie dostawcy, takiego jak Chemsfine, to jedyny spos\u00f3b na zapewnienie bezpiecze\u0144stwa, czysto\u015bci i satysfakcji z materia\u0142\u00f3w badawczych.<\/p>\n<h4><b>Zalecenie ko\u0144cowe<\/b><\/h4>\n<p>Dla badaczy i entuzjast\u00f3w gotowych zbada\u0107 Diphenidine, nasza platforma wyr\u00f3\u017cnia si\u0119 jako <b>Najlepsze miejsce do zakupu Diphenidine online<\/b>. Dzi\u0119ki niezale\u017cnie zweryfikowanej jako\u015bci, przyst\u0119pnym cenom i profesjonalnej, dyskretnej wysy\u0142ce, mo\u017cesz <b>zam\u00f3wi\u0107 Diphenidine online<\/b> dzisiaj. Zr\u00f3b kolejny krok w swoich badaniach lub osobistych poszukiwaniach z najwy\u017cszym zaufaniem do swojego dostawcy chemikali\u00f3w.<\/p>","protected":false},"excerpt":{"rendered":"<p>Kup najwy\u017cszej jako\u015bci difenidyn\u0119 online w Chemsfine. Nasza czysta, zweryfikowana laboratoryjnie Diphenidine jest idealna do bada\u0144 nad jej unikalnymi w\u0142a\u015bciwo\u015bciami dysocjacyjnymi i antagonistycznymi receptora NMDA. Zabezpiecz sw\u00f3j zapas do bada\u0144 ju\u017c dzi\u015b.<\/p>","protected":false},"featured_media":1934,"comment_status":"closed","ping_status":"closed","template":"","meta":{"_joinchat":[]},"product_brand":[],"product_cat":[432],"product_tag":[],"class_list":{"0":"post-1688","1":"product","2":"type-product","3":"status-publish","4":"has-post-thumbnail","6":"product_cat-dissociatives","8":"first","9":"instock","10":"shipping-taxable","11":"purchasable","12":"product-type-variable"},"yoast_head":"<!-- This site is optimized with the Yoast SEO plugin v27.2 - https:\/\/yoast.com\/product\/yoast-seo-wordpress\/ -->\n<title>Buy Diphenidine Online | Top Quality Diphenidine For Sale<\/title>\n<meta name=\"description\" content=\"Order high-purity Diphenidine online from a trusted supplier. We offer lab-tested, top-quality Diphenidine for sale with fast, discreet worldwide shipping.\" \/>\n<meta name=\"robots\" content=\"index, follow, max-snippet:-1, max-image-preview:large, max-video-preview:-1\" \/>\n<link rel=\"canonical\" href=\"https:\/\/chemsfine.com\/pl\/produkt\/kupic-difenidyne-online\/\" \/>\n<meta property=\"og:locale\" content=\"pl_PL\" \/>\n<meta property=\"og:type\" content=\"article\" \/>\n<meta property=\"og:title\" content=\"Buy Diphenidine Online | Top Quality Diphenidine For Sale\" \/>\n<meta property=\"og:description\" content=\"Order high-purity Diphenidine online from a trusted supplier. We offer lab-tested, top-quality Diphenidine for sale with fast, discreet worldwide shipping.\" \/>\n<meta property=\"og:url\" content=\"https:\/\/chemsfine.com\/pl\/produkt\/kupic-difenidyne-online\/\" \/>\n<meta property=\"og:site_name\" content=\"Chemsfine\" \/>\n<meta property=\"article:modified_time\" content=\"2026-03-25T15:24:55+00:00\" \/>\n<meta property=\"og:image\" content=\"https:\/\/chemsfine.com\/wp-content\/uploads\/2025\/06\/Diphenidin.jpg\" \/>\n\t<meta property=\"og:image:width\" content=\"600\" \/>\n\t<meta property=\"og:image:height\" content=\"600\" \/>\n\t<meta property=\"og:image:type\" content=\"image\/jpeg\" \/>\n<meta name=\"twitter:card\" content=\"summary_large_image\" \/>\n<meta name=\"twitter:label1\" content=\"Szacowany czas czytania\" \/>\n\t<meta name=\"twitter:data1\" content=\"3 minuty\" \/>\n<script type=\"application\/ld+json\" class=\"yoast-schema-graph\">{\"@context\":\"https:\/\/schema.org\",\"@graph\":[{\"@type\":\"WebPage\",\"@id\":\"https:\/\/chemsfine.com\/product\/buy-diphenidine-online\/\",\"url\":\"https:\/\/chemsfine.com\/product\/buy-diphenidine-online\/\",\"name\":\"Buy Diphenidine Online | Top Quality Diphenidine For Sale\",\"isPartOf\":{\"@id\":\"https:\/\/chemsfine.com\/#website\"},\"primaryImageOfPage\":{\"@id\":\"https:\/\/chemsfine.com\/product\/buy-diphenidine-online\/#primaryimage\"},\"image\":{\"@id\":\"https:\/\/chemsfine.com\/product\/buy-diphenidine-online\/#primaryimage\"},\"thumbnailUrl\":\"https:\/\/chemsfine.com\/wp-content\/uploads\/2025\/06\/Diphenidin.jpg\",\"datePublished\":\"2025-06-17T09:09:59+00:00\",\"dateModified\":\"2026-03-25T15:24:55+00:00\",\"description\":\"Order high-purity Diphenidine online from a trusted supplier. We offer lab-tested, top-quality Diphenidine for sale with fast, discreet worldwide shipping.\",\"breadcrumb\":{\"@id\":\"https:\/\/chemsfine.com\/product\/buy-diphenidine-online\/#breadcrumb\"},\"inLanguage\":\"pl-PL\",\"potentialAction\":[{\"@type\":\"ReadAction\",\"target\":[\"https:\/\/chemsfine.com\/product\/buy-diphenidine-online\/\"]}]},{\"@type\":\"ImageObject\",\"inLanguage\":\"pl-PL\",\"@id\":\"https:\/\/chemsfine.com\/product\/buy-diphenidine-online\/#primaryimage\",\"url\":\"https:\/\/chemsfine.com\/wp-content\/uploads\/2025\/06\/Diphenidin.jpg\",\"contentUrl\":\"https:\/\/chemsfine.com\/wp-content\/uploads\/2025\/06\/Diphenidin.jpg\",\"width\":600,\"height\":600,\"caption\":\"Diphenidin\"},{\"@type\":\"BreadcrumbList\",\"@id\":\"https:\/\/chemsfine.com\/product\/buy-diphenidine-online\/#breadcrumb\",\"itemListElement\":[{\"@type\":\"ListItem\",\"position\":1,\"name\":\"Home\",\"item\":\"https:\/\/chemsfine.com\/\"},{\"@type\":\"ListItem\",\"position\":2,\"name\":\"Shop\",\"item\":\"https:\/\/chemsfine.com\/shop\/\"},{\"@type\":\"ListItem\",\"position\":3,\"name\":\"Buy Diphenidine Online | High-Purity Research Chemical\"}]},{\"@type\":\"WebSite\",\"@id\":\"https:\/\/chemsfine.com\/#website\",\"url\":\"https:\/\/chemsfine.com\/\",\"name\":\"Chemsfine\",\"description\":\"My WordPress Blog\",\"publisher\":{\"@id\":\"https:\/\/chemsfine.com\/#organization\"},\"potentialAction\":[{\"@type\":\"SearchAction\",\"target\":{\"@type\":\"EntryPoint\",\"urlTemplate\":\"https:\/\/chemsfine.com\/?s={search_term_string}\"},\"query-input\":{\"@type\":\"PropertyValueSpecification\",\"valueRequired\":true,\"valueName\":\"search_term_string\"}}],\"inLanguage\":\"pl-PL\"},{\"@type\":\"Organization\",\"@id\":\"https:\/\/chemsfine.com\/#organization\",\"name\":\"Chemsfine\",\"url\":\"https:\/\/chemsfine.com\/\",\"logo\":{\"@type\":\"ImageObject\",\"inLanguage\":\"pl-PL\",\"@id\":\"https:\/\/chemsfine.com\/#\/schema\/logo\/image\/\",\"url\":\"https:\/\/chemsfine.com\/wp-content\/uploads\/2024\/09\/final-logo.png\",\"contentUrl\":\"https:\/\/chemsfine.com\/wp-content\/uploads\/2024\/09\/final-logo.png\",\"width\":340,\"height\":72,\"caption\":\"Chemsfine\"},\"image\":{\"@id\":\"https:\/\/chemsfine.com\/#\/schema\/logo\/image\/\"}}]}<\/script>\n<!-- \/ Yoast SEO plugin. -->","yoast_head_json":{"title":"Kup Diphenidine Online | Najwy\u017cszej jako\u015bci Diphenidine na sprzeda\u017c","description":"Zam\u00f3w wysokiej czysto\u015bci difenidyn\u0119 online od zaufanego dostawcy. Oferujemy przetestowan\u0105 laboratoryjnie, najwy\u017cszej jako\u015bci Diphenidine na sprzeda\u017c z szybk\u0105, dyskretn\u0105 wysy\u0142k\u0105 na ca\u0142y \u015bwiat.","robots":{"index":"index","follow":"follow","max-snippet":"max-snippet:-1","max-image-preview":"max-image-preview:large","max-video-preview":"max-video-preview:-1"},"canonical":"https:\/\/chemsfine.com\/pl\/produkt\/kupic-difenidyne-online\/","og_locale":"pl_PL","og_type":"article","og_title":"Buy Diphenidine Online | Top Quality Diphenidine For Sale","og_description":"Order high-purity Diphenidine online from a trusted supplier. We offer lab-tested, top-quality Diphenidine for sale with fast, discreet worldwide shipping.","og_url":"https:\/\/chemsfine.com\/pl\/produkt\/kupic-difenidyne-online\/","og_site_name":"Chemsfine","article_modified_time":"2026-03-25T15:24:55+00:00","og_image":[{"width":600,"height":600,"url":"https:\/\/chemsfine.com\/wp-content\/uploads\/2025\/06\/Diphenidin.jpg","type":"image\/jpeg"}],"twitter_card":"summary_large_image","twitter_misc":{"Szacowany czas czytania":"3 minuty"},"schema":{"@context":"https:\/\/schema.org","@graph":[{"@type":"WebPage","@id":"https:\/\/chemsfine.com\/product\/buy-diphenidine-online\/","url":"https:\/\/chemsfine.com\/product\/buy-diphenidine-online\/","name":"Kup Diphenidine Online | Najwy\u017cszej jako\u015bci Diphenidine na sprzeda\u017c","isPartOf":{"@id":"https:\/\/chemsfine.com\/#website"},"primaryImageOfPage":{"@id":"https:\/\/chemsfine.com\/product\/buy-diphenidine-online\/#primaryimage"},"image":{"@id":"https:\/\/chemsfine.com\/product\/buy-diphenidine-online\/#primaryimage"},"thumbnailUrl":"https:\/\/chemsfine.com\/wp-content\/uploads\/2025\/06\/Diphenidin.jpg","datePublished":"2025-06-17T09:09:59+00:00","dateModified":"2026-03-25T15:24:55+00:00","description":"Zam\u00f3w wysokiej czysto\u015bci difenidyn\u0119 online od zaufanego dostawcy. Oferujemy przetestowan\u0105 laboratoryjnie, najwy\u017cszej jako\u015bci Diphenidine na sprzeda\u017c z szybk\u0105, dyskretn\u0105 wysy\u0142k\u0105 na ca\u0142y \u015bwiat.","breadcrumb":{"@id":"https:\/\/chemsfine.com\/product\/buy-diphenidine-online\/#breadcrumb"},"inLanguage":"pl-PL","potentialAction":[{"@type":"ReadAction","target":["https:\/\/chemsfine.com\/product\/buy-diphenidine-online\/"]}]},{"@type":"ImageObject","inLanguage":"pl-PL","@id":"https:\/\/chemsfine.com\/product\/buy-diphenidine-online\/#primaryimage","url":"https:\/\/chemsfine.com\/wp-content\/uploads\/2025\/06\/Diphenidin.jpg","contentUrl":"https:\/\/chemsfine.com\/wp-content\/uploads\/2025\/06\/Diphenidin.jpg","width":600,"height":600,"caption":"Diphenidin"},{"@type":"BreadcrumbList","@id":"https:\/\/chemsfine.com\/product\/buy-diphenidine-online\/#breadcrumb","itemListElement":[{"@type":"ListItem","position":1,"name":"Home","item":"https:\/\/chemsfine.com\/"},{"@type":"ListItem","position":2,"name":"Shop","item":"https:\/\/chemsfine.com\/shop\/"},{"@type":"ListItem","position":3,"name":"Buy Diphenidine Online | High-Purity Research Chemical"}]},{"@type":"WebSite","@id":"https:\/\/chemsfine.com\/#website","url":"https:\/\/chemsfine.com\/","name":"Chemsfine","description":"M\u00f3j blog WordPress","publisher":{"@id":"https:\/\/chemsfine.com\/#organization"},"potentialAction":[{"@type":"SearchAction","target":{"@type":"EntryPoint","urlTemplate":"https:\/\/chemsfine.com\/?s={search_term_string}"},"query-input":{"@type":"PropertyValueSpecification","valueRequired":true,"valueName":"search_term_string"}}],"inLanguage":"pl-PL"},{"@type":"Organization","@id":"https:\/\/chemsfine.com\/#organization","name":"Chemsfine","url":"https:\/\/chemsfine.com\/","logo":{"@type":"ImageObject","inLanguage":"pl-PL","@id":"https:\/\/chemsfine.com\/#\/schema\/logo\/image\/","url":"https:\/\/chemsfine.com\/wp-content\/uploads\/2024\/09\/final-logo.png","contentUrl":"https:\/\/chemsfine.com\/wp-content\/uploads\/2024\/09\/final-logo.png","width":340,"height":72,"caption":"Chemsfine"},"image":{"@id":"https:\/\/chemsfine.com\/#\/schema\/logo\/image\/"}}]}},"_links":{"self":[{"href":"https:\/\/chemsfine.com\/pl\/wp-json\/wp\/v2\/product\/1688","targetHints":{"allow":["GET"]}}],"collection":[{"href":"https:\/\/chemsfine.com\/pl\/wp-json\/wp\/v2\/product"}],"about":[{"href":"https:\/\/chemsfine.com\/pl\/wp-json\/wp\/v2\/types\/product"}],"replies":[{"embeddable":true,"href":"https:\/\/chemsfine.com\/pl\/wp-json\/wp\/v2\/comments?post=1688"}],"wp:featuredmedia":[{"embeddable":true,"href":"https:\/\/chemsfine.com\/pl\/wp-json\/wp\/v2\/media\/1934"}],"wp:attachment":[{"href":"https:\/\/chemsfine.com\/pl\/wp-json\/wp\/v2\/media?parent=1688"}],"wp:term":[{"taxonomy":"product_brand","embeddable":true,"href":"https:\/\/chemsfine.com\/pl\/wp-json\/wp\/v2\/product_brand?post=1688"},{"taxonomy":"product_cat","embeddable":true,"href":"https:\/\/chemsfine.com\/pl\/wp-json\/wp\/v2\/product_cat?post=1688"},{"taxonomy":"product_tag","embeddable":true,"href":"https:\/\/chemsfine.com\/pl\/wp-json\/wp\/v2\/product_tag?post=1688"}],"curies":[{"name":"wp","href":"https:\/\/api.w.org\/{rel}","templated":true}]}}