{"id":1709,"date":"2025-06-17T09:36:49","date_gmt":"2025-06-17T09:36:49","guid":{"rendered":"https:\/\/chemsfine.com\/?post_type=product&#038;p=1709"},"modified":"2026-03-25T15:17:26","modified_gmt":"2026-03-25T15:17:26","slug":"kupic-phenibut-w-proszku-online","status":"publish","type":"product","link":"https:\/\/chemsfine.com\/pl\/product\/buy-phenibut-powder-online\/","title":{"rendered":"Kup Phenibut Powder Online | Najwy\u017csza jako\u015b\u0107 i testowane laboratoryjnie"},"content":{"rendered":"<h2><b>Kup Phenibut w proszku online - najwy\u017csza jako\u015b\u0107 dla lepszego samopoczucia<\/b><\/h2>\n<p>Podczas wyszukiwania do <b>kupi\u0107 Phenibut Powder online<\/b>, Zapewnienie najwy\u017cszej jako\u015bci, zweryfikowanego laboratoryjnie produktu jest niezb\u0119dne do wiarygodnych bada\u0144 i zastosowa\u0144 wellness. W Chemsfine oferujemy najwy\u017cszej jako\u015bci Phenibut Powder na sprzeda\u017c, zapewniaj\u0105c zaufane \u017ar\u00f3d\u0142o dla naukowc\u00f3w i os\u00f3b poszukuj\u0105cych jego unikalnych korzy\u015bci. Nasze zaanga\u017cowanie w d\u0105\u017cenie do doskona\u0142o\u015bci zapewnia otrzymanie autentycznego zwi\u0105zku o gwarantowanej czysto\u015bci, co pozwala na bezpieczne kontynuowanie bada\u0144.<a href=\"https:\/\/streetfarma.com\/product\/buy-ghb-gamma-hydroxybutyrate\/\">e.<\/a><\/p>\n<h3><b>Czym jest Phenibut Powder?<\/b><\/h3>\n<p>Phenibut Powder jest syntetyczn\u0105 pochodn\u0105 niezb\u0119dnego neuroprzeka\u017anika GABA (kwasu gamma-aminomas\u0142owego), znanego z silnego dzia\u0142ania przeciwl\u0119kowego i nootropowego. Pierwotnie opracowany w Rosji w celu poprawy funkcji poznawczych i zmniejszenia l\u0119ku, Phenibut ma unikaln\u0105 struktur\u0119, aby \u0142atwo przekracza\u0107 barier\u0119 krew-m\u00f3zg. Pozwala to skutecznie promowa\u0107 relaksacj\u0119, poprawia\u0107 nastr\u00f3j i wspiera\u0107 koncentracj\u0119 umys\u0142ow\u0105 bez powodowania silnego uspokojenia. Szeroko stosowany zar\u00f3wno w badaniach naukowych, jak i w nowoczesnym kontek\u015bcie wellness, Phenibut Powder oferuje niezwykle zr\u00f3wnowa\u017cone podej\u015bcie do osi\u0105gni\u0119cia spokoju psychicznego i znacznego wzmocnienia funkcji poznawczych<a href=\"https:\/\/chemsfine.com\/pl\/produkt\/kupic-diazepam-valium-proszek\/\">.<\/a><\/p>\n<h3><b>Dlaczego warto kupi\u0107 Phenibut w proszku online od Chemsfine?<\/b><\/h3>\n<p>Po wybraniu opcji <b>kupi\u0107 Phenibut Powder online<\/b> Chemsfine to inwestycja w najwy\u017csz\u0105 jako\u015b\u0107 gwarantowan\u0105 przez rygorystyczne testy laboratoryjne i kompleksow\u0105 weryfikacj\u0119 czysto\u015bci. Nasz <b>Phenibut Powder na sprzeda\u017c<\/b> jest zawsze konkurencyjna cenowo i oferowana z szybk\u0105, dyskretn\u0105 wysy\u0142k\u0105 na ca\u0142y \u015bwiat, aby chroni\u0107 Twoj\u0105 prywatno\u015b\u0107. Niezale\u017cnie od tego, czy zamierzasz <b>zam\u00f3wi\u0107 Phenibut Powder online<\/b> Zapewniamy bezpieczne metody p\u0142atno\u015bci i wyj\u0105tkow\u0105 obs\u0142ug\u0119 klienta, aby zapewni\u0107 bezproblemowe i niezawodne zakupy. Jeste\u015bmy powszechnie uwa\u017cani za <b>Najlepsze miejsce do zakupu Phenibut Powder online<\/b> poniewa\u017c konsekwentnie dostarczamy wysokiej jako\u015bci produkty z wygod\u0105 i bezpiecze\u0144stwem, na kt\u00f3re zas\u0142ugujesz. Co wi\u0119cej, mo\u017cesz <b>kupi\u0107 tani Phenibut Powder online<\/b> za po\u015brednictwem naszego sklepu bez uszczerbku dla bezpiecze\u0144stwa i skuteczno\u015bci<a href=\"https:\/\/streetfarma.com\/product-category\/stimulants\/\">.<\/a><\/p>\n<h3><b>Pochodzenie i profil chemiczny<\/b><\/h3>\n<p>Phenibut zosta\u0142 po raz pierwszy zsyntetyzowany w Rosji jako zmodyfikowany analog GABA, specjalnie zaprojektowany w celu poprawy jego zdolno\u015bci do przekraczania bariery krew-m\u00f3zg. W przeciwie\u0144stwie do samego GABA, kt\u00f3ry z trudem przenika przez t\u0119 barier\u0119, Phenibut z \u0142atwo\u015bci\u0105 przedostaje si\u0119 do m\u00f3zgu. Tam dzia\u0142a g\u0142\u00f3wnie na receptory GABA-B, wywo\u0142uj\u0105c charakterystyczne dzia\u0142anie uspokajaj\u0105ce i przeciwl\u0119kowe, jednocze\u015bnie wspieraj\u0105c popraw\u0119 funkcji poznawczych. Jego inteligentna konstrukcja chemiczna z powodzeniem \u0142\u0105czy skuteczno\u015b\u0107 z silnym profilem bezpiecze\u0144stwa, co czyni go naprawd\u0119 wyj\u0105tkowym zwi\u0105zkiem w dziedzinie zaawansowanych nootrop\u00f3w i anksjolityk\u00f3w.<\/p>\n<h3><b>Potencjalne zastosowania proszku Phenibut<\/b><\/h3>\n<p>W warunkach badawczych, Phenibut Powder jest szeroko badany pod k\u0105tem jego potencja\u0142u:<\/p>\n<ul>\n<li>Zmniejszenie odczuwanego poziomu l\u0119ku i stresu.<\/li>\n<li>Poprawia koncentracj\u0119 umys\u0142ow\u0105 i og\u00f3lne funkcje poznawcze.<\/li>\n<li>Poprawiaj\u0105 jako\u015b\u0107 snu i sprzyjaj\u0105 g\u0142\u0119bszemu relaksowi.<\/li>\n<li>Poprawiaj\u0105 nastr\u00f3j i zwi\u0119kszaj\u0105 pewno\u015b\u0107 siebie.<\/li>\n<\/ul>\n<p>Te r\u00f3\u017cnorodne korzy\u015bci sprawiaj\u0105, \u017ce Phenibut jest wszechstronnym zwi\u0105zkiem do bada\u0144 nad zdrowiem psychicznym i do szerszych zastosowa\u0144 w badaniach naukowych.<\/p>\n<h3><b>Jak bezpiecznie zam\u00f3wi\u0107 Phenibut Powder online?<\/b><\/h3>\n<p>Zamawianie naszego Phenibut Powder online jest prostym i bezpiecznym procesem zaprojektowanym dla Twojego spokoju ducha:<\/p>\n<ol>\n<li><b>Wybierz zaufanego dostawc\u0119:<\/b> Zawsze wybieraj renomowanego dostawc\u0119, takiego jak Chemsfine, kt\u00f3ry oferuje sprawdzony, przetestowany laboratoryjnie Phenibut.<\/li>\n<li><b>Wybierz ilo\u015b\u0107:<\/b> Wybierz kwot\u0119, kt\u00f3ra najlepiej odpowiada Twoim potrzebom badawczym lub osobistym.<\/li>\n<li><b>Korzystaj z bezpiecznych p\u0142atno\u015bci:<\/b> Dokonaj zakupu przy u\u017cyciu bezpiecznych metod p\u0142atno\u015bci, w tym kryptowalut lub g\u0142\u00f3wnych kart kredytowych.<\/li>\n<li><b>Zdecyduj si\u0119 na dyskretn\u0105 wysy\u0142k\u0119:<\/b> Wszystkie paczki wysy\u0142amy dyskretnie, aby zapewni\u0107 ca\u0142kowit\u0105 prywatno\u015b\u0107.<\/li>\n<li><b>\u015aledzenie zam\u00f3wienia:<\/b> \u015aled\u017a swoj\u0105 przesy\u0142k\u0119 od momentu opuszczenia naszego zak\u0142adu do jej dostarczenia do Twoich drzwi.<\/li>\n<\/ol>\n<h3><b>Korzy\u015bci z zakupu proszku Phenibut online<\/b><\/h3>\n<p>Zakupy online od dedykowanego dostawcy zapewniaj\u0105 kilka kluczowych korzy\u015bci:<\/p>\n<ul>\n<li><b>Gwarantowana jako\u015b\u0107:<\/b> Uzyskaj dost\u0119p do przetestowanego laboratoryjnie proszku Phenibut o wysokiej czysto\u015bci, gwarantuj\u0105cego bezpiecze\u0144stwo i skuteczno\u015b\u0107.<\/li>\n<li><b>Efektywno\u015b\u0107 kosztowa:<\/b> Skorzystaj z konkurencyjnych cen i rabat\u00f3w hurtowych dla wi\u0119kszych zam\u00f3wie\u0144 badawczych.<\/li>\n<li><b>Pe\u0142na prywatno\u015b\u0107:<\/b> Nasza dyskretna i niezawodna wysy\u0142ka na ca\u0142y \u015bwiat zapewnia poufno\u015b\u0107 zam\u00f3wienia.<\/li>\n<li><b>Niezr\u00f3wnana wygoda:<\/b> Ciesz si\u0119 \u0142atwo\u015bci\u0105 zakup\u00f3w online z dowolnego miejsca, wspieran\u0105 przez szybk\u0105 i profesjonaln\u0105 obs\u0142ug\u0119 klienta.<\/li>\n<\/ul>\n<h3><b>Jak wybra\u0107 wiarygodnego dostawc\u0119<\/b><\/h3>\n<p>Aby uzyska\u0107 najlepszy proszek Phenibut, wa\u017cne jest, aby kupowa\u0107 od dostawc\u00f3w, kt\u00f3rzy konsekwentnie wykazuj\u0105 wiarygodno\u015b\u0107. Zawsze upewnij si\u0119, \u017ce dostawca:<\/p>\n<ul>\n<li><b>Zapewnia dow\u00f3d czysto\u015bci:<\/b> Poszukaj dostawc\u00f3w, kt\u00f3rzy dostarczaj\u0105 wyniki test\u00f3w laboratoryjnych i certyfikaty analizy (COA).<\/li>\n<li><b>Oferuje niezawodn\u0105 wysy\u0142k\u0119:<\/b> Godny zaufania sprzedawca u\u017cyje dyskretnego opakowania i zapewni informacje o \u015bledzeniu wszystkich przesy\u0142ek.<\/li>\n<li><b>Chroni dane u\u017cytkownika:<\/b> Korzystaj wy\u0142\u0105cznie z us\u0142ug dostawc\u00f3w z bezpiecznymi bramkami p\u0142atniczymi i jasnymi zasadami, kt\u00f3re chroni\u0105 Twoj\u0105 prywatno\u015b\u0107.<\/li>\n<li><b>Utrzymuje doskona\u0142e wsparcie:<\/b> Upewnij si\u0119, \u017ce firma ma przejrzyst\u0105 obs\u0142ug\u0119 klienta i jasne zasady zwrot\u00f3w.<\/li>\n<\/ul>\n<h3><b>Wnioski<\/b><\/h3>\n<p>Phenibut Powder jest skutecznym i dobrze ocenianym zwi\u0105zkiem w badaniach nad \u0142agodzeniem niepokoju, popraw\u0105 funkcji poznawczych i wsparciem nastroju. Zakup <b>Phenibut Powder online<\/b> z zaufanych, przetestowanych laboratoryjnie \u017ar\u00f3de\u0142, takich jak Chemsfine, gwarantuje bezpiecze\u0144stwo, jako\u015b\u0107 i dyskretn\u0105 dostaw\u0119. Dzi\u0119ki konkurencyjnym cenom i doskona\u0142ej obs\u0142udze klienta, nasza platforma jest <b>Najlepsze miejsce do zakupu Phenibut Powder online<\/b>. Kupuj odpowiedzialnie i odkrywaj korzy\u015bci p\u0142yn\u0105ce z tego pot\u0119\u017cnego \u015brodka nootropowego i przeciwl\u0119kowego z pe\u0142nym zaufaniem.<\/p>","protected":false},"excerpt":{"rendered":"<p><b>Kup Phenibut Powder na sprzeda\u017c<\/b> od Chemsfine. Ta najwy\u017cszej jako\u015bci pochodna GABA znana jest z silnego dzia\u0142ania nootropowego i przeciwl\u0119kowego. Idealna do bada\u0144 nad popraw\u0105 funkcji poznawczych i redukcj\u0105 stresu. Zapewnij sobie przetestowan\u0105 laboratoryjnie dostaw\u0119 ju\u017c dzi\u015b, aby mie\u0107 gwarancj\u0119 czysto\u015bci.<\/p>","protected":false},"featured_media":1954,"comment_status":"closed","ping_status":"closed","template":"","meta":{"_joinchat":[]},"product_brand":[],"product_cat":[434],"product_tag":[],"class_list":{"0":"post-1709","1":"product","2":"type-product","3":"status-publish","4":"has-post-thumbnail","6":"product_cat-benzodiazepine-analogs","8":"first","9":"instock","10":"shipping-taxable","11":"purchasable","12":"product-type-variable"},"yoast_head":"<!-- This site is optimized with the Yoast SEO plugin v27.2 - https:\/\/yoast.com\/product\/yoast-seo-wordpress\/ -->\n<title>Buy Phenibut Powder Online - Best Price &amp; Quality Available<\/title>\n<meta name=\"description\" content=\"Order premium Phenibut Powder online at Chemsfine. Our lab-tested, high-purity product is ideal for research into well-being. Fast, discreet shipping worldwide. Buy now!\" \/>\n<meta name=\"robots\" content=\"index, follow, max-snippet:-1, max-image-preview:large, max-video-preview:-1\" \/>\n<link rel=\"canonical\" href=\"https:\/\/chemsfine.com\/pl\/produkt\/kupic-phenibut-w-proszku-online\/\" \/>\n<meta property=\"og:locale\" content=\"pl_PL\" \/>\n<meta property=\"og:type\" content=\"article\" \/>\n<meta property=\"og:title\" content=\"Buy Phenibut Powder Online - Best Price &amp; Quality Available\" \/>\n<meta property=\"og:description\" content=\"Order premium Phenibut Powder online at Chemsfine. Our lab-tested, high-purity product is ideal for research into well-being. Fast, discreet shipping worldwide. Buy now!\" \/>\n<meta property=\"og:url\" content=\"https:\/\/chemsfine.com\/pl\/produkt\/kupic-phenibut-w-proszku-online\/\" \/>\n<meta property=\"og:site_name\" content=\"Chemsfine\" \/>\n<meta property=\"article:modified_time\" content=\"2026-03-25T15:17:26+00:00\" \/>\n<meta property=\"og:image\" content=\"https:\/\/chemsfine.com\/wp-content\/uploads\/2025\/06\/Phenibut-Pulver.jpg\" \/>\n\t<meta property=\"og:image:width\" content=\"600\" \/>\n\t<meta property=\"og:image:height\" content=\"600\" \/>\n\t<meta property=\"og:image:type\" content=\"image\/jpeg\" \/>\n<meta name=\"twitter:card\" content=\"summary_large_image\" \/>\n<meta name=\"twitter:label1\" content=\"Szacowany czas czytania\" \/>\n\t<meta name=\"twitter:data1\" content=\"4 minuty\" \/>\n<script type=\"application\/ld+json\" class=\"yoast-schema-graph\">{\"@context\":\"https:\/\/schema.org\",\"@graph\":[{\"@type\":\"WebPage\",\"@id\":\"https:\/\/chemsfine.com\/product\/buy-phenibut-powder-online\/\",\"url\":\"https:\/\/chemsfine.com\/product\/buy-phenibut-powder-online\/\",\"name\":\"Buy Phenibut Powder Online - Best Price & Quality Available\",\"isPartOf\":{\"@id\":\"https:\/\/chemsfine.com\/#website\"},\"primaryImageOfPage\":{\"@id\":\"https:\/\/chemsfine.com\/product\/buy-phenibut-powder-online\/#primaryimage\"},\"image\":{\"@id\":\"https:\/\/chemsfine.com\/product\/buy-phenibut-powder-online\/#primaryimage\"},\"thumbnailUrl\":\"https:\/\/chemsfine.com\/wp-content\/uploads\/2025\/06\/Phenibut-Pulver.jpg\",\"datePublished\":\"2025-06-17T09:36:49+00:00\",\"dateModified\":\"2026-03-25T15:17:26+00:00\",\"description\":\"Order premium Phenibut Powder online at Chemsfine. Our lab-tested, high-purity product is ideal for research into well-being. Fast, discreet shipping worldwide. Buy now!\",\"breadcrumb\":{\"@id\":\"https:\/\/chemsfine.com\/product\/buy-phenibut-powder-online\/#breadcrumb\"},\"inLanguage\":\"pl-PL\",\"potentialAction\":[{\"@type\":\"ReadAction\",\"target\":[\"https:\/\/chemsfine.com\/product\/buy-phenibut-powder-online\/\"]}]},{\"@type\":\"ImageObject\",\"inLanguage\":\"pl-PL\",\"@id\":\"https:\/\/chemsfine.com\/product\/buy-phenibut-powder-online\/#primaryimage\",\"url\":\"https:\/\/chemsfine.com\/wp-content\/uploads\/2025\/06\/Phenibut-Pulver.jpg\",\"contentUrl\":\"https:\/\/chemsfine.com\/wp-content\/uploads\/2025\/06\/Phenibut-Pulver.jpg\",\"width\":600,\"height\":600,\"caption\":\"Phenibut-Powder\"},{\"@type\":\"BreadcrumbList\",\"@id\":\"https:\/\/chemsfine.com\/product\/buy-phenibut-powder-online\/#breadcrumb\",\"itemListElement\":[{\"@type\":\"ListItem\",\"position\":1,\"name\":\"Home\",\"item\":\"https:\/\/chemsfine.com\/\"},{\"@type\":\"ListItem\",\"position\":2,\"name\":\"Shop\",\"item\":\"https:\/\/chemsfine.com\/shop\/\"},{\"@type\":\"ListItem\",\"position\":3,\"name\":\"Buy Phenibut Powder Online | Premium Quality &amp; Lab-Tested\"}]},{\"@type\":\"WebSite\",\"@id\":\"https:\/\/chemsfine.com\/#website\",\"url\":\"https:\/\/chemsfine.com\/\",\"name\":\"Chemsfine\",\"description\":\"My WordPress Blog\",\"publisher\":{\"@id\":\"https:\/\/chemsfine.com\/#organization\"},\"potentialAction\":[{\"@type\":\"SearchAction\",\"target\":{\"@type\":\"EntryPoint\",\"urlTemplate\":\"https:\/\/chemsfine.com\/?s={search_term_string}\"},\"query-input\":{\"@type\":\"PropertyValueSpecification\",\"valueRequired\":true,\"valueName\":\"search_term_string\"}}],\"inLanguage\":\"pl-PL\"},{\"@type\":\"Organization\",\"@id\":\"https:\/\/chemsfine.com\/#organization\",\"name\":\"Chemsfine\",\"url\":\"https:\/\/chemsfine.com\/\",\"logo\":{\"@type\":\"ImageObject\",\"inLanguage\":\"pl-PL\",\"@id\":\"https:\/\/chemsfine.com\/#\/schema\/logo\/image\/\",\"url\":\"https:\/\/chemsfine.com\/wp-content\/uploads\/2024\/09\/final-logo.png\",\"contentUrl\":\"https:\/\/chemsfine.com\/wp-content\/uploads\/2024\/09\/final-logo.png\",\"width\":340,\"height\":72,\"caption\":\"Chemsfine\"},\"image\":{\"@id\":\"https:\/\/chemsfine.com\/#\/schema\/logo\/image\/\"}}]}<\/script>\n<!-- \/ Yoast SEO plugin. -->","yoast_head_json":{"title":"Kup Phenibut Powder Online - Najlepsza dost\u0119pna cena i jako\u015b\u0107","description":"Zam\u00f3w wysokiej jako\u015bci Phenibut Powder online w Chemsfine. Nasz przetestowany laboratoryjnie produkt o wysokiej czysto\u015bci jest idealny do bada\u0144 nad dobrym samopoczuciem. Szybka, dyskretna wysy\u0142ka na ca\u0142y \u015bwiat. Kup teraz!","robots":{"index":"index","follow":"follow","max-snippet":"max-snippet:-1","max-image-preview":"max-image-preview:large","max-video-preview":"max-video-preview:-1"},"canonical":"https:\/\/chemsfine.com\/pl\/produkt\/kupic-phenibut-w-proszku-online\/","og_locale":"pl_PL","og_type":"article","og_title":"Buy Phenibut Powder Online - Best Price & Quality Available","og_description":"Order premium Phenibut Powder online at Chemsfine. Our lab-tested, high-purity product is ideal for research into well-being. Fast, discreet shipping worldwide. Buy now!","og_url":"https:\/\/chemsfine.com\/pl\/produkt\/kupic-phenibut-w-proszku-online\/","og_site_name":"Chemsfine","article_modified_time":"2026-03-25T15:17:26+00:00","og_image":[{"width":600,"height":600,"url":"https:\/\/chemsfine.com\/wp-content\/uploads\/2025\/06\/Phenibut-Pulver.jpg","type":"image\/jpeg"}],"twitter_card":"summary_large_image","twitter_misc":{"Szacowany czas czytania":"4 minuty"},"schema":{"@context":"https:\/\/schema.org","@graph":[{"@type":"WebPage","@id":"https:\/\/chemsfine.com\/product\/buy-phenibut-powder-online\/","url":"https:\/\/chemsfine.com\/product\/buy-phenibut-powder-online\/","name":"Kup Phenibut Powder Online - Najlepsza dost\u0119pna cena i jako\u015b\u0107","isPartOf":{"@id":"https:\/\/chemsfine.com\/#website"},"primaryImageOfPage":{"@id":"https:\/\/chemsfine.com\/product\/buy-phenibut-powder-online\/#primaryimage"},"image":{"@id":"https:\/\/chemsfine.com\/product\/buy-phenibut-powder-online\/#primaryimage"},"thumbnailUrl":"https:\/\/chemsfine.com\/wp-content\/uploads\/2025\/06\/Phenibut-Pulver.jpg","datePublished":"2025-06-17T09:36:49+00:00","dateModified":"2026-03-25T15:17:26+00:00","description":"Zam\u00f3w wysokiej jako\u015bci Phenibut Powder online w Chemsfine. Nasz przetestowany laboratoryjnie produkt o wysokiej czysto\u015bci jest idealny do bada\u0144 nad dobrym samopoczuciem. Szybka, dyskretna wysy\u0142ka na ca\u0142y \u015bwiat. Kup teraz!","breadcrumb":{"@id":"https:\/\/chemsfine.com\/product\/buy-phenibut-powder-online\/#breadcrumb"},"inLanguage":"pl-PL","potentialAction":[{"@type":"ReadAction","target":["https:\/\/chemsfine.com\/product\/buy-phenibut-powder-online\/"]}]},{"@type":"ImageObject","inLanguage":"pl-PL","@id":"https:\/\/chemsfine.com\/product\/buy-phenibut-powder-online\/#primaryimage","url":"https:\/\/chemsfine.com\/wp-content\/uploads\/2025\/06\/Phenibut-Pulver.jpg","contentUrl":"https:\/\/chemsfine.com\/wp-content\/uploads\/2025\/06\/Phenibut-Pulver.jpg","width":600,"height":600,"caption":"Phenibut-Powder"},{"@type":"BreadcrumbList","@id":"https:\/\/chemsfine.com\/product\/buy-phenibut-powder-online\/#breadcrumb","itemListElement":[{"@type":"ListItem","position":1,"name":"Home","item":"https:\/\/chemsfine.com\/"},{"@type":"ListItem","position":2,"name":"Shop","item":"https:\/\/chemsfine.com\/shop\/"},{"@type":"ListItem","position":3,"name":"Buy Phenibut Powder Online | Premium Quality &amp; Lab-Tested"}]},{"@type":"WebSite","@id":"https:\/\/chemsfine.com\/#website","url":"https:\/\/chemsfine.com\/","name":"Chemsfine","description":"M\u00f3j blog WordPress","publisher":{"@id":"https:\/\/chemsfine.com\/#organization"},"potentialAction":[{"@type":"SearchAction","target":{"@type":"EntryPoint","urlTemplate":"https:\/\/chemsfine.com\/?s={search_term_string}"},"query-input":{"@type":"PropertyValueSpecification","valueRequired":true,"valueName":"search_term_string"}}],"inLanguage":"pl-PL"},{"@type":"Organization","@id":"https:\/\/chemsfine.com\/#organization","name":"Chemsfine","url":"https:\/\/chemsfine.com\/","logo":{"@type":"ImageObject","inLanguage":"pl-PL","@id":"https:\/\/chemsfine.com\/#\/schema\/logo\/image\/","url":"https:\/\/chemsfine.com\/wp-content\/uploads\/2024\/09\/final-logo.png","contentUrl":"https:\/\/chemsfine.com\/wp-content\/uploads\/2024\/09\/final-logo.png","width":340,"height":72,"caption":"Chemsfine"},"image":{"@id":"https:\/\/chemsfine.com\/#\/schema\/logo\/image\/"}}]}},"_links":{"self":[{"href":"https:\/\/chemsfine.com\/pl\/wp-json\/wp\/v2\/product\/1709","targetHints":{"allow":["GET"]}}],"collection":[{"href":"https:\/\/chemsfine.com\/pl\/wp-json\/wp\/v2\/product"}],"about":[{"href":"https:\/\/chemsfine.com\/pl\/wp-json\/wp\/v2\/types\/product"}],"replies":[{"embeddable":true,"href":"https:\/\/chemsfine.com\/pl\/wp-json\/wp\/v2\/comments?post=1709"}],"wp:featuredmedia":[{"embeddable":true,"href":"https:\/\/chemsfine.com\/pl\/wp-json\/wp\/v2\/media\/1954"}],"wp:attachment":[{"href":"https:\/\/chemsfine.com\/pl\/wp-json\/wp\/v2\/media?parent=1709"}],"wp:term":[{"taxonomy":"product_brand","embeddable":true,"href":"https:\/\/chemsfine.com\/pl\/wp-json\/wp\/v2\/product_brand?post=1709"},{"taxonomy":"product_cat","embeddable":true,"href":"https:\/\/chemsfine.com\/pl\/wp-json\/wp\/v2\/product_cat?post=1709"},{"taxonomy":"product_tag","embeddable":true,"href":"https:\/\/chemsfine.com\/pl\/wp-json\/wp\/v2\/product_tag?post=1709"}],"curies":[{"name":"wp","href":"https:\/\/api.w.org\/{rel}","templated":true}]}}