{"id":5781,"date":"2026-02-12T09:51:22","date_gmt":"2026-02-12T09:51:22","guid":{"rendered":"https:\/\/chemsfine.com\/?post_type=product&#038;p=5781"},"modified":"2026-03-25T14:08:00","modified_gmt":"2026-03-25T14:08:00","slug":"buy-dck-deschloroketamine-online","status":"publish","type":"product","link":"https:\/\/chemsfine.com\/pl\/product\/buy-dck-deschloroketamine-online\/","title":{"rendered":"Kup DCK HCL Research Chemical | Deschloroketamina o wysokiej czysto\u015bci online"},"content":{"rendered":"<p>Odblokuj najnowocze\u015bniejsze mo\u017cliwo\u015bci badawcze dzi\u0119ki <b>DCK HCL<\/b>, to najwy\u017cszej jako\u015bci substancja chemiczna dost\u0119pna w sprzeda\u017cy w chemsfine. Ka\u017cde zam\u00f3wienie przekraczaj\u0105ce 100 \u20ac zawiera ekskluzywn\u0105 kart\u0119 ChemCard z informacjami o produkcie, wydrukowan\u0105 na wysokiej jako\u015bci kartonie z wk\u0142adk\u0105 z folii miedzianej, mi\u0119kk\u0105 w dotyku laminacj\u0105 i niestandardow\u0105 grafik\u0105. W chemsfine jeste\u015bmy or\u0119downikami odpowiedzialnych bada\u0144. Przed podj\u0119ciem bada\u0144 nad jak\u0105kolwiek substancj\u0105 chemiczn\u0105 wa\u017cne jest, aby si\u0119 dokszta\u0142ci\u0107. Psychonaut Wiki oferuje pomocne zasoby i informacje na temat deschloroketaminy, zach\u0119caj\u0105c do \u015bwiadomych przedsi\u0119wzi\u0119\u0107 naukowych. Do\u015bwiadcz jako\u015bci, gdy <b>kupi\u0107 DCK HCL na sprzeda\u017c<\/b> obecnie zwi\u0105zek o wysokiej czysto\u015bci spe\u0142niaj\u0105cy wysokie wymagania badawcze.<\/p>\n<h2>Co to jest deschloroketamina (DCK HCL)?<\/h2>\n<p>Deschloroketamina, znana jako 2\u2032-Oxo-PCM, O-PCM lub DXE, to nowa substancja dysocjacyjna z klasy arylocykloheksyloamin. Wywo\u0142uje ona wyra\u017ane efekty dysocjacyjne, znieczulaj\u0105ce i halucynogenne w kontrolowanych \u015brodowiskach badawczych. Inne godne uwagi substancje chemiczne w tej klasie obejmuj\u0105 DMXE, 2-FDCK i 3-Me-PCPy. Zwi\u0105zek ten pojawi\u0142 si\u0119 na scenie chemii badawczej na pocz\u0105tku 2010 roku, szybko staj\u0105c si\u0119 legaln\u0105 alternatyw\u0105 dla ketaminy dla wielu badaczy. Jednak jego efekty s\u0105 zasadniczo r\u00f3\u017cne; eksperymenty z t\u0105 najwy\u017cszej jako\u015bci substancj\u0105 chemiczn\u0105 do bada\u0144 cz\u0119sto trwaj\u0105 kilka godzin, w przeciwie\u0144stwie do 30-60 minut w przypadku ketaminy lub 2-FDCK. Dla tych, kt\u00f3rzy chc\u0105 <a href=\"https:\/\/chemsfine.com\/pl\/produkt\/kupic-phenibut-w-proszku-online\/\">Kup chemikalia badawcze online<\/a>, Zrozumienie tych r\u00f3\u017cnic jest kluczowe.<\/p>\n<h3>W\u0142a\u015bciwo\u015bci chemiczne deschloroketaminy<\/h3>\n<p>Deschloroketamina lub 2-fenylo-2-(metyloamino)cykloheksanon jest klasyfikowany jako lek arylocykloheksyloaminowy. Nazwa tych lek\u00f3w pochodzi od ich struktury, kt\u00f3ra zawiera pier\u015bcie\u0144 cykloheksanowy zwi\u0105zany z pier\u015bcieniem aromatycznym wraz z grup\u0105 aminow\u0105. Deschloroketamina zawiera pier\u015bcie\u0144 fenylowy zwi\u0105zany z pier\u015bcieniem cykloheksanowym podstawionym grup\u0105 okso (cykloheksanon). \u0141a\u0144cuch aminometylowy (-N-CH3) jest zwi\u0105zany z s\u0105siednim w\u0119glem alfa (R2) pier\u015bcienia cykloheksanonu. Jako cz\u0105steczka chiralna, jest cz\u0119sto produkowana jako racemat do cel\u00f3w badawczych. Przedrostek \u201cDes-\u201d oznacza brak grupy funkcyjnej (w tym przypadku \u201cchloro\u201d), odr\u00f3\u017cniaj\u0105c j\u0105 od ketaminy, kt\u00f3ra ma podstawienie chlorem w pier\u015bcieniu fenylowym. Ten szczeg\u00f3\u0142owy profil chemiczny potwierdza jego to\u017csamo\u015b\u0107 jako zwi\u0105zku laboratoryjnego.<\/p>\n<table>\n<caption>Kluczowe w\u0142a\u015bciwo\u015bci chemiczne DCK HCL<\/caption>\n<thead>\n<tr>\n<th>W\u0142asno\u015b\u0107<\/th>\n<th>Opis<\/th>\n<\/tr>\n<\/thead>\n<tbody>\n<tr>\n<td>Klasa<\/td>\n<td>Arylocykloheksyloamina<\/td>\n<\/tr>\n<tr>\n<td>Kontekst formu\u0142y<\/td>\n<td>2-fenylo-2-(metyloamino)cykloheksanon<\/td>\n<\/tr>\n<tr>\n<td>Struktura Rdze\u0144<\/td>\n<td>Pier\u015bcie\u0144 cykloheksanowy + pier\u015bcie\u0144 aromatyczny + grupa aminowa<\/td>\n<\/tr>\n<tr>\n<td>Chiralno\u015b\u0107<\/td>\n<td>Chiralna cz\u0105steczka, cz\u0119sto racemat<\/td>\n<\/tr>\n<tr>\n<td>Wyr\u00f3\u017cnienie<\/td>\n<td>Brak chloru na pier\u015bcieniu fenylowym (w przeciwie\u0144stwie do ketaminy)<\/td>\n<\/tr>\n<\/tbody>\n<\/table>\n<h3>Efekty farmakologiczne i mechanizm dzia\u0142ania<\/h3>\n<p>Ze wzgl\u0119du na ograniczone badania, farmakologia deschloroketaminy opiera si\u0119 na jej strukturze i subiektywnych podobie\u0144stwach do innych dysocjant\u00f3w arylocykloheksyloaminy, takich jak 3-MeO-PCP, PCP i MXE. Uwa\u017ca si\u0119, \u017ce dzia\u0142a jako antagonista receptora NMDA. Receptory NMDA, rodzaj receptor\u00f3w glutaminianu, umo\u017cliwiaj\u0105 pobudzaj\u0105ce sygna\u0142y elektryczne mi\u0119dzy neuronami. \u015arodki dysocjacyjne dezaktywuj\u0105 te receptory, blokuj\u0105c je. To od\u0142\u0105czenie neuron\u00f3w prowadzi do og\u00f3lnej utraty czucia cia\u0142a, koordynacji ruchowej, przywo\u0142ywania pami\u0119ci, a ostatecznie do odpowiednika tej substancji \u201ck-hole\u201d. Ten zwi\u0105zek klasy badawczej oferuje cenny wgl\u0105d w te z\u0142o\u017cone mechanizmy.<\/p>\n<p>Cz\u0119sto zg\u0142aszane efekty podczas bada\u0144 z u\u017cyciem deschloroketaminy obejmuj\u0105: <b>Spontaniczne odczucia fizyczne<\/b>, <b>Utrata kontroli nad silnikiem<\/b>, <b>Depersonalizacja<\/b>, <b>Wzmocnienie marze\u0144 sennych<\/b>oraz <b>Poprawa kreatywno\u015bci<\/b>.<\/p>\n<h3>Potencjalne skutki uboczne w badaniach naukowych<\/h3>\n<p>Podczas prowadzenia bada\u0144 z u\u017cyciem deschloroketaminy nale\u017cy pami\u0119ta\u0107 o potencjalnych skutkach ubocznych: Nudno\u015bci, Sedacja, Zmniejszone libido, Zniekszta\u0142cenie czasu i Po\u015blizg optyczny. Badacze powinni zapozna\u0107 si\u0119 z kartami charakterystyki i przestrzega\u0107 \u015bcis\u0142ych protoko\u0142\u00f3w.<\/p>\n<h2>Dlaczego warto kupi\u0107 Deschloroketamin\u0119 online od chemsfine?<\/h2>\n<p>Do pozyskiwania zwi\u0105zk\u00f3w o jako\u015bci badawczej, <a href=\"https:\/\/chemsfine.com\/pl\/produkt\/1937-princess-haze-sativa-hybrid-kup-online\/\">chemsfine to niezawodny partner<\/a>. Dostarczamy tylko najlepsz\u0105 dost\u0119pn\u0105 deschloroketamin\u0119, zapewniaj\u0105c wyj\u0105tkow\u0105 jako\u015b\u0107 i czysto\u015b\u0107 do bada\u0144 naukowych. Ka\u017cda partia jest rygorystycznie testowana, aby spe\u0142ni\u0107 rygorystyczne normy laboratoryjne, zapewniaj\u0105c sp\u00f3jne, wiarygodne wyniki. Kiedy zdecydujesz si\u0119 <b>kupi\u0107 deschloroketamin\u0119 online<\/b> Korzystaj\u0105c z naszej platformy, decydujesz si\u0119 na p\u0142ynne, bezpieczne i profesjonalne do\u015bwiadczenie zakupowe. Rozumiemy kluczowe znaczenie niezawodnego zaopatrzenia dla prze\u0142omowych odkry\u0107. Nasza chemia badawcza o wysokiej czysto\u015bci jest idealna do zaawansowanych bada\u0144, zapewniaj\u0105c dok\u0142adne i powtarzalne wyniki eksperyment\u00f3w.<\/p>\n<h2>Zastosowania deschloroketaminy<\/h2>\n<p>Deschloroketamina, jako wybitna substancja chemiczna do bada\u0144, jest przeznaczona wy\u0142\u0105cznie do legalnych zastosowa\u0144 naukowych i akademickich. Jej unikalne w\u0142a\u015bciwo\u015bci dysocjacyjne i znieczulaj\u0105ce sprawiaj\u0105, \u017ce jest nieocenionym narz\u0119dziem w r\u00f3\u017cnych dziedzinach bada\u0144, w tym: badania farmakologiczne nad antagonizmem receptora NMDA; badania nad mechanizmami stan\u00f3w dysocjacyjnych; badania nad nowymi szlakami znieczulaj\u0105cymi; oraz badania neuronaukowe badaj\u0105ce \u015bwiadomo\u015b\u0107 i percepcj\u0119. Ten laboratoryjny zwi\u0105zek oferuje niezr\u00f3wnany potencja\u0142 odkrywczy w odpowiedzialnych \u015brodowiskach badawczych.<\/p>\n<h2>Bezpiecze\u0144stwo i zgodno\u015b\u0107 w badaniach nad deschloroketamin\u0105<\/h2>\n<p>W chemsfine jeste\u015bmy zwolennikami odpowiedzialnych bada\u0144 chemicznych. Wszyscy badacze pracuj\u0105cy z deschloroketamin\u0105 musz\u0105 przestrzega\u0107 \u015bcis\u0142ych wytycznych dotycz\u0105cych bezpiecze\u0144stwa, w tym odpowiednich \u015brodk\u00f3w ochrony osobistej (\u015aOI) i kontrolowanych \u015brodowisk laboratoryjnych. Wszechstronna edukacja na temat w\u0142a\u015bciwo\u015bci tego zwi\u0105zku i obchodzenia si\u0119 z nim jest najwa\u017cniejsza. Chocia\u017c legalno\u015b\u0107 r\u00f3\u017cni si\u0119 w zale\u017cno\u015bci od jurysdykcji, badacze ponosz\u0105 wy\u0142\u0105czn\u0105 odpowiedzialno\u015b\u0107 za zrozumienie i przestrzeganie wszystkich obowi\u0105zuj\u0105cych przepis\u00f3w przed z\u0142o\u017ceniem zam\u00f3wienia. Zawsze wymagane jest indywidualne zbadanie lokalnego statusu prawnego. Karty charakterystyki (SDS) i certyfikaty analizy (CoA) s\u0105 dost\u0119pne na \u017c\u0105danie dla naszych wysokiej czysto\u015bci chemikali\u00f3w badawczych, podkre\u015blaj\u0105c nasze zaanga\u017cowanie w przejrzysto\u015b\u0107 i bezpiecze\u0144stwo.<\/p>\n<h2>Dlaczego warto wybra\u0107 chemsfine?<\/h2>\n<p>Wyb\u00f3r chemsfine oznacza wsp\u00f3\u0142prac\u0119 z dostawc\u0105, dla kt\u00f3rego priorytetem jest jako\u015b\u0107, przejrzysto\u015b\u0107 i satysfakcja. Dostarczamy jasne, kompleksowe informacje o produkcie do bada\u0144. Nasze rejestry partii s\u0105 weryfikowane, potwierdzaj\u0105c integralno\u015b\u0107 i sp\u00f3jno\u015b\u0107 ka\u017cdego grama deschloroketaminy. Oferujemy konkurencyjne ceny bez uszczerbku dla wyj\u0105tkowej czysto\u015bci naszych zwi\u0105zk\u00f3w klasy badawczej. Kiedy zdecydujesz si\u0119 <b>zam\u00f3wi\u0107 deschloroketamin\u0119 online<\/b> Chemsfine zapewnia rygorystyczn\u0105 kontrol\u0119 jako\u015bci i dedykowane wsparcie. Nasza reputacja doskona\u0142o\u015bci sprawia, \u017ce jeste\u015bmy preferowanym wyborem dla wymagaj\u0105cych naukowc\u00f3w. Ju\u017c dzi\u015b zapewnij sobie dostawy najwy\u017cszej jako\u015bci chemikali\u00f3w badawczych i bez obaw rozwijaj swoj\u0105 prac\u0119 naukow\u0105.<\/p>\n<h2>Wnioski: \u0179r\u00f3d\u0142o deschloroketaminy klasy badawczej<\/h2>\n<p>Podsumowuj\u0105c, deschloroketamina jest znacz\u0105cym zwi\u0105zkiem dla zaawansowanych bada\u0144 farmakologicznych i neuronaukowych, oferuj\u0105c unikalny wgl\u0105d. chemsfine jest g\u0142\u00f3wnym miejscem docelowym dla <b>kupi\u0107 deschloroketamin\u0119 na sprzeda\u017c<\/b>, dostarczaj\u0105c wysokiej czysto\u015bci chemikalia badawcze klasy laboratoryjnej, wspierane przez nasze zaanga\u017cowanie w jako\u015b\u0107 i odpowiedzialne badania. Zapoznaj si\u0119 z nasz\u0105 ofert\u0105 i do\u015bwiadcz r\u00f3\u017cnicy, jak\u0105 prawdziwa jako\u015b\u0107 i profesjonalna obs\u0142uga mog\u0105 wnie\u015b\u0107 do Twoich przedsi\u0119wzi\u0119\u0107 naukowych. Zaufaj chemsfine, \u017ce b\u0119dzie Twoim niezawodnym partnerem w odkrywaniu, zapewniaj\u0105c, \u017ce otrzymasz tylko najlepsze zwi\u0105zki do swoich krytycznych eksperyment\u00f3w.<\/p>","protected":false},"excerpt":{"rendered":"<p>Odkryj <b>DCK HCL<\/b>, nowy dysocjant arylocykloheksyloaminy, dost\u0119pny do cel\u00f3w badawczych. Ta deschloroketamina o wysokiej czysto\u015bci to najwy\u017cszej jako\u015bci substancja chemiczna do bada\u0144. Dla odpowiedzialnych bada\u0144 i szczeg\u00f3\u0142owych informacji na temat w\u0142a\u015bciwo\u015bci chemicznych i efekt\u00f3w, <b>kupi\u0107 DCK HCL w chemsfine<\/b>, zaufane \u017ar\u00f3d\u0142o zwi\u0105zk\u00f3w chemicznych klasy laboratoryjnej online.<\/p>","protected":false},"featured_media":5821,"comment_status":"open","ping_status":"closed","template":"","meta":{"_joinchat":[]},"product_brand":[],"product_cat":[432],"product_tag":[],"class_list":{"0":"post-5781","1":"product","2":"type-product","3":"status-publish","4":"has-post-thumbnail","6":"product_cat-dissociatives","8":"first","9":"instock","10":"shipping-taxable","11":"purchasable","12":"product-type-variable"},"yoast_head":"<!-- This site is optimized with the Yoast SEO plugin v27.2 - https:\/\/yoast.com\/product\/yoast-seo-wordpress\/ -->\n<title>Buy DCK HCL Online | Best Deschloroketamine Available Now<\/title>\n<meta name=\"description\" content=\"Buy high-purity DCK HCL, a top-quality research chemical, online at chemsfine. Explore deschloroketamine for sale with competitive pricing and secure purchase.\" \/>\n<meta name=\"robots\" content=\"index, follow, max-snippet:-1, max-image-preview:large, max-video-preview:-1\" \/>\n<link rel=\"canonical\" href=\"https:\/\/chemsfine.com\/pl\/produkt\/buy-dck-deschloroketamine-online\/\" \/>\n<meta property=\"og:locale\" content=\"pl_PL\" \/>\n<meta property=\"og:type\" content=\"article\" \/>\n<meta property=\"og:title\" content=\"Buy DCK HCL Online | Best Deschloroketamine Available Now\" \/>\n<meta property=\"og:description\" content=\"Buy high-purity DCK HCL, a top-quality research chemical, online at chemsfine. Explore deschloroketamine for sale with competitive pricing and secure purchase.\" \/>\n<meta property=\"og:url\" content=\"https:\/\/chemsfine.com\/pl\/produkt\/buy-dck-deschloroketamine-online\/\" \/>\n<meta property=\"og:site_name\" content=\"Chemsfine\" \/>\n<meta property=\"article:modified_time\" content=\"2026-03-25T14:08:00+00:00\" \/>\n<meta property=\"og:image\" content=\"https:\/\/chemsfine.com\/wp-content\/uploads\/2026\/02\/dck-hcl-1.jpeg\" \/>\n\t<meta property=\"og:image:width\" content=\"1600\" \/>\n\t<meta property=\"og:image:height\" content=\"1600\" \/>\n\t<meta property=\"og:image:type\" content=\"image\/jpeg\" \/>\n<meta name=\"twitter:card\" content=\"summary_large_image\" \/>\n<meta name=\"twitter:label1\" content=\"Szacowany czas czytania\" \/>\n\t<meta name=\"twitter:data1\" content=\"5 minut\" \/>\n<script type=\"application\/ld+json\" class=\"yoast-schema-graph\">{\"@context\":\"https:\/\/schema.org\",\"@graph\":[{\"@type\":\"WebPage\",\"@id\":\"https:\/\/chemsfine.com\/product\/buy-dck-deschloroketamine-online\/\",\"url\":\"https:\/\/chemsfine.com\/product\/buy-dck-deschloroketamine-online\/\",\"name\":\"Buy DCK HCL Online | Best Deschloroketamine Available Now\",\"isPartOf\":{\"@id\":\"https:\/\/chemsfine.com\/#website\"},\"primaryImageOfPage\":{\"@id\":\"https:\/\/chemsfine.com\/product\/buy-dck-deschloroketamine-online\/#primaryimage\"},\"image\":{\"@id\":\"https:\/\/chemsfine.com\/product\/buy-dck-deschloroketamine-online\/#primaryimage\"},\"thumbnailUrl\":\"https:\/\/chemsfine.com\/wp-content\/uploads\/2026\/02\/dck-hcl-1.jpeg\",\"datePublished\":\"2026-02-12T09:51:22+00:00\",\"dateModified\":\"2026-03-25T14:08:00+00:00\",\"description\":\"Buy high-purity DCK HCL, a top-quality research chemical, online at chemsfine. Explore deschloroketamine for sale with competitive pricing and secure purchase.\",\"breadcrumb\":{\"@id\":\"https:\/\/chemsfine.com\/product\/buy-dck-deschloroketamine-online\/#breadcrumb\"},\"inLanguage\":\"pl-PL\",\"potentialAction\":[{\"@type\":\"ReadAction\",\"target\":[\"https:\/\/chemsfine.com\/product\/buy-dck-deschloroketamine-online\/\"]}]},{\"@type\":\"ImageObject\",\"inLanguage\":\"pl-PL\",\"@id\":\"https:\/\/chemsfine.com\/product\/buy-dck-deschloroketamine-online\/#primaryimage\",\"url\":\"https:\/\/chemsfine.com\/wp-content\/uploads\/2026\/02\/dck-hcl-1.jpeg\",\"contentUrl\":\"https:\/\/chemsfine.com\/wp-content\/uploads\/2026\/02\/dck-hcl-1.jpeg\",\"width\":1600,\"height\":1600},{\"@type\":\"BreadcrumbList\",\"@id\":\"https:\/\/chemsfine.com\/product\/buy-dck-deschloroketamine-online\/#breadcrumb\",\"itemListElement\":[{\"@type\":\"ListItem\",\"position\":1,\"name\":\"Home\",\"item\":\"https:\/\/chemsfine.com\/\"},{\"@type\":\"ListItem\",\"position\":2,\"name\":\"Shop\",\"item\":\"https:\/\/chemsfine.com\/shop\/\"},{\"@type\":\"ListItem\",\"position\":3,\"name\":\"Buy DCK HCL Research Chemical | High Purity Deschloroketamine Online\"}]},{\"@type\":\"WebSite\",\"@id\":\"https:\/\/chemsfine.com\/#website\",\"url\":\"https:\/\/chemsfine.com\/\",\"name\":\"Chemsfine\",\"description\":\"My WordPress Blog\",\"publisher\":{\"@id\":\"https:\/\/chemsfine.com\/#organization\"},\"potentialAction\":[{\"@type\":\"SearchAction\",\"target\":{\"@type\":\"EntryPoint\",\"urlTemplate\":\"https:\/\/chemsfine.com\/?s={search_term_string}\"},\"query-input\":{\"@type\":\"PropertyValueSpecification\",\"valueRequired\":true,\"valueName\":\"search_term_string\"}}],\"inLanguage\":\"pl-PL\"},{\"@type\":\"Organization\",\"@id\":\"https:\/\/chemsfine.com\/#organization\",\"name\":\"Chemsfine\",\"url\":\"https:\/\/chemsfine.com\/\",\"logo\":{\"@type\":\"ImageObject\",\"inLanguage\":\"pl-PL\",\"@id\":\"https:\/\/chemsfine.com\/#\/schema\/logo\/image\/\",\"url\":\"https:\/\/chemsfine.com\/wp-content\/uploads\/2024\/09\/final-logo.png\",\"contentUrl\":\"https:\/\/chemsfine.com\/wp-content\/uploads\/2024\/09\/final-logo.png\",\"width\":340,\"height\":72,\"caption\":\"Chemsfine\"},\"image\":{\"@id\":\"https:\/\/chemsfine.com\/#\/schema\/logo\/image\/\"}}]}<\/script>\n<!-- \/ Yoast SEO plugin. -->","yoast_head_json":{"title":"Kup DCK HCL Online | Najlepsza Deschloroketamina dost\u0119pna ju\u017c teraz","description":"Kup wysokiej czysto\u015bci DCK HCL, najwy\u017cszej jako\u015bci substancj\u0119 chemiczn\u0105 do bada\u0144, online w chemsfine. Odkryj deschloroketamin\u0119 na sprzeda\u017c z konkurencyjnymi cenami i bezpiecznym zakupem.","robots":{"index":"index","follow":"follow","max-snippet":"max-snippet:-1","max-image-preview":"max-image-preview:large","max-video-preview":"max-video-preview:-1"},"canonical":"https:\/\/chemsfine.com\/pl\/produkt\/buy-dck-deschloroketamine-online\/","og_locale":"pl_PL","og_type":"article","og_title":"Buy DCK HCL Online | Best Deschloroketamine Available Now","og_description":"Buy high-purity DCK HCL, a top-quality research chemical, online at chemsfine. Explore deschloroketamine for sale with competitive pricing and secure purchase.","og_url":"https:\/\/chemsfine.com\/pl\/produkt\/buy-dck-deschloroketamine-online\/","og_site_name":"Chemsfine","article_modified_time":"2026-03-25T14:08:00+00:00","og_image":[{"width":1600,"height":1600,"url":"https:\/\/chemsfine.com\/wp-content\/uploads\/2026\/02\/dck-hcl-1.jpeg","type":"image\/jpeg"}],"twitter_card":"summary_large_image","twitter_misc":{"Szacowany czas czytania":"5 minut"},"schema":{"@context":"https:\/\/schema.org","@graph":[{"@type":"WebPage","@id":"https:\/\/chemsfine.com\/product\/buy-dck-deschloroketamine-online\/","url":"https:\/\/chemsfine.com\/product\/buy-dck-deschloroketamine-online\/","name":"Kup DCK HCL Online | Najlepsza Deschloroketamina dost\u0119pna ju\u017c teraz","isPartOf":{"@id":"https:\/\/chemsfine.com\/#website"},"primaryImageOfPage":{"@id":"https:\/\/chemsfine.com\/product\/buy-dck-deschloroketamine-online\/#primaryimage"},"image":{"@id":"https:\/\/chemsfine.com\/product\/buy-dck-deschloroketamine-online\/#primaryimage"},"thumbnailUrl":"https:\/\/chemsfine.com\/wp-content\/uploads\/2026\/02\/dck-hcl-1.jpeg","datePublished":"2026-02-12T09:51:22+00:00","dateModified":"2026-03-25T14:08:00+00:00","description":"Kup wysokiej czysto\u015bci DCK HCL, najwy\u017cszej jako\u015bci substancj\u0119 chemiczn\u0105 do bada\u0144, online w chemsfine. Odkryj deschloroketamin\u0119 na sprzeda\u017c z konkurencyjnymi cenami i bezpiecznym zakupem.","breadcrumb":{"@id":"https:\/\/chemsfine.com\/product\/buy-dck-deschloroketamine-online\/#breadcrumb"},"inLanguage":"pl-PL","potentialAction":[{"@type":"ReadAction","target":["https:\/\/chemsfine.com\/product\/buy-dck-deschloroketamine-online\/"]}]},{"@type":"ImageObject","inLanguage":"pl-PL","@id":"https:\/\/chemsfine.com\/product\/buy-dck-deschloroketamine-online\/#primaryimage","url":"https:\/\/chemsfine.com\/wp-content\/uploads\/2026\/02\/dck-hcl-1.jpeg","contentUrl":"https:\/\/chemsfine.com\/wp-content\/uploads\/2026\/02\/dck-hcl-1.jpeg","width":1600,"height":1600},{"@type":"BreadcrumbList","@id":"https:\/\/chemsfine.com\/product\/buy-dck-deschloroketamine-online\/#breadcrumb","itemListElement":[{"@type":"ListItem","position":1,"name":"Home","item":"https:\/\/chemsfine.com\/"},{"@type":"ListItem","position":2,"name":"Shop","item":"https:\/\/chemsfine.com\/shop\/"},{"@type":"ListItem","position":3,"name":"Buy DCK HCL Research Chemical | High Purity Deschloroketamine Online"}]},{"@type":"WebSite","@id":"https:\/\/chemsfine.com\/#website","url":"https:\/\/chemsfine.com\/","name":"Chemsfine","description":"M\u00f3j blog WordPress","publisher":{"@id":"https:\/\/chemsfine.com\/#organization"},"potentialAction":[{"@type":"SearchAction","target":{"@type":"EntryPoint","urlTemplate":"https:\/\/chemsfine.com\/?s={search_term_string}"},"query-input":{"@type":"PropertyValueSpecification","valueRequired":true,"valueName":"search_term_string"}}],"inLanguage":"pl-PL"},{"@type":"Organization","@id":"https:\/\/chemsfine.com\/#organization","name":"Chemsfine","url":"https:\/\/chemsfine.com\/","logo":{"@type":"ImageObject","inLanguage":"pl-PL","@id":"https:\/\/chemsfine.com\/#\/schema\/logo\/image\/","url":"https:\/\/chemsfine.com\/wp-content\/uploads\/2024\/09\/final-logo.png","contentUrl":"https:\/\/chemsfine.com\/wp-content\/uploads\/2024\/09\/final-logo.png","width":340,"height":72,"caption":"Chemsfine"},"image":{"@id":"https:\/\/chemsfine.com\/#\/schema\/logo\/image\/"}}]}},"_links":{"self":[{"href":"https:\/\/chemsfine.com\/pl\/wp-json\/wp\/v2\/product\/5781","targetHints":{"allow":["GET"]}}],"collection":[{"href":"https:\/\/chemsfine.com\/pl\/wp-json\/wp\/v2\/product"}],"about":[{"href":"https:\/\/chemsfine.com\/pl\/wp-json\/wp\/v2\/types\/product"}],"replies":[{"embeddable":true,"href":"https:\/\/chemsfine.com\/pl\/wp-json\/wp\/v2\/comments?post=5781"}],"wp:featuredmedia":[{"embeddable":true,"href":"https:\/\/chemsfine.com\/pl\/wp-json\/wp\/v2\/media\/5821"}],"wp:attachment":[{"href":"https:\/\/chemsfine.com\/pl\/wp-json\/wp\/v2\/media?parent=5781"}],"wp:term":[{"taxonomy":"product_brand","embeddable":true,"href":"https:\/\/chemsfine.com\/pl\/wp-json\/wp\/v2\/product_brand?post=5781"},{"taxonomy":"product_cat","embeddable":true,"href":"https:\/\/chemsfine.com\/pl\/wp-json\/wp\/v2\/product_cat?post=5781"},{"taxonomy":"product_tag","embeddable":true,"href":"https:\/\/chemsfine.com\/pl\/wp-json\/wp\/v2\/product_tag?post=5781"}],"curies":[{"name":"wp","href":"https:\/\/api.w.org\/{rel}","templated":true}]}}