{"id":5789,"date":"2026-02-12T09:51:23","date_gmt":"2026-02-12T09:51:23","guid":{"rendered":"https:\/\/chemsfine.com\/?post_type=product&#038;p=5789"},"modified":"2026-03-25T14:03:52","modified_gmt":"2026-03-25T14:03:52","slug":"buy-bolivian-cocaine","status":"publish","type":"product","link":"https:\/\/chemsfine.com\/pl\/product\/buy-bolivian-cocaine\/","title":{"rendered":"Kup boliwijsk\u0105 kokain\u0119 - 99% Czysta kokaina online"},"content":{"rendered":"<p>Witamy w Chemsfine, najlepszym \u017ar\u00f3dle informacji na temat <b>Kup boliwijsk\u0105 kokain\u0119 na sprzeda\u017c<\/b>. Oferujemy czyst\u0105 kokain\u0119 99%, skrupulatnie pozyskiwan\u0105 i testowan\u0105 pod k\u0105tem niezr\u00f3wnanej jako\u015bci. Nasza <a href=\"https:\/\/chemsfine.com\/pl\/o-nas\/\">Zobowi\u0105zanie do doskona\u0142o\u015bci<\/a> czyni nas wiod\u0105cym dostawc\u0105 substancji najwy\u017cszej jako\u015bci. Kiedy <b>kupi\u0107 t\u0119 czyst\u0105 substancj\u0119<\/b> Wybieraj\u0105c nas, wybierasz partnera dbaj\u0105cego o czysto\u015b\u0107 i niezawodno\u015b\u0107. Nasza reputacja jako <b>najlepszy sklep z kokain\u0105<\/b> opiera si\u0119 na konsekwentnym dostarczaniu wysokiej jako\u015bci produkt\u00f3w, zapewniaj\u0105c bezpieczny proces zam\u00f3wie\u0144. Naszym priorytetem jest dyskretna i wydajna obs\u0142uga na tym wyspecjalizowanym rynku.<\/p>\n<h2>Czym jest boliwijska kokaina?<\/h2>\n<p><b>Boliwijska kokaina<\/b>, dostarczany przez Chemsfine, reprezentuje najwy\u017csz\u0105 klas\u0119 produkt\u00f3w, zdefiniowan\u0105 przez wysok\u0105 czysto\u015b\u0107 i sta\u0142\u0105 jako\u015b\u0107. W przeciwie\u0144stwie do typowych ofert rynkowych o czysto\u015bci 92% lub 94%, nasz <b>Najwy\u017cszej jako\u015bci czysta kokaina<\/b> osi\u0105ga imponuj\u0105cy wynik 99%. Oznaczenie \u201cBolivian\u201d cz\u0119sto sugeruje konkretne pochodzenie i reputacj\u0119 przetwarzania, wzmacniaj\u0105c charakter tego produktu. S\u0142u\u017cy on wymagaj\u0105cym klientom, dla kt\u00f3rych priorytetem jest wyj\u0105tkowa jako\u015b\u0107. Jako wyspecjalizowany dostawca kokainy, Chemsfine zapewnia, \u017ce ka\u017cda partia spe\u0142nia ten wysoki standard. Oferujemy szerok\u0105 gam\u0119 kokainy o poziomie czysto\u015bci 99% na sprzeda\u017c, zaspokajaj\u0105c potrzeby klient\u00f3w poszukuj\u0105cych niezawodno\u015bci i doskona\u0142o\u015bci. Nasze zaanga\u017cowanie w uczciwo\u015b\u0107 i jako\u015b\u0107 wyr\u00f3\u017cnia nas, buduj\u0105c zaufanie dzi\u0119ki sp\u00f3jnej ofercie najwy\u017cszej jako\u015bci.<\/p>\n<h2>Dlaczego warto kupi\u0107 ten produkt online w Chemsfine?<\/h2>\n<p>Wybieraj\u0105c Chemsfine dla swojego <b>czysta kokaina online<\/b> Zam\u00f3wienia publiczne oznaczaj\u0105 wyb\u00f3r zaufanej platformy o ugruntowanej pozycji. Jeste\u015bmy <b>Autentyczny dealer koksu<\/b>, zapewniaj\u0105c, \u017ce wszystkie produkty, w tym nasza czysta kokaina 99%, s\u0105 oryginalne. Naszym celem jest bezproblemowe i bezpieczne dokonywanie zakup\u00f3w. Kiedy szukasz <b>Kup online koks o wysokiej czysto\u015bci<\/b>, mo\u017cna znale\u017a\u0107 w magazynie na stronie <b>najlepsza cena<\/b>, z dodatkowymi korzy\u015bciami. Oferujemy <b>bezp\u0142atna wysy\u0142ka<\/b> na wszystkie zam\u00f3wienia i <b>specjalne zni\u017cki na <a href=\"https:\/\/chemsfine.com\/pl\/bulk-orders\/\">zakupy hurtowe<\/a><\/b>. To zobowi\u0105zanie do konkurencyjnych cen zapewnia doskona\u0142\u0105 warto\u015b\u0107 bez uszczerbku dla jako\u015bci. W Chemsfine wyszukiwanie i pozyskiwanie <b>Najlepsza dost\u0119pna czysta kokaina<\/b> jest uproszczona i profesjonalnie obs\u0142ugiwana. \u0141\u0105czymy wysokiej jako\u015bci produkty z niezr\u00f3wnan\u0105 obs\u0142ug\u0105, potwierdzaj\u0105c nasz\u0105 pozycj\u0119 lidera jako dostawcy online.<\/p>\n<h2>\u015acie\u017cki handlowe i dystrybucja<\/h2>\n<p>Chemsfine jest kluczowym ogniwem w \u0142a\u0144cuchu dostaw tego specjalistycznego produktu. U\u0142atwiamy transakcje na r\u00f3\u017cnych poziomach handlowych, wspieraj\u0105c zr\u00f3\u017cnicowan\u0105 sie\u0107 klient\u00f3w. W zwi\u0105zku z tym, <b>Kup kokain\u0119 online dost\u0119pn\u0105 na sprzeda\u017c<\/b> od Chemsfine oznacza wsp\u00f3\u0142prac\u0119 z wszechstronnym podmiotem: firm\u0105 <b>Dostawca, producent, hurtownik, eksporter, sprzedawca detaliczny i dystrybutor<\/b>. Te wszechstronne mo\u017cliwo\u015bci zaspokajaj\u0105 okre\u015blone potrzeby, od zakup\u00f3w osobistych po znaczne ilo\u015bci do szerszej dystrybucji. Nasza solidna infrastruktura i ugruntowana sie\u0107 zarz\u0105dzaj\u0105 z\u0142o\u017con\u0105 logistyk\u0105, zapewniaj\u0105c terminow\u0105 i bezpieczn\u0105 dostaw\u0119. Zaspokajamy potrzeby klient\u00f3w wymagaj\u0105cych sta\u0142ych dostaw i profesjonalnej obs\u0142ugi. Partnerstwo z Chemsfine gwarantuje dost\u0119p do niezmiennie czystego, niezawodnego produktu, kt\u00f3ry wzmocni Twoj\u0105 reputacj\u0119. Nasza elastyczno\u015b\u0107 i zdolno\u015b\u0107 reagowania skutecznie i dyskretnie spe\u0142niaj\u0105 zmieniaj\u0105ce si\u0119 wymagania rynku.<\/p>\n<h2>Zapewnienie odpowiedzialnych zam\u00f3wie\u0144<\/h2>\n<p>W Chemsfine odpowiedzialne zaopatrzenie jest najwa\u017cniejsze. Chocia\u017c przestrzegamy najwy\u017cszych standard\u00f3w czysto\u015bci produkt\u00f3w i us\u0142ug, wszyscy kupuj\u0105cy musz\u0105 zapewni\u0107 zgodno\u015b\u0107 swoich dzia\u0142a\u0144 z obowi\u0105zuj\u0105cymi przepisami lokalnymi, krajowymi i mi\u0119dzynarodowymi. Nabywcy zaopatruj\u0105cy si\u0119 w Chemsfine musz\u0105 zachowa\u0107 nale\u017cyt\u0105 staranno\u015b\u0107 w zakresie ram prawnych dotycz\u0105cych ich lokalizacji i zamierzonego zastosowania. Obejmuje to zrozumienie wymaga\u0144 dotycz\u0105cych \u015brodk\u00f3w ochrony indywidualnej (\u015aOI), kontrolowanego \u015brodowiska obs\u0142ugi i przepis\u00f3w regionalnych. Zaleca si\u0119, aby klienci zapoznali si\u0119 z kartami charakterystyki substancji niebezpiecznych (SDS) i certyfikatami analizy (CoA). Nasz\u0105 rol\u0105 jest dostarczanie substancji o wysokiej czysto\u015bci do legalnych kana\u0142\u00f3w; zach\u0119camy klient\u00f3w do dzia\u0142ania w granicach prawa i etyki. Wsp\u00f3\u0142pracuj\u0105c z Chemsfine, nabywcy potwierdzaj\u0105 swoj\u0105 odpowiedzialno\u015b\u0107 za pe\u0142n\u0105 zgodno\u015b\u0107 ze wszystkimi obowi\u0105zuj\u0105cymi przepisami prawa i wymogami regulacyjnymi.<\/p>\n<h2>Dlaczego warto wybra\u0107 Chemsfine do nast\u0119pnego zam\u00f3wienia?<\/h2>\n<p>Kiedy zdecydujesz si\u0119 <b>Zam\u00f3w czyst\u0105 kokain\u0119 online<\/b>, Chemsfine oferuje wyra\u017an\u0105 przewag\u0119 rynkow\u0105. Nasze zaanga\u017cowanie koncentruje si\u0119 na przejrzystej, niezawodnej i zorientowanej na klienta obs\u0142udze. Oferujemy konkurencyjne ceny, zapewniaj\u0105c doskona\u0142\u0105 warto\u015b\u0107 naszego czystego produktu 99%. Dba\u0142o\u015b\u0107 o jako\u015b\u0107 obejmuje wszystkie operacje, od zaopatrzenia po wysy\u0142k\u0119. Usprawniamy procesy w celu zwi\u0119kszenia wydajno\u015bci, umo\u017cliwiaj\u0105c \u0142atwe wyszukiwanie i zakup. Nasz dzia\u0142 obs\u0142ugi klienta pomaga w zadawaniu pyta\u0144, dzi\u0119ki czemu zakupy przebiegaj\u0105 sprawnie. Wybieraj\u0105c Chemsfine, wybierasz partnera ceni\u0105cego uczciwo\u015b\u0107 i profesjonaln\u0105 obs\u0142ug\u0119. Budujemy d\u0142ugoterminowe relacje oparte na zaufaniu i konsekwentnym dostarczaniu najwy\u017cszej jako\u015bci produkt\u00f3w, zapewniaj\u0105c zaufanie do decyzji o zakupie. Przekonaj si\u0119, jak\u0105 r\u00f3\u017cnic\u0119 robi oddany i niezawodny dostawca.<\/p>\n<h3>Przegl\u0105d czysto\u015bci i dost\u0119pno\u015bci produkt\u00f3w<\/h3>\n<p>Dla Twojej wygody, oto kr\u00f3tki przegl\u0105d naszej podstawowej oferty:<\/p>\n<table border=\"1\">\n<thead>\n<tr>\n<th>Produkt<\/th>\n<th>Poziom czysto\u015bci<\/th>\n<th>Dost\u0119pno\u015b\u0107<\/th>\n<th>Wysy\u0142ka<\/th>\n<\/tr>\n<\/thead>\n<tbody>\n<tr>\n<td><a href=\"https:\/\/chemsfine.com\/pl\/products\/bolivian-cocaine\/\">Boliwijska kokaina<\/a><\/td>\n<td><b>99% Pure<\/b><\/td>\n<td>W magazynie<\/td>\n<td>Bezp\u0142atna wysy\u0142ka na ca\u0142y \u015bwiat<\/td>\n<\/tr>\n<\/tbody>\n<\/table>\n<p>Tabela ta jasno podsumowuje podstawowe atrybuty naszego wysokiej jako\u015bci produktu, zapewniaj\u0105c przejrzysto\u015b\u0107 i jasno\u015b\u0107 tego, czego mo\u017cna oczekiwa\u0107 od Chemsfine.<\/p>\n<h2>Wnioski<\/h2>\n<p>Podsumowuj\u0105c, Chemsfine jest ostatecznym \u017ar\u00f3d\u0142em online do <b>Kup ten produkt o wysokiej czysto\u015bci na sprzeda\u017c<\/b>, oferuj\u0105c niezr\u00f3wnan\u0105 czysto\u015b\u0107 i niezawodn\u0105 obs\u0142ug\u0119. Nasze zaanga\u017cowanie w jako\u015b\u0107 i solidn\u0105 dystrybucj\u0119 gwarantuje, \u017ce Twoje wymagania zostan\u0105 spe\u0142nione z profesjonalizmem i dyskrecj\u0105. Umo\u017cliwiamy podejmowanie \u015bwiadomych decyzji dzi\u0119ki przejrzystym informacjom o produktach i bezpiecznemu \u015brodowisku zakup\u00f3w. Wspieramy trwa\u0142e relacje oparte na zaufaniu i konsekwentnej doskona\u0142o\u015bci. Aktualna dost\u0119pno\u015b\u0107 produkt\u00f3w lub opcje zakup\u00f3w hurtowych, <a href=\"https:\/\/chemsfine.com\/pl\/contact-us\/\">Wy\u015blij natychmiastowe zapytanie<\/a> naszemu dedykowanemu zespo\u0142owi. Zapewniamy aktualizacje i pomagamy w przypadku pyta\u0144, zapewniaj\u0105c p\u0142ynne i satysfakcjonuj\u0105ce do\u015bwiadczenie. Wybierz Chemsfine, aby uzyska\u0107 doskona\u0142e do\u015bwiadczenie zakupowe w zakresie specjalistycznych substancji o wysokiej czysto\u015bci.<\/p>","protected":false},"excerpt":{"rendered":"<p>Do\u015bwiadczenie <b>Najwy\u017cszej jako\u015bci boliwijska kokaina<\/b>, znanego z wyj\u0105tkowej czysto\u015bci 99%. Jako zaufany dostawca, Chemsfine oferuje najwy\u017cszej jako\u015bci <b>Boliwijska kokaina na sprzeda\u017c<\/b>. Ten produkt o wysokiej czysto\u015bci jest idealny dla wymagaj\u0105cych nabywc\u00f3w poszukuj\u0105cych wiarygodnych \u017ar\u00f3de\u0142. <b>Kup boliwijsk\u0105 kokain\u0119 w Chemsfine<\/b> dla niezr\u00f3wnanego do\u015bwiadczenia zakupowego.<\/p>","protected":false},"featured_media":5835,"comment_status":"open","ping_status":"closed","template":"","meta":{"_joinchat":[]},"product_brand":[],"product_cat":[939],"product_tag":[],"class_list":{"0":"post-5789","1":"product","2":"type-product","3":"status-publish","4":"has-post-thumbnail","6":"product_cat-cocaine","8":"first","9":"instock","10":"shipping-taxable","11":"purchasable","12":"product-type-variable"},"yoast_head":"<!-- This site is optimized with the Yoast SEO plugin v27.2 - https:\/\/yoast.com\/product\/yoast-seo-wordpress\/ -->\n<title>Buy Bolivian Cocaine Online - 99% Pure - Best Price Available<\/title>\n<meta name=\"description\" content=\"Discover premium 99% pure Bolivian Cocaine for sale at Chemsfine. Buy online with free shipping &amp; discounts on bulk orders. Find the best quality available now!\" \/>\n<meta name=\"robots\" content=\"index, follow, max-snippet:-1, max-image-preview:large, max-video-preview:-1\" \/>\n<link rel=\"canonical\" href=\"https:\/\/chemsfine.com\/pl\/produkt\/buy-bolivian-cocaine\/\" \/>\n<meta property=\"og:locale\" content=\"pl_PL\" \/>\n<meta property=\"og:type\" content=\"article\" \/>\n<meta property=\"og:title\" content=\"Buy Bolivian Cocaine Online - 99% Pure - Best Price Available\" \/>\n<meta property=\"og:description\" content=\"Discover premium 99% pure Bolivian Cocaine for sale at Chemsfine. Buy online with free shipping &amp; discounts on bulk orders. Find the best quality available now!\" \/>\n<meta property=\"og:url\" content=\"https:\/\/chemsfine.com\/pl\/produkt\/buy-bolivian-cocaine\/\" \/>\n<meta property=\"og:site_name\" content=\"Chemsfine\" \/>\n<meta property=\"article:modified_time\" content=\"2026-03-25T14:03:52+00:00\" \/>\n<meta property=\"og:image\" content=\"https:\/\/chemsfine.com\/wp-content\/uploads\/2026\/02\/bolivian-cocaine-99-pure-cocaine-1.jpg\" \/>\n\t<meta property=\"og:image:width\" content=\"450\" \/>\n\t<meta property=\"og:image:height\" content=\"450\" \/>\n\t<meta property=\"og:image:type\" content=\"image\/jpeg\" \/>\n<meta name=\"twitter:card\" content=\"summary_large_image\" \/>\n<meta name=\"twitter:label1\" content=\"Szacowany czas czytania\" \/>\n\t<meta name=\"twitter:data1\" content=\"4 minuty\" \/>\n<script type=\"application\/ld+json\" class=\"yoast-schema-graph\">{\"@context\":\"https:\/\/schema.org\",\"@graph\":[{\"@type\":\"WebPage\",\"@id\":\"https:\/\/chemsfine.com\/product\/buy-bolivian-cocaine\/\",\"url\":\"https:\/\/chemsfine.com\/product\/buy-bolivian-cocaine\/\",\"name\":\"Buy Bolivian Cocaine Online - 99% Pure - Best Price Available\",\"isPartOf\":{\"@id\":\"https:\/\/chemsfine.com\/#website\"},\"primaryImageOfPage\":{\"@id\":\"https:\/\/chemsfine.com\/product\/buy-bolivian-cocaine\/#primaryimage\"},\"image\":{\"@id\":\"https:\/\/chemsfine.com\/product\/buy-bolivian-cocaine\/#primaryimage\"},\"thumbnailUrl\":\"https:\/\/chemsfine.com\/wp-content\/uploads\/2026\/02\/bolivian-cocaine-99-pure-cocaine-1.jpg\",\"datePublished\":\"2026-02-12T09:51:23+00:00\",\"dateModified\":\"2026-03-25T14:03:52+00:00\",\"description\":\"Discover premium 99% pure Bolivian Cocaine for sale at Chemsfine. Buy online with free shipping & discounts on bulk orders. Find the best quality available now!\",\"breadcrumb\":{\"@id\":\"https:\/\/chemsfine.com\/product\/buy-bolivian-cocaine\/#breadcrumb\"},\"inLanguage\":\"pl-PL\",\"potentialAction\":[{\"@type\":\"ReadAction\",\"target\":[\"https:\/\/chemsfine.com\/product\/buy-bolivian-cocaine\/\"]}]},{\"@type\":\"ImageObject\",\"inLanguage\":\"pl-PL\",\"@id\":\"https:\/\/chemsfine.com\/product\/buy-bolivian-cocaine\/#primaryimage\",\"url\":\"https:\/\/chemsfine.com\/wp-content\/uploads\/2026\/02\/bolivian-cocaine-99-pure-cocaine-1.jpg\",\"contentUrl\":\"https:\/\/chemsfine.com\/wp-content\/uploads\/2026\/02\/bolivian-cocaine-99-pure-cocaine-1.jpg\",\"width\":450,\"height\":450},{\"@type\":\"BreadcrumbList\",\"@id\":\"https:\/\/chemsfine.com\/product\/buy-bolivian-cocaine\/#breadcrumb\",\"itemListElement\":[{\"@type\":\"ListItem\",\"position\":1,\"name\":\"Home\",\"item\":\"https:\/\/chemsfine.com\/\"},{\"@type\":\"ListItem\",\"position\":2,\"name\":\"Shop\",\"item\":\"https:\/\/chemsfine.com\/shop\/\"},{\"@type\":\"ListItem\",\"position\":3,\"name\":\"Buy Bolivian Cocaine &#8211; 99% Pure Cocaine Online\"}]},{\"@type\":\"WebSite\",\"@id\":\"https:\/\/chemsfine.com\/#website\",\"url\":\"https:\/\/chemsfine.com\/\",\"name\":\"Chemsfine\",\"description\":\"My WordPress Blog\",\"publisher\":{\"@id\":\"https:\/\/chemsfine.com\/#organization\"},\"potentialAction\":[{\"@type\":\"SearchAction\",\"target\":{\"@type\":\"EntryPoint\",\"urlTemplate\":\"https:\/\/chemsfine.com\/?s={search_term_string}\"},\"query-input\":{\"@type\":\"PropertyValueSpecification\",\"valueRequired\":true,\"valueName\":\"search_term_string\"}}],\"inLanguage\":\"pl-PL\"},{\"@type\":\"Organization\",\"@id\":\"https:\/\/chemsfine.com\/#organization\",\"name\":\"Chemsfine\",\"url\":\"https:\/\/chemsfine.com\/\",\"logo\":{\"@type\":\"ImageObject\",\"inLanguage\":\"pl-PL\",\"@id\":\"https:\/\/chemsfine.com\/#\/schema\/logo\/image\/\",\"url\":\"https:\/\/chemsfine.com\/wp-content\/uploads\/2024\/09\/final-logo.png\",\"contentUrl\":\"https:\/\/chemsfine.com\/wp-content\/uploads\/2024\/09\/final-logo.png\",\"width\":340,\"height\":72,\"caption\":\"Chemsfine\"},\"image\":{\"@id\":\"https:\/\/chemsfine.com\/#\/schema\/logo\/image\/\"}}]}<\/script>\n<!-- \/ Yoast SEO plugin. -->","yoast_head_json":{"title":"Kup boliwijsk\u0105 kokain\u0119 online - 99% Pure - Najlepsza dost\u0119pna cena","description":"Odkryj czyst\u0105 boliwijsk\u0105 kokain\u0119 premium 99% na sprzeda\u017c w Chemsfine. Kupuj online z bezp\u0142atn\u0105 wysy\u0142k\u0105 i rabatami przy zam\u00f3wieniach hurtowych. Znajd\u017a najlepsz\u0105 dost\u0119pn\u0105 jako\u015b\u0107 ju\u017c teraz!","robots":{"index":"index","follow":"follow","max-snippet":"max-snippet:-1","max-image-preview":"max-image-preview:large","max-video-preview":"max-video-preview:-1"},"canonical":"https:\/\/chemsfine.com\/pl\/produkt\/buy-bolivian-cocaine\/","og_locale":"pl_PL","og_type":"article","og_title":"Buy Bolivian Cocaine Online - 99% Pure - Best Price Available","og_description":"Discover premium 99% pure Bolivian Cocaine for sale at Chemsfine. Buy online with free shipping & discounts on bulk orders. Find the best quality available now!","og_url":"https:\/\/chemsfine.com\/pl\/produkt\/buy-bolivian-cocaine\/","og_site_name":"Chemsfine","article_modified_time":"2026-03-25T14:03:52+00:00","og_image":[{"width":450,"height":450,"url":"https:\/\/chemsfine.com\/wp-content\/uploads\/2026\/02\/bolivian-cocaine-99-pure-cocaine-1.jpg","type":"image\/jpeg"}],"twitter_card":"summary_large_image","twitter_misc":{"Szacowany czas czytania":"4 minuty"},"schema":{"@context":"https:\/\/schema.org","@graph":[{"@type":"WebPage","@id":"https:\/\/chemsfine.com\/product\/buy-bolivian-cocaine\/","url":"https:\/\/chemsfine.com\/product\/buy-bolivian-cocaine\/","name":"Kup boliwijsk\u0105 kokain\u0119 online - 99% Pure - Najlepsza dost\u0119pna cena","isPartOf":{"@id":"https:\/\/chemsfine.com\/#website"},"primaryImageOfPage":{"@id":"https:\/\/chemsfine.com\/product\/buy-bolivian-cocaine\/#primaryimage"},"image":{"@id":"https:\/\/chemsfine.com\/product\/buy-bolivian-cocaine\/#primaryimage"},"thumbnailUrl":"https:\/\/chemsfine.com\/wp-content\/uploads\/2026\/02\/bolivian-cocaine-99-pure-cocaine-1.jpg","datePublished":"2026-02-12T09:51:23+00:00","dateModified":"2026-03-25T14:03:52+00:00","description":"Odkryj czyst\u0105 boliwijsk\u0105 kokain\u0119 premium 99% na sprzeda\u017c w Chemsfine. Kupuj online z bezp\u0142atn\u0105 wysy\u0142k\u0105 i rabatami przy zam\u00f3wieniach hurtowych. Znajd\u017a najlepsz\u0105 dost\u0119pn\u0105 jako\u015b\u0107 ju\u017c teraz!","breadcrumb":{"@id":"https:\/\/chemsfine.com\/product\/buy-bolivian-cocaine\/#breadcrumb"},"inLanguage":"pl-PL","potentialAction":[{"@type":"ReadAction","target":["https:\/\/chemsfine.com\/product\/buy-bolivian-cocaine\/"]}]},{"@type":"ImageObject","inLanguage":"pl-PL","@id":"https:\/\/chemsfine.com\/product\/buy-bolivian-cocaine\/#primaryimage","url":"https:\/\/chemsfine.com\/wp-content\/uploads\/2026\/02\/bolivian-cocaine-99-pure-cocaine-1.jpg","contentUrl":"https:\/\/chemsfine.com\/wp-content\/uploads\/2026\/02\/bolivian-cocaine-99-pure-cocaine-1.jpg","width":450,"height":450},{"@type":"BreadcrumbList","@id":"https:\/\/chemsfine.com\/product\/buy-bolivian-cocaine\/#breadcrumb","itemListElement":[{"@type":"ListItem","position":1,"name":"Home","item":"https:\/\/chemsfine.com\/"},{"@type":"ListItem","position":2,"name":"Shop","item":"https:\/\/chemsfine.com\/shop\/"},{"@type":"ListItem","position":3,"name":"Buy Bolivian Cocaine &#8211; 99% Pure Cocaine Online"}]},{"@type":"WebSite","@id":"https:\/\/chemsfine.com\/#website","url":"https:\/\/chemsfine.com\/","name":"Chemsfine","description":"M\u00f3j blog WordPress","publisher":{"@id":"https:\/\/chemsfine.com\/#organization"},"potentialAction":[{"@type":"SearchAction","target":{"@type":"EntryPoint","urlTemplate":"https:\/\/chemsfine.com\/?s={search_term_string}"},"query-input":{"@type":"PropertyValueSpecification","valueRequired":true,"valueName":"search_term_string"}}],"inLanguage":"pl-PL"},{"@type":"Organization","@id":"https:\/\/chemsfine.com\/#organization","name":"Chemsfine","url":"https:\/\/chemsfine.com\/","logo":{"@type":"ImageObject","inLanguage":"pl-PL","@id":"https:\/\/chemsfine.com\/#\/schema\/logo\/image\/","url":"https:\/\/chemsfine.com\/wp-content\/uploads\/2024\/09\/final-logo.png","contentUrl":"https:\/\/chemsfine.com\/wp-content\/uploads\/2024\/09\/final-logo.png","width":340,"height":72,"caption":"Chemsfine"},"image":{"@id":"https:\/\/chemsfine.com\/#\/schema\/logo\/image\/"}}]}},"_links":{"self":[{"href":"https:\/\/chemsfine.com\/pl\/wp-json\/wp\/v2\/product\/5789","targetHints":{"allow":["GET"]}}],"collection":[{"href":"https:\/\/chemsfine.com\/pl\/wp-json\/wp\/v2\/product"}],"about":[{"href":"https:\/\/chemsfine.com\/pl\/wp-json\/wp\/v2\/types\/product"}],"replies":[{"embeddable":true,"href":"https:\/\/chemsfine.com\/pl\/wp-json\/wp\/v2\/comments?post=5789"}],"wp:featuredmedia":[{"embeddable":true,"href":"https:\/\/chemsfine.com\/pl\/wp-json\/wp\/v2\/media\/5835"}],"wp:attachment":[{"href":"https:\/\/chemsfine.com\/pl\/wp-json\/wp\/v2\/media?parent=5789"}],"wp:term":[{"taxonomy":"product_brand","embeddable":true,"href":"https:\/\/chemsfine.com\/pl\/wp-json\/wp\/v2\/product_brand?post=5789"},{"taxonomy":"product_cat","embeddable":true,"href":"https:\/\/chemsfine.com\/pl\/wp-json\/wp\/v2\/product_cat?post=5789"},{"taxonomy":"product_tag","embeddable":true,"href":"https:\/\/chemsfine.com\/pl\/wp-json\/wp\/v2\/product_tag?post=5789"}],"curies":[{"name":"wp","href":"https:\/\/api.w.org\/{rel}","templated":true}]}}