{"id":5801,"date":"2026-02-12T09:51:47","date_gmt":"2026-02-12T09:51:47","guid":{"rendered":"https:\/\/chemsfine.com\/?post_type=product&#038;p=5801"},"modified":"2026-03-25T14:01:29","modified_gmt":"2026-03-25T14:01:29","slug":"buy-peruvian-cocaine-2","status":"publish","type":"product","link":"https:\/\/chemsfine.com\/pl\/product\/buy-peruvian-cocaine-2\/","title":{"rendered":"Peruwia\u0144ska kokaina - kupuj wysokiej jako\u015bci kokain\u0119 online"},"content":{"rendered":"<p>Kiedy starasz si\u0119 <b>Kup peruwia\u0144sk\u0105 kokain\u0119 na sprzeda\u017c<\/b>, Nabywasz substancj\u0119 o bogatej, z\u0142o\u017conej historii. <b>Peruwia\u0144ska kokaina<\/b> lub peruwia\u0144ska kokaina to krystaliczny alkaloid tropanowy otrzymywany z li\u015bci ro\u015bliny koki. Nazwa pochodzi od s\u0142owa \u201ccoca\u201d dodanego do przyrostka alkaloidu -ine, tworz\u0105c kokain\u0119. Kokaina jest silnie uzale\u017cniaj\u0105cym stymulantem, kt\u00f3ry bezpo\u015brednio wp\u0142ywa na m\u00f3zg. Kokaina zosta\u0142a okrzykni\u0119ta narkotykiem lat 80. i 90. ze wzgl\u0119du na jej du\u017c\u0105 popularno\u015b\u0107 i stosowanie w tym okresie. Jednak kokaina nie jest nowym narkotykiem. W rzeczywisto\u015bci jest to jeden z najstarszych znanych narkotyk\u00f3w. W Chemsfine oferujemy <b>autentyczna kokaina o wysokiej czysto\u015bci<\/b>, zapewniaj\u0105c, \u017ce nasi klienci otrzymuj\u0105 tylko najlepsze materia\u0142y laboratoryjne do swoich potrzeb badawczych. Naszym celem jest zapewnienie przejrzystych i bezpiecznych opcji zakupu tego historycznie wa\u017cnego zwi\u0105zku.<\/p>\n<h2>Czym jest kokaina peruwia\u0144ska?<\/h2>\n<p>Substancja ta, zasadniczo krystaliczny alkaloid tropanowy, jest skrupulatnie ekstrahowana z li\u015bci koki. Sama nazwa pochodzi od ro\u015bliny \u201ccoca\u201d w po\u0142\u0105czeniu z przyrostkiem alkaloidu \u201c-ine\u201d. Naukowo znana jako benzoilometylocgonina, posiada wz\u00f3r cz\u0105steczkowy C\u2081\u2087H\u2082\u2081NO\u2084 i numer CAS zwykle identyfikowany jako 50-36-2. Jako silnie uzale\u017cniaj\u0105cy stymulant, zwi\u0105zek ten bezpo\u015brednio wp\u0142ywa na o\u015brodkowy uk\u0142ad nerwowy, wywo\u0142uj\u0105c charakterystyczne euforyczne i energetyzuj\u0105ce efekty poprzez zak\u0142\u00f3canie wychwytu zwrotnego neuroprzeka\u017anik\u00f3w. Nasza oferta w Chemsfine obejmuje <b>kokaina najwy\u017cszej jako\u015bci<\/b>, i starannie przetwarzane, aby zapewni\u0107 sta\u0142\u0105 czysto\u015b\u0107 do r\u00f3\u017cnych zastosowa\u0144. Dla naukowc\u00f3w i innych legalnych u\u017cytkownik\u00f3w kluczowe znaczenie ma zrozumienie dok\u0142adnych w\u0142a\u015bciwo\u015bci chemicznych i mechanizm\u00f3w dzia\u0142ania tej substancji, kt\u00f3ra od wiek\u00f3w uznawana jest za jeden z najstarszych znanych lek\u00f3w. Kiedy zdecydujesz si\u0119 <b>kupi\u0107 kokain\u0119 online<\/b> Od nas masz pewno\u015b\u0107, \u017ce otrzymasz produkt spe\u0142niaj\u0105cy rygorystyczne standardy.<\/p>\n<h3>Kluczowe w\u0142a\u015bciwo\u015bci peruwia\u0144skiej kokainy<\/h3>\n<p>Zrozumienie podstawowych w\u0142a\u015bciwo\u015bci kokainy peruwia\u0144skiej jest niezb\u0119dne dla ka\u017cdego profesjonalnego zastosowania. Poni\u017cej znajduje si\u0119 kr\u00f3tki przegl\u0105d jej kluczowych cech:<\/p>\n<table>\n<thead>\n<tr>\n<th>W\u0142asno\u015b\u0107<\/th>\n<th>Szczeg\u00f3\u0142y<\/th>\n<\/tr>\n<\/thead>\n<tbody>\n<tr>\n<td>Pochodzenie<\/td>\n<td>Li\u015bcie koki (Erythroxylum coca)<\/td>\n<\/tr>\n<tr>\n<td>Klasa chemiczna<\/td>\n<td>Alkaloid tropanowy<\/td>\n<\/tr>\n<tr>\n<td>Wygl\u0105d<\/td>\n<td>Krystaliczny bia\u0142y proszek<\/td>\n<\/tr>\n<tr>\n<td>Efekt podstawowy<\/td>\n<td>Silny stymulant o\u015brodkowego uk\u0142adu nerwowego<\/td>\n<\/tr>\n<tr>\n<td>Oferowana czysto\u015b\u0107<\/td>\n<td>Wysoka czysto\u015b\u0107, klasa laboratoryjna<\/td>\n<\/tr>\n<tr>\n<td>Dost\u0119pno\u015b\u0107<\/td>\n<td>Dost\u0119pny do bezpiecznego zakupu online w Chemsfine<\/td>\n<\/tr>\n<\/tbody>\n<\/table>\n<h2>Dlaczego warto kupi\u0107 peruwia\u0144sk\u0105 kokain\u0119 online w Chemsfine?<\/h2>\n<p>Wyb\u00f3r miejsca, w kt\u00f3rym <b>kupi\u0107 ten stymulant online<\/b> to decyzja, kt\u00f3ra wymaga zaufania i zapewnienia jako\u015bci. W Chemsfine wyr\u00f3\u017cniamy si\u0119 oferowaniem niezr\u00f3wnanych standard\u00f3w czysto\u015bci i niezawodno\u015bci. Rozumiemy kluczowe znaczenie dostarczania wy\u0142\u0105cznie <b>Najlepsza dost\u0119pna kokaina<\/b> dla konkretnych potrzeb, czy to do bada\u0144, standard\u00f3w analitycznych, czy innych kontrolowanych zastosowa\u0144. Dlatego zapewniamy, \u017ce ka\u017cda partia naszych <b>Kokaina o wysokiej czysto\u015bci<\/b> przechodzi rygorystyczne kontrole jako\u015bci. Ponadto nasza platforma internetowa zosta\u0142a zaprojektowana z my\u015bl\u0105 o bezproblemowej i <b>bezpieczny zakup<\/b> do\u015bwiadczenie. Klienci mog\u0105 bez obaw przegl\u0105da\u0107 nasz\u0105 ofert\u0119, wiedz\u0105c, \u017ce ich zam\u00f3wienie zostanie zrealizowane z zachowaniem dyskrecji i profesjonalizmu. Jeste\u015bmy dumni z przejrzystych praktyk, zapewniaj\u0105c kompleksowe informacje o produktach, kt\u00f3re umo\u017cliwiaj\u0105 podj\u0119cie \u015bwiadomej decyzji, gdy <b>kupi\u0107 kokain\u0119 online<\/b>. Nasze d\u0105\u017cenie do doskona\u0142o\u015bci sprawia, \u017ce Chemsfine jest preferowanym miejscem pozyskiwania autentycznych alkaloid\u00f3w tropanowych.<\/p>\n<h2>Zastosowania<\/h2>\n<p>Wnioski o <b>ten zwi\u0105zek o wysokiej czysto\u015bci<\/b>w szczeg\u00f3lno\u015bci <b>klasa laboratoryjna<\/b> warianty, obejmuj\u0105 r\u00f3\u017cne dziedziny naukowe i analityczne. Cho\u0107 jest powszechnie znana ze swoich historycznych i stymuluj\u0105cych w\u0142a\u015bciwo\u015bci, jej precyzyjna struktura chemiczna i efekty sprawiaj\u0105, \u017ce jest cenna w kontrolowanych \u015brodowiskach. Po nabyciu przez <b>bezpieczny zakup<\/b> z Chemsfine, zwi\u0105zek ten mo\u017ce by\u0107 wykorzystywany w:<\/p>\n<ul>\n<li>Badania farmakologiczne nad mechanizmami dzia\u0142ania stymulant\u00f3w.<\/li>\n<li>Chemia analityczna do opracowywania metod wykrywania.<\/li>\n<li>Badania toksykologiczne i analiza kryminalistyczna.<\/li>\n<li>Opracowanie protoko\u0142\u00f3w leczenia uzale\u017cnie\u0144.<\/li>\n<li>Badania neuronaukowe dotycz\u0105ce funkcji neuroprzeka\u017anik\u00f3w.<\/li>\n<li>Normy referencyjne dla kontroli jako\u015bci w bran\u017cach regulowanych.<\/li>\n<li>Historyczne i antropologiczne badania pochodnych koki.<\/li>\n<\/ul>\n<p>Aplikacje te podkre\u015blaj\u0105 potrzeb\u0119 sp\u00f3jno\u015bci, <b>autentyczna kokaina<\/b> kt\u00f3re mo\u017ce zapewni\u0107 tylko zaufany dostawca, taki jak Chemsfine. Dla tych, kt\u00f3rzy szukaj\u0105 <b>kup teraz online<\/b>, Nasze produkty s\u0105 skrupulatnie przygotowywane, aby spe\u0142ni\u0107 te wysokie wymagania.<\/p>\n<h2>Bezpiecze\u0144stwo i zgodno\u015b\u0107<\/h2>\n<p>Obs\u0142uga <b>ten krystaliczny alkaloid<\/b>, nawet w <b>klasa laboratoryjna<\/b> wymaga \u015bcis\u0142ego przestrzegania protoko\u0142\u00f3w bezpiecze\u0144stwa i zgodno\u015bci z przepisami. Ze wzgl\u0119du na jego silny charakter jako silnie uzale\u017cniaj\u0105cego stymulanta, niezb\u0119dne s\u0105 odpowiednie \u015brodki ochrony osobistej (PPE), takie jak r\u0119kawice, ochrona oczu i fartuchy laboratoryjne. Wszystkie prace zwi\u0105zane z t\u0105 substancj\u0105 powinny by\u0107 prowadzone w kontrolowanym \u015brodowisku, najlepiej w wyci\u0105gu, aby zapobiec nara\u017ceniu. Regionalne przepisy dotycz\u0105ce posiadania, obs\u0142ugi i utylizacji substancji kontrolowanych musz\u0105 by\u0107 dok\u0142adnie zrozumiane i \u015bci\u015ble przestrzegane. W Chemsfine priorytetowo traktujemy bezpiecze\u0144stwo i zgodno\u015b\u0107 z przepisami naszych klient\u00f3w. Udost\u0119pniamy karty charakterystyki (SDS) dla wszystkich naszych produkt\u00f3w, w tym <b>Kokaina o wysokiej czysto\u015bci<\/b>, okre\u015blaj\u0105ce niezb\u0119dne \u015brodki ostro\u017cno\u015bci, instrukcje post\u0119powania i procedury awaryjne. Dostarczane s\u0105 r\u00f3wnie\u017c certyfikaty analizy (CoA) potwierdzaj\u0105ce czysto\u015b\u0107 i sk\u0142ad naszych produkt\u00f3w. Gwarantuje to, \u017ce gdy <b>kupi\u0107 kokain\u0119 online<\/b> Od nas otrzymujesz ca\u0142\u0105 dokumentacj\u0119 niezb\u0119dn\u0105 do bezpiecznego i zgodnego z przepisami u\u017cytkowania. Zach\u0119camy wszystkich u\u017cytkownik\u00f3w do skonsultowania si\u0119 z odpowiednimi w\u0142adzami i przestrzegania wszystkich lokalnych, krajowych i mi\u0119dzynarodowych wytycznych dotycz\u0105cych jego u\u017cytkowania.<\/p>\n<h2>Dlaczego warto wybra\u0107 nas?<\/h2>\n<p>Zastanawiaj\u0105c si\u0119, gdzie <b>zam\u00f3wi\u0107 kokain\u0119 online<\/b>, Chemsfine wyr\u00f3\u017cnia si\u0119 jako niezawodny i zorientowany na klienta wyb\u00f3r. Nasze zaanga\u017cowanie w przejrzysto\u015b\u0107 oznacza, \u017ce ka\u017cdy szczeg\u00f3\u0142 dotycz\u0105cy naszych produkt\u00f3w, od pozyskiwania po czysto\u015b\u0107, jest otwarcie komunikowany. Zapewniamy zweryfikowane rejestry partii, daj\u0105c pe\u0142n\u0105 gwarancj\u0119 jako\u015bci i sp\u00f3jno\u015bci produkt\u00f3w. <b>produkt autentyczny<\/b> otrzymujesz. Nasza strategia cenowa zosta\u0142a zaprojektowana tak, aby by\u0142a konkurencyjna, zapewniaj\u0105c, \u017ce otrzymasz <b>najlepsze dost\u0119pne ceny<\/b> dla <b>Kokaina o wysokiej czysto\u015bci<\/b> bez kompromis\u00f3w w zakresie jako\u015bci i us\u0142ug. Wierzymy w budowanie trwa\u0142ych relacji z naszymi klientami, oferuj\u0105c nie tylko produkt, ale kompletne, godne zaufania do\u015bwiadczenie. Dla tych, kt\u00f3rzy s\u0105 gotowi <b>kup teraz online<\/b>, Chemsfine oferuje usprawniony proces zakupu, bezpieczne opcje p\u0142atno\u015bci i dyskretn\u0105 dostaw\u0119. Nasze zaanga\u017cowanie wykracza poza sprzeda\u017c; jeste\u015bmy tutaj, aby wspiera\u0107 Twoje potrzeby badawcze i analityczne dzi\u0119ki doskona\u0142ym produktom i doskona\u0142ej obs\u0142udze klienta. Zapoznaj si\u0119 z nasz\u0105 ofert\u0105, obejmuj\u0105c\u0105 wysokiej jako\u015bci produkty, takie jak <b><a href=\"https:\/\/chemsfine.com\/pl\/produkt\/kupic-adb-butinaca-proszek\/\">ADB-BUTINACA Powder<\/a><\/b> oraz <b><a href=\"https:\/\/chemsfine.com\/pl\/produkt\/kupic-alpha-pvp-online\/\">Alpha-PVP online<\/a><\/b>, i inne wysokiej jako\u015bci chemikalia badawcze dost\u0119pne do bezpiecznego zakupu w Chemsfine.<\/p>\n<h2>Wnioski<\/h2>\n<p>Podsumowuj\u0105c, dla tych, kt\u00f3rzy chc\u0105 <b>Kup peruwia\u0144sk\u0105 kokain\u0119 na sprzeda\u017c<\/b>, Chemsfine oferuje renomowan\u0105 i bezpieczn\u0105 platform\u0119 internetow\u0105. Nasze zaanga\u017cowanie w dostarczanie <b>kokaina najwy\u017cszej jako\u015bci<\/b>, poparte rygorystycznymi testami i przejrzystymi informacjami, czyni nas liderem w bran\u017cy. Niezale\u017cnie od tego, czy chodzi o wymagaj\u0105ce projekty badawcze, aplikacje analityczne czy cele edukacyjne, nasze <b>stymulant o wysokiej czysto\u015bci<\/b> zapewnia wiarygodne wyniki. Do\u015bwiadcz pewno\u015bci, kt\u00f3ra pochodzi z <b>bezpieczny zakup<\/b> i doskona\u0142\u0105 obs\u0142ug\u0119 klienta. Odwied\u017a Chemsfine ju\u017c dzi\u015b, aby zapozna\u0107 si\u0119 z pe\u0142n\u0105 gam\u0105 naszych produkt\u00f3w i dokona\u0107 zakupu ze spokojem.<\/p>","protected":false},"excerpt":{"rendered":"<p><b>Peruwia\u0144ska kokaina<\/b>, znana r\u00f3wnie\u017c jako peruwia\u0144ska koka, jest silnym alkaloidem stymuluj\u0105cym pozyskiwanym z ro\u015bliny koki. Ta silnie uzale\u017cniaj\u0105ca substancja ma bezpo\u015bredni wp\u0142yw na m\u00f3zg. Znajd\u017a najwy\u017cszej jako\u015bci <b>Peruwia\u0144ska kokaina<\/b> i kupi\u0107 w Chemsfine do zastosowa\u0144 badawczych i laboratoryjnych. Jest to jeden z najstarszych znanych lek\u00f3w, teraz dost\u0119pny do bezpiecznego zakupu online.<\/p>","protected":false},"featured_media":5849,"comment_status":"open","ping_status":"closed","template":"","meta":{"_joinchat":[]},"product_brand":[],"product_cat":[939],"product_tag":[],"class_list":{"0":"post-5801","1":"product","2":"type-product","3":"status-publish","4":"has-post-thumbnail","6":"product_cat-cocaine","8":"first","9":"instock","10":"shipping-taxable","11":"purchasable","12":"product-type-variable"},"yoast_head":"<!-- This site is optimized with the Yoast SEO plugin v27.2 - https:\/\/yoast.com\/product\/yoast-seo-wordpress\/ -->\n<title>Buy Peruvian Cocaine Online | Quality Cocaine Available<\/title>\n<meta name=\"description\" content=\"Discover authentic Peruvian Cocaine for sale online at Chemsfine. Get high-purity cocaine with secure purchase options. Buy now for best prices.\" \/>\n<meta name=\"robots\" content=\"index, follow, max-snippet:-1, max-image-preview:large, max-video-preview:-1\" \/>\n<link rel=\"canonical\" href=\"https:\/\/chemsfine.com\/pl\/produkt\/buy-peruvian-cocaine-2\/\" \/>\n<meta property=\"og:locale\" content=\"pl_PL\" \/>\n<meta property=\"og:type\" content=\"article\" \/>\n<meta property=\"og:title\" content=\"Buy Peruvian Cocaine Online | Quality Cocaine Available\" \/>\n<meta property=\"og:description\" content=\"Discover authentic Peruvian Cocaine for sale online at Chemsfine. Get high-purity cocaine with secure purchase options. Buy now for best prices.\" \/>\n<meta property=\"og:url\" content=\"https:\/\/chemsfine.com\/pl\/produkt\/buy-peruvian-cocaine-2\/\" \/>\n<meta property=\"og:site_name\" content=\"Chemsfine\" \/>\n<meta property=\"article:modified_time\" content=\"2026-03-25T14:01:29+00:00\" \/>\n<meta property=\"og:image\" content=\"https:\/\/chemsfine.com\/wp-content\/uploads\/2026\/02\/peruvian-cocaine-buy-cocaine-online-1.jpg\" \/>\n\t<meta property=\"og:image:width\" content=\"510\" \/>\n\t<meta property=\"og:image:height\" content=\"510\" \/>\n\t<meta property=\"og:image:type\" content=\"image\/jpeg\" \/>\n<meta name=\"twitter:card\" content=\"summary_large_image\" \/>\n<meta name=\"twitter:label1\" content=\"Szacowany czas czytania\" \/>\n\t<meta name=\"twitter:data1\" content=\"5 minut\" \/>\n<script type=\"application\/ld+json\" class=\"yoast-schema-graph\">{\"@context\":\"https:\/\/schema.org\",\"@graph\":[{\"@type\":\"WebPage\",\"@id\":\"https:\/\/chemsfine.com\/product\/buy-peruvian-cocaine-2\/\",\"url\":\"https:\/\/chemsfine.com\/product\/buy-peruvian-cocaine-2\/\",\"name\":\"Buy Peruvian Cocaine Online | Quality Cocaine Available\",\"isPartOf\":{\"@id\":\"https:\/\/chemsfine.com\/#website\"},\"primaryImageOfPage\":{\"@id\":\"https:\/\/chemsfine.com\/product\/buy-peruvian-cocaine-2\/#primaryimage\"},\"image\":{\"@id\":\"https:\/\/chemsfine.com\/product\/buy-peruvian-cocaine-2\/#primaryimage\"},\"thumbnailUrl\":\"https:\/\/chemsfine.com\/wp-content\/uploads\/2026\/02\/peruvian-cocaine-buy-cocaine-online-1.jpg\",\"datePublished\":\"2026-02-12T09:51:47+00:00\",\"dateModified\":\"2026-03-25T14:01:29+00:00\",\"description\":\"Discover authentic Peruvian Cocaine for sale online at Chemsfine. Get high-purity cocaine with secure purchase options. Buy now for best prices.\",\"breadcrumb\":{\"@id\":\"https:\/\/chemsfine.com\/product\/buy-peruvian-cocaine-2\/#breadcrumb\"},\"inLanguage\":\"pl-PL\",\"potentialAction\":[{\"@type\":\"ReadAction\",\"target\":[\"https:\/\/chemsfine.com\/product\/buy-peruvian-cocaine-2\/\"]}]},{\"@type\":\"ImageObject\",\"inLanguage\":\"pl-PL\",\"@id\":\"https:\/\/chemsfine.com\/product\/buy-peruvian-cocaine-2\/#primaryimage\",\"url\":\"https:\/\/chemsfine.com\/wp-content\/uploads\/2026\/02\/peruvian-cocaine-buy-cocaine-online-1.jpg\",\"contentUrl\":\"https:\/\/chemsfine.com\/wp-content\/uploads\/2026\/02\/peruvian-cocaine-buy-cocaine-online-1.jpg\",\"width\":510,\"height\":510},{\"@type\":\"BreadcrumbList\",\"@id\":\"https:\/\/chemsfine.com\/product\/buy-peruvian-cocaine-2\/#breadcrumb\",\"itemListElement\":[{\"@type\":\"ListItem\",\"position\":1,\"name\":\"Home\",\"item\":\"https:\/\/chemsfine.com\/\"},{\"@type\":\"ListItem\",\"position\":2,\"name\":\"Shop\",\"item\":\"https:\/\/chemsfine.com\/shop\/\"},{\"@type\":\"ListItem\",\"position\":3,\"name\":\"Peruvian Cocaine &#8211; Buy Quality Cocaine Online\"}]},{\"@type\":\"WebSite\",\"@id\":\"https:\/\/chemsfine.com\/#website\",\"url\":\"https:\/\/chemsfine.com\/\",\"name\":\"Chemsfine\",\"description\":\"My WordPress Blog\",\"publisher\":{\"@id\":\"https:\/\/chemsfine.com\/#organization\"},\"potentialAction\":[{\"@type\":\"SearchAction\",\"target\":{\"@type\":\"EntryPoint\",\"urlTemplate\":\"https:\/\/chemsfine.com\/?s={search_term_string}\"},\"query-input\":{\"@type\":\"PropertyValueSpecification\",\"valueRequired\":true,\"valueName\":\"search_term_string\"}}],\"inLanguage\":\"pl-PL\"},{\"@type\":\"Organization\",\"@id\":\"https:\/\/chemsfine.com\/#organization\",\"name\":\"Chemsfine\",\"url\":\"https:\/\/chemsfine.com\/\",\"logo\":{\"@type\":\"ImageObject\",\"inLanguage\":\"pl-PL\",\"@id\":\"https:\/\/chemsfine.com\/#\/schema\/logo\/image\/\",\"url\":\"https:\/\/chemsfine.com\/wp-content\/uploads\/2024\/09\/final-logo.png\",\"contentUrl\":\"https:\/\/chemsfine.com\/wp-content\/uploads\/2024\/09\/final-logo.png\",\"width\":340,\"height\":72,\"caption\":\"Chemsfine\"},\"image\":{\"@id\":\"https:\/\/chemsfine.com\/#\/schema\/logo\/image\/\"}}]}<\/script>\n<!-- \/ Yoast SEO plugin. -->","yoast_head_json":{"title":"Kup peruwia\u0144sk\u0105 kokain\u0119 online | Dost\u0119pna kokaina wysokiej jako\u015bci","description":"Odkryj autentyczn\u0105 Peruwia\u0144ska kokaina na sprzeda\u017c online w Chemsfine. Uzyskaj kokain\u0119 o wysokiej czysto\u015bci z bezpiecznymi opcjami zakupu. Kup teraz w najlepszych cenach.","robots":{"index":"index","follow":"follow","max-snippet":"max-snippet:-1","max-image-preview":"max-image-preview:large","max-video-preview":"max-video-preview:-1"},"canonical":"https:\/\/chemsfine.com\/pl\/produkt\/buy-peruvian-cocaine-2\/","og_locale":"pl_PL","og_type":"article","og_title":"Buy Peruvian Cocaine Online | Quality Cocaine Available","og_description":"Discover authentic Peruvian Cocaine for sale online at Chemsfine. Get high-purity cocaine with secure purchase options. Buy now for best prices.","og_url":"https:\/\/chemsfine.com\/pl\/produkt\/buy-peruvian-cocaine-2\/","og_site_name":"Chemsfine","article_modified_time":"2026-03-25T14:01:29+00:00","og_image":[{"width":510,"height":510,"url":"https:\/\/chemsfine.com\/wp-content\/uploads\/2026\/02\/peruvian-cocaine-buy-cocaine-online-1.jpg","type":"image\/jpeg"}],"twitter_card":"summary_large_image","twitter_misc":{"Szacowany czas czytania":"5 minut"},"schema":{"@context":"https:\/\/schema.org","@graph":[{"@type":"WebPage","@id":"https:\/\/chemsfine.com\/product\/buy-peruvian-cocaine-2\/","url":"https:\/\/chemsfine.com\/product\/buy-peruvian-cocaine-2\/","name":"Kup peruwia\u0144sk\u0105 kokain\u0119 online | Dost\u0119pna kokaina wysokiej jako\u015bci","isPartOf":{"@id":"https:\/\/chemsfine.com\/#website"},"primaryImageOfPage":{"@id":"https:\/\/chemsfine.com\/product\/buy-peruvian-cocaine-2\/#primaryimage"},"image":{"@id":"https:\/\/chemsfine.com\/product\/buy-peruvian-cocaine-2\/#primaryimage"},"thumbnailUrl":"https:\/\/chemsfine.com\/wp-content\/uploads\/2026\/02\/peruvian-cocaine-buy-cocaine-online-1.jpg","datePublished":"2026-02-12T09:51:47+00:00","dateModified":"2026-03-25T14:01:29+00:00","description":"Odkryj autentyczn\u0105 Peruwia\u0144ska kokaina na sprzeda\u017c online w Chemsfine. Uzyskaj kokain\u0119 o wysokiej czysto\u015bci z bezpiecznymi opcjami zakupu. Kup teraz w najlepszych cenach.","breadcrumb":{"@id":"https:\/\/chemsfine.com\/product\/buy-peruvian-cocaine-2\/#breadcrumb"},"inLanguage":"pl-PL","potentialAction":[{"@type":"ReadAction","target":["https:\/\/chemsfine.com\/product\/buy-peruvian-cocaine-2\/"]}]},{"@type":"ImageObject","inLanguage":"pl-PL","@id":"https:\/\/chemsfine.com\/product\/buy-peruvian-cocaine-2\/#primaryimage","url":"https:\/\/chemsfine.com\/wp-content\/uploads\/2026\/02\/peruvian-cocaine-buy-cocaine-online-1.jpg","contentUrl":"https:\/\/chemsfine.com\/wp-content\/uploads\/2026\/02\/peruvian-cocaine-buy-cocaine-online-1.jpg","width":510,"height":510},{"@type":"BreadcrumbList","@id":"https:\/\/chemsfine.com\/product\/buy-peruvian-cocaine-2\/#breadcrumb","itemListElement":[{"@type":"ListItem","position":1,"name":"Home","item":"https:\/\/chemsfine.com\/"},{"@type":"ListItem","position":2,"name":"Shop","item":"https:\/\/chemsfine.com\/shop\/"},{"@type":"ListItem","position":3,"name":"Peruvian Cocaine &#8211; Buy Quality Cocaine Online"}]},{"@type":"WebSite","@id":"https:\/\/chemsfine.com\/#website","url":"https:\/\/chemsfine.com\/","name":"Chemsfine","description":"M\u00f3j blog WordPress","publisher":{"@id":"https:\/\/chemsfine.com\/#organization"},"potentialAction":[{"@type":"SearchAction","target":{"@type":"EntryPoint","urlTemplate":"https:\/\/chemsfine.com\/?s={search_term_string}"},"query-input":{"@type":"PropertyValueSpecification","valueRequired":true,"valueName":"search_term_string"}}],"inLanguage":"pl-PL"},{"@type":"Organization","@id":"https:\/\/chemsfine.com\/#organization","name":"Chemsfine","url":"https:\/\/chemsfine.com\/","logo":{"@type":"ImageObject","inLanguage":"pl-PL","@id":"https:\/\/chemsfine.com\/#\/schema\/logo\/image\/","url":"https:\/\/chemsfine.com\/wp-content\/uploads\/2024\/09\/final-logo.png","contentUrl":"https:\/\/chemsfine.com\/wp-content\/uploads\/2024\/09\/final-logo.png","width":340,"height":72,"caption":"Chemsfine"},"image":{"@id":"https:\/\/chemsfine.com\/#\/schema\/logo\/image\/"}}]}},"_links":{"self":[{"href":"https:\/\/chemsfine.com\/pl\/wp-json\/wp\/v2\/product\/5801","targetHints":{"allow":["GET"]}}],"collection":[{"href":"https:\/\/chemsfine.com\/pl\/wp-json\/wp\/v2\/product"}],"about":[{"href":"https:\/\/chemsfine.com\/pl\/wp-json\/wp\/v2\/types\/product"}],"replies":[{"embeddable":true,"href":"https:\/\/chemsfine.com\/pl\/wp-json\/wp\/v2\/comments?post=5801"}],"wp:featuredmedia":[{"embeddable":true,"href":"https:\/\/chemsfine.com\/pl\/wp-json\/wp\/v2\/media\/5849"}],"wp:attachment":[{"href":"https:\/\/chemsfine.com\/pl\/wp-json\/wp\/v2\/media?parent=5801"}],"wp:term":[{"taxonomy":"product_brand","embeddable":true,"href":"https:\/\/chemsfine.com\/pl\/wp-json\/wp\/v2\/product_brand?post=5801"},{"taxonomy":"product_cat","embeddable":true,"href":"https:\/\/chemsfine.com\/pl\/wp-json\/wp\/v2\/product_cat?post=5801"},{"taxonomy":"product_tag","embeddable":true,"href":"https:\/\/chemsfine.com\/pl\/wp-json\/wp\/v2\/product_tag?post=5801"}],"curies":[{"name":"wp","href":"https:\/\/api.w.org\/{rel}","templated":true}]}}