{"id":6087,"date":"2026-02-12T09:57:01","date_gmt":"2026-02-12T09:57:01","guid":{"rendered":"https:\/\/chemsfine.com\/?post_type=product&#038;p=6087"},"modified":"2026-03-25T13:46:03","modified_gmt":"2026-03-25T13:46:03","slug":"buy-rainbow-takashi-xtc","status":"publish","type":"product","link":"https:\/\/chemsfine.com\/pl\/product\/buy-rainbow-takashi-xtc\/","title":{"rendered":"130 XTC Rainbow Takashi 69 MDMA Pills - 265mg - Kup online"},"content":{"rendered":"<p>Czy chcesz <b>Kup tabletki XTC Rainbow Takashi 69 MDMA na sprzeda\u017c<\/b>? Trafi\u0142e\u015b we w\u0142a\u015bciwe miejsce. Chemsfine oferuje produkty najwy\u017cszej jako\u015bci przeznaczone dla wymagaj\u0105cych u\u017cytkownik\u00f3w poszukuj\u0105cych wyj\u0105tkowych wra\u017ce\u0144. Ka\u017cda partia naszego XTC Rainbow Takashi 69 jest wytwarzana z dba\u0142o\u015bci\u0105 o szczeg\u00f3\u0142y, zapewniaj\u0105c autentyczny i silny produkt.<\/p>\n<p>XTC Rainbow Takashi 69. Czyste, dobrze sprasowane tabletki Mojo jojo. \u015arednia dawka 2 tabletki po 20 mg dla \u0142atwego dawkowania. Ta euforyczna mieszanka psychodeliczna daje efekt LSD i XTC po\u0142\u0105czonych w czyst\u0105 podr\u00f3\u017c szcz\u0119\u015bcia. Podr\u00f3\u017c wywo\u0142a ciep\u0142e, spokojne uczucie z delikatnym uczuciem euforii. W po\u0142\u0105czeniu na przyk\u0142ad z muzyk\u0105 psy-trans i\/lub ciekawymi wizualizacjami b\u0119dzie to jedno z ciekawszych do\u015bwiadcze\u0144 psychodelicznych, jakie mo\u017cna mie\u0107. Dzi\u0119ki zawarto\u015bci 265 mg MDMA w pigu\u0142ce, jednostki te s\u0105 przygotowane do wywierania znacz\u0105cego wp\u0142ywu, co czyni je preferowanym wyborem dla tych, kt\u00f3rzy ceni\u0105 sobie intensywno\u015b\u0107 i czysto\u015b\u0107 swoich do\u015bwiadcze\u0144. Jeste\u015bmy dumni z dostarczania <b>wysoka czysto\u015b\u0107 na sprzeda\u017c<\/b>, zapewniaj\u0105c, \u017ce ka\u017cdy zakup od Chemsfine spe\u0142nia rygorystyczne standardy jako\u015bci.<\/p>\n<h2>Czym jest XTC Rainbow Takashi 69?<\/h2>\n<p>The <b>XTC Rainbow Takashi 69<\/b> Oferta jest odr\u0119bnym zwi\u0105zkiem w dziedzinie substancji euforycznych. MDMA, czyli 3,4-metylenodioksymetamfetamina (CAS: 42542-10-9, wz\u00f3r: C<sub>11<\/sub>H<sub>15<\/sub>NIE<sub>2<\/sub>), jest substancj\u0105 psychoaktywn\u0105 znan\u0105 g\u0142\u00f3wnie z zastosowa\u0144 rekreacyjnych. Znana jest ze swoich efekt\u00f3w empatogennych i entaktogennych, kt\u00f3re mog\u0105 promowa\u0107 uczucie euforii, zwi\u0119kszonej energii, empatii i percepcji sensorycznej. Nasz <b>najwy\u017cszej jako\u015bci XTC Rainbow Takashi 69<\/b> jest fachowo t\u0142oczona, aby zapewni\u0107 sta\u0142\u0105 dawk\u0119 i jako\u015b\u0107.<\/p>\n<p>W przeciwie\u0144stwie do typowych zwi\u0105zk\u00f3w rekreacyjnych, specyficzna formu\u0142a tych <b>pigu\u0142ki<\/b> zosta\u0142 zaprojektowany, aby zapewni\u0107 g\u0142\u0119bokie poczucie dobrego samopoczucia i wi\u0119zi. Oryginalny opis podkre\u015bla jego zdolno\u015b\u0107 do dostarczania \u2018czystej podr\u00f3\u017cy szcz\u0119\u015bcia\u2019 i \u2018ciep\u0142ego, spokojnego uczucia z delikatnym uczuciem euforii\u2019, efekt\u00f3w, kt\u00f3re rezonuj\u0105 z podstawowymi cechami wysokiej jako\u015bci MDMA. Produkt ten stanowi starannie wykonany produkt, kt\u00f3rego celem jest zapewnienie naprawd\u0119 niezapomnianych wra\u017ce\u0144. To czyni je doskona\u0142ym przyk\u0142adem <b>klasa laboratoryjna na sprzeda\u017c<\/b> w przyjaznym dla u\u017cytkownika formacie.<\/p>\n<h2>Dlaczego warto kupi\u0107 XTC Rainbow Takashi 69 online w Chemsfine?<\/h2>\n<p>Kiedy zdecydujesz si\u0119 <b>kupi\u0107 XTC Rainbow Takashi 69 online<\/b>, zaufanie i niezawodno\u015b\u0107 s\u0105 najwa\u017cniejsze. W Chemsfine jeste\u015bmy zaanga\u017cowani w dostarczanie <b>najlepsze dost\u0119pne XTC Rainbow Takashi 69<\/b> na rynku. Nasze zaanga\u017cowanie w doskona\u0142o\u015b\u0107 oznacza, \u017ce ka\u017cdy produkt przechodzi rygorystyczne kontrole jako\u015bci, aby zagwarantowa\u0107 moc i bezpiecze\u0144stwo. Rozumiemy, jak wa\u017cne jest otrzymanie dok\u0142adnie tego, czego oczekujesz przy zakupie tak specyficznych produkt\u00f3w.<\/p>\n<p>Co wi\u0119cej, nasza platforma online oferuje p\u0142ynne i dyskretne zakupy. Zapewniamy bezpiecze\u0144stwo transakcji i ochron\u0119 prywatno\u015bci. Wyb\u00f3r Chemsfine oznacza wyb\u00f3r dostawcy, dla kt\u00f3rego priorytetem jest zadowolenie klienta i integralno\u015b\u0107 produktu. Nasze zaanga\u017cowanie w dostarczanie niezmiennie wysokiej jako\u015bci mieszanek wyr\u00f3\u017cnia nas, czyni\u0105c nas \u017ar\u00f3d\u0142em autentycznych produkt\u00f3w. Kiedy <b>kup teraz online<\/b> Od nas inwestujesz w gwarantowan\u0105 satysfakcj\u0119 i najwy\u017csze standardy produkt\u00f3w.<\/p>\n<h2>Zastosowania<\/h2>\n<p>G\u0142\u00f3wne \u2018zastosowanie <b>XTC Rainbow Takashi 69<\/b>, jak opisano, jest przeznaczony do osobistego u\u017cytku rekreacyjnego, maj\u0105cego na celu euforyczne i psychodeliczne doznania. Jednak poza indywidualn\u0105 przyjemno\u015bci\u0105 kluczowe jest zrozumienie jej natury. Powszechne \u2018zastosowania\u2019 lub konteksty dla takich zwi\u0105zk\u00f3w, po ich nabyciu, obejmuj\u0105:<\/p>\n<ul>\n<li>Przyjemno\u015b\u0107 z rekreacji i poprawa do\u015bwiadcze\u0144 spo\u0142ecznych.<\/li>\n<li>Badanie \u015bwiadomo\u015bci w kontrolowanych, prywatnych warunkach.<\/li>\n<li>Stymulacja percepcji zmys\u0142owej, w szczeg\u00f3lno\u015bci za pomoc\u0105 muzyki i obraz\u00f3w.<\/li>\n<li>U\u0142atwienie stan\u00f3w introspekcji i empatii.<\/li>\n<li>U\u017cywany w okre\u015blonych subkulturach do unikalnych psychodelicznych podr\u00f3\u017cy.<\/li>\n<li>Potencjalne badania nad efektami entaktogennymi (zgodnie ze \u015bcis\u0142ymi wytycznymi prawnymi i etycznymi).<\/li>\n<li>Zebrane przez entuzjast\u00f3w jako konkretna partia (\u2018Takashi 69\u2019).<\/li>\n<\/ul>\n<h2>Bezpiecze\u0144stwo i zgodno\u015b\u0107<\/h2>\n<p>Bior\u0105c pod uwag\u0119 charakter <b>XTC Rainbow Takashi 69<\/b>, konieczne jest priorytetowe traktowanie bezpiecze\u0144stwa i przestrzeganie lokalnych przepis\u00f3w. Zawsze nale\u017cy obchodzi\u0107 si\u0119 z takimi substancjami w spos\u00f3b odpowiedzialny i mie\u0107 \u015bwiadomo\u015b\u0107 ich silnego dzia\u0142ania. Zaleca si\u0119 stosowanie odpowiedniego sprz\u0119tu ochrony osobistej (PPE), je\u015bli anga\u017cujesz si\u0119 w jak\u0105kolwiek form\u0119 obs\u0142ugi wykraczaj\u0105c\u0105 poza osobist\u0105 konsumpcj\u0119, oraz dzia\u0142anie w kontrolowanym, dobrze wentylowanym \u015brodowisku. Zrozumienie regionalnych przepis\u00f3w reguluj\u0105cych MDMA ma kluczowe znaczenie, poniewa\u017c przepisy znacznie si\u0119 r\u00f3\u017cni\u0105. Chemsfine promuje odpowiedzialne u\u017cywanie i przestrzeganie wszystkich obowi\u0105zuj\u0105cych ram prawnych.<\/p>\n<p>Dla tych, kt\u00f3rzy potrzebuj\u0105 szczeg\u00f3\u0142owych informacji, karty charakterystyki (SDS) i certyfikaty analizy (CoA) mog\u0105 by\u0107 dost\u0119pne na \u017c\u0105danie dla okre\u015blonych partii produkt\u00f3w, potwierdzaj\u0105c nasze zaanga\u017cowanie w przejrzysto\u015b\u0107 i zapewnienie jako\u015bci. Zapewnienie <b>bezpieczny zakup<\/b> wi\u0105\u017ce si\u0119 r\u00f3wnie\u017c z posiadaniem informacji na temat profilu produktu.<\/p>\n<h2>Dlaczego warto wybra\u0107 nas?<\/h2>\n<p>Chemsfine jest synonimem niezawodno\u015bci i jako\u015bci na rynku. Kiedy zdecydujesz si\u0119 <b>Zam\u00f3w XTC Rainbow Takashi 69 online<\/b> Wybieraj\u0105c nasze produkty, wybierasz partnera, kt\u00f3remu zale\u017cy na Twojej satysfakcji. Oferujemy przejrzyste szczeg\u00f3\u0142y dotycz\u0105ce naszych produkt\u00f3w, zapewniaj\u0105c pe\u0142ne informacje przed dokonaniem zakupu. Nasze rejestry partii s\u0105 skrupulatnie weryfikowane, gwarantuj\u0105c autentyczno\u015b\u0107 i okre\u015blon\u0105 dawk\u0119 ka\u017cdej tabletki.<\/p>\n<p>Staramy si\u0119 r\u00f3wnie\u017c oferowa\u0107 konkurencyjne ceny bez uszczerbku dla najwy\u017cszej jako\u015bci naszej oferty. Nasza obs\u0142uga klienta jest zawsze gotowa do pomocy w przypadku jakichkolwiek pyta\u0144, dzi\u0119ki czemu zakupy s\u0105 p\u0142ynne i godne zaufania. Dla tych, kt\u00f3rzy chc\u0105 dowiedzie\u0107 si\u0119 wi\u0119cej, polecamy nasze inne wysokiej jako\u015bci chemikalia badawcze, takie jak <a href=\"https:\/\/chemsfine.com\/pl\/produkt\/buy-5cl-adb-a-online-for-sale\/\"><b>5CL-ADB-A<\/b><\/a>, lub odkry\u0107 wi\u0119cej zwi\u0105zk\u00f3w, takich jak <a href=\"https:\/\/chemsfine.com\/pl\/produkt\/buy-4f-methylphenidate-4f-mph-online\/\"><b>4F-metylofenidat (4F-MPH)<\/b><\/a>, wszystkie dost\u0119pne z takim samym zaanga\u017cowaniem w doskona\u0142o\u015b\u0107. Masz pewno\u015b\u0107, \u017ce <b>autentyczny XTC Rainbow Takashi 69<\/b> do\u015bwiadczenie za ka\u017cdym razem.<\/p>\n<h2>Specyfikacja produktu<\/h2>\n<table>\n<thead>\n<tr>\n<th>Cecha<\/th>\n<th>Szczeg\u00f3\u0142y<\/th>\n<\/tr>\n<\/thead>\n<tbody>\n<tr>\n<td>Nazwa produktu<\/td>\n<td>XTC Rainbow Takashi 69<\/td>\n<\/tr>\n<tr>\n<td>Sk\u0142adnik aktywny<\/td>\n<td>MDMA (3,4-metylenodioksymetamfetamina)<\/td>\n<\/tr>\n<tr>\n<td>Dawkowanie na tabletk\u0119<\/td>\n<td>265 mg<\/td>\n<\/tr>\n<tr>\n<td>Ilo\u015b\u0107<\/td>\n<td>130 tabletek<\/td>\n<\/tr>\n<tr>\n<td>Typ pigu\u0142ki<\/td>\n<td>Czyste, dobrze wyt\u0142oczone \u201cMojo jojo\u201d<\/td>\n<\/tr>\n<tr>\n<td>Efekt podstawowy<\/td>\n<td>Euforyczne, psychodeliczne, ciep\u0142e, spokojne uczucie<\/td>\n<\/tr>\n<tr>\n<td>Zalecany kontekst u\u017cytkowania<\/td>\n<td>Z muzyk\u0105 psy-trans i\/lub ciekaw\u0105 opraw\u0105 wizualn\u0105<\/td>\n<\/tr>\n<\/tbody>\n<\/table>\n<h2>Wnioski<\/h2>\n<p>Podsumowuj\u0105c <b>XTC Rainbow Takashi 69<\/b> od Chemsfine oferuje wyj\u0105tkow\u0105 i wysokiej jako\u015bci opcj\u0119 dla os\u00f3b poszukuj\u0105cych specyficznych dozna\u0144 euforycznych i psychodelicznych. Z 265 mg czystego MDMA na tabletk\u0119 i reputacj\u0105 czystego t\u0142oczenia, tabletki te spe\u0142niaj\u0105 obietnic\u0119 \u2018czystej podr\u00f3\u017cy szcz\u0119\u015bcia\u2019. Zach\u0119camy do zapoznania si\u0119 z nasz\u0105 ofert\u0105 i przekonania si\u0119, \u017ce <b>kupi\u0107 XTC Rainbow Takashi 69 na sprzeda\u017c<\/b>, Wiedz\u0105c, \u017ce wybierasz zaufane \u017ar\u00f3d\u0142o wyj\u0105tkowej jako\u015bci i dyskretnej obs\u0142ugi. Poczuj r\u00f3\u017cnic\u0119 dzi\u0119ki Chemsfine - niezawodnemu partnerowi w zakresie mieszanek premium.<\/p>","protected":false},"excerpt":{"rendered":"<p>Odkryj <b>XTC Rainbow Takashi 69 pigu\u0142ek MDMA<\/b>, znana z dawki 265 mg i czystego t\u0142oczenia. Ta wyj\u0105tkowa mieszanka oferuje euforyczn\u0105, spokojn\u0105 podr\u00f3\u017c, \u0142\u0105cz\u0105c w sobie najlepsze psychodeliczne doznania. <b>Kup w Chemsfine<\/b> dla najwy\u017cszej jako\u015bci tabletek MDMA online.<\/p>","protected":false},"featured_media":6123,"comment_status":"open","ping_status":"closed","template":"","meta":{"_joinchat":[]},"product_brand":[],"product_cat":[973],"product_tag":[],"class_list":{"0":"post-6087","1":"product","2":"type-product","3":"status-publish","4":"has-post-thumbnail","6":"product_cat-pills","8":"first","9":"instock","10":"shipping-taxable","11":"purchasable","12":"product-type-variable"},"yoast_head":"<!-- This site is optimized with the Yoast SEO plugin v27.2 - https:\/\/yoast.com\/product\/yoast-seo-wordpress\/ -->\n<title>Buy XTC Rainbow Takashi 69 MDMA Pills Online - Best Price<\/title>\n<meta name=\"description\" content=\"Discover XTC Rainbow Takashi 69 MDMA pills for sale online at Chemsfine. Experience high-quality, authentic 265mg MDMA for a clean journey of happiness. Order now!\" \/>\n<meta name=\"robots\" content=\"index, follow, max-snippet:-1, max-image-preview:large, max-video-preview:-1\" \/>\n<link rel=\"canonical\" href=\"https:\/\/chemsfine.com\/pl\/produkt\/buy-rainbow-takashi-xtc\/\" \/>\n<meta property=\"og:locale\" content=\"pl_PL\" \/>\n<meta property=\"og:type\" content=\"article\" \/>\n<meta property=\"og:title\" content=\"Buy XTC Rainbow Takashi 69 MDMA Pills Online - Best Price\" \/>\n<meta property=\"og:description\" content=\"Discover XTC Rainbow Takashi 69 MDMA pills for sale online at Chemsfine. Experience high-quality, authentic 265mg MDMA for a clean journey of happiness. Order now!\" \/>\n<meta property=\"og:url\" content=\"https:\/\/chemsfine.com\/pl\/produkt\/buy-rainbow-takashi-xtc\/\" \/>\n<meta property=\"og:site_name\" content=\"Chemsfine\" \/>\n<meta property=\"article:modified_time\" content=\"2026-03-25T13:46:03+00:00\" \/>\n<meta property=\"og:image\" content=\"https:\/\/chemsfine.com\/wp-content\/uploads\/2026\/02\/130-pills-xtc-rainbow-takashi-69-sixnine-265mg-mdma-1.png\" \/>\n\t<meta property=\"og:image:width\" content=\"619\" \/>\n\t<meta property=\"og:image:height\" content=\"527\" \/>\n\t<meta property=\"og:image:type\" content=\"image\/png\" \/>\n<meta name=\"twitter:card\" content=\"summary_large_image\" \/>\n<meta name=\"twitter:label1\" content=\"Szacowany czas czytania\" \/>\n\t<meta name=\"twitter:data1\" content=\"5 minut\" \/>\n<script type=\"application\/ld+json\" class=\"yoast-schema-graph\">{\"@context\":\"https:\/\/schema.org\",\"@graph\":[{\"@type\":\"WebPage\",\"@id\":\"https:\/\/chemsfine.com\/product\/buy-rainbow-takashi-xtc\/\",\"url\":\"https:\/\/chemsfine.com\/product\/buy-rainbow-takashi-xtc\/\",\"name\":\"Buy XTC Rainbow Takashi 69 MDMA Pills Online - Best Price\",\"isPartOf\":{\"@id\":\"https:\/\/chemsfine.com\/#website\"},\"primaryImageOfPage\":{\"@id\":\"https:\/\/chemsfine.com\/product\/buy-rainbow-takashi-xtc\/#primaryimage\"},\"image\":{\"@id\":\"https:\/\/chemsfine.com\/product\/buy-rainbow-takashi-xtc\/#primaryimage\"},\"thumbnailUrl\":\"https:\/\/chemsfine.com\/wp-content\/uploads\/2026\/02\/130-pills-xtc-rainbow-takashi-69-sixnine-265mg-mdma-1.png\",\"datePublished\":\"2026-02-12T09:57:01+00:00\",\"dateModified\":\"2026-03-25T13:46:03+00:00\",\"description\":\"Discover XTC Rainbow Takashi 69 MDMA pills for sale online at Chemsfine. Experience high-quality, authentic 265mg MDMA for a clean journey of happiness. Order now!\",\"breadcrumb\":{\"@id\":\"https:\/\/chemsfine.com\/product\/buy-rainbow-takashi-xtc\/#breadcrumb\"},\"inLanguage\":\"pl-PL\",\"potentialAction\":[{\"@type\":\"ReadAction\",\"target\":[\"https:\/\/chemsfine.com\/product\/buy-rainbow-takashi-xtc\/\"]}]},{\"@type\":\"ImageObject\",\"inLanguage\":\"pl-PL\",\"@id\":\"https:\/\/chemsfine.com\/product\/buy-rainbow-takashi-xtc\/#primaryimage\",\"url\":\"https:\/\/chemsfine.com\/wp-content\/uploads\/2026\/02\/130-pills-xtc-rainbow-takashi-69-sixnine-265mg-mdma-1.png\",\"contentUrl\":\"https:\/\/chemsfine.com\/wp-content\/uploads\/2026\/02\/130-pills-xtc-rainbow-takashi-69-sixnine-265mg-mdma-1.png\",\"width\":619,\"height\":527},{\"@type\":\"BreadcrumbList\",\"@id\":\"https:\/\/chemsfine.com\/product\/buy-rainbow-takashi-xtc\/#breadcrumb\",\"itemListElement\":[{\"@type\":\"ListItem\",\"position\":1,\"name\":\"Home\",\"item\":\"https:\/\/chemsfine.com\/\"},{\"@type\":\"ListItem\",\"position\":2,\"name\":\"Shop\",\"item\":\"https:\/\/chemsfine.com\/shop\/\"},{\"@type\":\"ListItem\",\"position\":3,\"name\":\"130 XTC Rainbow Takashi 69 MDMA Pills &#8211; 265mg &#8211; Buy Online\"}]},{\"@type\":\"WebSite\",\"@id\":\"https:\/\/chemsfine.com\/#website\",\"url\":\"https:\/\/chemsfine.com\/\",\"name\":\"Chemsfine\",\"description\":\"My WordPress Blog\",\"publisher\":{\"@id\":\"https:\/\/chemsfine.com\/#organization\"},\"potentialAction\":[{\"@type\":\"SearchAction\",\"target\":{\"@type\":\"EntryPoint\",\"urlTemplate\":\"https:\/\/chemsfine.com\/?s={search_term_string}\"},\"query-input\":{\"@type\":\"PropertyValueSpecification\",\"valueRequired\":true,\"valueName\":\"search_term_string\"}}],\"inLanguage\":\"pl-PL\"},{\"@type\":\"Organization\",\"@id\":\"https:\/\/chemsfine.com\/#organization\",\"name\":\"Chemsfine\",\"url\":\"https:\/\/chemsfine.com\/\",\"logo\":{\"@type\":\"ImageObject\",\"inLanguage\":\"pl-PL\",\"@id\":\"https:\/\/chemsfine.com\/#\/schema\/logo\/image\/\",\"url\":\"https:\/\/chemsfine.com\/wp-content\/uploads\/2024\/09\/final-logo.png\",\"contentUrl\":\"https:\/\/chemsfine.com\/wp-content\/uploads\/2024\/09\/final-logo.png\",\"width\":340,\"height\":72,\"caption\":\"Chemsfine\"},\"image\":{\"@id\":\"https:\/\/chemsfine.com\/#\/schema\/logo\/image\/\"}}]}<\/script>\n<!-- \/ Yoast SEO plugin. -->","yoast_head_json":{"title":"Kup tabletki XTC Rainbow Takashi 69 MDMA online - Najlepsza cena","description":"Odkryj tabletki XTC Rainbow Takashi 69 MDMA na sprzeda\u017c online w Chemsfine. Do\u015bwiadcz wysokiej jako\u015bci, autentycznego MDMA 265 mg dla czystej podr\u00f3\u017cy szcz\u0119\u015bcia. Zam\u00f3w teraz!","robots":{"index":"index","follow":"follow","max-snippet":"max-snippet:-1","max-image-preview":"max-image-preview:large","max-video-preview":"max-video-preview:-1"},"canonical":"https:\/\/chemsfine.com\/pl\/produkt\/buy-rainbow-takashi-xtc\/","og_locale":"pl_PL","og_type":"article","og_title":"Buy XTC Rainbow Takashi 69 MDMA Pills Online - Best Price","og_description":"Discover XTC Rainbow Takashi 69 MDMA pills for sale online at Chemsfine. Experience high-quality, authentic 265mg MDMA for a clean journey of happiness. Order now!","og_url":"https:\/\/chemsfine.com\/pl\/produkt\/buy-rainbow-takashi-xtc\/","og_site_name":"Chemsfine","article_modified_time":"2026-03-25T13:46:03+00:00","og_image":[{"width":619,"height":527,"url":"https:\/\/chemsfine.com\/wp-content\/uploads\/2026\/02\/130-pills-xtc-rainbow-takashi-69-sixnine-265mg-mdma-1.png","type":"image\/png"}],"twitter_card":"summary_large_image","twitter_misc":{"Szacowany czas czytania":"5 minut"},"schema":{"@context":"https:\/\/schema.org","@graph":[{"@type":"WebPage","@id":"https:\/\/chemsfine.com\/product\/buy-rainbow-takashi-xtc\/","url":"https:\/\/chemsfine.com\/product\/buy-rainbow-takashi-xtc\/","name":"Kup tabletki XTC Rainbow Takashi 69 MDMA online - Najlepsza cena","isPartOf":{"@id":"https:\/\/chemsfine.com\/#website"},"primaryImageOfPage":{"@id":"https:\/\/chemsfine.com\/product\/buy-rainbow-takashi-xtc\/#primaryimage"},"image":{"@id":"https:\/\/chemsfine.com\/product\/buy-rainbow-takashi-xtc\/#primaryimage"},"thumbnailUrl":"https:\/\/chemsfine.com\/wp-content\/uploads\/2026\/02\/130-pills-xtc-rainbow-takashi-69-sixnine-265mg-mdma-1.png","datePublished":"2026-02-12T09:57:01+00:00","dateModified":"2026-03-25T13:46:03+00:00","description":"Odkryj tabletki XTC Rainbow Takashi 69 MDMA na sprzeda\u017c online w Chemsfine. Do\u015bwiadcz wysokiej jako\u015bci, autentycznego MDMA 265 mg dla czystej podr\u00f3\u017cy szcz\u0119\u015bcia. Zam\u00f3w teraz!","breadcrumb":{"@id":"https:\/\/chemsfine.com\/product\/buy-rainbow-takashi-xtc\/#breadcrumb"},"inLanguage":"pl-PL","potentialAction":[{"@type":"ReadAction","target":["https:\/\/chemsfine.com\/product\/buy-rainbow-takashi-xtc\/"]}]},{"@type":"ImageObject","inLanguage":"pl-PL","@id":"https:\/\/chemsfine.com\/product\/buy-rainbow-takashi-xtc\/#primaryimage","url":"https:\/\/chemsfine.com\/wp-content\/uploads\/2026\/02\/130-pills-xtc-rainbow-takashi-69-sixnine-265mg-mdma-1.png","contentUrl":"https:\/\/chemsfine.com\/wp-content\/uploads\/2026\/02\/130-pills-xtc-rainbow-takashi-69-sixnine-265mg-mdma-1.png","width":619,"height":527},{"@type":"BreadcrumbList","@id":"https:\/\/chemsfine.com\/product\/buy-rainbow-takashi-xtc\/#breadcrumb","itemListElement":[{"@type":"ListItem","position":1,"name":"Home","item":"https:\/\/chemsfine.com\/"},{"@type":"ListItem","position":2,"name":"Shop","item":"https:\/\/chemsfine.com\/shop\/"},{"@type":"ListItem","position":3,"name":"130 XTC Rainbow Takashi 69 MDMA Pills &#8211; 265mg &#8211; Buy Online"}]},{"@type":"WebSite","@id":"https:\/\/chemsfine.com\/#website","url":"https:\/\/chemsfine.com\/","name":"Chemsfine","description":"M\u00f3j blog WordPress","publisher":{"@id":"https:\/\/chemsfine.com\/#organization"},"potentialAction":[{"@type":"SearchAction","target":{"@type":"EntryPoint","urlTemplate":"https:\/\/chemsfine.com\/?s={search_term_string}"},"query-input":{"@type":"PropertyValueSpecification","valueRequired":true,"valueName":"search_term_string"}}],"inLanguage":"pl-PL"},{"@type":"Organization","@id":"https:\/\/chemsfine.com\/#organization","name":"Chemsfine","url":"https:\/\/chemsfine.com\/","logo":{"@type":"ImageObject","inLanguage":"pl-PL","@id":"https:\/\/chemsfine.com\/#\/schema\/logo\/image\/","url":"https:\/\/chemsfine.com\/wp-content\/uploads\/2024\/09\/final-logo.png","contentUrl":"https:\/\/chemsfine.com\/wp-content\/uploads\/2024\/09\/final-logo.png","width":340,"height":72,"caption":"Chemsfine"},"image":{"@id":"https:\/\/chemsfine.com\/#\/schema\/logo\/image\/"}}]}},"_links":{"self":[{"href":"https:\/\/chemsfine.com\/pl\/wp-json\/wp\/v2\/product\/6087","targetHints":{"allow":["GET"]}}],"collection":[{"href":"https:\/\/chemsfine.com\/pl\/wp-json\/wp\/v2\/product"}],"about":[{"href":"https:\/\/chemsfine.com\/pl\/wp-json\/wp\/v2\/types\/product"}],"replies":[{"embeddable":true,"href":"https:\/\/chemsfine.com\/pl\/wp-json\/wp\/v2\/comments?post=6087"}],"wp:featuredmedia":[{"embeddable":true,"href":"https:\/\/chemsfine.com\/pl\/wp-json\/wp\/v2\/media\/6123"}],"wp:attachment":[{"href":"https:\/\/chemsfine.com\/pl\/wp-json\/wp\/v2\/media?parent=6087"}],"wp:term":[{"taxonomy":"product_brand","embeddable":true,"href":"https:\/\/chemsfine.com\/pl\/wp-json\/wp\/v2\/product_brand?post=6087"},{"taxonomy":"product_cat","embeddable":true,"href":"https:\/\/chemsfine.com\/pl\/wp-json\/wp\/v2\/product_cat?post=6087"},{"taxonomy":"product_tag","embeddable":true,"href":"https:\/\/chemsfine.com\/pl\/wp-json\/wp\/v2\/product_tag?post=6087"}],"curies":[{"name":"wp","href":"https:\/\/api.w.org\/{rel}","templated":true}]}}