{"id":6089,"date":"2026-02-12T09:57:01","date_gmt":"2026-02-12T09:57:01","guid":{"rendered":"https:\/\/chemsfine.com\/?post_type=product&#038;p=6089"},"modified":"2026-03-25T13:45:37","modified_gmt":"2026-03-25T13:45:37","slug":"dom-perignon-mdma-pills","status":"publish","type":"product","link":"https:\/\/chemsfine.com\/pl\/product\/dom-perignon-mdma-pills\/","title":{"rendered":"10x 250mg Dom Perignon MDMA Pills | Najwy\u017csza jako\u015b\u0107"},"content":{"rendered":"<p>Czy chcesz <b>Kup tabletki Dom Perignon MDMA na sprzeda\u017c<\/b>? Nie szukaj dalej. chemsfine z dum\u0105 prezentuje wyj\u0105tkowe tabletki Dom Perignon MDMA, produkt stworzony dla tych, kt\u00f3rzy wymagaj\u0105 najwy\u017cszej czysto\u015bci i jako\u015bci. Nasze zaanga\u017cowanie gwarantuje, \u017ce ka\u017cdy wymagaj\u0105cy nabywca otrzyma naprawd\u0119 doskona\u0142\u0105 substancj\u0119. Integralno\u015b\u0107 naszej oferty jest najwa\u017cniejsza, dzi\u0119ki czemu jeste\u015bmy zaufanym \u017ar\u00f3d\u0142em na rynku.<\/p>\n<p>Tabletki Dom Perignon MDMA s\u0105 \u015bwiadectwem skrupulatnej produkcji i rygorystycznej kontroli jako\u015bci. Ka\u017cda tabletka cenionej marki Dom Perignon zawiera autentycznie 260 mg + Pure Uncut MDMA (93% MDMA rocks, \u017cadne inne sk\u0142adniki nie s\u0105 gwarantowane). Ten precyzyjny sk\u0142ad jest konsekwentnie utrzymywany, zapewniaj\u0105c niezr\u00f3wnane doznania. Naszym priorytetem jest przejrzysto\u015b\u0107 i si\u0142a dzia\u0142ania, co daje pewno\u015b\u0107 ka\u017cdego zakupu. Ten produkt jest testowany laboratoryjnie NETTO w podziemnych laboratoriach i wykonany z perfekcj\u0105, dzi\u0119ki czemu satysfakcja 100% jest gwarantowana z ka\u017cd\u0105 oferowan\u0105 przez nas tabletk\u0105.<\/p>\n<h2>Czym s\u0105 tabletki Dom Perignon MDMA?<\/h2>\n<p>Tabletki MDMA Dom Perignon reprezentuj\u0105 specyficzny rodzaj substancji rekreacyjnej, skrupulatnie opracowanej pod k\u0105tem sp\u00f3jno\u015bci i efektu. MDMA, czyli 3,4-metylenodioksymetamfetamina, jest dobrze znana ze swoich charakterystycznych w\u0142a\u015bciwo\u015bci, cz\u0119sto kojarzonych z uczuciem euforii i zwi\u0119kszon\u0105 percepcj\u0105 sensoryczn\u0105. Nasza marka Dom Perignon zapewnia, \u017ce substancja ta jest prezentowana w wysokiej jako\u015bci, sprasowanej formie tabletek, co czyni j\u0105 wygodn\u0105 i niezawodn\u0105 opcj\u0105 dla os\u00f3b poszukuj\u0105cych specyficznych wra\u017ce\u0144. Ka\u017cda jednostka jest starannie skalibrowana, aby zapewni\u0107 sta\u0142\u0105 dawk\u0119, co jest kluczowym czynnikiem wp\u0142ywaj\u0105cym na wra\u017cenia u\u017cytkownika. Kiedy szukasz <b>Najwy\u017cszej jako\u015bci tabletki Dom Perignon MDMA<\/b>, Zrozumienie ich sk\u0142adu i standard\u00f3w produkcji jest kluczowe. Ten produkt zosta\u0142 zaprojektowany, aby spe\u0142ni\u0107 oczekiwania tych, kt\u00f3rzy szukaj\u0105 sprawdzonej czysto\u015bci i niezawodnych rezultat\u00f3w.<\/p>\n<p>Nasze zaanga\u017cowanie w jako\u015b\u0107 rozci\u0105ga si\u0119 na ka\u017cd\u0105 parti\u0119. MDMA zawarte w tych tabletkach jest pozyskiwane i przetwarzane w celu utrzymania wyj\u0105tkowego poziomu czysto\u015bci, zweryfikowanego jako 93% MDMA rocks. To wysokie st\u0119\u017cenie gwarantuje, \u017ce otrzymujesz niezafa\u0142szowany produkt, wolny od niepo\u017c\u0105danych dodatk\u00f3w. Obietnica \u201cnie gwarantujemy \u017cadnych innych sk\u0142adnik\u00f3w\u201d podkre\u015bla nasze zaanga\u017cowanie w dostarczanie czystej i silnej substancji. To skrupulatne podej\u015bcie do produkcji sprawia, \u017ce nasze tabletki Dom Perignon MDMA Pills s\u0105 najlepszym wyborem dost\u0119pnym na rynku. D\u0105\u017cymy do doskona\u0142o\u015bci w ka\u017cdym aspekcie, od wyboru surowca po ko\u0144cow\u0105 sprasowan\u0105 pigu\u0142k\u0119, zapewniaj\u0105c, \u017ce nasi klienci otrzymuj\u0105 tylko to, co najlepsze.<\/p>\n<table>\n<thead>\n<tr>\n<th>Atrybut<\/th>\n<th>Szczeg\u00f3\u0142y<\/th>\n<\/tr>\n<\/thead>\n<tbody>\n<tr>\n<td>Nazwa produktu<\/td>\n<td>Pigu\u0142ki MDMA Dom Perignon<\/td>\n<\/tr>\n<tr>\n<td>Kluczowy sk\u0142adnik<\/td>\n<td>Pure Uncut MDMA<\/td>\n<\/tr>\n<tr>\n<td>Poziom czysto\u015bci<\/td>\n<td>93% MDMA Rocks<\/td>\n<\/tr>\n<tr>\n<td>Dawkowanie na tabletk\u0119<\/td>\n<td>260 mg+<\/td>\n<\/tr>\n<tr>\n<td>Zapewnienie jako\u015bci<\/td>\n<td>NETTO przetestowane w laboratorium<\/td>\n<\/tr>\n<tr>\n<td>Dodatkowe sk\u0142adniki<\/td>\n<td>Brak gwarancji<\/td>\n<\/tr>\n<\/tbody>\n<\/table>\n<h2>Dlaczego warto kupi\u0107 tabletki Dom Perignon MDMA online od chemsfine?<\/h2>\n<p>Wyb\u00f3r chemsfine jako dostawcy oznacza wyb\u00f3r niezr\u00f3wnanej niezawodno\u015bci i dyskrecji. Rozumiemy znaczenie bezpiecznych i godnych zaufania transakcji, gdy chcesz naby\u0107 tak wyspecjalizowane produkty. Nasza platforma jest zoptymalizowana, aby zapewni\u0107 p\u0142ynne zakupy, zapewniaj\u0105c prywatno\u015b\u0107 i satysfakcj\u0119 zawsze na pierwszym miejscu. Naszym celem jest bycie \u017ar\u00f3d\u0142em <b>Najlepsze dost\u0119pne tabletki MDMA Dom Perignon<\/b>, wspierane przez nasze rygorystyczne kontrole jako\u015bci i przejrzyste praktyki.<\/p>\n<p>Ka\u017cda partia naszych tabletek Dom Perignon MDMA poddawana jest rygorystycznym testom laboratoryjnym NETTO w wyspecjalizowanych laboratoriach. Te szeroko zakrojone testy gwarantuj\u0105 deklarowan\u0105 czysto\u015b\u0107 i moc, zapewniaj\u0105c naszym klientom dodatkow\u0105 warstw\u0119 zaufania. D\u0105\u017cenie do perfekcji w naszym procesie produkcyjnym oznacza, \u017ce satysfakcja 100% jest gwarantowana w przypadku ka\u017cdej oferowanej przez nas tabletki. To niezachwiane zaanga\u017cowanie w jako\u015b\u0107 jest tym, co wyr\u00f3\u017cnia chemsfine na konkurencyjnym rynku online. Wierzymy w dostarczanie produkt\u00f3w, kt\u00f3re nie tylko spe\u0142niaj\u0105, ale i przekraczaj\u0105 oczekiwania, buduj\u0105c d\u0142ugoterminowe zaufanie naszych klient\u00f3w.<\/p>\n<p>Co wi\u0119cej, nasza obs\u0142uga klienta zosta\u0142a zaprojektowana tak, aby wspiera\u0107 Ci\u0119 na ka\u017cdym etapie zakupu. Od szczeg\u00f3\u0142owych informacji o produkcie po dyskretne pakowanie i sprawn\u0105 dostaw\u0119, zapewniamy profesjonalne i bezpieczne do\u015bwiadczenie. Dla os\u00f3b poszukuj\u0105cych substancji najwy\u017cszej jako\u015bci, chemsfine oferuje godne zaufania i przejrzyste \u015brodowisko zakupowe. Nieustannie d\u0105\u017cymy do utrzymania naszej reputacji jako dostawcy produkt\u00f3w najwy\u017cszej jako\u015bci, zawsze stawiaj\u0105c na pierwszym miejscu zaufanie klient\u00f3w i integralno\u015b\u0107 produktu. Odkryj r\u00f3\u017cnic\u0119, jak\u0105 skrupulatne zaopatrzenie i rygorystyczna kontrola jako\u015bci mog\u0105 zrobi\u0107 z chemsfine.<\/p>\n<h2>Zastosowania<\/h2>\n<p>Omawiaj\u0105c zastosowania substancji takich jak MDMA, wa\u017cne jest, aby uzna\u0107 ich specyficzne konteksty i wymagaj\u0105cy charakter ich nabywania. Pigu\u0142ki MDMA Dom Perignon s\u0105 poszukiwane przez osoby fizyczne w celu uzyskania okre\u015blonych do\u015bwiadcze\u0144, co jest zgodne z szerok\u0105 kategori\u0105 substancji stosowanych w r\u00f3\u017cnych \u015brodowiskach. Sta\u0142a dawka i wysoki poziom czysto\u015bci oznaczaj\u0105, \u017ce kupuj\u0105cy mog\u0105 polega\u0107 na znormalizowanym produkcie do zamierzonych cel\u00f3w. Zrozumienie atrybut\u00f3w takiej substancji jest kluczem do jej w\u0142a\u015bciwego nabycia i rozwa\u017cenia. Dla os\u00f3b zainteresowanych szersz\u0105 gam\u0105 wysokiej jako\u015bci substancji oferujemy r\u00f3wnie\u017c produkty takie jak <a href=\"https:\/\/chemsfine.com\/pl\/produkt\/buy-hashish-online\/\">haszysz premium<\/a>, zaspokajaj\u0105c r\u00f3\u017cne potrzeby.<\/p>\n<ul>\n<li>Do u\u017cytku osobistego przez wymagaj\u0105ce osoby poszukuj\u0105ce okre\u015blonych wra\u017ce\u0144 rekreacyjnych.<\/li>\n<li>Eksploracja w kontrolowanych, odpowiedzialnych warunkach, w kt\u00f3rych takie substancje s\u0105 brane pod uwag\u0119.<\/li>\n<li>Nabycie dla prywatnych kolekcji lub konkretnych zainteresowa\u0144 zwi\u0105zkami psychoaktywnymi.<\/li>\n<li>Potencjalne zastosowanie w kontekstach wymagaj\u0105cych znanego zwi\u0105zku o wysokiej czysto\u015bci do r\u00f3\u017cnych cel\u00f3w.<\/li>\n<li>Dla os\u00f3b, dla kt\u00f3rych priorytetem jest przetestowana laboratoryjnie i gwarantowana czysto\u015b\u0107 wybranych substancji.<\/li>\n<\/ul>\n<p>Nasze tabletki Dom Perignon MDMA s\u0105 starannie przygotowane, aby spe\u0142ni\u0107 wymagania nawet najbardziej rygorystycznych standard\u00f3w. Wyra\u017ana gwarancja \u201cbraku innych sk\u0142adnik\u00f3w\u201d zapewnia czysto\u015b\u0107 produktu, co jest kluczowym czynnikiem dla wielu u\u017cytkownik\u00f3w. Produkt ten zapewnia do\u015bwiadczenie zakorzenione w czysto\u015bci i precyzyjnym sk\u0142adzie, co czyni go preferowanym wyborem dla wielu os\u00f3b.<\/p>\n<h2>Bezpiecze\u0144stwo i zgodno\u015b\u0107<\/h2>\n<p>W chemsfine koncentrujemy si\u0119 na dostarczaniu wyj\u0105tkowej jako\u015bci produkt\u00f3w, ale podkre\u015blamy r\u00f3wnie\u017c znaczenie odpowiedzialnego podej\u015bcia do charakteru oferowanych przez nas produkt\u00f3w. Podczas obchodzenia si\u0119 z jakimkolwiek specjalistycznym zwi\u0105zkiem, priorytetem jest bezpiecze\u0144stwo. U\u017cytkownicy powinni by\u0107 zawsze \u015bwiadomi w\u0142a\u015bciwo\u015bci substancji, z kt\u00f3r\u0105 maj\u0105 do czynienia. Obejmuje to zrozumienie odpowiednich dawek i potencjalnych interakcji, aby zapewni\u0107 bezpieczne do\u015bwiadczenie.<\/p>\n<p>Opowiadamy si\u0119 za odpowiedzialnymi praktykami podczas interakcji z takimi substancjami. Informacje dotycz\u0105ce bezpiecznego obchodzenia si\u0119, przechowywania i \u015brodk\u00f3w ochrony osobistej (PPE) s\u0105 og\u00f3lnie zalecane dla ka\u017cdego zwi\u0105zku chemicznego, niezale\u017cnie od jego przeznaczenia. Utrzymywanie kontrolowanego \u015brodowiska jest r\u00f3wnie\u017c powszechnym zaleceniem zapewniaj\u0105cym zar\u00f3wno stabilno\u015b\u0107 produktu, jak i bezpiecze\u0144stwo u\u017cytkownika. Zach\u0119camy kupuj\u0105cych do zapoznania si\u0119 z lokalnymi przepisami i wytycznymi dotycz\u0105cymi takich substancji. Aby uzyska\u0107 szersz\u0105 gam\u0119 wysokiej jako\u015bci zwi\u0105zk\u00f3w badawczych, mo\u017cesz zapozna\u0107 si\u0119 z takimi opcjami, jak <a href=\"https:\/\/chemsfine.com\/pl\/produkt\/kupic-2c-b-4-bromo-2-5-dimetoksyfenetyloamine-online\/\">2C-B<\/a> na naszej platformie, zapewniaj\u0105c zawsze zgodno\u015b\u0107 z lokalnymi przepisami.<\/p>\n<p>Chocia\u017c gwarantujemy czysto\u015b\u0107 i testowany laboratoryjnie charakter naszych tabletek Dom Perignon MDMA, nie udzielamy konkretnych porad prawnych ani nie popieramy \u017cadnego konkretnego zastosowania poza tym, co jest dozwolone przez prawo. Klienci s\u0105 odpowiedzialni za w\u0142asn\u0105 nale\u017cyt\u0105 staranno\u015b\u0107 w zakresie legalno\u015bci i bezpiecznej obs\u0142ugi. Informacje takie jak karty charakterystyki (SDS) i certyfikaty analizy (CoA) s\u0105 standardowymi dokumentami w przemy\u015ble chemicznym, zapewniaj\u0105cymi szczeg\u00f3\u0142owy wgl\u0105d w sk\u0142ad produktu i \u015brodki bezpiecze\u0144stwa. Chocia\u017c nie jest to wyra\u017anie przewidziane dla produkt\u00f3w rekreacyjnych, zasada przejrzysto\u015bci kieruje naszymi dzia\u0142aniami, w kt\u00f3rych zapewniamy, \u017ce wszystkie o\u015bwiadczenia dotycz\u0105ce czysto\u015bci i test\u00f3w produkt\u00f3w s\u0105 mo\u017cliwe do zweryfikowania.<\/p>\n<h2>Dlaczego warto wybra\u0107 chemsfine?<\/h2>\n<p>Wyb\u00f3r chemsfine oznacza wyb\u00f3r partnera zaanga\u017cowanego w doskona\u0142o\u015b\u0107 i zadowolenie klienta. Wyr\u00f3\u017cniamy si\u0119 przejrzysto\u015bci\u0105, zweryfikowanymi rejestrami partii i konkurencyjnymi cenami. Decyduj\u0105c si\u0119 na <b>Zam\u00f3w online tabletki Dom Perignon MDMA<\/b> Od nas inwestujesz w produkt wspierany przez rygorystyczn\u0105 kontrol\u0119 jako\u015bci i obietnic\u0119 uczciwo\u015bci. Ca\u0142y nasz proces, od zaopatrzenia po pakowanie, zosta\u0142 zaprojektowany z my\u015bl\u0105 o kliencie, zapewniaj\u0105c p\u0142ynne i dyskretne do\u015bwiadczenie od pocz\u0105tku do ko\u0144ca.<\/p>\n<p>Nasze przejrzyste szczeg\u00f3\u0142y zapewniaj\u0105, \u017ce dok\u0142adnie wiesz, co kupujesz. Poziom czysto\u015bci 93% MDMA rocks, wraz z gwarancj\u0105 braku innych sk\u0142adnik\u00f3w, jest \u015bwiadectwem naszego zaanga\u017cowania w uczciwo\u015b\u0107. Zweryfikowane rejestry partii dodatkowo wzmacniaj\u0105 nasze twierdzenie o sta\u0142ej jako\u015bci, pozwalaj\u0105c ci zaufa\u0107 otrzymywanemu produktowi. Co wi\u0119cej, nasze konkurencyjne ceny zapewniaj\u0105 najwy\u017csz\u0105 jako\u015b\u0107 bez wyg\u00f3rowanych koszt\u00f3w, dzi\u0119ki czemu wysokiej jako\u015bci produkty MDMA s\u0105 dost\u0119pne dla wymagaj\u0105cych nabywc\u00f3w. Wierzymy, \u017ce jako\u015b\u0107 nie powinna by\u0107 luksusem, ale standardem, na kt\u00f3ry zas\u0142uguje ka\u017cdy klient.<\/p>\n<p>W chemsfine rozumiemy niuanse rynku i oczekiwania naszych klient\u00f3w. Skupiamy si\u0119 na dostarczaniu produkt\u00f3w, kt\u00f3re s\u0105 dok\u0142adnie zgodne z opisem, za ka\u017cdym razem. To przywi\u0105zanie do precyzji i zaufania klient\u00f3w stanowi podstaw\u0119 naszych us\u0142ug. Do\u015bwiadcz \u0142atwo\u015bci i pewno\u015bci zamawiania u zaufanego dostawcy online, gdzie Twoje zadowolenie jest naszym priorytetem. Zapraszamy do zapoznania si\u0119 z nasz\u0105 ofert\u0105 i do\u0142\u0105czenia do naszej spo\u0142eczno\u015bci zadowolonych klient\u00f3w. Osobom poszukuj\u0105cym wysokiej jako\u015bci substancji zapewniamy, \u017ce nasze produkty spe\u0142niaj\u0105 najbardziej rygorystyczne standardy. Nasza szeroka oferta obejmuje inne zwi\u0105zki premium, kt\u00f3re spe\u0142niaj\u0105 ten sam wysoki poziom jako\u015bci i test\u00f3w. <a href=\"https:\/\/chemsfine.com\/pl\/produkt\/buy-hashish-online\/\">Poznaj nasze inne produkty wysokiej jako\u015bci<\/a> i odkryj r\u00f3\u017cnic\u0119 chemsfine ju\u017c dzi\u015b. Nieustannie aktualizujemy nasze zapasy, aby dostarcza\u0107 najlepsze i najbardziej poszukiwane substancje na rynku, wszystkie rygorystycznie testowane pod k\u0105tem czysto\u015bci i si\u0142y dzia\u0142ania.<\/p>\n<h2>Wnioski<\/h2>\n<p>Podsumowuj\u0105c, tabletki Dom Perignon MDMA oferowane przez chemsfine stanowi\u0105 szczyt jako\u015bci i czysto\u015bci w swojej kategorii. Ka\u017cda pigu\u0142ka to obietnica 260 mg+ czystego MDMA, rygorystycznie testowanego laboratoryjnie pod k\u0105tem czysto\u015bci 93% MDMA, z gwarancj\u0105, \u017ce nie zawiera \u017cadnych innych sk\u0142adnik\u00f3w. Nasze niezachwiane d\u0105\u017cenie do doskona\u0142o\u015bci zapewnia satysfakcj\u0119 100% przy ka\u017cdym zakupie. Dla tych, kt\u00f3rzy chc\u0105 mie\u0107 pewno\u015b\u0107 <b>Kup tabletki Dom Perignon MDMA na sprzeda\u017c<\/b>, Chemsfine to niezawodne i dyskretne miejsce docelowe online. Zaufaj naszej jako\u015bci, przejrzysto\u015bci i zaanga\u017cowaniu na rzecz Twojej satysfakcji. Podnie\u015b swoje do\u015bwiadczenie, wybieraj\u0105c chemsfine, gdzie najwy\u017csza jako\u015b\u0107 spotyka si\u0119 z niezachwian\u0105 pewno\u015bci\u0105, za ka\u017cdym razem.<\/p>","protected":false},"excerpt":{"rendered":"<p>Odkryj jako\u015b\u0107 premium <b>Pigu\u0142ki MDMA<\/b> od renomowanej marki Dom Perignon. Ka\u017cda tabletka zawiera 260mg+ czystego, testowanego laboratoryjnie MDMA. Zapewnij sobie satysfakcj\u0119, kupuj\u0105c w chemsfine, gdzie dost\u0119pne s\u0105 tylko produkty najwy\u017cszej jako\u015bci.<\/p>","protected":false},"featured_media":6130,"comment_status":"open","ping_status":"closed","template":"","meta":{"_joinchat":[]},"product_brand":[],"product_cat":[973],"product_tag":[],"class_list":{"0":"post-6089","1":"product","2":"type-product","3":"status-publish","4":"has-post-thumbnail","6":"product_cat-pills","8":"first","9":"instock","10":"shipping-taxable","11":"purchasable","12":"product-type-variable"},"yoast_head":"<!-- This site is optimized with the Yoast SEO plugin v27.2 - https:\/\/yoast.com\/product\/yoast-seo-wordpress\/ -->\n<title>Buy Dom Perignon MDMA Pills Online | Best Quality Available<\/title>\n<meta name=\"description\" content=\"Get premium Dom Perignon MDMA Pills online at chemsfine. Lab-tested for purity and potency. Experience satisfaction with our top-quality products available for purchase.\" \/>\n<meta name=\"robots\" content=\"index, follow, max-snippet:-1, max-image-preview:large, max-video-preview:-1\" \/>\n<link rel=\"canonical\" href=\"https:\/\/chemsfine.com\/pl\/produkt\/dom-perignon-mdma-pills\/\" \/>\n<meta property=\"og:locale\" content=\"pl_PL\" \/>\n<meta property=\"og:type\" content=\"article\" \/>\n<meta property=\"og:title\" content=\"Buy Dom Perignon MDMA Pills Online | Best Quality Available\" \/>\n<meta property=\"og:description\" content=\"Get premium Dom Perignon MDMA Pills online at chemsfine. Lab-tested for purity and potency. Experience satisfaction with our top-quality products available for purchase.\" \/>\n<meta property=\"og:url\" content=\"https:\/\/chemsfine.com\/pl\/produkt\/dom-perignon-mdma-pills\/\" \/>\n<meta property=\"og:site_name\" content=\"Chemsfine\" \/>\n<meta property=\"article:modified_time\" content=\"2026-03-25T13:45:37+00:00\" \/>\n<meta property=\"og:image\" content=\"https:\/\/chemsfine.com\/wp-content\/uploads\/2026\/02\/10-250mg-dom-perignon-mdma-pills-1.png\" \/>\n\t<meta property=\"og:image:width\" content=\"989\" \/>\n\t<meta property=\"og:image:height\" content=\"397\" \/>\n\t<meta property=\"og:image:type\" content=\"image\/png\" \/>\n<meta name=\"twitter:card\" content=\"summary_large_image\" \/>\n<meta name=\"twitter:label1\" content=\"Szacowany czas czytania\" \/>\n\t<meta name=\"twitter:data1\" content=\"8 minut\" \/>\n<script type=\"application\/ld+json\" class=\"yoast-schema-graph\">{\"@context\":\"https:\/\/schema.org\",\"@graph\":[{\"@type\":\"WebPage\",\"@id\":\"https:\/\/chemsfine.com\/product\/dom-perignon-mdma-pills\/\",\"url\":\"https:\/\/chemsfine.com\/product\/dom-perignon-mdma-pills\/\",\"name\":\"Buy Dom Perignon MDMA Pills Online | Best Quality Available\",\"isPartOf\":{\"@id\":\"https:\/\/chemsfine.com\/#website\"},\"primaryImageOfPage\":{\"@id\":\"https:\/\/chemsfine.com\/product\/dom-perignon-mdma-pills\/#primaryimage\"},\"image\":{\"@id\":\"https:\/\/chemsfine.com\/product\/dom-perignon-mdma-pills\/#primaryimage\"},\"thumbnailUrl\":\"https:\/\/chemsfine.com\/wp-content\/uploads\/2026\/02\/10-250mg-dom-perignon-mdma-pills-1.png\",\"datePublished\":\"2026-02-12T09:57:01+00:00\",\"dateModified\":\"2026-03-25T13:45:37+00:00\",\"description\":\"Get premium Dom Perignon MDMA Pills online at chemsfine. Lab-tested for purity and potency. Experience satisfaction with our top-quality products available for purchase.\",\"breadcrumb\":{\"@id\":\"https:\/\/chemsfine.com\/product\/dom-perignon-mdma-pills\/#breadcrumb\"},\"inLanguage\":\"pl-PL\",\"potentialAction\":[{\"@type\":\"ReadAction\",\"target\":[\"https:\/\/chemsfine.com\/product\/dom-perignon-mdma-pills\/\"]}]},{\"@type\":\"ImageObject\",\"inLanguage\":\"pl-PL\",\"@id\":\"https:\/\/chemsfine.com\/product\/dom-perignon-mdma-pills\/#primaryimage\",\"url\":\"https:\/\/chemsfine.com\/wp-content\/uploads\/2026\/02\/10-250mg-dom-perignon-mdma-pills-1.png\",\"contentUrl\":\"https:\/\/chemsfine.com\/wp-content\/uploads\/2026\/02\/10-250mg-dom-perignon-mdma-pills-1.png\",\"width\":989,\"height\":397},{\"@type\":\"BreadcrumbList\",\"@id\":\"https:\/\/chemsfine.com\/product\/dom-perignon-mdma-pills\/#breadcrumb\",\"itemListElement\":[{\"@type\":\"ListItem\",\"position\":1,\"name\":\"Home\",\"item\":\"https:\/\/chemsfine.com\/\"},{\"@type\":\"ListItem\",\"position\":2,\"name\":\"Shop\",\"item\":\"https:\/\/chemsfine.com\/shop\/\"},{\"@type\":\"ListItem\",\"position\":3,\"name\":\"10x 250mg Dom Perignon MDMA Pills | Premium Quality\"}]},{\"@type\":\"WebSite\",\"@id\":\"https:\/\/chemsfine.com\/#website\",\"url\":\"https:\/\/chemsfine.com\/\",\"name\":\"Chemsfine\",\"description\":\"My WordPress Blog\",\"publisher\":{\"@id\":\"https:\/\/chemsfine.com\/#organization\"},\"potentialAction\":[{\"@type\":\"SearchAction\",\"target\":{\"@type\":\"EntryPoint\",\"urlTemplate\":\"https:\/\/chemsfine.com\/?s={search_term_string}\"},\"query-input\":{\"@type\":\"PropertyValueSpecification\",\"valueRequired\":true,\"valueName\":\"search_term_string\"}}],\"inLanguage\":\"pl-PL\"},{\"@type\":\"Organization\",\"@id\":\"https:\/\/chemsfine.com\/#organization\",\"name\":\"Chemsfine\",\"url\":\"https:\/\/chemsfine.com\/\",\"logo\":{\"@type\":\"ImageObject\",\"inLanguage\":\"pl-PL\",\"@id\":\"https:\/\/chemsfine.com\/#\/schema\/logo\/image\/\",\"url\":\"https:\/\/chemsfine.com\/wp-content\/uploads\/2024\/09\/final-logo.png\",\"contentUrl\":\"https:\/\/chemsfine.com\/wp-content\/uploads\/2024\/09\/final-logo.png\",\"width\":340,\"height\":72,\"caption\":\"Chemsfine\"},\"image\":{\"@id\":\"https:\/\/chemsfine.com\/#\/schema\/logo\/image\/\"}}]}<\/script>\n<!-- \/ Yoast SEO plugin. -->","yoast_head_json":{"title":"Kup Dom Perignon MDMA Pills Online | Najlepsza dost\u0119pna jako\u015b\u0107","description":"Uzyskaj wysokiej jako\u015bci tabletki Dom Perignon MDMA online w chemsfine. Testowane laboratoryjnie pod k\u0105tem czysto\u015bci i mocy. Do\u015bwiadcz satysfakcji z naszych najwy\u017cszej jako\u015bci produkt\u00f3w dost\u0119pnych w sprzeda\u017cy.","robots":{"index":"index","follow":"follow","max-snippet":"max-snippet:-1","max-image-preview":"max-image-preview:large","max-video-preview":"max-video-preview:-1"},"canonical":"https:\/\/chemsfine.com\/pl\/produkt\/dom-perignon-mdma-pills\/","og_locale":"pl_PL","og_type":"article","og_title":"Buy Dom Perignon MDMA Pills Online | Best Quality Available","og_description":"Get premium Dom Perignon MDMA Pills online at chemsfine. Lab-tested for purity and potency. Experience satisfaction with our top-quality products available for purchase.","og_url":"https:\/\/chemsfine.com\/pl\/produkt\/dom-perignon-mdma-pills\/","og_site_name":"Chemsfine","article_modified_time":"2026-03-25T13:45:37+00:00","og_image":[{"width":989,"height":397,"url":"https:\/\/chemsfine.com\/wp-content\/uploads\/2026\/02\/10-250mg-dom-perignon-mdma-pills-1.png","type":"image\/png"}],"twitter_card":"summary_large_image","twitter_misc":{"Szacowany czas czytania":"8 minut"},"schema":{"@context":"https:\/\/schema.org","@graph":[{"@type":"WebPage","@id":"https:\/\/chemsfine.com\/product\/dom-perignon-mdma-pills\/","url":"https:\/\/chemsfine.com\/product\/dom-perignon-mdma-pills\/","name":"Kup Dom Perignon MDMA Pills Online | Najlepsza dost\u0119pna jako\u015b\u0107","isPartOf":{"@id":"https:\/\/chemsfine.com\/#website"},"primaryImageOfPage":{"@id":"https:\/\/chemsfine.com\/product\/dom-perignon-mdma-pills\/#primaryimage"},"image":{"@id":"https:\/\/chemsfine.com\/product\/dom-perignon-mdma-pills\/#primaryimage"},"thumbnailUrl":"https:\/\/chemsfine.com\/wp-content\/uploads\/2026\/02\/10-250mg-dom-perignon-mdma-pills-1.png","datePublished":"2026-02-12T09:57:01+00:00","dateModified":"2026-03-25T13:45:37+00:00","description":"Uzyskaj wysokiej jako\u015bci tabletki Dom Perignon MDMA online w chemsfine. Testowane laboratoryjnie pod k\u0105tem czysto\u015bci i mocy. Do\u015bwiadcz satysfakcji z naszych najwy\u017cszej jako\u015bci produkt\u00f3w dost\u0119pnych w sprzeda\u017cy.","breadcrumb":{"@id":"https:\/\/chemsfine.com\/product\/dom-perignon-mdma-pills\/#breadcrumb"},"inLanguage":"pl-PL","potentialAction":[{"@type":"ReadAction","target":["https:\/\/chemsfine.com\/product\/dom-perignon-mdma-pills\/"]}]},{"@type":"ImageObject","inLanguage":"pl-PL","@id":"https:\/\/chemsfine.com\/product\/dom-perignon-mdma-pills\/#primaryimage","url":"https:\/\/chemsfine.com\/wp-content\/uploads\/2026\/02\/10-250mg-dom-perignon-mdma-pills-1.png","contentUrl":"https:\/\/chemsfine.com\/wp-content\/uploads\/2026\/02\/10-250mg-dom-perignon-mdma-pills-1.png","width":989,"height":397},{"@type":"BreadcrumbList","@id":"https:\/\/chemsfine.com\/product\/dom-perignon-mdma-pills\/#breadcrumb","itemListElement":[{"@type":"ListItem","position":1,"name":"Home","item":"https:\/\/chemsfine.com\/"},{"@type":"ListItem","position":2,"name":"Shop","item":"https:\/\/chemsfine.com\/shop\/"},{"@type":"ListItem","position":3,"name":"10x 250mg Dom Perignon MDMA Pills | Premium Quality"}]},{"@type":"WebSite","@id":"https:\/\/chemsfine.com\/#website","url":"https:\/\/chemsfine.com\/","name":"Chemsfine","description":"M\u00f3j blog WordPress","publisher":{"@id":"https:\/\/chemsfine.com\/#organization"},"potentialAction":[{"@type":"SearchAction","target":{"@type":"EntryPoint","urlTemplate":"https:\/\/chemsfine.com\/?s={search_term_string}"},"query-input":{"@type":"PropertyValueSpecification","valueRequired":true,"valueName":"search_term_string"}}],"inLanguage":"pl-PL"},{"@type":"Organization","@id":"https:\/\/chemsfine.com\/#organization","name":"Chemsfine","url":"https:\/\/chemsfine.com\/","logo":{"@type":"ImageObject","inLanguage":"pl-PL","@id":"https:\/\/chemsfine.com\/#\/schema\/logo\/image\/","url":"https:\/\/chemsfine.com\/wp-content\/uploads\/2024\/09\/final-logo.png","contentUrl":"https:\/\/chemsfine.com\/wp-content\/uploads\/2024\/09\/final-logo.png","width":340,"height":72,"caption":"Chemsfine"},"image":{"@id":"https:\/\/chemsfine.com\/#\/schema\/logo\/image\/"}}]}},"_links":{"self":[{"href":"https:\/\/chemsfine.com\/pl\/wp-json\/wp\/v2\/product\/6089","targetHints":{"allow":["GET"]}}],"collection":[{"href":"https:\/\/chemsfine.com\/pl\/wp-json\/wp\/v2\/product"}],"about":[{"href":"https:\/\/chemsfine.com\/pl\/wp-json\/wp\/v2\/types\/product"}],"replies":[{"embeddable":true,"href":"https:\/\/chemsfine.com\/pl\/wp-json\/wp\/v2\/comments?post=6089"}],"wp:featuredmedia":[{"embeddable":true,"href":"https:\/\/chemsfine.com\/pl\/wp-json\/wp\/v2\/media\/6130"}],"wp:attachment":[{"href":"https:\/\/chemsfine.com\/pl\/wp-json\/wp\/v2\/media?parent=6089"}],"wp:term":[{"taxonomy":"product_brand","embeddable":true,"href":"https:\/\/chemsfine.com\/pl\/wp-json\/wp\/v2\/product_brand?post=6089"},{"taxonomy":"product_cat","embeddable":true,"href":"https:\/\/chemsfine.com\/pl\/wp-json\/wp\/v2\/product_cat?post=6089"},{"taxonomy":"product_tag","embeddable":true,"href":"https:\/\/chemsfine.com\/pl\/wp-json\/wp\/v2\/product_tag?post=6089"}],"curies":[{"name":"wp","href":"https:\/\/api.w.org\/{rel}","templated":true}]}}