{"id":6175,"date":"2026-02-12T09:59:29","date_gmt":"2026-02-12T09:59:29","guid":{"rendered":"https:\/\/chemsfine.com\/?post_type=product&#038;p=6175"},"modified":"2026-03-25T13:36:13","modified_gmt":"2026-03-25T13:36:13","slug":"buy-cmc-powder-2","status":"publish","type":"product","link":"https:\/\/chemsfine.com\/pl\/product\/buy-cmc-powder-2\/","title":{"rendered":"Kup Czysty Proszek 3-CMC Online dla Zaawansowanych Bada\u0144"},"content":{"rendered":"<p>Kup najwy\u017cszej jako\u015bci proszek 3-CMC w Research Stimulants. Czysto\u015b\u0107 testowana laboratoryjnie, sta\u0142a jako\u015b\u0107 i niezawodna wysy\u0142ka do zaawansowanych zastosowa\u0144 badawczych. Gdy szukasz <b>kupi\u0107 3-CMC Proszek na sprzeda\u017c<\/b>, Zapewnienie produktu, kt\u00f3ry gwarantuje zar\u00f3wno wysok\u0105 czysto\u015b\u0107, jak i etyczne pozyskiwanie, ma kluczowe znaczenie dla pomy\u015blnych wynik\u00f3w bada\u0144. W Chemsfine rozumiemy krytyczne potrzeby naukowc\u00f3w, oferuj\u0105c najwy\u017cszej jako\u015bci proszek 3-CMC. Nasze zaanga\u017cowanie rozci\u0105ga si\u0119 na zapewnienie dok\u0142adnie przetestowanej laboratoryjnie czysto\u015bci, zapewniaj\u0105c sta\u0142\u0105 jako\u015b\u0107 ka\u017cdej partii. U\u0142atwiamy niezawodn\u0105 i dyskretn\u0105 wysy\u0142k\u0119 do zaawansowanych zastosowa\u0144 badawczych, dzi\u0119ki czemu proces pozyskiwania jest p\u0142ynny i godny zaufania. Dla tych, kt\u00f3rzy po\u015bwi\u0119caj\u0105 si\u0119 precyzyjnym badaniom naukowym, wybieraj\u0105c <b>Kup 3-CMC w proszku online<\/b> od renomowanego dostawcy, takiego jak Chemsfine, oznacza inwestowanie w dok\u0142adno\u015b\u0107 i niezawodno\u015b\u0107. Zapewniamy, \u017ce ka\u017cdy gram naszych <b>Proszek 3-CMC klasy badawczej na sprzeda\u017c<\/b> spe\u0142nia rygorystyczne kontrole jako\u015bci, wspieraj\u0105c Twoje wysi\u0142ki analityczne z pewno\u015bci\u0105.<\/p>\n<h2>Czym jest proszek 3-CMC?<\/h2>\n<p>3-CMC, chemicznie znany jako 3-chlorometkatynon, to substancja chemiczna nale\u017c\u0105ca do klasy podstawionych katynon\u00f3w. Charakteryzuje si\u0119 wzorem cz\u0105steczkowym <code>C<sub>10<\/sub>H<sub>12<\/sub>ClNO<\/code> i ma mas\u0119 molow\u0105 oko\u0142o 197,66 g\/mol. Zwi\u0105zek ten jest szeroko badany w r\u00f3\u017cnych dyscyplinach naukowych ze wzgl\u0119du na jego unikalne w\u0142a\u015bciwo\u015bci i potencjalne interakcje w kontrolowanych warunkach laboratoryjnych. Jako substancja o wysokiej czysto\u015bci, s\u0142u\u017cy jako cenne narz\u0119dzie do zrozumienia z\u0142o\u017conych szlak\u00f3w biochemicznych i zale\u017cno\u015bci struktura-aktywno\u015b\u0107. Naukowcy na ca\u0142ym \u015bwiecie polegaj\u0105 na sta\u0142ej jako\u015bci takich zwi\u0105zk\u00f3w, aby uzyska\u0107 powtarzalne i dok\u0142adne wyniki. Naszym zobowi\u0105zaniem jest dostarczanie wy\u0142\u0105cznie <b>Najwy\u017cszej jako\u015bci proszek 3-CMC<\/b>, zapewniaj\u0105c, \u017ce eksperymenty s\u0105 przeprowadzane przy u\u017cyciu materia\u0142\u00f3w o najwy\u017cszym dost\u0119pnym standardzie.<\/p>\n<h3>Kluczowe specyfikacje produktu<\/h3>\n<table>\n<thead>\n<tr>\n<th>W\u0142asno\u015b\u0107<\/th>\n<th>Opis<\/th>\n<\/tr>\n<\/thead>\n<tbody>\n<tr>\n<td>Nazwa produktu<\/td>\n<td>Proszek 3-CMC<\/td>\n<\/tr>\n<tr>\n<td>Nazwa chemiczna<\/td>\n<td>3-Chlorometkatynon<\/td>\n<\/tr>\n<tr>\n<td>Wz\u00f3r cz\u0105steczkowy<\/td>\n<td>C<sub>10<\/sub>H<sub>12<\/sub>ClNO<\/td>\n<\/tr>\n<tr>\n<td>Masa molowa<\/td>\n<td>197,66 g\/mol<\/td>\n<\/tr>\n<tr>\n<td>Czysto\u015b\u0107<\/td>\n<td>Wysoka czysto\u015b\u0107 testowana laboratoryjnie<\/td>\n<\/tr>\n<tr>\n<td>Stopie\u0144<\/td>\n<td>Ocena badawcza<\/td>\n<\/tr>\n<\/tbody>\n<\/table>\n<p>Zrozumienie dok\u0142adnej to\u017csamo\u015bci chemicznej 3-CMC ma kluczowe znaczenie dla bezpiecznego i skutecznego obchodzenia si\u0119 z nim w \u015brodowisku badawczym, kieruj\u0105c skrupulatnym projektowaniem eksperyment\u00f3w i interpretacj\u0105 danych. Kiedy <b>Kup 3-CMC w proszku<\/b>, W ten spos\u00f3b nabywasz substancj\u0119 o dobrze zdefiniowanym profilu chemicznym, niezb\u0119dnym do rygorystycznych bada\u0144 naukowych. Dzi\u0119ki temu ka\u017cda partia proszku 3-CMC jest sp\u00f3jna i niezawodna.<\/p>\n<h2>Dlaczego warto kupi\u0107 proszek 3-CMC online w Chemsfine?<\/h2>\n<p>Wyb\u00f3r miejsca, w kt\u00f3rym <b>Kup 3-CMC w proszku online<\/b> to decyzja, kt\u00f3ra wp\u0142ywa na integralno\u015b\u0107 Twoich bada\u0144. W Chemsfine priorytetowo traktujemy przejrzysto\u015b\u0107, zapewnienie jako\u015bci i zadowolenie klienta. Jeste\u015bmy dumni z oferowania <b>Najlepszy dost\u0119pny proszek 3-CMC<\/b>, i skrupulatnie testowany przez niezale\u017cne laboratoria w celu weryfikacji jego czysto\u015bci i autentyczno\u015bci. Nasze rygorystyczne protoko\u0142y kontroli jako\u015bci maj\u0105 na celu wyeliminowanie zanieczyszcze\u0144 i zapewnienie, \u017ce otrzymasz produkt idealnie nadaj\u0105cy si\u0119 do wymagaj\u0105cych zastosowa\u0144 naukowych. Dlatego te\u017c, gdy zdecydujesz si\u0119 na <b>Zam\u00f3w proszek 3-CMC online<\/b> z Chemsfine, wybierasz partnera oddanego doskona\u0142o\u015bci. Ponadto nasza bezpieczna platforma zakupowa gwarantuje bezpieczn\u0105 transakcj\u0119, zapewniaj\u0105c spok\u00f3j ducha od wyboru do dostawy. Rozumiemy znaczenie dyskrecji i niezawodnej obs\u0142ugi w sektorze chemii badawczej. W przypadku innych zwi\u0105zk\u00f3w o wysokiej czysto\u015bci mo\u017cna r\u00f3wnie\u017c rozwa\u017cy\u0107 nasz\u0105 ofert\u0119 <a href=\"https:\/\/chemsfine.com\/pl\/produkt\/buy-high-purity-a-pihp-online-research-stimulants-for-sale\/\">wysokiej czysto\u015bci a-PiHP online<\/a> lub zapoznaj si\u0119 z nasz\u0105 <a href=\"https:\/\/chemsfine.com\/pl\/produkt\/kupic-lsd-online\/\">Chemikalia badawcze LSD<\/a>. Nasz dedykowany zesp\u00f3\u0142 wsparcia jest zawsze gotowy do pomocy w przypadku jakichkolwiek pyta\u0144, zapewniaj\u0105c p\u0142ynne i profesjonalne do\u015bwiadczenie. Dbamy o to, aby ka\u017cda transakcja <b>autentyczny proszek 3-CMC<\/b> s\u0105 obs\u0142ugiwane z najwy\u017csz\u0105 staranno\u015bci\u0105 i profesjonalizmem, co wzmacnia nasz\u0105 reputacj\u0119 zaufanego dostawcy.<\/p>\n<h2>Zastosowania proszku 3-CMC<\/h2>\n<p>Proszek 3-CMC znajduje zastosowanie w szerokim spektrum zaawansowanych aplikacji badawczych, g\u0142\u00f3wnie w kontrolowanych \u015brodowiskach laboratoryjnych. Jego unikalna struktura chemiczna czyni go intryguj\u0105cym przedmiotem r\u00f3\u017cnych bada\u0144 naukowych. Podstawowe zastosowania obejmuj\u0105:<\/p>\n<ul>\n<li>Badania farmakologiczne koncentruj\u0105ce si\u0119 na interakcjach receptor\u00f3w i odpowiedziach fizjologicznych.<\/li>\n<li>Oceny toksykologiczne w celu okre\u015blenia profili bezpiecze\u0144stwa i szlak\u00f3w metabolicznych.<\/li>\n<li>Badania z zakresu chemii analitycznej w celu opracowania nowych metod wykrywania i standard\u00f3w.<\/li>\n<li>Badania neurochemiczne badaj\u0105ce jego wp\u0142yw na uk\u0142ady neuroprzeka\u017anik\u00f3w.<\/li>\n<li>Materia\u0142oznawstwo bada jego w\u0142a\u015bciwo\u015bci fizyczne i chemiczne.<\/li>\n<li>Rozw\u00f3j nowych szlak\u00f3w syntetycznych i optymalizacja istniej\u0105cych metodologii.<\/li>\n<li>Badania edukacyjne i akademickie s\u0142u\u017c\u0105ce nauczaniu i demonstrowaniu zasad chemicznych.<\/li>\n<li>Aplikacje kryminalistyczne do identyfikacji i charakteryzacji nowych zwi\u0105zk\u00f3w.<\/li>\n<\/ul>\n<p>Te r\u00f3\u017cnorodne zastosowania podkre\u015blaj\u0105 znaczenie <b>Proszek 3-CMC o wysokiej czysto\u015bci na sprzeda\u017c<\/b> jako wszechstronne narz\u0119dzie badawcze. Naukowcy konsekwentnie poszukuj\u0105 tej formy proszku 3-CMC, aby zapewni\u0107 wa\u017cno\u015b\u0107 i wiarygodno\u015b\u0107 swoich danych eksperymentalnych w tych krytycznych dziedzinach. Szerokie zastosowanie tego zwi\u0105zku podkre\u015bla ci\u0105g\u0142e zapotrzebowanie na sp\u00f3jne i niezawodne dostawy z zaufanych \u017ar\u00f3de\u0142, takich jak Chemsfine.<\/p>\n<h2>Bezpiecze\u0144stwo i zgodno\u015b\u0107 dla proszku 3-CMC<\/h2>\n<p>Obs\u0142uga proszku 3-CMC wymaga \u015bcis\u0142ego przestrzegania protoko\u0142\u00f3w bezpiecze\u0144stwa i wytycznych regulacyjnych. Naukowcy musz\u0105 stosowa\u0107 odpowiedni sprz\u0119t ochrony osobistej (PPE), w tym fartuchy laboratoryjne, okulary ochronne i r\u0119kawice, aby zminimalizowa\u0107 nara\u017cenie. Wszystkie eksperymenty z u\u017cyciem proszku 3-CMC powinny by\u0107 przeprowadzane w kontrolowanym \u015brodowisku, takim jak dobrze wentylowany wyci\u0105g, aby zapobiec wdychaniu i utrzyma\u0107 jako\u015b\u0107 powietrza w laboratorium. Konieczne jest zapoznanie si\u0119 i przestrzeganie wszystkich obowi\u0105zuj\u0105cych przepis\u00f3w dotycz\u0105cych obchodzenia si\u0119, przechowywania i utylizacji chemikali\u00f3w badawczych. W Chemsfine dostarczamy kompleksowe karty charakterystyki (SDS) przy ka\u017cdym zakupie, wyszczeg\u00f3lniaj\u0105ce kluczowe informacje dotycz\u0105ce w\u0142a\u015bciwo\u015bci chemicznych, zagro\u017ce\u0144 i procedur bezpiecznego post\u0119powania. Ponadto \u0142atwo dost\u0119pne s\u0105 certyfikaty analizy (CoA), potwierdzaj\u0105ce czysto\u015b\u0107 i to\u017csamo\u015b\u0107 naszych produkt\u00f3w. <b>laboratoryjny proszek 3-CMC na sprzeda\u017c<\/b>. To zobowi\u0105zanie do zapewnienia bezpiecze\u0144stwa i zgodno\u015bci z przepisami gwarantuje, \u017ce naukowcy mog\u0105 prowadzi\u0107 swoje badania w spos\u00f3b odpowiedzialny i etyczny, minimalizuj\u0105c ryzyko przy jednoczesnej maksymalizacji integralno\u015bci eksperymentalnej. Podkre\u015blamy, \u017ce proszek 3-CMC jest przeznaczony wy\u0142\u0105cznie do cel\u00f3w badawczych, a nie do spo\u017cycia przez ludzi.<\/p>\n<h2>Dlaczego warto wybra\u0107 Chemsfine dla swoich potrzeb 3-CMC?<\/h2>\n<p>Kiedy zdecydujesz si\u0119 <b>Zam\u00f3w proszek 3-CMC online<\/b>, Wyb\u00f3r Chemsfine oferuje niezr\u00f3wnane po\u0142\u0105czenie jako\u015bci, niezawodno\u015bci i dedykowanego wsparcia. Wyr\u00f3\u017cniamy si\u0119 oferuj\u0105c przejrzyste szczeg\u00f3\u0142y dotycz\u0105ce wszystkich naszych produkt\u00f3w, zapewniaj\u0105c pe\u0142ne informacje przed dokonaniem zakupu. Ka\u017cda partia naszego proszku 3-CMC jest dostarczana ze zweryfikowanymi zapisami partii, zapewniaj\u0105c mo\u017cliwy do skontrolowania \u015blad jego produkcji i testowania. To zobowi\u0105zanie do zapewnienia weryfikowalnej jako\u015bci oznacza, \u017ce mo\u017cesz bez obaw <b>Kup 3-CMC w proszku online<\/b> ze \u017ar\u00f3d\u0142a, kt\u00f3rego priorytetem jest sukces badawczy. Opr\u00f3cz rygorystycznej kontroli jako\u015bci oferujemy konkurencyjne ceny, dzi\u0119ki czemu najwy\u017cszej jako\u015bci chemikalia badawcze s\u0105 dost\u0119pne bez uszczerbku dla czysto\u015bci. Nasza reputacja zaufanego dostawcy opiera si\u0119 na konsekwentnym dostarczaniu wyj\u0105tkowych us\u0142ug i wysokiej jako\u015bci produkt\u00f3w. Zach\u0119camy badaczy do przekonania si\u0119 o r\u00f3\u017cnicy w zaopatrywaniu si\u0119 w <b>Proszek 3-CMC o wysokiej czysto\u015bci na sprzeda\u017c<\/b> od dostawcy prawdziwie zaanga\u017cowanego w post\u0119p naukowy. Wybierz Chemsfine, aby dokona\u0107 bezpiecznego zakupu i nawi\u0105za\u0107 wsp\u00f3\u0142prac\u0119, kt\u00f3ra podniesie poziom Twoich bada\u0144.<\/p>\n<h2>Wnioski<\/h2>\n<p>Podsumowuj\u0105c, dla badaczy pragn\u0105cych <b>kupi\u0107 3-CMC Proszek na sprzeda\u017c<\/b>, Chemsfine oferuje niezr\u00f3wnane po\u0142\u0105czenie czysto\u015bci produkt\u00f3w, zapewnienia jako\u015bci i dedykowanej obs\u0142ugi klienta. Nasze zaanga\u017cowanie w dostarczanie przetestowanych laboratoryjnie, wysokiej jako\u015bci chemikali\u00f3w badawczych zapewnia, \u017ce Twoje wysi\u0142ki naukowe s\u0105 wspierane przez niezawodne i sp\u00f3jne materia\u0142y. Decyduj\u0105c si\u0119 na <b>kup teraz online<\/b>, Zaufaj firmie Chemsfine, kt\u00f3ra dostarczy wyj\u0105tkow\u0105 jako\u015b\u0107 bezpo\u015brednio do Twojego laboratorium. Jeste\u015bmy niezawodnym partnerem w zaawansowanych badaniach chemicznych, oferuj\u0105cym bezpieczne zakupy dla wszystkich potrzeb zwi\u0105zanych z badaniami nad stymulantami. Zapoznaj si\u0119 z naszym obszernym katalogiem i zwi\u0119ksz sw\u00f3j potencja\u0142 badawczy ju\u017c dzi\u015b. Jeste\u015bmy przekonani, \u017ce znajdziesz nasze <b>Proszek 3-CMC klasy badawczej na sprzeda\u017c<\/b> by\u0107 na najwy\u017cszym poziomie.<\/p>","protected":false},"excerpt":{"rendered":"<p>Naby\u0107 <b>Proszek 3-CMC<\/b> do zaawansowanych bada\u0144 w Chemsfine. Czysto\u015b\u0107 testowana laboratoryjnie i sta\u0142a jako\u015b\u0107 do zastosowa\u0144 naukowych. Kup teraz.<\/p>","protected":false},"featured_media":6205,"comment_status":"open","ping_status":"closed","template":"","meta":{"_joinchat":[]},"product_brand":[],"product_cat":[951],"product_tag":[],"class_list":{"0":"post-6175","1":"product","2":"type-product","3":"status-publish","4":"has-post-thumbnail","6":"product_cat-stimulants","8":"first","9":"instock","10":"shipping-taxable","11":"purchasable","12":"product-type-variable"},"yoast_head":"<!-- This site is optimized with the Yoast SEO plugin v27.2 - https:\/\/yoast.com\/product\/yoast-seo-wordpress\/ -->\n<title>Buy 3-CMC Powder Online - Best Prices &amp; High Purity<\/title>\n<meta name=\"description\" content=\"Discover premium 3-CMC Powder for research. Securely buy online at Chemsfine for lab-tested purity and reliable delivery. Order now!\" \/>\n<meta name=\"robots\" content=\"index, follow, max-snippet:-1, max-image-preview:large, max-video-preview:-1\" \/>\n<link rel=\"canonical\" href=\"https:\/\/chemsfine.com\/pl\/produkt\/buy-cmc-powder-2\/\" \/>\n<meta property=\"og:locale\" content=\"pl_PL\" \/>\n<meta property=\"og:type\" content=\"article\" \/>\n<meta property=\"og:title\" content=\"Buy 3-CMC Powder Online - Best Prices &amp; High Purity\" \/>\n<meta property=\"og:description\" content=\"Discover premium 3-CMC Powder for research. Securely buy online at Chemsfine for lab-tested purity and reliable delivery. Order now!\" \/>\n<meta property=\"og:url\" content=\"https:\/\/chemsfine.com\/pl\/produkt\/buy-cmc-powder-2\/\" \/>\n<meta property=\"og:site_name\" content=\"Chemsfine\" \/>\n<meta property=\"article:modified_time\" content=\"2026-03-25T13:36:13+00:00\" \/>\n<meta property=\"og:image\" content=\"https:\/\/chemsfine.com\/wp-content\/uploads\/2026\/02\/buy-pure-3-cmc-powder-online-research-stimulants-1.jpeg\" \/>\n\t<meta property=\"og:image:width\" content=\"600\" \/>\n\t<meta property=\"og:image:height\" content=\"557\" \/>\n\t<meta property=\"og:image:type\" content=\"image\/jpeg\" \/>\n<meta name=\"twitter:card\" content=\"summary_large_image\" \/>\n<meta name=\"twitter:label1\" content=\"Szacowany czas czytania\" \/>\n\t<meta name=\"twitter:data1\" content=\"6 minut\" \/>\n<script type=\"application\/ld+json\" class=\"yoast-schema-graph\">{\"@context\":\"https:\/\/schema.org\",\"@graph\":[{\"@type\":\"WebPage\",\"@id\":\"https:\/\/chemsfine.com\/product\/buy-cmc-powder-2\/\",\"url\":\"https:\/\/chemsfine.com\/product\/buy-cmc-powder-2\/\",\"name\":\"Buy 3-CMC Powder Online - Best Prices &amp; High Purity\",\"isPartOf\":{\"@id\":\"https:\/\/chemsfine.com\/#website\"},\"primaryImageOfPage\":{\"@id\":\"https:\/\/chemsfine.com\/product\/buy-cmc-powder-2\/#primaryimage\"},\"image\":{\"@id\":\"https:\/\/chemsfine.com\/product\/buy-cmc-powder-2\/#primaryimage\"},\"thumbnailUrl\":\"https:\/\/chemsfine.com\/wp-content\/uploads\/2026\/02\/buy-pure-3-cmc-powder-online-research-stimulants-1.jpeg\",\"datePublished\":\"2026-02-12T09:59:29+00:00\",\"dateModified\":\"2026-03-25T13:36:13+00:00\",\"description\":\"Discover premium 3-CMC Powder for research. Securely buy online at Chemsfine for lab-tested purity and reliable delivery. Order now!\",\"breadcrumb\":{\"@id\":\"https:\/\/chemsfine.com\/product\/buy-cmc-powder-2\/#breadcrumb\"},\"inLanguage\":\"pl-PL\",\"potentialAction\":[{\"@type\":\"ReadAction\",\"target\":[\"https:\/\/chemsfine.com\/product\/buy-cmc-powder-2\/\"]}]},{\"@type\":\"ImageObject\",\"inLanguage\":\"pl-PL\",\"@id\":\"https:\/\/chemsfine.com\/product\/buy-cmc-powder-2\/#primaryimage\",\"url\":\"https:\/\/chemsfine.com\/wp-content\/uploads\/2026\/02\/buy-pure-3-cmc-powder-online-research-stimulants-1.jpeg\",\"contentUrl\":\"https:\/\/chemsfine.com\/wp-content\/uploads\/2026\/02\/buy-pure-3-cmc-powder-online-research-stimulants-1.jpeg\",\"width\":600,\"height\":557},{\"@type\":\"BreadcrumbList\",\"@id\":\"https:\/\/chemsfine.com\/product\/buy-cmc-powder-2\/#breadcrumb\",\"itemListElement\":[{\"@type\":\"ListItem\",\"position\":1,\"name\":\"Home\",\"item\":\"https:\/\/chemsfine.com\/\"},{\"@type\":\"ListItem\",\"position\":2,\"name\":\"Shop\",\"item\":\"https:\/\/chemsfine.com\/shop\/\"},{\"@type\":\"ListItem\",\"position\":3,\"name\":\"Buy Pure 3-CMC Powder Online for Advanced Research\"}]},{\"@type\":\"WebSite\",\"@id\":\"https:\/\/chemsfine.com\/#website\",\"url\":\"https:\/\/chemsfine.com\/\",\"name\":\"Chemsfine\",\"description\":\"My WordPress Blog\",\"publisher\":{\"@id\":\"https:\/\/chemsfine.com\/#organization\"},\"potentialAction\":[{\"@type\":\"SearchAction\",\"target\":{\"@type\":\"EntryPoint\",\"urlTemplate\":\"https:\/\/chemsfine.com\/?s={search_term_string}\"},\"query-input\":{\"@type\":\"PropertyValueSpecification\",\"valueRequired\":true,\"valueName\":\"search_term_string\"}}],\"inLanguage\":\"pl-PL\"},{\"@type\":\"Organization\",\"@id\":\"https:\/\/chemsfine.com\/#organization\",\"name\":\"Chemsfine\",\"url\":\"https:\/\/chemsfine.com\/\",\"logo\":{\"@type\":\"ImageObject\",\"inLanguage\":\"pl-PL\",\"@id\":\"https:\/\/chemsfine.com\/#\/schema\/logo\/image\/\",\"url\":\"https:\/\/chemsfine.com\/wp-content\/uploads\/2024\/09\/final-logo.png\",\"contentUrl\":\"https:\/\/chemsfine.com\/wp-content\/uploads\/2024\/09\/final-logo.png\",\"width\":340,\"height\":72,\"caption\":\"Chemsfine\"},\"image\":{\"@id\":\"https:\/\/chemsfine.com\/#\/schema\/logo\/image\/\"}}]}<\/script>\n<!-- \/ Yoast SEO plugin. -->","yoast_head_json":{"title":"Kup proszek 3-CMC online - najlepsze ceny i wysoka czysto\u015b\u0107","description":"Odkryj wysokiej jako\u015bci proszek 3-CMC do bada\u0144. Bezpiecznie kupuj online w Chemsfine, aby uzyska\u0107 testowan\u0105 laboratoryjnie czysto\u015b\u0107 i niezawodn\u0105 dostaw\u0119. Zam\u00f3w teraz!","robots":{"index":"index","follow":"follow","max-snippet":"max-snippet:-1","max-image-preview":"max-image-preview:large","max-video-preview":"max-video-preview:-1"},"canonical":"https:\/\/chemsfine.com\/pl\/produkt\/buy-cmc-powder-2\/","og_locale":"pl_PL","og_type":"article","og_title":"Buy 3-CMC Powder Online - Best Prices &amp; High Purity","og_description":"Discover premium 3-CMC Powder for research. Securely buy online at Chemsfine for lab-tested purity and reliable delivery. Order now!","og_url":"https:\/\/chemsfine.com\/pl\/produkt\/buy-cmc-powder-2\/","og_site_name":"Chemsfine","article_modified_time":"2026-03-25T13:36:13+00:00","og_image":[{"width":600,"height":557,"url":"https:\/\/chemsfine.com\/wp-content\/uploads\/2026\/02\/buy-pure-3-cmc-powder-online-research-stimulants-1.jpeg","type":"image\/jpeg"}],"twitter_card":"summary_large_image","twitter_misc":{"Szacowany czas czytania":"6 minut"},"schema":{"@context":"https:\/\/schema.org","@graph":[{"@type":"WebPage","@id":"https:\/\/chemsfine.com\/product\/buy-cmc-powder-2\/","url":"https:\/\/chemsfine.com\/product\/buy-cmc-powder-2\/","name":"Kup proszek 3-CMC online - najlepsze ceny i wysoka czysto\u015b\u0107","isPartOf":{"@id":"https:\/\/chemsfine.com\/#website"},"primaryImageOfPage":{"@id":"https:\/\/chemsfine.com\/product\/buy-cmc-powder-2\/#primaryimage"},"image":{"@id":"https:\/\/chemsfine.com\/product\/buy-cmc-powder-2\/#primaryimage"},"thumbnailUrl":"https:\/\/chemsfine.com\/wp-content\/uploads\/2026\/02\/buy-pure-3-cmc-powder-online-research-stimulants-1.jpeg","datePublished":"2026-02-12T09:59:29+00:00","dateModified":"2026-03-25T13:36:13+00:00","description":"Odkryj wysokiej jako\u015bci proszek 3-CMC do bada\u0144. Bezpiecznie kupuj online w Chemsfine, aby uzyska\u0107 testowan\u0105 laboratoryjnie czysto\u015b\u0107 i niezawodn\u0105 dostaw\u0119. Zam\u00f3w teraz!","breadcrumb":{"@id":"https:\/\/chemsfine.com\/product\/buy-cmc-powder-2\/#breadcrumb"},"inLanguage":"pl-PL","potentialAction":[{"@type":"ReadAction","target":["https:\/\/chemsfine.com\/product\/buy-cmc-powder-2\/"]}]},{"@type":"ImageObject","inLanguage":"pl-PL","@id":"https:\/\/chemsfine.com\/product\/buy-cmc-powder-2\/#primaryimage","url":"https:\/\/chemsfine.com\/wp-content\/uploads\/2026\/02\/buy-pure-3-cmc-powder-online-research-stimulants-1.jpeg","contentUrl":"https:\/\/chemsfine.com\/wp-content\/uploads\/2026\/02\/buy-pure-3-cmc-powder-online-research-stimulants-1.jpeg","width":600,"height":557},{"@type":"BreadcrumbList","@id":"https:\/\/chemsfine.com\/product\/buy-cmc-powder-2\/#breadcrumb","itemListElement":[{"@type":"ListItem","position":1,"name":"Home","item":"https:\/\/chemsfine.com\/"},{"@type":"ListItem","position":2,"name":"Shop","item":"https:\/\/chemsfine.com\/shop\/"},{"@type":"ListItem","position":3,"name":"Buy Pure 3-CMC Powder Online for Advanced Research"}]},{"@type":"WebSite","@id":"https:\/\/chemsfine.com\/#website","url":"https:\/\/chemsfine.com\/","name":"Chemsfine","description":"M\u00f3j blog WordPress","publisher":{"@id":"https:\/\/chemsfine.com\/#organization"},"potentialAction":[{"@type":"SearchAction","target":{"@type":"EntryPoint","urlTemplate":"https:\/\/chemsfine.com\/?s={search_term_string}"},"query-input":{"@type":"PropertyValueSpecification","valueRequired":true,"valueName":"search_term_string"}}],"inLanguage":"pl-PL"},{"@type":"Organization","@id":"https:\/\/chemsfine.com\/#organization","name":"Chemsfine","url":"https:\/\/chemsfine.com\/","logo":{"@type":"ImageObject","inLanguage":"pl-PL","@id":"https:\/\/chemsfine.com\/#\/schema\/logo\/image\/","url":"https:\/\/chemsfine.com\/wp-content\/uploads\/2024\/09\/final-logo.png","contentUrl":"https:\/\/chemsfine.com\/wp-content\/uploads\/2024\/09\/final-logo.png","width":340,"height":72,"caption":"Chemsfine"},"image":{"@id":"https:\/\/chemsfine.com\/#\/schema\/logo\/image\/"}}]}},"_links":{"self":[{"href":"https:\/\/chemsfine.com\/pl\/wp-json\/wp\/v2\/product\/6175","targetHints":{"allow":["GET"]}}],"collection":[{"href":"https:\/\/chemsfine.com\/pl\/wp-json\/wp\/v2\/product"}],"about":[{"href":"https:\/\/chemsfine.com\/pl\/wp-json\/wp\/v2\/types\/product"}],"replies":[{"embeddable":true,"href":"https:\/\/chemsfine.com\/pl\/wp-json\/wp\/v2\/comments?post=6175"}],"wp:featuredmedia":[{"embeddable":true,"href":"https:\/\/chemsfine.com\/pl\/wp-json\/wp\/v2\/media\/6205"}],"wp:attachment":[{"href":"https:\/\/chemsfine.com\/pl\/wp-json\/wp\/v2\/media?parent=6175"}],"wp:term":[{"taxonomy":"product_brand","embeddable":true,"href":"https:\/\/chemsfine.com\/pl\/wp-json\/wp\/v2\/product_brand?post=6175"},{"taxonomy":"product_cat","embeddable":true,"href":"https:\/\/chemsfine.com\/pl\/wp-json\/wp\/v2\/product_cat?post=6175"},{"taxonomy":"product_tag","embeddable":true,"href":"https:\/\/chemsfine.com\/pl\/wp-json\/wp\/v2\/product_tag?post=6175"}],"curies":[{"name":"wp","href":"https:\/\/api.w.org\/{rel}","templated":true}]}}