{"id":6178,"date":"2026-02-12T09:59:30","date_gmt":"2026-02-12T09:59:30","guid":{"rendered":"https:\/\/chemsfine.com\/?post_type=product&#038;p=6178"},"modified":"2026-03-25T13:34:51","modified_gmt":"2026-03-25T13:34:51","slug":"buy-mmc-crystals","status":"publish","type":"product","link":"https:\/\/chemsfine.com\/pl\/product\/buy-mmc-crystals\/","title":{"rendered":"Kup 2 kryszta\u0142y MMC online | Ultra-Pure Research Chemicals"},"content":{"rendered":"<p>Kiedy szukasz <b>Kup 2 kryszta\u0142y MMC na sprzeda\u017c<\/b>, Chemsfine oferuje najwy\u017cszej jako\u015bci produkty opracowane specjalnie z my\u015bl\u0105 o zaawansowanych badaniach laboratoryjnych. Nasze zaanga\u017cowanie w jako\u015b\u0107 gwarantuje, \u017ce naukowcy mog\u0105 bez obaw kupowa\u0107 2 MMC online, wiedz\u0105c, \u017ce otrzymuj\u0105 produkt o wyj\u0105tkowej czysto\u015bci i rozpuszczalno\u015bci. Rozumiemy krytyczne zapotrzebowanie na niezawodne chemikalia badawcze, dlatego Chemsfine zapewnia dost\u0119p do <b>Najwy\u017csza jako\u015b\u0107 2 MMC<\/b> z dyskretn\u0105 wysy\u0142k\u0105 na ca\u0142y \u015bwiat. Podnie\u015b poziom swoich bada\u0144 ju\u017c teraz, wybieraj\u0105c Chemsfine jako \u015brodek pobudzaj\u0105cy do bada\u0144.<\/p>\n<h2>Co to jest 2 MMC?<\/h2>\n<p>2-MMC, czyli 2-metylometkatynon, to syntetyczny katynon sklasyfikowany jako substancja chemiczna do bada\u0144. Zwi\u0105zek ten jest strukturalnie podobny do mefedronu, ale z grup\u0105 metylow\u0105 w pozycji 2 pier\u015bcienia fenylowego. Naukowcy badaj\u0105 2 MMC ze wzgl\u0119du na jego potencjalne w\u0142a\u015bciwo\u015bci stymuluj\u0105ce, co czyni go cennym narz\u0119dziem w badaniach neurobiologicznych i farmakologicznych. Kluczowe znaczenie dla laboratori\u00f3w ma stosowanie <b>autentyczny 2 MMC<\/b> aby zapewni\u0107 dok\u0142adne i powtarzalne wyniki w swoich eksperymentach. Chemsfine z dum\u0105 dostarcza ten zwi\u0105zek o jako\u015bci badawczej, zachowuj\u0105c najwy\u017csze standardy kontroli jako\u015bci, aby zagwarantowa\u0107 jego integralno\u015b\u0107 dla twoich naukowych przedsi\u0119wzi\u0119\u0107. Nasz 2 MMC jest znany z wysokiej czysto\u015bci, co czyni go preferowanym wyborem dla profesjonalist\u00f3w poszukuj\u0105cych niezawodnych substancji.<\/p>\n<h2>Dlaczego warto kupi\u0107 2 MMC online w Chemsfine?<\/h2>\n<p>Wyb\u00f3r Chemsfine dla swoich potrzeb w zakresie chemikali\u00f3w badawczych oferuje niezr\u00f3wnane korzy\u015bci, zw\u0142aszcza gdy zdecydujesz si\u0119 na <b>Zam\u00f3w 2 MMC online<\/b>. Stawiamy na zaufanie i jako\u015b\u0107, zapewniaj\u0105c naukowcom pewno\u015b\u0107 niezb\u0119dn\u0105 do przeprowadzenia krytycznych bada\u0144. Nasz 2 MMC jest skrupulatnie testowany, aby zapewni\u0107, \u017ce spe\u0142nia najwy\u017csze standardy czysto\u015bci, wyr\u00f3\u017cniaj\u0105c nas jako wiod\u0105cego dostawc\u0119 stymulant\u00f3w badawczych. Jeste\u015bmy zobowi\u0105zani do oferowania <b>najlepsze dost\u0119pne 2 MMC<\/b> na rynku, poparte przejrzystymi informacjami o produkcie i zweryfikowanymi zapisami partii. Niezale\u017cnie od tego, czy potrzebujesz <b>wysokiej czysto\u015bci 2 MMC na sprzeda\u017c<\/b> lub inny <b>chemikalia klasy badawczej na sprzeda\u017c<\/b>, Chemsfine zapewnia bezpieczny zakup i bezproblemowy proces nabycia. Na przyk\u0142ad, zapoznaj si\u0119 z innymi chemikaliami badawczymi premium, takimi jak <a href=\"https:\/\/chemsfine.com\/pl\/produkt\/cocaine-purity-99-percent-buy-online\/\">Kokaina o wysokiej czysto\u015bci<\/a> lub <a href=\"https:\/\/chemsfine.com\/pl\/produkt\/kupic-n-ethylhexedrone-online\/\">N-etyloheksedron<\/a> dost\u0119pne za po\u015brednictwem naszej bezpiecznej platformy.<\/p>\n<h2>Zastosowania 2 MMC w badaniach<\/h2>\n<p>2 MMC s\u0142u\u017cy jako niezb\u0119dny zwi\u0105zek w r\u00f3\u017cnych zastosowaniach naukowych. Jego unikalna struktura chemiczna pozwala na szczeg\u00f3\u0142owe badania jego profilu farmakologicznego i potencjalnych efekt\u00f3w w kontrolowanych warunkach laboratoryjnych. Wszechstronno\u015b\u0107 2 MMC sprawia, \u017ce nadaje si\u0119 on do szeregu bada\u0144:<\/p>\n<ul>\n<li>Analiza farmakologiczna i badania nad odkrywaniem lek\u00f3w.<\/li>\n<li>Badania neurobiologiczne badaj\u0105ce mechanizmy dzia\u0142ania stymulant\u00f3w.<\/li>\n<li>Eksperymenty in vitro badaj\u0105ce odpowiedzi kom\u00f3rkowe.<\/li>\n<li>Chemia analityczna do opracowywania metod wykrywania.<\/li>\n<li>Oceny toksykologiczne w kontrolowanych warunkach.<\/li>\n<li>Demonstracje edukacyjne dotycz\u0105ce zaawansowanej syntezy chemicznej.<\/li>\n<li>Badania metabolizmu w celu zrozumienia szlak\u00f3w biologicznych.<\/li>\n<\/ul>\n<p>Naukowcy na ca\u0142ym \u015bwiecie polegaj\u0105 na wysokiej jako\u015bci <b>laboratoryjny MMC klasy 2 na sprzeda\u017c<\/b> aby zapewni\u0107 precyzj\u0119 i niezawodno\u015b\u0107 wynik\u00f3w eksperyment\u00f3w. Chemsfine gwarantuje sp\u00f3jno\u015b\u0107 i czysto\u015b\u0107 wymagan\u0105 w tych krytycznych zastosowaniach.<\/p>\n<h2>Bezpiecze\u0144stwo i zgodno\u015b\u0107 dla 2 MMC<\/h2>\n<p>Praca z chemikaliami badawczymi, takimi jak 2 MMC, wymaga \u015bcis\u0142ego przestrzegania protoko\u0142\u00f3w bezpiecze\u0144stwa i zgodno\u015bci z przepisami. Konieczne jest, aby wszystkie czynno\u015bci odbywa\u0142y si\u0119 w kontrolowanym \u015brodowisku, przy u\u017cyciu odpowiednich \u015brodk\u00f3w ochrony osobistej (PPE), takich jak r\u0119kawice, okulary ochronne i fartuchy laboratoryjne. Naukowcy powinni dok\u0142adnie zapozna\u0107 si\u0119 z regionalnymi przepisami dotycz\u0105cymi pozyskiwania, przechowywania i obchodzenia si\u0119 z takimi substancjami. Firma Chemsfine udost\u0119pnia na \u017c\u0105danie karty charakterystyki (SDS) dla wszystkich swoich produkt\u00f3w, w tym 2 MMC, zawieraj\u0105ce szczeg\u00f3\u0142owe informacje na temat bezpiecze\u0144stwa. Dost\u0119pne s\u0105 r\u00f3wnie\u017c certyfikaty analizy (CoA), weryfikuj\u0105ce czysto\u015b\u0107 i sk\u0142ad ka\u017cdej partii. Opowiadamy si\u0119 za odpowiedzialnymi praktykami badawczymi, aby zapewni\u0107 zar\u00f3wno bezpiecze\u0144stwo badaczy, jak i etyczne post\u0119powanie naukowe.<\/p>\n<h2>Dlaczego warto wybra\u0107 Chemsfine?<\/h2>\n<p>Kiedy zdecydujesz si\u0119 <b>kup teraz online<\/b> Wybieraj\u0105c Chemsfine, wybierasz partnera, kt\u00f3ry d\u0105\u017cy do doskona\u0142o\u015bci w dostarczaniu chemikali\u00f3w badawczych. Wyr\u00f3\u017cniamy si\u0119 zaanga\u017cowaniem w przejrzyste szczeg\u00f3\u0142y, zapewniaj\u0105c, \u017ce ka\u017cdemu produktowi, zw\u0142aszcza naszemu 2 MMC, towarzysz\u0105 wyczerpuj\u0105ce informacje. Nasze rejestry partii s\u0105 weryfikowane, zapewniaj\u0105c dodatkow\u0105 warstw\u0119 pewno\u015bci co do czysto\u015bci i sp\u00f3jno\u015bci naszej oferty. D\u0105\u017cymy do utrzymania konkurencyjnych cen bez uszczerbku dla jako\u015bci, co sprawia, \u017ce <b>MMC klasy badawczej 2 na sprzeda\u017c<\/b> dost\u0119pne dla szerszej spo\u0142eczno\u015bci badawczej. Nasz bezpieczny proces zakupu zosta\u0142 zaprojektowany z my\u015bl\u0105 o Twoim spokoju, dzi\u0119ki czemu jest prosty i bezpieczny. <b>Zam\u00f3w 2 MMC online<\/b>. Dzi\u0119ki Chemsfine inwestujesz w niezawodno\u015b\u0107 i najwy\u017csz\u0105 jako\u015b\u0107 dla wszystkich swoich potrzeb badawczych.<\/p>\n<h2>2 Specyfikacja produktu MMC<\/h2>\n<p>Zrozumienie kluczowych specyfikacji 2 MMC jest niezb\u0119dne dla ka\u017cdego specjalisty ds. bada\u0144. Chemsfine zapewnia, \u017ce wszystkie jej produkty spe\u0142niaj\u0105 rygorystyczne standardy. Poni\u017cej znajduje si\u0119 podsumowanie typowych cech produktu, kt\u00f3rych mo\u017cna oczekiwa\u0107 przy zakupie naszych kryszta\u0142\u00f3w 2 MMC.<\/p>\n<table>\n<thead>\n<tr>\n<th>Charakterystyka<\/th>\n<th>Szczeg\u00f3\u0142y<\/th>\n<\/tr>\n<\/thead>\n<tbody>\n<tr>\n<td>Nazwa produktu<\/td>\n<td>Kryszta\u0142y 2-metylometkatynonu (2 MMC)<\/td>\n<\/tr>\n<tr>\n<td>Stopie\u0144<\/td>\n<td>Ultraczysta klasa badawcza<\/td>\n<\/tr>\n<tr>\n<td>Formularz<\/td>\n<td>Krystaliczne cia\u0142o sta\u0142e<\/td>\n<\/tr>\n<tr>\n<td>Czysto\u015b\u0107<\/td>\n<td>&gt;98% (zazwyczaj)<\/td>\n<\/tr>\n<tr>\n<td>Rozpuszczalno\u015b\u0107<\/td>\n<td>Doskona\u0142y w powszechnie stosowanych rozpuszczalnikach laboratoryjnych<\/td>\n<\/tr>\n<tr>\n<td>Zastosowanie<\/td>\n<td>Badania laboratoryjne, badania analityczne<\/td>\n<\/tr>\n<\/tbody>\n<\/table>\n<p>Specyfikacje te podkre\u015blaj\u0105 nasze zaanga\u017cowanie w dostarczanie precyzyjnych i sp\u00f3jnych materia\u0142\u00f3w do cennych bada\u0144.<\/p>\n<h2>Wnioski<\/h2>\n<p>Dla naukowc\u00f3w i laboratori\u00f3w potrzebuj\u0105cych wysokiej jako\u015bci stymulant\u00f3w badawczych, Chemsfine jest zaufanym \u017ar\u00f3d\u0142em do <b>Kup 2 kryszta\u0142y MMC na sprzeda\u017c<\/b>. Nasze zaanga\u017cowanie w wyj\u0105tkow\u0105 czysto\u015b\u0107, kompleksowe informacje o produktach i dyskretn\u0105, niezawodn\u0105 wysy\u0142k\u0119 umacnia nasz\u0105 pozycj\u0119 lidera na rynku chemikali\u00f3w badawczych. Do\u015bwiadcz r\u00f3\u017cnicy, jak\u0105 zwi\u0105zki najwy\u017cszej jako\u015bci mog\u0105 zrobi\u0107 w twoich badaniach naukowych. Wybierz Chemsfine, aby dokona\u0107 bezpiecznego zakupu i podnie\u015b\u0107 standardy swoich bada\u0144 ju\u017c dzi\u015b. Zapewniamy, \u017ce ka\u017cda partia 2 MMC spe\u0142nia rygorystyczne kontrole jako\u015bci, wspieraj\u0105c dok\u0142adne i znacz\u0105ce odkrycia naukowe.<\/p>","protected":false},"excerpt":{"rendered":"<p><b>2 kryszta\u0142y MMC<\/b> na sprzeda\u017c w Chemsfine to ultraczyste chemikalia badawcze. Ten wysokiej jako\u015bci zwi\u0105zek oferuje wyj\u0105tkow\u0105 czysto\u015b\u0107 i rozpuszczalno\u015b\u0107, dzi\u0119ki czemu idealnie nadaje si\u0119 do r\u00f3\u017cnych bada\u0144 laboratoryjnych. Naukowcy i badacze poszukuj\u0105cy wysokiej jako\u015bci stymulant\u00f3w badawczych uznaj\u0105 nasz 2 MMC za niezb\u0119dne narz\u0119dzie do ich bada\u0144 analitycznych. Zakup 2 MMC klasy badawczej ju\u017c dzi\u015b w Chemsfine.<\/p>","protected":false},"featured_media":6215,"comment_status":"open","ping_status":"closed","template":"","meta":{"_joinchat":[]},"product_brand":[],"product_cat":[951],"product_tag":[],"class_list":{"0":"post-6178","1":"product","2":"type-product","3":"status-publish","4":"has-post-thumbnail","6":"product_cat-stimulants","8":"first","9":"instock","10":"shipping-taxable","11":"purchasable","12":"product-type-variable"},"yoast_head":"<!-- This site is optimized with the Yoast SEO plugin v27.2 - https:\/\/yoast.com\/product\/yoast-seo-wordpress\/ -->\n<title>Buy 2 MMC Crystals Online - Ultra-Pure Research Grade<\/title>\n<meta name=\"description\" content=\"Buy 2 MMC crystals online at Chemsfine. Get ultra-pure research chemicals with exceptional purity. Discreet shipping available. Order now!\" \/>\n<meta name=\"robots\" content=\"index, follow, max-snippet:-1, max-image-preview:large, max-video-preview:-1\" \/>\n<link rel=\"canonical\" href=\"https:\/\/chemsfine.com\/pl\/produkt\/buy-mmc-crystals\/\" \/>\n<meta property=\"og:locale\" content=\"pl_PL\" \/>\n<meta property=\"og:type\" content=\"article\" \/>\n<meta property=\"og:title\" content=\"Buy 2 MMC Crystals Online - Ultra-Pure Research Grade\" \/>\n<meta property=\"og:description\" content=\"Buy 2 MMC crystals online at Chemsfine. Get ultra-pure research chemicals with exceptional purity. Discreet shipping available. Order now!\" \/>\n<meta property=\"og:url\" content=\"https:\/\/chemsfine.com\/pl\/produkt\/buy-mmc-crystals\/\" \/>\n<meta property=\"og:site_name\" content=\"Chemsfine\" \/>\n<meta property=\"article:modified_time\" content=\"2026-03-25T13:34:51+00:00\" \/>\n<meta property=\"og:image\" content=\"https:\/\/chemsfine.com\/wp-content\/uploads\/2026\/02\/buy-2-mmc-crystals-online-ultra-pure-research-chemicals-research-stimulants-1.png\" \/>\n\t<meta property=\"og:image:width\" content=\"512\" \/>\n\t<meta property=\"og:image:height\" content=\"512\" \/>\n\t<meta property=\"og:image:type\" content=\"image\/png\" \/>\n<meta name=\"twitter:card\" content=\"summary_large_image\" \/>\n<meta name=\"twitter:label1\" content=\"Szacowany czas czytania\" \/>\n\t<meta name=\"twitter:data1\" content=\"4 minuty\" \/>\n<script type=\"application\/ld+json\" class=\"yoast-schema-graph\">{\"@context\":\"https:\/\/schema.org\",\"@graph\":[{\"@type\":\"WebPage\",\"@id\":\"https:\/\/chemsfine.com\/product\/buy-mmc-crystals\/\",\"url\":\"https:\/\/chemsfine.com\/product\/buy-mmc-crystals\/\",\"name\":\"Buy 2 MMC Crystals Online - Ultra-Pure Research Grade\",\"isPartOf\":{\"@id\":\"https:\/\/chemsfine.com\/#website\"},\"primaryImageOfPage\":{\"@id\":\"https:\/\/chemsfine.com\/product\/buy-mmc-crystals\/#primaryimage\"},\"image\":{\"@id\":\"https:\/\/chemsfine.com\/product\/buy-mmc-crystals\/#primaryimage\"},\"thumbnailUrl\":\"https:\/\/chemsfine.com\/wp-content\/uploads\/2026\/02\/buy-2-mmc-crystals-online-ultra-pure-research-chemicals-research-stimulants-1.png\",\"datePublished\":\"2026-02-12T09:59:30+00:00\",\"dateModified\":\"2026-03-25T13:34:51+00:00\",\"description\":\"Buy 2 MMC crystals online at Chemsfine. Get ultra-pure research chemicals with exceptional purity. Discreet shipping available. Order now!\",\"breadcrumb\":{\"@id\":\"https:\/\/chemsfine.com\/product\/buy-mmc-crystals\/#breadcrumb\"},\"inLanguage\":\"pl-PL\",\"potentialAction\":[{\"@type\":\"ReadAction\",\"target\":[\"https:\/\/chemsfine.com\/product\/buy-mmc-crystals\/\"]}]},{\"@type\":\"ImageObject\",\"inLanguage\":\"pl-PL\",\"@id\":\"https:\/\/chemsfine.com\/product\/buy-mmc-crystals\/#primaryimage\",\"url\":\"https:\/\/chemsfine.com\/wp-content\/uploads\/2026\/02\/buy-2-mmc-crystals-online-ultra-pure-research-chemicals-research-stimulants-1.png\",\"contentUrl\":\"https:\/\/chemsfine.com\/wp-content\/uploads\/2026\/02\/buy-2-mmc-crystals-online-ultra-pure-research-chemicals-research-stimulants-1.png\",\"width\":512,\"height\":512},{\"@type\":\"BreadcrumbList\",\"@id\":\"https:\/\/chemsfine.com\/product\/buy-mmc-crystals\/#breadcrumb\",\"itemListElement\":[{\"@type\":\"ListItem\",\"position\":1,\"name\":\"Home\",\"item\":\"https:\/\/chemsfine.com\/\"},{\"@type\":\"ListItem\",\"position\":2,\"name\":\"Shop\",\"item\":\"https:\/\/chemsfine.com\/shop\/\"},{\"@type\":\"ListItem\",\"position\":3,\"name\":\"Buy 2 MMC Crystals Online | Ultra-Pure Research Chemicals\"}]},{\"@type\":\"WebSite\",\"@id\":\"https:\/\/chemsfine.com\/#website\",\"url\":\"https:\/\/chemsfine.com\/\",\"name\":\"Chemsfine\",\"description\":\"My WordPress Blog\",\"publisher\":{\"@id\":\"https:\/\/chemsfine.com\/#organization\"},\"potentialAction\":[{\"@type\":\"SearchAction\",\"target\":{\"@type\":\"EntryPoint\",\"urlTemplate\":\"https:\/\/chemsfine.com\/?s={search_term_string}\"},\"query-input\":{\"@type\":\"PropertyValueSpecification\",\"valueRequired\":true,\"valueName\":\"search_term_string\"}}],\"inLanguage\":\"pl-PL\"},{\"@type\":\"Organization\",\"@id\":\"https:\/\/chemsfine.com\/#organization\",\"name\":\"Chemsfine\",\"url\":\"https:\/\/chemsfine.com\/\",\"logo\":{\"@type\":\"ImageObject\",\"inLanguage\":\"pl-PL\",\"@id\":\"https:\/\/chemsfine.com\/#\/schema\/logo\/image\/\",\"url\":\"https:\/\/chemsfine.com\/wp-content\/uploads\/2024\/09\/final-logo.png\",\"contentUrl\":\"https:\/\/chemsfine.com\/wp-content\/uploads\/2024\/09\/final-logo.png\",\"width\":340,\"height\":72,\"caption\":\"Chemsfine\"},\"image\":{\"@id\":\"https:\/\/chemsfine.com\/#\/schema\/logo\/image\/\"}}]}<\/script>\n<!-- \/ Yoast SEO plugin. -->","yoast_head_json":{"title":"Kup 2 kryszta\u0142y MMC online - ultraczysta klasa badawcza","description":"Kup 2 kryszta\u0142y MMC online w Chemsfine. Uzyskaj ultraczyste chemikalia badawcze o wyj\u0105tkowej czysto\u015bci. Dost\u0119pna dyskretna wysy\u0142ka. Zam\u00f3w teraz!","robots":{"index":"index","follow":"follow","max-snippet":"max-snippet:-1","max-image-preview":"max-image-preview:large","max-video-preview":"max-video-preview:-1"},"canonical":"https:\/\/chemsfine.com\/pl\/produkt\/buy-mmc-crystals\/","og_locale":"pl_PL","og_type":"article","og_title":"Buy 2 MMC Crystals Online - Ultra-Pure Research Grade","og_description":"Buy 2 MMC crystals online at Chemsfine. Get ultra-pure research chemicals with exceptional purity. Discreet shipping available. Order now!","og_url":"https:\/\/chemsfine.com\/pl\/produkt\/buy-mmc-crystals\/","og_site_name":"Chemsfine","article_modified_time":"2026-03-25T13:34:51+00:00","og_image":[{"width":512,"height":512,"url":"https:\/\/chemsfine.com\/wp-content\/uploads\/2026\/02\/buy-2-mmc-crystals-online-ultra-pure-research-chemicals-research-stimulants-1.png","type":"image\/png"}],"twitter_card":"summary_large_image","twitter_misc":{"Szacowany czas czytania":"4 minuty"},"schema":{"@context":"https:\/\/schema.org","@graph":[{"@type":"WebPage","@id":"https:\/\/chemsfine.com\/product\/buy-mmc-crystals\/","url":"https:\/\/chemsfine.com\/product\/buy-mmc-crystals\/","name":"Kup 2 kryszta\u0142y MMC online - ultraczysta klasa badawcza","isPartOf":{"@id":"https:\/\/chemsfine.com\/#website"},"primaryImageOfPage":{"@id":"https:\/\/chemsfine.com\/product\/buy-mmc-crystals\/#primaryimage"},"image":{"@id":"https:\/\/chemsfine.com\/product\/buy-mmc-crystals\/#primaryimage"},"thumbnailUrl":"https:\/\/chemsfine.com\/wp-content\/uploads\/2026\/02\/buy-2-mmc-crystals-online-ultra-pure-research-chemicals-research-stimulants-1.png","datePublished":"2026-02-12T09:59:30+00:00","dateModified":"2026-03-25T13:34:51+00:00","description":"Kup 2 kryszta\u0142y MMC online w Chemsfine. Uzyskaj ultraczyste chemikalia badawcze o wyj\u0105tkowej czysto\u015bci. Dost\u0119pna dyskretna wysy\u0142ka. Zam\u00f3w teraz!","breadcrumb":{"@id":"https:\/\/chemsfine.com\/product\/buy-mmc-crystals\/#breadcrumb"},"inLanguage":"pl-PL","potentialAction":[{"@type":"ReadAction","target":["https:\/\/chemsfine.com\/product\/buy-mmc-crystals\/"]}]},{"@type":"ImageObject","inLanguage":"pl-PL","@id":"https:\/\/chemsfine.com\/product\/buy-mmc-crystals\/#primaryimage","url":"https:\/\/chemsfine.com\/wp-content\/uploads\/2026\/02\/buy-2-mmc-crystals-online-ultra-pure-research-chemicals-research-stimulants-1.png","contentUrl":"https:\/\/chemsfine.com\/wp-content\/uploads\/2026\/02\/buy-2-mmc-crystals-online-ultra-pure-research-chemicals-research-stimulants-1.png","width":512,"height":512},{"@type":"BreadcrumbList","@id":"https:\/\/chemsfine.com\/product\/buy-mmc-crystals\/#breadcrumb","itemListElement":[{"@type":"ListItem","position":1,"name":"Home","item":"https:\/\/chemsfine.com\/"},{"@type":"ListItem","position":2,"name":"Shop","item":"https:\/\/chemsfine.com\/shop\/"},{"@type":"ListItem","position":3,"name":"Buy 2 MMC Crystals Online | Ultra-Pure Research Chemicals"}]},{"@type":"WebSite","@id":"https:\/\/chemsfine.com\/#website","url":"https:\/\/chemsfine.com\/","name":"Chemsfine","description":"M\u00f3j blog WordPress","publisher":{"@id":"https:\/\/chemsfine.com\/#organization"},"potentialAction":[{"@type":"SearchAction","target":{"@type":"EntryPoint","urlTemplate":"https:\/\/chemsfine.com\/?s={search_term_string}"},"query-input":{"@type":"PropertyValueSpecification","valueRequired":true,"valueName":"search_term_string"}}],"inLanguage":"pl-PL"},{"@type":"Organization","@id":"https:\/\/chemsfine.com\/#organization","name":"Chemsfine","url":"https:\/\/chemsfine.com\/","logo":{"@type":"ImageObject","inLanguage":"pl-PL","@id":"https:\/\/chemsfine.com\/#\/schema\/logo\/image\/","url":"https:\/\/chemsfine.com\/wp-content\/uploads\/2024\/09\/final-logo.png","contentUrl":"https:\/\/chemsfine.com\/wp-content\/uploads\/2024\/09\/final-logo.png","width":340,"height":72,"caption":"Chemsfine"},"image":{"@id":"https:\/\/chemsfine.com\/#\/schema\/logo\/image\/"}}]}},"_links":{"self":[{"href":"https:\/\/chemsfine.com\/pl\/wp-json\/wp\/v2\/product\/6178","targetHints":{"allow":["GET"]}}],"collection":[{"href":"https:\/\/chemsfine.com\/pl\/wp-json\/wp\/v2\/product"}],"about":[{"href":"https:\/\/chemsfine.com\/pl\/wp-json\/wp\/v2\/types\/product"}],"replies":[{"embeddable":true,"href":"https:\/\/chemsfine.com\/pl\/wp-json\/wp\/v2\/comments?post=6178"}],"wp:featuredmedia":[{"embeddable":true,"href":"https:\/\/chemsfine.com\/pl\/wp-json\/wp\/v2\/media\/6215"}],"wp:attachment":[{"href":"https:\/\/chemsfine.com\/pl\/wp-json\/wp\/v2\/media?parent=6178"}],"wp:term":[{"taxonomy":"product_brand","embeddable":true,"href":"https:\/\/chemsfine.com\/pl\/wp-json\/wp\/v2\/product_brand?post=6178"},{"taxonomy":"product_cat","embeddable":true,"href":"https:\/\/chemsfine.com\/pl\/wp-json\/wp\/v2\/product_cat?post=6178"},{"taxonomy":"product_tag","embeddable":true,"href":"https:\/\/chemsfine.com\/pl\/wp-json\/wp\/v2\/product_tag?post=6178"}],"curies":[{"name":"wp","href":"https:\/\/api.w.org\/{rel}","templated":true}]}}