{"id":6186,"date":"2026-02-12T09:59:31","date_gmt":"2026-02-12T09:59:31","guid":{"rendered":"https:\/\/chemsfine.com\/?post_type=product&#038;p=6186"},"modified":"2026-03-25T13:31:08","modified_gmt":"2026-03-25T13:31:08","slug":"buy-2-cmc-crystals","status":"publish","type":"product","link":"https:\/\/chemsfine.com\/pl\/product\/buy-2-cmc-crystals\/","title":{"rendered":"Kup online kryszta\u0142y 2-CMC | Chemikalia badawcze o wysokiej czysto\u015bci"},"content":{"rendered":"<p>Kup <b>Kryszta\u0142y 2-CMC<\/b> Na sprzeda\u017c w chemsfine, zaufanym \u017ar\u00f3dle najwy\u017cszej jako\u015bci chemikali\u00f3w badawczych. Oferujemy wysokiej czysto\u015bci zwi\u0105zki klasy laboratoryjnej przeznaczone do zaawansowanych bada\u0144 naukowych. Kiedy zdecydujesz si\u0119 kupi\u0107 <b>ten produkt<\/b> Od nas wybierasz jako\u015b\u0107 i niezawodno\u015b\u0107 niezb\u0119dn\u0105 do uzyskania precyzyjnych wynik\u00f3w bada\u0144. Nasze d\u0105\u017cenie do doskona\u0142o\u015bci zapewnia naukowcom na ca\u0142ym \u015bwiecie dost\u0119p do najlepszych materia\u0142\u00f3w do ich projekt\u00f3w. Poznaj korzy\u015bci p\u0142yn\u0105ce z naszych <a href='https:\/\/chemsfine.com\/pl\/produkt\/bouket-pina-loca-hybrid-flower\/'>Oferta klasy badawczej premium<\/a>.<\/p>\n<p>Najwy\u017cszej jako\u015bci kryszta\u0142y 2-CMC do zaawansowanych bada\u0144 laboratoryjnych w Research Stimulants. Najwy\u017csza czysto\u015b\u0107, optymalna rozpuszczalno\u015b\u0107. Dyskretna wysy\u0142ka na ca\u0142y \u015bwiat. Zam\u00f3w ju\u017c dzi\u015b!<\/p>\n<p>Ten wyj\u0105tkowy zwi\u0105zek jest bardzo poszukiwany zar\u00f3wno przez instytucje, jak i niezale\u017cnych badaczy, kt\u00f3rzy wymagaj\u0105 sp\u00f3jnych i powtarzalnych wynik\u00f3w swoich eksperyment\u00f3w. Jeste\u015bmy dumni z zapewniania nienagannego do\u015bwiadczenia zakupowego, od wyboru po bezpieczn\u0105 dostaw\u0119, zapewniaj\u0105c pe\u0142n\u0105 satysfakcj\u0119 z ka\u017cdego zam\u00f3wienia. Odkryj korzy\u015bci p\u0142yn\u0105ce z zaopatrywania si\u0119 w niezb\u0119dne materia\u0142y badawcze u dedykowanego i renomowanego dostawcy zaanga\u017cowanego w post\u0119p naukowy.<\/p>\n<h2>Czym s\u0105 kryszta\u0142y 2-CMC?<\/h2>\n<p><b>Kryszta\u0142y 2-CMC<\/b> s\u0105 wysoko cenionymi chemikaliami badawczymi nale\u017c\u0105cymi do kategorii stymulant\u00f3w badawczych. Zwi\u0105zek ten jest skrupulatnie syntetyzowany do u\u017cytku wy\u0142\u0105cznie w zaawansowanych \u015brodowiskach laboratoryjnych, gdzie naukowcy prowadz\u0105 rygorystyczne badania nad jego unikalnymi w\u0142a\u015bciwo\u015bciami. Naukowcy na ca\u0142ym \u015bwiecie badaj\u0105 jego w\u0142a\u015bciwo\u015bci chemiczne i spos\u00f3b interakcji w r\u00f3\u017cnych ramach eksperymentalnych, maj\u0105c na celu dalsze zrozumienie naukowe. Najwa\u017cniejsze jest, aby <b>ten produkt<\/b> jest u\u017cywany wy\u0142\u0105cznie do cel\u00f3w bada\u0144 naukowych i nie jest przeznaczony do \u017cadnych innych zastosowa\u0144.<\/p>\n<p>Struktura krystaliczna <b>te materia\u0142y<\/b> oferuje znacz\u0105ce korzy\u015bci dla naukowc\u00f3w, zapewniaj\u0105c sta\u0142\u0105 czysto\u015b\u0107 i sprawiaj\u0105c, \u017ce precyzyjne pomiary s\u0105 proste i niezawodne. Instytucje akademickie i prywatne o\u015brodki badawcze konsekwentnie poszukuj\u0105 <b>Najwy\u017cszej jako\u015bci stymulanty badawcze<\/b> aby zapewni\u0107 dok\u0142adno\u015b\u0107 i powtarzalno\u015b\u0107 swoich eksperyment\u00f3w. Pozyskiwanie <b>ten materia\u0142<\/b> z zaufanego \u017ar\u00f3d\u0142a, takiego jak chemsfine, gwarantuje, \u017ce otrzymasz produkt klasy badawczej, kt\u00f3ry spe\u0142nia najwy\u017csze standardy czysto\u015bci i sp\u00f3jno\u015bci, kluczowe dla udanych bada\u0144 naukowych.<\/p>\n<h2>Dlaczego warto kupi\u0107 2-CMC Crystals online w chemsfine?<\/h2>\n<p>Decyduj\u0105c si\u0119 na zakup chemikali\u00f3w badawczych przez Internet, potrzebujesz partnera, kt\u00f3ry spe\u0142nia najwy\u017csze standardy jako\u015bci i zaufania. W chemsfine dok\u0142adamy wszelkich stara\u0144, aby zapewni\u0107 naukowcom niezr\u00f3wnany dost\u0119p do <b>Materia\u0142y badawcze o wysokiej czysto\u015bci na sprzeda\u017c<\/b>. Nasze rygorystyczne protoko\u0142y zapewniania jako\u015bci gwarantuj\u0105, \u017ce ka\u017cda partia naszych stymulant\u00f3w badawczych przechodzi szeroko zakrojone testy, gwarantuj\u0105c optymaln\u0105 czysto\u015b\u0107 i sp\u00f3jno\u015b\u0107. Decyduj\u0105c si\u0119 na zakup <b>ten konkretny zwi\u0105zek badawczy<\/b> od nas, inwestujesz w integralno\u015b\u0107 swoich przedsi\u0119wzi\u0119\u0107 naukowych.<\/p>\n<p>Rozumiemy kluczowe znaczenie niezawodnych odczynnik\u00f3w w odkryciach naukowych. W\u0142a\u015bnie dlatego staramy si\u0119 by\u0107 dostawc\u0105 <b>Najlepsze dost\u0119pne kryszta\u0142y badawcze<\/b>, poparte szczeg\u00f3\u0142ow\u0105 analiz\u0105 i przejrzystymi informacjami o produkcie. Nasza bezpieczna platforma internetowa u\u0142atwia p\u0142ynne dokonywanie zakup\u00f3w, pozwalaj\u0105c na <a href='https:\/\/chemsfine.com\/pl\/produkt\/kupic-zolpidem-ambien-proszek\/'>bezpieczny zakup online<\/a> z pe\u0142nym zaufaniem. Co wi\u0119cej, nasze zaanga\u017cowanie obejmuje oferowanie konkurencyjnych cen bez uszczerbku dla najwy\u017cszej jako\u015bci naszych produkt\u00f3w badawczych. Dla tych, kt\u00f3rzy szukaj\u0105 niezawodnego \u017ar\u00f3d\u0142a dla swoich potrzeb laboratoryjnych, chemsfine jest latarni\u0105 doskona\u0142o\u015bci, zapewniaj\u0105c post\u0119p bada\u0144 bez przeszk\u00f3d.<\/p>\n<h2>Zastosowania<\/h2>\n<p><b>Ta badana substancja chemiczna<\/b> jest wykorzystywany w szerokim spektrum zaawansowanych zastosowa\u0144 laboratoryjnych:<\/p>\n<ul>\n<li>Badania farmakologiczne in vitro w celu zbadania interakcji receptor\u00f3w.<\/li>\n<li>Chemia analityczna do opracowywania niezawodnych metod wykrywania.<\/li>\n<li>Badania kryminalistyczne w celu zrozumienia profili zwi\u0105zk\u00f3w.<\/li>\n<li>Badania toksykologiczne szlak\u00f3w metabolicznych.<\/li>\n<li>Badania naukowe koncentruj\u0105ce si\u0119 na syntezie nowych zwi\u0105zk\u00f3w.<\/li>\n<li>Badania por\u00f3wnawcze z innymi stymulantami badawczymi.<\/li>\n<\/ul>\n<p>Aplikacje te podkre\u015blaj\u0105 wszechstronno\u015b\u0107 <b>ten zwi\u0105zek<\/b> jako <b>Klasa laboratoryjna na sprzeda\u017c<\/b> materia\u0142, niezb\u0119dny do przesuwania granic wiedzy naukowej w r\u00f3\u017cnych dyscyplinach. Naukowcy polegaj\u0105 na jego sta\u0142ej jako\u015bci, aby osi\u0105gn\u0105\u0107 dok\u0142adne i powtarzalne wyniki eksperymentalne w swoich skomplikowanych badaniach.<\/p>\n<h2>Bezpiecze\u0144stwo i zgodno\u015b\u0107<\/h2>\n<p>Podczas obs\u0142ugi <b>Kryszta\u0142y klasy badawczej<\/b>, Przestrzeganie rygorystycznych protoko\u0142\u00f3w bezpiecze\u0144stwa ma kluczowe znaczenie dla zapewnienia dobrego samopoczucia naukowc\u00f3w i integralno\u015bci \u015brodowiska laboratoryjnego. Wa\u017cne jest, aby zawsze nosi\u0107 odpowiedni sprz\u0119t ochrony osobistej (PPE), w tym r\u0119kawice, ochron\u0119 oczu i fartuchy laboratoryjne, aby zminimalizowa\u0107 bezpo\u015brednie nara\u017cenie. Wszystkie badania obejmuj\u0105ce <b>ten zwi\u0105zek<\/b> powinny by\u0107 przeprowadzane w kontrolowanym \u015brodowisku, najlepiej pod wyci\u0105giem, aby skutecznie zarz\u0105dza\u0107 unosz\u0105cymi si\u0119 w powietrzu cz\u0105stkami i oparami.<\/p>\n<p>Naukowcy s\u0105 odpowiedzialni za zrozumienie i przestrzeganie wszystkich regionalnych i instytucjonalnych przepis\u00f3w reguluj\u0105cych nabywanie, przechowywanie i stosowanie stymulant\u00f3w badawczych. chemsfine k\u0142adzie nacisk na odpowiedzialne praktyki badawcze i zapewnia kompleksowe karty charakterystyki (SDS) dla wszystkich swoich produkt\u00f3w, w tym <b>Materia\u0142y o wysokiej czysto\u015bci na sprzeda\u017c<\/b>. Certyfikaty analizy (CoA) s\u0105 r\u00f3wnie\u017c \u0142atwo dost\u0119pne, oferuj\u0105c przejrzysty wgl\u0105d w czysto\u015b\u0107 i sk\u0142ad ka\u017cdej partii. Dokumenty te s\u0105 niezb\u0119dnymi zasobami do zapewnienia zgodno\u015bci i promowania bezpiecznego \u015brodowiska badawczego. Zapewniamy bezpieczny proces zakupu, ale odpowiedzialno\u015b\u0107 za bezpieczn\u0105 obs\u0142ug\u0119 spoczywa na u\u017cytkowniku ko\u0144cowym, \u015bci\u015ble przestrzegaj\u0105cym ustalonych wytycznych bezpiecze\u0144stwa laboratoryjnego.<\/p>\n<h3>Kluczowe wytyczne bezpiecze\u0144stwa dotycz\u0105ce obchodzenia si\u0119 z kryszta\u0142ami badawczymi:<\/h3>\n<table>\n<thead>\n<tr>\n<th>Aspekt<\/th>\n<th>Wytyczne<\/th>\n<\/tr>\n<\/thead>\n<tbody>\n<tr>\n<td><b>PPE<\/b><\/td>\n<td>Zawsze nale\u017cy nosi\u0107 r\u0119kawice, okulary ochronne i fartuchy laboratoryjne.<\/td>\n<\/tr>\n<tr>\n<td><b>\u015arodowisko<\/b><\/td>\n<td>Stosowa\u0107 w kontrolowanym, dobrze wentylowanym miejscu (np. w wyci\u0105gu).<\/td>\n<\/tr>\n<tr>\n<td><b>Przepisy<\/b><\/td>\n<td>Przestrzega\u0107 wszystkich lokalnych i instytucjonalnych wytycznych.<\/td>\n<\/tr>\n<tr>\n<td><b>Dokumentacja<\/b><\/td>\n<td>Informacje specyficzne dla produktu mo\u017cna znale\u017a\u0107 w karcie charakterystyki substancji niebezpiecznej i karcie charakterystyki produktu.<\/td>\n<\/tr>\n<tr>\n<td><b>Utylizacja<\/b><\/td>\n<td>Nale\u017cy post\u0119powa\u0107 zgodnie z odpowiednimi procedurami usuwania odpad\u00f3w chemicznych.<\/td>\n<\/tr>\n<\/tbody>\n<\/table>\n<h2>Dlaczego warto wybra\u0107 chemsfine?<\/h2>\n<p>W chemsfine wyr\u00f3\u017cniamy si\u0119 jako wiod\u0105cy dostawca chemikali\u00f3w badawczych, konsekwentnie przestrzegaj\u0105c zasad przejrzysto\u015bci, jako\u015bci i satysfakcji klienta. Kiedy zdecydujesz si\u0119 <a href='https:\/\/chemsfine.com\/pl\/produkt\/bouket-pina-loca-hybrid-flower\/'>Zam\u00f3w te zaawansowane kryszta\u0142y badawcze online<\/a> Korzystaj\u0105c z naszej platformy, korzystasz z naszego niezachwianego zaanga\u017cowania w doskona\u0142o\u015b\u0107. Oferujemy przejrzyste szczeg\u00f3\u0142y dotycz\u0105ce wszystkich naszych produkt\u00f3w, zapewniaj\u0105c pe\u0142ne informacje przed dokonaniem zakupu. Ka\u017cda partia naszych zwi\u0105zk\u00f3w, w tym <b>te materia\u0142y o wysokiej czysto\u015bci<\/b>, Jest dostarczany ze zweryfikowanymi zapisami partii, zapewniaj\u0105c niezaprzeczaln\u0105 gwarancj\u0119 jako\u015bci i sp\u00f3jno\u015bci.<\/p>\n<p>Nasza konkurencyjna strategia cenowa zapewnia, \u017ce wysokiej jako\u015bci materia\u0142y badawcze s\u0105 dost\u0119pne dla szerszej spo\u0142eczno\u015bci naukowej bez uszczerbku dla czysto\u015bci lub us\u0142ug. Wierzymy, \u017ce prze\u0142omowe badania nie powinny by\u0107 utrudniane przez wyg\u00f3rowane koszty. Nasz bezpieczny system zam\u00f3wie\u0144 online gwarantuje p\u0142ynn\u0105 i poufn\u0105 transakcj\u0119 za ka\u017cdym razem, gdy zdecydujesz si\u0119 na <b>Kup teraz online<\/b>. Dzi\u0119ki chemsfine nie kupujesz tylko chemikali\u00f3w badawczych; wsp\u00f3\u0142pracujesz z dostawc\u0105, kt\u00f3ry wspiera Twoje wysi\u0142ki naukowe niezawodnymi, najwy\u017cszej jako\u015bci produktami i wyj\u0105tkow\u0105 obs\u0142ug\u0105, pozycjonuj\u0105c nas jako lidera w dziedzinie materia\u0142\u00f3w badawczych.<\/p>\n<h2>Wnioski<\/h2>\n<p>Podsumowuj\u0105c, dla naukowc\u00f3w poszukuj\u0105cych niezawodnych i wysokiej czysto\u015bci stymulant\u00f3w badawczych do swoich zaawansowanych bada\u0144 laboratoryjnych, chemsfine jest ostatecznym \u017ar\u00f3d\u0142em. Nasze zaanga\u017cowanie w jako\u015b\u0107, przejrzysto\u015b\u0107 i zadowolenie klient\u00f3w sprawia, \u017ce jeste\u015bmy preferowanym wyborem do pozyskiwania zwi\u0105zk\u00f3w o jako\u015bci badawczej. Zapraszamy do zapoznania si\u0119 z r\u00f3\u017cnic\u0105, jak\u0105 najwy\u017csza jako\u015b\u0107 produkt\u00f3w i wyj\u0105tkowa obs\u0142uga mog\u0105 wnie\u015b\u0107 do Twoich bada\u0144 naukowych. Zr\u00f3b kolejny krok w swoich badaniach ju\u017c dzi\u015b i pewnie <b>Kup kryszta\u0142y 2-CMC na sprzeda\u017c<\/b> od chemsfine, zapewniaj\u0105c najlepsze materia\u0142y do bezcennych eksperyment\u00f3w. Zaufaj naszemu zaanga\u017cowaniu w u\u0142atwianie prze\u0142omowych odkry\u0107 dzi\u0119ki niezmiennie niezawodnym i czystym substancjom chemicznym.<\/p>","protected":false},"excerpt":{"rendered":"<p>Odkryj <b>Kryszta\u0142y 2-CMC<\/b>, to najwy\u017cszej jako\u015bci substancja chemiczna do bada\u0144 naukowych, oferuj\u0105ca doskona\u0142\u0105 czysto\u015b\u0107 do zaawansowanych zastosowa\u0144 laboratoryjnych. Uzyskaj najwy\u017cszej jako\u015bci 2-CMC do bada\u0144 naukowych, kupuj\u0105c w sklepie <b>chemsfine<\/b>. Niezawodne \u017ar\u00f3d\u0142o materia\u0142\u00f3w badawczych o wysokiej czysto\u015bci.<\/p>","protected":false},"featured_media":6230,"comment_status":"open","ping_status":"closed","template":"","meta":{"_joinchat":[]},"product_brand":[],"product_cat":[951],"product_tag":[],"class_list":{"0":"post-6186","1":"product","2":"type-product","3":"status-publish","4":"has-post-thumbnail","6":"product_cat-stimulants","8":"first","9":"instock","10":"shipping-taxable","11":"purchasable","12":"product-type-variable"},"yoast_head":"<!-- This site is optimized with the Yoast SEO plugin v27.2 - https:\/\/yoast.com\/product\/yoast-seo-wordpress\/ -->\n<title>Buy 2-CMC Crystals Online | Best Price Available<\/title>\n<meta name=\"description\" content=\"Discover premium 2-CMC Crystals for advanced lab research at chemsfine. High-purity, optimal solubility. Buy 2-CMC online today for your studies.\" \/>\n<meta name=\"robots\" content=\"index, follow, max-snippet:-1, max-image-preview:large, max-video-preview:-1\" \/>\n<link rel=\"canonical\" href=\"https:\/\/chemsfine.com\/pl\/produkt\/buy-2-cmc-crystals\/\" \/>\n<meta property=\"og:locale\" content=\"pl_PL\" \/>\n<meta property=\"og:type\" content=\"article\" \/>\n<meta property=\"og:title\" content=\"Buy 2-CMC Crystals Online | Best Price Available\" \/>\n<meta property=\"og:description\" content=\"Discover premium 2-CMC Crystals for advanced lab research at chemsfine. High-purity, optimal solubility. Buy 2-CMC online today for your studies.\" \/>\n<meta property=\"og:url\" content=\"https:\/\/chemsfine.com\/pl\/produkt\/buy-2-cmc-crystals\/\" \/>\n<meta property=\"og:site_name\" content=\"Chemsfine\" \/>\n<meta property=\"article:modified_time\" content=\"2026-03-25T13:31:08+00:00\" \/>\n<meta property=\"og:image\" content=\"https:\/\/chemsfine.com\/wp-content\/uploads\/2026\/02\/buy-2-cmc-crystals-online-high-purity-research-chemicals-research-stimulants-2.webp\" \/>\n\t<meta property=\"og:image:width\" content=\"1280\" \/>\n\t<meta property=\"og:image:height\" content=\"907\" \/>\n\t<meta property=\"og:image:type\" content=\"image\/webp\" \/>\n<meta name=\"twitter:card\" content=\"summary_large_image\" \/>\n<meta name=\"twitter:label1\" content=\"Szacowany czas czytania\" \/>\n\t<meta name=\"twitter:data1\" content=\"5 minut\" \/>\n<script type=\"application\/ld+json\" class=\"yoast-schema-graph\">{\"@context\":\"https:\/\/schema.org\",\"@graph\":[{\"@type\":\"WebPage\",\"@id\":\"https:\/\/chemsfine.com\/product\/buy-2-cmc-crystals\/\",\"url\":\"https:\/\/chemsfine.com\/product\/buy-2-cmc-crystals\/\",\"name\":\"Buy 2-CMC Crystals Online | Best Price Available\",\"isPartOf\":{\"@id\":\"https:\/\/chemsfine.com\/#website\"},\"primaryImageOfPage\":{\"@id\":\"https:\/\/chemsfine.com\/product\/buy-2-cmc-crystals\/#primaryimage\"},\"image\":{\"@id\":\"https:\/\/chemsfine.com\/product\/buy-2-cmc-crystals\/#primaryimage\"},\"thumbnailUrl\":\"https:\/\/chemsfine.com\/wp-content\/uploads\/2026\/02\/buy-2-cmc-crystals-online-high-purity-research-chemicals-research-stimulants-2.webp\",\"datePublished\":\"2026-02-12T09:59:31+00:00\",\"dateModified\":\"2026-03-25T13:31:08+00:00\",\"description\":\"Discover premium 2-CMC Crystals for advanced lab research at chemsfine. High-purity, optimal solubility. Buy 2-CMC online today for your studies.\",\"breadcrumb\":{\"@id\":\"https:\/\/chemsfine.com\/product\/buy-2-cmc-crystals\/#breadcrumb\"},\"inLanguage\":\"pl-PL\",\"potentialAction\":[{\"@type\":\"ReadAction\",\"target\":[\"https:\/\/chemsfine.com\/product\/buy-2-cmc-crystals\/\"]}]},{\"@type\":\"ImageObject\",\"inLanguage\":\"pl-PL\",\"@id\":\"https:\/\/chemsfine.com\/product\/buy-2-cmc-crystals\/#primaryimage\",\"url\":\"https:\/\/chemsfine.com\/wp-content\/uploads\/2026\/02\/buy-2-cmc-crystals-online-high-purity-research-chemicals-research-stimulants-2.webp\",\"contentUrl\":\"https:\/\/chemsfine.com\/wp-content\/uploads\/2026\/02\/buy-2-cmc-crystals-online-high-purity-research-chemicals-research-stimulants-2.webp\",\"width\":1280,\"height\":907},{\"@type\":\"BreadcrumbList\",\"@id\":\"https:\/\/chemsfine.com\/product\/buy-2-cmc-crystals\/#breadcrumb\",\"itemListElement\":[{\"@type\":\"ListItem\",\"position\":1,\"name\":\"Home\",\"item\":\"https:\/\/chemsfine.com\/\"},{\"@type\":\"ListItem\",\"position\":2,\"name\":\"Shop\",\"item\":\"https:\/\/chemsfine.com\/shop\/\"},{\"@type\":\"ListItem\",\"position\":3,\"name\":\"Buy 2-CMC Crystals Online | High-Purity Research Chemicals\"}]},{\"@type\":\"WebSite\",\"@id\":\"https:\/\/chemsfine.com\/#website\",\"url\":\"https:\/\/chemsfine.com\/\",\"name\":\"Chemsfine\",\"description\":\"My WordPress Blog\",\"publisher\":{\"@id\":\"https:\/\/chemsfine.com\/#organization\"},\"potentialAction\":[{\"@type\":\"SearchAction\",\"target\":{\"@type\":\"EntryPoint\",\"urlTemplate\":\"https:\/\/chemsfine.com\/?s={search_term_string}\"},\"query-input\":{\"@type\":\"PropertyValueSpecification\",\"valueRequired\":true,\"valueName\":\"search_term_string\"}}],\"inLanguage\":\"pl-PL\"},{\"@type\":\"Organization\",\"@id\":\"https:\/\/chemsfine.com\/#organization\",\"name\":\"Chemsfine\",\"url\":\"https:\/\/chemsfine.com\/\",\"logo\":{\"@type\":\"ImageObject\",\"inLanguage\":\"pl-PL\",\"@id\":\"https:\/\/chemsfine.com\/#\/schema\/logo\/image\/\",\"url\":\"https:\/\/chemsfine.com\/wp-content\/uploads\/2024\/09\/final-logo.png\",\"contentUrl\":\"https:\/\/chemsfine.com\/wp-content\/uploads\/2024\/09\/final-logo.png\",\"width\":340,\"height\":72,\"caption\":\"Chemsfine\"},\"image\":{\"@id\":\"https:\/\/chemsfine.com\/#\/schema\/logo\/image\/\"}}]}<\/script>\n<!-- \/ Yoast SEO plugin. -->","yoast_head_json":{"title":"Kup 2-CMC Crystals Online | Najlepsza dost\u0119pna cena","description":"Odkryj najwy\u017cszej jako\u015bci kryszta\u0142y 2-CMC do zaawansowanych bada\u0144 laboratoryjnych w chemsfine. Wysoka czysto\u015b\u0107, optymalna rozpuszczalno\u015b\u0107. Kup 2-CMC online ju\u017c dzi\u015b do swoich bada\u0144.","robots":{"index":"index","follow":"follow","max-snippet":"max-snippet:-1","max-image-preview":"max-image-preview:large","max-video-preview":"max-video-preview:-1"},"canonical":"https:\/\/chemsfine.com\/pl\/produkt\/buy-2-cmc-crystals\/","og_locale":"pl_PL","og_type":"article","og_title":"Buy 2-CMC Crystals Online | Best Price Available","og_description":"Discover premium 2-CMC Crystals for advanced lab research at chemsfine. High-purity, optimal solubility. Buy 2-CMC online today for your studies.","og_url":"https:\/\/chemsfine.com\/pl\/produkt\/buy-2-cmc-crystals\/","og_site_name":"Chemsfine","article_modified_time":"2026-03-25T13:31:08+00:00","og_image":[{"width":1280,"height":907,"url":"https:\/\/chemsfine.com\/wp-content\/uploads\/2026\/02\/buy-2-cmc-crystals-online-high-purity-research-chemicals-research-stimulants-2.webp","type":"image\/webp"}],"twitter_card":"summary_large_image","twitter_misc":{"Szacowany czas czytania":"5 minut"},"schema":{"@context":"https:\/\/schema.org","@graph":[{"@type":"WebPage","@id":"https:\/\/chemsfine.com\/product\/buy-2-cmc-crystals\/","url":"https:\/\/chemsfine.com\/product\/buy-2-cmc-crystals\/","name":"Kup 2-CMC Crystals Online | Najlepsza dost\u0119pna cena","isPartOf":{"@id":"https:\/\/chemsfine.com\/#website"},"primaryImageOfPage":{"@id":"https:\/\/chemsfine.com\/product\/buy-2-cmc-crystals\/#primaryimage"},"image":{"@id":"https:\/\/chemsfine.com\/product\/buy-2-cmc-crystals\/#primaryimage"},"thumbnailUrl":"https:\/\/chemsfine.com\/wp-content\/uploads\/2026\/02\/buy-2-cmc-crystals-online-high-purity-research-chemicals-research-stimulants-2.webp","datePublished":"2026-02-12T09:59:31+00:00","dateModified":"2026-03-25T13:31:08+00:00","description":"Odkryj najwy\u017cszej jako\u015bci kryszta\u0142y 2-CMC do zaawansowanych bada\u0144 laboratoryjnych w chemsfine. Wysoka czysto\u015b\u0107, optymalna rozpuszczalno\u015b\u0107. Kup 2-CMC online ju\u017c dzi\u015b do swoich bada\u0144.","breadcrumb":{"@id":"https:\/\/chemsfine.com\/product\/buy-2-cmc-crystals\/#breadcrumb"},"inLanguage":"pl-PL","potentialAction":[{"@type":"ReadAction","target":["https:\/\/chemsfine.com\/product\/buy-2-cmc-crystals\/"]}]},{"@type":"ImageObject","inLanguage":"pl-PL","@id":"https:\/\/chemsfine.com\/product\/buy-2-cmc-crystals\/#primaryimage","url":"https:\/\/chemsfine.com\/wp-content\/uploads\/2026\/02\/buy-2-cmc-crystals-online-high-purity-research-chemicals-research-stimulants-2.webp","contentUrl":"https:\/\/chemsfine.com\/wp-content\/uploads\/2026\/02\/buy-2-cmc-crystals-online-high-purity-research-chemicals-research-stimulants-2.webp","width":1280,"height":907},{"@type":"BreadcrumbList","@id":"https:\/\/chemsfine.com\/product\/buy-2-cmc-crystals\/#breadcrumb","itemListElement":[{"@type":"ListItem","position":1,"name":"Home","item":"https:\/\/chemsfine.com\/"},{"@type":"ListItem","position":2,"name":"Shop","item":"https:\/\/chemsfine.com\/shop\/"},{"@type":"ListItem","position":3,"name":"Buy 2-CMC Crystals Online | High-Purity Research Chemicals"}]},{"@type":"WebSite","@id":"https:\/\/chemsfine.com\/#website","url":"https:\/\/chemsfine.com\/","name":"Chemsfine","description":"M\u00f3j blog WordPress","publisher":{"@id":"https:\/\/chemsfine.com\/#organization"},"potentialAction":[{"@type":"SearchAction","target":{"@type":"EntryPoint","urlTemplate":"https:\/\/chemsfine.com\/?s={search_term_string}"},"query-input":{"@type":"PropertyValueSpecification","valueRequired":true,"valueName":"search_term_string"}}],"inLanguage":"pl-PL"},{"@type":"Organization","@id":"https:\/\/chemsfine.com\/#organization","name":"Chemsfine","url":"https:\/\/chemsfine.com\/","logo":{"@type":"ImageObject","inLanguage":"pl-PL","@id":"https:\/\/chemsfine.com\/#\/schema\/logo\/image\/","url":"https:\/\/chemsfine.com\/wp-content\/uploads\/2024\/09\/final-logo.png","contentUrl":"https:\/\/chemsfine.com\/wp-content\/uploads\/2024\/09\/final-logo.png","width":340,"height":72,"caption":"Chemsfine"},"image":{"@id":"https:\/\/chemsfine.com\/#\/schema\/logo\/image\/"}}]}},"_links":{"self":[{"href":"https:\/\/chemsfine.com\/pl\/wp-json\/wp\/v2\/product\/6186","targetHints":{"allow":["GET"]}}],"collection":[{"href":"https:\/\/chemsfine.com\/pl\/wp-json\/wp\/v2\/product"}],"about":[{"href":"https:\/\/chemsfine.com\/pl\/wp-json\/wp\/v2\/types\/product"}],"replies":[{"embeddable":true,"href":"https:\/\/chemsfine.com\/pl\/wp-json\/wp\/v2\/comments?post=6186"}],"wp:featuredmedia":[{"embeddable":true,"href":"https:\/\/chemsfine.com\/pl\/wp-json\/wp\/v2\/media\/6230"}],"wp:attachment":[{"href":"https:\/\/chemsfine.com\/pl\/wp-json\/wp\/v2\/media?parent=6186"}],"wp:term":[{"taxonomy":"product_brand","embeddable":true,"href":"https:\/\/chemsfine.com\/pl\/wp-json\/wp\/v2\/product_brand?post=6186"},{"taxonomy":"product_cat","embeddable":true,"href":"https:\/\/chemsfine.com\/pl\/wp-json\/wp\/v2\/product_cat?post=6186"},{"taxonomy":"product_tag","embeddable":true,"href":"https:\/\/chemsfine.com\/pl\/wp-json\/wp\/v2\/product_tag?post=6186"}],"curies":[{"name":"wp","href":"https:\/\/api.w.org\/{rel}","templated":true}]}}