{"id":6191,"date":"2026-02-12T09:59:31","date_gmt":"2026-02-12T09:59:31","guid":{"rendered":"https:\/\/chemsfine.com\/?post_type=product&#038;p=6191"},"modified":"2026-03-25T13:29:34","modified_gmt":"2026-03-25T13:29:34","slug":"buy-mmc-pellets-online","status":"publish","type":"product","link":"https:\/\/chemsfine.com\/pl\/product\/buy-mmc-pellets-online\/","title":{"rendered":"Kup 3 granulki MMC online | Wysokiej jako\u015bci stymulanty badawcze"},"content":{"rendered":"<p>Kiedy starasz si\u0119 <b>Kup 3 pelety MMC na sprzeda\u017c<\/b>, Chemsfine jest najlepszym miejscem docelowym. Naszym celem jest dostarczanie badaczom i instytucjom naukowym 3-metylometkatynonu najwy\u017cszej jako\u015bci. Nasze zaanga\u017cowanie gwarantuje, \u017ce ka\u017cda partia <b>3 MMC Pellets<\/b> podlega rygorystycznej weryfikacji laboratoryjnej, gwarantuj\u0105c wyj\u0105tkow\u0105 czysto\u015b\u0107 i precyzyjne dozowanie kluczowe dla uzyskania wiarygodnych wynik\u00f3w eksperymentalnych. Stymulanty badawcze ufaj\u0105 naszej szybkiej globalnej wysy\u0142ce, kt\u00f3ra zapewnia szybkie dotarcie wa\u017cnych zwi\u0105zk\u00f3w, wspieraj\u0105c nieprzerwane wysi\u0142ki badawcze.<\/p>\n<h2>Co to jest 3 MMC Pellets?<\/h2>\n<p><b>3 MMC Pellets<\/b> zawieraj\u0105 3-metylometkatynon, wybitny syntetyczny katynon uznany za swoje w\u0142a\u015bciwo\u015bci stymuluj\u0105ce w warunkach badawczych. Zwi\u0105zek ten, o wzorze chemicznym C<sub>11<\/sub>H<sub>15<\/sub>NO, jest skrupulatnie syntetyzowany w celu osi\u0105gni\u0119cia najwy\u017cszej czysto\u015bci, co czyni go nieocenionym narz\u0119dziem do bada\u0144 farmakologicznych i neuronaukowych. Oferowany w postaci granulek, u\u0142atwia bardzo dok\u0142adne i sp\u00f3jne dozowanie, co ma kluczowe znaczenie dla wra\u017cliwych eksperyment\u00f3w laboratoryjnych. Nasz <b>Najwy\u017cszej jako\u015bci pellet 3 MMC<\/b> s\u0105 specjalnie zaprojektowane dla naukowc\u00f3w, kt\u00f3rzy wymagaj\u0105 precyzji i sp\u00f3jno\u015bci w swoich badaniach, zapewniaj\u0105c niezawodn\u0105 platform\u0119 do zrozumienia z\u0142o\u017conych interakcji biologicznych.<\/p>\n<h2>Dlaczego warto kupi\u0107 3 MMC Pellets online w Chemsfine?<\/h2>\n<p>Wyb\u00f3r <b>Kup 3 MMC Pellets online<\/b> od Chemsfine oznacza wyb\u00f3r niezr\u00f3wnanej niezawodno\u015bci i najwy\u017cszej jako\u015bci. Jeste\u015bmy dumni z oferowania <b>3 najlepsze dost\u0119pne pellety MMC<\/b>, poparte kompleksowymi, zweryfikowanymi laboratoryjnie raportami czysto\u015bci. Ka\u017cdy granulat jest produkowany zgodnie z precyzyjnymi standardami dozowania, eliminuj\u0105c niesp\u00f3jno\u015bci, kt\u00f3re mog\u0142yby zagrozi\u0107 danym badawczym. W Chemsfine nasze bezpieczne procesy zakupu i solidne \u015brodki kontroli jako\u015bci zapewniaj\u0105, \u017ce otrzymasz dok\u0142adnie to, czego oczekujesz: materia\u0142y badawcze o wysokiej czysto\u015bci. Nasza reputacja zaufanego dostawcy stymulant\u00f3w badawczych opiera si\u0119 na dostarczaniu doskona\u0142o\u015bci i zapewnianiu satysfakcji klienta przy ka\u017cdej transakcji.<\/p>\n<h2>Zastosowania 3 granulek MMC<\/h2>\n<p>Zastosowania dla wysokiej czysto\u015bci <b>3 MMC Pellets<\/b> w spo\u0142eczno\u015bci naukowej s\u0105 zr\u00f3\u017cnicowane i krytyczne, koncentruj\u0105c si\u0119 g\u0142\u00f3wnie na kontrolowanych \u015brodowiskach laboratoryjnych. Granulki te s\u0105 niezb\u0119dne w r\u00f3\u017cnych zaawansowanych projektach badawczych:<\/p>\n<ul>\n<li>Badania farmakologiczne nad mechanizmami stymuluj\u0105cymi.<\/li>\n<li>Analiza neurochemiczna szlak\u00f3w serotoniny, dopaminy i noradrenaliny.<\/li>\n<li>Eksperymenty in vitro i in vivo dla test\u00f3w wi\u0105zania receptora.<\/li>\n<li>Analityczne standardy referencyjne dla toksykologii s\u0105dowej.<\/li>\n<li>Badanie metabolizmu i farmakokinetyki nowych zwi\u0105zk\u00f3w.<\/li>\n<li>Badania nad wp\u0142ywem podstawionych katynon\u00f3w na o\u015brodkowy uk\u0142ad nerwowy.<\/li>\n<\/ul>\n<p>Chemsfine wspiera r\u00f3wnie\u017c szersz\u0105 eksploracj\u0119 naukow\u0105, oferuj\u0105c kompleksow\u0105 gam\u0119 zwi\u0105zk\u00f3w badawczych i specjalistycznych materia\u0142\u00f3w do r\u00f3\u017cnych konfiguracji eksperymentalnych, od zwi\u0105zk\u00f3w organicznych wyst\u0119puj\u0105cych w produktach takich jak <a href=\"https:\/\/chemsfine.com\/pl\/produkt\/northern-lights-indica-strain-30-85-thc\/\">Odmiana Northern Lights Indica<\/a> do podstawowych komponent\u00f3w laboratoryjnych, takich jak <a href=\"https:\/\/chemsfine.com\/pl\/produkt\/buy-xlr-11-connectors-online\/\">Z\u0142\u0105cza XLR-11<\/a>, zapewniaj\u0105c spe\u0142nienie wszystkich potrzeb badawczych.<\/p>\n<h2>Bezpiecze\u0144stwo i zgodno\u015b\u0107 dla 3 MMC Pellets<\/h2>\n<p>Podczas obs\u0142ugi <b>3 MMC Pellets<\/b>, Przestrzeganie \u015bcis\u0142ych protoko\u0142\u00f3w bezpiecze\u0144stwa i zgodno\u015bci z przepisami jest absolutnie niezb\u0119dne. Naukowcy musz\u0105 zawsze stosowa\u0107 odpowiednie \u015brodki ochrony osobistej (PPE) i przeprowadza\u0107 eksperymenty w kontrolowanych \u015brodowiskach laboratoryjnych, takich jak wyci\u0105gi, aby zapewni\u0107 bezpiecze\u0144stwo. Konieczna jest znajomo\u015b\u0107 i przestrzeganie wszystkich regionalnych i krajowych przepis\u00f3w dotycz\u0105cych zakupu, przechowywania i stosowania chemikali\u00f3w badawczych. Chemsfine wspiera odpowiedzialne badania, dostarczaj\u0105c szczeg\u00f3\u0142owe karty charakterystyki (SDS) i certyfikaty analizy (CoA) przy ka\u017cdym zam\u00f3wieniu, zapewniaj\u0105c przejrzysto\u015b\u0107 i pomagaj\u0105c w bezpiecznych praktykach laboratoryjnych. Opowiadamy si\u0119 za etycznym i legalnym wykorzystaniem wszystkich naszych produkt\u00f3w badawczych.<\/p>\n<h2>Dlaczego warto wybra\u0107 Chemsfine dla swoich 3 potrzeb MMC?<\/h2>\n<p>Kiedy nadejdzie czas <b>Zam\u00f3w 3 MMC Pellets online<\/b>, Chemsfine wyr\u00f3\u017cnia si\u0119 jako lider w bran\u017cy. Nasze niezachwiane zaanga\u017cowanie w przejrzyste szczeg\u00f3\u0142y, w po\u0142\u0105czeniu ze starannie zweryfikowanymi zapisami partii, zapewnia naukowcom pe\u0142ne zaufanie do ich zakup\u00f3w. Oferujemy wysoce konkurencyjne ceny bez uszczerbku dla jako\u015bci, dzi\u0119ki czemu najwy\u017cszej jako\u015bci chemikalia badawcze s\u0105 \u0142atwo dost\u0119pne. Co wi\u0119cej, nasza solidna infrastruktura u\u0142atwia szybk\u0105 globaln\u0105 wysy\u0142k\u0119, zapewniaj\u0105c, \u017ce krytyczne dostawy s\u0105 dostarczane sprawnie i dyskretnie. Nasz dedykowany zesp\u00f3\u0142 obs\u0142ugi klienta jest zawsze gotowy do pomocy, zapewniaj\u0105c p\u0142ynne do\u015bwiadczenie od wyboru do dostawy.<\/p>\n<h3>Specyfikacja produktu: 3 MMC Pellets<\/h3>\n<table>\n<thead>\n<tr>\n<th>Specyfikacja<\/th>\n<th>Szczeg\u00f3\u0142y<\/th>\n<\/tr>\n<\/thead>\n<tbody>\n<tr>\n<td>Nazwa produktu<\/td>\n<td>3 MMC Pellets<\/td>\n<\/tr>\n<tr>\n<td>Nazwa chemiczna<\/td>\n<td>3-metylometkatynon<\/td>\n<\/tr>\n<tr>\n<td>Wz\u00f3r chemiczny<\/td>\n<td>C<sub>11<\/sub>H<sub>15<\/sub>NIE<\/td>\n<\/tr>\n<tr>\n<td>Czysto\u015b\u0107<\/td>\n<td>\u226598% (potwierdzone laboratoryjnie)<\/td>\n<\/tr>\n<tr>\n<td>Formularz<\/td>\n<td>Pelety<\/td>\n<\/tr>\n<tr>\n<td>Przeznaczenie<\/td>\n<td>Tylko do cel\u00f3w badawczych<\/td>\n<\/tr>\n<\/tbody>\n<\/table>\n<h2>Wnioski: Zabezpiecz swoje granulki MMC klasy badawczej 3<\/h2>\n<p>Podsumowuj\u0105c, dla badaczy pragn\u0105cych <b>Kup 3 pelety MMC na sprzeda\u017c<\/b>, Chemsfine oferuje niezr\u00f3wnane po\u0142\u0105czenie czysto\u015bci, precyzji i niezawodnej obs\u0142ugi. Nasze zweryfikowane laboratoryjnie, wysokiej jako\u015bci granulki 3-metylometkatynonu s\u0105 skrupulatnie przygotowywane, aby spe\u0142ni\u0107 rygorystyczne wymagania zaawansowanych bada\u0144 naukowych. Zaufaj Chemsfine przy nast\u0119pnym projekcie badawczym, aby zapewni\u0107 sp\u00f3jne i dok\u0142adne wyniki. Przekonaj si\u0119, jak\u0105 r\u00f3\u017cnic\u0119 w krytycznych eksperymentach robi d\u0105\u017cenie do doskona\u0142o\u015bci. Ju\u017c dzi\u015b kup od nas granulat 3 MMC klasy badawczej i rozwijaj swoje odkrycia naukowe z pewno\u015bci\u0105 i spokojem.<\/p>","protected":false},"excerpt":{"rendered":"<p>Odkryj premium <b>3 MMC Pellets<\/b> w Chemsfine, idealny do zaawansowanych bada\u0144. Nasz 3-metylometkatynon klasy laboratoryjnej zapewnia weryfikowaln\u0105 czysto\u015b\u0107 i sp\u00f3jne wyniki. <b>Kup 3 granulki MMC<\/b> do bada\u0144 naukowych ju\u017c dzi\u015b w Chemsfine, gwarantuj\u0105c wyj\u0105tkow\u0105 jako\u015b\u0107 ka\u017cdego eksperymentu.<\/p>","protected":false},"featured_media":6243,"comment_status":"open","ping_status":"closed","template":"","meta":{"_joinchat":[]},"product_brand":[],"product_cat":[951],"product_tag":[],"class_list":{"0":"post-6191","1":"product","2":"type-product","3":"status-publish","4":"has-post-thumbnail","6":"product_cat-stimulants","8":"first","9":"instock","10":"shipping-taxable","11":"purchasable","12":"product-type-variable"},"yoast_head":"<!-- This site is optimized with the Yoast SEO plugin v27.2 - https:\/\/yoast.com\/product\/yoast-seo-wordpress\/ -->\n<title>Buy 3 MMC Pellets Online | Research Grade for Sale at Chemsfine<\/title>\n<meta name=\"description\" content=\"Purchase high-quality 3 MMC Pellets for sale online. Lab-verified purity, precise dosing, and fast global shipping. Best research-grade 3 MMC available. Buy now at Chemsfine.\" \/>\n<meta name=\"robots\" content=\"index, follow, max-snippet:-1, max-image-preview:large, max-video-preview:-1\" \/>\n<link rel=\"canonical\" href=\"https:\/\/chemsfine.com\/pl\/produkt\/buy-mmc-pellets-online\/\" \/>\n<meta property=\"og:locale\" content=\"pl_PL\" \/>\n<meta property=\"og:type\" content=\"article\" \/>\n<meta property=\"og:title\" content=\"Buy 3 MMC Pellets Online | Research Grade for Sale at Chemsfine\" \/>\n<meta property=\"og:description\" content=\"Purchase high-quality 3 MMC Pellets for sale online. Lab-verified purity, precise dosing, and fast global shipping. Best research-grade 3 MMC available. Buy now at Chemsfine.\" \/>\n<meta property=\"og:url\" content=\"https:\/\/chemsfine.com\/pl\/produkt\/buy-mmc-pellets-online\/\" \/>\n<meta property=\"og:site_name\" content=\"Chemsfine\" \/>\n<meta property=\"article:modified_time\" content=\"2026-03-25T13:29:34+00:00\" \/>\n<meta property=\"og:image\" content=\"https:\/\/chemsfine.com\/wp-content\/uploads\/2026\/02\/quality-3-mmc-pellets-for-sale-online-research-stimulants-2.jpg\" \/>\n\t<meta property=\"og:image:width\" content=\"800\" \/>\n\t<meta property=\"og:image:height\" content=\"1066\" \/>\n\t<meta property=\"og:image:type\" content=\"image\/jpeg\" \/>\n<meta name=\"twitter:card\" content=\"summary_large_image\" \/>\n<meta name=\"twitter:label1\" content=\"Szacowany czas czytania\" \/>\n\t<meta name=\"twitter:data1\" content=\"4 minuty\" \/>\n<script type=\"application\/ld+json\" class=\"yoast-schema-graph\">{\"@context\":\"https:\/\/schema.org\",\"@graph\":[{\"@type\":\"WebPage\",\"@id\":\"https:\/\/chemsfine.com\/product\/buy-mmc-pellets-online\/\",\"url\":\"https:\/\/chemsfine.com\/product\/buy-mmc-pellets-online\/\",\"name\":\"Buy 3 MMC Pellets Online | Research Grade for Sale at Chemsfine\",\"isPartOf\":{\"@id\":\"https:\/\/chemsfine.com\/#website\"},\"primaryImageOfPage\":{\"@id\":\"https:\/\/chemsfine.com\/product\/buy-mmc-pellets-online\/#primaryimage\"},\"image\":{\"@id\":\"https:\/\/chemsfine.com\/product\/buy-mmc-pellets-online\/#primaryimage\"},\"thumbnailUrl\":\"https:\/\/chemsfine.com\/wp-content\/uploads\/2026\/02\/quality-3-mmc-pellets-for-sale-online-research-stimulants-2.jpg\",\"datePublished\":\"2026-02-12T09:59:31+00:00\",\"dateModified\":\"2026-03-25T13:29:34+00:00\",\"description\":\"Purchase high-quality 3 MMC Pellets for sale online. Lab-verified purity, precise dosing, and fast global shipping. Best research-grade 3 MMC available. Buy now at Chemsfine.\",\"breadcrumb\":{\"@id\":\"https:\/\/chemsfine.com\/product\/buy-mmc-pellets-online\/#breadcrumb\"},\"inLanguage\":\"pl-PL\",\"potentialAction\":[{\"@type\":\"ReadAction\",\"target\":[\"https:\/\/chemsfine.com\/product\/buy-mmc-pellets-online\/\"]}]},{\"@type\":\"ImageObject\",\"inLanguage\":\"pl-PL\",\"@id\":\"https:\/\/chemsfine.com\/product\/buy-mmc-pellets-online\/#primaryimage\",\"url\":\"https:\/\/chemsfine.com\/wp-content\/uploads\/2026\/02\/quality-3-mmc-pellets-for-sale-online-research-stimulants-2.jpg\",\"contentUrl\":\"https:\/\/chemsfine.com\/wp-content\/uploads\/2026\/02\/quality-3-mmc-pellets-for-sale-online-research-stimulants-2.jpg\",\"width\":800,\"height\":1066},{\"@type\":\"BreadcrumbList\",\"@id\":\"https:\/\/chemsfine.com\/product\/buy-mmc-pellets-online\/#breadcrumb\",\"itemListElement\":[{\"@type\":\"ListItem\",\"position\":1,\"name\":\"Home\",\"item\":\"https:\/\/chemsfine.com\/\"},{\"@type\":\"ListItem\",\"position\":2,\"name\":\"Shop\",\"item\":\"https:\/\/chemsfine.com\/shop\/\"},{\"@type\":\"ListItem\",\"position\":3,\"name\":\"Buy 3 MMC Pellets Online | High-Quality Research Stimulants\"}]},{\"@type\":\"WebSite\",\"@id\":\"https:\/\/chemsfine.com\/#website\",\"url\":\"https:\/\/chemsfine.com\/\",\"name\":\"Chemsfine\",\"description\":\"My WordPress Blog\",\"publisher\":{\"@id\":\"https:\/\/chemsfine.com\/#organization\"},\"potentialAction\":[{\"@type\":\"SearchAction\",\"target\":{\"@type\":\"EntryPoint\",\"urlTemplate\":\"https:\/\/chemsfine.com\/?s={search_term_string}\"},\"query-input\":{\"@type\":\"PropertyValueSpecification\",\"valueRequired\":true,\"valueName\":\"search_term_string\"}}],\"inLanguage\":\"pl-PL\"},{\"@type\":\"Organization\",\"@id\":\"https:\/\/chemsfine.com\/#organization\",\"name\":\"Chemsfine\",\"url\":\"https:\/\/chemsfine.com\/\",\"logo\":{\"@type\":\"ImageObject\",\"inLanguage\":\"pl-PL\",\"@id\":\"https:\/\/chemsfine.com\/#\/schema\/logo\/image\/\",\"url\":\"https:\/\/chemsfine.com\/wp-content\/uploads\/2024\/09\/final-logo.png\",\"contentUrl\":\"https:\/\/chemsfine.com\/wp-content\/uploads\/2024\/09\/final-logo.png\",\"width\":340,\"height\":72,\"caption\":\"Chemsfine\"},\"image\":{\"@id\":\"https:\/\/chemsfine.com\/#\/schema\/logo\/image\/\"}}]}<\/script>\n<!-- \/ Yoast SEO plugin. -->","yoast_head_json":{"title":"Kup 3 granulki MMC online | Klasa badawcza na sprzeda\u017c w Chemsfine","description":"Kup wysokiej jako\u015bci 3 MMC Pellets na sprzeda\u017c online. Czysto\u015b\u0107 potwierdzona laboratoryjnie, precyzyjne dozowanie i szybka globalna wysy\u0142ka. Najlepszy dost\u0119pny 3 MMC klasy badawczej. Kup teraz w Chemsfine.","robots":{"index":"index","follow":"follow","max-snippet":"max-snippet:-1","max-image-preview":"max-image-preview:large","max-video-preview":"max-video-preview:-1"},"canonical":"https:\/\/chemsfine.com\/pl\/produkt\/buy-mmc-pellets-online\/","og_locale":"pl_PL","og_type":"article","og_title":"Buy 3 MMC Pellets Online | Research Grade for Sale at Chemsfine","og_description":"Purchase high-quality 3 MMC Pellets for sale online. Lab-verified purity, precise dosing, and fast global shipping. Best research-grade 3 MMC available. Buy now at Chemsfine.","og_url":"https:\/\/chemsfine.com\/pl\/produkt\/buy-mmc-pellets-online\/","og_site_name":"Chemsfine","article_modified_time":"2026-03-25T13:29:34+00:00","og_image":[{"width":800,"height":1066,"url":"https:\/\/chemsfine.com\/wp-content\/uploads\/2026\/02\/quality-3-mmc-pellets-for-sale-online-research-stimulants-2.jpg","type":"image\/jpeg"}],"twitter_card":"summary_large_image","twitter_misc":{"Szacowany czas czytania":"4 minuty"},"schema":{"@context":"https:\/\/schema.org","@graph":[{"@type":"WebPage","@id":"https:\/\/chemsfine.com\/product\/buy-mmc-pellets-online\/","url":"https:\/\/chemsfine.com\/product\/buy-mmc-pellets-online\/","name":"Kup 3 granulki MMC online | Klasa badawcza na sprzeda\u017c w Chemsfine","isPartOf":{"@id":"https:\/\/chemsfine.com\/#website"},"primaryImageOfPage":{"@id":"https:\/\/chemsfine.com\/product\/buy-mmc-pellets-online\/#primaryimage"},"image":{"@id":"https:\/\/chemsfine.com\/product\/buy-mmc-pellets-online\/#primaryimage"},"thumbnailUrl":"https:\/\/chemsfine.com\/wp-content\/uploads\/2026\/02\/quality-3-mmc-pellets-for-sale-online-research-stimulants-2.jpg","datePublished":"2026-02-12T09:59:31+00:00","dateModified":"2026-03-25T13:29:34+00:00","description":"Kup wysokiej jako\u015bci 3 MMC Pellets na sprzeda\u017c online. Czysto\u015b\u0107 potwierdzona laboratoryjnie, precyzyjne dozowanie i szybka globalna wysy\u0142ka. Najlepszy dost\u0119pny 3 MMC klasy badawczej. Kup teraz w Chemsfine.","breadcrumb":{"@id":"https:\/\/chemsfine.com\/product\/buy-mmc-pellets-online\/#breadcrumb"},"inLanguage":"pl-PL","potentialAction":[{"@type":"ReadAction","target":["https:\/\/chemsfine.com\/product\/buy-mmc-pellets-online\/"]}]},{"@type":"ImageObject","inLanguage":"pl-PL","@id":"https:\/\/chemsfine.com\/product\/buy-mmc-pellets-online\/#primaryimage","url":"https:\/\/chemsfine.com\/wp-content\/uploads\/2026\/02\/quality-3-mmc-pellets-for-sale-online-research-stimulants-2.jpg","contentUrl":"https:\/\/chemsfine.com\/wp-content\/uploads\/2026\/02\/quality-3-mmc-pellets-for-sale-online-research-stimulants-2.jpg","width":800,"height":1066},{"@type":"BreadcrumbList","@id":"https:\/\/chemsfine.com\/product\/buy-mmc-pellets-online\/#breadcrumb","itemListElement":[{"@type":"ListItem","position":1,"name":"Home","item":"https:\/\/chemsfine.com\/"},{"@type":"ListItem","position":2,"name":"Shop","item":"https:\/\/chemsfine.com\/shop\/"},{"@type":"ListItem","position":3,"name":"Buy 3 MMC Pellets Online | High-Quality Research Stimulants"}]},{"@type":"WebSite","@id":"https:\/\/chemsfine.com\/#website","url":"https:\/\/chemsfine.com\/","name":"Chemsfine","description":"M\u00f3j blog WordPress","publisher":{"@id":"https:\/\/chemsfine.com\/#organization"},"potentialAction":[{"@type":"SearchAction","target":{"@type":"EntryPoint","urlTemplate":"https:\/\/chemsfine.com\/?s={search_term_string}"},"query-input":{"@type":"PropertyValueSpecification","valueRequired":true,"valueName":"search_term_string"}}],"inLanguage":"pl-PL"},{"@type":"Organization","@id":"https:\/\/chemsfine.com\/#organization","name":"Chemsfine","url":"https:\/\/chemsfine.com\/","logo":{"@type":"ImageObject","inLanguage":"pl-PL","@id":"https:\/\/chemsfine.com\/#\/schema\/logo\/image\/","url":"https:\/\/chemsfine.com\/wp-content\/uploads\/2024\/09\/final-logo.png","contentUrl":"https:\/\/chemsfine.com\/wp-content\/uploads\/2024\/09\/final-logo.png","width":340,"height":72,"caption":"Chemsfine"},"image":{"@id":"https:\/\/chemsfine.com\/#\/schema\/logo\/image\/"}}]}},"_links":{"self":[{"href":"https:\/\/chemsfine.com\/pl\/wp-json\/wp\/v2\/product\/6191","targetHints":{"allow":["GET"]}}],"collection":[{"href":"https:\/\/chemsfine.com\/pl\/wp-json\/wp\/v2\/product"}],"about":[{"href":"https:\/\/chemsfine.com\/pl\/wp-json\/wp\/v2\/types\/product"}],"replies":[{"embeddable":true,"href":"https:\/\/chemsfine.com\/pl\/wp-json\/wp\/v2\/comments?post=6191"}],"wp:featuredmedia":[{"embeddable":true,"href":"https:\/\/chemsfine.com\/pl\/wp-json\/wp\/v2\/media\/6243"}],"wp:attachment":[{"href":"https:\/\/chemsfine.com\/pl\/wp-json\/wp\/v2\/media?parent=6191"}],"wp:term":[{"taxonomy":"product_brand","embeddable":true,"href":"https:\/\/chemsfine.com\/pl\/wp-json\/wp\/v2\/product_brand?post=6191"},{"taxonomy":"product_cat","embeddable":true,"href":"https:\/\/chemsfine.com\/pl\/wp-json\/wp\/v2\/product_cat?post=6191"},{"taxonomy":"product_tag","embeddable":true,"href":"https:\/\/chemsfine.com\/pl\/wp-json\/wp\/v2\/product_tag?post=6191"}],"curies":[{"name":"wp","href":"https:\/\/api.w.org\/{rel}","templated":true}]}}