{"id":6299,"date":"2026-02-12T10:02:01","date_gmt":"2026-02-12T10:02:01","guid":{"rendered":"https:\/\/chemsfine.com\/?post_type=product&#038;p=6299"},"modified":"2026-03-25T13:17:16","modified_gmt":"2026-03-25T13:17:16","slug":"buy-penis-envy-mushrooms","status":"publish","type":"product","link":"https:\/\/chemsfine.com\/pl\/product\/buy-penis-envy-mushrooms\/","title":{"rendered":"Penis Envy Cubensis na sprzeda\u017c | Kup Premium PE Mushrooms online"},"content":{"rendered":"<p>Witamy w chemsfine, zaufanym \u017ar\u00f3dle informacji o <b>Kup Penis Envy Cubensis na sprzeda\u017c<\/b>. Znana ze swojej niezr\u00f3wnanej mocy i charakterystycznych cech, ta wysokiej jako\u015bci odmiana grzyb\u00f3w jest bardzo poszukiwanym okazem zar\u00f3wno w\u015br\u00f3d koneser\u00f3w, jak i badaczy. Je\u015bli chcesz naby\u0107 najwy\u017cszej jako\u015bci <b>Penis Envy Cubensis online<\/b>, Chemsfine zapewnia wyj\u0105tkowy wyb\u00f3r, kt\u00f3ry spe\u0142nia rygorystyczne standardy. Rozumiemy znaczenie niezawodno\u015bci i dyskrecji w ka\u017cdej transakcji, zapewniaj\u0105c bezproblemowe do\u015bwiadczenie podczas zabezpieczania tego niezwyk\u0142ego szczepu. Nasze zaanga\u017cowanie w doskona\u0142o\u015b\u0107 oznacza, \u017ce otrzymujesz tylko najbardziej autentyczne i solidne okazy dost\u0119pne na rynku, idealne do zaawansowanych bada\u0144 mikologicznych lub osobistych eksploracji.<\/p>\n<h2>Czym jest Penis Envy Cubensis?<\/h2>\n<p><b>Penis Envy Cubensis<\/b> to wyj\u0105tkowa i niezwykle silna odmiana grzyb\u00f3w Psilocybe cubensis, wyr\u00f3\u017cniaj\u0105ca si\u0119 grubymi, g\u0119stymi \u0142odygami i s\u0142abo rozwini\u0119tymi kapeluszami. Jej nazwa odzwierciedla charakterystyczny falliczny kszta\u0142t, cech\u0119, kt\u00f3ra odr\u00f3\u017cnia j\u0105 wizualnie od innych odmian cubensis. Ten konkretny szczep s\u0142ynie z podwy\u017cszonej zawarto\u015bci psilocybiny, co czyni go jednym z najsilniejszych grzyb\u00f3w psychodelicznych. Pochodz\u0105cy z odizolowanej mutacji oryginalnego szczepu Psilocybe cubensis, jego linia genetyczna przyczynia si\u0119 do jego silnego wzrostu i znacz\u0105cych w\u0142a\u015bciwo\u015bci psychoaktywnych. Naukowcy i entuzja\u015bci cz\u0119sto poszukuj\u0105 <b>Najwy\u017cszej jako\u015bci Penis Envy Cubensis<\/b> ze wzgl\u0119du na swoj\u0105 sta\u0142\u0105 si\u0142\u0119 i g\u0142\u0119bokie dzia\u0142anie. Jej charakterystyczny wygl\u0105d i pot\u0119\u017cna moc ugruntowa\u0142y jej reputacj\u0119 jako legendarnego szczepu w \u015bwiecie grzyb\u00f3w enteogennych. Zrozumienie jej unikalnego profilu jest kluczem do zrozumienia, dlaczego pozostaje ona najlepszym wyborem dla tych, kt\u00f3rzy powa\u017cnie podchodz\u0105 do swoich do\u015bwiadcze\u0144.<\/p>\n<p>Niekt\u00f3re z mo\u017cliwych efekt\u00f3w, kt\u00f3re mog\u0105 by\u0107 odczuwalne po spo\u017cyciu wi\u0119kszych dawek tego grzyba to:<\/p>\n<ul>\n<li>Postrzeganie dylatacji czasu<\/li>\n<li>Halucynacje<\/li>\n<li>Synestezja (s\u0142yszenie kolor\u00f3w i widzenie d\u017awi\u0119k\u00f3w)<\/li>\n<li>Fractal surfing<\/li>\n<li>Niekontrolowane ataki wyimaginowanych wydarze\u0144 i zjawisk przejmuj\u0105cych kontrol\u0119 nad umys\u0142em<\/li>\n<li>Bycie \u015bwiadkiem kosmicznych byt\u00f3w<\/li>\n<\/ul>\n<h2>Dlaczego warto kupi\u0107 Penis Envy Cubensis online od chemsfine?<\/h2>\n<p>Wyb\u00f3r chemsfine dla <b>Penis Envy Cubensis zakup online<\/b> gwarantuje dost\u0119p do produkt\u00f3w premium wspartych wyj\u0105tkow\u0105 obs\u0142ug\u0105. Jeste\u015bmy dumni z oferowania <b>Najlepszy dost\u0119pny Penis Envy Cubensis<\/b>, zapewniaj\u0105c, \u017ce ka\u017cda partia spe\u0142nia rygorystyczne kontrole jako\u015bci. Nasze zaanga\u017cowanie w czysto\u015b\u0107 i si\u0142\u0119 dzia\u0142ania oznacza, \u017ce kupuj\u0105c u nas, inwestujesz w produkt, kt\u00f3ry konsekwentnie dostarcza. Priorytetem jest dla nas dyskretne opakowanie i bezpieczna dostawa, dzi\u0119ki czemu zakupy s\u0105 bezpieczne i poufne. Dzi\u0119ki chemsfine korzystasz z przejrzystych informacji o produkcie i responsywnej obs\u0142ugi klienta, kt\u00f3ra prowadzi Ci\u0119 na ka\u017cdym kroku. Rozumiemy wyj\u0105tkow\u0105 natur\u0119 tego produktu i staramy si\u0119 zapewni\u0107 niezr\u00f3wnane do\u015bwiadczenie zakupowe, wspieraj\u0105c zaufanie i satysfakcj\u0119 z ka\u017cdego zam\u00f3wienia. Nasza reputacja opiera si\u0119 na dostarczaniu najwy\u017cszej jako\u015bci i zapewnianiu klientom spokoju ducha.<\/p>\n<h2>Zastosowania i profil mocy<\/h2>\n<p>Silny charakter <b>Penis Envy Cubensis<\/b> sprawia, \u017ce jest to wa\u017cny temat do r\u00f3\u017cnych zastosowa\u0144, zw\u0142aszcza w badaniach mikologicznych i w kontek\u015bcie rozwoju osobistego. Jej solidny profil genetyczny cz\u0119sto zapewnia wy\u017csze st\u0119\u017cenie zwi\u0105zk\u00f3w aktywnych, co prowadzi do bardziej intensywnych i d\u0142ugotrwa\u0142ych do\u015bwiadcze\u0144. Sprawia to, \u017ce jest to preferowany wyb\u00f3r dla zaawansowanych u\u017cytkownik\u00f3w poszukuj\u0105cych g\u0142\u0119bokiego wgl\u0105du lub g\u0142\u0119bszych introspekcyjnych podr\u00f3\u017cy. Bior\u0105c pod uwag\u0119 jej reputacj\u0119 w zakresie silnych efekt\u00f3w, jest ona cz\u0119sto wykorzystywana w kontrolowanych \u015brodowiskach do szczeg\u00f3\u0142owego badania w\u0142a\u015bciwo\u015bci psychodelicznych. Sp\u00f3jno\u015b\u0107 jej si\u0142y dzia\u0142ania jest kluczowym czynnikiem dla badaczy d\u0105\u017c\u0105cych do uzyskania wiarygodnych wynik\u00f3w w swoich eksperymentach. Kluczowe znaczenie ma podej\u015bcie do jego stosowania z szacunkiem i odpowiednim przygotowaniem, bior\u0105c pod uwag\u0119 jego silny wp\u0142yw na percepcj\u0119 i \u015bwiadomo\u015b\u0107.<\/p>\n<h3>Tabela por\u00f3wnawcza si\u0142y dzia\u0142ania Penis Envy<\/h3>\n<table>\n<thead>\n<tr>\n<th>Charakterystyka<\/th>\n<th>Penis Envy<\/th>\n<th>Standard Cubensis<\/th>\n<\/tr>\n<\/thead>\n<tbody>\n<tr>\n<td>\u015arednia moc<\/td>\n<td>Bardzo wysoka<\/td>\n<td>Umiarkowany<\/td>\n<\/tr>\n<tr>\n<td>Czas rozpocz\u0119cia<\/td>\n<td>Umiarkowany<\/td>\n<td>Umiarkowany<\/td>\n<\/tr>\n<tr>\n<td>Czas trwania<\/td>\n<td>D\u0142u\u017cszy<\/td>\n<td>Standard<\/td>\n<\/tr>\n<tr>\n<td>Efekty wizualne<\/td>\n<td>Wymawiane<\/td>\n<td>Obecny<\/td>\n<\/tr>\n<tr>\n<td>Jasno\u015b\u0107 umys\u0142u<\/td>\n<td>Zmienna<\/td>\n<td>Og\u00f3lnie ja\u015bniej<\/td>\n<\/tr>\n<\/tbody>\n<\/table>\n<h2>Wytyczne dotycz\u0105ce bezpiecze\u0144stwa i odpowiedzialnego u\u017cytkowania<\/h2>\n<p>Podej\u015bcie do korzystania z <b>Penis Envy Cubensis<\/b> wymaga silnego nacisku na bezpiecze\u0144stwo i odpowiedzialno\u015b\u0107. Ze wzgl\u0119du na wysok\u0105 moc, zrozumienie w\u0142a\u015bciwego dawkowania i zasad ustawiania i ustawiania jest najwa\u017cniejsze dla pozytywnego do\u015bwiadczenia. Niezb\u0119dne jest zapoznanie si\u0119 z efektami i potencjalnym czasem trwania przed spo\u017cyciem. Zawsze zaczynaj od ni\u017cszej dawki, aby oceni\u0107 indywidualn\u0105 wra\u017cliwo\u015b\u0107. Upewnij si\u0119, \u017ce znajdujesz si\u0119 w bezpiecznym, wygodnym i kontrolowanym \u015brodowisku, najlepiej w obecno\u015bci zaufanej osoby. Zach\u0119camy wszystkich u\u017cytkownik\u00f3w do zapoznania si\u0119 z lokalnymi przepisami dotycz\u0105cymi takich produkt\u00f3w i przestrzegania ich. Podczas gdy chemsfine dostarcza najwy\u017cszej jako\u015bci pr\u00f3bki, opowiadamy si\u0119 za \u015bwiadomym i ostro\u017cnym zaanga\u017cowaniem. Odpowiedzialne u\u017cytkowanie promuje bezpieczniejsze i bardziej wzbogacaj\u0105ce do\u015bwiadczenie dla wszystkich.<\/p>\n<h2>Dlaczego warto wybra\u0107 chemsfine do zakupu Penis Envy?<\/h2>\n<p>Kiedy zdecydujesz si\u0119 <b>Zam\u00f3w Penis Envy Cubensis online<\/b>, chemsfine wyr\u00f3\u017cnia si\u0119 jako najlepsze miejsce docelowe. Nasze zaanga\u017cowanie w doskona\u0142o\u015b\u0107 znajduje odzwierciedlenie w przejrzystych szczeg\u00f3\u0142ach produkt\u00f3w i konkurencyjnych cenach. Oferujemy rygorystycznie zweryfikowane pr\u00f3bki, zapewniaj\u0105c, \u017ce otrzymujesz oryginalne i silne produkty. <b>Penis Envy<\/b> grzyby za ka\u017cdym razem. Nasz bezpieczny proces zakupu i dyskretne metody wysy\u0142ki maj\u0105 na celu zapewnienie spokoju ducha. Naszym celem jest dostarczanie nie tylko produktu, ale tak\u017ce niezawodnej i profesjonalnej obs\u0142ugi. Wybierz chemsfine, aby uzyska\u0107 niezr\u00f3wnan\u0105 jako\u015b\u0107, wyj\u0105tkow\u0105 obs\u0142ug\u0119 klienta i pewno\u015b\u0107, \u017ce kupujesz od zaufanego lidera w bran\u017cy. Twoje zadowolenie i bezpieczne nabywanie szczep\u00f3w premium to nasze najwy\u017csze priorytety.<\/p>\n<h2>Wnioski: Zabezpiecz swoje do\u015bwiadczenie Penis Envy Premium<\/h2>\n<p>Podsumowuj\u0105c, dla tych, kt\u00f3rzy chc\u0105 <b>Kup Penis Envy Cubensis online<\/b>, Chemsfine oferuje niezr\u00f3wnane po\u0142\u0105czenie jako\u015bci, niezawodno\u015bci i dyskretnej obs\u0142ugi. Ten bardzo silny i poszukiwany szczep, znany ze swoich g\u0142\u0119bokich efekt\u00f3w, jest skrupulatnie pozyskiwany i przygotowywany zgodnie z najwy\u017cszymi standardami. Jeste\u015bmy przekonani, \u017ce nasz doskona\u0142y wyb\u00f3r i podej\u015bcie zorientowane na klienta sprawi\u0105, \u017ce chemsfine stanie si\u0119 preferowanym dostawc\u0105 dla wszystkich twoich potrzeb mikologicznych. Nie przegap okazji, aby do\u015bwiadczy\u0107 wyj\u0105tkowych w\u0142a\u015bciwo\u015bci tego niezwyk\u0142ego grzyba. <b>Kup Penis Envy Cubensis na sprzeda\u017c<\/b> ju\u017c dzi\u015b i wyrusz w odkrywcz\u0105 podr\u00f3\u017c z produktem najwy\u017cszej jako\u015bci. Z niecierpliwo\u015bci\u0105 czekamy, aby s\u0142u\u017cy\u0107 Ci najlepszym dost\u0119pnym wyborem.<\/p>","protected":false},"excerpt":{"rendered":"<p>Odkryj <b>Penis Envy<\/b> Cubensis, bardzo poszukiwana odmiana grzyb\u00f3w znana z wyj\u0105tkowej mocy i g\u0142\u0119bokich efekt\u00f3w. Do\u015bwiadcz dylatacji czasu, \u017cywych halucynacji i zmienionej percepcji. Kup Premium Penis Envy Cubensis w chemsfine, aby cieszy\u0107 si\u0119 jako\u015bci\u0105 i niezawodno\u015bci\u0105.<\/p>","protected":false},"featured_media":6352,"comment_status":"open","ping_status":"closed","template":"","meta":{"_joinchat":[]},"product_brand":[],"product_cat":[948],"product_tag":[],"class_list":{"0":"post-6299","1":"product","2":"type-product","3":"status-publish","4":"has-post-thumbnail","6":"product_cat-psilocybin-or-magic-mushrooms","8":"first","9":"instock","10":"shipping-taxable","11":"purchasable","12":"product-type-variable"},"yoast_head":"<!-- This site is optimized with the Yoast SEO plugin v27.2 - https:\/\/yoast.com\/product\/yoast-seo-wordpress\/ -->\n<title>Buy Penis Envy Cubensis Online - Premium Quality For Sale<\/title>\n<meta name=\"description\" content=\"Discover where to buy premium Penis Envy Cubensis mushrooms online. Experience potent effects like time dilation, hallucinations, and synesthesia. Shop top-quality strains available now at chemsfine for your research needs.\" \/>\n<meta name=\"robots\" content=\"index, follow, max-snippet:-1, max-image-preview:large, max-video-preview:-1\" \/>\n<link rel=\"canonical\" href=\"https:\/\/chemsfine.com\/pl\/produkt\/buy-penis-envy-mushrooms\/\" \/>\n<meta property=\"og:locale\" content=\"pl_PL\" \/>\n<meta property=\"og:type\" content=\"article\" \/>\n<meta property=\"og:title\" content=\"Buy Penis Envy Cubensis Online - Premium Quality For Sale\" \/>\n<meta property=\"og:description\" content=\"Discover where to buy premium Penis Envy Cubensis mushrooms online. Experience potent effects like time dilation, hallucinations, and synesthesia. Shop top-quality strains available now at chemsfine for your research needs.\" \/>\n<meta property=\"og:url\" content=\"https:\/\/chemsfine.com\/pl\/produkt\/buy-penis-envy-mushrooms\/\" \/>\n<meta property=\"og:site_name\" content=\"Chemsfine\" \/>\n<meta property=\"article:modified_time\" content=\"2026-03-25T13:17:16+00:00\" \/>\n<meta property=\"og:image\" content=\"https:\/\/chemsfine.com\/wp-content\/uploads\/2026\/02\/penis-envy-for-sale.jpg\" \/>\n\t<meta property=\"og:image:width\" content=\"800\" \/>\n\t<meta property=\"og:image:height\" content=\"800\" \/>\n\t<meta property=\"og:image:type\" content=\"image\/jpeg\" \/>\n<meta name=\"twitter:card\" content=\"summary_large_image\" \/>\n<meta name=\"twitter:label1\" content=\"Szacowany czas czytania\" \/>\n\t<meta name=\"twitter:data1\" content=\"5 minut\" \/>\n<script type=\"application\/ld+json\" class=\"yoast-schema-graph\">{\"@context\":\"https:\/\/schema.org\",\"@graph\":[{\"@type\":\"WebPage\",\"@id\":\"https:\/\/chemsfine.com\/product\/buy-penis-envy-mushrooms\/\",\"url\":\"https:\/\/chemsfine.com\/product\/buy-penis-envy-mushrooms\/\",\"name\":\"Buy Penis Envy Cubensis Online - Premium Quality For Sale\",\"isPartOf\":{\"@id\":\"https:\/\/chemsfine.com\/#website\"},\"primaryImageOfPage\":{\"@id\":\"https:\/\/chemsfine.com\/product\/buy-penis-envy-mushrooms\/#primaryimage\"},\"image\":{\"@id\":\"https:\/\/chemsfine.com\/product\/buy-penis-envy-mushrooms\/#primaryimage\"},\"thumbnailUrl\":\"https:\/\/chemsfine.com\/wp-content\/uploads\/2026\/02\/penis-envy-for-sale.jpg\",\"datePublished\":\"2026-02-12T10:02:01+00:00\",\"dateModified\":\"2026-03-25T13:17:16+00:00\",\"description\":\"Discover where to buy premium Penis Envy Cubensis mushrooms online. Experience potent effects like time dilation, hallucinations, and synesthesia. Shop top-quality strains available now at chemsfine for your research needs.\",\"breadcrumb\":{\"@id\":\"https:\/\/chemsfine.com\/product\/buy-penis-envy-mushrooms\/#breadcrumb\"},\"inLanguage\":\"pl-PL\",\"potentialAction\":[{\"@type\":\"ReadAction\",\"target\":[\"https:\/\/chemsfine.com\/product\/buy-penis-envy-mushrooms\/\"]}]},{\"@type\":\"ImageObject\",\"inLanguage\":\"pl-PL\",\"@id\":\"https:\/\/chemsfine.com\/product\/buy-penis-envy-mushrooms\/#primaryimage\",\"url\":\"https:\/\/chemsfine.com\/wp-content\/uploads\/2026\/02\/penis-envy-for-sale.jpg\",\"contentUrl\":\"https:\/\/chemsfine.com\/wp-content\/uploads\/2026\/02\/penis-envy-for-sale.jpg\",\"width\":800,\"height\":800},{\"@type\":\"BreadcrumbList\",\"@id\":\"https:\/\/chemsfine.com\/product\/buy-penis-envy-mushrooms\/#breadcrumb\",\"itemListElement\":[{\"@type\":\"ListItem\",\"position\":1,\"name\":\"Home\",\"item\":\"https:\/\/chemsfine.com\/\"},{\"@type\":\"ListItem\",\"position\":2,\"name\":\"Shop\",\"item\":\"https:\/\/chemsfine.com\/shop\/\"},{\"@type\":\"ListItem\",\"position\":3,\"name\":\"Penis Envy Cubensis For Sale | Buy Premium PE Mushrooms Online\"}]},{\"@type\":\"WebSite\",\"@id\":\"https:\/\/chemsfine.com\/#website\",\"url\":\"https:\/\/chemsfine.com\/\",\"name\":\"Chemsfine\",\"description\":\"My WordPress Blog\",\"publisher\":{\"@id\":\"https:\/\/chemsfine.com\/#organization\"},\"potentialAction\":[{\"@type\":\"SearchAction\",\"target\":{\"@type\":\"EntryPoint\",\"urlTemplate\":\"https:\/\/chemsfine.com\/?s={search_term_string}\"},\"query-input\":{\"@type\":\"PropertyValueSpecification\",\"valueRequired\":true,\"valueName\":\"search_term_string\"}}],\"inLanguage\":\"pl-PL\"},{\"@type\":\"Organization\",\"@id\":\"https:\/\/chemsfine.com\/#organization\",\"name\":\"Chemsfine\",\"url\":\"https:\/\/chemsfine.com\/\",\"logo\":{\"@type\":\"ImageObject\",\"inLanguage\":\"pl-PL\",\"@id\":\"https:\/\/chemsfine.com\/#\/schema\/logo\/image\/\",\"url\":\"https:\/\/chemsfine.com\/wp-content\/uploads\/2024\/09\/final-logo.png\",\"contentUrl\":\"https:\/\/chemsfine.com\/wp-content\/uploads\/2024\/09\/final-logo.png\",\"width\":340,\"height\":72,\"caption\":\"Chemsfine\"},\"image\":{\"@id\":\"https:\/\/chemsfine.com\/#\/schema\/logo\/image\/\"}}]}<\/script>\n<!-- \/ Yoast SEO plugin. -->","yoast_head_json":{"title":"Kup Penis Envy Cubensis Online - Najwy\u017csza jako\u015b\u0107 na sprzeda\u017c","description":"Dowiedz si\u0119, gdzie kupi\u0107 wysokiej jako\u015bci grzyby Penis Envy Cubensis online. Do\u015bwiadcz silnych efekt\u00f3w, takich jak dylatacja czasu, halucynacje i synestezja. Kup najwy\u017cszej jako\u015bci odmiany dost\u0119pne teraz w chemsfine dla swoich potrzeb badawczych.","robots":{"index":"index","follow":"follow","max-snippet":"max-snippet:-1","max-image-preview":"max-image-preview:large","max-video-preview":"max-video-preview:-1"},"canonical":"https:\/\/chemsfine.com\/pl\/produkt\/buy-penis-envy-mushrooms\/","og_locale":"pl_PL","og_type":"article","og_title":"Buy Penis Envy Cubensis Online - Premium Quality For Sale","og_description":"Discover where to buy premium Penis Envy Cubensis mushrooms online. Experience potent effects like time dilation, hallucinations, and synesthesia. Shop top-quality strains available now at chemsfine for your research needs.","og_url":"https:\/\/chemsfine.com\/pl\/produkt\/buy-penis-envy-mushrooms\/","og_site_name":"Chemsfine","article_modified_time":"2026-03-25T13:17:16+00:00","og_image":[{"width":800,"height":800,"url":"https:\/\/chemsfine.com\/wp-content\/uploads\/2026\/02\/penis-envy-for-sale.jpg","type":"image\/jpeg"}],"twitter_card":"summary_large_image","twitter_misc":{"Szacowany czas czytania":"5 minut"},"schema":{"@context":"https:\/\/schema.org","@graph":[{"@type":"WebPage","@id":"https:\/\/chemsfine.com\/product\/buy-penis-envy-mushrooms\/","url":"https:\/\/chemsfine.com\/product\/buy-penis-envy-mushrooms\/","name":"Kup Penis Envy Cubensis Online - Najwy\u017csza jako\u015b\u0107 na sprzeda\u017c","isPartOf":{"@id":"https:\/\/chemsfine.com\/#website"},"primaryImageOfPage":{"@id":"https:\/\/chemsfine.com\/product\/buy-penis-envy-mushrooms\/#primaryimage"},"image":{"@id":"https:\/\/chemsfine.com\/product\/buy-penis-envy-mushrooms\/#primaryimage"},"thumbnailUrl":"https:\/\/chemsfine.com\/wp-content\/uploads\/2026\/02\/penis-envy-for-sale.jpg","datePublished":"2026-02-12T10:02:01+00:00","dateModified":"2026-03-25T13:17:16+00:00","description":"Dowiedz si\u0119, gdzie kupi\u0107 wysokiej jako\u015bci grzyby Penis Envy Cubensis online. Do\u015bwiadcz silnych efekt\u00f3w, takich jak dylatacja czasu, halucynacje i synestezja. Kup najwy\u017cszej jako\u015bci odmiany dost\u0119pne teraz w chemsfine dla swoich potrzeb badawczych.","breadcrumb":{"@id":"https:\/\/chemsfine.com\/product\/buy-penis-envy-mushrooms\/#breadcrumb"},"inLanguage":"pl-PL","potentialAction":[{"@type":"ReadAction","target":["https:\/\/chemsfine.com\/product\/buy-penis-envy-mushrooms\/"]}]},{"@type":"ImageObject","inLanguage":"pl-PL","@id":"https:\/\/chemsfine.com\/product\/buy-penis-envy-mushrooms\/#primaryimage","url":"https:\/\/chemsfine.com\/wp-content\/uploads\/2026\/02\/penis-envy-for-sale.jpg","contentUrl":"https:\/\/chemsfine.com\/wp-content\/uploads\/2026\/02\/penis-envy-for-sale.jpg","width":800,"height":800},{"@type":"BreadcrumbList","@id":"https:\/\/chemsfine.com\/product\/buy-penis-envy-mushrooms\/#breadcrumb","itemListElement":[{"@type":"ListItem","position":1,"name":"Home","item":"https:\/\/chemsfine.com\/"},{"@type":"ListItem","position":2,"name":"Shop","item":"https:\/\/chemsfine.com\/shop\/"},{"@type":"ListItem","position":3,"name":"Penis Envy Cubensis For Sale | Buy Premium PE Mushrooms Online"}]},{"@type":"WebSite","@id":"https:\/\/chemsfine.com\/#website","url":"https:\/\/chemsfine.com\/","name":"Chemsfine","description":"M\u00f3j blog WordPress","publisher":{"@id":"https:\/\/chemsfine.com\/#organization"},"potentialAction":[{"@type":"SearchAction","target":{"@type":"EntryPoint","urlTemplate":"https:\/\/chemsfine.com\/?s={search_term_string}"},"query-input":{"@type":"PropertyValueSpecification","valueRequired":true,"valueName":"search_term_string"}}],"inLanguage":"pl-PL"},{"@type":"Organization","@id":"https:\/\/chemsfine.com\/#organization","name":"Chemsfine","url":"https:\/\/chemsfine.com\/","logo":{"@type":"ImageObject","inLanguage":"pl-PL","@id":"https:\/\/chemsfine.com\/#\/schema\/logo\/image\/","url":"https:\/\/chemsfine.com\/wp-content\/uploads\/2024\/09\/final-logo.png","contentUrl":"https:\/\/chemsfine.com\/wp-content\/uploads\/2024\/09\/final-logo.png","width":340,"height":72,"caption":"Chemsfine"},"image":{"@id":"https:\/\/chemsfine.com\/#\/schema\/logo\/image\/"}}]}},"_links":{"self":[{"href":"https:\/\/chemsfine.com\/pl\/wp-json\/wp\/v2\/product\/6299","targetHints":{"allow":["GET"]}}],"collection":[{"href":"https:\/\/chemsfine.com\/pl\/wp-json\/wp\/v2\/product"}],"about":[{"href":"https:\/\/chemsfine.com\/pl\/wp-json\/wp\/v2\/types\/product"}],"replies":[{"embeddable":true,"href":"https:\/\/chemsfine.com\/pl\/wp-json\/wp\/v2\/comments?post=6299"}],"wp:featuredmedia":[{"embeddable":true,"href":"https:\/\/chemsfine.com\/pl\/wp-json\/wp\/v2\/media\/6352"}],"wp:attachment":[{"href":"https:\/\/chemsfine.com\/pl\/wp-json\/wp\/v2\/media?parent=6299"}],"wp:term":[{"taxonomy":"product_brand","embeddable":true,"href":"https:\/\/chemsfine.com\/pl\/wp-json\/wp\/v2\/product_brand?post=6299"},{"taxonomy":"product_cat","embeddable":true,"href":"https:\/\/chemsfine.com\/pl\/wp-json\/wp\/v2\/product_cat?post=6299"},{"taxonomy":"product_tag","embeddable":true,"href":"https:\/\/chemsfine.com\/pl\/wp-json\/wp\/v2\/product_tag?post=6299"}],"curies":[{"name":"wp","href":"https:\/\/api.w.org\/{rel}","templated":true}]}}