{"id":6312,"date":"2026-02-12T10:02:27","date_gmt":"2026-02-12T10:02:27","guid":{"rendered":"https:\/\/chemsfine.com\/?post_type=product&#038;p=6312"},"modified":"2026-03-25T13:16:46","modified_gmt":"2026-03-25T13:16:46","slug":"buy-psilocybe-baeocystis","status":"publish","type":"product","link":"https:\/\/chemsfine.com\/pl\/product\/buy-psilocybe-baeocystis\/","title":{"rendered":"Premium Psilocybe Baeocystis na sprzeda\u017c online"},"content":{"rendered":"<p>Patrz\u0105c na <b>Kup Psilocybe Baeocystis online<\/b> do bada\u0144 lub kolekcji? W Chemsfine oferujemy wysokiej jako\u015bci okazy tego niezwyk\u0142ego grzyba psilocybinowego. The <i>Baeocystis psilocybe<\/i>lub <i>Psilocybe baeocystis<\/i>, jest charakterystycznym cz\u0142onkiem rodziny Hymenogastraceae. Naturalnie zawiera psylocybin\u0119, psylocyn\u0119 i baeocystyn\u0119, kt\u00f3re s\u0105 uznanymi zwi\u0105zkami halucynogennymi. Gatunek ten jest powszechnie okre\u015blany r\u00f3\u017cnymi nazwami opisowymi, w tym kapslami do butelek, ga\u0142kami, niebieskimi dzwoneczkami i oliwkowymi kapslami.<\/p>\n<h2>Czym jest Psilocybe Baeocystis?<\/h2>\n<p>Ten fascynuj\u0105cy gatunek grzyba psychodelicznego jest wysoko ceniony w spo\u0142eczno\u015bciach botanicznych i mikologicznych ze wzgl\u0119du na swoje unikalne w\u0142a\u015bciwo\u015bci. Nale\u017c\u0105cy do rodziny Hymenogastraceae, ten niewielki, ale silny grzyb znany jest z wyra\u017anych cech fizycznych i zwi\u0105zk\u00f3w psychoaktywnych, kt\u00f3re naturalnie wytwarza. Obecno\u015b\u0107 psylocybiny, psylocyny i baeocystyny sprawia, \u017ce jest on przedmiotem szerokiego zainteresowania bada\u0144 i studi\u00f3w nad jego efektami. Zwi\u0105zki te s\u0105 odpowiedzialne za halucynogenne w\u0142a\u015bciwo\u015bci grzyba, odr\u00f3\u017cniaj\u0105c go od innych gatunk\u00f3w grzyb\u00f3w.<\/p>\n<p>Znany pod popularnymi nazwami, takimi jak <b>kapsle do butelek<\/b>, <b>dziurawe blaty<\/b>, <b>niebieskie dzwonki<\/b>oraz <b>nasadki oliwkowe<\/b>, Grzyb ten ma kapelusz, kt\u00f3ry zazwyczaj waha si\u0119 od wypuk\u0142ego do dzwonkowatego (w kszta\u0142cie dzwonu), cz\u0119sto z wyra\u017anym umbo lub \u201cga\u0142k\u0105\u201d po\u015brodku. Jego kolor mo\u017ce si\u0119 r\u00f3\u017cni\u0107, cz\u0119sto wykazuj\u0105c odcienie od br\u0105zowego do oliwkowego, co przyczynia si\u0119 do jego przydomka \u201coliwkowe czapki\u201d. Siniaki zwykle ujawniaj\u0105 charakterystyczne niebieskie lub zielonkawe odcienie, szczeg\u00f3lnie na \u0142odydze, wskazuj\u0105c na obecno\u015b\u0107 psylocyny. Zrozumienie morfologii i profilu chemicznego jest kluczowe dla ka\u017cdego zainteresowanego tym niezwyk\u0142ym gatunkiem, zapewniaj\u0105c, \u017ce otrzymasz <b>Najwy\u017cszej jako\u015bci Psilocybe Baeocystis<\/b> przy zakupie w Chemsfine.<\/p>\n<h2>Dlaczego warto kupi\u0107 Psilocybe Baeocystis online w Chemsfine?<\/h2>\n<p>Zastanawiaj\u0105c si\u0119, gdzie <b>Zakup tego specjalistycznego grzyba online<\/b>, zaufanie i jako\u015b\u0107 s\u0105 najwa\u017cniejsze. Chemsfine zapewnia klientom dost\u0119p do najwy\u017cszej jako\u015bci okaz\u00f3w botanicznych, gwarantuj\u0105c, \u017ce ka\u017cdy produkt spe\u0142nia rygorystyczne standardy. Rozumiemy znaczenie wiarygodnych \u017ar\u00f3de\u0142 zaopatrzenia i przejrzystych informacji o produkcie, zw\u0142aszcza w przypadku specjalistycznych produkt\u00f3w, takich jak ten. Nasze zaanga\u017cowanie rozci\u0105ga si\u0119 na oferowanie okaz\u00f3w, kt\u00f3re s\u0105 starannie obs\u0142ugiwane i przetwarzane, zachowuj\u0105c ich naturaln\u0105 integralno\u015b\u0107 i moc. Wyb\u00f3r Chemsfine oznacza wybranie dostawcy, kt\u00f3ry priorytetowo traktuje twoj\u0105 satysfakcj\u0119 i zapewnia wyj\u0105tkow\u0105 obs\u0142ug\u0119 podczas ca\u0142ej podr\u00f3\u017cy zakupowej. Staramy si\u0119 by\u0107 rozpoznawani za oferowanie <b>Najlepsze dost\u0119pne Psilocybe Baeocystis<\/b> na rynku.<\/p>\n<p>Nasz usprawniony proces zakup\u00f3w online zapewnia wygod\u0119 i dyskrecj\u0119. K\u0142adziemy nacisk na bezpieczne transakcje i staranne pakowanie, aby zabezpieczy\u0107 Twoje zam\u00f3wienie od naszego zak\u0142adu do Twoich drzwi. Ka\u017cda partia oferowanego przez nas produktu jest selekcjonowana, aby podtrzyma\u0107 nasz\u0105 reputacj\u0119 doskona\u0142o\u015bci. Nie jeste\u015bmy tylko dostawc\u0105; jeste\u015bmy zaufanym partnerem zaanga\u017cowanym w dostarczanie najwy\u017cszej jako\u015bci produkt\u00f3w botanicznych. Wybieraj\u0105c Chemsfine dla swoich specjalistycznych potrzeb botanicznych, mo\u017cesz mie\u0107 pewno\u015b\u0107 bezpiecznego zakupu.<\/p>\n<h2>Zastosowania tego grzyba psilocybinowego<\/h2>\n<p>G\u0142\u00f3wne zastosowania tego konkretnego grzyba, szczeg\u00f3lnie ze wzgl\u0119du na jego unikalny profil zwi\u0105zk\u00f3w, cz\u0119sto koncentruj\u0105 si\u0119 wok\u00f3\u0142 bada\u0144 naukowych i botanicznych. Obecno\u015b\u0107 psylocybiny, psylocyny i baeocystyny sprawia, \u017ce jest to cenny przedmiot dla mikolog\u00f3w, etnobotanik\u00f3w i badaczy badaj\u0105cych naturalne substancje psychoaktywne. Zrozumienie dok\u0142adnych mechanizm\u00f3w i potencjalnych interakcji tych zwi\u0105zk\u00f3w jest kluczowym obszarem trwaj\u0105cych bada\u0144 naukowych.<\/p>\n<ul>\n<li><b>Badania mikologiczne:<\/b> Badanie wzorc\u00f3w wzrostu, siedlisk i cyklu \u017cycia tego gatunku.<\/li>\n<li><b>Analiza chemiczna:<\/b> Badania nad biosyntez\u0105 i poziomami st\u0119\u017cenia psylocybiny, psylocyny i baeocystyny.<\/li>\n<li><b>Badania farmakologiczne:<\/b> Badania nad efektami i potencjalnymi zastosowaniami jego aktywnych zwi\u0105zk\u00f3w w kontrolowanych \u015brodowiskach.<\/li>\n<li><b>Eksploracja etnobotaniczna:<\/b> Zrozumienie historycznego i kulturowego znaczenia takich gatunk\u00f3w.<\/li>\n<li><b>Badania nad bior\u00f3\u017cnorodno\u015bci\u0105:<\/b> Wk\u0142ad w szersze badania gatunk\u00f3w grzyb\u00f3w i ich r\u00f3l ekologicznych.<\/li>\n<\/ul>\n<p>Wa\u017cne jest, aby pami\u0119ta\u0107, \u017ce wykorzystanie i posiadanie tego okazu podlega r\u00f3\u017cnym przepisom, a wszelkie zastosowania musz\u0105 by\u0107 \u015bci\u015ble zgodne z prawem lokalnym i mi\u0119dzynarodowym. Dla os\u00f3b zaanga\u017cowanych w legalne badania, pozyskiwanie wysokiej jako\u015bci pr\u00f3bek jest niezb\u0119dne do uzyskania dok\u0142adnych i powtarzalnych wynik\u00f3w. Chemsfine wspiera odpowiedzialne i zgodne z przepisami wykorzystanie pr\u00f3bek, dostarczaj\u0105c autentyczne i dobrze udokumentowane produkty.<\/p>\n<h2>Bezpiecze\u0144stwo i zgodno\u015b\u0107 dla grzyb\u00f3w psilocybinowych<\/h2>\n<p>Bior\u0105c pod uwag\u0119 specyficzny charakter tego grzyba i jego aktywnych zwi\u0105zk\u00f3w, bezpiecze\u0144stwo i zgodno\u015b\u0107 s\u0105 nadrz\u0119dnymi kwestiami dla ka\u017cdej osoby lub instytucji zaanga\u017cowanej w jego badanie lub obs\u0142ug\u0119. Niezb\u0119dne jest podej\u015bcie do tego gatunku z jasnym zrozumieniem jego w\u0142a\u015bciwo\u015bci i ram prawnych reguluj\u0105cych jego stosowanie. Zawsze konsultuj si\u0119 i przestrzegaj wszystkich lokalnych, krajowych i mi\u0119dzynarodowych przepis\u00f3w dotycz\u0105cych nabywania, posiadania i badania grzyb\u00f3w zawieraj\u0105cych psylocybin\u0119. Chemsfine podkre\u015bla znaczenie \u015bwiadomego i odpowiedzialnego post\u0119powania.<\/p>\n<p>Podczas obchodzenia si\u0119 z okazami botanicznymi, zw\u0142aszcza tymi zawieraj\u0105cymi zwi\u0105zki aktywne, zaleca si\u0119 stosowanie odpowiednich \u015brodk\u00f3w ochrony indywidualnej (\u015aOI) i kontrolowanego \u015brodowiska w celu zapewnienia bezpiecze\u0144stwa. Dost\u0119p do kart charakterystyki (SDS) i certyfikat\u00f3w analizy (CoA) mo\u017ce dostarczy\u0107 kluczowych informacji dotycz\u0105cych sk\u0142adu chemicznego i procedur bezpiecznego obchodzenia si\u0119, w stosownych przypadkach. Podczas gdy konkretne wzory chemiczne, takie jak C3H6O3, nie s\u0105 bezpo\u015brednio zwi\u0105zane z samym grzybem, ale raczej z jego zwi\u0105zkami sk\u0142adowymi, zrozumienie struktury molekularnej psilocybiny, psylocyny i baeocystyny jest niezb\u0119dne do zaawansowanych bada\u0144. Zach\u0119camy wszystkich u\u017cytkownik\u00f3w do priorytetowego traktowania bezpiecze\u0144stwa i zgodno\u015bci z prawem w ich interakcjach z tym wyj\u0105tkowym sk\u0142adnikiem botanicznym, zapewniaj\u0105c, \u017ce wszystkie badania s\u0105 prowadzone etycznie i w granicach prawa.<\/p>\n<h2>Dlaczego warto wybra\u0107 Chemsfine dla swoich specjalistycznych potrzeb?<\/h2>\n<p>Wyb\u00f3r Chemsfine oznacza wsp\u00f3\u0142prac\u0119 z dostawc\u0105 zaanga\u017cowanym w doskona\u0142o\u015b\u0107 i zaufanie klient\u00f3w. Naszym celem jest oferowanie przejrzystych i niezawodnych us\u0142ug dla tych, kt\u00f3rzy chc\u0105 <b>Zam\u00f3w Psilocybe Baeocystis online<\/b>. Nasz wyb\u00f3r produkt\u00f3w jest starannie wyselekcjonowany, co gwarantuje, \u017ce otrzymasz autentyczne i wysokiej jako\u015bci okazy. Jeste\u015bmy dumni z jasnej komunikacji i dostarczania zweryfikowanych zapis\u00f3w partii, je\u015bli s\u0105 dost\u0119pne, co daje pe\u0142ne zaufanie do zakupu.<\/p>\n<p>Nasza konkurencyjna polityka cenowa ma na celu zapewnienie dost\u0119pu do najwy\u017cszej jako\u015bci produkt\u00f3w botanicznych bez uszczerbku dla ich jako\u015bci. Wierzymy, \u017ce zar\u00f3wno badacze, jak i entuzja\u015bci zas\u0142uguj\u0105 na dost\u0119p do najlepszych zasob\u00f3w w uczciwej cenie. Dzi\u0119ki Chemsfine zyskujesz:<\/p>\n<table>\n<thead>\n<tr>\n<th>Cecha<\/th>\n<th>Korzy\u015bci<\/th>\n<\/tr>\n<\/thead>\n<tbody>\n<tr>\n<td><b>Autentyczne produkty<\/b><\/td>\n<td>Niezawodny i autentyczny <i>P. Baeocystis<\/i> pr\u00f3bki.<\/td>\n<\/tr>\n<tr>\n<td><b>Zapewnienie jako\u015bci<\/b><\/td>\n<td>Rygorystyczne standardy przetwarzania i obs\u0142ugi w celu zachowania integralno\u015bci.<\/td>\n<\/tr>\n<tr>\n<td><b>Konkurencyjne ceny<\/b><\/td>\n<td>Dost\u0119p do produkt\u00f3w premium po uczciwej warto\u015bci rynkowej.<\/td>\n<\/tr>\n<tr>\n<td><b>Dyskretna wysy\u0142ka<\/b><\/td>\n<td>Bezpieczna i prywatna dostawa zapewniaj\u0105ca spok\u00f3j ducha.<\/td>\n<\/tr>\n<tr>\n<td><b>Dedykowane wsparcie<\/b><\/td>\n<td>Responsywna obs\u0142uga klienta w przypadku jakichkolwiek pyta\u0144.<\/td>\n<\/tr>\n<\/tbody>\n<\/table>\n<p>Zapraszamy do poznania r\u00f3\u017cnicy Chemsfine, gdzie jako\u015b\u0107 \u0142\u0105czy si\u0119 z niezawodno\u015bci\u0105. Dokonaj wyboru ju\u017c dzi\u015b i odkryj, dlaczego niezliczeni klienci ufaj\u0105 nam w zakresie specjalistycznych potrzeb botanicznych.<\/p>\n<h2>Wnioski<\/h2>\n<p>Dla tych, kt\u00f3rzy chc\u0105 zdoby\u0107 wysokiej jako\u015bci okazy tego wyj\u0105tkowego grzyba psilocybinowego, Chemsfine jest g\u0142\u00f3wnym \u017ar\u00f3d\u0142em. Dzi\u0119ki wyra\u017anemu profilowi, w tym psilocybinie, psylocynie i baeocystynie, gatunek ten nadal cieszy si\u0119 ogromnym zainteresowaniem w r\u00f3\u017cnych dziedzinach. Dok\u0142adamy wszelkich stara\u0144, aby wspiera\u0107 Twoje badania i wysi\u0142ki naukowe, dostarczaj\u0105c produkty spe\u0142niaj\u0105ce najwy\u017csze standardy jako\u015bci i uczciwo\u015bci. Zapoznaj si\u0119 z nasz\u0105 ofert\u0105 i dokonaj bezpiecznego zakupu, wiedz\u0105c, \u017ce otrzymujesz produkt najwy\u017cszej jako\u015bci, wspierany przez nasze zaanga\u017cowanie w doskona\u0142o\u015b\u0107. Twoja podr\u00f3\u017c do fascynuj\u0105cego \u015bwiata mikologii zaczyna si\u0119 od zaufanego partnera - wybierz Chemsfine dla swoich potrzeb botanicznych ju\u017c dzi\u015b.<\/p>","protected":false},"excerpt":{"rendered":"<p>Odkryj premium <b>Psilocybe Baeocystis<\/b>, fascynuj\u0105cy grzyb psilocybinowy zawieraj\u0105cy psilocybin\u0119, psylocyn\u0119 i baeocystyn\u0119. Znany jako kapsle do butelek lub niebieskie dzwonki, ten wyj\u0105tkowy gatunek jest idealny do bada\u0144 i zbierania. Kup najwy\u017cszej jako\u015bci okazy w Chemsfine, zaufanym \u017ar\u00f3dle specjalistycznych produkt\u00f3w botanicznych, zapewniaj\u0105c autentyczno\u015b\u0107 i precyzyjny sk\u0142ad do swoich bada\u0144.<\/p>","protected":false},"featured_media":6353,"comment_status":"open","ping_status":"closed","template":"","meta":{"_joinchat":[]},"product_brand":[],"product_cat":[948],"product_tag":[],"class_list":{"0":"post-6312","1":"product","2":"type-product","3":"status-publish","4":"has-post-thumbnail","6":"product_cat-psilocybin-or-magic-mushrooms","8":"first","9":"instock","10":"shipping-taxable","11":"purchasable","12":"product-type-variable"},"yoast_head":"<!-- This site is optimized with the Yoast SEO plugin v27.2 - https:\/\/yoast.com\/product\/yoast-seo-wordpress\/ -->\n<title>Buy Psilocybe Baeocystis Online | Premium Quality Available<\/title>\n<meta name=\"description\" content=\"Discover premium Psilocybe Baeocystis for sale online at Chemsfine. Buy high-quality mushrooms, known for psilocybin, psilocin, and baeocystin. Secure your purchase today!\" \/>\n<meta name=\"robots\" content=\"index, follow, max-snippet:-1, max-image-preview:large, max-video-preview:-1\" \/>\n<link rel=\"canonical\" href=\"https:\/\/chemsfine.com\/pl\/produkt\/buy-psilocybe-baeocystis\/\" \/>\n<meta property=\"og:locale\" content=\"pl_PL\" \/>\n<meta property=\"og:type\" content=\"article\" \/>\n<meta property=\"og:title\" content=\"Buy Psilocybe Baeocystis Online | Premium Quality Available\" \/>\n<meta property=\"og:description\" content=\"Discover premium Psilocybe Baeocystis for sale online at Chemsfine. Buy high-quality mushrooms, known for psilocybin, psilocin, and baeocystin. Secure your purchase today!\" \/>\n<meta property=\"og:url\" content=\"https:\/\/chemsfine.com\/pl\/produkt\/buy-psilocybe-baeocystis\/\" \/>\n<meta property=\"og:site_name\" content=\"Chemsfine\" \/>\n<meta property=\"article:modified_time\" content=\"2026-03-25T13:16:46+00:00\" \/>\n<meta property=\"og:image\" content=\"https:\/\/chemsfine.com\/wp-content\/uploads\/2026\/02\/psilocybe-baeocystis-for-sale.jpg\" \/>\n\t<meta property=\"og:image:width\" content=\"800\" \/>\n\t<meta property=\"og:image:height\" content=\"800\" \/>\n\t<meta property=\"og:image:type\" content=\"image\/jpeg\" \/>\n<meta name=\"twitter:card\" content=\"summary_large_image\" \/>\n<meta name=\"twitter:label1\" content=\"Szacowany czas czytania\" \/>\n\t<meta name=\"twitter:data1\" content=\"6 minut\" \/>\n<script type=\"application\/ld+json\" class=\"yoast-schema-graph\">{\"@context\":\"https:\/\/schema.org\",\"@graph\":[{\"@type\":\"WebPage\",\"@id\":\"https:\/\/chemsfine.com\/product\/buy-psilocybe-baeocystis\/\",\"url\":\"https:\/\/chemsfine.com\/product\/buy-psilocybe-baeocystis\/\",\"name\":\"Buy Psilocybe Baeocystis Online | Premium Quality Available\",\"isPartOf\":{\"@id\":\"https:\/\/chemsfine.com\/#website\"},\"primaryImageOfPage\":{\"@id\":\"https:\/\/chemsfine.com\/product\/buy-psilocybe-baeocystis\/#primaryimage\"},\"image\":{\"@id\":\"https:\/\/chemsfine.com\/product\/buy-psilocybe-baeocystis\/#primaryimage\"},\"thumbnailUrl\":\"https:\/\/chemsfine.com\/wp-content\/uploads\/2026\/02\/psilocybe-baeocystis-for-sale.jpg\",\"datePublished\":\"2026-02-12T10:02:27+00:00\",\"dateModified\":\"2026-03-25T13:16:46+00:00\",\"description\":\"Discover premium Psilocybe Baeocystis for sale online at Chemsfine. Buy high-quality mushrooms, known for psilocybin, psilocin, and baeocystin. Secure your purchase today!\",\"breadcrumb\":{\"@id\":\"https:\/\/chemsfine.com\/product\/buy-psilocybe-baeocystis\/#breadcrumb\"},\"inLanguage\":\"pl-PL\",\"potentialAction\":[{\"@type\":\"ReadAction\",\"target\":[\"https:\/\/chemsfine.com\/product\/buy-psilocybe-baeocystis\/\"]}]},{\"@type\":\"ImageObject\",\"inLanguage\":\"pl-PL\",\"@id\":\"https:\/\/chemsfine.com\/product\/buy-psilocybe-baeocystis\/#primaryimage\",\"url\":\"https:\/\/chemsfine.com\/wp-content\/uploads\/2026\/02\/psilocybe-baeocystis-for-sale.jpg\",\"contentUrl\":\"https:\/\/chemsfine.com\/wp-content\/uploads\/2026\/02\/psilocybe-baeocystis-for-sale.jpg\",\"width\":800,\"height\":800},{\"@type\":\"BreadcrumbList\",\"@id\":\"https:\/\/chemsfine.com\/product\/buy-psilocybe-baeocystis\/#breadcrumb\",\"itemListElement\":[{\"@type\":\"ListItem\",\"position\":1,\"name\":\"Home\",\"item\":\"https:\/\/chemsfine.com\/\"},{\"@type\":\"ListItem\",\"position\":2,\"name\":\"Shop\",\"item\":\"https:\/\/chemsfine.com\/shop\/\"},{\"@type\":\"ListItem\",\"position\":3,\"name\":\"Premium Psilocybe Baeocystis For Sale Online\"}]},{\"@type\":\"WebSite\",\"@id\":\"https:\/\/chemsfine.com\/#website\",\"url\":\"https:\/\/chemsfine.com\/\",\"name\":\"Chemsfine\",\"description\":\"My WordPress Blog\",\"publisher\":{\"@id\":\"https:\/\/chemsfine.com\/#organization\"},\"potentialAction\":[{\"@type\":\"SearchAction\",\"target\":{\"@type\":\"EntryPoint\",\"urlTemplate\":\"https:\/\/chemsfine.com\/?s={search_term_string}\"},\"query-input\":{\"@type\":\"PropertyValueSpecification\",\"valueRequired\":true,\"valueName\":\"search_term_string\"}}],\"inLanguage\":\"pl-PL\"},{\"@type\":\"Organization\",\"@id\":\"https:\/\/chemsfine.com\/#organization\",\"name\":\"Chemsfine\",\"url\":\"https:\/\/chemsfine.com\/\",\"logo\":{\"@type\":\"ImageObject\",\"inLanguage\":\"pl-PL\",\"@id\":\"https:\/\/chemsfine.com\/#\/schema\/logo\/image\/\",\"url\":\"https:\/\/chemsfine.com\/wp-content\/uploads\/2024\/09\/final-logo.png\",\"contentUrl\":\"https:\/\/chemsfine.com\/wp-content\/uploads\/2024\/09\/final-logo.png\",\"width\":340,\"height\":72,\"caption\":\"Chemsfine\"},\"image\":{\"@id\":\"https:\/\/chemsfine.com\/#\/schema\/logo\/image\/\"}}]}<\/script>\n<!-- \/ Yoast SEO plugin. -->","yoast_head_json":{"title":"Kup Psilocybe Baeocystis Online | Dost\u0119pna najwy\u017csza jako\u015b\u0107","description":"Odkryj wysokiej jako\u015bci Psilocybe Baeocystis na sprzeda\u017c online w Chemsfine. Kupuj wysokiej jako\u015bci grzyby, znane z psylocybiny, psylocyny i baeocystyny. Zabezpiecz sw\u00f3j zakup ju\u017c dzi\u015b!","robots":{"index":"index","follow":"follow","max-snippet":"max-snippet:-1","max-image-preview":"max-image-preview:large","max-video-preview":"max-video-preview:-1"},"canonical":"https:\/\/chemsfine.com\/pl\/produkt\/buy-psilocybe-baeocystis\/","og_locale":"pl_PL","og_type":"article","og_title":"Buy Psilocybe Baeocystis Online | Premium Quality Available","og_description":"Discover premium Psilocybe Baeocystis for sale online at Chemsfine. Buy high-quality mushrooms, known for psilocybin, psilocin, and baeocystin. Secure your purchase today!","og_url":"https:\/\/chemsfine.com\/pl\/produkt\/buy-psilocybe-baeocystis\/","og_site_name":"Chemsfine","article_modified_time":"2026-03-25T13:16:46+00:00","og_image":[{"width":800,"height":800,"url":"https:\/\/chemsfine.com\/wp-content\/uploads\/2026\/02\/psilocybe-baeocystis-for-sale.jpg","type":"image\/jpeg"}],"twitter_card":"summary_large_image","twitter_misc":{"Szacowany czas czytania":"6 minut"},"schema":{"@context":"https:\/\/schema.org","@graph":[{"@type":"WebPage","@id":"https:\/\/chemsfine.com\/product\/buy-psilocybe-baeocystis\/","url":"https:\/\/chemsfine.com\/product\/buy-psilocybe-baeocystis\/","name":"Kup Psilocybe Baeocystis Online | Dost\u0119pna najwy\u017csza jako\u015b\u0107","isPartOf":{"@id":"https:\/\/chemsfine.com\/#website"},"primaryImageOfPage":{"@id":"https:\/\/chemsfine.com\/product\/buy-psilocybe-baeocystis\/#primaryimage"},"image":{"@id":"https:\/\/chemsfine.com\/product\/buy-psilocybe-baeocystis\/#primaryimage"},"thumbnailUrl":"https:\/\/chemsfine.com\/wp-content\/uploads\/2026\/02\/psilocybe-baeocystis-for-sale.jpg","datePublished":"2026-02-12T10:02:27+00:00","dateModified":"2026-03-25T13:16:46+00:00","description":"Odkryj wysokiej jako\u015bci Psilocybe Baeocystis na sprzeda\u017c online w Chemsfine. Kupuj wysokiej jako\u015bci grzyby, znane z psylocybiny, psylocyny i baeocystyny. Zabezpiecz sw\u00f3j zakup ju\u017c dzi\u015b!","breadcrumb":{"@id":"https:\/\/chemsfine.com\/product\/buy-psilocybe-baeocystis\/#breadcrumb"},"inLanguage":"pl-PL","potentialAction":[{"@type":"ReadAction","target":["https:\/\/chemsfine.com\/product\/buy-psilocybe-baeocystis\/"]}]},{"@type":"ImageObject","inLanguage":"pl-PL","@id":"https:\/\/chemsfine.com\/product\/buy-psilocybe-baeocystis\/#primaryimage","url":"https:\/\/chemsfine.com\/wp-content\/uploads\/2026\/02\/psilocybe-baeocystis-for-sale.jpg","contentUrl":"https:\/\/chemsfine.com\/wp-content\/uploads\/2026\/02\/psilocybe-baeocystis-for-sale.jpg","width":800,"height":800},{"@type":"BreadcrumbList","@id":"https:\/\/chemsfine.com\/product\/buy-psilocybe-baeocystis\/#breadcrumb","itemListElement":[{"@type":"ListItem","position":1,"name":"Home","item":"https:\/\/chemsfine.com\/"},{"@type":"ListItem","position":2,"name":"Shop","item":"https:\/\/chemsfine.com\/shop\/"},{"@type":"ListItem","position":3,"name":"Premium Psilocybe Baeocystis For Sale Online"}]},{"@type":"WebSite","@id":"https:\/\/chemsfine.com\/#website","url":"https:\/\/chemsfine.com\/","name":"Chemsfine","description":"M\u00f3j blog WordPress","publisher":{"@id":"https:\/\/chemsfine.com\/#organization"},"potentialAction":[{"@type":"SearchAction","target":{"@type":"EntryPoint","urlTemplate":"https:\/\/chemsfine.com\/?s={search_term_string}"},"query-input":{"@type":"PropertyValueSpecification","valueRequired":true,"valueName":"search_term_string"}}],"inLanguage":"pl-PL"},{"@type":"Organization","@id":"https:\/\/chemsfine.com\/#organization","name":"Chemsfine","url":"https:\/\/chemsfine.com\/","logo":{"@type":"ImageObject","inLanguage":"pl-PL","@id":"https:\/\/chemsfine.com\/#\/schema\/logo\/image\/","url":"https:\/\/chemsfine.com\/wp-content\/uploads\/2024\/09\/final-logo.png","contentUrl":"https:\/\/chemsfine.com\/wp-content\/uploads\/2024\/09\/final-logo.png","width":340,"height":72,"caption":"Chemsfine"},"image":{"@id":"https:\/\/chemsfine.com\/#\/schema\/logo\/image\/"}}]}},"_links":{"self":[{"href":"https:\/\/chemsfine.com\/pl\/wp-json\/wp\/v2\/product\/6312","targetHints":{"allow":["GET"]}}],"collection":[{"href":"https:\/\/chemsfine.com\/pl\/wp-json\/wp\/v2\/product"}],"about":[{"href":"https:\/\/chemsfine.com\/pl\/wp-json\/wp\/v2\/types\/product"}],"replies":[{"embeddable":true,"href":"https:\/\/chemsfine.com\/pl\/wp-json\/wp\/v2\/comments?post=6312"}],"wp:featuredmedia":[{"embeddable":true,"href":"https:\/\/chemsfine.com\/pl\/wp-json\/wp\/v2\/media\/6353"}],"wp:attachment":[{"href":"https:\/\/chemsfine.com\/pl\/wp-json\/wp\/v2\/media?parent=6312"}],"wp:term":[{"taxonomy":"product_brand","embeddable":true,"href":"https:\/\/chemsfine.com\/pl\/wp-json\/wp\/v2\/product_brand?post=6312"},{"taxonomy":"product_cat","embeddable":true,"href":"https:\/\/chemsfine.com\/pl\/wp-json\/wp\/v2\/product_cat?post=6312"},{"taxonomy":"product_tag","embeddable":true,"href":"https:\/\/chemsfine.com\/pl\/wp-json\/wp\/v2\/product_tag?post=6312"}],"curies":[{"name":"wp","href":"https:\/\/api.w.org\/{rel}","templated":true}]}}