{"id":6315,"date":"2026-02-12T10:02:27","date_gmt":"2026-02-12T10:02:27","guid":{"rendered":"https:\/\/chemsfine.com\/?post_type=product&#038;p=6315"},"modified":"2026-03-25T13:15:39","modified_gmt":"2026-03-25T13:15:39","slug":"buy-meo-mdpv-sale","status":"publish","type":"product","link":"https:\/\/chemsfine.com\/pl\/product\/buy-meo-mdpv-sale\/","title":{"rendered":"6-MeO-MDPV: Badawcza substancja chemiczna o wysokiej czysto\u015bci dost\u0119pna online"},"content":{"rendered":"<p>Podczas poszukiwania <b>kupi\u0107 6-MeO-MDPV na sprzeda\u017c<\/b>, cz\u0119sto pytaj\u0105 badacze: <b>Czym jest MDPV?<\/b> Ta cenna substancja chemiczna, znana bardziej formalnie jako metylenodioksypyrowaleron, jest silnym stymulantem nale\u017c\u0105cym do klasy katynon\u00f3w. Jako inhibitor wychwytu zwrotnego noradrenaliny i dopaminy (NDRI) wywiera znacz\u0105ce efekty. Pierwotnie ta konkretna substancja zosta\u0142a po raz pierwszy skrupulatnie opracowana w latach 60. przez oddany zesp\u00f3\u0142 naukowc\u00f3w pracuj\u0105cych w Boehringer Ingelheim, co oznacza\u0142o jej wczesne wej\u015bcie do naukowego zrozumienia. Historycznie rzecz bior\u0105c, zwi\u0105zek ten pozostawa\u0142 niejasnym stymulantem do oko\u0142o 2004 roku, kiedy to podobno zosta\u0142 wprowadzony i wprowadzony do obrotu jako lek designerski w celu uzyskania szerszego dost\u0119pu. Nast\u0119pnie, a\u017c do zakazu w 2011 roku, r\u00f3\u017cne produkty zawieraj\u0105ce t\u0119 konkretn\u0105 substancj\u0119 chemiczn\u0105 MDPV i specjalnie oznaczone jako sole do k\u0105pieli by\u0142y szeroko sprzedawane jako substancje rekreacyjne w wielu punktach sprzeda\u017cy detalicznej, w tym na stacjach benzynowych i w sklepach og\u00f3lnospo\u017cywczych, zw\u0142aszcza w Stanach Zjednoczonych. To podej\u015bcie marketingowe by\u0142o do\u015b\u0107 podobne do tego, w jaki spos\u00f3b inne substancje, takie jak Spice i K2, by\u0142y zazwyczaj promowane i sprzedawane jako produkty kadzidlane.<\/p>\n<h2>Identyfikacja substancji<\/h2>\n<p>W celu dok\u0142adnej identyfikacji, formalna nazwa naukowa tego kluczowego zwi\u0105zku to 1-(1,3-benzodioksol-5-ylo)-2-(pirolidyn-1-ylo)pentan-1-on, co zapewnia jasn\u0105 struktur\u0119 chemiczn\u0105. Co wi\u0119cej, dok\u0142adny wz\u00f3r chemiczny MDPV to C16H21NO3, a jego masa cz\u0105steczkowa wynosi 275,343, co jest niezb\u0119dnym szczeg\u00f3\u0142em dla ka\u017cdej kompleksowej analizy chemicznej lub aplikacji badawczej.<\/p>\n<h2>Rozwa\u017cania dotycz\u0105ce dzia\u0142ania i dawkowania MDPV klasy badawczej<\/h2>\n<p>Jako silna substancja chemiczna, MDPV wyra\u017anie dzia\u0142a jako \u015brodek pobudzaj\u0105cy. Konsekwentnie zg\u0142aszano, \u017ce generuje efekty, kt\u00f3re s\u0105 niezwykle podobne do tych wytwarzanych przez inne dobrze znane stymulanty, takie jak kokaina, metylofenidat i amfetamina. Podstawowe zaobserwowane efekty psychologiczne zazwyczaj utrzymuj\u0105 si\u0119 przez oko\u0142o 3 do 4 godzin. Po tych podstawowych efektach, r\u00f3\u017cne efekty uboczne, w tym zauwa\u017calna tachykardia, podwy\u017cszone nadci\u015bnienie i \u0142agodne, ale trwa\u0142e pobudzenie, mog\u0105 utrzymywa\u0107 si\u0119 przez d\u0142u\u017cszy czas, zwykle trwaj\u0105cy od 6 do 8 godzin. Co wi\u0119cej, istniej\u0105 liczne anegdotyczne doniesienia szczeg\u00f3\u0142owo opisuj\u0105ce przypadki psychozy wynikaj\u0105cej z odstawienia snu, wraz z odnotowanym potencja\u0142em uzale\u017cnienia, gdy ta substancja chemiczna jest stosowana w wy\u017cszych dawkach lub przy znacznie cz\u0119stszych odst\u0119pach mi\u0119dzy dawkami. Wielokrotnie zaobserwowano r\u00f3wnie\u017c i udokumentowano, \u017ce wywo\u0142uje ona g\u0142\u0119boko nieodparty g\u0142\u00f3d, zmuszaj\u0105c badanych do ponownego podania substancji.<\/p>\n<h2>Toksykologia badanego zwi\u0105zku chemicznego MDPV<\/h2>\n<p>Je\u015bli chodzi o profil bezpiecze\u0144stwa, wydaje si\u0119, \u017ce dok\u0142adna toksyczno\u015b\u0107 i d\u0142ugoterminowy wp\u0142yw na zdrowie zwi\u0105zane z rekreacyjnym stosowaniem MDPV nie zosta\u0142y dog\u0142\u0119bnie zbadane w \u017cadnym kompleksowym kontek\u015bcie naukowym, przez co konkretna szkodliwa dawka pozostaje w du\u017cej mierze niejasna. Istniej\u0105 jednak pewne podstawowe dane; indeks terapeutyczny, kt\u00f3ry zapewnia wgl\u0105d w margines bezpiecze\u0144stwa dla MDPV, zosta\u0142 wymieniony w oryginalnej literaturze patentowej jako 875. Liczba ta pochodzi z bada\u0144 podsk\u00f3rnego podawania (s.c.) przeprowadzonych specjalnie na myszach, oferuj\u0105c pocz\u0105tkowy punkt odniesienia dla jego aktywno\u015bci biologicznej.<\/p>\n<h2>Wygl\u0105d MDPV o wysokiej czysto\u015bci<\/h2>\n<p>W najczystszej postaci s\u00f3l chlorowodorkowa MDPV ma posta\u0107 bardzo drobnego krystalicznego proszku. Ta konkretna forma jest szczeg\u00f3lnie higroskopijna, co oznacza, \u017ce \u0142atwo wch\u0142ania wilgo\u0107 z powietrza. W zwi\u0105zku z tym ma naturaln\u0105 tendencj\u0119 do tworzenia ma\u0142ych grudek lub agregat\u00f3w, nadaj\u0105c mu tekstur\u0119 i wygl\u0105d przypominaj\u0105cy nieco cukier puder. Dodatkowo, jego naturalny kolor mo\u017ce si\u0119 r\u00f3\u017cni\u0107, od nieskazitelnie czystej bieli do lekko \u017c\u00f3\u0142tawo-br\u0105zowego odcienia, w zale\u017cno\u015bci od konkretnej partii i poziomu czysto\u015bci. Posiada r\u00f3wnie\u017c lekki, charakterystyczny zapach, kt\u00f3ry zwykle staje si\u0119 bardziej wyra\u017any i wzmacnia si\u0119 wraz z ciemnieniem koloru lub wzrostem st\u0119\u017cenia.<\/p>\n<h2>Farmakologia metylenodioksypyrowaleronu<\/h2>\n<p>W przesz\u0142o\u015bci metylenodioksypirowaleron posiada\u0142 zatwierdzone przez FDA zastosowanie medyczne, co podkre\u015bla jego znaczenie farmakologiczne. Badania naukowe przekonuj\u0105co wykaza\u0142y, \u017ce mo\u017ce on wywo\u0142ywa\u0107 silne efekty wzmacniaj\u0105ce i indukowa\u0107 kompulsywne zachowania samopodawania u szczur\u00f3w laboratoryjnych. Co ciekawe, ten wzorzec behawioralny zosta\u0142 tymczasowo ustalony na podstawie wielu udokumentowanych przypadk\u00f3w nadu\u017cywania i uzale\u017cnienia obserwowanych u ludzi, jeszcze przed systematycznym przeprowadzeniem szczeg\u00f3\u0142owych test\u00f3w na zwierz\u0119tach. Pod wzgl\u0119dem chemicznym MDPV jest specyficznie identyfikowany jako 3,4-metylenodioksy-podstawiony pier\u015bcieniem analog zwi\u0105zku pirovaleron. Pirovaleron, sam opracowany w latach 60. XX wieku, by\u0142 historycznie stosowany w leczeniu przewlek\u0142ego zm\u0119czenia, a tak\u017ce dzia\u0142a\u0142 jako \u015brodek anorektyczny, zapewniaj\u0105c kontekstowe powi\u0105zanie z rozwojem i profilem farmakologicznym MDPV.<\/p>\n<h2>Do czego s\u0142u\u017cy MDPV klasy badawczej?<\/h2>\n<p>Najwa\u017cniejsze jest, aby zrozumie\u0107, \u017ce MDPV jest przede wszystkim przeznaczony jako <b>badania chemiczne<\/b>, W zwi\u0105zku z tym obecnie dost\u0119pne s\u0105 jedynie ograniczone dane dotycz\u0105ce jego bezpo\u015brednich skutk\u00f3w lub konkretnych zastosowa\u0144 u ludzi. Substancja ta jest powszechnie uznawana za narkotyk designerski, charakteryzuj\u0105cy si\u0119 szczeg\u00f3lnie silnym dzia\u0142aniem stymuluj\u0105cym, co czyni go istotnym przedmiotem bada\u0144 naukowych. Ten silny zwi\u0105zek stymuluj\u0105cy nale\u017cy do szerszej grupy podstawionych pirolidyn, klasyfikacji opartej na jego strukturze molekularnej. Co wa\u017cne, ta substancja chemiczna jest blisko spokrewniona z pirowaleronem, kt\u00f3ry jest innym lekiem znanym z wyra\u017anych efekt\u00f3w psychoaktywnych, podkre\u015blaj\u0105c wsp\u00f3ln\u0105 lini\u0119 farmakologiczn\u0105. Badania por\u00f3wnawcze sugeruj\u0105, \u017ce MDPV mo\u017ce by\u0107 znacznie silniejszy i skuteczniejszy ni\u017c kokaina pod wzgl\u0119dem zdolno\u015bci do wywo\u0142ywania r\u00f3\u017cnych reakcji fizjologicznych, w tym wyra\u017anej aktywacji lokomotorycznej, znacznej tachykardii i podwy\u017cszonego nadci\u015bnienia, oferuj\u0105c unikalny profil dla zaawansowanych bada\u0144.<\/p>\n<h2>Jakie s\u0105 reakcje MDPV na ludzi?<\/h2>\n<p>Reprezentatywne klinicznie istotne obserwacje zebrane z istniej\u0105cej literatury opisuj\u0105cej przypadki s\u0105 cz\u0119sto podsumowywane, na przyk\u0142ad w Tabeli 4. Warto zauwa\u017cy\u0107, \u017ce jednoznaczna identyfikacja MDPV nie by\u0142a ostatecznie mo\u017cliwa we wszystkich zg\u0142oszonych przypadkach z powodu r\u00f3\u017cnych wyzwa\u0144 analitycznych. Przyczyny w\u0142\u0105czenia MDPV do takich podsumowa\u0144 zazwyczaj wynikaj\u0105 z silnego zwi\u0105zku mi\u0119dzy wyszukiwanym terminem \u201cMDPV\u201d a wynikowymi trafieniami naukowymi znalezionymi w renomowanych naukowych bazach danych i\/lub dostrzegalnych powi\u0105za\u0144 mi\u0119dzy MDPV a dostrzegaln\u0105 liczb\u0105 udokumentowanych opis\u00f3w przypadk\u00f3w. Wa\u017cne jest r\u00f3wnie\u017c, aby przyzna\u0107, \u017ce bezpo\u015bredni zwi\u0105zek przyczynowy nie zawsze m\u00f3g\u0142 by\u0107 ostatecznie ustalony w ka\u017cdym przypadku, g\u0142\u00f3wnie ze wzgl\u0119du na obecno\u015b\u0107 innych istotnych czynnik\u00f3w zak\u0142\u00f3caj\u0105cych, takich jak wcze\u015bniejsza historia za\u017cywania wielu narkotyk\u00f3w lub wsp\u00f3\u0142istniej\u0105ce problemy ze zdrowiem psychicznym. Pomimo tej z\u0142o\u017cono\u015bci, w przypadkach, w kt\u00f3rych jednoznacznie i bezsprzecznie ustalono jego stosowanie, konsekwentnie i niezawodnie obserwowano skutki neurologiczne i sercowo-naczyniowe, kt\u00f3re s\u0105 wysoce sp\u00f3jne z rozleg\u0142ym toksydromem stymulant\u00f3w. Dodatkowo, szereg innych widocznych cech cz\u0119sto wydaje si\u0119 obejmowa\u0107 wyj\u0105tkowo d\u0142ugi czas trwania zar\u00f3wno efekt\u00f3w pierwotnych, jak i resztkowych, cz\u0119sto przekraczaj\u0105cy 24 godziny. Objawy te mog\u0105 r\u00f3wnie\u017c obejmowa\u0107 zachowania bojowe, znaczn\u0105 hipertermi\u0119 i r\u00f3\u017cne formy psychozy, kt\u00f3re w szczeg\u00f3lno\u015bci obejmowa\u0142y wyra\u017ane przyk\u0142ady zar\u00f3wno halucynacji s\u0142uchowych, jak i wzrokowych, zapewniaj\u0105c krytyczny wgl\u0105d w protoko\u0142y badawcze.<\/p>\n<table border=\"1\" style=\"width:100%;border-collapse: collapse\">\n<caption>Obserwacje kliniczne reakcji na MDPV u ludzi<\/caption>\n<thead>\n<tr>\n<th>Kategoria<\/th>\n<th>Obserwowane efekty<\/th>\n<\/tr>\n<\/thead>\n<tbody>\n<tr>\n<td>Czas trwania<\/td>\n<td>Wyj\u0105tkowo d\u0142ugi czas trwania efekt\u00f3w i nast\u0119pstw (&gt; 24 godziny)<\/td>\n<\/tr>\n<tr>\n<td>Zachowanie<\/td>\n<td>Zachowanie bojowe, psychoza (halucynacje s\u0142uchowe i wzrokowe)<\/td>\n<\/tr>\n<tr>\n<td>Fizjologiczny<\/td>\n<td>Skutki neurologiczne i sercowo-naczyniowe (toksydrom pobudzaj\u0105cy), hipertermia<\/td>\n<\/tr>\n<\/tbody>\n<\/table>\n<h2>Gdzie kupi\u0107 MDPV online?<\/h2>\n<p>Je\u015bli szukasz <b>kupi\u0107 MDPV online<\/b> do legalnych bada\u0144 chemicznych, znalaz\u0142e\u015b w\u0142a\u015bciwe \u017ar\u00f3d\u0142o. W naszym specjalistycznym sklepie, Chemsfine, mo\u017cesz bez obaw <b>zam\u00f3wi\u0107 czysty MDPV<\/b> w ilo\u015bciach hurtowych, wraz z bezpieczn\u0105 wysy\u0142k\u0105 i niezawodn\u0105 gwarancj\u0105 dostawy, zapewniaj\u0105c bezpieczne dotarcie materia\u0142\u00f3w badawczych. W Chemsfine zapewniamy to, co najwa\u017cniejsze <b>badania chemiczne<\/b> w r\u00f3\u017cnych wygodnych formach, w tym krystalicznej, proszkowej i p\u0142ynnej, aby idealnie dopasowa\u0107 si\u0119 do konkretnych wymaga\u0144 laboratoryjnych. Nale\u017cy pami\u0119ta\u0107, \u017ce ten konkretny <b>badania chemiczne<\/b> nie jest przeznaczony do spo\u017cycia przez ludzi i musi by\u0107 wykorzystywany wy\u0142\u0105cznie do bada\u0144 chemicznych. Jeste\u015bmy zaufanym dostawc\u0105 <b>MDPV o wysokiej czysto\u015bci na sprzeda\u017c<\/b>, zapewniaj\u0105c najwy\u017csz\u0105 jako\u015b\u0107 dla Twoich naukowych przedsi\u0119wzi\u0119\u0107. Oferujemy <b>najlepszy dost\u0119pny MDPV<\/b>, gwarantuj\u0105c bezpieczny proces zakupu.<\/p>","protected":false},"excerpt":{"rendered":"<p>Odkryj wysok\u0105 czysto\u015b\u0107 <b>6-MeO-MDPV<\/b>, stymulant klasy badawczej i inhibitor wychwytu zwrotnego noradrenaliny i dopaminy. Ta autentyczna substancja chemiczna do bada\u0144, dost\u0119pna w postaci kryszta\u0142\u00f3w, proszku i p\u0142ynu, jest przeznaczona wy\u0142\u0105cznie do bada\u0144 chemicznych, a nie do spo\u017cycia przez ludzi. Mo\u017cna <b>kupi\u0107 MDPV<\/b> Chemsfine z pewno\u015bci\u0105 zaspokoi Twoje potrzeby laboratoryjne.<\/p>","protected":false},"featured_media":6367,"comment_status":"open","ping_status":"closed","template":"","meta":{"_joinchat":[]},"product_brand":[],"product_cat":[936],"product_tag":[],"class_list":{"0":"post-6315","1":"product","2":"type-product","3":"status-publish","4":"has-post-thumbnail","6":"product_cat-research-chemicals","8":"first","9":"instock","10":"shipping-taxable","11":"purchasable","12":"product-type-variable"},"yoast_head":"<!-- This site is optimized with the Yoast SEO plugin v27.2 - https:\/\/yoast.com\/product\/yoast-seo-wordpress\/ -->\n<title>Buy 6-MeO-MDPV Online for Research - Best Price Chemsfine<\/title>\n<meta name=\"description\" content=\"Discover high-purity 6-MeO-MDPV for sale at Chemsfine. Order this research-grade stimulant online with secure purchase &amp; fast delivery.\" \/>\n<meta name=\"robots\" content=\"index, follow, max-snippet:-1, max-image-preview:large, max-video-preview:-1\" \/>\n<link rel=\"canonical\" href=\"https:\/\/chemsfine.com\/pl\/produkt\/buy-meo-mdpv-sale\/\" \/>\n<meta property=\"og:locale\" content=\"pl_PL\" \/>\n<meta property=\"og:type\" content=\"article\" \/>\n<meta property=\"og:title\" content=\"Buy 6-MeO-MDPV Online for Research - Best Price Chemsfine\" \/>\n<meta property=\"og:description\" content=\"Discover high-purity 6-MeO-MDPV for sale at Chemsfine. Order this research-grade stimulant online with secure purchase &amp; fast delivery.\" \/>\n<meta property=\"og:url\" content=\"https:\/\/chemsfine.com\/pl\/produkt\/buy-meo-mdpv-sale\/\" \/>\n<meta property=\"og:site_name\" content=\"Chemsfine\" \/>\n<meta property=\"article:modified_time\" content=\"2026-03-25T13:15:39+00:00\" \/>\n<meta property=\"og:image\" content=\"https:\/\/chemsfine.com\/wp-content\/uploads\/2026\/02\/6-meo-mdpv.jpeg\" \/>\n\t<meta property=\"og:image:width\" content=\"498\" \/>\n\t<meta property=\"og:image:height\" content=\"1080\" \/>\n\t<meta property=\"og:image:type\" content=\"image\/jpeg\" \/>\n<meta name=\"twitter:card\" content=\"summary_large_image\" \/>\n<meta name=\"twitter:label1\" content=\"Szacowany czas czytania\" \/>\n\t<meta name=\"twitter:data1\" content=\"6 minut\" \/>\n<script type=\"application\/ld+json\" class=\"yoast-schema-graph\">{\"@context\":\"https:\/\/schema.org\",\"@graph\":[{\"@type\":\"WebPage\",\"@id\":\"https:\/\/chemsfine.com\/product\/buy-meo-mdpv-sale\/\",\"url\":\"https:\/\/chemsfine.com\/product\/buy-meo-mdpv-sale\/\",\"name\":\"Buy 6-MeO-MDPV Online for Research - Best Price Chemsfine\",\"isPartOf\":{\"@id\":\"https:\/\/chemsfine.com\/#website\"},\"primaryImageOfPage\":{\"@id\":\"https:\/\/chemsfine.com\/product\/buy-meo-mdpv-sale\/#primaryimage\"},\"image\":{\"@id\":\"https:\/\/chemsfine.com\/product\/buy-meo-mdpv-sale\/#primaryimage\"},\"thumbnailUrl\":\"https:\/\/chemsfine.com\/wp-content\/uploads\/2026\/02\/6-meo-mdpv.jpeg\",\"datePublished\":\"2026-02-12T10:02:27+00:00\",\"dateModified\":\"2026-03-25T13:15:39+00:00\",\"description\":\"Discover high-purity 6-MeO-MDPV for sale at Chemsfine. Order this research-grade stimulant online with secure purchase &amp; fast delivery.\",\"breadcrumb\":{\"@id\":\"https:\/\/chemsfine.com\/product\/buy-meo-mdpv-sale\/#breadcrumb\"},\"inLanguage\":\"pl-PL\",\"potentialAction\":[{\"@type\":\"ReadAction\",\"target\":[\"https:\/\/chemsfine.com\/product\/buy-meo-mdpv-sale\/\"]}]},{\"@type\":\"ImageObject\",\"inLanguage\":\"pl-PL\",\"@id\":\"https:\/\/chemsfine.com\/product\/buy-meo-mdpv-sale\/#primaryimage\",\"url\":\"https:\/\/chemsfine.com\/wp-content\/uploads\/2026\/02\/6-meo-mdpv.jpeg\",\"contentUrl\":\"https:\/\/chemsfine.com\/wp-content\/uploads\/2026\/02\/6-meo-mdpv.jpeg\",\"width\":498,\"height\":1080},{\"@type\":\"BreadcrumbList\",\"@id\":\"https:\/\/chemsfine.com\/product\/buy-meo-mdpv-sale\/#breadcrumb\",\"itemListElement\":[{\"@type\":\"ListItem\",\"position\":1,\"name\":\"Home\",\"item\":\"https:\/\/chemsfine.com\/\"},{\"@type\":\"ListItem\",\"position\":2,\"name\":\"Shop\",\"item\":\"https:\/\/chemsfine.com\/shop\/\"},{\"@type\":\"ListItem\",\"position\":3,\"name\":\"6-MeO-MDPV: High Purity Research Chemical Available Online\"}]},{\"@type\":\"WebSite\",\"@id\":\"https:\/\/chemsfine.com\/#website\",\"url\":\"https:\/\/chemsfine.com\/\",\"name\":\"Chemsfine\",\"description\":\"My WordPress Blog\",\"publisher\":{\"@id\":\"https:\/\/chemsfine.com\/#organization\"},\"potentialAction\":[{\"@type\":\"SearchAction\",\"target\":{\"@type\":\"EntryPoint\",\"urlTemplate\":\"https:\/\/chemsfine.com\/?s={search_term_string}\"},\"query-input\":{\"@type\":\"PropertyValueSpecification\",\"valueRequired\":true,\"valueName\":\"search_term_string\"}}],\"inLanguage\":\"pl-PL\"},{\"@type\":\"Organization\",\"@id\":\"https:\/\/chemsfine.com\/#organization\",\"name\":\"Chemsfine\",\"url\":\"https:\/\/chemsfine.com\/\",\"logo\":{\"@type\":\"ImageObject\",\"inLanguage\":\"pl-PL\",\"@id\":\"https:\/\/chemsfine.com\/#\/schema\/logo\/image\/\",\"url\":\"https:\/\/chemsfine.com\/wp-content\/uploads\/2024\/09\/final-logo.png\",\"contentUrl\":\"https:\/\/chemsfine.com\/wp-content\/uploads\/2024\/09\/final-logo.png\",\"width\":340,\"height\":72,\"caption\":\"Chemsfine\"},\"image\":{\"@id\":\"https:\/\/chemsfine.com\/#\/schema\/logo\/image\/\"}}]}<\/script>\n<!-- \/ Yoast SEO plugin. -->","yoast_head_json":{"title":"Kup 6-MeO-MDPV online do bada\u0144 - najlepsza cena Chemsfine","description":"Odkryj wysokiej czysto\u015bci 6-MeO-MDPV na sprzeda\u017c w Chemsfine. Zam\u00f3w ten stymulant klasy badawczej online z bezpiecznym zakupem i szybk\u0105 dostaw\u0105.","robots":{"index":"index","follow":"follow","max-snippet":"max-snippet:-1","max-image-preview":"max-image-preview:large","max-video-preview":"max-video-preview:-1"},"canonical":"https:\/\/chemsfine.com\/pl\/produkt\/buy-meo-mdpv-sale\/","og_locale":"pl_PL","og_type":"article","og_title":"Buy 6-MeO-MDPV Online for Research - Best Price Chemsfine","og_description":"Discover high-purity 6-MeO-MDPV for sale at Chemsfine. Order this research-grade stimulant online with secure purchase &amp; fast delivery.","og_url":"https:\/\/chemsfine.com\/pl\/produkt\/buy-meo-mdpv-sale\/","og_site_name":"Chemsfine","article_modified_time":"2026-03-25T13:15:39+00:00","og_image":[{"width":498,"height":1080,"url":"https:\/\/chemsfine.com\/wp-content\/uploads\/2026\/02\/6-meo-mdpv.jpeg","type":"image\/jpeg"}],"twitter_card":"summary_large_image","twitter_misc":{"Szacowany czas czytania":"6 minut"},"schema":{"@context":"https:\/\/schema.org","@graph":[{"@type":"WebPage","@id":"https:\/\/chemsfine.com\/product\/buy-meo-mdpv-sale\/","url":"https:\/\/chemsfine.com\/product\/buy-meo-mdpv-sale\/","name":"Kup 6-MeO-MDPV online do bada\u0144 - najlepsza cena Chemsfine","isPartOf":{"@id":"https:\/\/chemsfine.com\/#website"},"primaryImageOfPage":{"@id":"https:\/\/chemsfine.com\/product\/buy-meo-mdpv-sale\/#primaryimage"},"image":{"@id":"https:\/\/chemsfine.com\/product\/buy-meo-mdpv-sale\/#primaryimage"},"thumbnailUrl":"https:\/\/chemsfine.com\/wp-content\/uploads\/2026\/02\/6-meo-mdpv.jpeg","datePublished":"2026-02-12T10:02:27+00:00","dateModified":"2026-03-25T13:15:39+00:00","description":"Odkryj wysokiej czysto\u015bci 6-MeO-MDPV na sprzeda\u017c w Chemsfine. Zam\u00f3w ten stymulant klasy badawczej online z bezpiecznym zakupem i szybk\u0105 dostaw\u0105.","breadcrumb":{"@id":"https:\/\/chemsfine.com\/product\/buy-meo-mdpv-sale\/#breadcrumb"},"inLanguage":"pl-PL","potentialAction":[{"@type":"ReadAction","target":["https:\/\/chemsfine.com\/product\/buy-meo-mdpv-sale\/"]}]},{"@type":"ImageObject","inLanguage":"pl-PL","@id":"https:\/\/chemsfine.com\/product\/buy-meo-mdpv-sale\/#primaryimage","url":"https:\/\/chemsfine.com\/wp-content\/uploads\/2026\/02\/6-meo-mdpv.jpeg","contentUrl":"https:\/\/chemsfine.com\/wp-content\/uploads\/2026\/02\/6-meo-mdpv.jpeg","width":498,"height":1080},{"@type":"BreadcrumbList","@id":"https:\/\/chemsfine.com\/product\/buy-meo-mdpv-sale\/#breadcrumb","itemListElement":[{"@type":"ListItem","position":1,"name":"Home","item":"https:\/\/chemsfine.com\/"},{"@type":"ListItem","position":2,"name":"Shop","item":"https:\/\/chemsfine.com\/shop\/"},{"@type":"ListItem","position":3,"name":"6-MeO-MDPV: High Purity Research Chemical Available Online"}]},{"@type":"WebSite","@id":"https:\/\/chemsfine.com\/#website","url":"https:\/\/chemsfine.com\/","name":"Chemsfine","description":"M\u00f3j blog WordPress","publisher":{"@id":"https:\/\/chemsfine.com\/#organization"},"potentialAction":[{"@type":"SearchAction","target":{"@type":"EntryPoint","urlTemplate":"https:\/\/chemsfine.com\/?s={search_term_string}"},"query-input":{"@type":"PropertyValueSpecification","valueRequired":true,"valueName":"search_term_string"}}],"inLanguage":"pl-PL"},{"@type":"Organization","@id":"https:\/\/chemsfine.com\/#organization","name":"Chemsfine","url":"https:\/\/chemsfine.com\/","logo":{"@type":"ImageObject","inLanguage":"pl-PL","@id":"https:\/\/chemsfine.com\/#\/schema\/logo\/image\/","url":"https:\/\/chemsfine.com\/wp-content\/uploads\/2024\/09\/final-logo.png","contentUrl":"https:\/\/chemsfine.com\/wp-content\/uploads\/2024\/09\/final-logo.png","width":340,"height":72,"caption":"Chemsfine"},"image":{"@id":"https:\/\/chemsfine.com\/#\/schema\/logo\/image\/"}}]}},"_links":{"self":[{"href":"https:\/\/chemsfine.com\/pl\/wp-json\/wp\/v2\/product\/6315","targetHints":{"allow":["GET"]}}],"collection":[{"href":"https:\/\/chemsfine.com\/pl\/wp-json\/wp\/v2\/product"}],"about":[{"href":"https:\/\/chemsfine.com\/pl\/wp-json\/wp\/v2\/types\/product"}],"replies":[{"embeddable":true,"href":"https:\/\/chemsfine.com\/pl\/wp-json\/wp\/v2\/comments?post=6315"}],"wp:featuredmedia":[{"embeddable":true,"href":"https:\/\/chemsfine.com\/pl\/wp-json\/wp\/v2\/media\/6367"}],"wp:attachment":[{"href":"https:\/\/chemsfine.com\/pl\/wp-json\/wp\/v2\/media?parent=6315"}],"wp:term":[{"taxonomy":"product_brand","embeddable":true,"href":"https:\/\/chemsfine.com\/pl\/wp-json\/wp\/v2\/product_brand?post=6315"},{"taxonomy":"product_cat","embeddable":true,"href":"https:\/\/chemsfine.com\/pl\/wp-json\/wp\/v2\/product_cat?post=6315"},{"taxonomy":"product_tag","embeddable":true,"href":"https:\/\/chemsfine.com\/pl\/wp-json\/wp\/v2\/product_tag?post=6315"}],"curies":[{"name":"wp","href":"https:\/\/api.w.org\/{rel}","templated":true}]}}