{"id":6431,"date":"2026-02-12T10:05:06","date_gmt":"2026-02-12T10:05:06","guid":{"rendered":"https:\/\/chemsfine.com\/?post_type=product&#038;p=6431"},"modified":"2026-03-25T13:08:04","modified_gmt":"2026-03-25T13:08:04","slug":"buy-fluoroamphetamine-powder","status":"publish","type":"product","link":"https:\/\/chemsfine.com\/pl\/product\/buy-fluoroamphetamine-powder\/","title":{"rendered":"4-Fluoroamfetamina w proszku - Kup online 4-FA o wysokiej czysto\u015bci"},"content":{"rendered":"<p>Patrz\u0105c na <b>kupi\u0107 4-Fluoroamfetamina na sprzeda\u017c<\/b>? Dotar\u0142e\u015b do g\u0142\u00f3wnego miejsca docelowego dla proszku 4-FA o wysokiej czysto\u015bci. Zapewniamy, \u017ce nasz produkt spe\u0142nia rygorystyczne standardy jako\u015bci, co czyni go idealnym wyborem do wymagaj\u0105cych zastosowa\u0144 badawczych. Kup 4-FA w proszku 1 uncja Pure online tanio.<br \/>4-FA (4-fluoramfetamina) to substancja podobna do amfetaminy, kt\u00f3ra pojawi\u0142a si\u0119 na rynku w umiarkowanie kr\u00f3tkim czasie. W okresie od 2007 do 2009 roku by\u0142a sprzedawana g\u0142\u00f3wnie jako speed lub MDMA. Wynika\u0142o to z faktu, \u017ce w tamtym czasie brakowa\u0142o surowych materia\u0142\u00f3w dla tych specjalist\u00f3w, wi\u0119c 4-FA by\u0142 wykorzystywany jako \u015brodek tn\u0105cy. Jednak od 2010 roku 4-FA jest stopniowo sprzedawany jako 4-FA przez sprzedawc\u00f3w, co oznacza r\u00f3wnie\u017c, \u017ce kupuj\u0105cy uwa\u017caj\u0105 go za \u201csubstancj\u0119 z wyboru\u201d. W chemsfine u\u0142atwiamy bezpieczny zakup badaczom na ca\u0142ym \u015bwiecie.<\/p>\n<h2>Czym jest 4-fluoroamfetamina?<\/h2>\n<p>Zrozumienie to\u017csamo\u015bci chemicznej i klasyfikacji 4-fluoroamfetaminy (4-FA) jest kluczowe dla ka\u017cdego wymagaj\u0105cego badacza. R\u00f3\u017cne nazwy 4-FA obejmuj\u0105 4-FMP, 4-Fluor, 4-Flava, 4-F lub Flux. Jest to substancja zaliczana do nowych substancji psychoaktywnych (NPS). S\u0105 to substancje, kt\u00f3re od niedawna s\u0105 dost\u0119pne i zosta\u0142y opracowane jako alternatywa dla zwyk\u0142ych nielegalnych substancji. NPS s\u0105 inaczej znane jako chemikalia badawcze lub narkotyki projektowane. Zmieniaj\u0105c co\u015b niewielkiego w obecnej strukturze zwi\u0105zku, zmienia si\u0119 nazwa substancji, a zatem nie jest ona w \u017cadnym momencie obj\u0119ta obowi\u0105zuj\u0105cymi przepisami, a zatem mo\u017ce by\u0107 uznana za niezgodn\u0105 z prawem w niekt\u00f3rych jurysdykcjach. Utrudnia to zapobieganie produkcji, sprzeda\u017cy i w\u0142asno\u015bci. Kiedy szukasz <b>Najwy\u017cszej jako\u015bci 4-fluoroamfetamina<\/b>, Kluczowe jest uznanie jego statusu jako substancji chemicznej do bada\u0144. Dla tych, kt\u00f3rzy badaj\u0105 pokrewne zwi\u0105zki, mo\u017cna r\u00f3wnie\u017c rozwa\u017cy\u0107 w\u0142a\u015bciwo\u015bci <a href=\"https:\/\/chemsfine.com\/pl\/produkt\/kup-krysztaly-dmt-online\/\">Kryszta\u0142y DMT dost\u0119pne w sprzeda\u017cy<\/a> z naszego obszernego katalogu.<\/p>\n<h2>Dlaczego warto kupi\u0107 4-Fluoroamfetamin\u0119 online od chemsfine?<\/h2>\n<p>Wyb\u00f3r renomowanego dostawcy chemikali\u00f3w badawczych ma kluczowe znaczenie. W chemsfine jeste\u015bmy zaanga\u017cowani w dostarczanie <b>najlepsza dost\u0119pna 4-fluoroamfetamina<\/b> online, zapewniaj\u0105c zar\u00f3wno wysok\u0105 czysto\u015b\u0107, jak i dyskretn\u0105 dostaw\u0119. Nasze zaanga\u017cowanie w jako\u015b\u0107 oznacza, \u017ce ka\u017cda partia przechodzi rygorystyczne testy w celu zweryfikowania jej sk\u0142adu i integralno\u015bci. Rozumiemy specyficzne potrzeby naszych klient\u00f3w, oferuj\u0105c p\u0142ynne i bezpieczne zakupy. Kiedy zdecydujesz si\u0119 <b>kupi\u0107 4-FA<\/b> Od nas wybierasz partnera zaanga\u017cowanego w doskona\u0142o\u015b\u0107 i przejrzysto\u015b\u0107. Nasza bezpieczna platforma internetowa u\u0142atwia nawigacj\u0119 i zapewnia najwy\u017csz\u0105 poufno\u015b\u0107 transakcji, dzi\u0119ki czemu jeste\u015bmy zaufanym \u017ar\u00f3d\u0142em materia\u0142\u00f3w badawczych.<\/p>\n<h2>Zastosowania 4-fluoroamfetaminy<\/h2>\n<p>4-Fluoroamfetamina (4-FA), jako uznana substancja chemiczna do bada\u0144, ma wiele zastosowa\u0144 w kontrolowanych \u015brodowiskach naukowych. Jej unikalny profil farmakologiczny sprawia, \u017ce jest cenna dla konkretnych bada\u0144 zwi\u0105zanych ze zwi\u0105zkami podobnymi do amfetaminy.<\/p>\n<ul>\n<li>Cele badawcze w kontrolowanych \u015brodowiskach laboratoryjnych.<\/li>\n<li>Badanie zwi\u0105zk\u00f3w podobnych do amfetaminy i ich farmakologii.<\/li>\n<li>Analityczny materia\u0142 referencyjny dla laboratori\u00f3w kryminalistycznych i toksykologicznych.<\/li>\n<li>Badanie nowych substancji psychoaktywnych (NPS).<\/li>\n<li>Badanie dzia\u0142ania stymuluj\u0105cego i entaktogennego na uk\u0142ady biologiczne.<\/li>\n<li>Opracowanie metod wykrywania nowych dopalaczy.<\/li>\n<\/ul>\n<p>Zastosowania te podkre\u015blaj\u0105 znaczenie pozyskiwania wysokiej czysto\u015bci, laboratoryjnej jako\u015bci 4-FA w celu uzyskania dok\u0142adnych i wiarygodnych wynik\u00f3w eksperymentalnych. Nasz 4-FA na sprzeda\u017c jest odpowiedni do tych precyzyjnych wymaga\u0144.<\/p>\n<h2>Formularze i administracja 4-FA<\/h2>\n<p>4-FA najcz\u0119\u015bciej wyst\u0119puje w postaci proszku lub tabletek. W postaci tabletek 4-FA jest przyjmowany doustnie. Klienci umieszczaj\u0105 proszek w etui lub ruchomym papierze (bomba) lub w niekt\u00f3rych przypadkach s\u0105 rozk\u0142adane w napoju. Zasadniczo nie ma rozr\u00f3\u017cnienia mi\u0119dzy tabletkami 4-FA, proszkami 4-FA lub etui z 4-FA.<br \/>Pojemniki s\u0105 produkowane przy u\u017cyciu matowej lub s\u0142odkiej substancji i mog\u0105 by\u0107 proste lub mie\u0107 r\u00f3\u017cne odcienie. Pojemnik mo\u017ce by\u0107 wype\u0142niony szerok\u0105 gam\u0105 substancji. 4-FA, ale tak\u017ce inne substancje, na przyk\u0142ad amfetamina (speed), MDMA, kofeina lub nic innego. Niekt\u00f3re produkty w sklepach s\u0105 r\u00f3wnie\u017c w skrzynkach. Pude\u0142ka s\u0105 z regu\u0142y w worku, a na opakowaniu znajduje si\u0119 informacja, co si\u0119 w nim znajduje. W przypadku, gdy klienci sami nape\u0142niaj\u0105 pojemnik, mog\u0105 u\u017cy\u0107 skali mg, aby okre\u015bli\u0107 dok\u0142adn\u0105 porcj\u0119. Dla os\u00f3b zainteresowanych r\u00f3\u017cnymi materia\u0142ami badawczymi oferujemy r\u00f3wnie\u017c <a href=\"https:\/\/chemsfine.com\/pl\/produkt\/kupic-mdpv-metylenodioksypyrowaleron\/\">MDVP Methylenedioxypyrovalerone na sprzeda\u017c<\/a>, zapewniaj\u0105c szerok\u0105 gam\u0119 opcji dla potrzeb laboratoryjnych.<\/p>\n<h2>Dzia\u0142anie i czas dzia\u0142ania 4-fluoroamfetaminy<\/h2>\n<p>Efekty fizjologiczne i psychologiczne obserwowane po podaniu 4-FA w du\u017cym stopniu zale\u017c\u0105 od dawki. Aby ustali\u0107 konkretne w\u0142a\u015bciwo\u015bci, 4-FA mo\u017cna przetestowa\u0107 w specjalistycznym serwisie. Po doustnym spo\u017cyciu 4-FA, pocz\u0105tek efekt\u00f3w zwykle wyst\u0119puje w ci\u0105gu oko\u0142o 20 minut do jednej godziny. Podstawowe efekty dzia\u0142ania 4-FA zazwyczaj ust\u0119puj\u0105 po 4 do 8 godzinach, chocia\u017c niekt\u00f3re osoby zg\u0142aszaj\u0105, \u017ce efekty resztkowe mog\u0105 utrzymywa\u0107 si\u0119 do lub ponad 12 godzin.<\/p>\n<p>Zg\u0142oszone efekty obejmuj\u0105:<\/p>\n<ul>\n<li><b>Ognisty, wyra\u017any, sprawny i czujny<\/b> sensacja.<\/li>\n<li>Do\u015bwiadczenie <b>lekka euforia, prowadz\u0105ca do radosnego i pogodnego nastroju<\/b>.<\/li>\n<li>A <b>silne poczucie przynale\u017cno\u015bci<\/b> i wi\u0119zi spo\u0142eczne.<\/li>\n<li>An <b>intensywne do\u015bwiadczenie dotyku i muzyki<\/b>, zwi\u0119kszaj\u0105c percepcj\u0119 sensoryczn\u0105.<\/li>\n<li>A <b>silna potrzeba kontaktu, rozmowy i blisko\u015bci<\/b>, wspieraj\u0105c towarzysko\u015b\u0107.<\/li>\n<\/ul>\n<h2>Bezpiecze\u0144stwo i zgodno\u015b\u0107 bada\u0144 nad 4-fluoroamfetamin\u0105<\/h2>\n<p>Praca z jak\u0105kolwiek substancj\u0105 chemiczn\u0105, w tym 4-fluoroamfetamin\u0105, wymaga \u015bcis\u0142ego przestrzegania protoko\u0142\u00f3w bezpiecze\u0144stwa i zgodno\u015bci z odpowiednimi przepisami. Konieczne jest stosowanie odpowiedniego sprz\u0119tu ochrony osobistej (PPE), takiego jak r\u0119kawice, ochrona oczu i fartuchy laboratoryjne, aby zminimalizowa\u0107 nara\u017cenie. Wszystkie dzia\u0142ania badawcze z udzia\u0142em 4-FA powinny by\u0107 prowadzone w kontrolowanym \u015brodowisku, najlepiej w dobrze wentylowanym laboratorium, aby zapobiec przypadkowemu wdychaniu lub zanieczyszczeniu. Badacze musz\u0105 by\u0107 \u015bwiadomi i przestrzega\u0107 wszystkich wytycznych instytucjonalnych reguluj\u0105cych pozyskiwanie, przechowywanie i stosowanie takich substancji. Karty charakterystyki (SDS) dostarczaj\u0105 kluczowych informacji dotycz\u0105cych zagro\u017ce\u0144, obs\u0142ugi i procedur awaryjnych, podczas gdy certyfikaty analizy (CoA) potwierdzaj\u0105 czysto\u015b\u0107 i to\u017csamo\u015b\u0107 produktu. Zapewnienie, \u017ce dokumenty te s\u0105 \u0142atwo dost\u0119pne i zrozumia\u0142e, ma fundamentalne znaczenie dla odpowiedzialnych bada\u0144 i utrzymania bezpiecznego \u015brodowiska laboratoryjnego.<\/p>\n<h2>Kluczowe szczeg\u00f3\u0142y dotycz\u0105ce produktu 4-Fluoroamfetamina<\/h2>\n<table>\n<thead>\n<tr>\n<th>Cecha<\/th>\n<th>Szczeg\u00f3\u0142y<\/th>\n<\/tr>\n<\/thead>\n<tbody>\n<tr>\n<td>Nazwa produktu<\/td>\n<td>4-Fluoroamfetamina (4-FA)<\/td>\n<\/tr>\n<tr>\n<td>Wsp\u00f3lne formularze<\/td>\n<td>Proszek, tabletki<\/td>\n<\/tr>\n<tr>\n<td>Czysto\u015b\u0107<\/td>\n<td>Klasa badawcza o wysokiej czysto\u015bci<\/td>\n<\/tr>\n<tr>\n<td>Klasyfikacja<\/td>\n<td>Nowa substancja psychoaktywna (NPS)<\/td>\n<\/tr>\n<tr>\n<td>U\u017cycie podstawowe<\/td>\n<td>Badania, odniesienia analityczne<\/td>\n<\/tr>\n<tr>\n<td>Pocz\u0105tek efekt\u00f3w<\/td>\n<td>20 minut do 1 godziny (doustnie)<\/td>\n<\/tr>\n<tr>\n<td>Czas trwania efekt\u00f3w<\/td>\n<td>4-8 godzin (do 12+ pozosta\u0142o\u015bci)<\/td>\n<\/tr>\n<\/tbody>\n<\/table>\n<h2>Dlaczego warto wybra\u0107 chemsfine do zakupu 4-fluoroamfetaminy?<\/h2>\n<p>Kiedy zdecydujesz si\u0119 <b>Zam\u00f3w 4-Fluoroamfetamin\u0119 online<\/b>, Wyb\u00f3r chemsfine oznacza wyb\u00f3r przejrzysto\u015bci, sprawdzonej jako\u015bci i konkurencyjnych cen. Jeste\u015bmy dumni z oferowania szczeg\u00f3\u0142owych informacji o produktach, zapewniaj\u0105c, \u017ce badacze maj\u0105 wszystkie niezb\u0119dne dane przed dokonaniem zakupu. Nasze rejestry partii s\u0105 skrupulatnie prowadzone i weryfikowane, gwarantuj\u0105c autentyczno\u015b\u0107 i wysok\u0105 czysto\u015b\u0107 ka\u017cdego produktu. Oferujemy bezproblemowe do\u015bwiadczenie zakupowe, u\u0142atwiaj\u0105c <b>kupi\u0107 4-FA<\/b> z pewno\u015bci\u0105. Nasze zaanga\u017cowanie rozci\u0105ga si\u0119 na zadowolenie klienta, zapewniaj\u0105c szybkie wsparcie w przypadku jakichkolwiek pyta\u0144 dotycz\u0105cych zakupu. Poczuj r\u00f3\u017cnic\u0119, gdy <b>kup w chemsfine<\/b> - gdzie jako\u015b\u0107 \u0142\u0105czy si\u0119 z niezawodno\u015bci\u0105 dla wszystkich potrzeb w zakresie chemii badawczej.<\/p>\n<h2>Wnioski<\/h2>\n<p>Dla tych, kt\u00f3rzy chc\u0105 <b>kupi\u0107 4-Fluoroamfetamina na sprzeda\u017c<\/b>, Chemsfine oferuje wysokiej jako\u015bci produkt o wysokiej czysto\u015bci, wspierany przez rygorystyczn\u0105 kontrol\u0119 jako\u015bci. Niezale\u017cnie od tego, czy chodzi o badania akademickie, testy analityczne czy inne legalne zastosowania, nasz proszek 4-FA zapewnia wymagan\u0105 niezawodno\u015b\u0107 i sp\u00f3jno\u015b\u0107. D\u0105\u017cymy do zapewnienia niezr\u00f3wnanego do\u015bwiadczenia zakupowego, zapewniaj\u0105c, \u017ce ka\u017cdy klient otrzymuje tylko najlepszy dost\u0119pny materia\u0142 klasy badawczej. Zapoznaj si\u0119 z nasz\u0105 ofert\u0105 i dokonaj bezpiecznego zakupu ju\u017c dzi\u015b, maj\u0105c pewno\u015b\u0107, \u017ce zaopatrujesz si\u0119 u zaufanego dostawcy chemikali\u00f3w laboratoryjnych.<\/p>","protected":false},"excerpt":{"rendered":"<p><b>Kup 4-FA<\/b> proszek w chemsfine. Ta podobna do amfetaminy substancja chemiczna do bada\u0144, znana r\u00f3wnie\u017c jako 4-fluoramfetamina, jest dost\u0119pna do zakupu online. Znana ze swoich wyra\u017anych efekt\u00f3w i wszechstronnych form, nasza 4-FA o wysokiej czysto\u015bci jest idealna do bada\u0144.<\/p>","protected":false},"featured_media":6459,"comment_status":"open","ping_status":"closed","template":"","meta":{"_joinchat":[]},"product_brand":[],"product_cat":[936],"product_tag":[],"class_list":{"0":"post-6431","1":"product","2":"type-product","3":"status-publish","4":"has-post-thumbnail","6":"product_cat-research-chemicals","8":"first","9":"instock","10":"shipping-taxable","11":"purchasable","12":"product-type-variable"},"yoast_head":"<!-- This site is optimized with the Yoast SEO plugin v27.2 - https:\/\/yoast.com\/product\/yoast-seo-wordpress\/ -->\n<title>Buy 4-FA Online: Best Quality 4-Fluoroamphetamine Available<\/title>\n<meta name=\"description\" content=\"Purchase high-purity 4-Fluoroamphetamine (4-FA) powder online at chemsfine. Top-quality research chemical available for secure purchase.\" \/>\n<meta name=\"robots\" content=\"index, follow, max-snippet:-1, max-image-preview:large, max-video-preview:-1\" \/>\n<link rel=\"canonical\" href=\"https:\/\/chemsfine.com\/pl\/produkt\/buy-fluoroamphetamine-powder\/\" \/>\n<meta property=\"og:locale\" content=\"pl_PL\" \/>\n<meta property=\"og:type\" content=\"article\" \/>\n<meta property=\"og:title\" content=\"Buy 4-FA Online: Best Quality 4-Fluoroamphetamine Available\" \/>\n<meta property=\"og:description\" content=\"Purchase high-purity 4-Fluoroamphetamine (4-FA) powder online at chemsfine. Top-quality research chemical available for secure purchase.\" \/>\n<meta property=\"og:url\" content=\"https:\/\/chemsfine.com\/pl\/produkt\/buy-fluoroamphetamine-powder\/\" \/>\n<meta property=\"og:site_name\" content=\"Chemsfine\" \/>\n<meta property=\"article:modified_time\" content=\"2026-03-25T13:08:04+00:00\" \/>\n<meta property=\"og:image\" content=\"https:\/\/chemsfine.com\/wp-content\/uploads\/2026\/02\/4-fluoroamphetamine-2.jpg\" \/>\n\t<meta property=\"og:image:width\" content=\"300\" \/>\n\t<meta property=\"og:image:height\" content=\"400\" \/>\n\t<meta property=\"og:image:type\" content=\"image\/jpeg\" \/>\n<meta name=\"twitter:card\" content=\"summary_large_image\" \/>\n<meta name=\"twitter:label1\" content=\"Szacowany czas czytania\" \/>\n\t<meta name=\"twitter:data1\" content=\"6 minut\" \/>\n<script type=\"application\/ld+json\" class=\"yoast-schema-graph\">{\"@context\":\"https:\/\/schema.org\",\"@graph\":[{\"@type\":\"WebPage\",\"@id\":\"https:\/\/chemsfine.com\/product\/buy-fluoroamphetamine-powder\/\",\"url\":\"https:\/\/chemsfine.com\/product\/buy-fluoroamphetamine-powder\/\",\"name\":\"Buy 4-FA Online: Best Quality 4-Fluoroamphetamine Available\",\"isPartOf\":{\"@id\":\"https:\/\/chemsfine.com\/#website\"},\"primaryImageOfPage\":{\"@id\":\"https:\/\/chemsfine.com\/product\/buy-fluoroamphetamine-powder\/#primaryimage\"},\"image\":{\"@id\":\"https:\/\/chemsfine.com\/product\/buy-fluoroamphetamine-powder\/#primaryimage\"},\"thumbnailUrl\":\"https:\/\/chemsfine.com\/wp-content\/uploads\/2026\/02\/4-fluoroamphetamine-2.jpg\",\"datePublished\":\"2026-02-12T10:05:06+00:00\",\"dateModified\":\"2026-03-25T13:08:04+00:00\",\"description\":\"Purchase high-purity 4-Fluoroamphetamine (4-FA) powder online at chemsfine. Top-quality research chemical available for secure purchase.\",\"breadcrumb\":{\"@id\":\"https:\/\/chemsfine.com\/product\/buy-fluoroamphetamine-powder\/#breadcrumb\"},\"inLanguage\":\"pl-PL\",\"potentialAction\":[{\"@type\":\"ReadAction\",\"target\":[\"https:\/\/chemsfine.com\/product\/buy-fluoroamphetamine-powder\/\"]}]},{\"@type\":\"ImageObject\",\"inLanguage\":\"pl-PL\",\"@id\":\"https:\/\/chemsfine.com\/product\/buy-fluoroamphetamine-powder\/#primaryimage\",\"url\":\"https:\/\/chemsfine.com\/wp-content\/uploads\/2026\/02\/4-fluoroamphetamine-2.jpg\",\"contentUrl\":\"https:\/\/chemsfine.com\/wp-content\/uploads\/2026\/02\/4-fluoroamphetamine-2.jpg\",\"width\":300,\"height\":400},{\"@type\":\"BreadcrumbList\",\"@id\":\"https:\/\/chemsfine.com\/product\/buy-fluoroamphetamine-powder\/#breadcrumb\",\"itemListElement\":[{\"@type\":\"ListItem\",\"position\":1,\"name\":\"Home\",\"item\":\"https:\/\/chemsfine.com\/\"},{\"@type\":\"ListItem\",\"position\":2,\"name\":\"Shop\",\"item\":\"https:\/\/chemsfine.com\/shop\/\"},{\"@type\":\"ListItem\",\"position\":3,\"name\":\"4-Fluoroamphetamine Powder &#8211; Buy High Purity 4-FA Online\"}]},{\"@type\":\"WebSite\",\"@id\":\"https:\/\/chemsfine.com\/#website\",\"url\":\"https:\/\/chemsfine.com\/\",\"name\":\"Chemsfine\",\"description\":\"My WordPress Blog\",\"publisher\":{\"@id\":\"https:\/\/chemsfine.com\/#organization\"},\"potentialAction\":[{\"@type\":\"SearchAction\",\"target\":{\"@type\":\"EntryPoint\",\"urlTemplate\":\"https:\/\/chemsfine.com\/?s={search_term_string}\"},\"query-input\":{\"@type\":\"PropertyValueSpecification\",\"valueRequired\":true,\"valueName\":\"search_term_string\"}}],\"inLanguage\":\"pl-PL\"},{\"@type\":\"Organization\",\"@id\":\"https:\/\/chemsfine.com\/#organization\",\"name\":\"Chemsfine\",\"url\":\"https:\/\/chemsfine.com\/\",\"logo\":{\"@type\":\"ImageObject\",\"inLanguage\":\"pl-PL\",\"@id\":\"https:\/\/chemsfine.com\/#\/schema\/logo\/image\/\",\"url\":\"https:\/\/chemsfine.com\/wp-content\/uploads\/2024\/09\/final-logo.png\",\"contentUrl\":\"https:\/\/chemsfine.com\/wp-content\/uploads\/2024\/09\/final-logo.png\",\"width\":340,\"height\":72,\"caption\":\"Chemsfine\"},\"image\":{\"@id\":\"https:\/\/chemsfine.com\/#\/schema\/logo\/image\/\"}}]}<\/script>\n<!-- \/ Yoast SEO plugin. -->","yoast_head_json":{"title":"Kup 4-FA online: Najlepsza dost\u0119pna jako\u015b\u0107 4-Fluoroamfetaminy","description":"Kup wysokiej czysto\u015bci 4-Fluoroamfetamin\u0119 (4-FA) w proszku online w chemsfine. Najwy\u017cszej jako\u015bci substancja chemiczna dost\u0119pna do bezpiecznego zakupu.","robots":{"index":"index","follow":"follow","max-snippet":"max-snippet:-1","max-image-preview":"max-image-preview:large","max-video-preview":"max-video-preview:-1"},"canonical":"https:\/\/chemsfine.com\/pl\/produkt\/buy-fluoroamphetamine-powder\/","og_locale":"pl_PL","og_type":"article","og_title":"Buy 4-FA Online: Best Quality 4-Fluoroamphetamine Available","og_description":"Purchase high-purity 4-Fluoroamphetamine (4-FA) powder online at chemsfine. Top-quality research chemical available for secure purchase.","og_url":"https:\/\/chemsfine.com\/pl\/produkt\/buy-fluoroamphetamine-powder\/","og_site_name":"Chemsfine","article_modified_time":"2026-03-25T13:08:04+00:00","og_image":[{"width":300,"height":400,"url":"https:\/\/chemsfine.com\/wp-content\/uploads\/2026\/02\/4-fluoroamphetamine-2.jpg","type":"image\/jpeg"}],"twitter_card":"summary_large_image","twitter_misc":{"Szacowany czas czytania":"6 minut"},"schema":{"@context":"https:\/\/schema.org","@graph":[{"@type":"WebPage","@id":"https:\/\/chemsfine.com\/product\/buy-fluoroamphetamine-powder\/","url":"https:\/\/chemsfine.com\/product\/buy-fluoroamphetamine-powder\/","name":"Kup 4-FA online: Najlepsza dost\u0119pna jako\u015b\u0107 4-Fluoroamfetaminy","isPartOf":{"@id":"https:\/\/chemsfine.com\/#website"},"primaryImageOfPage":{"@id":"https:\/\/chemsfine.com\/product\/buy-fluoroamphetamine-powder\/#primaryimage"},"image":{"@id":"https:\/\/chemsfine.com\/product\/buy-fluoroamphetamine-powder\/#primaryimage"},"thumbnailUrl":"https:\/\/chemsfine.com\/wp-content\/uploads\/2026\/02\/4-fluoroamphetamine-2.jpg","datePublished":"2026-02-12T10:05:06+00:00","dateModified":"2026-03-25T13:08:04+00:00","description":"Kup wysokiej czysto\u015bci 4-Fluoroamfetamin\u0119 (4-FA) w proszku online w chemsfine. Najwy\u017cszej jako\u015bci substancja chemiczna dost\u0119pna do bezpiecznego zakupu.","breadcrumb":{"@id":"https:\/\/chemsfine.com\/product\/buy-fluoroamphetamine-powder\/#breadcrumb"},"inLanguage":"pl-PL","potentialAction":[{"@type":"ReadAction","target":["https:\/\/chemsfine.com\/product\/buy-fluoroamphetamine-powder\/"]}]},{"@type":"ImageObject","inLanguage":"pl-PL","@id":"https:\/\/chemsfine.com\/product\/buy-fluoroamphetamine-powder\/#primaryimage","url":"https:\/\/chemsfine.com\/wp-content\/uploads\/2026\/02\/4-fluoroamphetamine-2.jpg","contentUrl":"https:\/\/chemsfine.com\/wp-content\/uploads\/2026\/02\/4-fluoroamphetamine-2.jpg","width":300,"height":400},{"@type":"BreadcrumbList","@id":"https:\/\/chemsfine.com\/product\/buy-fluoroamphetamine-powder\/#breadcrumb","itemListElement":[{"@type":"ListItem","position":1,"name":"Home","item":"https:\/\/chemsfine.com\/"},{"@type":"ListItem","position":2,"name":"Shop","item":"https:\/\/chemsfine.com\/shop\/"},{"@type":"ListItem","position":3,"name":"4-Fluoroamphetamine Powder &#8211; Buy High Purity 4-FA Online"}]},{"@type":"WebSite","@id":"https:\/\/chemsfine.com\/#website","url":"https:\/\/chemsfine.com\/","name":"Chemsfine","description":"M\u00f3j blog WordPress","publisher":{"@id":"https:\/\/chemsfine.com\/#organization"},"potentialAction":[{"@type":"SearchAction","target":{"@type":"EntryPoint","urlTemplate":"https:\/\/chemsfine.com\/?s={search_term_string}"},"query-input":{"@type":"PropertyValueSpecification","valueRequired":true,"valueName":"search_term_string"}}],"inLanguage":"pl-PL"},{"@type":"Organization","@id":"https:\/\/chemsfine.com\/#organization","name":"Chemsfine","url":"https:\/\/chemsfine.com\/","logo":{"@type":"ImageObject","inLanguage":"pl-PL","@id":"https:\/\/chemsfine.com\/#\/schema\/logo\/image\/","url":"https:\/\/chemsfine.com\/wp-content\/uploads\/2024\/09\/final-logo.png","contentUrl":"https:\/\/chemsfine.com\/wp-content\/uploads\/2024\/09\/final-logo.png","width":340,"height":72,"caption":"Chemsfine"},"image":{"@id":"https:\/\/chemsfine.com\/#\/schema\/logo\/image\/"}}]}},"_links":{"self":[{"href":"https:\/\/chemsfine.com\/pl\/wp-json\/wp\/v2\/product\/6431","targetHints":{"allow":["GET"]}}],"collection":[{"href":"https:\/\/chemsfine.com\/pl\/wp-json\/wp\/v2\/product"}],"about":[{"href":"https:\/\/chemsfine.com\/pl\/wp-json\/wp\/v2\/types\/product"}],"replies":[{"embeddable":true,"href":"https:\/\/chemsfine.com\/pl\/wp-json\/wp\/v2\/comments?post=6431"}],"wp:featuredmedia":[{"embeddable":true,"href":"https:\/\/chemsfine.com\/pl\/wp-json\/wp\/v2\/media\/6459"}],"wp:attachment":[{"href":"https:\/\/chemsfine.com\/pl\/wp-json\/wp\/v2\/media?parent=6431"}],"wp:term":[{"taxonomy":"product_brand","embeddable":true,"href":"https:\/\/chemsfine.com\/pl\/wp-json\/wp\/v2\/product_brand?post=6431"},{"taxonomy":"product_cat","embeddable":true,"href":"https:\/\/chemsfine.com\/pl\/wp-json\/wp\/v2\/product_cat?post=6431"},{"taxonomy":"product_tag","embeddable":true,"href":"https:\/\/chemsfine.com\/pl\/wp-json\/wp\/v2\/product_tag?post=6431"}],"curies":[{"name":"wp","href":"https:\/\/api.w.org\/{rel}","templated":true}]}}