{"id":6452,"date":"2026-02-12T10:05:09","date_gmt":"2026-02-12T10:05:09","guid":{"rendered":"https:\/\/chemsfine.com\/?post_type=product&#038;p=6452"},"modified":"2026-03-25T12:57:53","modified_gmt":"2026-03-25T12:57:53","slug":"buy-meo-pcp-online","status":"publish","type":"product","link":"https:\/\/chemsfine.com\/pl\/product\/buy-meo-pcp-online\/","title":{"rendered":"Kup 4-MeO-PCP online | Chemikalia badawcze klasy premium w Chemsfine"},"content":{"rendered":"<p>Czy chcesz <b>kupi\u0107 4-MeO-PCP na sprzeda\u017c<\/b> do krytycznych bada\u0144 laboratoryjnych? Chemsfine to najlepsze miejsce do <b>Zam\u00f3w 4-MeO-PCP Online Tanio | Najwy\u017cszej jako\u015bci chemikalia badawcze do Twojej dyspozycji!<\/b> Dostarczamy 4-metoksyfencyklidyn\u0119 o wysokiej czysto\u015bci, najnowocze\u015bniejsz\u0105 substancj\u0119 chemiczn\u0105, kt\u00f3ra spe\u0142nia rygorystyczne wymagania bada\u0144 naukowych. W Chemsfine rozumiemy znaczenie niezawodnych, wysokiej jako\u015bci zwi\u0105zk\u00f3w dla dok\u0142adnych wynik\u00f3w eksperyment\u00f3w, zapewniaj\u0105c, \u017ce ka\u017cda partia 4-MeO-PCP zapewnia sta\u0142\u0105 jako\u015b\u0107 dla Twoich projekt\u00f3w.<\/p>\n<h2>Czym jest 4-MeO-PCP?<\/h2>\n<p>4-Methoxyphencyclidine, powszechnie znana jako 4-MeO-PCP, to syntetyczna substancja dysocjacyjna nale\u017c\u0105ca do klasy arylocykloheksyloamin. Jej struktura chemiczna zawiera grup\u0119 metoksylow\u0105 w pozycji 4 pier\u015bcienia fenylowego, co odr\u00f3\u017cnia j\u0105 od pokrewnych zwi\u0105zk\u00f3w. Dla badaczy wymagaj\u0105cych precyzyjnych jednostek chemicznych zrozumienie jej w\u0142a\u015bciwo\u015bci ma kluczowe znaczenie. Wz\u00f3r cz\u0105steczkowy 4-MeO-PCP to C\u2081\u2084H\u2082\u2081NO, a jego numer CAS to 2201-14-1. Zwi\u0105zek ten jest przede wszystkim wykorzystywany w badaniach naukowych w celu zbadania jego unikalnych interakcji w uk\u0142adach biologicznych, w szczeg\u00f3lno\u015bci w odniesieniu do antagonizmu receptora NMDA. Zapewniamy, \u017ce otrzymasz <b>najwy\u017cszej jako\u015bci 4-MeO-PCP<\/b>, Chemsfine, rygorystycznie testowany pod k\u0105tem czysto\u015bci i integralno\u015bci strukturalnej, dzi\u0119ki czemu idealnie nadaje si\u0119 do zaawansowanych zastosowa\u0144 badawczych.<\/p>\n<h2>Dlaczego warto kupi\u0107 4-MeO-PCP online w Chemsfine?<\/h2>\n<p>Po wybraniu opcji <b>kupi\u0107 4-MeO-PCP online<\/b>, zaufanie i jako\u015b\u0107 s\u0105 najwa\u017cniejsze. Chemsfine zobowi\u0105zuje si\u0119 do bycia niezawodnym partnerem, oferuj\u0105cym wy\u0142\u0105cznie <b>Najlepszy dost\u0119pny 4-MeO-PCP<\/b> na rynku. Szczycimy si\u0119 przejrzystymi praktykami, dostarczaj\u0105c szczeg\u00f3\u0142owe specyfikacje produkt\u00f3w i zapewniaj\u0105c bezpieczne transakcje. Nasze zaanga\u017cowanie w kontrol\u0119 jako\u015bci oznacza, \u017ce ka\u017cde zam\u00f3wienie z\u0142o\u017cone w Chemsfine dostarcza produkt zgodny z deklarowan\u0105 czysto\u015bci\u0105. Co wi\u0119cej, nasz usprawniony proces zamawiania i dyskretne opakowania zapewniaj\u0105, \u017ce najwy\u017cszej jako\u015bci chemikalia badawcze docieraj\u0105 bezpiecznie i sprawnie, pozwalaj\u0105c skupi\u0107 si\u0119 na badaniach bez zb\u0119dnych op\u00f3\u017anie\u0144. Poznaj r\u00f3\u017cnic\u0119 Chemsfine, gdzie jako\u015b\u0107 \u0142\u0105czy si\u0119 z wygod\u0105 dla wszystkich Twoich potrzeb laboratoryjnych.<\/p>\n<h2>Zastosowania 4-MeO-PCP w badaniach naukowych<\/h2>\n<p>Jako wa\u017cny zwi\u0105zek chemiczny, 4-MeO-PCP oferuje r\u00f3\u017cnorodne zastosowania w badaniach naukowych. Jego charakterystyczny profil farmakologiczny czyni go cennym narz\u0119dziem w r\u00f3\u017cnych warunkach laboratoryjnych. Naukowcy mog\u0105 wykorzysta\u0107 ten zwi\u0105zek do zag\u0142\u0119bienia si\u0119 w z\u0142o\u017cone mechanizmy biologiczne. Potencjalne zastosowania badawcze obejmuj\u0105:<\/p>\n<ul>\n<li>Badanie wp\u0142ywu zwi\u0105zk\u00f3w dysocjacyjnych na szlaki neuronalne.<\/li>\n<li>Badanie antagonizmu receptora NMDA i jego implikacji w neuronauce.<\/li>\n<li>Prowadzenie bada\u0144 in vitro i in vivo (etycznych i zatwierdzonych) dotycz\u0105cych farmakokinetyki i metabolizmu.<\/li>\n<li>Opracowanie metod analitycznych dla nowych substancji psychoaktywnych.<\/li>\n<li>Badanie zale\u017cno\u015bci struktura-aktywno\u015b\u0107 pochodnych arylocykloheksyloaminy.<\/li>\n<li>Analiza por\u00f3wnawcza z innymi pokrewnymi zwi\u0105zkami, takimi jak <a href=\"https:\/\/chemsfine.com\/pl\/produkt\/buy-sgt-78-online\/\">SGT-78<\/a>, aby zrozumie\u0107 subtelne r\u00f3\u017cnice farmakologiczne.<\/li>\n<li>Zastosowanie jako standard odniesienia w analizach kryminalistycznych i toksykologicznych.<\/li>\n<li>Badanie potencja\u0142u pokrewnych zwi\u0105zk\u00f3w, takich jak <a href=\"https:\/\/chemsfine.com\/pl\/produkt\/kupic-3-mmc-3-metylometkatynon\/\">Premium 3-MMC<\/a>, dla bada\u0144 por\u00f3wnawczych.<\/li>\n<\/ul>\n<p>Ten szeroki zakres zastosowa\u0144 podkre\u015bla jego znaczenie jako wysokiej jako\u015bci chemikali\u00f3w laboratoryjnych na sprzeda\u017c.<\/p>\n<h2>Bezpiecze\u0144stwo i zgodno\u015b\u0107 w obchodzeniu si\u0119 z 4-MeO-PCP<\/h2>\n<p>Obs\u0142uga 4-MeO-PCP, podobnie jak wszystkich chemikali\u00f3w badawczych, wymaga \u015bcis\u0142ego przestrzegania protoko\u0142\u00f3w bezpiecze\u0144stwa i wytycznych regulacyjnych. Niezb\u0119dne jest dzia\u0142anie w kontrolowanym \u015brodowisku laboratoryjnym, z wykorzystaniem odpowiedniego sprz\u0119tu ochrony osobistej (PPE), takiego jak r\u0119kawice, ochrona oczu i fartuchy laboratoryjne. Odpowiednia wentylacja ma kluczowe znaczenie dla zminimalizowania nara\u017cenia. Naukowcy powinni zapozna\u0107 si\u0119 z kart\u0105 charakterystyki substancji niebezpiecznej (SDS), aby uzyska\u0107 wyczerpuj\u0105ce informacje na temat post\u0119powania, przechowywania i procedur awaryjnych specyficznych dla 4-MeO-PCP. Chemsfine zapewnia dost\u0119p do certyfikat\u00f3w analizy (CoA) dla wszystkich swoich produkt\u00f3w, weryfikuj\u0105cych czysto\u015b\u0107 i sk\u0142ad, co ma kluczowe znaczenie dla zachowania zgodno\u015bci i zapewnienia bezpiecze\u0144stwa. Podkre\u015blamy, \u017ce 4-MeO-PCP jest przeznaczony wy\u0142\u0105cznie do legalnych cel\u00f3w badawczych, a nie do spo\u017cycia przez ludzi.<\/p>\n<h2>Kluczowe w\u0142a\u015bciwo\u015bci 4-MeO-PCP dla bada\u0144 naukowych<\/h2>\n<p>Dla naukowc\u00f3w dok\u0142adne dane dotycz\u0105ce w\u0142a\u015bciwo\u015bci chemicznych maj\u0105 fundamentalne znaczenie. Niniejsza tabela przedstawia podstawowe w\u0142a\u015bciwo\u015bci 4-MeO-PCP, potwierdzaj\u0105c jego przydatno\u015b\u0107 jako produktu o wysokiej czysto\u015bci do sprzeda\u017cy przez Chemsfine.<\/p>\n<table>\n<thead>\n<tr>\n<th>W\u0142asno\u015b\u0107<\/th>\n<th>Szczeg\u00f3\u0142y<\/th>\n<\/tr>\n<\/thead>\n<tbody>\n<tr>\n<td>Nazwa chemiczna<\/td>\n<td>4-metoksyfencyklidyna<\/td>\n<\/tr>\n<tr>\n<td>Wsp\u00f3lny skr\u00f3t<\/td>\n<td>4-MeO-PCP<\/td>\n<\/tr>\n<tr>\n<td>Numer CAS<\/td>\n<td>2201-14-1<\/td>\n<\/tr>\n<tr>\n<td>Wz\u00f3r cz\u0105steczkowy<\/td>\n<td>C\u2081\u2084H\u2082\u2081NO<\/td>\n<\/tr>\n<tr>\n<td>Czysto\u015b\u0107<\/td>\n<td>Typowo \u226598% (klasa laboratoryjna na sprzeda\u017c)<\/td>\n<\/tr>\n<tr>\n<td>Wygl\u0105d<\/td>\n<td>Bia\u0142y krystaliczny proszek<\/td>\n<\/tr>\n<tr>\n<td>Klasa badawcza<\/td>\n<td>Dysocjacyjna, arylocykloheksyloamina<\/td>\n<\/tr>\n<\/tbody>\n<\/table>\n<h2>Dlaczego warto wybra\u0107 Chemsfine?<\/h2>\n<p>Podczas poszukiwania <b>Zam\u00f3w 4-MeO-PCP online<\/b>, Wyb\u00f3r dostawcy, dla kt\u00f3rego priorytetem jest uczciwo\u015b\u0107 i zadowolenie klienta, ma kluczowe znaczenie. Chemsfine wyr\u00f3\u017cnia si\u0119 oferowaniem przejrzystych informacji na temat wszystkich naszych zwi\u0105zk\u00f3w badawczych. Zapewniamy zweryfikowane zapisy partii i certyfikaty analizy, gwarantuj\u0105c, \u017ce otrzymany produkt, w tym inne materia\u0142y badawcze dost\u0119pne na stronie <a href=\"https:\/\/chemsfine.com\/pl\/produkt\/buy-sgt-78-online\/\">Chemsfine<\/a>, spe\u0142nia najwy\u017csze standardy bran\u017cowe. Nasze konkurencyjne ceny w po\u0142\u0105czeniu z naszym zaanga\u017cowaniem w dyskretn\u0105 i niezawodn\u0105 wysy\u0142k\u0119 sprawiaj\u0105, \u017ce jeste\u015bmy preferowanym wyborem dla wymagaj\u0105cych badaczy. Oferujemy bezpieczne \u015brodowisko zakupowe, chroni\u0105ce Twoje informacje i zapewniaj\u0105ce p\u0142ynn\u0105 transakcj\u0119 od pocz\u0105tku do ko\u0144ca. Nasz zesp\u00f3\u0142 obs\u0142ugi klienta jest zawsze gotowy do pomocy w przypadku jakichkolwiek pyta\u0144, dzi\u0119ki czemu do\u015bwiadczenie z Chemsfine jest wyj\u0105tkowe.<\/p>\n<h2>Wnioski: Zabezpiecz sw\u00f3j 4-MeO-PCP ju\u017c dzi\u015b<\/h2>\n<p>Podsumowuj\u0105c, dla badaczy wymagaj\u0105cych doskona\u0142o\u015bci i niezawodno\u015bci, Chemsfine jest zaufanym \u017ar\u00f3d\u0142em do <b>kupi\u0107 4-MeO-PCP na sprzeda\u017c<\/b>. Gwarantujemy wysok\u0105 czysto\u015b\u0107, laboratoryjn\u0105 jako\u015b\u0107 chemikali\u00f3w badawczych dostarczanych z profesjonalizmem i dyskrecj\u0105. Niezale\u017cnie od tego, czy badasz \u015bcie\u017cki neuronalne, czy opracowujesz nowe metody analityczne, nasz wysokiej jako\u015bci 4-MeO-PCP jest skrupulatnie przygotowany do wspierania twoich naukowych przedsi\u0119wzi\u0119\u0107. Wybierz Chemsfine, aby cieszy\u0107 si\u0119 bezpiecznym zakupem i bezproblemowym procesem zamawiania. <b>Kup teraz online<\/b> i podnie\u015b poziom swoich bada\u0144, wiedz\u0105c, \u017ce masz do dyspozycji najlepsze zwi\u0105zki. Ju\u017c dzi\u015b zapoznaj si\u0119 z nasz\u0105 ofert\u0105 autentycznych chemikali\u00f3w badawczych i zapewnij swoim projektom prze\u0142omowe wyniki.<\/p>","protected":false},"excerpt":{"rendered":"<p>Odkryj <b>4-MeO-PCP<\/b>, to najwy\u017cszej jako\u015bci arylocykloheksyloamina, dost\u0119pna do bada\u0144 naukowych. Ten zwi\u0105zek o wysokiej czysto\u015bci jest skrupulatnie przygotowywany do zaawansowanych bada\u0144 laboratoryjnych nad mechanizmami dysocjacji. Gdy potrzebujesz <b>kupi\u0107 4-MeO-PCP<\/b> dla swoich bada\u0144 wybierz jako\u015b\u0107 i niezawodno\u015b\u0107. Zabezpiecz swoj\u0105 autentyczn\u0105 dostaw\u0119 ju\u017c dzi\u015b; <b>kup w Chemsfine<\/b> dla najwy\u017cszej jako\u015bci chemikali\u00f3w badawczych.<\/p>","protected":false},"featured_media":6506,"comment_status":"open","ping_status":"closed","template":"","meta":{"_joinchat":[]},"product_brand":[],"product_cat":[936],"product_tag":[],"class_list":{"0":"post-6452","1":"product","2":"type-product","3":"status-publish","4":"has-post-thumbnail","6":"product_cat-research-chemicals","8":"first","9":"instock","10":"shipping-taxable","11":"purchasable","12":"product-type-variable"},"yoast_head":"<!-- This site is optimized with the Yoast SEO plugin v27.2 - https:\/\/yoast.com\/product\/yoast-seo-wordpress\/ -->\n<title>Buy 4-MeO-PCP Online: Premium Research Chemicals Available<\/title>\n<meta name=\"description\" content=\"Explore high-purity 4-MeO-PCP for sale at Chemsfine. Order online premium research chemicals for your laboratory. Secure purchase and best prices available.\" \/>\n<meta name=\"robots\" content=\"index, follow, max-snippet:-1, max-image-preview:large, max-video-preview:-1\" \/>\n<link rel=\"canonical\" href=\"https:\/\/chemsfine.com\/pl\/produkt\/buy-meo-pcp-online\/\" \/>\n<meta property=\"og:locale\" content=\"pl_PL\" \/>\n<meta property=\"og:type\" content=\"article\" \/>\n<meta property=\"og:title\" content=\"Buy 4-MeO-PCP Online: Premium Research Chemicals Available\" \/>\n<meta property=\"og:description\" content=\"Explore high-purity 4-MeO-PCP for sale at Chemsfine. Order online premium research chemicals for your laboratory. Secure purchase and best prices available.\" \/>\n<meta property=\"og:url\" content=\"https:\/\/chemsfine.com\/pl\/produkt\/buy-meo-pcp-online\/\" \/>\n<meta property=\"og:site_name\" content=\"Chemsfine\" \/>\n<meta property=\"article:modified_time\" content=\"2026-03-25T12:57:53+00:00\" \/>\n<meta property=\"og:image\" content=\"https:\/\/chemsfine.com\/wp-content\/uploads\/2026\/02\/4-meo-pcp-3.jpg\" \/>\n\t<meta property=\"og:image:width\" content=\"1280\" \/>\n\t<meta property=\"og:image:height\" content=\"927\" \/>\n\t<meta property=\"og:image:type\" content=\"image\/jpeg\" \/>\n<meta name=\"twitter:card\" content=\"summary_large_image\" \/>\n<meta name=\"twitter:label1\" content=\"Szacowany czas czytania\" \/>\n\t<meta name=\"twitter:data1\" content=\"4 minuty\" \/>\n<script type=\"application\/ld+json\" class=\"yoast-schema-graph\">{\"@context\":\"https:\/\/schema.org\",\"@graph\":[{\"@type\":\"WebPage\",\"@id\":\"https:\/\/chemsfine.com\/product\/buy-meo-pcp-online\/\",\"url\":\"https:\/\/chemsfine.com\/product\/buy-meo-pcp-online\/\",\"name\":\"Buy 4-MeO-PCP Online: Premium Research Chemicals Available\",\"isPartOf\":{\"@id\":\"https:\/\/chemsfine.com\/#website\"},\"primaryImageOfPage\":{\"@id\":\"https:\/\/chemsfine.com\/product\/buy-meo-pcp-online\/#primaryimage\"},\"image\":{\"@id\":\"https:\/\/chemsfine.com\/product\/buy-meo-pcp-online\/#primaryimage\"},\"thumbnailUrl\":\"https:\/\/chemsfine.com\/wp-content\/uploads\/2026\/02\/4-meo-pcp-3.jpg\",\"datePublished\":\"2026-02-12T10:05:09+00:00\",\"dateModified\":\"2026-03-25T12:57:53+00:00\",\"description\":\"Explore high-purity 4-MeO-PCP for sale at Chemsfine. Order online premium research chemicals for your laboratory. Secure purchase and best prices available.\",\"breadcrumb\":{\"@id\":\"https:\/\/chemsfine.com\/product\/buy-meo-pcp-online\/#breadcrumb\"},\"inLanguage\":\"pl-PL\",\"potentialAction\":[{\"@type\":\"ReadAction\",\"target\":[\"https:\/\/chemsfine.com\/product\/buy-meo-pcp-online\/\"]}]},{\"@type\":\"ImageObject\",\"inLanguage\":\"pl-PL\",\"@id\":\"https:\/\/chemsfine.com\/product\/buy-meo-pcp-online\/#primaryimage\",\"url\":\"https:\/\/chemsfine.com\/wp-content\/uploads\/2026\/02\/4-meo-pcp-3.jpg\",\"contentUrl\":\"https:\/\/chemsfine.com\/wp-content\/uploads\/2026\/02\/4-meo-pcp-3.jpg\",\"width\":1280,\"height\":927},{\"@type\":\"BreadcrumbList\",\"@id\":\"https:\/\/chemsfine.com\/product\/buy-meo-pcp-online\/#breadcrumb\",\"itemListElement\":[{\"@type\":\"ListItem\",\"position\":1,\"name\":\"Home\",\"item\":\"https:\/\/chemsfine.com\/\"},{\"@type\":\"ListItem\",\"position\":2,\"name\":\"Shop\",\"item\":\"https:\/\/chemsfine.com\/shop\/\"},{\"@type\":\"ListItem\",\"position\":3,\"name\":\"Buy 4-MeO-PCP Online | Premium Research Chemicals at Chemsfine\"}]},{\"@type\":\"WebSite\",\"@id\":\"https:\/\/chemsfine.com\/#website\",\"url\":\"https:\/\/chemsfine.com\/\",\"name\":\"Chemsfine\",\"description\":\"My WordPress Blog\",\"publisher\":{\"@id\":\"https:\/\/chemsfine.com\/#organization\"},\"potentialAction\":[{\"@type\":\"SearchAction\",\"target\":{\"@type\":\"EntryPoint\",\"urlTemplate\":\"https:\/\/chemsfine.com\/?s={search_term_string}\"},\"query-input\":{\"@type\":\"PropertyValueSpecification\",\"valueRequired\":true,\"valueName\":\"search_term_string\"}}],\"inLanguage\":\"pl-PL\"},{\"@type\":\"Organization\",\"@id\":\"https:\/\/chemsfine.com\/#organization\",\"name\":\"Chemsfine\",\"url\":\"https:\/\/chemsfine.com\/\",\"logo\":{\"@type\":\"ImageObject\",\"inLanguage\":\"pl-PL\",\"@id\":\"https:\/\/chemsfine.com\/#\/schema\/logo\/image\/\",\"url\":\"https:\/\/chemsfine.com\/wp-content\/uploads\/2024\/09\/final-logo.png\",\"contentUrl\":\"https:\/\/chemsfine.com\/wp-content\/uploads\/2024\/09\/final-logo.png\",\"width\":340,\"height\":72,\"caption\":\"Chemsfine\"},\"image\":{\"@id\":\"https:\/\/chemsfine.com\/#\/schema\/logo\/image\/\"}}]}<\/script>\n<!-- \/ Yoast SEO plugin. -->","yoast_head_json":{"title":"Kup 4-MeO-PCP online: Dost\u0119pne najwy\u017cszej jako\u015bci chemikalia badawcze","description":"Odkryj 4-MeO-PCP o wysokiej czysto\u015bci na sprzeda\u017c w Chemsfine. Zam\u00f3w online najwy\u017cszej jako\u015bci chemikalia badawcze do swojego laboratorium. Bezpieczny zakup i najlepsze dost\u0119pne ceny.","robots":{"index":"index","follow":"follow","max-snippet":"max-snippet:-1","max-image-preview":"max-image-preview:large","max-video-preview":"max-video-preview:-1"},"canonical":"https:\/\/chemsfine.com\/pl\/produkt\/buy-meo-pcp-online\/","og_locale":"pl_PL","og_type":"article","og_title":"Buy 4-MeO-PCP Online: Premium Research Chemicals Available","og_description":"Explore high-purity 4-MeO-PCP for sale at Chemsfine. Order online premium research chemicals for your laboratory. Secure purchase and best prices available.","og_url":"https:\/\/chemsfine.com\/pl\/produkt\/buy-meo-pcp-online\/","og_site_name":"Chemsfine","article_modified_time":"2026-03-25T12:57:53+00:00","og_image":[{"width":1280,"height":927,"url":"https:\/\/chemsfine.com\/wp-content\/uploads\/2026\/02\/4-meo-pcp-3.jpg","type":"image\/jpeg"}],"twitter_card":"summary_large_image","twitter_misc":{"Szacowany czas czytania":"4 minuty"},"schema":{"@context":"https:\/\/schema.org","@graph":[{"@type":"WebPage","@id":"https:\/\/chemsfine.com\/product\/buy-meo-pcp-online\/","url":"https:\/\/chemsfine.com\/product\/buy-meo-pcp-online\/","name":"Kup 4-MeO-PCP online: Dost\u0119pne najwy\u017cszej jako\u015bci chemikalia badawcze","isPartOf":{"@id":"https:\/\/chemsfine.com\/#website"},"primaryImageOfPage":{"@id":"https:\/\/chemsfine.com\/product\/buy-meo-pcp-online\/#primaryimage"},"image":{"@id":"https:\/\/chemsfine.com\/product\/buy-meo-pcp-online\/#primaryimage"},"thumbnailUrl":"https:\/\/chemsfine.com\/wp-content\/uploads\/2026\/02\/4-meo-pcp-3.jpg","datePublished":"2026-02-12T10:05:09+00:00","dateModified":"2026-03-25T12:57:53+00:00","description":"Odkryj 4-MeO-PCP o wysokiej czysto\u015bci na sprzeda\u017c w Chemsfine. Zam\u00f3w online najwy\u017cszej jako\u015bci chemikalia badawcze do swojego laboratorium. Bezpieczny zakup i najlepsze dost\u0119pne ceny.","breadcrumb":{"@id":"https:\/\/chemsfine.com\/product\/buy-meo-pcp-online\/#breadcrumb"},"inLanguage":"pl-PL","potentialAction":[{"@type":"ReadAction","target":["https:\/\/chemsfine.com\/product\/buy-meo-pcp-online\/"]}]},{"@type":"ImageObject","inLanguage":"pl-PL","@id":"https:\/\/chemsfine.com\/product\/buy-meo-pcp-online\/#primaryimage","url":"https:\/\/chemsfine.com\/wp-content\/uploads\/2026\/02\/4-meo-pcp-3.jpg","contentUrl":"https:\/\/chemsfine.com\/wp-content\/uploads\/2026\/02\/4-meo-pcp-3.jpg","width":1280,"height":927},{"@type":"BreadcrumbList","@id":"https:\/\/chemsfine.com\/product\/buy-meo-pcp-online\/#breadcrumb","itemListElement":[{"@type":"ListItem","position":1,"name":"Home","item":"https:\/\/chemsfine.com\/"},{"@type":"ListItem","position":2,"name":"Shop","item":"https:\/\/chemsfine.com\/shop\/"},{"@type":"ListItem","position":3,"name":"Buy 4-MeO-PCP Online | Premium Research Chemicals at Chemsfine"}]},{"@type":"WebSite","@id":"https:\/\/chemsfine.com\/#website","url":"https:\/\/chemsfine.com\/","name":"Chemsfine","description":"M\u00f3j blog WordPress","publisher":{"@id":"https:\/\/chemsfine.com\/#organization"},"potentialAction":[{"@type":"SearchAction","target":{"@type":"EntryPoint","urlTemplate":"https:\/\/chemsfine.com\/?s={search_term_string}"},"query-input":{"@type":"PropertyValueSpecification","valueRequired":true,"valueName":"search_term_string"}}],"inLanguage":"pl-PL"},{"@type":"Organization","@id":"https:\/\/chemsfine.com\/#organization","name":"Chemsfine","url":"https:\/\/chemsfine.com\/","logo":{"@type":"ImageObject","inLanguage":"pl-PL","@id":"https:\/\/chemsfine.com\/#\/schema\/logo\/image\/","url":"https:\/\/chemsfine.com\/wp-content\/uploads\/2024\/09\/final-logo.png","contentUrl":"https:\/\/chemsfine.com\/wp-content\/uploads\/2024\/09\/final-logo.png","width":340,"height":72,"caption":"Chemsfine"},"image":{"@id":"https:\/\/chemsfine.com\/#\/schema\/logo\/image\/"}}]}},"_links":{"self":[{"href":"https:\/\/chemsfine.com\/pl\/wp-json\/wp\/v2\/product\/6452","targetHints":{"allow":["GET"]}}],"collection":[{"href":"https:\/\/chemsfine.com\/pl\/wp-json\/wp\/v2\/product"}],"about":[{"href":"https:\/\/chemsfine.com\/pl\/wp-json\/wp\/v2\/types\/product"}],"replies":[{"embeddable":true,"href":"https:\/\/chemsfine.com\/pl\/wp-json\/wp\/v2\/comments?post=6452"}],"wp:featuredmedia":[{"embeddable":true,"href":"https:\/\/chemsfine.com\/pl\/wp-json\/wp\/v2\/media\/6506"}],"wp:attachment":[{"href":"https:\/\/chemsfine.com\/pl\/wp-json\/wp\/v2\/media?parent=6452"}],"wp:term":[{"taxonomy":"product_brand","embeddable":true,"href":"https:\/\/chemsfine.com\/pl\/wp-json\/wp\/v2\/product_brand?post=6452"},{"taxonomy":"product_cat","embeddable":true,"href":"https:\/\/chemsfine.com\/pl\/wp-json\/wp\/v2\/product_cat?post=6452"},{"taxonomy":"product_tag","embeddable":true,"href":"https:\/\/chemsfine.com\/pl\/wp-json\/wp\/v2\/product_tag?post=6452"}],"curies":[{"name":"wp","href":"https:\/\/api.w.org\/{rel}","templated":true}]}}