{"id":6553,"date":"2026-02-12T10:08:07","date_gmt":"2026-02-12T10:08:07","guid":{"rendered":"https:\/\/chemsfine.com\/?post_type=product&#038;p=6553"},"modified":"2026-03-25T12:44:05","modified_gmt":"2026-03-25T12:44:05","slug":"codeine-linctus-cough-syrup","status":"publish","type":"product","link":"https:\/\/chemsfine.com\/pl\/product\/codeine-linctus-cough-syrup\/","title":{"rendered":"Codeine Linctus | Skuteczny syrop na suchy kaszel"},"content":{"rendered":"<p>Witamy w <b>chemsfine<\/b>, zaufane \u017ar\u00f3d\u0142o wysokiej jako\u015bci rozwi\u0105za\u0144 farmaceutycznych. Tutaj mo\u017cesz <b>Kup Codeine Linctus na sprzeda\u017c<\/b>, to wyj\u0105tkowo skuteczny syrop na kaszel opracowany specjalnie w celu \u0142agodzenia suchego, uporczywego i \u0142askocz\u0105cego kaszlu. Ten wysokiej jako\u015bci syrop z kodein\u0105 Linctus zosta\u0142 opracowany w celu zapewnienia szybkiej ulgi, dzi\u0119ki czemu mo\u017cna bez obaw radzi\u0107 sobie z irytuj\u0105cymi objawami kaszlu. Je\u015bli chcesz kupi\u0107 syrop linctus codeine, nasza platforma oferuje niezawodne i dyskretne do\u015bwiadczenie zakupowe dla tego dobrze ocenianego leku. Zapoznaj si\u0119 z nasz\u0105 szerok\u0105 gam\u0105 wysokiej jako\u015bci rozwi\u0105za\u0144, w tym opcji takich jak <a href=\"https:\/\/chemsfine.com\/pl\/produkt\/kings-queens-znacks-strain-buy-online\/\">inne produkty premium<\/a>, aby zaspokoi\u0107 r\u00f3\u017cne potrzeby zwi\u0105zane ze zdrowiem i dobrym samopoczuciem. Naszym celem jest oferowanie najwy\u017cszej jako\u015bci produkt\u00f3w, kt\u00f3re zapewniaj\u0105 wymierne korzy\u015bci naszym cenionym klientom.<\/p>\n<h2>Co to jest Codeine Linctus?<\/h2>\n<p><b>Codeine Linctus<\/b> jest wyspecjalizowanym <b>syrop na kaszel<\/b> Znany ze swojej zdolno\u015bci do skutecznego zwalczania i \u0142agodzenia suchego, \u0142askocz\u0105cego kaszlu. Ta zaufana formu\u0142a dzia\u0142a poprzez zmniejszenie ch\u0119ci kaszlu, pozostawiaj\u0105c uczucie znacznego uwolnienia od uporczywego podra\u017cnienia spowodowanego uporczywym kaszlem. Jest to idealne rozwi\u0105zanie dla os\u00f3b cierpi\u0105cych na suchy kaszel, kt\u00f3re aktywnie poszukuj\u0105 skutecznego i sprawdzonego \u015brodka. Ponadto, aby zaspokoi\u0107 r\u00f3\u017cnorodne preferencje i potrzeby \u017cywieniowe, <b>Codeine Linctus<\/b> jest r\u00f3wnie\u017c dost\u0119pny jako <b>syrop bez cukru<\/b> zapewniaj\u0105c szersz\u0105 dost\u0119pno\u015b\u0107. Zastanawiaj\u0105c si\u0119, gdzie kupi\u0107 codeine linctus, wa\u017cne jest, aby zrozumie\u0107 jego kluczowe sk\u0142adniki i spos\u00f3b ich dzia\u0142ania.<\/p>\n<p>Ten silny syrop zawiera <b>15 mg aktywnego sk\u0142adnika - fosforanu kodeiny<\/b> w ka\u017cdej precyzyjnie odmierzonej dawce. Kodeina, dobrze znana jako silny \u015brodek przeciwb\u00f3lowy, s\u0142u\u017cy r\u00f3wnie\u017c kluczowemu drugorz\u0119dnemu celowi: mo\u017ce by\u0107 stosowana do skutecznego \u0142agodzenia suchego, \u0142askocz\u0105cego kaszlu poprzez \u0142agodzenie podra\u017cnionego gard\u0142a. Mechanizm, za pomoc\u0105 kt\u00f3rego <b>Najwy\u017cszej jako\u015bci Codeine Linctus<\/b> dzia\u0142a poprzez zmian\u0119 sposobu, w jaki organizm reaguje na podra\u017cnienie lub sw\u0119dzenie. Dzia\u0142anie to bezpo\u015brednio prowadzi do znacznego zmniejszenia ch\u0119ci kaszlu, skutecznie zatrzymuj\u0105c kaszel u jego \u017ar\u00f3d\u0142a. Zatrzymuj\u0105c ci\u0105g\u0142y cykl kaszlu, syrop daje gard\u0142u bardzo potrzebny czas na napraw\u0119, pomagaj\u0105c w ten spos\u00f3b szybciej i skuteczniej przezwyci\u0119\u017cy\u0107 uci\u0105\u017cliwy kaszel. Zapewniamy, \u017ce ka\u017cda partia tego wysokiej jako\u015bci produktu jest rygorystycznie testowana w celu spe\u0142nienia rygorystycznych standard\u00f3w.<\/p>\n<h2>Korzy\u015bci i zalecane zastosowania<\/h2>\n<p>Podstawow\u0105 korzy\u015bci\u0105 <b>Codeine Linctus<\/b> polega na jego podw\u00f3jnym podej\u015bciu do \u0142agodzenia kaszlu. Nie tylko t\u0142umi odruch kaszlu, ale tak\u017ce zapewnia koj\u0105ce uczucie w gardle. Sprawia to, \u017ce jest to nieoceniona opcja na nocny kaszel, pozwalaj\u0105ca na spokojniejszy sen. Dodatkowo, dost\u0119pno\u015b\u0107 opcji bez cukru zapewnia, \u017ce osoby o okre\u015blonych wymaganiach dietetycznych lub problemach zdrowotnych, takich jak cukrzyca, mog\u0105 nadal korzysta\u0107 z jego efekt\u00f3w terapeutycznych. Oto kilka kluczowych korzy\u015bci i zastosowa\u0144:<\/p>\n<ul>\n<li><b>Skuteczne \u0142agodzenie suchego kaszlu:<\/b> Specjalnie opracowany, aby zwalcza\u0107 suchy, dra\u017cni\u0105cy i \u0142askocz\u0105cy kaszel.<\/li>\n<li><b>Zmniejsza kaszel:<\/b> Dzia\u0142a centralnie, aby zmniejszy\u0107 impuls do kaszlu, zapewniaj\u0105c trwa\u0142y komfort.<\/li>\n<li><b>Dzia\u0142anie \u0142agodz\u0105ce na gard\u0142o:<\/b> Dzia\u0142a uspokajaj\u0105co na podra\u017cnione gard\u0142o, pomagaj\u0105c zmniejszy\u0107 dyskomfort.<\/li>\n<li><b>Wspomaga naturalne leczenie:<\/b> Zatrzymanie cyklu kaszlu pozwala na szybsz\u0105 regeneracj\u0119 i gojenie si\u0119 gard\u0142a.<\/li>\n<li><b>Wariant bez cukru:<\/b> Dost\u0119pne dla tych, kt\u00f3rzy preferuj\u0105 lub wymagaj\u0105 opcji bezcukrowej.<\/li>\n<li><b>W\u0142a\u015bciwo\u015bci przeciwb\u00f3lowe:<\/b> Fosforan kodeiny dzia\u0142a r\u00f3wnie\u017c jako \u015brodek przeciwb\u00f3lowy, przyczyniaj\u0105c si\u0119 do og\u00f3lnego komfortu podczas choroby.<\/li>\n<li><b>Szybkie dzia\u0142anie:<\/b> Zaprojektowany, aby zapewni\u0107 ulg\u0119 natychmiast po podaniu.<\/li>\n<\/ul>\n<h3>Zrozumienie specyfikacji produktu<\/h3>\n<p>Aby zapewni\u0107 jasny przegl\u0105d <b>Codeine Linctus<\/b>, Poni\u017cej znajduje si\u0119 szczeg\u00f3\u0142owa tabela podsumowuj\u0105ca jego kluczowe funkcje:<\/p>\n<table border=\"1\">\n<thead>\n<tr>\n<th>Cecha<\/th>\n<th>Opis<\/th>\n<\/tr>\n<\/thead>\n<tbody>\n<tr>\n<td><b>Nazwa produktu<\/b><\/td>\n<td>Codeine Linctus<\/td>\n<\/tr>\n<tr>\n<td><b>U\u017cycie podstawowe<\/b><\/td>\n<td>Ulga w przypadku suchego, \u0142askocz\u0105cego kaszlu<\/td>\n<\/tr>\n<tr>\n<td><b>Sk\u0142adnik aktywny<\/b><\/td>\n<td>Fosforan kodeiny (15 mg na dawk\u0119)<\/td>\n<\/tr>\n<tr>\n<td><b>Forma produktu<\/b><\/td>\n<td>Linctus (syrop)<\/td>\n<\/tr>\n<tr>\n<td><b>Dost\u0119pne opcje<\/b><\/td>\n<td>Standardowe i bez cukru<\/td>\n<\/tr>\n<tr>\n<td><b>Dzia\u0142anie<\/b><\/td>\n<td>\u015arodek przeciwkaszlowy i \u0142agodz\u0105cy b\u00f3l gard\u0142a<\/td>\n<\/tr>\n<\/tbody>\n<\/table>\n<h2>Wa\u017cne informacje dotycz\u0105ce bezpiecze\u0144stwa i zgodno\u015bci<\/h2>\n<p>Przed podj\u0119ciem <b>Codeine Linctus<\/b>, Wa\u017cne jest, aby pami\u0119ta\u0107 o wa\u017cnych wytycznych dotycz\u0105cych bezpiecze\u0144stwa. Nie nale\u017cy przyjmowa\u0107 tego produktu podczas karmienia piersi\u0105, poniewa\u017c zawarta w nim kodeina mo\u017ce przenika\u0107 do mleka matki. Stanowi to potencjalne zagro\u017cenie dla niemowl\u0119cia. Zawsze nale\u017cy skonsultowa\u0107 si\u0119 z lekarzem lub farmaceut\u0105 przed za\u017cyciem codeine linctus lub jakiegokolwiek innego leku w czasie ci\u0105\u017cy lub karmienia piersi\u0105. Ta niezb\u0119dna konsultacja pomo\u017ce Ci mie\u0107 absolutn\u0105 pewno\u015b\u0107, \u017ce lek jest bezpieczny zar\u00f3wno dla Ciebie, jak i Twojego dziecka. Lekarz mo\u017ce udzieli\u0107 spersonalizowanej porady w oparciu o indywidualne okoliczno\u015bci.<\/p>\n<p>Wa\u017cne jest r\u00f3wnie\u017c, aby zrozumie\u0107, \u017ce <b>Codeine Linctus<\/b> mo\u017ce powodowa\u0107 senno\u015b\u0107 lub uczucie senno\u015bci. Ze wzgl\u0119du na ten potencjalny efekt uboczny zdecydowanie odradza si\u0119 prowadzenie pojazd\u00f3w lub obs\u0142ugiwanie ci\u0119\u017ckich maszyn lub narz\u0119dzi, dop\u00f3ki nie b\u0119dziesz ca\u0142kowicie pewien, \u017ce nie ma to na ciebie wp\u0142ywu. Bezpiecze\u0144stwo u\u017cytkownika i innych os\u00f3b na drodze lub w miejscu pracy jest najwa\u017cniejsze. Ponadto nie nale\u017cy spo\u017cywa\u0107 alkoholu podczas przyjmowania tego syropu, poniewa\u017c mo\u017ce on znacznie nasili\u0107 senno\u015b\u0107 lub senno\u015b\u0107, czyni\u0105c je bardziej wyra\u017anymi ni\u017c w innym przypadku. Aby uzyska\u0107 wi\u0119cej informacji na temat bezpiecznego stosowania lek\u00f3w, zapoznaj si\u0119 z takimi zasobami, jak <a href=\"https:\/\/chemsfine.com\/pl\/produkt\/kup-mdphp-freebase-online-2\/\">Nasze wytyczne dotycz\u0105ce bezpiecze\u0144stwa dla r\u00f3\u017cnych produkt\u00f3w<\/a>. Takie kompleksowe podej\u015bcie do bezpiecze\u0144stwa zapewnia odpowiedzialne korzystanie z naszych produkt\u00f3w.<\/p>\n<h3>Zakupy i zgodno\u015b\u0107 z przepisami<\/h3>\n<p>Dla Twojej wygody ten produkt nie wymaga recepty. Jednak\u017ce, dla Twojego bezpiecze\u0144stwa i zgodno\u015bci z wymogami prawnymi, zostaniesz poproszony o wype\u0142nienie kr\u00f3tkiego kwestionariusza medycznego przez farmaceut\u0119, zanim b\u0119dziemy mogli sfinalizowa\u0107 Twoje zam\u00f3wienie. Proces ten obejmuje kilka prostych, ale kluczowych pyta\u0144, kt\u00f3re wszystkie apteki s\u0105 prawnie zobowi\u0105zane zada\u0107 przed dostarczeniem tego rodzaju produktu. Ta rygorystyczna kontrola pomaga naszemu dedykowanemu zespo\u0142owi farmaceutycznemu mie\u0107 absolutn\u0105 pewno\u015b\u0107, \u017ce ten konkretny produkt jest najlepszym i najbezpieczniejszym wyborem dla Ciebie. Naszym celem jest zapewnienie odpowiedzialnego wydawania i stosowania wszystkich produkt\u00f3w zakupionych od <b>chemsfine<\/b>, w tym ten skuteczny codeine linctus na sprzeda\u017c.<\/p>\n<h2>Dlaczego warto wybra\u0107 chemsfine do zakupu Codeine Linctus?<\/h2>\n<p>Kiedy zdecydujesz si\u0119 <b>Zam\u00f3w Codeine Linctus online<\/b>, wybieraj\u0105c <b>chemsfine<\/b> oferuje niezr\u00f3wnane korzy\u015bci. Jeste\u015bmy dumni z dostarczania wy\u0142\u0105cznie <b>Najlepszy dost\u0119pny Codeine Linctus<\/b>, Zapewniamy, \u017ce ka\u017cdy klient otrzymuje produkt o wyj\u0105tkowej jako\u015bci i skuteczno\u015bci. Nasze zaanga\u017cowanie wykracza poza samo oferowanie produkt\u00f3w; priorytetowo traktujemy bezpiecze\u0144stwo i zadowolenie klient\u00f3w poprzez przejrzyste praktyki i solidne wsparcie. Nasz usprawniony proces zamawiania, w po\u0142\u0105czeniu z obowi\u0105zkowym kwestionariuszem medycznym weryfikowanym przez wykwalifikowanych farmaceut\u00f3w, gwarantuje, \u017ce zakup jest nie tylko wygodny, ale tak\u017ce odpowiedni z medycznego punktu widzenia. Naszym celem jest zapewnienie bezproblemowego do\u015bwiadczenia od przegl\u0105dania do dostawy.<\/p>\n<p>Nasza reputacja doskona\u0142o\u015bci opiera si\u0119 na kilku kluczowych filarach: oferowaniu produkt\u00f3w o wysokiej czysto\u015bci, utrzymywaniu rygorystycznej kontroli jako\u015bci i zapewnianiu kompleksowej obs\u0142ugi klienta. Rozumiemy, jak wa\u017cna jest niezawodna ulga w kaszlu, a nasze <b>Codeine Linctus<\/b> s\u0105 pozyskiwane i przetwarzane z najwy\u017csz\u0105 staranno\u015bci\u0105, aby zachowa\u0107 ich integralno\u015b\u0107 terapeutyczn\u0105. Ponadto konsekwentnie oferujemy konkurencyjne ceny, dzi\u0119ki czemu wysokiej jako\u015bci rozwi\u0105zania zdrowotne s\u0105 dost\u0119pne bez uszczerbku dla standard\u00f3w. Decyduj\u0105c si\u0119 na zakup syropu linctus codeine od nas, wybierasz partnera zaanga\u017cowanego w Twoje dobre samopoczucie. Zapoznaj si\u0119 z naszymi kategoriami produkt\u00f3w, aby znale\u017a\u0107 inne rozwi\u0105zania, takie jak <a href=\"https:\/\/chemsfine.com\/pl\/produkt\/kings-queens-znacks-strain-buy-online\/\">bardziej wyspecjalizowane elementy dla potrzeb badawczych<\/a>, A wszystko to poparte nasz\u0105 gwarancj\u0105 jako\u015bci.<\/p>\n<h2>Wnioski<\/h2>\n<p>Podsumowuj\u0105c, <b>Codeine Linctus<\/b> oferuje niezawodne i skuteczne rozwi\u0105zanie w \u0142agodzeniu suchego, \u0142askotliwego kaszlu, zapewniaj\u0105c bardzo potrzebn\u0105 ulg\u0119 i wspomagaj\u0105c regeneracj\u0119 gard\u0142a. Jego sprawdzony sk\u0142adnik aktywny, w po\u0142\u0105czeniu z opcj\u0105 wariantu bez cukru, sprawia, \u017ce jest to wszechstronny wyb\u00f3r dla wielu os\u00f3b. Zapraszamy do zapoznania si\u0119 z jako\u015bci\u0105 i staranno\u015bci\u0105, kt\u00f3re definiuj\u0105 <b>chemsfine<\/b>. Kiedy jeste\u015b gotowy na skuteczn\u0105 ulg\u0119 w kaszlu, mo\u017cesz \u015bmia\u0142o <b>Kup Codeine Linctus na sprzeda\u017c<\/b> bezpo\u015brednio z naszej bezpiecznej platformy online. Zaufanie <b>chemsfine<\/b> aby zaspokoi\u0107 swoje potrzeby zwi\u0105zane ze zdrowiem i dobrym samopoczuciem, wiedz\u0105c, \u017ce otrzymujesz produkt najwy\u017cszej jako\u015bci poparty profesjonalnymi wskaz\u00f3wkami i bezproblemow\u0105 obs\u0142ug\u0105. Tw\u00f3j komfort i zdrowie s\u0105 naszym najwy\u017cszym priorytetem, dzi\u0119ki czemu otrzymujesz najlepszy syrop codeine linctus dost\u0119pny na rynku.<\/p>","protected":false},"excerpt":{"rendered":"<p><b>Codeine Linctus<\/b>, dost\u0119pne dla <b>kup w chemsfine<\/b>, jest skuteczny <b>syrop na kaszel<\/b> przeznaczony do \u0142agodzenia suchego, \u0142askocz\u0105cego kaszlu. Roztw\u00f3r ten pomaga zmniejszy\u0107 potrzeb\u0119 kaszlu, zapewniaj\u0105c szybk\u0105 ulg\u0119 i wspomagaj\u0105c regeneracj\u0119 gard\u0142a. Oferowany r\u00f3wnie\u017c w wersji bez cukru, jest idealny dla os\u00f3b poszukuj\u0105cych skutecznego \u015brodka na uporczywe podra\u017cnienia.<\/p>","protected":false},"featured_media":6597,"comment_status":"open","ping_status":"closed","template":"","meta":{"_joinchat":[]},"product_brand":[],"product_cat":[940],"product_tag":[],"class_list":{"0":"post-6553","1":"product","2":"type-product","3":"status-publish","4":"has-post-thumbnail","6":"product_cat-cough-syrup","8":"first","9":"instock","10":"shipping-taxable","11":"purchasable","12":"product-type-variable"},"yoast_head":"<!-- This site is optimized with the Yoast SEO plugin v27.2 - https:\/\/yoast.com\/product\/yoast-seo-wordpress\/ -->\n<title>Buy Codeine Linctus Online | Best Cough Syrup Available<\/title>\n<meta name=\"description\" content=\"Discover Codeine Linctus for sale at chemsfine. An effective cough syrup, available to buy online, it soothes dry, tickly coughs &amp; offers relief. Order yours today!\" \/>\n<meta name=\"robots\" content=\"index, follow, max-snippet:-1, max-image-preview:large, max-video-preview:-1\" \/>\n<link rel=\"canonical\" href=\"https:\/\/chemsfine.com\/pl\/produkt\/codeine-linctus-cough-syrup\/\" \/>\n<meta property=\"og:locale\" content=\"pl_PL\" \/>\n<meta property=\"og:type\" content=\"article\" \/>\n<meta property=\"og:title\" content=\"Buy Codeine Linctus Online | Best Cough Syrup Available\" \/>\n<meta property=\"og:description\" content=\"Discover Codeine Linctus for sale at chemsfine. An effective cough syrup, available to buy online, it soothes dry, tickly coughs &amp; offers relief. Order yours today!\" \/>\n<meta property=\"og:url\" content=\"https:\/\/chemsfine.com\/pl\/produkt\/codeine-linctus-cough-syrup\/\" \/>\n<meta property=\"og:site_name\" content=\"Chemsfine\" \/>\n<meta property=\"article:modified_time\" content=\"2026-03-25T12:44:05+00:00\" \/>\n<meta property=\"og:image\" content=\"https:\/\/chemsfine.com\/wp-content\/uploads\/2026\/02\/codeine-linctus-1.jpg\" \/>\n\t<meta property=\"og:image:width\" content=\"211\" \/>\n\t<meta property=\"og:image:height\" content=\"211\" \/>\n\t<meta property=\"og:image:type\" content=\"image\/jpeg\" \/>\n<meta name=\"twitter:card\" content=\"summary_large_image\" \/>\n<meta name=\"twitter:label1\" content=\"Szacowany czas czytania\" \/>\n\t<meta name=\"twitter:data1\" content=\"6 minut\" \/>\n<script type=\"application\/ld+json\" class=\"yoast-schema-graph\">{\"@context\":\"https:\/\/schema.org\",\"@graph\":[{\"@type\":\"WebPage\",\"@id\":\"https:\/\/chemsfine.com\/product\/codeine-linctus-cough-syrup\/\",\"url\":\"https:\/\/chemsfine.com\/product\/codeine-linctus-cough-syrup\/\",\"name\":\"Buy Codeine Linctus Online | Best Cough Syrup Available\",\"isPartOf\":{\"@id\":\"https:\/\/chemsfine.com\/#website\"},\"primaryImageOfPage\":{\"@id\":\"https:\/\/chemsfine.com\/product\/codeine-linctus-cough-syrup\/#primaryimage\"},\"image\":{\"@id\":\"https:\/\/chemsfine.com\/product\/codeine-linctus-cough-syrup\/#primaryimage\"},\"thumbnailUrl\":\"https:\/\/chemsfine.com\/wp-content\/uploads\/2026\/02\/codeine-linctus-1.jpg\",\"datePublished\":\"2026-02-12T10:08:07+00:00\",\"dateModified\":\"2026-03-25T12:44:05+00:00\",\"description\":\"Discover Codeine Linctus for sale at chemsfine. An effective cough syrup, available to buy online, it soothes dry, tickly coughs &amp; offers relief. Order yours today!\",\"breadcrumb\":{\"@id\":\"https:\/\/chemsfine.com\/product\/codeine-linctus-cough-syrup\/#breadcrumb\"},\"inLanguage\":\"pl-PL\",\"potentialAction\":[{\"@type\":\"ReadAction\",\"target\":[\"https:\/\/chemsfine.com\/product\/codeine-linctus-cough-syrup\/\"]}]},{\"@type\":\"ImageObject\",\"inLanguage\":\"pl-PL\",\"@id\":\"https:\/\/chemsfine.com\/product\/codeine-linctus-cough-syrup\/#primaryimage\",\"url\":\"https:\/\/chemsfine.com\/wp-content\/uploads\/2026\/02\/codeine-linctus-1.jpg\",\"contentUrl\":\"https:\/\/chemsfine.com\/wp-content\/uploads\/2026\/02\/codeine-linctus-1.jpg\",\"width\":211,\"height\":211},{\"@type\":\"BreadcrumbList\",\"@id\":\"https:\/\/chemsfine.com\/product\/codeine-linctus-cough-syrup\/#breadcrumb\",\"itemListElement\":[{\"@type\":\"ListItem\",\"position\":1,\"name\":\"Home\",\"item\":\"https:\/\/chemsfine.com\/\"},{\"@type\":\"ListItem\",\"position\":2,\"name\":\"Shop\",\"item\":\"https:\/\/chemsfine.com\/shop\/\"},{\"@type\":\"ListItem\",\"position\":3,\"name\":\"Codeine Linctus | Effective Cough Syrup for Dry Coughs\"}]},{\"@type\":\"WebSite\",\"@id\":\"https:\/\/chemsfine.com\/#website\",\"url\":\"https:\/\/chemsfine.com\/\",\"name\":\"Chemsfine\",\"description\":\"My WordPress Blog\",\"publisher\":{\"@id\":\"https:\/\/chemsfine.com\/#organization\"},\"potentialAction\":[{\"@type\":\"SearchAction\",\"target\":{\"@type\":\"EntryPoint\",\"urlTemplate\":\"https:\/\/chemsfine.com\/?s={search_term_string}\"},\"query-input\":{\"@type\":\"PropertyValueSpecification\",\"valueRequired\":true,\"valueName\":\"search_term_string\"}}],\"inLanguage\":\"pl-PL\"},{\"@type\":\"Organization\",\"@id\":\"https:\/\/chemsfine.com\/#organization\",\"name\":\"Chemsfine\",\"url\":\"https:\/\/chemsfine.com\/\",\"logo\":{\"@type\":\"ImageObject\",\"inLanguage\":\"pl-PL\",\"@id\":\"https:\/\/chemsfine.com\/#\/schema\/logo\/image\/\",\"url\":\"https:\/\/chemsfine.com\/wp-content\/uploads\/2024\/09\/final-logo.png\",\"contentUrl\":\"https:\/\/chemsfine.com\/wp-content\/uploads\/2024\/09\/final-logo.png\",\"width\":340,\"height\":72,\"caption\":\"Chemsfine\"},\"image\":{\"@id\":\"https:\/\/chemsfine.com\/#\/schema\/logo\/image\/\"}}]}<\/script>\n<!-- \/ Yoast SEO plugin. -->","yoast_head_json":{"title":"Kup Codeine Linctus Online | Najlepszy dost\u0119pny syrop na kaszel","description":"Odkryj Codeine Linctus na sprzeda\u017c w chemsfine. Skuteczny syrop na kaszel, dost\u0119pny do kupienia online, \u0142agodzi suchy, \u0142askocz\u0105cy kaszel i przynosi ulg\u0119. Zam\u00f3w ju\u017c dzi\u015b!","robots":{"index":"index","follow":"follow","max-snippet":"max-snippet:-1","max-image-preview":"max-image-preview:large","max-video-preview":"max-video-preview:-1"},"canonical":"https:\/\/chemsfine.com\/pl\/produkt\/codeine-linctus-cough-syrup\/","og_locale":"pl_PL","og_type":"article","og_title":"Buy Codeine Linctus Online | Best Cough Syrup Available","og_description":"Discover Codeine Linctus for sale at chemsfine. An effective cough syrup, available to buy online, it soothes dry, tickly coughs &amp; offers relief. Order yours today!","og_url":"https:\/\/chemsfine.com\/pl\/produkt\/codeine-linctus-cough-syrup\/","og_site_name":"Chemsfine","article_modified_time":"2026-03-25T12:44:05+00:00","og_image":[{"width":211,"height":211,"url":"https:\/\/chemsfine.com\/wp-content\/uploads\/2026\/02\/codeine-linctus-1.jpg","type":"image\/jpeg"}],"twitter_card":"summary_large_image","twitter_misc":{"Szacowany czas czytania":"6 minut"},"schema":{"@context":"https:\/\/schema.org","@graph":[{"@type":"WebPage","@id":"https:\/\/chemsfine.com\/product\/codeine-linctus-cough-syrup\/","url":"https:\/\/chemsfine.com\/product\/codeine-linctus-cough-syrup\/","name":"Kup Codeine Linctus Online | Najlepszy dost\u0119pny syrop na kaszel","isPartOf":{"@id":"https:\/\/chemsfine.com\/#website"},"primaryImageOfPage":{"@id":"https:\/\/chemsfine.com\/product\/codeine-linctus-cough-syrup\/#primaryimage"},"image":{"@id":"https:\/\/chemsfine.com\/product\/codeine-linctus-cough-syrup\/#primaryimage"},"thumbnailUrl":"https:\/\/chemsfine.com\/wp-content\/uploads\/2026\/02\/codeine-linctus-1.jpg","datePublished":"2026-02-12T10:08:07+00:00","dateModified":"2026-03-25T12:44:05+00:00","description":"Odkryj Codeine Linctus na sprzeda\u017c w chemsfine. Skuteczny syrop na kaszel, dost\u0119pny do kupienia online, \u0142agodzi suchy, \u0142askocz\u0105cy kaszel i przynosi ulg\u0119. Zam\u00f3w ju\u017c dzi\u015b!","breadcrumb":{"@id":"https:\/\/chemsfine.com\/product\/codeine-linctus-cough-syrup\/#breadcrumb"},"inLanguage":"pl-PL","potentialAction":[{"@type":"ReadAction","target":["https:\/\/chemsfine.com\/product\/codeine-linctus-cough-syrup\/"]}]},{"@type":"ImageObject","inLanguage":"pl-PL","@id":"https:\/\/chemsfine.com\/product\/codeine-linctus-cough-syrup\/#primaryimage","url":"https:\/\/chemsfine.com\/wp-content\/uploads\/2026\/02\/codeine-linctus-1.jpg","contentUrl":"https:\/\/chemsfine.com\/wp-content\/uploads\/2026\/02\/codeine-linctus-1.jpg","width":211,"height":211},{"@type":"BreadcrumbList","@id":"https:\/\/chemsfine.com\/product\/codeine-linctus-cough-syrup\/#breadcrumb","itemListElement":[{"@type":"ListItem","position":1,"name":"Home","item":"https:\/\/chemsfine.com\/"},{"@type":"ListItem","position":2,"name":"Shop","item":"https:\/\/chemsfine.com\/shop\/"},{"@type":"ListItem","position":3,"name":"Codeine Linctus | Effective Cough Syrup for Dry Coughs"}]},{"@type":"WebSite","@id":"https:\/\/chemsfine.com\/#website","url":"https:\/\/chemsfine.com\/","name":"Chemsfine","description":"M\u00f3j blog WordPress","publisher":{"@id":"https:\/\/chemsfine.com\/#organization"},"potentialAction":[{"@type":"SearchAction","target":{"@type":"EntryPoint","urlTemplate":"https:\/\/chemsfine.com\/?s={search_term_string}"},"query-input":{"@type":"PropertyValueSpecification","valueRequired":true,"valueName":"search_term_string"}}],"inLanguage":"pl-PL"},{"@type":"Organization","@id":"https:\/\/chemsfine.com\/#organization","name":"Chemsfine","url":"https:\/\/chemsfine.com\/","logo":{"@type":"ImageObject","inLanguage":"pl-PL","@id":"https:\/\/chemsfine.com\/#\/schema\/logo\/image\/","url":"https:\/\/chemsfine.com\/wp-content\/uploads\/2024\/09\/final-logo.png","contentUrl":"https:\/\/chemsfine.com\/wp-content\/uploads\/2024\/09\/final-logo.png","width":340,"height":72,"caption":"Chemsfine"},"image":{"@id":"https:\/\/chemsfine.com\/#\/schema\/logo\/image\/"}}]}},"_links":{"self":[{"href":"https:\/\/chemsfine.com\/pl\/wp-json\/wp\/v2\/product\/6553","targetHints":{"allow":["GET"]}}],"collection":[{"href":"https:\/\/chemsfine.com\/pl\/wp-json\/wp\/v2\/product"}],"about":[{"href":"https:\/\/chemsfine.com\/pl\/wp-json\/wp\/v2\/types\/product"}],"replies":[{"embeddable":true,"href":"https:\/\/chemsfine.com\/pl\/wp-json\/wp\/v2\/comments?post=6553"}],"wp:featuredmedia":[{"embeddable":true,"href":"https:\/\/chemsfine.com\/pl\/wp-json\/wp\/v2\/media\/6597"}],"wp:attachment":[{"href":"https:\/\/chemsfine.com\/pl\/wp-json\/wp\/v2\/media?parent=6553"}],"wp:term":[{"taxonomy":"product_brand","embeddable":true,"href":"https:\/\/chemsfine.com\/pl\/wp-json\/wp\/v2\/product_brand?post=6553"},{"taxonomy":"product_cat","embeddable":true,"href":"https:\/\/chemsfine.com\/pl\/wp-json\/wp\/v2\/product_cat?post=6553"},{"taxonomy":"product_tag","embeddable":true,"href":"https:\/\/chemsfine.com\/pl\/wp-json\/wp\/v2\/product_tag?post=6553"}],"curies":[{"name":"wp","href":"https:\/\/api.w.org\/{rel}","templated":true}]}}