{"id":6560,"date":"2026-02-12T10:08:30","date_gmt":"2026-02-12T10:08:30","guid":{"rendered":"https:\/\/chemsfine.com\/?post_type=product&#038;p=6560"},"modified":"2026-03-25T12:43:28","modified_gmt":"2026-03-25T12:43:28","slug":"promethazine-codeine-oral-solution","status":"publish","type":"product","link":"https:\/\/chemsfine.com\/pl\/product\/promethazine-codeine-oral-solution\/","title":{"rendered":"Prometazyna z kodein\u0105 - roztw\u00f3r doustny \u0142agodz\u0105cy kaszel i przezi\u0119bienie"},"content":{"rendered":"<p>Witamy w chemsfine, zaufanym \u017ar\u00f3dle informacji o <b>kupi\u0107 Promethazine z kodein\u0105 roztw\u00f3r doustny na sprzeda\u017c<\/b>. Ten wysokiej jako\u015bci produkt farmaceutyczny zosta\u0142 opracowany specjalnie w celu zapewnienia skutecznej ulgi w uporczywym kaszlu i objawach przezi\u0119bienia lub alergii. Gdy szukasz niezawodnego \u015brodka na dolegliwo\u015bci takie jak katar, kichanie i kaszel, nasz <b>Najwy\u017cszej jako\u015bci Promethazine with Codeine roztw\u00f3r doustny<\/b> jest doskona\u0142ym wyborem. Odkryj, jak ten autentyczny doustny roztw\u00f3r mo\u017ce pom\u00f3c w radzeniu sobie z nieprzyjemnymi objawami dzi\u0119ki odpowiednim wskaz\u00f3wkom i podawaniu. Zapewniamy, \u017ce ka\u017cdy zakup spe\u0142nia rygorystyczne standardy jako\u015bci, oferuj\u0105c niezawodn\u0105 opcj\u0119 dla Twoich potrzeb zdrowotnych.<\/p>\n<h2>Co to jest Promethazine with Codeine roztw\u00f3r doustny?<\/h2>\n<p><b>Prometazyna z kodein\u0105 roztw\u00f3r doustny<\/b> to lek z\u0142o\u017cony przeznaczony do skutecznego \u0142agodzenia objaw\u00f3w zwi\u0105zanych z przezi\u0119bieniem lub sezonowymi alergiami. Znany pod r\u00f3\u017cnymi nazwami handlowymi, w tym Phenergan with Codeine Cough Syrup i Promethazine with Codeine Syrup, roztw\u00f3r ten \u0142\u0105czy w sobie dwa silne sk\u0142adniki aktywne. Fosforan kodeiny, opioidowy (narkotyczny) \u015brodek przeciwkaszlowy, dzia\u0142a poprzez zmniejszenie aktywno\u015bci w m\u00f3zgu, kt\u00f3ra powoduje kaszel. Chlorowodorek prometazyny, lek przeciwhistaminowy, pomaga \u0142agodzi\u0107 objawy alergii, takie jak katar i kichanie. To synergiczne dzia\u0142anie zapewnia kompleksow\u0105 ulg\u0119 w wielu dolegliwo\u015bciach g\u00f3rnych dr\u00f3g oddechowych. Ka\u017cde 5 ml tego roztworu doustnego zawiera fosforan kodeiny, 10 mg, i chlorowodorek prometazyny, 6,25 mg, fachowo zmieszane w aromatycznej bazie syropu, zapewniaj\u0105c zar\u00f3wno skuteczno\u015b\u0107, jak i \u0142atwo\u015b\u0107 spo\u017cycia. Kiedy zdecydujesz si\u0119 <b>kupi\u0107 Prometazyna z kodein\u0105 roztw\u00f3r doustny<\/b> chemsfine, wybierasz starannie opracowany produkt zapewniaj\u0105cy optymalne korzy\u015bci terapeutyczne.<\/p>\n<h2>Dlaczego warto kupi\u0107 Promethazine with Codeine Oral Solution online od chemsfine?<\/h2>\n<p>W chemsfine jeste\u015bmy zobowi\u0105zani do zapewnienia <b>Najlepszy dost\u0119pny Promethazine with Codeine Oral Solution<\/b> na rynku. Nasze zaanga\u017cowanie w jako\u015b\u0107 i bezpiecze\u0144stwo pacjent\u00f3w jest najwa\u017cniejsze. Podczas podawania produktu Promethazine with Codeine-Oral Solution niezwykle wa\u017cne jest, aby <b>Zawsze u\u017cywaj dok\u0142adnego mililitrowego urz\u0105dzenia pomiarowego<\/b>. Zapewnia to precyzyjne odmierzenie i podanie dawki, zapobiegaj\u0105c potencjalnym niedok\u0142adno\u015bciom, kt\u00f3re mog\u0142yby prowadzi\u0107 do powa\u017cnych skutk\u00f3w ubocznych. Na przyk\u0142ad standardowa \u0142y\u017ceczka domowa nie jest dok\u0142adnym urz\u0105dzeniem pomiarowym, a jej u\u017cycie mo\u017ce nieumy\u015blnie doprowadzi\u0107 do przedawkowania. W przypadku recept, do kt\u00f3rych nie do\u0142\u0105czono urz\u0105dzenia pomiarowego, wykwalifikowany farmaceuta mo\u017ce z \u0142atwo\u015bci\u0105 dostarczy\u0107 odpowiednie urz\u0105dzenie i zaoferowa\u0107 szczeg\u00f3\u0142owe instrukcje dotycz\u0105ce odmierzania prawid\u0142owej dawki, zapewniaj\u0105c bezpiecze\u0144stwo i skuteczno\u015b\u0107 leku. K\u0142adziemy nacisk na odpowiedzialne u\u017cytkowanie i zapewniamy dost\u0119p do wysokiej jako\u015bci farmaceutyk\u00f3w, czyni\u0105c chemsfine zaufanym partnerem w zakresie bezpiecznych zakup\u00f3w online wysokiej jako\u015bci rozwi\u0105za\u0144 farmaceutycznych, takich jak nasze <a href=\"https:\/\/chemsfine.com\/pl\/produkt\/back-home-super-lemon-haze-cannabis-flower-buy-online\/\">Zr\u00f3\u017cnicowany asortyment produkt\u00f3w<\/a>.<\/p>\n<h2>Instrukcje u\u017cytkowania i wa\u017cne wytyczne<\/h2>\n<p>W przypadku os\u00f3b doros\u0142ych w wieku 18 lat i starszych zalecana dawka dla <b>Prometazyna z kodein\u0105 roztw\u00f3r doustny<\/b> to 5 ml, kt\u00f3re nale\u017cy przyjmowa\u0107 co 4 do 6 godzin w zale\u017cno\u015bci od potrzeb. Kluczowe znaczenie ma <b>nie przekracza\u0107 6 dawek (30 ml) w ci\u0105gu 24 godzin<\/b>. Aby zagwarantowa\u0107 dok\u0142adne dawkowanie, nale\u017cy zawsze upewni\u0107 si\u0119, \u017ce urz\u0105dzenie pomiarowe jest czyste; nie nale\u017cy go przepe\u0142nia\u0107 i pami\u0119ta\u0107 o dok\u0142adnym przep\u0142ukaniu urz\u0105dzenia wod\u0105 po ka\u017cdym u\u017cyciu. Pacjentom zdecydowanie odradza si\u0119 zwi\u0119kszanie dawki lub cz\u0119stotliwo\u015bci dawkowania roztworu doustnego kodeiny. Przedawkowanie mo\u017ce prowadzi\u0107 do powa\u017cnych zdarze\u0144 niepo\u017c\u0105danych, w tym ci\u0119\u017ckiej depresji oddechowej. Je\u015bli kaszel nie reaguje na przepisan\u0105 dawk\u0119 leku Promethazine with Codeine Oral Solution, nie nale\u017cy zwi\u0119ksza\u0107 dawki. Zamiast tego, brak reakcji na kaszel uzasadnia ponown\u0105 ocen\u0119 przez pracownika s\u0142u\u017cby zdrowia w celu zidentyfikowania wszelkich mo\u017cliwych patologii, kt\u00f3re mog\u0105 wymaga\u0107 alternatywnego leczenia. Zapewnia to bezpiecze\u0144stwo pacjenta i odpowiednie post\u0119powanie medyczne.<\/p>\n<h3>Zalecenia dotycz\u0105ce dawkowania<\/h3>\n<table border=\"1\" cellpadding=\"5\" cellspacing=\"0\">\n<thead>\n<tr>\n<th>Grupa pacjent\u00f3w<\/th>\n<th>Dawka<\/th>\n<th>Cz\u0119stotliwo\u015b\u0107<\/th>\n<th>Maksymalna dawka dzienna<\/th>\n<\/tr>\n<\/thead>\n<tbody>\n<tr>\n<td>Doro\u015bli (18 lat i starsi)<\/td>\n<td>5 ml<\/td>\n<td>Co 4 do 6 godzin, w zale\u017cno\u015bci od potrzeb<\/td>\n<td>30 ml (6 dawek) w ci\u0105gu 24 godzin<\/td>\n<\/tr>\n<\/tbody>\n<\/table>\n<h2>Bezpiecze\u0144stwo, ostrze\u017cenia i przeciwwskazania<\/h2>\n<p><b>Prometazyna z kodein\u0105 roztw\u00f3r doustny<\/b> zawiera opioidowy (narkotyczny) lek na kaszel, co oznacza, \u017ce wi\u0105\u017ce si\u0119 z ryzykiem uzale\u017cnienia. Dlatego wa\u017cne jest, aby stosowa\u0107 ten lek \u015bci\u015ble wed\u0142ug zalece\u0144 lekarza. D\u0142ugotrwa\u0142e stosowanie roztworu doustnego kodeiny podczas ci\u0105\u017cy mo\u017ce prowadzi\u0107 do powa\u017cnych powik\u0142a\u0144, w szczeg\u00f3lno\u015bci skutkuj\u0105cych noworodkowym zespo\u0142em odstawienia opioid\u00f3w u noworodk\u00f3w. W zwi\u0105zku z tym nie zaleca si\u0119 stosowania roztworu doustnego chlorowodorku prometazyny i fosforanu kodeiny u kobiet w ci\u0105\u017cy. Ponadto lek ten jest przeciwwskazany w kilku stanach chorobowych w celu zapewnienia bezpiecze\u0144stwa pacjenta. Nale\u017cy <b>nie stosowa\u0107 tego leku<\/b> je\u015bli u pacjenta stwierdzono alergi\u0119 na kodein\u0119 lub prometazyn\u0119. Jest on r\u00f3wnie\u017c przeciwwskazany w przypadku powa\u017cnych problem\u00f3w z oddychaniem, czynnej astmy, niedro\u017cno\u015bci \u017co\u0142\u0105dka lub jelit (w tym pora\u017cennej niedro\u017cno\u015bci jelit), jaskry z w\u0105skim k\u0105tem przes\u0105czania lub w przypadku niezdolno\u015bci do oddawania moczu. Chocia\u017c ten lek z\u0142o\u017cony jest stosowany g\u0142\u00f3wnie do wskazanych cel\u00f3w, wszelkie rozwa\u017cania dotycz\u0105ce stosowania poza wymienionymi w niniejszej informacji o produkcie powinny by\u0107 podejmowane wy\u0142\u0105cznie po dok\u0142adnej konsultacji z wykwalifikowanym lekarzem, podkre\u015blaj\u0105c znaczenie \u015bwiadomego i odpowiedzialnego stosowania lek\u00f3w. Poznaj nasze zaanga\u017cowanie w rygorystyczne standardy dla wszystkich <a href=\"https:\/\/chemsfine.com\/pl\/produkt\/kupic-krysztal-metamfetaminy-online\/\">produkty farmaceutyczne<\/a>.<\/p>\n<h2>Dlaczego warto wybra\u0107 chemsfine?<\/h2>\n<p>Kiedy zdecydujesz si\u0119 <b>Zam\u00f3w Promethazine z kodein\u0105 roztw\u00f3r doustny online<\/b>, Wyb\u00f3r chemsfine gwarantuje dost\u0119p do autentycznych produkt\u00f3w o wysokiej czysto\u015bci z przejrzystymi szczeg\u00f3\u0142ami i zweryfikowanymi zapisami partii. Naszym celem jest oferowanie konkurencyjnych cen wraz z naszym niezachwianym zaanga\u017cowaniem w jako\u015b\u0107. Nasza platforma zapewnia <b>bezpieczny zakup<\/b> proces, chroni\u0105c prywatno\u015b\u0107 i zapewniaj\u0105c spok\u00f3j ducha od wyboru do dostawy. Dla tych, kt\u00f3rzy szukaj\u0105 <b>Promethazine with Codeine syrop na sprzeda\u017c<\/b> z gwarancj\u0105 autentyczno\u015bci i skuteczno\u015bci, chemsfine jest g\u0142\u00f3wnym miejscem docelowym online. Jeste\u015bmy dumni z wyj\u0105tkowej obs\u0142ugi klienta i bezproblemowego zakupu wszystkich naszych produkt\u00f3w farmaceutycznych.<\/p>\n<h2>Wnioski<\/h2>\n<p><b>Prometazyna z kodein\u0105 roztw\u00f3r doustny<\/b> oferuje silne i skuteczne leczenie uporczywego kaszlu, kataru i kichania zwi\u0105zanego z przezi\u0119bieniem i alergiami. Dzi\u0119ki \u015bcis\u0142emu przestrzeganiu zalecanych dawek i wytycznych dotycz\u0105cych podawania, u\u017cytkownicy mog\u0105 osi\u0105gn\u0105\u0107 znaczn\u0105 ulg\u0119 przy jednoczesnym zminimalizowaniu ryzyka. Nale\u017cy pami\u0119ta\u0107 o znaczeniu dok\u0142adnych urz\u0105dze\u0144 pomiarowych i konsultacji z pracownikiem s\u0142u\u017cby zdrowia w przypadku jakichkolwiek obaw lub niereaguj\u0105cych objaw\u00f3w. W chemsfine sprawiamy, \u017ce jest to proste i bezpieczne. <b>kupi\u0107 Promethazine z kodein\u0105 roztw\u00f3r doustny na sprzeda\u017c<\/b>, zapewniaj\u0105c, \u017ce otrzymasz produkt wysokiej jako\u015bci, wspierany przez nasze zaanga\u017cowanie w Twoje dobre samopoczucie. Dokonaj zakupu bez obaw i poczuj r\u00f3\u017cnic\u0119, jak\u0105 daje zaufany dostawca.<\/p>","protected":false},"excerpt":{"rendered":"<p>Kup <b>Promethazine Codeine roztw\u00f3r doustny<\/b> na <b>chemsfine<\/b> dla skutecznej ulgi w kaszlu, przezi\u0119bieniu i objawach alergii. Ten roztw\u00f3r doustny, zawieraj\u0105cy fosforan kodeiny i chlorowodorek prometazyny, zapewnia niezawodn\u0105 ulg\u0119 przy dok\u0142adnym podaniu. Aby zapewni\u0107 optymalne bezpiecze\u0144stwo i skuteczno\u015b\u0107, nale\u017cy zawsze post\u0119powa\u0107 zgodnie z instrukcjami dotycz\u0105cymi dawkowania.<\/p>","protected":false},"featured_media":6598,"comment_status":"open","ping_status":"closed","template":"","meta":{"_joinchat":[]},"product_brand":[],"product_cat":[940],"product_tag":[],"class_list":{"0":"post-6560","1":"product","2":"type-product","3":"status-publish","4":"has-post-thumbnail","6":"product_cat-cough-syrup","8":"first","9":"instock","10":"shipping-taxable","11":"purchasable","12":"product-type-variable"},"yoast_head":"<!-- This site is optimized with the Yoast SEO plugin v27.2 - https:\/\/yoast.com\/product\/yoast-seo-wordpress\/ -->\n<title>Buy Promethazine Codeine Oral Solution Online - Best Price<\/title>\n<meta name=\"description\" content=\"Purchase Promethazine Codeine Oral Solution for cough and cold relief. Find dosage, warnings, and secure your order online with best price and quality at chemsfine.\" \/>\n<meta name=\"robots\" content=\"index, follow, max-snippet:-1, max-image-preview:large, max-video-preview:-1\" \/>\n<link rel=\"canonical\" href=\"https:\/\/chemsfine.com\/pl\/produkt\/promethazine-codeine-oral-solution\/\" \/>\n<meta property=\"og:locale\" content=\"pl_PL\" \/>\n<meta property=\"og:type\" content=\"article\" \/>\n<meta property=\"og:title\" content=\"Buy Promethazine Codeine Oral Solution Online - Best Price\" \/>\n<meta property=\"og:description\" content=\"Purchase Promethazine Codeine Oral Solution for cough and cold relief. Find dosage, warnings, and secure your order online with best price and quality at chemsfine.\" \/>\n<meta property=\"og:url\" content=\"https:\/\/chemsfine.com\/pl\/produkt\/promethazine-codeine-oral-solution\/\" \/>\n<meta property=\"og:site_name\" content=\"Chemsfine\" \/>\n<meta property=\"article:modified_time\" content=\"2026-03-25T12:43:28+00:00\" \/>\n<meta property=\"og:image\" content=\"https:\/\/chemsfine.com\/wp-content\/uploads\/2026\/02\/promethazine-with-codeine-oral-solution-1.jpg\" \/>\n\t<meta property=\"og:image:width\" content=\"172\" \/>\n\t<meta property=\"og:image:height\" content=\"180\" \/>\n\t<meta property=\"og:image:type\" content=\"image\/jpeg\" \/>\n<meta name=\"twitter:card\" content=\"summary_large_image\" \/>\n<meta name=\"twitter:label1\" content=\"Szacowany czas czytania\" \/>\n\t<meta name=\"twitter:data1\" content=\"5 minut\" \/>\n<script type=\"application\/ld+json\" class=\"yoast-schema-graph\">{\"@context\":\"https:\/\/schema.org\",\"@graph\":[{\"@type\":\"WebPage\",\"@id\":\"https:\/\/chemsfine.com\/product\/promethazine-codeine-oral-solution\/\",\"url\":\"https:\/\/chemsfine.com\/product\/promethazine-codeine-oral-solution\/\",\"name\":\"Buy Promethazine Codeine Oral Solution Online - Best Price\",\"isPartOf\":{\"@id\":\"https:\/\/chemsfine.com\/#website\"},\"primaryImageOfPage\":{\"@id\":\"https:\/\/chemsfine.com\/product\/promethazine-codeine-oral-solution\/#primaryimage\"},\"image\":{\"@id\":\"https:\/\/chemsfine.com\/product\/promethazine-codeine-oral-solution\/#primaryimage\"},\"thumbnailUrl\":\"https:\/\/chemsfine.com\/wp-content\/uploads\/2026\/02\/promethazine-with-codeine-oral-solution-1.jpg\",\"datePublished\":\"2026-02-12T10:08:30+00:00\",\"dateModified\":\"2026-03-25T12:43:28+00:00\",\"description\":\"Purchase Promethazine Codeine Oral Solution for cough and cold relief. Find dosage, warnings, and secure your order online with best price and quality at chemsfine.\",\"breadcrumb\":{\"@id\":\"https:\/\/chemsfine.com\/product\/promethazine-codeine-oral-solution\/#breadcrumb\"},\"inLanguage\":\"pl-PL\",\"potentialAction\":[{\"@type\":\"ReadAction\",\"target\":[\"https:\/\/chemsfine.com\/product\/promethazine-codeine-oral-solution\/\"]}]},{\"@type\":\"ImageObject\",\"inLanguage\":\"pl-PL\",\"@id\":\"https:\/\/chemsfine.com\/product\/promethazine-codeine-oral-solution\/#primaryimage\",\"url\":\"https:\/\/chemsfine.com\/wp-content\/uploads\/2026\/02\/promethazine-with-codeine-oral-solution-1.jpg\",\"contentUrl\":\"https:\/\/chemsfine.com\/wp-content\/uploads\/2026\/02\/promethazine-with-codeine-oral-solution-1.jpg\",\"width\":172,\"height\":180},{\"@type\":\"BreadcrumbList\",\"@id\":\"https:\/\/chemsfine.com\/product\/promethazine-codeine-oral-solution\/#breadcrumb\",\"itemListElement\":[{\"@type\":\"ListItem\",\"position\":1,\"name\":\"Home\",\"item\":\"https:\/\/chemsfine.com\/\"},{\"@type\":\"ListItem\",\"position\":2,\"name\":\"Shop\",\"item\":\"https:\/\/chemsfine.com\/shop\/\"},{\"@type\":\"ListItem\",\"position\":3,\"name\":\"Promethazine with Codeine Oral Solution \u2013 Cough &amp; Cold Relief\"}]},{\"@type\":\"WebSite\",\"@id\":\"https:\/\/chemsfine.com\/#website\",\"url\":\"https:\/\/chemsfine.com\/\",\"name\":\"Chemsfine\",\"description\":\"My WordPress Blog\",\"publisher\":{\"@id\":\"https:\/\/chemsfine.com\/#organization\"},\"potentialAction\":[{\"@type\":\"SearchAction\",\"target\":{\"@type\":\"EntryPoint\",\"urlTemplate\":\"https:\/\/chemsfine.com\/?s={search_term_string}\"},\"query-input\":{\"@type\":\"PropertyValueSpecification\",\"valueRequired\":true,\"valueName\":\"search_term_string\"}}],\"inLanguage\":\"pl-PL\"},{\"@type\":\"Organization\",\"@id\":\"https:\/\/chemsfine.com\/#organization\",\"name\":\"Chemsfine\",\"url\":\"https:\/\/chemsfine.com\/\",\"logo\":{\"@type\":\"ImageObject\",\"inLanguage\":\"pl-PL\",\"@id\":\"https:\/\/chemsfine.com\/#\/schema\/logo\/image\/\",\"url\":\"https:\/\/chemsfine.com\/wp-content\/uploads\/2024\/09\/final-logo.png\",\"contentUrl\":\"https:\/\/chemsfine.com\/wp-content\/uploads\/2024\/09\/final-logo.png\",\"width\":340,\"height\":72,\"caption\":\"Chemsfine\"},\"image\":{\"@id\":\"https:\/\/chemsfine.com\/#\/schema\/logo\/image\/\"}}]}<\/script>\n<!-- \/ Yoast SEO plugin. -->","yoast_head_json":{"title":"Kup Promethazine Codeine Oral Solution Online - Najlepsza cena","description":"Zakup Promethazine Codeine roztw\u00f3r doustny na kaszel i przezi\u0119bienie. Znajd\u017a dawkowanie, ostrze\u017cenia i zabezpiecz swoje zam\u00f3wienie online w najlepszej cenie i jako\u015bci w chemsfine.","robots":{"index":"index","follow":"follow","max-snippet":"max-snippet:-1","max-image-preview":"max-image-preview:large","max-video-preview":"max-video-preview:-1"},"canonical":"https:\/\/chemsfine.com\/pl\/produkt\/promethazine-codeine-oral-solution\/","og_locale":"pl_PL","og_type":"article","og_title":"Buy Promethazine Codeine Oral Solution Online - Best Price","og_description":"Purchase Promethazine Codeine Oral Solution for cough and cold relief. Find dosage, warnings, and secure your order online with best price and quality at chemsfine.","og_url":"https:\/\/chemsfine.com\/pl\/produkt\/promethazine-codeine-oral-solution\/","og_site_name":"Chemsfine","article_modified_time":"2026-03-25T12:43:28+00:00","og_image":[{"width":172,"height":180,"url":"https:\/\/chemsfine.com\/wp-content\/uploads\/2026\/02\/promethazine-with-codeine-oral-solution-1.jpg","type":"image\/jpeg"}],"twitter_card":"summary_large_image","twitter_misc":{"Szacowany czas czytania":"5 minut"},"schema":{"@context":"https:\/\/schema.org","@graph":[{"@type":"WebPage","@id":"https:\/\/chemsfine.com\/product\/promethazine-codeine-oral-solution\/","url":"https:\/\/chemsfine.com\/product\/promethazine-codeine-oral-solution\/","name":"Kup Promethazine Codeine Oral Solution Online - Najlepsza cena","isPartOf":{"@id":"https:\/\/chemsfine.com\/#website"},"primaryImageOfPage":{"@id":"https:\/\/chemsfine.com\/product\/promethazine-codeine-oral-solution\/#primaryimage"},"image":{"@id":"https:\/\/chemsfine.com\/product\/promethazine-codeine-oral-solution\/#primaryimage"},"thumbnailUrl":"https:\/\/chemsfine.com\/wp-content\/uploads\/2026\/02\/promethazine-with-codeine-oral-solution-1.jpg","datePublished":"2026-02-12T10:08:30+00:00","dateModified":"2026-03-25T12:43:28+00:00","description":"Zakup Promethazine Codeine roztw\u00f3r doustny na kaszel i przezi\u0119bienie. Znajd\u017a dawkowanie, ostrze\u017cenia i zabezpiecz swoje zam\u00f3wienie online w najlepszej cenie i jako\u015bci w chemsfine.","breadcrumb":{"@id":"https:\/\/chemsfine.com\/product\/promethazine-codeine-oral-solution\/#breadcrumb"},"inLanguage":"pl-PL","potentialAction":[{"@type":"ReadAction","target":["https:\/\/chemsfine.com\/product\/promethazine-codeine-oral-solution\/"]}]},{"@type":"ImageObject","inLanguage":"pl-PL","@id":"https:\/\/chemsfine.com\/product\/promethazine-codeine-oral-solution\/#primaryimage","url":"https:\/\/chemsfine.com\/wp-content\/uploads\/2026\/02\/promethazine-with-codeine-oral-solution-1.jpg","contentUrl":"https:\/\/chemsfine.com\/wp-content\/uploads\/2026\/02\/promethazine-with-codeine-oral-solution-1.jpg","width":172,"height":180},{"@type":"BreadcrumbList","@id":"https:\/\/chemsfine.com\/product\/promethazine-codeine-oral-solution\/#breadcrumb","itemListElement":[{"@type":"ListItem","position":1,"name":"Home","item":"https:\/\/chemsfine.com\/"},{"@type":"ListItem","position":2,"name":"Shop","item":"https:\/\/chemsfine.com\/shop\/"},{"@type":"ListItem","position":3,"name":"Promethazine with Codeine Oral Solution \u2013 Cough &amp; Cold Relief"}]},{"@type":"WebSite","@id":"https:\/\/chemsfine.com\/#website","url":"https:\/\/chemsfine.com\/","name":"Chemsfine","description":"M\u00f3j blog WordPress","publisher":{"@id":"https:\/\/chemsfine.com\/#organization"},"potentialAction":[{"@type":"SearchAction","target":{"@type":"EntryPoint","urlTemplate":"https:\/\/chemsfine.com\/?s={search_term_string}"},"query-input":{"@type":"PropertyValueSpecification","valueRequired":true,"valueName":"search_term_string"}}],"inLanguage":"pl-PL"},{"@type":"Organization","@id":"https:\/\/chemsfine.com\/#organization","name":"Chemsfine","url":"https:\/\/chemsfine.com\/","logo":{"@type":"ImageObject","inLanguage":"pl-PL","@id":"https:\/\/chemsfine.com\/#\/schema\/logo\/image\/","url":"https:\/\/chemsfine.com\/wp-content\/uploads\/2024\/09\/final-logo.png","contentUrl":"https:\/\/chemsfine.com\/wp-content\/uploads\/2024\/09\/final-logo.png","width":340,"height":72,"caption":"Chemsfine"},"image":{"@id":"https:\/\/chemsfine.com\/#\/schema\/logo\/image\/"}}]}},"_links":{"self":[{"href":"https:\/\/chemsfine.com\/pl\/wp-json\/wp\/v2\/product\/6560","targetHints":{"allow":["GET"]}}],"collection":[{"href":"https:\/\/chemsfine.com\/pl\/wp-json\/wp\/v2\/product"}],"about":[{"href":"https:\/\/chemsfine.com\/pl\/wp-json\/wp\/v2\/types\/product"}],"replies":[{"embeddable":true,"href":"https:\/\/chemsfine.com\/pl\/wp-json\/wp\/v2\/comments?post=6560"}],"wp:featuredmedia":[{"embeddable":true,"href":"https:\/\/chemsfine.com\/pl\/wp-json\/wp\/v2\/media\/6598"}],"wp:attachment":[{"href":"https:\/\/chemsfine.com\/pl\/wp-json\/wp\/v2\/media?parent=6560"}],"wp:term":[{"taxonomy":"product_brand","embeddable":true,"href":"https:\/\/chemsfine.com\/pl\/wp-json\/wp\/v2\/product_brand?post=6560"},{"taxonomy":"product_cat","embeddable":true,"href":"https:\/\/chemsfine.com\/pl\/wp-json\/wp\/v2\/product_cat?post=6560"},{"taxonomy":"product_tag","embeddable":true,"href":"https:\/\/chemsfine.com\/pl\/wp-json\/wp\/v2\/product_tag?post=6560"}],"curies":[{"name":"wp","href":"https:\/\/api.w.org\/{rel}","templated":true}]}}