{"id":6646,"date":"2026-02-12T10:09:43","date_gmt":"2026-02-12T10:09:43","guid":{"rendered":"https:\/\/chemsfine.com\/?post_type=product&#038;p=6646"},"modified":"2026-03-25T12:36:31","modified_gmt":"2026-03-25T12:36:31","slug":"buy-two-swords-hash","status":"publish","type":"product","link":"https:\/\/chemsfine.com\/pl\/product\/buy-two-swords-hash\/","title":{"rendered":"Two Swords Hash | Koncentrat marihuany premium na sprzeda\u017c online"},"content":{"rendered":"<h1>Kup Two Swords Hash online: Koncentrat marihuany premium w Chemsfine<\/h1>\n<p>W Chemsfine zapraszamy do <b>kupi\u0107 Two Swords Hash na sprzeda\u017c<\/b>, to wyj\u0105tkowy koncentrat znany z najwy\u017cszej jako\u015bci. Odkryj wyj\u0105tkow\u0105 warto\u015b\u0107 tego haszu premium, idealnego wyboru dla najwy\u017cszej jako\u015bci koncentratu w bezkonkurencyjnych cenach. Ten produkowany w kraju haszysz oferuje niesamowit\u0105 opcj\u0119 dla tych, kt\u00f3rzy szukaj\u0105 ekstrakt\u00f3w premium bez rozbijania banku. Jest to doskona\u0142a inwestycja dla ka\u017cdego, kto szuka wysokiej jako\u015bci koncentrat\u00f3w konopi.<\/p>\n<h2>Nieprzemijaj\u0105cy urok gry Two Swords Hash<\/h2>\n<p>Hash, niegdy\u015b popularny koncentrat, wydaje si\u0119 by\u0107 niemal zapomniany na dzisiejszym rynku. Pozostaje jednak jednym z najskuteczniejszych i najczystszych dost\u0119pnych ekstrakt\u00f3w, przypominaj\u0105c z\u0142ote czasy koncentrat\u00f3w konopi. Koncentrat ten wyr\u00f3\u017cnia si\u0119 siln\u0105, skoncentrowan\u0105 form\u0105 trichom\u00f3w konopi, zapewniaj\u0105c czyste i mocne doznania. <b>Two Swords Hash<\/b> doskonale uosabia to trwa\u0142e dziedzictwo, zapewniaj\u0105c bogate i autentyczne spotkanie z konopiami indyjskimi zar\u00f3wno do\u015bwiadczonym entuzjastom, jak i nowym u\u017cytkownikom. Jej unikalny profil zapewnia niezapomnian\u0105 sesj\u0119 za ka\u017cdym razem.<\/p>\n<p>Produkcja tego haszyszu odbywa si\u0119 zgodnie ze skrupulatnymi standardami, zapewniaj\u0105c, \u017ce zbierana i t\u0142oczona jest tylko najlepsza \u017cywica. To po\u015bwi\u0119cenie dla jako\u015bci skutkuje haszyszem, kt\u00f3ry jest nie tylko silny, ale tak\u017ce niezwykle czysty, odzwierciedlaj\u0105c prawdziw\u0105 esencj\u0119 ro\u015bliny konopi. Bior\u0105c pod uwag\u0119 najwy\u017cszej jako\u015bci ekstrakt z konopi indyjskich, produkt ten jest doskona\u0142ym wyborem, zapewniaj\u0105cym sta\u0142\u0105 jako\u015b\u0107 i efekt.<\/p>\n<h2>Dlaczego warto kupi\u0107 Two Swords Hash od Chemsfine?<\/h2>\n<p>Jest to jedna z najlepszych ofert wysokiej jako\u015bci haszyszu, jakie mo\u017cna znale\u017a\u0107 w Internecie. Niezale\u017cnie od tego, czy chcesz kupi\u0107 hurtowo, czy tylko gram, oszcz\u0119dno\u015bci s\u0105 znaczne, co czyni go fantastycznym wyborem zar\u00f3wno dla konsument\u00f3w dbaj\u0105cych o bud\u017cet, jak i poszukuj\u0105cych jako\u015bci. W Chemsfine dok\u0142adamy wszelkich stara\u0144, aby wysokiej jako\u015bci haszysz by\u0142 dost\u0119pny i przyst\u0119pny cenowo, dzi\u0119ki czemu ka\u017cdy mo\u017ce cieszy\u0107 si\u0119 produktami premium. Decyduj\u0105c si\u0119 na <b>Zam\u00f3w Two Swords Hash online<\/b>, W ten spos\u00f3b wybierasz dostawc\u0119, kt\u00f3rego celem jest doskona\u0142o\u015b\u0107 i zadowolenie klienta.<\/p>\n<p>Nasze zaanga\u017cowanie wykracza poza konkurencyjne ceny; priorytetowo traktujemy dyskretne pakowanie i niezawodn\u0105 dostaw\u0119, zapewniaj\u0105c, \u017ce produkt dotrze bezpiecznie i poufnie. Chemsfine to zaufane \u017ar\u00f3d\u0142o najlepszej dost\u0119pnej jako\u015bci haszyszu, oferuj\u0105ce p\u0142ynne i bezpieczne zakupy. Naszym celem jest bycie wiod\u0105c\u0105 platform\u0105 dla wszystkich potrzeb zwi\u0105zanych z koncentratami konopi indyjskich, zapewniaj\u0105c niezr\u00f3wnan\u0105 obs\u0142ug\u0119 i integralno\u015b\u0107 produkt\u00f3w.<\/p>\n<p>Rozpal swoje uznanie dla haszyszu dzi\u0119ki temu koncentratowi premium i ciesz si\u0119 bogat\u0105, skoncentrowan\u0105 esencj\u0105 marihuany w niesamowitej cenie. Nasz zesp\u00f3\u0142 obs\u0142ugi klienta jest zawsze gotowy do pomocy, zapewniaj\u0105c p\u0142ynny proces od wyboru do dostawy.<\/p>\n<p>Zapoznaj si\u0119 z nasz\u0105 szerok\u0105 gam\u0105 wysokiej jako\u015bci produkt\u00f3w, w tym innych poszukiwanych koncentrat\u00f3w, takich jak <a href=\"https:\/\/chemsfine.com\/pl\/produkt\/buy-6-fluoro-beta-methylamino-cathinone-powder\/\">katynon premium w proszku<\/a>, Zaprojektowany, aby zaspokoi\u0107 r\u00f3\u017cnorodne potrzeby i preferencje w bran\u017cy.<\/p>\n<h2>Zalecane metody konsumpcji i obchodzenie si\u0119 z produktem<\/h2>\n<p>Je\u015bli zastosujesz odrobin\u0119 ciep\u0142a, haszysz stanie si\u0119 bardziej plastyczny i \u0142atwiejszy w obr\u00f3bce. Ta cecha sprawia, \u017ce jest on wysoce przystosowany do r\u00f3\u017cnych metod konsumpcji, zwi\u0119kszaj\u0105c doznania u\u017cytkownika. Zrozumienie, jak najlepiej obchodzi\u0107 si\u0119 z haszyszem, pozwala w pe\u0142ni wykorzysta\u0107 jego bogaty profil i moc.<\/p>\n<p>Produkt ten mo\u017cna spo\u017cywa\u0107 na kilka sposob\u00f3w:<\/p>\n<ul>\n<li><b>Pokruszy\u0107 i wsypa\u0107 do stawu<\/b>: Ta klasyczna metoda zwi\u0119ksza moc i smak zwyk\u0142ego kwiatu konopi.<\/li>\n<li><b>Palenie z fajki \/ cygara \/ sziszy<\/b>: Aby uzyska\u0107 bardziej bezpo\u015brednie i intensywne doznania, tradycyjne narz\u0119dzia do palenia s\u0105 doskona\u0142e do haszyszu.<\/li>\n<li><b>Dym przy u\u017cyciu jednego hittera<\/b>: Idealny do szybkiej, dyskretnej i wydajnej konsumpcji, minimalizuj\u0105c ilo\u015b\u0107 odpad\u00f3w.<\/li>\n<li><b>Vaporize<\/b>: Nowoczesne waporyzatory przeznaczone do koncentrat\u00f3w mog\u0105 zapewni\u0107 czyste, bogate w smak i wolne od dymu doznania.<\/li>\n<li><b>Po\u0142kni\u0119cie doustne<\/b>: Po dekarboksylacji haszysz mo\u017cna w\u0142\u0105czy\u0107 do produkt\u00f3w spo\u017cywczych lub nalewek, aby uzyska\u0107 d\u0142ugotrwa\u0142y, skoncentrowany na ciele efekt.<\/li>\n<\/ul>\n<p>Haszysz to koncentrat wytwarzany z \u017cywicy konopi indyjskich. Spo\u017cywa si\u0119 go poprzez inhalacj\u0119 z ma\u0142ego kawa\u0142ka, zazwyczaj w fajce, bongu, waporyzatorze lub joincie, lub poprzez spo\u017cycie doustne (po dekarboksylacji). Poniewa\u017c czysty haszysz nie spali si\u0119, je\u015bli zostanie zwini\u0119ty w jointa, zwykle miesza si\u0119 go z zio\u0142ow\u0105 marihuan\u0105, tytoniem lub innym rodzajem zi\u00f3\u0142 do tej metody konsumpcji. Ta wszechstronno\u015b\u0107 sprawia, \u017ce koncentrat ten jest ulubionym w\u015br\u00f3d koneser\u00f3w.<\/p>\n<p>Dla os\u00f3b zainteresowanych szerszym wyborem specjalistycznych mieszanek, nasz asortyment obejmuje r\u00f3wnie\u017c wyj\u0105tkowe produkty, takie jak <a href=\"https:\/\/chemsfine.com\/pl\/produkt\/kupic-5-meo-dipt-online\/\">5-MeO-DiPT o wysokiej czysto\u015bci online<\/a>, zapewniaj\u0105c kompleksowy wyb\u00f3r dla wszystkich potrzeb badawczych i osobistych.<\/p>\n<h2>Specyfikacja produktu: Two Swords Hash<\/h2>\n<table>\n<thead>\n<tr>\n<th>Aspekt<\/th>\n<th>Szczeg\u00f3\u0142y<\/th>\n<\/tr>\n<\/thead>\n<tbody>\n<tr>\n<td>Klasa produktu<\/td>\n<td>Koncentrat najwy\u017cszej jako\u015bci<\/td>\n<\/tr>\n<tr>\n<td>Podstawowy sk\u0142adnik<\/td>\n<td>\u017bywica konopi indyjskich (trichomy)<\/td>\n<\/tr>\n<tr>\n<td>Formularz<\/td>\n<td>Sprasowana \u017cywica<\/td>\n<\/tr>\n<tr>\n<td>Profil tekstury<\/td>\n<td>G\u0119sty; plastyczny pod wp\u0142ywem ciep\u0142a<\/td>\n<\/tr>\n<tr>\n<td>Wszechstronno\u015b\u0107 konsumpcji<\/td>\n<td>Palenie, wapowanie, produkty spo\u017cywcze<\/td>\n<\/tr>\n<tr>\n<td>Dost\u0119pno\u015b\u0107<\/td>\n<td>Zakup online w Chemsfine<\/td>\n<\/tr>\n<tr>\n<td>Normy czysto\u015bci<\/td>\n<td>Wysoka, sprawdzona jako\u015b\u0107<\/td>\n<\/tr>\n<\/tbody>\n<\/table>\n<p><b>Two Swords Hash Online<\/b>Znajd\u017a najlepszy i najta\u0144szy haszysz online w Chemsfine. Oferujemy wiele rodzaj\u00f3w haszyszu, starannie dobranych pod wzgl\u0119dem jako\u015bci i mocy. Cz\u0119\u015b\u0107 haszyszu pochodzi z lokalnych \u017ar\u00f3de\u0142, a cz\u0119\u015b\u0107 jest importowana, co zapewnia naszym klientom zr\u00f3\u017cnicowany asortyment. Stale aktualizujemy nasze zapasy, aby zapewni\u0107 najlepszy wyb\u00f3r dost\u0119pny na rynku.<\/p>\n<p>Dowiedz si\u0119 wi\u0119cej o naszej ofercie produkt\u00f3w i d\u0105\u017ceniu do doskona\u0142o\u015bci, odwiedzaj\u0105c nasz\u0105 stron\u0119 g\u0142\u00f3wn\u0105 <a href=\"https:\/\/chemsfine.com\/pl\/\">strona g\u0142\u00f3wna<\/a>, gdzie mo\u017cna odkry\u0107 pe\u0142ne spektrum zwi\u0105zk\u00f3w o wysokiej czysto\u015bci i ekstrakt\u00f3w premium.<\/p>","protected":false},"excerpt":{"rendered":"<p>Do\u015bwiadcz silnej i czystej esencji konopi dzi\u0119ki <b>Two Swords Hash<\/b>, to wyj\u0105tkowy koncentrat stworzony z \u017cywicy ro\u015blinnej. Idealny dla os\u00f3b poszukuj\u0105cych wysokiej jako\u015bci haszyszu, produkt ten zapewnia mocne i czyste doznania. <b>Kup Two Swords Hash<\/b> w Chemsfine w celu bezpiecznego zakupu koncentratu najwy\u017cszej jako\u015bci, idealnego do r\u00f3\u017cnych metod konsumpcji.<\/p>","protected":false},"featured_media":6689,"comment_status":"open","ping_status":"closed","template":"","meta":{"_joinchat":[]},"product_brand":[],"product_cat":[942],"product_tag":[],"class_list":{"0":"post-6646","1":"product","2":"type-product","3":"status-publish","4":"has-post-thumbnail","6":"product_cat-hashish","8":"first","9":"instock","10":"shipping-taxable","11":"purchasable","12":"product-type-variable"},"yoast_head":"<!-- This site is optimized with the Yoast SEO plugin v27.2 - https:\/\/yoast.com\/product\/yoast-seo-wordpress\/ -->\n<title>Buy Two Swords Hash Online - Premium Quality Hash Available<\/title>\n<meta name=\"description\" content=\"Discover Two Swords Hash for sale at Chemsfine. Get top-quality hash online with unbeatable prices. Potent, pure, and available for secure purchase now.\" \/>\n<meta name=\"robots\" content=\"index, follow, max-snippet:-1, max-image-preview:large, max-video-preview:-1\" \/>\n<link rel=\"canonical\" href=\"https:\/\/chemsfine.com\/pl\/produkt\/buy-two-swords-hash\/\" \/>\n<meta property=\"og:locale\" content=\"pl_PL\" \/>\n<meta property=\"og:type\" content=\"article\" \/>\n<meta property=\"og:title\" content=\"Buy Two Swords Hash Online - Premium Quality Hash Available\" \/>\n<meta property=\"og:description\" content=\"Discover Two Swords Hash for sale at Chemsfine. Get top-quality hash online with unbeatable prices. Potent, pure, and available for secure purchase now.\" \/>\n<meta property=\"og:url\" content=\"https:\/\/chemsfine.com\/pl\/produkt\/buy-two-swords-hash\/\" \/>\n<meta property=\"og:site_name\" content=\"Chemsfine\" \/>\n<meta property=\"article:modified_time\" content=\"2026-03-25T12:36:31+00:00\" \/>\n<meta property=\"og:image\" content=\"https:\/\/chemsfine.com\/wp-content\/uploads\/2026\/02\/two-swords-hash-online-dispensary-canada-bulk-buddy-wholesale-hash-1.jpg\" \/>\n\t<meta property=\"og:image:width\" content=\"1024\" \/>\n\t<meta property=\"og:image:height\" content=\"1024\" \/>\n\t<meta property=\"og:image:type\" content=\"image\/jpeg\" \/>\n<meta name=\"twitter:card\" content=\"summary_large_image\" \/>\n<meta name=\"twitter:label1\" content=\"Szacowany czas czytania\" \/>\n\t<meta name=\"twitter:data1\" content=\"4 minuty\" \/>\n<script type=\"application\/ld+json\" class=\"yoast-schema-graph\">{\"@context\":\"https:\/\/schema.org\",\"@graph\":[{\"@type\":\"WebPage\",\"@id\":\"https:\/\/chemsfine.com\/product\/buy-two-swords-hash\/\",\"url\":\"https:\/\/chemsfine.com\/product\/buy-two-swords-hash\/\",\"name\":\"Buy Two Swords Hash Online - Premium Quality Hash Available\",\"isPartOf\":{\"@id\":\"https:\/\/chemsfine.com\/#website\"},\"primaryImageOfPage\":{\"@id\":\"https:\/\/chemsfine.com\/product\/buy-two-swords-hash\/#primaryimage\"},\"image\":{\"@id\":\"https:\/\/chemsfine.com\/product\/buy-two-swords-hash\/#primaryimage\"},\"thumbnailUrl\":\"https:\/\/chemsfine.com\/wp-content\/uploads\/2026\/02\/two-swords-hash-online-dispensary-canada-bulk-buddy-wholesale-hash-1.jpg\",\"datePublished\":\"2026-02-12T10:09:43+00:00\",\"dateModified\":\"2026-03-25T12:36:31+00:00\",\"description\":\"Discover Two Swords Hash for sale at Chemsfine. Get top-quality hash online with unbeatable prices. Potent, pure, and available for secure purchase now.\",\"breadcrumb\":{\"@id\":\"https:\/\/chemsfine.com\/product\/buy-two-swords-hash\/#breadcrumb\"},\"inLanguage\":\"pl-PL\",\"potentialAction\":[{\"@type\":\"ReadAction\",\"target\":[\"https:\/\/chemsfine.com\/product\/buy-two-swords-hash\/\"]}]},{\"@type\":\"ImageObject\",\"inLanguage\":\"pl-PL\",\"@id\":\"https:\/\/chemsfine.com\/product\/buy-two-swords-hash\/#primaryimage\",\"url\":\"https:\/\/chemsfine.com\/wp-content\/uploads\/2026\/02\/two-swords-hash-online-dispensary-canada-bulk-buddy-wholesale-hash-1.jpg\",\"contentUrl\":\"https:\/\/chemsfine.com\/wp-content\/uploads\/2026\/02\/two-swords-hash-online-dispensary-canada-bulk-buddy-wholesale-hash-1.jpg\",\"width\":1024,\"height\":1024},{\"@type\":\"BreadcrumbList\",\"@id\":\"https:\/\/chemsfine.com\/product\/buy-two-swords-hash\/#breadcrumb\",\"itemListElement\":[{\"@type\":\"ListItem\",\"position\":1,\"name\":\"Home\",\"item\":\"https:\/\/chemsfine.com\/\"},{\"@type\":\"ListItem\",\"position\":2,\"name\":\"Shop\",\"item\":\"https:\/\/chemsfine.com\/shop\/\"},{\"@type\":\"ListItem\",\"position\":3,\"name\":\"Two Swords Hash | Premium Cannabis Concentrate for Sale Online\"}]},{\"@type\":\"WebSite\",\"@id\":\"https:\/\/chemsfine.com\/#website\",\"url\":\"https:\/\/chemsfine.com\/\",\"name\":\"Chemsfine\",\"description\":\"My WordPress Blog\",\"publisher\":{\"@id\":\"https:\/\/chemsfine.com\/#organization\"},\"potentialAction\":[{\"@type\":\"SearchAction\",\"target\":{\"@type\":\"EntryPoint\",\"urlTemplate\":\"https:\/\/chemsfine.com\/?s={search_term_string}\"},\"query-input\":{\"@type\":\"PropertyValueSpecification\",\"valueRequired\":true,\"valueName\":\"search_term_string\"}}],\"inLanguage\":\"pl-PL\"},{\"@type\":\"Organization\",\"@id\":\"https:\/\/chemsfine.com\/#organization\",\"name\":\"Chemsfine\",\"url\":\"https:\/\/chemsfine.com\/\",\"logo\":{\"@type\":\"ImageObject\",\"inLanguage\":\"pl-PL\",\"@id\":\"https:\/\/chemsfine.com\/#\/schema\/logo\/image\/\",\"url\":\"https:\/\/chemsfine.com\/wp-content\/uploads\/2024\/09\/final-logo.png\",\"contentUrl\":\"https:\/\/chemsfine.com\/wp-content\/uploads\/2024\/09\/final-logo.png\",\"width\":340,\"height\":72,\"caption\":\"Chemsfine\"},\"image\":{\"@id\":\"https:\/\/chemsfine.com\/#\/schema\/logo\/image\/\"}}]}<\/script>\n<!-- \/ Yoast SEO plugin. -->","yoast_head_json":{"title":"Kup online haszysz Two Swords - dost\u0119pna najwy\u017csza jako\u015b\u0107 haszyszu","description":"Odkryj Two Swords Hash na sprzeda\u017c w Chemsfine. Uzyskaj najwy\u017cszej jako\u015bci haszysz online w bezkonkurencyjnych cenach. Silny, czysty i dost\u0119pny do bezpiecznego zakupu ju\u017c teraz.","robots":{"index":"index","follow":"follow","max-snippet":"max-snippet:-1","max-image-preview":"max-image-preview:large","max-video-preview":"max-video-preview:-1"},"canonical":"https:\/\/chemsfine.com\/pl\/produkt\/buy-two-swords-hash\/","og_locale":"pl_PL","og_type":"article","og_title":"Buy Two Swords Hash Online - Premium Quality Hash Available","og_description":"Discover Two Swords Hash for sale at Chemsfine. Get top-quality hash online with unbeatable prices. Potent, pure, and available for secure purchase now.","og_url":"https:\/\/chemsfine.com\/pl\/produkt\/buy-two-swords-hash\/","og_site_name":"Chemsfine","article_modified_time":"2026-03-25T12:36:31+00:00","og_image":[{"width":1024,"height":1024,"url":"https:\/\/chemsfine.com\/wp-content\/uploads\/2026\/02\/two-swords-hash-online-dispensary-canada-bulk-buddy-wholesale-hash-1.jpg","type":"image\/jpeg"}],"twitter_card":"summary_large_image","twitter_misc":{"Szacowany czas czytania":"4 minuty"},"schema":{"@context":"https:\/\/schema.org","@graph":[{"@type":"WebPage","@id":"https:\/\/chemsfine.com\/product\/buy-two-swords-hash\/","url":"https:\/\/chemsfine.com\/product\/buy-two-swords-hash\/","name":"Kup online haszysz Two Swords - dost\u0119pna najwy\u017csza jako\u015b\u0107 haszyszu","isPartOf":{"@id":"https:\/\/chemsfine.com\/#website"},"primaryImageOfPage":{"@id":"https:\/\/chemsfine.com\/product\/buy-two-swords-hash\/#primaryimage"},"image":{"@id":"https:\/\/chemsfine.com\/product\/buy-two-swords-hash\/#primaryimage"},"thumbnailUrl":"https:\/\/chemsfine.com\/wp-content\/uploads\/2026\/02\/two-swords-hash-online-dispensary-canada-bulk-buddy-wholesale-hash-1.jpg","datePublished":"2026-02-12T10:09:43+00:00","dateModified":"2026-03-25T12:36:31+00:00","description":"Odkryj Two Swords Hash na sprzeda\u017c w Chemsfine. Uzyskaj najwy\u017cszej jako\u015bci haszysz online w bezkonkurencyjnych cenach. Silny, czysty i dost\u0119pny do bezpiecznego zakupu ju\u017c teraz.","breadcrumb":{"@id":"https:\/\/chemsfine.com\/product\/buy-two-swords-hash\/#breadcrumb"},"inLanguage":"pl-PL","potentialAction":[{"@type":"ReadAction","target":["https:\/\/chemsfine.com\/product\/buy-two-swords-hash\/"]}]},{"@type":"ImageObject","inLanguage":"pl-PL","@id":"https:\/\/chemsfine.com\/product\/buy-two-swords-hash\/#primaryimage","url":"https:\/\/chemsfine.com\/wp-content\/uploads\/2026\/02\/two-swords-hash-online-dispensary-canada-bulk-buddy-wholesale-hash-1.jpg","contentUrl":"https:\/\/chemsfine.com\/wp-content\/uploads\/2026\/02\/two-swords-hash-online-dispensary-canada-bulk-buddy-wholesale-hash-1.jpg","width":1024,"height":1024},{"@type":"BreadcrumbList","@id":"https:\/\/chemsfine.com\/product\/buy-two-swords-hash\/#breadcrumb","itemListElement":[{"@type":"ListItem","position":1,"name":"Home","item":"https:\/\/chemsfine.com\/"},{"@type":"ListItem","position":2,"name":"Shop","item":"https:\/\/chemsfine.com\/shop\/"},{"@type":"ListItem","position":3,"name":"Two Swords Hash | Premium Cannabis Concentrate for Sale Online"}]},{"@type":"WebSite","@id":"https:\/\/chemsfine.com\/#website","url":"https:\/\/chemsfine.com\/","name":"Chemsfine","description":"M\u00f3j blog WordPress","publisher":{"@id":"https:\/\/chemsfine.com\/#organization"},"potentialAction":[{"@type":"SearchAction","target":{"@type":"EntryPoint","urlTemplate":"https:\/\/chemsfine.com\/?s={search_term_string}"},"query-input":{"@type":"PropertyValueSpecification","valueRequired":true,"valueName":"search_term_string"}}],"inLanguage":"pl-PL"},{"@type":"Organization","@id":"https:\/\/chemsfine.com\/#organization","name":"Chemsfine","url":"https:\/\/chemsfine.com\/","logo":{"@type":"ImageObject","inLanguage":"pl-PL","@id":"https:\/\/chemsfine.com\/#\/schema\/logo\/image\/","url":"https:\/\/chemsfine.com\/wp-content\/uploads\/2024\/09\/final-logo.png","contentUrl":"https:\/\/chemsfine.com\/wp-content\/uploads\/2024\/09\/final-logo.png","width":340,"height":72,"caption":"Chemsfine"},"image":{"@id":"https:\/\/chemsfine.com\/#\/schema\/logo\/image\/"}}]}},"_links":{"self":[{"href":"https:\/\/chemsfine.com\/pl\/wp-json\/wp\/v2\/product\/6646","targetHints":{"allow":["GET"]}}],"collection":[{"href":"https:\/\/chemsfine.com\/pl\/wp-json\/wp\/v2\/product"}],"about":[{"href":"https:\/\/chemsfine.com\/pl\/wp-json\/wp\/v2\/types\/product"}],"replies":[{"embeddable":true,"href":"https:\/\/chemsfine.com\/pl\/wp-json\/wp\/v2\/comments?post=6646"}],"wp:featuredmedia":[{"embeddable":true,"href":"https:\/\/chemsfine.com\/pl\/wp-json\/wp\/v2\/media\/6689"}],"wp:attachment":[{"href":"https:\/\/chemsfine.com\/pl\/wp-json\/wp\/v2\/media?parent=6646"}],"wp:term":[{"taxonomy":"product_brand","embeddable":true,"href":"https:\/\/chemsfine.com\/pl\/wp-json\/wp\/v2\/product_brand?post=6646"},{"taxonomy":"product_cat","embeddable":true,"href":"https:\/\/chemsfine.com\/pl\/wp-json\/wp\/v2\/product_cat?post=6646"},{"taxonomy":"product_tag","embeddable":true,"href":"https:\/\/chemsfine.com\/pl\/wp-json\/wp\/v2\/product_tag?post=6646"}],"curies":[{"name":"wp","href":"https:\/\/api.w.org\/{rel}","templated":true}]}}