{"id":6658,"date":"2026-02-12T10:09:45","date_gmt":"2026-02-12T10:09:45","guid":{"rendered":"https:\/\/chemsfine.com\/?post_type=product&#038;p=6658"},"modified":"2026-03-25T12:32:25","modified_gmt":"2026-03-25T12:32:25","slug":"buy-superman-hash-concentrate","status":"publish","type":"product","link":"https:\/\/chemsfine.com\/pl\/product\/buy-superman-hash-concentrate\/","title":{"rendered":"Kup Superman Hash Online | Koncentrat najwy\u017cszej jako\u015bci w Chemsfine"},"content":{"rendered":"<p>Czy chcesz <b>Kup Superman Hash na sprzeda\u017c<\/b>? Odkryj silne i autentyczne do\u015bwiadczenie tego bardzo poszukiwanego koncentratu konopi, dost\u0119pnego dla <b>bezpieczny zakup online<\/b> w Chemsfine. Oferujemy wyb\u00f3r premium, zapewniaj\u0105c, \u017ce otrzymasz tylko produkt najwy\u017cszej jako\u015bci. Kiedy zdecydujesz si\u0119 <b>kup teraz online<\/b> Chemsfine, wybierasz zaufane \u017ar\u00f3d\u0142o wyj\u0105tkowych koncentrat\u00f3w, starannie wyselekcjonowanych zar\u00f3wno dla entuzjast\u00f3w, jak i koneser\u00f3w.<\/p>\n<h2>Co to jest Premium Hash?<\/h2>\n<p><b>Superman Hash<\/b>, znany r\u00f3wnie\u017c po prostu jako haszysz, reprezentuje skoncentrowan\u0105 esencj\u0119 ro\u015bliny konopi indyjskich. Jest to kluczowy moment, w kt\u00f3rym cenne trichomy ro\u015bliny - ma\u0142e, \u017cywiczne g\u0142\u00f3wki gruczo\u0142\u00f3w wy\u015bcie\u0142aj\u0105ce powierzchni\u0119 \u017ce\u0144skich ro\u015blin konopi - s\u0105 oddzielane i zbierane z samego materia\u0142u ro\u015blinnego. Ten skrupulatny proces zapewnia wyizolowanie najsilniejszych i najbardziej aromatycznych zwi\u0105zk\u00f3w ro\u015bliny konopi, tworz\u0105c produkt o niezwyk\u0142ej jako\u015bci i intensywno\u015bci.<\/p>\n<p>Sztuka oddzielania \u017cywicy jest praktykowana od wiek\u00f3w w r\u00f3\u017cnych kulturach, ewoluuj\u0105c wraz z up\u0142ywem czasu. Podczas gdy tradycyjne metody od dawna przynosz\u0105 imponuj\u0105ce rezultaty, szybki wzrost legalizacji konopi indyjskich w \u015bwiecie zachodnim przyni\u00f3s\u0142 nowe, innowacyjne metody przygotowania tego koncentratu. Te nowoczesne techniki zdobywaj\u0105 obecnie legalne rynki, zwi\u0119kszaj\u0105c czysto\u015b\u0107 i sp\u00f3jno\u015b\u0107. Wiele firm mo\u017ce twierdzi\u0107, \u017ce ich haszysz jest importowany, ale nasz <b>Hash najwy\u017cszej jako\u015bci<\/b> jest pi\u0119knie wytwarzany lokalnie w kraju, reprezentuj\u0105c najwy\u017cszy kunszt w produkcji koncentrat\u00f3w. Jego bogaty aromat i wyrazista konsystencja potwierdzaj\u0105 autentyczne pochodzenie i staranne przygotowanie.<\/p>\n<h2>Dlaczego warto kupi\u0107 Superman Hash online w Chemsfine?<\/h2>\n<p>Podczas wyszukiwania <b>Najlepszy dost\u0119pny hash<\/b>, Chemsfine jest najlepszym miejscem docelowym. Jeste\u015bmy dumni z oferowania niezr\u00f3wnanego wyboru koncentrat\u00f3w, zapewniaj\u0105c, \u017ce ka\u017cdy zakup spe\u0142nia nasze rygorystyczne standardy jako\u015bci. Rozumiemy znaczenie zaufania i przejrzysto\u015bci przy zakupie specjalistycznych produkt\u00f3w online. Dlatego te\u017c zobowi\u0105zujemy si\u0119 do dostarczania wy\u0142\u0105cznie <b>autentyczny hash<\/b>, rygorystycznie testowane pod k\u0105tem czysto\u015bci i si\u0142y dzia\u0142ania. Nasze d\u0105\u017cenie do doskona\u0142o\u015bci oznacza, \u017ce mo\u017cesz bez obaw <b>Kup ten hasz premium online<\/b>, Wiedz\u0105c, \u017ce inwestujesz w produkt najwy\u017cszej jako\u015bci.<\/p>\n<p>W Chemsfine sprawiamy, \u017ce proces nabywania koncentrat\u00f3w premium nie wymaga wysi\u0142ku. Przekonasz si\u0119, \u017ce nasze zaanga\u017cowanie w konkurencyjne ceny w po\u0142\u0105czeniu z niezr\u00f3wnan\u0105 integralno\u015bci\u0105 produktu sprawia, \u017ce jeste\u015bmy preferowanym wyborem. Zapoznaj si\u0119 z nasz\u0105 ofert\u0105 i przekonaj si\u0119 o wygodzie uzyskiwania wysokiej jako\u015bci haszyszu dostarczanego bezpo\u015brednio do Ciebie. Naszym celem jest bycie niezawodnym \u017ar\u00f3d\u0142em dla wszystkich potrzeb zwi\u0105zanych z koncentratami, zapewniaj\u0105c p\u0142ynne i satysfakcjonuj\u0105ce zakupy za ka\u017cdym razem.<\/p>\n<h2>Metody konsumpcji tego koncentratu<\/h2>\n<p>Ten wysokiej jako\u015bci haszysz jest znany ze swojej wszechstronno\u015bci i mo\u017ce by\u0107 spo\u017cywany na r\u00f3\u017cne sposoby, oferuj\u0105c indywidualne doznania dla ka\u017cdego u\u017cytkownika. W celu zapewnienia optymalnej obs\u0142ugi, je\u015bli zastosujesz odrobin\u0119 ciep\u0142a, koncentrat ten stanie si\u0119 bardziej plastyczny i \u0142atwiejszy w obr\u00f3bce, co pozwoli na przygotowanie go bez wysi\u0142ku. Oto kilka popularnych metod spo\u017cywania tego wyj\u0105tkowego produktu:<\/p>\n<ul>\n<li><b>Rozdrobni\u0107 do po\u0142\u0105czenia:<\/b> Drobno pokrusz haszysz i wsyp go do ulubionej mieszanki zi\u00f3\u0142 konopi lub tytoniu przed zwini\u0119ciem jointa. Metoda ta pozwala na p\u0142ynne spalanie i lepsze doznania, \u0142\u0105cz\u0105c bogate smaki haszyszu z wybranym zio\u0142em.<\/li>\n<li><b>Palenie z fajki, bonga lub fajki wodnej:<\/b> Umie\u015b\u0107 ma\u0142y kawa\u0142ek haszyszu w cybuchu fajki, bonga lub fajki wodnej. Bezpo\u015brednie zastosowanie ciep\u0142a pozwala na natychmiastow\u0105 waporyzacj\u0119 i inhalacj\u0119, zapewniaj\u0105c mocne i aromatyczne uderzenie. Jest to klasyczna metoda do\u015bwiadczania pe\u0142nej esencji haszyszu.<\/li>\n<li><b>Wykorzystanie One-Hittera:<\/b> Dla szybkiej i dyskretnej sesji, one-hitter jest doskona\u0142ym narz\u0119dziem. Wystarczy umie\u015bci\u0107 niewielk\u0105 ilo\u015b\u0107 haszyszu w ko\u0144c\u00f3wce one-hittera i zapali\u0107. Metoda ta zapewnia kontrolowan\u0105 dawk\u0119, idealn\u0105 do konsumpcji w ruchu lub mikrodawkowania.<\/li>\n<li><b>Odparowanie:<\/b> Cho\u0107 nie zosta\u0142o to wyra\u017anie wspomniane w oryginalnym tek\u015bcie, haszysz mo\u017cna r\u00f3wnie\u017c waporyzowa\u0107 za pomoc\u0105 kompatybilnych urz\u0105dze\u0144. Metoda ta podgrzewa haszysz do punktu waporyzacji bez spalania, wytwarzaj\u0105c czystsz\u0105, g\u0142adsz\u0105 par\u0119, kt\u00f3ra zachowuje terpeny i kannabinoidy.<\/li>\n<li><b>Po\u0142kni\u0119cie doustne (po dekarboksylacji):<\/b> Dla tych, kt\u00f3rzy wol\u0105 nie wdycha\u0107, haszysz mo\u017ce by\u0107 spo\u017cywany doustnie po dekarboksylacji. Dekarboksylacja aktywuje kannabinoidy, czyni\u0105c je biodost\u0119pnymi do wch\u0142aniania po spo\u017cyciu, oferuj\u0105c d\u0142ugotrwa\u0142y efekt.<\/li>\n<\/ul>\n<p>Poniewa\u017c czysty haszysz nie spala si\u0119 efektywnie, je\u015bli jest zwijany samodzielnie w jointa, zazwyczaj miesza si\u0119 go z zio\u0142ami. <a href=\"https:\/\/chemsfine.com\/pl\/produkt\/kup-mdphp-freebase-online\/\">koncentraty premium<\/a>, Tyto\u0144 lub inny rodzaj zi\u00f3\u0142 zapewnia optymalne spalanie i przyjemne doznania. Dla entuzjast\u00f3w chc\u0105cych odkrywa\u0107 <a href=\"https:\/\/chemsfine.com\/pl\/produkt\/kupic-diazepam-valium-proszek\/\">inne specjalistyczne produkty<\/a>, Chemsfine oferuje zr\u00f3\u017cnicowany wyb\u00f3r, aby zaspokoi\u0107 r\u00f3\u017cne preferencje.<\/p>\n<h2>Specyfikacje produkt\u00f3w i zapewnienie jako\u015bci<\/h2>\n<p>W Chemsfine nasze zaanga\u017cowanie w jako\u015b\u0107 zapewnia, \u017ce ka\u017cdy gram naszych koncentrat\u00f3w spe\u0142nia rygorystyczne standardy. Wierzymy w dostarczanie przejrzystych informacji na temat naszych produkt\u00f3w, umo\u017cliwiaj\u0105c naszym klientom podejmowanie \u015bwiadomych decyzji. To <b>Klasa premium na sprzeda\u017c<\/b> Koncentracja jest \u015bwiadectwem naszego zaanga\u017cowania w doskona\u0142o\u015b\u0107.<\/p>\n<table border=\"1\">\n<thead>\n<tr>\n<th>Atrybut<\/th>\n<th>Szczeg\u00f3\u0142y<\/th>\n<\/tr>\n<\/thead>\n<tbody>\n<tr>\n<td>Nazwa produktu<\/td>\n<td>Superman Hash<\/td>\n<\/tr>\n<tr>\n<td>Typ<\/td>\n<td>Koncentrat marihuany (haszysz)<\/td>\n<\/tr>\n<tr>\n<td>Pochodzenie<\/td>\n<td>Produkcja krajowa<\/td>\n<\/tr>\n<tr>\n<td>Sp\u00f3jno\u015b\u0107<\/td>\n<td>Plastyczny przy delikatnym ogrzewaniu<\/td>\n<\/tr>\n<tr>\n<td>Czysto\u015b\u0107<\/td>\n<td>Wysokiej jako\u015bci separacja \u017cywicy<\/td>\n<\/tr>\n<tr>\n<td>Zalecane u\u017cycie<\/td>\n<td>Palenie, vaping (po dekarboksylacji do stosowania doustnego)<\/td>\n<\/tr>\n<\/tbody>\n<\/table>\n<p>Ka\u017cda partia przechodzi starann\u0105 kontrol\u0119, aby zapewni\u0107 sta\u0142\u0105 jako\u015b\u0107, tekstur\u0119 i moc. Wsp\u00f3\u0142pracujemy bezpo\u015brednio z wykwalifikowanymi producentami, kt\u00f3rzy stosuj\u0105 najnowsze techniki ekstrakcji w celu oddzielenia dojrza\u0142ych i \u017cywicznych g\u0142\u00f3wek gruczo\u0142\u00f3w, gwarantuj\u0105c autentyczny i doskona\u0142y produkt dla naszych cenionych klient\u00f3w.<\/p>\n<h2>Dlaczego warto wybra\u0107 Chemsfine?<\/h2>\n<p>Wybieraj\u0105c Chemsfine dla swojego <b>hash premium<\/b> oznacza wyb\u00f3r niezawodno\u015bci, jako\u015bci i niezr\u00f3wnanego do\u015bwiadczenia zakupowego. Naszym priorytetem jest zadowolenie klienta poprzez zapewnienie, \u017ce ka\u017cdy produkt, w tym nasze <a href=\"https:\/\/chemsfine.com\/pl\/sklep\/\">Pe\u0142ny katalog produkt\u00f3w<\/a>, s\u0105 pozyskiwane w spos\u00f3b odpowiedzialny i traktowane z najwy\u017csz\u0105 staranno\u015bci\u0105. Mo\u017cesz by\u0107 pewny <b>Zam\u00f3w ten hasz online<\/b> od nas, korzystaj\u0105c z naszych przejrzystych danych i zweryfikowanych zapis\u00f3w partii. Nasze konkurencyjne ceny zapewniaj\u0105 najlepsz\u0105 warto\u015b\u0107 bez uszczerbku dla jako\u015bci.<\/p>\n<p>Naszym celem jest zapewnienie p\u0142ynnej i bezpiecznej platformy dla wszystkich zakup\u00f3w. Nasze zaanga\u017cowanie w przestrzeganie wysokich standard\u00f3w sprawia, \u017ce Chemsfine jest idealnym wyborem dla os\u00f3b poszukuj\u0105cych wyj\u0105tkowych koncentrat\u00f3w konopi i zaufanego dostawcy online. Poczuj r\u00f3\u017cnic\u0119, wybieraj\u0105c dostawc\u0119, kt\u00f3ry stawia jako\u015b\u0107 i zaufanie klient\u00f3w na pierwszym miejscu.<\/p>\n<h2>Wnioski<\/h2>\n<p>Podsumowuj\u0105c, kiedy jeste\u015b gotowy do <b>Kup Superman Hash na sprzeda\u017c<\/b>, nie szukaj dalej ni\u017c Chemsfine. Oferujemy autentyczny, produkowany w kraju koncentrat, kt\u00f3ry wyr\u00f3\u017cnia si\u0119 jako\u015bci\u0105, moc\u0105 i wszechstronnymi metodami konsumpcji. Nasz usprawniony proces zakupu online, w po\u0142\u0105czeniu z naszym zaanga\u017cowaniem w doskona\u0142o\u015b\u0107, gwarantuje, \u017ce otrzymasz produkt, kt\u00f3ry nie tylko spe\u0142ni, ale i przekroczy Twoje oczekiwania. Poznaj bogate dziedzictwo i silne dzia\u0142anie tego wyj\u0105tkowego haszyszu ju\u017c dzi\u015b i podnie\u015b swoje doznania dzi\u0119ki koncentratowi premium od Chemsfine.<\/p>","protected":false},"excerpt":{"rendered":"<p>Do\u015bwiadczenie <b>Superman Hash<\/b>, Silny koncentrat konopi indyjskich znany ze swojej czysto\u015bci i wszechstronno\u015bci. \u0141atwo <b>kup w Chemsfine<\/b> dla niezr\u00f3wnanego do\u015bwiadczenia. Stworzony z my\u015bl\u0105 o wygodzie i jako\u015bci, jest idealny do r\u00f3\u017cnych metod konsumpcji. Poznaj ten autentyczny koncentrat ju\u017c dzi\u015b.<\/p>","protected":false},"featured_media":6711,"comment_status":"open","ping_status":"closed","template":"","meta":{"_joinchat":[]},"product_brand":[],"product_cat":[942],"product_tag":[],"class_list":{"0":"post-6658","1":"product","2":"type-product","3":"status-publish","4":"has-post-thumbnail","6":"product_cat-hashish","8":"first","9":"instock","10":"shipping-taxable","11":"purchasable","12":"product-type-variable"},"yoast_head":"<!-- This site is optimized with the Yoast SEO plugin v27.2 - https:\/\/yoast.com\/product\/yoast-seo-wordpress\/ -->\n<title>Buy Superman Hash Online - Best Quality Available at Chemsfine<\/title>\n<meta name=\"description\" content=\"Discover and buy Superman Hash online at Chemsfine. Get top-quality, domestically made hash, available now. Explore consumption methods for this premium cannabis concentrate.\" \/>\n<meta name=\"robots\" content=\"index, follow, max-snippet:-1, max-image-preview:large, max-video-preview:-1\" \/>\n<link rel=\"canonical\" href=\"https:\/\/chemsfine.com\/pl\/produkt\/buy-superman-hash-concentrate\/\" \/>\n<meta property=\"og:locale\" content=\"pl_PL\" \/>\n<meta property=\"og:type\" content=\"article\" \/>\n<meta property=\"og:title\" content=\"Buy Superman Hash Online - Best Quality Available at Chemsfine\" \/>\n<meta property=\"og:description\" content=\"Discover and buy Superman Hash online at Chemsfine. Get top-quality, domestically made hash, available now. Explore consumption methods for this premium cannabis concentrate.\" \/>\n<meta property=\"og:url\" content=\"https:\/\/chemsfine.com\/pl\/produkt\/buy-superman-hash-concentrate\/\" \/>\n<meta property=\"og:site_name\" content=\"Chemsfine\" \/>\n<meta property=\"article:modified_time\" content=\"2026-03-25T12:32:25+00:00\" \/>\n<meta property=\"og:image\" content=\"https:\/\/chemsfine.com\/wp-content\/uploads\/2026\/02\/order-superman-hash-online-dispensary-canada-buy-hash-at-bulk-buddy-1.jpg\" \/>\n\t<meta property=\"og:image:width\" content=\"1024\" \/>\n\t<meta property=\"og:image:height\" content=\"1024\" \/>\n\t<meta property=\"og:image:type\" content=\"image\/jpeg\" \/>\n<meta name=\"twitter:card\" content=\"summary_large_image\" \/>\n<meta name=\"twitter:label1\" content=\"Szacowany czas czytania\" \/>\n\t<meta name=\"twitter:data1\" content=\"5 minut\" \/>\n<script type=\"application\/ld+json\" class=\"yoast-schema-graph\">{\"@context\":\"https:\/\/schema.org\",\"@graph\":[{\"@type\":\"WebPage\",\"@id\":\"https:\/\/chemsfine.com\/product\/buy-superman-hash-concentrate\/\",\"url\":\"https:\/\/chemsfine.com\/product\/buy-superman-hash-concentrate\/\",\"name\":\"Buy Superman Hash Online - Best Quality Available at Chemsfine\",\"isPartOf\":{\"@id\":\"https:\/\/chemsfine.com\/#website\"},\"primaryImageOfPage\":{\"@id\":\"https:\/\/chemsfine.com\/product\/buy-superman-hash-concentrate\/#primaryimage\"},\"image\":{\"@id\":\"https:\/\/chemsfine.com\/product\/buy-superman-hash-concentrate\/#primaryimage\"},\"thumbnailUrl\":\"https:\/\/chemsfine.com\/wp-content\/uploads\/2026\/02\/order-superman-hash-online-dispensary-canada-buy-hash-at-bulk-buddy-1.jpg\",\"datePublished\":\"2026-02-12T10:09:45+00:00\",\"dateModified\":\"2026-03-25T12:32:25+00:00\",\"description\":\"Discover and buy Superman Hash online at Chemsfine. Get top-quality, domestically made hash, available now. Explore consumption methods for this premium cannabis concentrate.\",\"breadcrumb\":{\"@id\":\"https:\/\/chemsfine.com\/product\/buy-superman-hash-concentrate\/#breadcrumb\"},\"inLanguage\":\"pl-PL\",\"potentialAction\":[{\"@type\":\"ReadAction\",\"target\":[\"https:\/\/chemsfine.com\/product\/buy-superman-hash-concentrate\/\"]}]},{\"@type\":\"ImageObject\",\"inLanguage\":\"pl-PL\",\"@id\":\"https:\/\/chemsfine.com\/product\/buy-superman-hash-concentrate\/#primaryimage\",\"url\":\"https:\/\/chemsfine.com\/wp-content\/uploads\/2026\/02\/order-superman-hash-online-dispensary-canada-buy-hash-at-bulk-buddy-1.jpg\",\"contentUrl\":\"https:\/\/chemsfine.com\/wp-content\/uploads\/2026\/02\/order-superman-hash-online-dispensary-canada-buy-hash-at-bulk-buddy-1.jpg\",\"width\":1024,\"height\":1024},{\"@type\":\"BreadcrumbList\",\"@id\":\"https:\/\/chemsfine.com\/product\/buy-superman-hash-concentrate\/#breadcrumb\",\"itemListElement\":[{\"@type\":\"ListItem\",\"position\":1,\"name\":\"Home\",\"item\":\"https:\/\/chemsfine.com\/\"},{\"@type\":\"ListItem\",\"position\":2,\"name\":\"Shop\",\"item\":\"https:\/\/chemsfine.com\/shop\/\"},{\"@type\":\"ListItem\",\"position\":3,\"name\":\"Buy Superman Hash Online | Premium Quality Concentrate at Chemsfine\"}]},{\"@type\":\"WebSite\",\"@id\":\"https:\/\/chemsfine.com\/#website\",\"url\":\"https:\/\/chemsfine.com\/\",\"name\":\"Chemsfine\",\"description\":\"My WordPress Blog\",\"publisher\":{\"@id\":\"https:\/\/chemsfine.com\/#organization\"},\"potentialAction\":[{\"@type\":\"SearchAction\",\"target\":{\"@type\":\"EntryPoint\",\"urlTemplate\":\"https:\/\/chemsfine.com\/?s={search_term_string}\"},\"query-input\":{\"@type\":\"PropertyValueSpecification\",\"valueRequired\":true,\"valueName\":\"search_term_string\"}}],\"inLanguage\":\"pl-PL\"},{\"@type\":\"Organization\",\"@id\":\"https:\/\/chemsfine.com\/#organization\",\"name\":\"Chemsfine\",\"url\":\"https:\/\/chemsfine.com\/\",\"logo\":{\"@type\":\"ImageObject\",\"inLanguage\":\"pl-PL\",\"@id\":\"https:\/\/chemsfine.com\/#\/schema\/logo\/image\/\",\"url\":\"https:\/\/chemsfine.com\/wp-content\/uploads\/2024\/09\/final-logo.png\",\"contentUrl\":\"https:\/\/chemsfine.com\/wp-content\/uploads\/2024\/09\/final-logo.png\",\"width\":340,\"height\":72,\"caption\":\"Chemsfine\"},\"image\":{\"@id\":\"https:\/\/chemsfine.com\/#\/schema\/logo\/image\/\"}}]}<\/script>\n<!-- \/ Yoast SEO plugin. -->","yoast_head_json":{"title":"Kup Superman Hash online - najlepsza jako\u015b\u0107 dost\u0119pna w Chemsfine","description":"Odkryj i kup Superman Hash online w Chemsfine. Uzyskaj najwy\u017cszej jako\u015bci, produkowany w kraju haszysz, dost\u0119pny ju\u017c teraz. Poznaj metody konsumpcji tego koncentratu konopi premium.","robots":{"index":"index","follow":"follow","max-snippet":"max-snippet:-1","max-image-preview":"max-image-preview:large","max-video-preview":"max-video-preview:-1"},"canonical":"https:\/\/chemsfine.com\/pl\/produkt\/buy-superman-hash-concentrate\/","og_locale":"pl_PL","og_type":"article","og_title":"Buy Superman Hash Online - Best Quality Available at Chemsfine","og_description":"Discover and buy Superman Hash online at Chemsfine. Get top-quality, domestically made hash, available now. Explore consumption methods for this premium cannabis concentrate.","og_url":"https:\/\/chemsfine.com\/pl\/produkt\/buy-superman-hash-concentrate\/","og_site_name":"Chemsfine","article_modified_time":"2026-03-25T12:32:25+00:00","og_image":[{"width":1024,"height":1024,"url":"https:\/\/chemsfine.com\/wp-content\/uploads\/2026\/02\/order-superman-hash-online-dispensary-canada-buy-hash-at-bulk-buddy-1.jpg","type":"image\/jpeg"}],"twitter_card":"summary_large_image","twitter_misc":{"Szacowany czas czytania":"5 minut"},"schema":{"@context":"https:\/\/schema.org","@graph":[{"@type":"WebPage","@id":"https:\/\/chemsfine.com\/product\/buy-superman-hash-concentrate\/","url":"https:\/\/chemsfine.com\/product\/buy-superman-hash-concentrate\/","name":"Kup Superman Hash online - najlepsza jako\u015b\u0107 dost\u0119pna w Chemsfine","isPartOf":{"@id":"https:\/\/chemsfine.com\/#website"},"primaryImageOfPage":{"@id":"https:\/\/chemsfine.com\/product\/buy-superman-hash-concentrate\/#primaryimage"},"image":{"@id":"https:\/\/chemsfine.com\/product\/buy-superman-hash-concentrate\/#primaryimage"},"thumbnailUrl":"https:\/\/chemsfine.com\/wp-content\/uploads\/2026\/02\/order-superman-hash-online-dispensary-canada-buy-hash-at-bulk-buddy-1.jpg","datePublished":"2026-02-12T10:09:45+00:00","dateModified":"2026-03-25T12:32:25+00:00","description":"Odkryj i kup Superman Hash online w Chemsfine. Uzyskaj najwy\u017cszej jako\u015bci, produkowany w kraju haszysz, dost\u0119pny ju\u017c teraz. Poznaj metody konsumpcji tego koncentratu konopi premium.","breadcrumb":{"@id":"https:\/\/chemsfine.com\/product\/buy-superman-hash-concentrate\/#breadcrumb"},"inLanguage":"pl-PL","potentialAction":[{"@type":"ReadAction","target":["https:\/\/chemsfine.com\/product\/buy-superman-hash-concentrate\/"]}]},{"@type":"ImageObject","inLanguage":"pl-PL","@id":"https:\/\/chemsfine.com\/product\/buy-superman-hash-concentrate\/#primaryimage","url":"https:\/\/chemsfine.com\/wp-content\/uploads\/2026\/02\/order-superman-hash-online-dispensary-canada-buy-hash-at-bulk-buddy-1.jpg","contentUrl":"https:\/\/chemsfine.com\/wp-content\/uploads\/2026\/02\/order-superman-hash-online-dispensary-canada-buy-hash-at-bulk-buddy-1.jpg","width":1024,"height":1024},{"@type":"BreadcrumbList","@id":"https:\/\/chemsfine.com\/product\/buy-superman-hash-concentrate\/#breadcrumb","itemListElement":[{"@type":"ListItem","position":1,"name":"Home","item":"https:\/\/chemsfine.com\/"},{"@type":"ListItem","position":2,"name":"Shop","item":"https:\/\/chemsfine.com\/shop\/"},{"@type":"ListItem","position":3,"name":"Buy Superman Hash Online | Premium Quality Concentrate at Chemsfine"}]},{"@type":"WebSite","@id":"https:\/\/chemsfine.com\/#website","url":"https:\/\/chemsfine.com\/","name":"Chemsfine","description":"M\u00f3j blog WordPress","publisher":{"@id":"https:\/\/chemsfine.com\/#organization"},"potentialAction":[{"@type":"SearchAction","target":{"@type":"EntryPoint","urlTemplate":"https:\/\/chemsfine.com\/?s={search_term_string}"},"query-input":{"@type":"PropertyValueSpecification","valueRequired":true,"valueName":"search_term_string"}}],"inLanguage":"pl-PL"},{"@type":"Organization","@id":"https:\/\/chemsfine.com\/#organization","name":"Chemsfine","url":"https:\/\/chemsfine.com\/","logo":{"@type":"ImageObject","inLanguage":"pl-PL","@id":"https:\/\/chemsfine.com\/#\/schema\/logo\/image\/","url":"https:\/\/chemsfine.com\/wp-content\/uploads\/2024\/09\/final-logo.png","contentUrl":"https:\/\/chemsfine.com\/wp-content\/uploads\/2024\/09\/final-logo.png","width":340,"height":72,"caption":"Chemsfine"},"image":{"@id":"https:\/\/chemsfine.com\/#\/schema\/logo\/image\/"}}]}},"_links":{"self":[{"href":"https:\/\/chemsfine.com\/pl\/wp-json\/wp\/v2\/product\/6658","targetHints":{"allow":["GET"]}}],"collection":[{"href":"https:\/\/chemsfine.com\/pl\/wp-json\/wp\/v2\/product"}],"about":[{"href":"https:\/\/chemsfine.com\/pl\/wp-json\/wp\/v2\/types\/product"}],"replies":[{"embeddable":true,"href":"https:\/\/chemsfine.com\/pl\/wp-json\/wp\/v2\/comments?post=6658"}],"wp:featuredmedia":[{"embeddable":true,"href":"https:\/\/chemsfine.com\/pl\/wp-json\/wp\/v2\/media\/6711"}],"wp:attachment":[{"href":"https:\/\/chemsfine.com\/pl\/wp-json\/wp\/v2\/media?parent=6658"}],"wp:term":[{"taxonomy":"product_brand","embeddable":true,"href":"https:\/\/chemsfine.com\/pl\/wp-json\/wp\/v2\/product_brand?post=6658"},{"taxonomy":"product_cat","embeddable":true,"href":"https:\/\/chemsfine.com\/pl\/wp-json\/wp\/v2\/product_cat?post=6658"},{"taxonomy":"product_tag","embeddable":true,"href":"https:\/\/chemsfine.com\/pl\/wp-json\/wp\/v2\/product_tag?post=6658"}],"curies":[{"name":"wp","href":"https:\/\/api.w.org\/{rel}","templated":true}]}}