{"id":6661,"date":"2026-02-12T10:09:46","date_gmt":"2026-02-12T10:09:46","guid":{"rendered":"https:\/\/chemsfine.com\/?post_type=product&#038;p=6661"},"modified":"2026-03-25T12:30:51","modified_gmt":"2026-03-25T12:30:51","slug":"buy-air-force-hash","status":"publish","type":"product","link":"https:\/\/chemsfine.com\/pl\/product\/buy-air-force-hash\/","title":{"rendered":"Kup Air Force Hash Online | Koncentrat marihuany premium"},"content":{"rendered":"<p>Witamy w Chemsfine, wiod\u0105cym sklepie internetowym z najwy\u017cszej jako\u015bci koncentratami konopi. Je\u015bli szukasz <b>kupi\u0107 Air Force Hash na sprzeda\u017c<\/b>, to trafi\u0142e\u015b we w\u0142a\u015bciwe miejsce. Z dum\u0105 oferujemy ten autentyczny i silny koncentrat konopi, znany z wyj\u0105tkowej jako\u015bci i tradycyjnego rzemios\u0142a. W Chemsfine rozumiemy wymagaj\u0105ce gusta entuzjast\u00f3w konopi indyjskich, dlatego te\u017c skrupulatnie selekcjonujemy nasz wyb\u00f3r, aby dostarcza\u0107 tylko najlepsze dost\u0119pne produkty. Do\u015bwiadcz naprawd\u0119 wyj\u0105tkowego koncentratu, kt\u00f3ry uciele\u015bnia bogate dziedzictwo i niezr\u00f3wnan\u0105 moc. Nasze zaanga\u017cowanie w zapewnienie dost\u0119pu do <b>hasz premium online<\/b> gwarantuje, \u017ce otrzymasz produkt spe\u0142niaj\u0105cy najwy\u017csze standardy doskona\u0142o\u015bci i czysto\u015bci. Odkryj, dlaczego ten konkretny haszysz jest ulubionym wyborem dla os\u00f3b poszukuj\u0105cych g\u0142\u0119bokich dozna\u0144 zwi\u0105zanych z konopiami indyjskimi.<\/p>\n<h2>Czym jest Air Force Hash?<\/h2>\n<p><b>Air Force Hash<\/b> to wyr\u00f3\u017cniaj\u0105ca si\u0119 i tradycyjna forma haszyszu, wywodz\u0105ca si\u0119 z u\u015bwi\u0119conych tradycj\u0105 praktyk. Jego produkcja polega na r\u0119cznym prasowaniu suchego przesiewu konopi, skrupulatnie po\u0142\u0105czonego z niewielk\u0105 ilo\u015bci\u0105 wody lub herbaty. Ta rzemie\u015blnicza, r\u0119czna technika prasowania ma kluczowe znaczenie dla uzyskania wysoce elastycznego haszyszu, znanego z bogatego, z\u0142o\u017conego profilu smakowego i wyra\u017anego, silnego aromatycznego zapachu. Historycznie, produkt ko\u0144cowy tej konkretnej receptury haszyszu by\u0142 powszechnie przechowywany w postaci wygodnych cegie\u0142ek o wadze 100 mg lub zwartych kulek haszyszu, co odzwierciedla jego tradycyjne pochodzenie i metody przygotowania. Podczas gdy sztuka produkcji haszyszu rozprzestrzeni\u0142a si\u0119 szeroko na ca\u0142ym \u015bwiecie na przestrzeni wiek\u00f3w, ta konkretna formu\u0142a jest unikalnym dzie\u0142em. Dzi\u015b to prawdziwe do\u015bwiadczenie jest produkowane lokalnie, oddaj\u0105c autentyczny smak i najwy\u017csz\u0105 jako\u015b\u0107, kt\u00f3re sprawi\u0142y, \u017ce jest to ceniona tradycja, urzekaj\u0105ca koneser\u00f3w konopi na ca\u0142ym \u015bwiecie. Jest to naprawd\u0119 <b>Najwy\u017cszej jako\u015bci koncentrat konopi<\/b> do\u015bwiadczenie czeka na Ciebie.<\/p>\n<h2>Dlaczego warto kupi\u0107 Air Force Hash online w Chemsfine?<\/h2>\n<p>Wyb\u00f3r <b>Kup Air Force Hash online<\/b> od Chemsfine oznacza wyb\u00f3r niezawodno\u015bci, jako\u015bci i niezr\u00f3wnanej obs\u0142ugi klienta. Jeste\u015bmy dumni z tego, \u017ce jeste\u015bmy zaufanym \u017ar\u00f3d\u0142em <b>produkty premium z konopi indyjskich<\/b>, Gwarantujemy, \u017ce ka\u017cdy produkt w naszym asortymencie spe\u0142nia rygorystyczne standardy. Robi\u0105c zakupy u nas, masz gwarancj\u0119 otrzymania <b>Najlepszy dost\u0119pny hash<\/b>, i poparte naszym zaanga\u017cowaniem w czysto\u015b\u0107 i moc. Nasz usprawniony proces zakupu online sprawia, \u017ce nabycie preferowanych koncentrat\u00f3w jest proste i bezpieczne. Priorytetowo traktujemy zadowolenie klienta, zapewniaj\u0105c szczeg\u00f3\u0142owe informacje o produkcie i p\u0142ynn\u0105 transakcj\u0119 od wyboru do dostawy. Dzi\u0119ki Chemsfine zyskujesz dost\u0119p do autentycznych koncentrat\u00f3w, kt\u00f3re zapewniaj\u0105 sp\u00f3jne efekty i wyj\u0105tkow\u0105 warto\u015b\u0107. Dbamy o przejrzysto\u015b\u0107 i dostarczamy wy\u0142\u0105cznie produkty najwy\u017cszej jako\u015bci. Zaufaj Chemsfine, aby uzyska\u0107 doskona\u0142\u0105 podr\u00f3\u017c zakupow\u0105 online dla swoich potrzeb zwi\u0105zanych z konopiami indyjskimi.<\/p>\n<h2>Metody konsumpcji i wszechstronno\u015b\u0107<\/h2>\n<p>Wszechstronno\u015b\u0107 tego koncentratu premium czyni go ulubionym w\u015br\u00f3d entuzjast\u00f3w. Produkt ten oferuje kilka przyjemnych metod konsumpcji, umo\u017cliwiaj\u0105c dostosowanie dozna\u0144 do w\u0142asnych preferencji. Praktyczna wskaz\u00f3wka: je\u015bli zastosujesz odrobin\u0119 ciep\u0142a, ten wykwintny haszysz stanie si\u0119 bardziej plastyczny i znacznie \u0142atwiejszy w obr\u00f3bce, zwi\u0119kszaj\u0105c jego u\u017cyteczno\u015b\u0107 w r\u00f3\u017cnych technikach konsumpcji. Jego gi\u0119tka natura sprawia, \u017ce jest wysoce elastyczny, niezale\u017cnie od tego, czy preferujesz tradycyjne metody, czy nowoczesne podej\u015bcia. Oto kilka popularnych sposob\u00f3w na delektowanie si\u0119 tym wyj\u0105tkowym produktem:<\/p>\n<table border=\"1\" style=\"width:100%;border-collapse: collapse\">\n<thead>\n<tr>\n<th style=\"padding: 8px;border: 1px solid #ddd;text-align: left\">Metoda<\/th>\n<th style=\"padding: 8px;border: 1px solid #ddd;text-align: left\">Opis<\/th>\n<\/tr>\n<\/thead>\n<tbody>\n<tr>\n<td style=\"padding: 8px;border: 1px solid #ddd\"><b>Wzmocnienie staw\u00f3w<\/b><\/td>\n<td style=\"padding: 8px;border: 1px solid #ddd\">Rozdrobnij niewielk\u0105 ilo\u015b\u0107 haszyszu i posyp nim swojego jointa, aby uzyska\u0107 jeszcze lepsze doznania, dodaj\u0105c mu mocy i smaku.<\/td>\n<\/tr>\n<tr>\n<td style=\"padding: 8px;border: 1px solid #ddd\"><b>Fajka\/Bong\/Hookah<\/b><\/td>\n<td style=\"padding: 8px;border: 1px solid #ddd\">Mo\u017cna j\u0105 pali\u0107 bezpo\u015brednio z fajki, bonga lub fajki wodnej, uzyskuj\u0105c g\u0142adkie, aromatyczne zaci\u0105gni\u0119cia i silne efekty.<\/td>\n<\/tr>\n<tr>\n<td style=\"padding: 8px;border: 1px solid #ddd\"><b>U\u017cycie jednego trafienia<\/b><\/td>\n<td style=\"padding: 8px;border: 1px solid #ddd\">Idealny do szybkich, dyskretnych sesji, u\u017cyj jednego hittera, aby cieszy\u0107 si\u0119 skoncentrowan\u0105 dawk\u0105 haszyszu.<\/td>\n<\/tr>\n<tr>\n<td style=\"padding: 8px;border: 1px solid #ddd\"><b>Odparowanie<\/b><\/td>\n<td style=\"padding: 8px;border: 1px solid #ddd\">Cho\u0107 nie zosta\u0142o to wyra\u017anie wymienione powy\u017cej, wielu koneser\u00f3w lubi r\u00f3wnie\u017c waporyzowa\u0107 haszysz, aby uzyska\u0107 czyste, przyjazne dla p\u0142uc doznania.<\/td>\n<\/tr>\n<\/tbody>\n<\/table>\n<h2>Zrozumie\u0107 haszysz: Koncentrat premium<\/h2>\n<p>Hash, cz\u0119sto okre\u015blany jako haszysz, jest bardzo poszukiwanym koncentratem skrupulatnie wytwarzanym z \u017cywicy konopi indyjskich. Ta skoncentrowana forma wychwytuje silne zwi\u0105zki i bogate terpeny ro\u015bliny, zapewniaj\u0105c bardziej intensywne doznania w por\u00f3wnaniu z tradycyjnymi kwiatami. Zazwyczaj spo\u017cywa si\u0119 go poprzez wdychanie z ma\u0142ego kawa\u0142ka, powszechnie u\u017cywanego w fajce, bongu lub waporyzatorze, lub zmieszanego z jointem. Dla tych, kt\u00f3rzy preferuj\u0105 spo\u017cycie doustne, mo\u017ce by\u0107 r\u00f3wnie\u017c spo\u017cywany po kluczowym procesie dekarboksylacji w celu aktywacji jego zwi\u0105zk\u00f3w. Wa\u017cne jest, aby pami\u0119ta\u0107, \u017ce czysty haszysz, gdy jest zwini\u0119ty sam w jointa, generalnie nie spala si\u0119 efektywnie. Dlatego te\u017c, aby zapewni\u0107 optymalne spalanie i przyjemne doznania podczas palenia, tradycyjnie miesza si\u0119 go z innymi zio\u0142owymi konopiami indyjskimi, tytoniem lub r\u00f3\u017cnymi rodzajami zi\u00f3\u0142. Zapewnia to sp\u00f3jne spalanie i wzmacnia og\u00f3lny efekt, dzi\u0119ki czemu jest wszechstronnym dodatkiem do ka\u017cdego schematu konopi. Znalezienie <b>najlepszy hash online<\/b> jest \u0142atwe dzi\u0119ki wyselekcjonowanej ofercie Chemsfine.<\/p>\n<h2>Jako\u015b\u0107 i zgodno\u015b\u0107 dla Twojego spokoju<\/h2>\n<p>W Chemsfine priorytetowo traktujemy Twoje bezpiecze\u0144stwo i satysfakcj\u0119, gdy <b>zamawianie haszyszu online<\/b>. Wszystkie nasze koncentraty konopi, w tym haszysz premium, przechodz\u0105 rygorystyczne kontrole jako\u015bci, aby zapewni\u0107, \u017ce spe\u0142niaj\u0105 najwy\u017csze standardy bran\u017cowe. Wierzymy w dostarczanie produkt\u00f3w, kt\u00f3re s\u0105 nie tylko silne i skuteczne, ale tak\u017ce bezpieczne do spo\u017cycia. Podczas gdy konkretne przepisy mog\u0105 si\u0119 r\u00f3\u017cni\u0107, jeste\u015bmy zobowi\u0105zani do przestrzegania najlepszych praktyk w zakresie obs\u0142ugi i przechowywania produkt\u00f3w. Zapewniamy, \u017ce nasze produkty s\u0105 bezpiecznie pakowane, aby zachowa\u0107 ich integralno\u015b\u0107 i moc, dop\u00f3ki nie trafi\u0105 w Twoje r\u0119ce. Wyb\u00f3r Chemsfine gwarantuje <b>bezpieczny zakup<\/b> koncentrat\u00f3w konopi premium. Zachowujemy przejrzysto\u015b\u0107 naszych produkt\u00f3w, oferuj\u0105c spok\u00f3j ducha przy ka\u017cdej transakcji. Nasze zaanga\u017cowanie w zapewnienie zgodno\u015bci i jako\u015bci sprawia, \u017ce Chemsfine jest niezawodnym \u017ar\u00f3d\u0142em dla wszystkich potrzeb zwi\u0105zanych z konopiami indyjskimi.<\/p>\n<h2>Odkryj wi\u0119cej koncentrat\u00f3w konopi w Chemsfine<\/h2>\n<p>Podczas gdy ten konkretny haszysz oferuje niezr\u00f3wnane doznania, Chemsfine jest najlepszym \u017ar\u00f3d\u0142em szerokiej gamy wysokiej jako\u015bci koncentrat\u00f3w konopi i innych specjalistycznych produkt\u00f3w. Nasz szeroki wyb\u00f3r gwarantuje, \u017ce zawsze znajdziesz idealny produkt, kt\u00f3ry b\u0119dzie odpowiada\u0142 Twoim preferencjom i potrzebom. Od silnych shatter\u00f3w i wosk\u00f3w po inne egzotyczne koncentraty, stale aktualizujemy nasz asortyment o najnowsze i najbardziej poszukiwane produkty na rynku. Zapoznaj si\u0119 z naszymi r\u00f3\u017cnorodnymi kategoriami i odkryj nowe ulubione produkty. Na przyk\u0142ad, je\u015bli szukasz innych kategorii, Chemsfine oferuje r\u00f3wnie\u017c <a href=\"https:\/\/chemsfine.com\/pl\/produkt\/kup-pvp-online\/\">zaawansowane chemikalia badawcze<\/a> oraz <a href=\"https:\/\/chemsfine.com\/pl\/produkt\/buy-k2-herbal-incense-online\/\">inne mieszanki zio\u0142owe<\/a> do r\u00f3\u017cnych cel\u00f3w. Naszym celem jest bycie punktem kompleksowej obs\u0142ugi w zakresie produkt\u00f3w o wysokiej czysto\u015bci, konsekwentnie zapewniaj\u0105c doskona\u0142o\u015b\u0107 w ca\u0142ym naszym asortymencie.<\/p>\n<h2>Zam\u00f3w sw\u00f3j Air Force Hash online ju\u017c dzi\u015b<\/h2>\n<p>Nie przegap okazji, aby do\u015bwiadczy\u0107 autentycznego smaku i pot\u0119\u017cnych efekt\u00f3w tego tradycyjnego koncentratu konopi. Mo\u017cesz \u015bmia\u0142o <b>Zam\u00f3w Air Force Hash online<\/b> z Chemsfine, wiedz\u0105c, \u017ce otrzymujesz produkt najwy\u017cszej jako\u015bci. U\u0142atwiamy zakup wysokiej jako\u015bci haszyszu online za pomoc\u0105 zaledwie kilku klikni\u0119\u0107. Dzi\u0119ki naszemu zaanga\u017cowaniu w jako\u015b\u0107, bezpieczne przetwarzanie i niezawodn\u0105 dostaw\u0119, Chemsfine jest zaufanym partnerem dla wszystkich zakup\u00f3w koncentrat\u00f3w konopi. Do\u0142\u0105cz do niezliczonych zadowolonych klient\u00f3w, kt\u00f3rzy uczynili Chemsfine preferowanym \u017ar\u00f3d\u0142em dla <b>autentyczny haszysz premium<\/b> i inne produkty z najwy\u017cszej p\u00f3\u0142ki. Zr\u00f3b kolejny krok i ulepsz swoj\u0105 przygod\u0119 z konopiami indyjskimi; Tw\u00f3j wysokiej jako\u015bci haszysz jest gotowy do wysy\u0142ki za jednym klikni\u0119ciem. Kup teraz i podnie\u015b swoje doznania dzi\u0119ki naprawd\u0119 wyj\u0105tkowemu produktowi.<\/p>","protected":false},"excerpt":{"rendered":"<p>Odkryj <b>Air Force Hash<\/b>, to najwy\u017cszej jako\u015bci koncentrat konopi indyjskich wytwarzany tradycyjnymi metodami r\u0119cznego t\u0142oczenia. Znany ze swojej elastyczno\u015bci, bogatego smaku i aromatycznego profilu, haszysz ten oferuje autentyczne i silne doznania. \u0141atwo plastyczny z odrobin\u0105 ciep\u0142a, jest idealny do joint\u00f3w, fajek lub waporyzator\u00f3w. Osoby poszukuj\u0105ce najwy\u017cszej jako\u015bci koncentrat\u00f3w mog\u0105 niezawodnie <b>Kup Air Force Hash w Chemsfine<\/b>, zapewniaj\u0105c najwy\u017cszej jako\u015bci produkt dla Twojej przyjemno\u015bci.<\/p>","protected":false},"featured_media":6719,"comment_status":"open","ping_status":"closed","template":"","meta":{"_joinchat":[]},"product_brand":[],"product_cat":[942],"product_tag":[],"class_list":{"0":"post-6661","1":"product","2":"type-product","3":"status-publish","4":"has-post-thumbnail","6":"product_cat-hashish","8":"first","9":"instock","10":"shipping-taxable","11":"purchasable","12":"product-type-variable"},"yoast_head":"<!-- This site is optimized with the Yoast SEO plugin v27.2 - https:\/\/yoast.com\/product\/yoast-seo-wordpress\/ -->\n<title>Buy Air Force Hash Online - Premium Cannabis Hash<\/title>\n<meta name=\"description\" content=\"Discover premium Air Force Hash available for purchase online. Experience the authentic taste and potent effects of this top-quality cannabis concentrate. Buy now for reliable delivery.\" \/>\n<meta name=\"robots\" content=\"index, follow, max-snippet:-1, max-image-preview:large, max-video-preview:-1\" \/>\n<link rel=\"canonical\" href=\"https:\/\/chemsfine.com\/pl\/produkt\/buy-air-force-hash\/\" \/>\n<meta property=\"og:locale\" content=\"pl_PL\" \/>\n<meta property=\"og:type\" content=\"article\" \/>\n<meta property=\"og:title\" content=\"Buy Air Force Hash Online - Premium Cannabis Hash\" \/>\n<meta property=\"og:description\" content=\"Discover premium Air Force Hash available for purchase online. Experience the authentic taste and potent effects of this top-quality cannabis concentrate. Buy now for reliable delivery.\" \/>\n<meta property=\"og:url\" content=\"https:\/\/chemsfine.com\/pl\/produkt\/buy-air-force-hash\/\" \/>\n<meta property=\"og:site_name\" content=\"Chemsfine\" \/>\n<meta property=\"article:modified_time\" content=\"2026-03-25T12:30:51+00:00\" \/>\n<meta property=\"og:image\" content=\"https:\/\/chemsfine.com\/wp-content\/uploads\/2026\/02\/air-force-hash-online-dispensary-canada-bulk-buddy-weed-1.jpg\" \/>\n\t<meta property=\"og:image:width\" content=\"1600\" \/>\n\t<meta property=\"og:image:height\" content=\"1600\" \/>\n\t<meta property=\"og:image:type\" content=\"image\/jpeg\" \/>\n<meta name=\"twitter:card\" content=\"summary_large_image\" \/>\n<meta name=\"twitter:label1\" content=\"Szacowany czas czytania\" \/>\n\t<meta name=\"twitter:data1\" content=\"6 minut\" \/>\n<script type=\"application\/ld+json\" class=\"yoast-schema-graph\">{\"@context\":\"https:\/\/schema.org\",\"@graph\":[{\"@type\":\"WebPage\",\"@id\":\"https:\/\/chemsfine.com\/product\/buy-air-force-hash\/\",\"url\":\"https:\/\/chemsfine.com\/product\/buy-air-force-hash\/\",\"name\":\"Buy Air Force Hash Online - Premium Cannabis Hash\",\"isPartOf\":{\"@id\":\"https:\/\/chemsfine.com\/#website\"},\"primaryImageOfPage\":{\"@id\":\"https:\/\/chemsfine.com\/product\/buy-air-force-hash\/#primaryimage\"},\"image\":{\"@id\":\"https:\/\/chemsfine.com\/product\/buy-air-force-hash\/#primaryimage\"},\"thumbnailUrl\":\"https:\/\/chemsfine.com\/wp-content\/uploads\/2026\/02\/air-force-hash-online-dispensary-canada-bulk-buddy-weed-1.jpg\",\"datePublished\":\"2026-02-12T10:09:46+00:00\",\"dateModified\":\"2026-03-25T12:30:51+00:00\",\"description\":\"Discover premium Air Force Hash available for purchase online. Experience the authentic taste and potent effects of this top-quality cannabis concentrate. Buy now for reliable delivery.\",\"breadcrumb\":{\"@id\":\"https:\/\/chemsfine.com\/product\/buy-air-force-hash\/#breadcrumb\"},\"inLanguage\":\"pl-PL\",\"potentialAction\":[{\"@type\":\"ReadAction\",\"target\":[\"https:\/\/chemsfine.com\/product\/buy-air-force-hash\/\"]}]},{\"@type\":\"ImageObject\",\"inLanguage\":\"pl-PL\",\"@id\":\"https:\/\/chemsfine.com\/product\/buy-air-force-hash\/#primaryimage\",\"url\":\"https:\/\/chemsfine.com\/wp-content\/uploads\/2026\/02\/air-force-hash-online-dispensary-canada-bulk-buddy-weed-1.jpg\",\"contentUrl\":\"https:\/\/chemsfine.com\/wp-content\/uploads\/2026\/02\/air-force-hash-online-dispensary-canada-bulk-buddy-weed-1.jpg\",\"width\":1600,\"height\":1600},{\"@type\":\"BreadcrumbList\",\"@id\":\"https:\/\/chemsfine.com\/product\/buy-air-force-hash\/#breadcrumb\",\"itemListElement\":[{\"@type\":\"ListItem\",\"position\":1,\"name\":\"Home\",\"item\":\"https:\/\/chemsfine.com\/\"},{\"@type\":\"ListItem\",\"position\":2,\"name\":\"Shop\",\"item\":\"https:\/\/chemsfine.com\/shop\/\"},{\"@type\":\"ListItem\",\"position\":3,\"name\":\"Buy Air Force Hash Online | Premium Cannabis Concentrate\"}]},{\"@type\":\"WebSite\",\"@id\":\"https:\/\/chemsfine.com\/#website\",\"url\":\"https:\/\/chemsfine.com\/\",\"name\":\"Chemsfine\",\"description\":\"My WordPress Blog\",\"publisher\":{\"@id\":\"https:\/\/chemsfine.com\/#organization\"},\"potentialAction\":[{\"@type\":\"SearchAction\",\"target\":{\"@type\":\"EntryPoint\",\"urlTemplate\":\"https:\/\/chemsfine.com\/?s={search_term_string}\"},\"query-input\":{\"@type\":\"PropertyValueSpecification\",\"valueRequired\":true,\"valueName\":\"search_term_string\"}}],\"inLanguage\":\"pl-PL\"},{\"@type\":\"Organization\",\"@id\":\"https:\/\/chemsfine.com\/#organization\",\"name\":\"Chemsfine\",\"url\":\"https:\/\/chemsfine.com\/\",\"logo\":{\"@type\":\"ImageObject\",\"inLanguage\":\"pl-PL\",\"@id\":\"https:\/\/chemsfine.com\/#\/schema\/logo\/image\/\",\"url\":\"https:\/\/chemsfine.com\/wp-content\/uploads\/2024\/09\/final-logo.png\",\"contentUrl\":\"https:\/\/chemsfine.com\/wp-content\/uploads\/2024\/09\/final-logo.png\",\"width\":340,\"height\":72,\"caption\":\"Chemsfine\"},\"image\":{\"@id\":\"https:\/\/chemsfine.com\/#\/schema\/logo\/image\/\"}}]}<\/script>\n<!-- \/ Yoast SEO plugin. -->","yoast_head_json":{"title":"Kup online Air Force Hash - wysokiej jako\u015bci haszysz z konopi indyjskich","description":"Odkryj wysokiej jako\u015bci Air Force Hash dost\u0119pny do zakupu online. Do\u015bwiadcz autentycznego smaku i silnego dzia\u0142ania tego najwy\u017cszej jako\u015bci koncentratu konopi. Kup teraz, aby uzyska\u0107 niezawodn\u0105 dostaw\u0119.","robots":{"index":"index","follow":"follow","max-snippet":"max-snippet:-1","max-image-preview":"max-image-preview:large","max-video-preview":"max-video-preview:-1"},"canonical":"https:\/\/chemsfine.com\/pl\/produkt\/buy-air-force-hash\/","og_locale":"pl_PL","og_type":"article","og_title":"Buy Air Force Hash Online - Premium Cannabis Hash","og_description":"Discover premium Air Force Hash available for purchase online. Experience the authentic taste and potent effects of this top-quality cannabis concentrate. Buy now for reliable delivery.","og_url":"https:\/\/chemsfine.com\/pl\/produkt\/buy-air-force-hash\/","og_site_name":"Chemsfine","article_modified_time":"2026-03-25T12:30:51+00:00","og_image":[{"width":1600,"height":1600,"url":"https:\/\/chemsfine.com\/wp-content\/uploads\/2026\/02\/air-force-hash-online-dispensary-canada-bulk-buddy-weed-1.jpg","type":"image\/jpeg"}],"twitter_card":"summary_large_image","twitter_misc":{"Szacowany czas czytania":"6 minut"},"schema":{"@context":"https:\/\/schema.org","@graph":[{"@type":"WebPage","@id":"https:\/\/chemsfine.com\/product\/buy-air-force-hash\/","url":"https:\/\/chemsfine.com\/product\/buy-air-force-hash\/","name":"Kup online Air Force Hash - wysokiej jako\u015bci haszysz z konopi indyjskich","isPartOf":{"@id":"https:\/\/chemsfine.com\/#website"},"primaryImageOfPage":{"@id":"https:\/\/chemsfine.com\/product\/buy-air-force-hash\/#primaryimage"},"image":{"@id":"https:\/\/chemsfine.com\/product\/buy-air-force-hash\/#primaryimage"},"thumbnailUrl":"https:\/\/chemsfine.com\/wp-content\/uploads\/2026\/02\/air-force-hash-online-dispensary-canada-bulk-buddy-weed-1.jpg","datePublished":"2026-02-12T10:09:46+00:00","dateModified":"2026-03-25T12:30:51+00:00","description":"Odkryj wysokiej jako\u015bci Air Force Hash dost\u0119pny do zakupu online. Do\u015bwiadcz autentycznego smaku i silnego dzia\u0142ania tego najwy\u017cszej jako\u015bci koncentratu konopi. Kup teraz, aby uzyska\u0107 niezawodn\u0105 dostaw\u0119.","breadcrumb":{"@id":"https:\/\/chemsfine.com\/product\/buy-air-force-hash\/#breadcrumb"},"inLanguage":"pl-PL","potentialAction":[{"@type":"ReadAction","target":["https:\/\/chemsfine.com\/product\/buy-air-force-hash\/"]}]},{"@type":"ImageObject","inLanguage":"pl-PL","@id":"https:\/\/chemsfine.com\/product\/buy-air-force-hash\/#primaryimage","url":"https:\/\/chemsfine.com\/wp-content\/uploads\/2026\/02\/air-force-hash-online-dispensary-canada-bulk-buddy-weed-1.jpg","contentUrl":"https:\/\/chemsfine.com\/wp-content\/uploads\/2026\/02\/air-force-hash-online-dispensary-canada-bulk-buddy-weed-1.jpg","width":1600,"height":1600},{"@type":"BreadcrumbList","@id":"https:\/\/chemsfine.com\/product\/buy-air-force-hash\/#breadcrumb","itemListElement":[{"@type":"ListItem","position":1,"name":"Home","item":"https:\/\/chemsfine.com\/"},{"@type":"ListItem","position":2,"name":"Shop","item":"https:\/\/chemsfine.com\/shop\/"},{"@type":"ListItem","position":3,"name":"Buy Air Force Hash Online | Premium Cannabis Concentrate"}]},{"@type":"WebSite","@id":"https:\/\/chemsfine.com\/#website","url":"https:\/\/chemsfine.com\/","name":"Chemsfine","description":"M\u00f3j blog WordPress","publisher":{"@id":"https:\/\/chemsfine.com\/#organization"},"potentialAction":[{"@type":"SearchAction","target":{"@type":"EntryPoint","urlTemplate":"https:\/\/chemsfine.com\/?s={search_term_string}"},"query-input":{"@type":"PropertyValueSpecification","valueRequired":true,"valueName":"search_term_string"}}],"inLanguage":"pl-PL"},{"@type":"Organization","@id":"https:\/\/chemsfine.com\/#organization","name":"Chemsfine","url":"https:\/\/chemsfine.com\/","logo":{"@type":"ImageObject","inLanguage":"pl-PL","@id":"https:\/\/chemsfine.com\/#\/schema\/logo\/image\/","url":"https:\/\/chemsfine.com\/wp-content\/uploads\/2024\/09\/final-logo.png","contentUrl":"https:\/\/chemsfine.com\/wp-content\/uploads\/2024\/09\/final-logo.png","width":340,"height":72,"caption":"Chemsfine"},"image":{"@id":"https:\/\/chemsfine.com\/#\/schema\/logo\/image\/"}}]}},"_links":{"self":[{"href":"https:\/\/chemsfine.com\/pl\/wp-json\/wp\/v2\/product\/6661","targetHints":{"allow":["GET"]}}],"collection":[{"href":"https:\/\/chemsfine.com\/pl\/wp-json\/wp\/v2\/product"}],"about":[{"href":"https:\/\/chemsfine.com\/pl\/wp-json\/wp\/v2\/types\/product"}],"replies":[{"embeddable":true,"href":"https:\/\/chemsfine.com\/pl\/wp-json\/wp\/v2\/comments?post=6661"}],"wp:featuredmedia":[{"embeddable":true,"href":"https:\/\/chemsfine.com\/pl\/wp-json\/wp\/v2\/media\/6719"}],"wp:attachment":[{"href":"https:\/\/chemsfine.com\/pl\/wp-json\/wp\/v2\/media?parent=6661"}],"wp:term":[{"taxonomy":"product_brand","embeddable":true,"href":"https:\/\/chemsfine.com\/pl\/wp-json\/wp\/v2\/product_brand?post=6661"},{"taxonomy":"product_cat","embeddable":true,"href":"https:\/\/chemsfine.com\/pl\/wp-json\/wp\/v2\/product_cat?post=6661"},{"taxonomy":"product_tag","embeddable":true,"href":"https:\/\/chemsfine.com\/pl\/wp-json\/wp\/v2\/product_tag?post=6661"}],"curies":[{"name":"wp","href":"https:\/\/api.w.org\/{rel}","templated":true}]}}