{"id":8272,"date":"2026-02-12T18:22:45","date_gmt":"2026-02-12T18:22:45","guid":{"rendered":"https:\/\/chemsfine.com\/?post_type=product&#038;p=8272"},"modified":"2026-03-25T12:14:26","modified_gmt":"2026-03-25T12:14:26","slug":"buy-ed-db-crystals","status":"publish","type":"product","link":"https:\/\/chemsfine.com\/pl\/product\/buy-ed-db-crystals\/","title":{"rendered":"Kup kryszta\u0142y ED-DB online - Eutylon o wysokiej czysto\u015bci na sprzeda\u017c"},"content":{"rendered":"<p>Znalezienie wiarygodnego \u017ar\u00f3d\u0142a chemikali\u00f3w do bada\u0144 mo\u017ce by\u0107 cz\u0119sto wyzwaniem na dzisiejszym rynku. W Chemsfine sprawiamy, \u017ce jest to proste, bezpieczne i wydajne dla naukowc\u00f3w. <b>Kup kryszta\u0142y ED-DB na sprzeda\u017c<\/b>. Jako zarejestrowany i licencjonowany dostawca wysokiej jako\u015bci chemikali\u00f3w badawczych, zobowi\u0105zujemy si\u0119 do dostarczania wy\u0142\u0105cznie produkt\u00f3w najwy\u017cszej jako\u015bci. \u015aci\u015ble przestrzegamy mi\u0119dzynarodowych przepis\u00f3w i regulacji, aby zapewni\u0107 sprawny proces zakupu. Nasz\u0105 misj\u0105 jest wspieranie naukowc\u00f3w, laboratori\u00f3w i instytucji badawczych poprzez zapewnienie bezpiecznego dost\u0119pu do autentycznych materia\u0142\u00f3w do legalnych bada\u0144. Mo\u017cesz wygodnie <b>Zam\u00f3w kryszta\u0142y ED-DB online<\/b> z naszej bezpiecznej platformy, zapewniaj\u0105c laboratorium najwy\u017cszy standard odczynnik\u00f3w.<\/p>\n<h2>Czym s\u0105 kryszta\u0142y ED-DB (Eutylone)?<\/h2>\n<p>ED-DB, powszechnie znany jako Eutylone, jest substancj\u0105 chemiczn\u0105 wykorzystywan\u0105 w r\u00f3\u017cnych zastosowaniach analitycznych i kryminalistycznych. Dla badaczy kluczowe znaczenie ma dost\u0119p do <b>Najwy\u017cszej jako\u015bci kryszta\u0142y ED-DB<\/b> aby zapewni\u0107 wa\u017cno\u015b\u0107 i dok\u0142adno\u015b\u0107 ich danych. W Chemsfine dostarczamy kryszta\u0142y, kt\u00f3re przesz\u0142y rygorystyczne protoko\u0142y testowe. Rozumiemy, \u017ce w kontrolowanym \u015brodowisku czysto\u015b\u0107 jest najwa\u017cniejsza.<\/p>\n<table style=\"width: 100%; border-collapse: collapse; margin-bottom: 20px;\" border=\"1\" cellspacing=\"0\" cellpadding=\"10\">\n<tbody>\n<tr>\n<td style=\"font-weight: bold;\">Nazwa produktu<\/td>\n<td>Kryszta\u0142y ED-DB (Eutylon)<\/td>\n<\/tr>\n<tr>\n<td style=\"font-weight: bold;\">Formularz<\/td>\n<td>Krystaliczne cia\u0142o sta\u0142e<\/td>\n<\/tr>\n<tr>\n<td style=\"font-weight: bold;\">Czysto\u015b\u0107<\/td>\n<td>Wysoka czysto\u015b\u0107 (testowana laboratoryjnie)<\/td>\n<\/tr>\n<tr>\n<td style=\"font-weight: bold;\">U\u017cycie<\/td>\n<td>Tylko badania laboratoryjne<\/td>\n<\/tr>\n<tr>\n<td style=\"font-weight: bold;\">Dost\u0119pno\u015b\u0107<\/td>\n<td>W magazynie<\/td>\n<\/tr>\n<\/tbody>\n<\/table>\n<h2>Dlaczego warto kupi\u0107 kryszta\u0142y ED-DB online w Chemsfine?<\/h2>\n<p>\u015aci\u015ble przestrzegamy standard\u00f3w regulacyjnych, co daje ci spok\u00f3j ducha, gdy zdecydujesz si\u0119 na <a href=\"https:\/\/chemsfine.com\/pl\/produkt\/dr-who-shatter-premium-indica-hybrid-shatter-online\/\">Materia\u0142y badawcze premium<\/a> na arenie mi\u0119dzynarodowej. Nasze zaanga\u017cowanie w przestrzeganie przepis\u00f3w gwarantuje, \u017ce ka\u017cda transakcja pozostaje legalna i przejrzysta. Ponadto kontrola jako\u015bci jest naszym najwy\u017cszym priorytetem. Wszystkie kryszta\u0142y ED-DB (Eutylone) s\u0105 testowane laboratoryjnie i weryfikowane pod k\u0105tem czysto\u015bci, zanim opuszcz\u0105 nasz zak\u0142ad. To po\u015bwi\u0119cenie gwarantuje, \u017ce otrzymasz <b>Najlepsze dost\u0119pne kryszta\u0142y ED-DB<\/b> na rynku.<\/p>\n<p>Co wi\u0119cej, nasza sie\u0107 logistyczna sprawnie obs\u0142uguje wysy\u0142ki na ca\u0142ym \u015bwiecie. Niezale\u017cnie od tego, czy znajdujesz si\u0119 w Europie, Ameryce P\u00f3\u0142nocnej, Azji czy gdziekolwiek indziej, Chemsfine zapewnia szybk\u0105 i dyskretn\u0105 dostaw\u0119. Korzystamy z szyfrowanych transakcji i poufnych metod wysy\u0142ki, co oznacza, \u017ce twoje zam\u00f3wienie pozostaje bezpieczne i prywatne przez ca\u0142y proces. Nasz zesp\u00f3\u0142 obs\u0142ugi klienta oferuje profesjonaln\u0105 pomoc badaczom na ca\u0142ym \u015bwiecie, zapewniaj\u0105c bezproblemow\u0105 obs\u0142ug\u0119.<\/p>\n<h2>Aplikacje (tylko do u\u017cytku badawczego)<\/h2>\n<p>Kryszta\u0142y te s\u0105 przeznaczone wy\u0142\u0105cznie do bada\u0144 naukowych. Typowe zastosowania obejmuj\u0105:<\/p>\n<ul>\n<li>Kryminalistyczna analiza chemiczna i testowanie standard\u00f3w referencyjnych.<\/li>\n<li>Spektrometria masowa i spektroskopia magnetycznego rezonansu j\u0105drowego.<\/li>\n<li>Testowanie odczynnik\u00f3w w kontrolowanych warunkach laboratoryjnych.<\/li>\n<li>Badania toksykologiczne i farmakologiczne.<\/li>\n<li>Por\u00f3wnanie z innymi <a href=\"https:\/\/chemsfine.com\/pl\/produkt\/concentrated-candy-land-bath-salts-500mg\/\">skoncentrowane pr\u00f3bki chemiczne<\/a> do analizy strukturalnej.<\/li>\n<\/ul>\n<h2>Bezpiecze\u0144stwo i zgodno\u015b\u0107<\/h2>\n<p>Chemsfine dostarcza ED-DB (Eutylone) Crystals wy\u0142\u0105cznie do u\u017cytku badawczego i laboratoryjnego. Produkty te nie s\u0105 przeznaczone do spo\u017cycia przez ludzi. Wykwalifikowani specjali\u015bci musz\u0105 obchodzi\u0107 si\u0119 z nimi w kontrolowanych \u015brodowiskach przy u\u017cyciu odpowiedniego sprz\u0119tu ochrony osobistej (PPE). Na \u017cyczenie dostarczamy karty charakterystyki (SDS), aby zapewni\u0107, \u017ce laboratorium przestrzega wszystkich protoko\u0142\u00f3w bezpiecze\u0144stwa.<\/p>\n<h2>Dlaczego warto wybra\u0107 nas?<\/h2>\n<p>Obs\u0142ugujemy klient\u00f3w na ca\u0142ym \u015bwiecie, ciesz\u0105c si\u0119 reputacj\u0105 zbudowan\u0105 na zaufaniu, zgodno\u015bci i doskona\u0142o\u015bci. Od logistyki zapewniaj\u0105cej niezawodny zasi\u0119g na ca\u0142ym \u015bwiecie po nasze przejrzyste procesy weryfikacji, naukowcy wci\u0105\u017c nas wybieraj\u0105. Kiedy jeste\u015b gotowy na <b>Zam\u00f3w kryszta\u0142y ED-DB online<\/b>, Post\u0119puj zgodnie z naszym prostym przewodnikiem:<\/p>\n<ul>\n<li><b>Odwied\u017a Chemsfine:<\/b> \u0141atwa lokalizacja strony produktu.<\/li>\n<li><b>Wybierz ilo\u015b\u0107:<\/b> Wybierz kwot\u0119 odpowiedni\u0105 do swoich potrzeb badawczych.<\/li>\n<li><b>Bezpieczna p\u0142atno\u015b\u0107:<\/b> Skorzystaj z naszej szyfrowanej bramki p\u0142atno\u015bci.<\/li>\n<li><b>Dostawa globalna:<\/b> Wprowad\u017a dok\u0142adne dane, aby zapewni\u0107 szybk\u0105 i bezpieczn\u0105 wysy\u0142k\u0119.<\/li>\n<\/ul>\n<p>\u0141\u0105czymy najwy\u017csz\u0105 jako\u015b\u0107, globaln\u0105 dostaw\u0119 i zgodno\u015b\u0107 z przepisami, aby zapewni\u0107 bezproblemowe prowadzenie bada\u0144. Odbierz swoj\u0105 paczk\u0119 dyskretnie, bez wzgl\u0119du na lokalizacj\u0119.<\/p>\n<h2>Wnioski<\/h2>\n<p>Je\u015bli chcesz zam\u00f3wi\u0107 ED-DB (Eutylone) Crystals online od zaufanego, zgodnego i profesjonalnego dostawcy, Chemsfine jest najlepszym wyborem. Gwarantujemy <b>Bezpieczny zakup<\/b> i autentyczne produkty. Odwied\u017a Chemsfine ju\u017c dzi\u015b i z\u0142\u00f3\u017c zam\u00f3wienie na <b>Kryszta\u0142y ED-DB na sprzeda\u017c<\/b> z ca\u0142kowit\u0105 pewno\u015bci\u0105.<\/p>","protected":false},"excerpt":{"rendered":"<p>Zabezpiecz materia\u0142 o wysokiej czysto\u015bci dla swoich wymaga\u0144 analitycznych. <b>Kryszta\u0142y ED-DB<\/b> s\u0105 dost\u0119pne do legalnych zastosowa\u0144 laboratoryjnych, oferuj\u0105c sprawdzon\u0105 jako\u015b\u0107 do precyzyjnego gromadzenia danych. Kiedy <b>kup w Chemsfine<\/b>, zapewnia dost\u0119p do odczynnik\u00f3w testowanych laboratoryjnie i obs\u0142ugiwanych z zachowaniem \u015bcis\u0142ej, profesjonalnej zgodno\u015bci. Kryszta\u0142y te s\u0105 przeznaczone wy\u0142\u0105cznie do bada\u0144 naukowych i analiz kryminalistycznych w kontrolowanych \u015brodowiskach.<\/p>","protected":false},"featured_media":8575,"comment_status":"open","ping_status":"closed","template":"","meta":{"_joinchat":[]},"product_brand":[],"product_cat":[938],"product_tag":[],"class_list":{"0":"post-8272","1":"product","2":"type-product","3":"status-publish","4":"has-post-thumbnail","6":"product_cat-cathinone","8":"first","9":"instock","10":"shipping-taxable","11":"purchasable","12":"product-type-variable"},"yoast_head":"<!-- This site is optimized with the Yoast SEO plugin v27.2 - https:\/\/yoast.com\/product\/yoast-seo-wordpress\/ -->\n<title>Buy ED-DB Crystals Online \u2013 High Purity Eutylone For Sale<\/title>\n<meta name=\"description\" content=\"Looking for high-quality research chemicals? Order ED-DB Crystals online at Chemsfine. We offer lab-tested Eutylone with secure global delivery. Buy now.\" \/>\n<meta name=\"robots\" content=\"index, follow, max-snippet:-1, max-image-preview:large, max-video-preview:-1\" \/>\n<link rel=\"canonical\" href=\"https:\/\/chemsfine.com\/pl\/produkt\/buy-ed-db-crystals\/\" \/>\n<meta property=\"og:locale\" content=\"pl_PL\" \/>\n<meta property=\"og:type\" content=\"article\" \/>\n<meta property=\"og:title\" content=\"Buy ED-DB Crystals Online \u2013 High Purity Eutylone For Sale\" \/>\n<meta property=\"og:description\" content=\"Looking for high-quality research chemicals? Order ED-DB Crystals online at Chemsfine. We offer lab-tested Eutylone with secure global delivery. Buy now.\" \/>\n<meta property=\"og:url\" content=\"https:\/\/chemsfine.com\/pl\/produkt\/buy-ed-db-crystals\/\" \/>\n<meta property=\"og:site_name\" content=\"Chemsfine\" \/>\n<meta property=\"article:modified_time\" content=\"2026-03-25T12:14:26+00:00\" \/>\n<meta property=\"og:image\" content=\"https:\/\/chemsfine.com\/wp-content\/uploads\/2026\/02\/eutylone-500x500-1.webp\" \/>\n\t<meta property=\"og:image:width\" content=\"500\" \/>\n\t<meta property=\"og:image:height\" content=\"375\" \/>\n\t<meta property=\"og:image:type\" content=\"image\/webp\" \/>\n<meta name=\"twitter:card\" content=\"summary_large_image\" \/>\n<meta name=\"twitter:label1\" content=\"Szacowany czas czytania\" \/>\n\t<meta name=\"twitter:data1\" content=\"3 minuty\" \/>\n<script type=\"application\/ld+json\" class=\"yoast-schema-graph\">{\"@context\":\"https:\/\/schema.org\",\"@graph\":[{\"@type\":\"WebPage\",\"@id\":\"https:\/\/chemsfine.com\/product\/buy-ed-db-crystals\/\",\"url\":\"https:\/\/chemsfine.com\/product\/buy-ed-db-crystals\/\",\"name\":\"Buy ED-DB Crystals Online \u2013 High Purity Eutylone For Sale\",\"isPartOf\":{\"@id\":\"https:\/\/chemsfine.com\/#website\"},\"primaryImageOfPage\":{\"@id\":\"https:\/\/chemsfine.com\/product\/buy-ed-db-crystals\/#primaryimage\"},\"image\":{\"@id\":\"https:\/\/chemsfine.com\/product\/buy-ed-db-crystals\/#primaryimage\"},\"thumbnailUrl\":\"https:\/\/chemsfine.com\/wp-content\/uploads\/2026\/02\/eutylone-500x500-1.webp\",\"datePublished\":\"2026-02-12T18:22:45+00:00\",\"dateModified\":\"2026-03-25T12:14:26+00:00\",\"description\":\"Looking for high-quality research chemicals? Order ED-DB Crystals online at Chemsfine. We offer lab-tested Eutylone with secure global delivery. Buy now.\",\"breadcrumb\":{\"@id\":\"https:\/\/chemsfine.com\/product\/buy-ed-db-crystals\/#breadcrumb\"},\"inLanguage\":\"pl-PL\",\"potentialAction\":[{\"@type\":\"ReadAction\",\"target\":[\"https:\/\/chemsfine.com\/product\/buy-ed-db-crystals\/\"]}]},{\"@type\":\"ImageObject\",\"inLanguage\":\"pl-PL\",\"@id\":\"https:\/\/chemsfine.com\/product\/buy-ed-db-crystals\/#primaryimage\",\"url\":\"https:\/\/chemsfine.com\/wp-content\/uploads\/2026\/02\/eutylone-500x500-1.webp\",\"contentUrl\":\"https:\/\/chemsfine.com\/wp-content\/uploads\/2026\/02\/eutylone-500x500-1.webp\",\"width\":500,\"height\":375,\"caption\":\"Buy ED-DB Crystals Online \u2013 High Purity Eutylone For Sale\"},{\"@type\":\"BreadcrumbList\",\"@id\":\"https:\/\/chemsfine.com\/product\/buy-ed-db-crystals\/#breadcrumb\",\"itemListElement\":[{\"@type\":\"ListItem\",\"position\":1,\"name\":\"Home\",\"item\":\"https:\/\/chemsfine.com\/\"},{\"@type\":\"ListItem\",\"position\":2,\"name\":\"Shop\",\"item\":\"https:\/\/chemsfine.com\/shop\/\"},{\"@type\":\"ListItem\",\"position\":3,\"name\":\"Buy ED-DB Crystals Online \u2013 High Purity Eutylone For Sale\"}]},{\"@type\":\"WebSite\",\"@id\":\"https:\/\/chemsfine.com\/#website\",\"url\":\"https:\/\/chemsfine.com\/\",\"name\":\"Chemsfine\",\"description\":\"My WordPress Blog\",\"publisher\":{\"@id\":\"https:\/\/chemsfine.com\/#organization\"},\"potentialAction\":[{\"@type\":\"SearchAction\",\"target\":{\"@type\":\"EntryPoint\",\"urlTemplate\":\"https:\/\/chemsfine.com\/?s={search_term_string}\"},\"query-input\":{\"@type\":\"PropertyValueSpecification\",\"valueRequired\":true,\"valueName\":\"search_term_string\"}}],\"inLanguage\":\"pl-PL\"},{\"@type\":\"Organization\",\"@id\":\"https:\/\/chemsfine.com\/#organization\",\"name\":\"Chemsfine\",\"url\":\"https:\/\/chemsfine.com\/\",\"logo\":{\"@type\":\"ImageObject\",\"inLanguage\":\"pl-PL\",\"@id\":\"https:\/\/chemsfine.com\/#\/schema\/logo\/image\/\",\"url\":\"https:\/\/chemsfine.com\/wp-content\/uploads\/2024\/09\/final-logo.png\",\"contentUrl\":\"https:\/\/chemsfine.com\/wp-content\/uploads\/2024\/09\/final-logo.png\",\"width\":340,\"height\":72,\"caption\":\"Chemsfine\"},\"image\":{\"@id\":\"https:\/\/chemsfine.com\/#\/schema\/logo\/image\/\"}}]}<\/script>\n<!-- \/ Yoast SEO plugin. -->","yoast_head_json":{"title":"Kup kryszta\u0142y ED-DB online - Eutylon o wysokiej czysto\u015bci na sprzeda\u017c","description":"Szukasz wysokiej jako\u015bci chemikali\u00f3w badawczych? Zam\u00f3w ED-DB Crystals online w Chemsfine. Oferujemy przetestowany laboratoryjnie Eutylone z bezpieczn\u0105 dostaw\u0105 na ca\u0142y \u015bwiat. Kup teraz.","robots":{"index":"index","follow":"follow","max-snippet":"max-snippet:-1","max-image-preview":"max-image-preview:large","max-video-preview":"max-video-preview:-1"},"canonical":"https:\/\/chemsfine.com\/pl\/produkt\/buy-ed-db-crystals\/","og_locale":"pl_PL","og_type":"article","og_title":"Buy ED-DB Crystals Online \u2013 High Purity Eutylone For Sale","og_description":"Looking for high-quality research chemicals? Order ED-DB Crystals online at Chemsfine. We offer lab-tested Eutylone with secure global delivery. Buy now.","og_url":"https:\/\/chemsfine.com\/pl\/produkt\/buy-ed-db-crystals\/","og_site_name":"Chemsfine","article_modified_time":"2026-03-25T12:14:26+00:00","og_image":[{"width":500,"height":375,"url":"https:\/\/chemsfine.com\/wp-content\/uploads\/2026\/02\/eutylone-500x500-1.webp","type":"image\/webp"}],"twitter_card":"summary_large_image","twitter_misc":{"Szacowany czas czytania":"3 minuty"},"schema":{"@context":"https:\/\/schema.org","@graph":[{"@type":"WebPage","@id":"https:\/\/chemsfine.com\/product\/buy-ed-db-crystals\/","url":"https:\/\/chemsfine.com\/product\/buy-ed-db-crystals\/","name":"Kup kryszta\u0142y ED-DB online - Eutylon o wysokiej czysto\u015bci na sprzeda\u017c","isPartOf":{"@id":"https:\/\/chemsfine.com\/#website"},"primaryImageOfPage":{"@id":"https:\/\/chemsfine.com\/product\/buy-ed-db-crystals\/#primaryimage"},"image":{"@id":"https:\/\/chemsfine.com\/product\/buy-ed-db-crystals\/#primaryimage"},"thumbnailUrl":"https:\/\/chemsfine.com\/wp-content\/uploads\/2026\/02\/eutylone-500x500-1.webp","datePublished":"2026-02-12T18:22:45+00:00","dateModified":"2026-03-25T12:14:26+00:00","description":"Szukasz wysokiej jako\u015bci chemikali\u00f3w badawczych? Zam\u00f3w ED-DB Crystals online w Chemsfine. Oferujemy przetestowany laboratoryjnie Eutylone z bezpieczn\u0105 dostaw\u0105 na ca\u0142y \u015bwiat. Kup teraz.","breadcrumb":{"@id":"https:\/\/chemsfine.com\/product\/buy-ed-db-crystals\/#breadcrumb"},"inLanguage":"pl-PL","potentialAction":[{"@type":"ReadAction","target":["https:\/\/chemsfine.com\/product\/buy-ed-db-crystals\/"]}]},{"@type":"ImageObject","inLanguage":"pl-PL","@id":"https:\/\/chemsfine.com\/product\/buy-ed-db-crystals\/#primaryimage","url":"https:\/\/chemsfine.com\/wp-content\/uploads\/2026\/02\/eutylone-500x500-1.webp","contentUrl":"https:\/\/chemsfine.com\/wp-content\/uploads\/2026\/02\/eutylone-500x500-1.webp","width":500,"height":375,"caption":"Buy ED-DB Crystals Online \u2013 High Purity Eutylone For Sale"},{"@type":"BreadcrumbList","@id":"https:\/\/chemsfine.com\/product\/buy-ed-db-crystals\/#breadcrumb","itemListElement":[{"@type":"ListItem","position":1,"name":"Home","item":"https:\/\/chemsfine.com\/"},{"@type":"ListItem","position":2,"name":"Shop","item":"https:\/\/chemsfine.com\/shop\/"},{"@type":"ListItem","position":3,"name":"Buy ED-DB Crystals Online \u2013 High Purity Eutylone For Sale"}]},{"@type":"WebSite","@id":"https:\/\/chemsfine.com\/#website","url":"https:\/\/chemsfine.com\/","name":"Chemsfine","description":"M\u00f3j blog WordPress","publisher":{"@id":"https:\/\/chemsfine.com\/#organization"},"potentialAction":[{"@type":"SearchAction","target":{"@type":"EntryPoint","urlTemplate":"https:\/\/chemsfine.com\/?s={search_term_string}"},"query-input":{"@type":"PropertyValueSpecification","valueRequired":true,"valueName":"search_term_string"}}],"inLanguage":"pl-PL"},{"@type":"Organization","@id":"https:\/\/chemsfine.com\/#organization","name":"Chemsfine","url":"https:\/\/chemsfine.com\/","logo":{"@type":"ImageObject","inLanguage":"pl-PL","@id":"https:\/\/chemsfine.com\/#\/schema\/logo\/image\/","url":"https:\/\/chemsfine.com\/wp-content\/uploads\/2024\/09\/final-logo.png","contentUrl":"https:\/\/chemsfine.com\/wp-content\/uploads\/2024\/09\/final-logo.png","width":340,"height":72,"caption":"Chemsfine"},"image":{"@id":"https:\/\/chemsfine.com\/#\/schema\/logo\/image\/"}}]}},"_links":{"self":[{"href":"https:\/\/chemsfine.com\/pl\/wp-json\/wp\/v2\/product\/8272","targetHints":{"allow":["GET"]}}],"collection":[{"href":"https:\/\/chemsfine.com\/pl\/wp-json\/wp\/v2\/product"}],"about":[{"href":"https:\/\/chemsfine.com\/pl\/wp-json\/wp\/v2\/types\/product"}],"replies":[{"embeddable":true,"href":"https:\/\/chemsfine.com\/pl\/wp-json\/wp\/v2\/comments?post=8272"}],"wp:featuredmedia":[{"embeddable":true,"href":"https:\/\/chemsfine.com\/pl\/wp-json\/wp\/v2\/media\/8575"}],"wp:attachment":[{"href":"https:\/\/chemsfine.com\/pl\/wp-json\/wp\/v2\/media?parent=8272"}],"wp:term":[{"taxonomy":"product_brand","embeddable":true,"href":"https:\/\/chemsfine.com\/pl\/wp-json\/wp\/v2\/product_brand?post=8272"},{"taxonomy":"product_cat","embeddable":true,"href":"https:\/\/chemsfine.com\/pl\/wp-json\/wp\/v2\/product_cat?post=8272"},{"taxonomy":"product_tag","embeddable":true,"href":"https:\/\/chemsfine.com\/pl\/wp-json\/wp\/v2\/product_tag?post=8272"}],"curies":[{"name":"wp","href":"https:\/\/api.w.org\/{rel}","templated":true}]}}