{"id":8275,"date":"2026-02-12T18:22:46","date_gmt":"2026-02-12T18:22:46","guid":{"rendered":"https:\/\/chemsfine.com\/?post_type=product&#038;p=8275"},"modified":"2026-03-25T12:13:10","modified_gmt":"2026-03-25T12:13:10","slug":"buy-apcyp-crystal","status":"publish","type":"product","link":"https:\/\/chemsfine.com\/pl\/product\/buy-apcyp-crystal\/","title":{"rendered":"Kup APCYP Crystal Online | High Purity Research Chemical"},"content":{"rendered":"<p>Chcesz zakupi\u0107 wysokiej jako\u015bci materia\u0142y badawcze do swojego laboratorium? Mo\u017cesz <strong>Kupi\u0107 APCYP Crystal na sprzeda\u017c<\/strong> bezpo\u015brednio z naszego licencjonowanego magazynu. W ChemsFine specjalizujemy si\u0119 w dostarczaniu wysokiej jako\u015bci, zgodnych z prawem chemikali\u00f3w badawczych dla naukowc\u00f3w i laboratori\u00f3w na ca\u0142ym \u015bwiecie. Rozumiemy znaczenie precyzji w badaniach naukowych, dlatego zapewniamy, \u017ce ka\u017cda partia spe\u0142nia rygorystyczne standardy. Jako zarejestrowany dostawca chemikali\u00f3w \u015bci\u015ble przestrzegamy wszystkich wymog\u00f3w regulacyjnych. W zwi\u0105zku z tym zapewniamy, \u017ce zam\u00f3wienia s\u0105 realizowane w spos\u00f3b bezpieczny i wydajny. <strong>Kup teraz online<\/strong> i do\u015bwiadczy\u0107 p\u0142ynnego procesu zakupowego.<\/p>\n<h2>Czym jest APCYP Crystal?<\/h2>\n<p><strong>APCYP Crystal<\/strong> to substancja chemiczna znana w \u015brodowisku naukowym ze swoich szczeg\u00f3lnych w\u0142a\u015bciwo\u015bci strukturalnych i niezawodno\u015bci. Kiedy zdecydujesz si\u0119 naby\u0107 <strong>Najwy\u017cszej jako\u015bci kryszta\u0142 APCYP<\/strong>, Inwestujesz w substancj\u0119, kt\u00f3ra zosta\u0142a skrupulatnie pozyskana i przetestowana. Niezale\u017cnie od tego, czy prowadzisz badania eksperymentalne, analizy kryminalistyczne czy badania analityczne, nasz produkt s\u0142u\u017cy jako wiarygodny standard odniesienia.<\/p>\n<p>Zapewniamy, \u017ce nasze zapasy reprezentuj\u0105 <strong>Wysoka czysto\u015b\u0107 na sprzeda\u017c<\/strong>, wolne od niepo\u017c\u0105danych zanieczyszcze\u0144, kt\u00f3re mog\u0142yby zagrozi\u0107 Twoim danym. Oferujemy szerok\u0105 gam\u0119 produkt\u00f3w, w tym <a href=\"https:\/\/chemsfine.com\/pl\/produkt\/funky-monkey-shatter-premium-indica-hybrid-concentrate\/\">Wysokiej jako\u015bci koncentrat hybrydowy indica Funky Monkey Shatter<\/a>, Nasze zaanga\u017cowanie w syntetyczne chemikalia badawcze pozostaje naszym g\u0142\u00f3wnym celem. Profil chemiczny APCYP Crystal sprawia, \u017ce jest on przedmiotem zainteresowania r\u00f3\u017cnych bada\u0144 teoretycznych i in vitro.<\/p>\n<h2>Dlaczego warto kupi\u0107 APCYP Crystal online od ChemsFine?<\/h2>\n<p>Na rynku jest wielu dostawc\u00f3w, ale wymagaj\u0105cy badacze wybieraj\u0105 nas ze wzgl\u0119du na zaufanie i sp\u00f3jno\u015b\u0107. <strong>Najlepszy dost\u0119pny kryszta\u0142 APCYP<\/strong> to nie tylko slogan; to obietnica jako\u015bci. Zamawiaj\u0105c w ChemsFine, korzystasz ze zweryfikowanej dokumentacji i dyskretnego opakowania. Co wi\u0119cej, priorytetowo traktujemy prywatno\u015b\u0107 i bezpiecze\u0144stwo w ca\u0142ym procesie transakcji.<\/p>\n<p>Ponadto nasz zesp\u00f3\u0142 logistyczny zapewnia szybk\u0105 globaln\u0105 wysy\u0142k\u0119. Usprawnili\u015bmy nasz proces wysy\u0142ki, aby zapewni\u0107 zgodno\u015b\u0107 z mi\u0119dzynarodowymi i lokalnymi przepisami. Zapewnia to badaczom pewno\u015b\u0107 i spok\u00f3j ducha, wiedz\u0105c, \u017ce ich <strong>Bezpieczny zakup<\/strong> dotrze bez komplikacji prawnych. W przeciwie\u0144stwie do innych dostawc\u00f3w, ka\u017cde zam\u00f3wienie traktujemy z profesjonaln\u0105 uwag\u0105.<\/p>\n<h2>Zastosowania<\/h2>\n<p>Ten produkt jest przeznaczony wy\u0142\u0105cznie do u\u017cytku laboratoryjnego. Naukowcy zazwyczaj u\u017cywaj\u0105 tego <strong>Klasa laboratoryjna na sprzeda\u017c<\/strong> materia\u0142 do nast\u0119puj\u0105cych zastosowa\u0144:<\/p>\n<ul>\n<li>Wzorce referencyjne chromatografii gazowej i spektrometrii mas (GC-MS).<\/li>\n<li>Kryminalistyczna analiza chemiczna i identyfikacja.<\/li>\n<li>Badania toksykologiczne i testowanie odczynnik\u00f3w.<\/li>\n<li>Badania wi\u0105zania receptor\u00f3w in vitro.<\/li>\n<li>Analiza spektroskopowa do walidacji strukturalnej.<\/li>\n<li>Kalibracja analitycznego sprz\u0119tu laboratoryjnego.<\/li>\n<\/ul>\n<h2>Bezpiecze\u0144stwo i zgodno\u015b\u0107<\/h2>\n<p>Bezpiecze\u0144stwo jest najwa\u017cniejsze podczas obs\u0142ugi chemikali\u00f3w badawczych. Zapewniamy, \u017ce wszystkie przesy\u0142ki s\u0105 zgodne z regionalnymi przepisami bezpiecze\u0144stwa. Podczas pracy z APCYP Crystal obowi\u0105zkowe jest stosowanie standardowego laboratoryjnego sprz\u0119tu ochrony osobistej (PPE). Obejmuje to okulary ochronne, r\u0119kawice i fartuchy laboratoryjne, aby zapobiec bezpo\u015bredniemu kontaktowi.<\/p>\n<p>Ponadto na \u017c\u0105danie dostarczamy karty charakterystyki (SDS), aby zapewni\u0107, \u017ce laboratorium spe\u0142nia wszystkie protoko\u0142y bezpiecze\u0144stwa. Podobne do naszych <a href=\"https:\/\/chemsfine.com\/pl\/produkt\/jwh-307-high-purity-research-chemical-for-sale\/\">JWH-307 wysokiej czysto\u015bci chemikalia badawcze na sprzeda\u017c<\/a>, Ten produkt jest sprzedawany wy\u0142\u0105cznie do cel\u00f3w badawczych i nie jest przeznaczony do spo\u017cycia przez ludzi. Utrzymujemy \u015bcis\u0142y \u0142a\u0144cuch dostaw, aby zagwarantowa\u0107 integralno\u015b\u0107 produktu od naszego magazynu do zak\u0142adu klienta.<\/p>\n<h2>Dlaczego warto wybra\u0107 nas?<\/h2>\n<p>ChemsFine ugruntowa\u0142a swoj\u0105 pozycj\u0119 jako zaufane \u017ar\u00f3d\u0142o chemikali\u00f3w badawczych z globaln\u0105 baz\u0105 klient\u00f3w. Jeste\u015bmy powszechnie poszukiwani w laboratoriach w Europie, Ameryce P\u00f3\u0142nocnej, Azji i Oceanii. Wybieraj\u0105c nas, wsp\u00f3\u0142pracujesz z niezawodnym, zgodnym z prawem dostawc\u0105, kt\u00f3ry dba o jako\u015b\u0107 i profesjonalizm.<\/p>\n<p><strong>Zam\u00f3w APCYP Crystal online<\/strong> ju\u017c dzi\u015b i czerpa\u0107 z tego korzy\u015bci:<\/p>\n<table border=\"1\" cellpadding=\"10\" cellspacing=\"0\" style=\"width:100%;border-collapse: collapse;margin-bottom: 20px\">\n<tbody>\n<tr>\n<td><strong>Czysto\u015b\u0107<\/strong><\/td>\n<td>&gt;99% Wysoka czysto\u015b\u0107<\/td>\n<\/tr>\n<tr>\n<td><strong>Formularz<\/strong><\/td>\n<td>Krystaliczne cia\u0142o sta\u0142e<\/td>\n<\/tr>\n<tr>\n<td><strong>Wysy\u0142ka<\/strong><\/td>\n<td>Dyskretna i bezpieczna wysy\u0142ka globalna<\/td>\n<\/tr>\n<tr>\n<td><strong>Stopie\u0144<\/strong><\/td>\n<td>Klasa laboratoryjna \/ badawcza<\/td>\n<\/tr>\n<\/tbody>\n<\/table>\n<h2>Wnioski<\/h2>\n<p>Je\u015bli chodzi o wysokiej jako\u015bci materia\u0142y badawcze wysy\u0142ane na ca\u0142y \u015bwiat, zaufaj ChemsFine. Nasze licencjonowane operacje, \u015bcis\u0142a kontrola jako\u015bci i mi\u0119dzynarodowy zasi\u0119g sprawiaj\u0105, \u017ce jeste\u015bmy najlepszym wyborem dla specjalist\u00f3w w dziedzinie bada\u0144. Nie rezygnuj z wynik\u00f3w swoich bada\u0144. <strong>Kupi\u0107 APCYP Crystal na sprzeda\u017c<\/strong> ju\u017c dzi\u015b i poznaj r\u00f3\u017cnic\u0119 w jako\u015bci i us\u0142ugach ChemsFine.<\/p>","protected":false},"excerpt":{"rendered":"<p><b>APCYP Crystal<\/b> to najwy\u017cszej jako\u015bci substancja chemiczna ceniona za wysok\u0105 czysto\u015b\u0107 i konsystencj\u0119. Zaprojektowana do zastosowa\u0144 analitycznych i kryminalistycznych, ta krystaliczna substancja spe\u0142nia rygorystyczne wymagania. <b>Klasa laboratoryjna<\/b> standardy. Naukowcy poszukuj\u0105cy wiarygodnych danych mog\u0105 <b>kup w ChemsFine<\/b> maj\u0105c pewno\u015b\u0107, \u017ce otrzymuj\u0105 produkt, kt\u00f3ry przeszed\u0142 rygorystyczn\u0105 kontrol\u0119 jako\u015bci. Zabezpiecz swoje dostawy ju\u017c dzi\u015b, aby uzyska\u0107 precyzyjne wyniki eksperyment\u00f3w.<\/p>","protected":false},"featured_media":8288,"comment_status":"open","ping_status":"closed","template":"","meta":{"_joinchat":[]},"product_brand":[],"product_cat":[938],"product_tag":[],"class_list":{"0":"post-8275","1":"product","2":"type-product","3":"status-publish","4":"has-post-thumbnail","6":"product_cat-cathinone","8":"first","9":"instock","10":"shipping-taxable","11":"purchasable","12":"product-type-variable"},"yoast_head":"<!-- This site is optimized with the Yoast SEO plugin v27.2 - https:\/\/yoast.com\/product\/yoast-seo-wordpress\/ -->\n<title>Buy APCYP Crystal Online | High Purity Research Chemical<\/title>\n<meta name=\"description\" content=\"Buy APCYP Crystal online at ChemsFine. High purity research chemical for sale. Secure shipping &amp; laboratory grade quality. Order now for fast delivery.\" \/>\n<meta name=\"robots\" content=\"index, follow, max-snippet:-1, max-image-preview:large, max-video-preview:-1\" \/>\n<link rel=\"canonical\" href=\"https:\/\/chemsfine.com\/pl\/produkt\/buy-apcyp-crystal\/\" \/>\n<meta property=\"og:locale\" content=\"pl_PL\" \/>\n<meta property=\"og:type\" content=\"article\" \/>\n<meta property=\"og:title\" content=\"Buy APCYP Crystal Online | High Purity Research Chemical\" \/>\n<meta property=\"og:description\" content=\"Buy APCYP Crystal online at ChemsFine. High purity research chemical for sale. Secure shipping &amp; laboratory grade quality. Order now for fast delivery.\" \/>\n<meta property=\"og:url\" content=\"https:\/\/chemsfine.com\/pl\/produkt\/buy-apcyp-crystal\/\" \/>\n<meta property=\"og:site_name\" content=\"Chemsfine\" \/>\n<meta property=\"article:modified_time\" content=\"2026-03-25T12:13:10+00:00\" \/>\n<meta property=\"og:image\" content=\"https:\/\/chemsfine.com\/wp-content\/uploads\/2026\/02\/apcyp-crystal.png\" \/>\n\t<meta property=\"og:image:width\" content=\"584\" \/>\n\t<meta property=\"og:image:height\" content=\"611\" \/>\n\t<meta property=\"og:image:type\" content=\"image\/png\" \/>\n<meta name=\"twitter:card\" content=\"summary_large_image\" \/>\n<meta name=\"twitter:label1\" content=\"Szacowany czas czytania\" \/>\n\t<meta name=\"twitter:data1\" content=\"3 minuty\" \/>\n<script type=\"application\/ld+json\" class=\"yoast-schema-graph\">{\"@context\":\"https:\/\/schema.org\",\"@graph\":[{\"@type\":\"WebPage\",\"@id\":\"https:\/\/chemsfine.com\/product\/buy-apcyp-crystal\/\",\"url\":\"https:\/\/chemsfine.com\/product\/buy-apcyp-crystal\/\",\"name\":\"Buy APCYP Crystal Online | High Purity Research Chemical\",\"isPartOf\":{\"@id\":\"https:\/\/chemsfine.com\/#website\"},\"primaryImageOfPage\":{\"@id\":\"https:\/\/chemsfine.com\/product\/buy-apcyp-crystal\/#primaryimage\"},\"image\":{\"@id\":\"https:\/\/chemsfine.com\/product\/buy-apcyp-crystal\/#primaryimage\"},\"thumbnailUrl\":\"https:\/\/chemsfine.com\/wp-content\/uploads\/2026\/02\/apcyp-crystal.png\",\"datePublished\":\"2026-02-12T18:22:46+00:00\",\"dateModified\":\"2026-03-25T12:13:10+00:00\",\"description\":\"Buy APCYP Crystal online at ChemsFine. High purity research chemical for sale. Secure shipping &amp; laboratory grade quality. Order now for fast delivery.\",\"breadcrumb\":{\"@id\":\"https:\/\/chemsfine.com\/product\/buy-apcyp-crystal\/#breadcrumb\"},\"inLanguage\":\"pl-PL\",\"potentialAction\":[{\"@type\":\"ReadAction\",\"target\":[\"https:\/\/chemsfine.com\/product\/buy-apcyp-crystal\/\"]}]},{\"@type\":\"ImageObject\",\"inLanguage\":\"pl-PL\",\"@id\":\"https:\/\/chemsfine.com\/product\/buy-apcyp-crystal\/#primaryimage\",\"url\":\"https:\/\/chemsfine.com\/wp-content\/uploads\/2026\/02\/apcyp-crystal.png\",\"contentUrl\":\"https:\/\/chemsfine.com\/wp-content\/uploads\/2026\/02\/apcyp-crystal.png\",\"width\":584,\"height\":611},{\"@type\":\"BreadcrumbList\",\"@id\":\"https:\/\/chemsfine.com\/product\/buy-apcyp-crystal\/#breadcrumb\",\"itemListElement\":[{\"@type\":\"ListItem\",\"position\":1,\"name\":\"Home\",\"item\":\"https:\/\/chemsfine.com\/\"},{\"@type\":\"ListItem\",\"position\":2,\"name\":\"Shop\",\"item\":\"https:\/\/chemsfine.com\/shop\/\"},{\"@type\":\"ListItem\",\"position\":3,\"name\":\"Buy APCYP Crystal Online | High Purity Research Chemical\"}]},{\"@type\":\"WebSite\",\"@id\":\"https:\/\/chemsfine.com\/#website\",\"url\":\"https:\/\/chemsfine.com\/\",\"name\":\"Chemsfine\",\"description\":\"My WordPress Blog\",\"publisher\":{\"@id\":\"https:\/\/chemsfine.com\/#organization\"},\"potentialAction\":[{\"@type\":\"SearchAction\",\"target\":{\"@type\":\"EntryPoint\",\"urlTemplate\":\"https:\/\/chemsfine.com\/?s={search_term_string}\"},\"query-input\":{\"@type\":\"PropertyValueSpecification\",\"valueRequired\":true,\"valueName\":\"search_term_string\"}}],\"inLanguage\":\"pl-PL\"},{\"@type\":\"Organization\",\"@id\":\"https:\/\/chemsfine.com\/#organization\",\"name\":\"Chemsfine\",\"url\":\"https:\/\/chemsfine.com\/\",\"logo\":{\"@type\":\"ImageObject\",\"inLanguage\":\"pl-PL\",\"@id\":\"https:\/\/chemsfine.com\/#\/schema\/logo\/image\/\",\"url\":\"https:\/\/chemsfine.com\/wp-content\/uploads\/2024\/09\/final-logo.png\",\"contentUrl\":\"https:\/\/chemsfine.com\/wp-content\/uploads\/2024\/09\/final-logo.png\",\"width\":340,\"height\":72,\"caption\":\"Chemsfine\"},\"image\":{\"@id\":\"https:\/\/chemsfine.com\/#\/schema\/logo\/image\/\"}}]}<\/script>\n<!-- \/ Yoast SEO plugin. -->","yoast_head_json":{"title":"Kup APCYP Crystal Online | High Purity Research Chemical","description":"Kup online APCYP Crystal w ChemsFine. wysokiej czysto\u015bci chemikalia badawcze na sprzeda\u017c. Bezpieczna wysy\u0142ka i jako\u015b\u0107 laboratoryjna. Zam\u00f3w teraz dla szybkiej dostawy.","robots":{"index":"index","follow":"follow","max-snippet":"max-snippet:-1","max-image-preview":"max-image-preview:large","max-video-preview":"max-video-preview:-1"},"canonical":"https:\/\/chemsfine.com\/pl\/produkt\/buy-apcyp-crystal\/","og_locale":"pl_PL","og_type":"article","og_title":"Buy APCYP Crystal Online | High Purity Research Chemical","og_description":"Buy APCYP Crystal online at ChemsFine. High purity research chemical for sale. Secure shipping &amp; laboratory grade quality. Order now for fast delivery.","og_url":"https:\/\/chemsfine.com\/pl\/produkt\/buy-apcyp-crystal\/","og_site_name":"Chemsfine","article_modified_time":"2026-03-25T12:13:10+00:00","og_image":[{"width":584,"height":611,"url":"https:\/\/chemsfine.com\/wp-content\/uploads\/2026\/02\/apcyp-crystal.png","type":"image\/png"}],"twitter_card":"summary_large_image","twitter_misc":{"Szacowany czas czytania":"3 minuty"},"schema":{"@context":"https:\/\/schema.org","@graph":[{"@type":"WebPage","@id":"https:\/\/chemsfine.com\/product\/buy-apcyp-crystal\/","url":"https:\/\/chemsfine.com\/product\/buy-apcyp-crystal\/","name":"Kup APCYP Crystal Online | High Purity Research Chemical","isPartOf":{"@id":"https:\/\/chemsfine.com\/#website"},"primaryImageOfPage":{"@id":"https:\/\/chemsfine.com\/product\/buy-apcyp-crystal\/#primaryimage"},"image":{"@id":"https:\/\/chemsfine.com\/product\/buy-apcyp-crystal\/#primaryimage"},"thumbnailUrl":"https:\/\/chemsfine.com\/wp-content\/uploads\/2026\/02\/apcyp-crystal.png","datePublished":"2026-02-12T18:22:46+00:00","dateModified":"2026-03-25T12:13:10+00:00","description":"Kup online APCYP Crystal w ChemsFine. wysokiej czysto\u015bci chemikalia badawcze na sprzeda\u017c. Bezpieczna wysy\u0142ka i jako\u015b\u0107 laboratoryjna. Zam\u00f3w teraz dla szybkiej dostawy.","breadcrumb":{"@id":"https:\/\/chemsfine.com\/product\/buy-apcyp-crystal\/#breadcrumb"},"inLanguage":"pl-PL","potentialAction":[{"@type":"ReadAction","target":["https:\/\/chemsfine.com\/product\/buy-apcyp-crystal\/"]}]},{"@type":"ImageObject","inLanguage":"pl-PL","@id":"https:\/\/chemsfine.com\/product\/buy-apcyp-crystal\/#primaryimage","url":"https:\/\/chemsfine.com\/wp-content\/uploads\/2026\/02\/apcyp-crystal.png","contentUrl":"https:\/\/chemsfine.com\/wp-content\/uploads\/2026\/02\/apcyp-crystal.png","width":584,"height":611},{"@type":"BreadcrumbList","@id":"https:\/\/chemsfine.com\/product\/buy-apcyp-crystal\/#breadcrumb","itemListElement":[{"@type":"ListItem","position":1,"name":"Home","item":"https:\/\/chemsfine.com\/"},{"@type":"ListItem","position":2,"name":"Shop","item":"https:\/\/chemsfine.com\/shop\/"},{"@type":"ListItem","position":3,"name":"Buy APCYP Crystal Online | High Purity Research Chemical"}]},{"@type":"WebSite","@id":"https:\/\/chemsfine.com\/#website","url":"https:\/\/chemsfine.com\/","name":"Chemsfine","description":"M\u00f3j blog WordPress","publisher":{"@id":"https:\/\/chemsfine.com\/#organization"},"potentialAction":[{"@type":"SearchAction","target":{"@type":"EntryPoint","urlTemplate":"https:\/\/chemsfine.com\/?s={search_term_string}"},"query-input":{"@type":"PropertyValueSpecification","valueRequired":true,"valueName":"search_term_string"}}],"inLanguage":"pl-PL"},{"@type":"Organization","@id":"https:\/\/chemsfine.com\/#organization","name":"Chemsfine","url":"https:\/\/chemsfine.com\/","logo":{"@type":"ImageObject","inLanguage":"pl-PL","@id":"https:\/\/chemsfine.com\/#\/schema\/logo\/image\/","url":"https:\/\/chemsfine.com\/wp-content\/uploads\/2024\/09\/final-logo.png","contentUrl":"https:\/\/chemsfine.com\/wp-content\/uploads\/2024\/09\/final-logo.png","width":340,"height":72,"caption":"Chemsfine"},"image":{"@id":"https:\/\/chemsfine.com\/#\/schema\/logo\/image\/"}}]}},"_links":{"self":[{"href":"https:\/\/chemsfine.com\/pl\/wp-json\/wp\/v2\/product\/8275","targetHints":{"allow":["GET"]}}],"collection":[{"href":"https:\/\/chemsfine.com\/pl\/wp-json\/wp\/v2\/product"}],"about":[{"href":"https:\/\/chemsfine.com\/pl\/wp-json\/wp\/v2\/types\/product"}],"replies":[{"embeddable":true,"href":"https:\/\/chemsfine.com\/pl\/wp-json\/wp\/v2\/comments?post=8275"}],"wp:featuredmedia":[{"embeddable":true,"href":"https:\/\/chemsfine.com\/pl\/wp-json\/wp\/v2\/media\/8288"}],"wp:attachment":[{"href":"https:\/\/chemsfine.com\/pl\/wp-json\/wp\/v2\/media?parent=8275"}],"wp:term":[{"taxonomy":"product_brand","embeddable":true,"href":"https:\/\/chemsfine.com\/pl\/wp-json\/wp\/v2\/product_brand?post=8275"},{"taxonomy":"product_cat","embeddable":true,"href":"https:\/\/chemsfine.com\/pl\/wp-json\/wp\/v2\/product_cat?post=8275"},{"taxonomy":"product_tag","embeddable":true,"href":"https:\/\/chemsfine.com\/pl\/wp-json\/wp\/v2\/product_tag?post=8275"}],"curies":[{"name":"wp","href":"https:\/\/api.w.org\/{rel}","templated":true}]}}