{"id":8277,"date":"2026-02-12T18:22:46","date_gmt":"2026-02-12T18:22:46","guid":{"rendered":"https:\/\/chemsfine.com\/?post_type=product&#038;p=8277"},"modified":"2026-03-25T12:12:32","modified_gmt":"2026-03-25T12:12:32","slug":"buy-pihp-crystal-chunks","status":"publish","type":"product","link":"https:\/\/chemsfine.com\/pl\/product\/buy-pihp-crystal-chunks\/","title":{"rendered":"Kup a-PiHP Crystal Chunks Online | Wysoka czysto\u015b\u0107 klasy badawczej"},"content":{"rendered":"<p>Czy chcesz <b>kupi\u0107 a-PiHP Crystal Chunks na sprzeda\u017c<\/b> od w pe\u0142ni licencjonowanego i renomowanego dostawcy? Firma Chemsfine sta\u0142a si\u0119 zaufanym \u015bwiatowym liderem w dystrybucji chemikali\u00f3w badawczych, dostarczaj\u0105c laboratoriom, uniwersytetom i instytucjom zwi\u0105zki najwy\u017cszej jako\u015bci. Dzia\u0142amy \u015bci\u015ble w ustalonych ramach prawnych, zapewniaj\u0105c, \u017ce ka\u017cde zam\u00f3wienie spe\u0142nia rygorystyczne mi\u0119dzynarodowe standardy zgodno\u015bci i kontroli jako\u015bci.<\/p>\n<p>Nasz\u0105 g\u0142\u00f3wn\u0105 misj\u0105 w Chemsfine jest dostarczanie naukowcom na ca\u0142ym \u015bwiecie niezawodnych zwi\u0105zk\u00f3w o wysokiej czysto\u015bci, niezb\u0119dnych do dok\u0142adnych bada\u0144 naukowych. Niezale\u017cnie od tego, czy potrzebujesz materia\u0142\u00f3w do spektrometrii mas, czy odczynnik\u00f3w, oferujemy szybk\u0105, dyskretn\u0105 i bezpieczn\u0105 dostaw\u0119. Kiedy zdecydujesz si\u0119 <b>kup w Chemsfine<\/b>, Zyskujesz dost\u0119p do \u0142a\u0144cucha dostaw zaprojektowanego z my\u015bl\u0105 o wydajno\u015bci i integralno\u015bci.<\/p>\n<h2>Co to jest a-PiHP Crystal Chunks?<\/h2>\n<p>a-PiHP (alfa-pirolidynoizoheksanofenon) nale\u017cy do klasy podstawionych katynon\u00f3w, strukturalnie spokrewnionych z innymi zwi\u0105zkami pirovaleronu. Naukowcy ceni\u0105 t\u0119 substancj\u0119 za jej specyficzne w\u0142a\u015bciwo\u015bci chemiczne w kontrolowanych \u015brodowiskach laboratoryjnych. Kiedy pozyskujesz <b>Najwy\u017cszej jako\u015bci a-PiHP Crystal Chunks<\/b> Od nas otrzymujesz produkt w stabilnej krystalicznej formie, idealnej do precyzyjnego wa\u017cenia i przenoszenia podczas eksperyment\u00f3w.<\/p>\n<p>Zrozumienie profilu chemicznego jest niezb\u0119dne dla ka\u017cdego badania. Zwi\u0105zek ten dzia\u0142a jako stymulant w swoim profilu interakcji chemicznych, cho\u0107 jest sprzedawany wy\u0142\u0105cznie do bada\u0144 in vitro i cel\u00f3w analitycznych. Zapewniamy, \u017ce nasze zapasy reprezentuj\u0105 <b>Najlepsze dost\u0119pne kawa\u0142ki a-PiHP Crystal Chunks<\/b> dost\u0119pne obecnie na rynku, wolne od substancji mog\u0105cych zagrozi\u0107 danym u\u017cytkownika.<\/p>\n<table style=\"width: 100%; border-collapse: collapse; margin: 20px 0;\" border=\"1\" cellspacing=\"0\" cellpadding=\"10\">\n<thead>\n<tr style=\"background-color: #f2f2f2;\">\n<th>Specyfikacja<\/th>\n<th>Szczeg\u00f3\u0142y<\/th>\n<\/tr>\n<\/thead>\n<tbody>\n<tr>\n<td><b>Nazwa produktu<\/b><\/td>\n<td>a-PiHP Crystal Chunks<\/td>\n<\/tr>\n<tr>\n<td><b>Czysto\u015b\u0107<\/b><\/td>\n<td>\u226599,8% (klasa laboratoryjna)<\/td>\n<\/tr>\n<tr>\n<td><b>Formularz<\/b><\/td>\n<td>Krystaliczne kawa\u0142ki<\/td>\n<\/tr>\n<tr>\n<td><b>U\u017cycie<\/b><\/td>\n<td>Tylko badania i analiza kryminalistyczna<\/td>\n<\/tr>\n<\/tbody>\n<\/table>\n<h2>Dlaczego warto kupi\u0107 a-PiHP Crystal Chunks online od Chemsfine?<\/h2>\n<p>Znalezienie wiarygodnego dostawcy jest cz\u0119sto najtrudniejsz\u0105 cz\u0119\u015bci\u0105 procesu pozyskiwania bada\u0144. Dlatego Chemsfine stawia na przejrzysto\u015b\u0107 i sp\u00f3jno\u015b\u0107. Jeste\u015bmy w pe\u0142ni <b>Licencjonowany i zarejestrowany<\/b> dostawca, dzia\u0142aj\u0105cy etycznie zgodnie ze wszystkimi przepisami. Ponadto nasze <b>Globalny zasi\u0119g<\/b> zapewnia, \u017ce niezale\u017cnie od lokalizacji zak\u0142adu, nasza sie\u0107 logistyczna mo\u017ce do niego dotrze\u0107.<\/p>\n<p>Gwarantujemy czysto\u015b\u0107. Ka\u017cda partia przechodzi rygorystyczne testy kontroli jako\u015bci przeprowadzane przez strony trzecie, aby zapewni\u0107 dok\u0142adno\u015b\u0107 bada\u0144. Ponadto zapewniamy <b>Bezpieczne zamawianie<\/b> bramy i dyskretne opakowania chroni\u0105ce prywatno\u015b\u0107 u\u017cytkownik\u00f3w. Naukowcy na ca\u0142ym \u015bwiecie polegaj\u0105 na nas, poniewa\u017c konsekwentnie dostarczamy <b>Wysoka czysto\u015b\u0107 na sprzeda\u017c<\/b> bez komplikacji.<\/p>\n<h2>Zastosowania<\/h2>\n<p>Nasze a-PiHP Crystal Chunks s\u0105 przeznaczone wy\u0142\u0105cznie do bada\u0144 naukowych. Typowe zastosowania obejmuj\u0105:<\/p>\n<ul>\n<li><b>Analiza kryminalistyczna:<\/b> U\u017cywany jako standard odniesienia w laboratoriach kryminalistycznych.<\/li>\n<li><b>Identyfikacja chemiczna:<\/b> Idealny do kalibracji GC\/MS i spektroskopii NMR.<\/li>\n<li><b>Testowanie odczynnik\u00f3w:<\/b> Wykorzystywany do badania interakcji chemicznych i stabilno\u015bci.<\/li>\n<li><b>Badania toksykologiczne:<\/b> Stosowany in vitro w celu zrozumienia szlak\u00f3w metabolicznych.<\/li>\n<li><b>Badania farmakologiczne:<\/b> U\u017cywany do mapowania powinowactwa wi\u0105zania receptora w badaniach bez udzia\u0142u ludzi.<\/li>\n<\/ul>\n<p>Przegl\u0105daj\u0105c nasz katalog materia\u0142\u00f3w badawczych, mo\u017cna r\u00f3wnie\u017c znale\u017a\u0107 inne wysokiej jako\u015bci pozycje magazynowe. Na przyk\u0142ad, autoryzowani klienci cz\u0119sto przegl\u0105daj\u0105 nasze zapasy <a href=\"https:\/\/chemsfine.com\/pl\/produkt\/larry-og-shatter-for-sale-buy-premium-og-shatter-online\/\">Larry OG Shatter na sprzeda\u017c<\/a> lub zbada\u0107 opcje takie jak <a href=\"https:\/\/chemsfine.com\/pl\/produkt\/concentrated-tranquility-bath-salts-500mg-for-ultimate-relaxation\/\">Skoncentrowane sole do k\u0105pieli Tranquility<\/a> do okre\u015blonych bada\u0144 relaksacyjnych lub cel\u00f3w gromadzenia danych.<\/p>\n<h2>Bezpiecze\u0144stwo i zgodno\u015b\u0107<\/h2>\n<p>Obs\u0142uga zwi\u0105zk\u00f3w chemicznych wymaga \u015bcis\u0142ego przestrzegania protoko\u0142\u00f3w bezpiecze\u0144stwa. Poniewa\u017c oferujemy <b>Klasa laboratoryjna na sprzeda\u017c<\/b>, Oczekujemy, \u017ce wszyscy klienci b\u0119d\u0105 stosowa\u0107 odpowiednie \u015brodki ochrony osobistej (PPE), w tym r\u0119kawice, okulary i fartuchy laboratoryjne. Zawsze przechowuj a-PiHP w ch\u0142odnym, suchym i bezpiecznym \u015brodowisku, aby zachowa\u0107 jego stabilno\u015b\u0107.<\/p>\n<p><b>Tylko do u\u017cytku badawczego:<\/b> Nale\u017cy pami\u0119ta\u0107, \u017ce a-PiHP Crystal Chunks s\u0105 dostarczane wy\u0142\u0105cznie do cel\u00f3w laboratoryjnych i badawczych. Produkt ten nie jest przeznaczony do spo\u017cycia przez ludzi. Sprzedajemy go wy\u0142\u0105cznie wykwalifikowanym badaczom i instytucjom prowadz\u0105cym wa\u017cne badania naukowe. Na \u017cyczenie dostarczamy karty charakterystyki (SDS), aby zapewni\u0107, \u017ce zesp\u00f3\u0142 b\u0119dzie prawid\u0142owo obchodzi\u0142 si\u0119 z materia\u0142em.<\/p>\n<h2>Dlaczego warto wybra\u0107 nas?<\/h2>\n<p>Chemsfine wyr\u00f3\u017cnia si\u0119, poniewa\u017c \u0142\u0105czymy jako\u015b\u0107 z niezawodno\u015bci\u0105. Kiedy <b>Zam\u00f3w a-PiHP Crystal Chunks online<\/b> Od nas otrzymujesz co\u015b wi\u0119cej ni\u017c tylko \u015brodek chemiczny; otrzymujesz gwarancj\u0119 serwisu. Oferujemy <b>Bezpieczny zakup<\/b> opcje i obs\u0142uga zaszyfrowanych danych.<\/p>\n<p>Ponadto nasz zesp\u00f3\u0142 logistyczny doskonale radzi sobie ze skomplikowanymi trasami wysy\u0142kowymi. Zapewniamy szybk\u0105 wysy\u0142k\u0119 na ca\u0142y \u015bwiat, aby naukowcy otrzymali swoje materia\u0142y na czas. Niezale\u017cnie od tego, czy potrzebujesz ma\u0142ej pr\u00f3bki, czy zam\u00f3wienia hurtowego, nasz <b>Autentyczne kawa\u0142ki kryszta\u0142u a-PiHP<\/b> idealnie spe\u0142ni Twoje wymagania.<\/p>\n<h2>Wnioski<\/h2>\n<p>Podsumowuj\u0105c, je\u015bli potrzebujesz niezawodnego partnera dla swoich potrzeb naukowych, nie szukaj dalej. Odwied\u017a Chemsfine ju\u017c dzi\u015b, aby <b>Kup kryszta\u0142owe kawa\u0142ki a-PiHP na sprzeda\u017c<\/b> z pe\u0142nym zaufaniem. Nasze zaanga\u017cowanie w jako\u015b\u0107, zgodno\u015b\u0107 z przepisami i obs\u0142ug\u0119 zapewnia najwy\u017cszy standard chemikali\u00f3w badawczych na ca\u0142ym \u015bwiecie. <b>Kup teraz online<\/b> i zapewnij sobie dostawy do nast\u0119pnego projektu.<\/p>","protected":false},"excerpt":{"rendered":"<p>Odkryj klas\u0119 premium <b>a-PiHP Chunks<\/b> nadaje si\u0119 do zaawansowanych analiz laboratoryjnych i bada\u0144 kryminalistycznych. Nasz produkt charakteryzuje si\u0119 wyj\u0105tkow\u0105 czysto\u015bci\u0105, zapewniaj\u0105c dok\u0142adne wyniki spektroskopii i identyfikacji odczynnik\u00f3w. Dostarczamy t\u0119 substancj\u0119 chemiczn\u0105 wy\u0142\u0105cznie do cel\u00f3w bada\u0144 naukowych, a nie do spo\u017cycia przez ludzi. Naukowcy poszukuj\u0105cy sta\u0142ej jako\u015bci i niezawodno\u015bci wybieraj\u0105 <b>kup w Chemsfine<\/b> dla ich potrzeb laboratoryjnych.<\/p>","protected":false},"featured_media":8573,"comment_status":"open","ping_status":"closed","template":"","meta":{"_joinchat":[]},"product_brand":[],"product_cat":[938],"product_tag":[],"class_list":{"0":"post-8277","1":"product","2":"type-product","3":"status-publish","4":"has-post-thumbnail","6":"product_cat-cathinone","8":"first","9":"instock","10":"shipping-taxable","11":"purchasable","12":"product-type-variable"},"yoast_head":"<!-- This site is optimized with the Yoast SEO plugin v27.2 - https:\/\/yoast.com\/product\/yoast-seo-wordpress\/ -->\n<title>Buy a-PiHP Crystal Chunks Online | High Purity Research Grade<\/title>\n<meta name=\"description\" content=\"Order a-PiHP Crystal Chunks online at Chemsfine. We offer high purity, laboratory grade research chemicals for sale with secure global shipping. Buy now.\" \/>\n<meta name=\"robots\" content=\"index, follow, max-snippet:-1, max-image-preview:large, max-video-preview:-1\" \/>\n<link rel=\"canonical\" href=\"https:\/\/chemsfine.com\/pl\/produkt\/buy-pihp-crystal-chunks\/\" \/>\n<meta property=\"og:locale\" content=\"pl_PL\" \/>\n<meta property=\"og:type\" content=\"article\" \/>\n<meta property=\"og:title\" content=\"Buy a-PiHP Crystal Chunks Online | High Purity Research Grade\" \/>\n<meta property=\"og:description\" content=\"Order a-PiHP Crystal Chunks online at Chemsfine. We offer high purity, laboratory grade research chemicals for sale with secure global shipping. Buy now.\" \/>\n<meta property=\"og:url\" content=\"https:\/\/chemsfine.com\/pl\/produkt\/buy-pihp-crystal-chunks\/\" \/>\n<meta property=\"og:site_name\" content=\"Chemsfine\" \/>\n<meta property=\"article:modified_time\" content=\"2026-03-25T12:12:32+00:00\" \/>\n<meta property=\"og:image\" content=\"https:\/\/chemsfine.com\/wp-content\/uploads\/2026\/02\/A-PiHP-crystals-1.webp\" \/>\n\t<meta property=\"og:image:width\" content=\"600\" \/>\n\t<meta property=\"og:image:height\" content=\"600\" \/>\n\t<meta property=\"og:image:type\" content=\"image\/webp\" \/>\n<meta name=\"twitter:card\" content=\"summary_large_image\" \/>\n<meta name=\"twitter:label1\" content=\"Szacowany czas czytania\" \/>\n\t<meta name=\"twitter:data1\" content=\"4 minuty\" \/>\n<script type=\"application\/ld+json\" class=\"yoast-schema-graph\">{\"@context\":\"https:\/\/schema.org\",\"@graph\":[{\"@type\":\"WebPage\",\"@id\":\"https:\/\/chemsfine.com\/product\/buy-pihp-crystal-chunks\/\",\"url\":\"https:\/\/chemsfine.com\/product\/buy-pihp-crystal-chunks\/\",\"name\":\"Buy a-PiHP Crystal Chunks Online | High Purity Research Grade\",\"isPartOf\":{\"@id\":\"https:\/\/chemsfine.com\/#website\"},\"primaryImageOfPage\":{\"@id\":\"https:\/\/chemsfine.com\/product\/buy-pihp-crystal-chunks\/#primaryimage\"},\"image\":{\"@id\":\"https:\/\/chemsfine.com\/product\/buy-pihp-crystal-chunks\/#primaryimage\"},\"thumbnailUrl\":\"https:\/\/chemsfine.com\/wp-content\/uploads\/2026\/02\/A-PiHP-crystals-1.webp\",\"datePublished\":\"2026-02-12T18:22:46+00:00\",\"dateModified\":\"2026-03-25T12:12:32+00:00\",\"description\":\"Order a-PiHP Crystal Chunks online at Chemsfine. We offer high purity, laboratory grade research chemicals for sale with secure global shipping. Buy now.\",\"breadcrumb\":{\"@id\":\"https:\/\/chemsfine.com\/product\/buy-pihp-crystal-chunks\/#breadcrumb\"},\"inLanguage\":\"pl-PL\",\"potentialAction\":[{\"@type\":\"ReadAction\",\"target\":[\"https:\/\/chemsfine.com\/product\/buy-pihp-crystal-chunks\/\"]}]},{\"@type\":\"ImageObject\",\"inLanguage\":\"pl-PL\",\"@id\":\"https:\/\/chemsfine.com\/product\/buy-pihp-crystal-chunks\/#primaryimage\",\"url\":\"https:\/\/chemsfine.com\/wp-content\/uploads\/2026\/02\/A-PiHP-crystals-1.webp\",\"contentUrl\":\"https:\/\/chemsfine.com\/wp-content\/uploads\/2026\/02\/A-PiHP-crystals-1.webp\",\"width\":600,\"height\":600},{\"@type\":\"BreadcrumbList\",\"@id\":\"https:\/\/chemsfine.com\/product\/buy-pihp-crystal-chunks\/#breadcrumb\",\"itemListElement\":[{\"@type\":\"ListItem\",\"position\":1,\"name\":\"Home\",\"item\":\"https:\/\/chemsfine.com\/\"},{\"@type\":\"ListItem\",\"position\":2,\"name\":\"Shop\",\"item\":\"https:\/\/chemsfine.com\/shop\/\"},{\"@type\":\"ListItem\",\"position\":3,\"name\":\"Buy a-PiHP Crystal Chunks Online | High Purity Research Grade\"}]},{\"@type\":\"WebSite\",\"@id\":\"https:\/\/chemsfine.com\/#website\",\"url\":\"https:\/\/chemsfine.com\/\",\"name\":\"Chemsfine\",\"description\":\"My WordPress Blog\",\"publisher\":{\"@id\":\"https:\/\/chemsfine.com\/#organization\"},\"potentialAction\":[{\"@type\":\"SearchAction\",\"target\":{\"@type\":\"EntryPoint\",\"urlTemplate\":\"https:\/\/chemsfine.com\/?s={search_term_string}\"},\"query-input\":{\"@type\":\"PropertyValueSpecification\",\"valueRequired\":true,\"valueName\":\"search_term_string\"}}],\"inLanguage\":\"pl-PL\"},{\"@type\":\"Organization\",\"@id\":\"https:\/\/chemsfine.com\/#organization\",\"name\":\"Chemsfine\",\"url\":\"https:\/\/chemsfine.com\/\",\"logo\":{\"@type\":\"ImageObject\",\"inLanguage\":\"pl-PL\",\"@id\":\"https:\/\/chemsfine.com\/#\/schema\/logo\/image\/\",\"url\":\"https:\/\/chemsfine.com\/wp-content\/uploads\/2024\/09\/final-logo.png\",\"contentUrl\":\"https:\/\/chemsfine.com\/wp-content\/uploads\/2024\/09\/final-logo.png\",\"width\":340,\"height\":72,\"caption\":\"Chemsfine\"},\"image\":{\"@id\":\"https:\/\/chemsfine.com\/#\/schema\/logo\/image\/\"}}]}<\/script>\n<!-- \/ Yoast SEO plugin. -->","yoast_head_json":{"title":"Kup a-PiHP Crystal Chunks Online | Wysoka czysto\u015b\u0107 klasy badawczej","description":"Zam\u00f3w a-PiHP Crystal Chunks online w Chemsfine. Oferujemy wysokiej czysto\u015bci chemikalia badawcze klasy laboratoryjnej na sprzeda\u017c z bezpieczn\u0105 wysy\u0142k\u0105 na ca\u0142y \u015bwiat. Kup teraz.","robots":{"index":"index","follow":"follow","max-snippet":"max-snippet:-1","max-image-preview":"max-image-preview:large","max-video-preview":"max-video-preview:-1"},"canonical":"https:\/\/chemsfine.com\/pl\/produkt\/buy-pihp-crystal-chunks\/","og_locale":"pl_PL","og_type":"article","og_title":"Buy a-PiHP Crystal Chunks Online | High Purity Research Grade","og_description":"Order a-PiHP Crystal Chunks online at Chemsfine. We offer high purity, laboratory grade research chemicals for sale with secure global shipping. Buy now.","og_url":"https:\/\/chemsfine.com\/pl\/produkt\/buy-pihp-crystal-chunks\/","og_site_name":"Chemsfine","article_modified_time":"2026-03-25T12:12:32+00:00","og_image":[{"width":600,"height":600,"url":"https:\/\/chemsfine.com\/wp-content\/uploads\/2026\/02\/A-PiHP-crystals-1.webp","type":"image\/webp"}],"twitter_card":"summary_large_image","twitter_misc":{"Szacowany czas czytania":"4 minuty"},"schema":{"@context":"https:\/\/schema.org","@graph":[{"@type":"WebPage","@id":"https:\/\/chemsfine.com\/product\/buy-pihp-crystal-chunks\/","url":"https:\/\/chemsfine.com\/product\/buy-pihp-crystal-chunks\/","name":"Kup a-PiHP Crystal Chunks Online | Wysoka czysto\u015b\u0107 klasy badawczej","isPartOf":{"@id":"https:\/\/chemsfine.com\/#website"},"primaryImageOfPage":{"@id":"https:\/\/chemsfine.com\/product\/buy-pihp-crystal-chunks\/#primaryimage"},"image":{"@id":"https:\/\/chemsfine.com\/product\/buy-pihp-crystal-chunks\/#primaryimage"},"thumbnailUrl":"https:\/\/chemsfine.com\/wp-content\/uploads\/2026\/02\/A-PiHP-crystals-1.webp","datePublished":"2026-02-12T18:22:46+00:00","dateModified":"2026-03-25T12:12:32+00:00","description":"Zam\u00f3w a-PiHP Crystal Chunks online w Chemsfine. Oferujemy wysokiej czysto\u015bci chemikalia badawcze klasy laboratoryjnej na sprzeda\u017c z bezpieczn\u0105 wysy\u0142k\u0105 na ca\u0142y \u015bwiat. Kup teraz.","breadcrumb":{"@id":"https:\/\/chemsfine.com\/product\/buy-pihp-crystal-chunks\/#breadcrumb"},"inLanguage":"pl-PL","potentialAction":[{"@type":"ReadAction","target":["https:\/\/chemsfine.com\/product\/buy-pihp-crystal-chunks\/"]}]},{"@type":"ImageObject","inLanguage":"pl-PL","@id":"https:\/\/chemsfine.com\/product\/buy-pihp-crystal-chunks\/#primaryimage","url":"https:\/\/chemsfine.com\/wp-content\/uploads\/2026\/02\/A-PiHP-crystals-1.webp","contentUrl":"https:\/\/chemsfine.com\/wp-content\/uploads\/2026\/02\/A-PiHP-crystals-1.webp","width":600,"height":600},{"@type":"BreadcrumbList","@id":"https:\/\/chemsfine.com\/product\/buy-pihp-crystal-chunks\/#breadcrumb","itemListElement":[{"@type":"ListItem","position":1,"name":"Home","item":"https:\/\/chemsfine.com\/"},{"@type":"ListItem","position":2,"name":"Shop","item":"https:\/\/chemsfine.com\/shop\/"},{"@type":"ListItem","position":3,"name":"Buy a-PiHP Crystal Chunks Online | High Purity Research Grade"}]},{"@type":"WebSite","@id":"https:\/\/chemsfine.com\/#website","url":"https:\/\/chemsfine.com\/","name":"Chemsfine","description":"M\u00f3j blog WordPress","publisher":{"@id":"https:\/\/chemsfine.com\/#organization"},"potentialAction":[{"@type":"SearchAction","target":{"@type":"EntryPoint","urlTemplate":"https:\/\/chemsfine.com\/?s={search_term_string}"},"query-input":{"@type":"PropertyValueSpecification","valueRequired":true,"valueName":"search_term_string"}}],"inLanguage":"pl-PL"},{"@type":"Organization","@id":"https:\/\/chemsfine.com\/#organization","name":"Chemsfine","url":"https:\/\/chemsfine.com\/","logo":{"@type":"ImageObject","inLanguage":"pl-PL","@id":"https:\/\/chemsfine.com\/#\/schema\/logo\/image\/","url":"https:\/\/chemsfine.com\/wp-content\/uploads\/2024\/09\/final-logo.png","contentUrl":"https:\/\/chemsfine.com\/wp-content\/uploads\/2024\/09\/final-logo.png","width":340,"height":72,"caption":"Chemsfine"},"image":{"@id":"https:\/\/chemsfine.com\/#\/schema\/logo\/image\/"}}]}},"_links":{"self":[{"href":"https:\/\/chemsfine.com\/pl\/wp-json\/wp\/v2\/product\/8277","targetHints":{"allow":["GET"]}}],"collection":[{"href":"https:\/\/chemsfine.com\/pl\/wp-json\/wp\/v2\/product"}],"about":[{"href":"https:\/\/chemsfine.com\/pl\/wp-json\/wp\/v2\/types\/product"}],"replies":[{"embeddable":true,"href":"https:\/\/chemsfine.com\/pl\/wp-json\/wp\/v2\/comments?post=8277"}],"wp:featuredmedia":[{"embeddable":true,"href":"https:\/\/chemsfine.com\/pl\/wp-json\/wp\/v2\/media\/8573"}],"wp:attachment":[{"href":"https:\/\/chemsfine.com\/pl\/wp-json\/wp\/v2\/media?parent=8277"}],"wp:term":[{"taxonomy":"product_brand","embeddable":true,"href":"https:\/\/chemsfine.com\/pl\/wp-json\/wp\/v2\/product_brand?post=8277"},{"taxonomy":"product_cat","embeddable":true,"href":"https:\/\/chemsfine.com\/pl\/wp-json\/wp\/v2\/product_cat?post=8277"},{"taxonomy":"product_tag","embeddable":true,"href":"https:\/\/chemsfine.com\/pl\/wp-json\/wp\/v2\/product_tag?post=8277"}],"curies":[{"name":"wp","href":"https:\/\/api.w.org\/{rel}","templated":true}]}}