{"id":8496,"date":"2026-02-13T20:09:38","date_gmt":"2026-02-13T20:09:38","guid":{"rendered":"https:\/\/chemsfine.com\/?post_type=product&#038;p=8496"},"modified":"2026-03-25T12:00:35","modified_gmt":"2026-03-25T12:00:35","slug":"buy-thc-live-diamonds","status":"publish","type":"product","link":"https:\/\/chemsfine.com\/pl\/product\/buy-thc-live-diamonds\/","title":{"rendered":"Kup THC Live Diamonds - najwy\u017cszej jako\u015bci \u017cywy ekstrakt z konopi indyjskich"},"content":{"rendered":"<p>Odkryj szczytowe osi\u0105gni\u0119cia w dziedzinie koncentrat\u00f3w konopi dzi\u0119ki naszej wyj\u0105tkowej ofercie. <b>THC Live Diamonds<\/b>. Kiedy patrzysz na <b>Kup \u017cywe diamenty THC na sprzeda\u017c<\/b>, Szukasz produktu s\u0142yn\u0105cego z niezr\u00f3wnanej czysto\u015bci i si\u0142y dzia\u0142ania. W Chemsfine oferujemy najwy\u017cszej jako\u015bci ekstrakt, kt\u00f3ry wyr\u00f3\u017cnia si\u0119 na rynku, zapewniaj\u0105c doznania spe\u0142niaj\u0105ce najwy\u017csze standardy jako\u015bci. Te diamenty premium reprezentuj\u0105 zenit kunsztu koncentratu, skrupulatnie przygotowane, aby zapewni\u0107 intensywne doznania. Rozumiemy zapotrzebowanie na <b>koncentraty o wysokiej czysto\u015bci na sprzeda\u017c<\/b>, a naszym zobowi\u0105zaniem jest dostarczanie tylko najlepszych produkt\u00f3w. Gwarantuje to, \u017ce ka\u017cdy zakupiony gram oferuje sta\u0142\u0105 jako\u015b\u0107 i wytrzyma\u0142o\u015b\u0107, dzi\u0119ki czemu decyzja o wyborze <b>kup teraz online<\/b> Prosty wyb\u00f3r dla doskona\u0142o\u015bci.<\/p>\n<h2>Czym s\u0105 \u017cywe diamenty THC?<\/h2>\n<p><b>THC Live Diamonds<\/b> to bardzo po\u017c\u0105dana forma koncentratu konopi indyjskich, wyr\u00f3\u017cniaj\u0105ca si\u0119 krystaliczn\u0105 struktur\u0105 i pot\u0119\u017cn\u0105 moc\u0105. Te \u201cdiamenty\u201d to zasadniczo izolowane kryszta\u0142y kwasu tetrahydrokannabinolowego (THCA), cz\u0119sto zawieszone w sosie bogatym w terpeny. Nasz <b>Najwy\u017cszej jako\u015bci \u017cywe diamenty THC<\/b> charakteryzuj\u0105 si\u0119 niezwyk\u0142\u0105 koncentracj\u0105, zwykle obejmuj\u0105c\u0105 <b>97-99% THC<\/b> po dekarboksylacji, co czyni je jednym z najsilniejszych dost\u0119pnych produkt\u00f3w z konopi indyjskich. Ponadto, s\u0105 one wykonane tak, aby zawiera\u0142y <b>99% czysty THC-A<\/b> w ich surowej, krystalicznej formie. Ten poziom czysto\u015bci gwarantuje, \u017ce po podgrzaniu kryszta\u0142y THCA przekszta\u0142caj\u0105 si\u0119 w delta-9 THC, zapewniaj\u0105c silne efekty. Aspekt \u2018na \u017cywo\u2019 oznacza, \u017ce materia\u0142 konopny u\u017cyty do ekstrakcji zosta\u0142 \u015bwie\u017co zamro\u017cony natychmiast po zbiorach, zachowuj\u0105c pe\u0142ne spektrum terpen\u00f3w i kannabinoid\u00f3w, co przyczynia si\u0119 do bardziej aromatycznych i smakowych dozna\u0144 w po\u0142\u0105czeniu z sosem terpenowym (cho\u0107 skupiamy si\u0119 tutaj na izolowanych diamentach dla maksymalnej czysto\u015bci).<\/p>\n<p>Dla tych, kt\u00f3rzy poszukuj\u0105 silnych ekstrakt\u00f3w z konopi indyjskich, zrozumienie ich sk\u0142adu jest kluczowe. THC-A jest kwa\u015bnym, nietoksycznym prekursorem THC. Staje si\u0119 psychoaktywny po podgrzaniu, w procesie znanym jako dekarboksylacja. To sprawia, \u017ce <b>THC Live Diamonds<\/b> Niezwykle wszechstronne do r\u00f3\u017cnych metod konsumpcji, od dabbingu po waporyzacj\u0119, wszystkie zaprojektowane tak, aby uwolni\u0107 ich pe\u0142ny potencja\u0142. Chemsfine to zaufany dostawca zapewniaj\u0105cy tak wysokiej jako\u015bci produkt. Zapewniamy, \u017ce ka\u017cda partia <b>\u017bywe diamenty THC na sprzeda\u017c<\/b> przechodzi rygorystyczne kontrole jako\u015bci w celu utrzymania sp\u00f3jno\u015bci i czysto\u015bci, wzmacniaj\u0105c nasz\u0105 reputacj\u0119 jako dostawcy autentycznych i skutecznych koncentrat\u00f3w konopi.<\/p>\n<h2>Dlaczego warto kupi\u0107 \u017cywe diamenty THC online w Chemsfine?<\/h2>\n<p>Wyb\u00f3r <b>kupi\u0107 THC Live Diamonds online<\/b> od Chemsfine oznacza wyb\u00f3r niezawodno\u015bci, wyj\u0105tkowej jako\u015bci i dyskretnej obs\u0142ugi. Jeste\u015bmy dumni z tego, \u017ce jeste\u015bmy wiod\u0105cym dostawc\u0105 najwy\u017cszej jako\u015bci ekstrakt\u00f3w z konopi indyjskich, dzi\u0119ki czemu \u0142atwo jest uzyska\u0107 <b>najlepsze dost\u0119pne THC Live Diamonds<\/b>. Nasz usprawniony proces zakup\u00f3w online zapewnia bezpieczn\u0105 i poufn\u0105 transakcj\u0119, zapewniaj\u0105c spok\u00f3j ducha ka\u017cdemu klientowi. Oferujemy wydajne i bezpieczne opcje dostawy naszych doskona\u0142ych ekstrakt\u00f3w, zaspokajaj\u0105c potrzeby wymagaj\u0105cych klient\u00f3w, dla kt\u00f3rych priorytetem jest zar\u00f3wno integralno\u015b\u0107 produktu, jak i jako\u015b\u0107 us\u0142ug. W przypadku wi\u0119kszych przedsi\u0119biorstw lub tych o sta\u0142ym zapotrzebowaniu u\u0142atwiamy kontakt w celu <b>wi\u0119ksze zam\u00f3wienia<\/b>, oferuj\u0105c dostosowane rozwi\u0105zania i konkurencyjne ceny w przypadku zakup\u00f3w hurtowych.<\/p>\n<p>Nasze zaanga\u017cowanie wykracza poza sam\u0105 sprzeda\u017c; naszym celem jest budowanie trwa\u0142ych relacji opartych na zaufaniu i satysfakcji. Kiedy zdecydujesz si\u0119 <b>Zam\u00f3w THC Live Diamonds online<\/b> Od nas inwestujesz w produkt, kt\u00f3ry jest konsekwentnie weryfikowany pod k\u0105tem czysto\u015bci i si\u0142y dzia\u0142ania. Rozumiemy znaczenie bezpiecznych proces\u00f3w zakupu w tej bran\u017cy, dlatego te\u017c stosujemy solidne systemy w celu ochrony prywatno\u015bci i zapewnienia bezpiecznej dostawy. Niezale\u017cnie od tego, czy jeste\u015b koneserem poszukuj\u0105cym niezr\u00f3wnanej czysto\u015bci, czy sprzedawc\u0105 szukaj\u0105cym wiarygodnego \u017ar\u00f3d\u0142a, Chemsfine jest latarni\u0105 jako\u015bci na rynku koncentrat\u00f3w. Nasz <b>Autentyczne \u017cywe diamenty THC<\/b> s\u0105 pozyskiwane i przetwarzane z najwy\u017csz\u0105 staranno\u015bci\u0105, zapewniaj\u0105c, \u017ce otrzymujesz dok\u0142adnie taki ekstrakt, jak opisano - naprawd\u0119 najwy\u017cszej jako\u015bci.<\/p>\n<h2>Zastosowania<\/h2>\n<p>Wszechstronno\u015b\u0107 i moc <b>THC Live Diamonds<\/b> sprawiaj\u0105, \u017ce nadaj\u0105 si\u0119 one do szeregu zastosowa\u0144, koncentruj\u0105c si\u0119 g\u0142\u00f3wnie na konsumpcji ze wzgl\u0119du na ich silne dzia\u0142anie. Ich wysoka czysto\u015b\u0107 sprawia, \u017ce s\u0105 preferowanym wyborem dla:<\/p>\n<ul>\n<li><b>Dabbing:<\/b> Najpopularniejsza metoda, polegaj\u0105ca na podgrzewaniu diament\u00f3w na gor\u0105cej powierzchni (gwo\u017adziu) i wdychaniu opar\u00f3w.<\/li>\n<li><b>Odparowywanie:<\/b> Korzystanie z waporyzatora do koncentrat\u00f3w w celu podgrzania diament\u00f3w do ich punktu dekarboksylacji w celu p\u0142ynnej inhalacji.<\/li>\n<li><b>Jadalny napar:<\/b> Po dekarboksylacji, czysty THC mo\u017ce by\u0107 dodawany do olej\u00f3w lub mase\u0142 do domowych produkt\u00f3w spo\u017cywczych, oferuj\u0105c precyzyjne dozowanie.<\/li>\n<li><b>Preparaty do stosowania miejscowego:<\/b> Chocia\u017c s\u0105 mniej powszechne ze wzgl\u0119du na swoj\u0105 moc, mog\u0105 by\u0107 dekarboksylowane i wprowadzane do produkt\u00f3w do stosowania miejscowego w celu uzyskania miejscowej ulgi.<\/li>\n<li><b>Niestandardowe mieszanki koncentrat\u00f3w:<\/b> Dla do\u015bwiadczonych u\u017cytkownik\u00f3w lub formulator\u00f3w, <b>Diamenty THC<\/b> mo\u017cna \u0142\u0105czy\u0107 z innymi koncentratami lub terpenami, tworz\u0105c niestandardowe mieszanki dostosowane do konkretnych po\u017c\u0105danych efekt\u00f3w i smak\u00f3w.<\/li>\n<\/ul>\n<p>Te r\u00f3\u017cne zastosowania podkre\u015blaj\u0105, dlaczego <b>\u017bywe diamenty THC na sprzeda\u017c<\/b> ciesz\u0105 si\u0119 tak du\u017cym popytem, zaspokajaj\u0105c potrzeby zar\u00f3wno u\u017cytkownik\u00f3w rekreacyjnych, jak i terapeutycznych, poszukuj\u0105cych solidnych i kontrolowanych wra\u017ce\u0144.<\/p>\n<h2>Bezpiecze\u0144stwo i zgodno\u015b\u0107<\/h2>\n<p>Podczas obchodzenia si\u0119 i spo\u017cywania silnie dzia\u0142aj\u0105cych koncentrat\u00f3w, takich jak <b>THC Live Diamonds<\/b>, Bezpiecze\u0144stwo i odpowiedzialne stosowanie s\u0105 najwa\u017cniejsze. Ze wzgl\u0119du na wysok\u0105 zawarto\u015b\u0107 THC, wa\u017cne jest, aby zacz\u0105\u0107 od bardzo ma\u0142ych dawek i zrozumie\u0107 indywidualne poziomy tolerancji. U\u017cytkownicy powinni upewni\u0107 si\u0119, \u017ce znajduj\u0105 si\u0119 w bezpiecznym, kontrolowanym \u015brodowisku. Chemsfine przestrzega rygorystycznych \u015brodk\u00f3w kontroli jako\u015bci, aby zapewni\u0107, \u017ce nasz <b>Diamenty THC o wysokiej czysto\u015bci na sprzeda\u017c<\/b> spe\u0142niaj\u0105 rygorystyczne standardy bezpiecze\u0144stwa. Podkre\u015blamy, \u017ce wszyscy klienci powinni by\u0107 \u015bwiadomi i przestrzega\u0107 lokalnych przepis\u00f3w dotycz\u0105cych zakupu, posiadania i konsumpcji koncentrat\u00f3w konopi indyjskich. Chocia\u017c koncentrujemy si\u0119 na jako\u015bci produktu i bezpiecznej dostawie, to obowi\u0105zkiem kupuj\u0105cego jest zrozumienie i poruszanie si\u0119 po krajobrazie prawnym w danym obszarze. Zawsze zach\u0119camy do zapoznania si\u0119 ze szczeg\u00f3\u0142owymi informacjami o produkcie i najlepszymi praktykami w zakresie bezpiecznego obchodzenia si\u0119 z nim, aby zapewni\u0107 pozytywne i odpowiedzialne do\u015bwiadczenie z naszymi doskona\u0142ymi ekstraktami.<\/p>\n<p>Zapewnienie przejrzysto\u015bci i bezpiecze\u0144stwa jest integraln\u0105 cz\u0119\u015bci\u0105 naszej dzia\u0142alno\u015bci. Dok\u0142adamy wszelkich stara\u0144, aby zapewni\u0107 wszystkie niezb\u0119dne informacje, cho\u0107 ze wzgl\u0119du na r\u00f3\u017cnice w przepisach nie mo\u017cemy udzieli\u0107 konkretnych porad prawnych. Jednak sta\u0142a czysto\u015b\u0107 i jako\u015b\u0107 naszych produkt\u00f3w, takich jak <b>Autentyczne \u017cywe diamenty THC<\/b>, przyczyniaj\u0105 si\u0119 w znacznym stopniu do przewidywalnych efekt\u00f3w, gdy s\u0105 spo\u017cywane w spos\u00f3b odpowiedzialny. Nasze zaanga\u017cowanie w zapewnienie bezpiecznego \u015brodowiska zakupowego rozci\u0105ga si\u0119 na zapewnienie, \u017ce produkty s\u0105 obs\u0142ugiwane i pakowane z najwy\u017csz\u0105 staranno\u015bci\u0105, zachowuj\u0105c ich integralno\u015b\u0107 od naszego zak\u0142adu do r\u0105k klienta.<\/p>\n<h2>Dlaczego warto wybra\u0107 nas?<\/h2>\n<p>Wyb\u00f3r Chemsfine jako dostawcy dla <b>THC Live Diamonds<\/b> oferuje wyra\u017ane korzy\u015bci, wyr\u00f3\u017cniaj\u0105c nas na konkurencyjnym rynku doskona\u0142ych ekstrakt\u00f3w z konopi indyjskich. Priorytetowo traktujemy przejrzyste szczeg\u00f3\u0142y dotycz\u0105ce naszych produkt\u00f3w, zapewniaj\u0105c, \u017ce wiesz dok\u0142adnie, co otrzymujesz. Ka\u017cda partia naszych <b>Diamenty THC<\/b> podlega rygorystycznym procesom weryfikacji, podtrzymuj\u0105c nasz\u0105 obietnic\u0119 97-99% THC i 99% czystego THC-A. Nasze konkurencyjne ceny koncentrat\u00f3w premium oznaczaj\u0105, \u017ce otrzymujesz wyj\u0105tkow\u0105 warto\u015b\u0107 bez kompromis\u00f3w w zakresie jako\u015bci. Kiedy <b>Zam\u00f3w THC Live Diamonds online<\/b> od nas, zyskujesz:<\/p>\n<table border=\"1\" style=\"width:100%;border-collapse: collapse\">\n<thead>\n<tr>\n<th>Cecha<\/th>\n<th>Korzy\u015bci dla Ciebie<\/th>\n<\/tr>\n<\/thead>\n<tbody>\n<tr>\n<td><b>Wyj\u0105tkowa czysto\u015b\u0107<\/b><\/td>\n<td>Gwarantowane 97-99% THC i 99% czystego THC-A, zapewniaj\u0105ce silne i sp\u00f3jne efekty.<\/td>\n<\/tr>\n<tr>\n<td><b>Bezpieczna dostawa<\/b><\/td>\n<td>Dyskretne i niezawodne metody wysy\u0142ki w celu ochrony zakupu.<\/td>\n<\/tr>\n<tr>\n<td><b>Konkurencyjne ceny<\/b><\/td>\n<td>Dost\u0119p do koncentrat\u00f3w premium po uczciwych i przejrzystych cenach.<\/td>\n<\/tr>\n<tr>\n<td><b>Opcje zam\u00f3wie\u0144 zbiorczych<\/b><\/td>\n<td>Specjalistyczne wsparcie i ceny dla wi\u0119kszych zakup\u00f3w.<\/td>\n<\/tr>\n<\/tbody>\n<\/table>\n<p>Naszym celem jest zapewnienie klientom bezproblemowej obs\u0142ugi, od przegl\u0105dania naszej oferty po ostateczn\u0105 dostaw\u0119. Nasze zaanga\u017cowanie w weryfikacj\u0119 partii i przejrzyste informacje o produktach gwarantuje, \u017ce zawsze mo\u017cesz zaufa\u0107 jako\u015bci i autentyczno\u015bci tego, co otrzymujesz. Dla tych, kt\u00f3rzy szukaj\u0105 <b>kupi\u0107 THC Live Diamonds online<\/b>, Chemsfine stanowi punkt odniesienia dla doskona\u0142o\u015bci i satysfakcji klienta.<\/p>\n<h2>Wnioski<\/h2>\n<p>Podsumowuj\u0105c, nasze <b>THC Live Diamonds<\/b> reprezentuj\u0105 naprawd\u0119 doskona\u0142y ekstrakt, starannie opracowany dla wymagaj\u0105cych koneser\u00f3w. Dzi\u0119ki imponuj\u0105cej czysto\u015bci 97-99% THC i 99% czystego THC-A, koncentraty te zapewniaj\u0105 pot\u0119\u017cne i sp\u00f3jne doznania. Kiedy b\u0119dziesz gotowy na <b>Kup \u017cywe diamenty THC na sprzeda\u017c<\/b>, Chemsfine zapewnia bezkonkurencyjn\u0105 mo\u017cliwo\u015b\u0107 nabycia produktu premium popartego jako\u015bci\u0105, uczciwo\u015bci\u0105 i niezawodn\u0105 obs\u0142ug\u0105. Zach\u0119camy do zapoznania si\u0119 z nasz\u0105 ofert\u0105 i do\u015bwiadczenia g\u0142\u0119bokiej r\u00f3\u017cnicy, jak\u0105 daje prawdziwa czysto\u015b\u0107. Wybierz Chemsfine do nast\u0119pnego zakupu koncentratu i podnie\u015b swoje do\u015bwiadczenie dzi\u0119ki naszym wyj\u0105tkowym produktom. <b>Diamenty THC<\/b>.<\/p>","protected":false},"excerpt":{"rendered":"<p>Odkryj <b>THC Live Diamonds<\/b>, to najwy\u017cszej jako\u015bci ekstrakt z konopi indyjskich o st\u0119\u017ceniu 97-99% THC i 99% czystego THC-A. Do\u015bwiadcz niezr\u00f3wnanej mocy i jako\u015bci. Kup te najwy\u017cszej jako\u015bci <b>Diamenty THC<\/b> w Chemsfine, aby do\u015bwiadczy\u0107 autentycznego i pot\u0119\u017cnego koncentratu.<\/p>","protected":false},"featured_media":8526,"comment_status":"open","ping_status":"closed","template":"","meta":{"_joinchat":[]},"product_brand":[],"product_cat":[945],"product_tag":[],"class_list":{"0":"post-8496","1":"product","2":"type-product","3":"status-publish","4":"has-post-thumbnail","6":"product_cat-marijuana-wax","8":"first","9":"instock","10":"shipping-taxable","11":"purchasable","12":"product-type-variable"},"yoast_head":"<!-- This site is optimized with the Yoast SEO plugin v27.2 - https:\/\/yoast.com\/product\/yoast-seo-wordpress\/ -->\n<title>Buy THC Live Diamonds Online - Premium Quality Available<\/title>\n<meta name=\"description\" content=\"Purchase high-purity THC Live Diamonds online at Chemsfine. Experience 97-99% THC concentration. Best superior extract available with safe delivery.\" \/>\n<meta name=\"robots\" content=\"index, follow, max-snippet:-1, max-image-preview:large, max-video-preview:-1\" \/>\n<link rel=\"canonical\" href=\"https:\/\/chemsfine.com\/pl\/produkt\/buy-thc-live-diamonds\/\" \/>\n<meta property=\"og:locale\" content=\"pl_PL\" \/>\n<meta property=\"og:type\" content=\"article\" \/>\n<meta property=\"og:title\" content=\"Buy THC Live Diamonds Online - Premium Quality Available\" \/>\n<meta property=\"og:description\" content=\"Purchase high-purity THC Live Diamonds online at Chemsfine. Experience 97-99% THC concentration. Best superior extract available with safe delivery.\" \/>\n<meta property=\"og:url\" content=\"https:\/\/chemsfine.com\/pl\/produkt\/buy-thc-live-diamonds\/\" \/>\n<meta property=\"og:site_name\" content=\"Chemsfine\" \/>\n<meta property=\"article:modified_time\" content=\"2026-03-25T12:00:35+00:00\" \/>\n<meta property=\"og:image\" content=\"https:\/\/chemsfine.com\/wp-content\/uploads\/2026\/02\/pic.14.webp\" \/>\n\t<meta property=\"og:image:width\" content=\"500\" \/>\n\t<meta property=\"og:image:height\" content=\"500\" \/>\n\t<meta property=\"og:image:type\" content=\"image\/webp\" \/>\n<meta name=\"twitter:card\" content=\"summary_large_image\" \/>\n<meta name=\"twitter:label1\" content=\"Szacowany czas czytania\" \/>\n\t<meta name=\"twitter:data1\" content=\"6 minut\" \/>\n<script type=\"application\/ld+json\" class=\"yoast-schema-graph\">{\"@context\":\"https:\/\/schema.org\",\"@graph\":[{\"@type\":\"WebPage\",\"@id\":\"https:\/\/chemsfine.com\/product\/buy-thc-live-diamonds\/\",\"url\":\"https:\/\/chemsfine.com\/product\/buy-thc-live-diamonds\/\",\"name\":\"Buy THC Live Diamonds Online - Premium Quality Available\",\"isPartOf\":{\"@id\":\"https:\/\/chemsfine.com\/#website\"},\"primaryImageOfPage\":{\"@id\":\"https:\/\/chemsfine.com\/product\/buy-thc-live-diamonds\/#primaryimage\"},\"image\":{\"@id\":\"https:\/\/chemsfine.com\/product\/buy-thc-live-diamonds\/#primaryimage\"},\"thumbnailUrl\":\"https:\/\/chemsfine.com\/wp-content\/uploads\/2026\/02\/pic.14.webp\",\"datePublished\":\"2026-02-13T20:09:38+00:00\",\"dateModified\":\"2026-03-25T12:00:35+00:00\",\"description\":\"Purchase high-purity THC Live Diamonds online at Chemsfine. Experience 97-99% THC concentration. Best superior extract available with safe delivery.\",\"breadcrumb\":{\"@id\":\"https:\/\/chemsfine.com\/product\/buy-thc-live-diamonds\/#breadcrumb\"},\"inLanguage\":\"pl-PL\",\"potentialAction\":[{\"@type\":\"ReadAction\",\"target\":[\"https:\/\/chemsfine.com\/product\/buy-thc-live-diamonds\/\"]}]},{\"@type\":\"ImageObject\",\"inLanguage\":\"pl-PL\",\"@id\":\"https:\/\/chemsfine.com\/product\/buy-thc-live-diamonds\/#primaryimage\",\"url\":\"https:\/\/chemsfine.com\/wp-content\/uploads\/2026\/02\/pic.14.webp\",\"contentUrl\":\"https:\/\/chemsfine.com\/wp-content\/uploads\/2026\/02\/pic.14.webp\",\"width\":500,\"height\":500},{\"@type\":\"BreadcrumbList\",\"@id\":\"https:\/\/chemsfine.com\/product\/buy-thc-live-diamonds\/#breadcrumb\",\"itemListElement\":[{\"@type\":\"ListItem\",\"position\":1,\"name\":\"Home\",\"item\":\"https:\/\/chemsfine.com\/\"},{\"@type\":\"ListItem\",\"position\":2,\"name\":\"Shop\",\"item\":\"https:\/\/chemsfine.com\/shop\/\"},{\"@type\":\"ListItem\",\"position\":3,\"name\":\"Buy THC Live Diamonds &#8211; Premium Live Cannabis Extract\"}]},{\"@type\":\"WebSite\",\"@id\":\"https:\/\/chemsfine.com\/#website\",\"url\":\"https:\/\/chemsfine.com\/\",\"name\":\"Chemsfine\",\"description\":\"My WordPress Blog\",\"publisher\":{\"@id\":\"https:\/\/chemsfine.com\/#organization\"},\"potentialAction\":[{\"@type\":\"SearchAction\",\"target\":{\"@type\":\"EntryPoint\",\"urlTemplate\":\"https:\/\/chemsfine.com\/?s={search_term_string}\"},\"query-input\":{\"@type\":\"PropertyValueSpecification\",\"valueRequired\":true,\"valueName\":\"search_term_string\"}}],\"inLanguage\":\"pl-PL\"},{\"@type\":\"Organization\",\"@id\":\"https:\/\/chemsfine.com\/#organization\",\"name\":\"Chemsfine\",\"url\":\"https:\/\/chemsfine.com\/\",\"logo\":{\"@type\":\"ImageObject\",\"inLanguage\":\"pl-PL\",\"@id\":\"https:\/\/chemsfine.com\/#\/schema\/logo\/image\/\",\"url\":\"https:\/\/chemsfine.com\/wp-content\/uploads\/2024\/09\/final-logo.png\",\"contentUrl\":\"https:\/\/chemsfine.com\/wp-content\/uploads\/2024\/09\/final-logo.png\",\"width\":340,\"height\":72,\"caption\":\"Chemsfine\"},\"image\":{\"@id\":\"https:\/\/chemsfine.com\/#\/schema\/logo\/image\/\"}}]}<\/script>\n<!-- \/ Yoast SEO plugin. -->","yoast_head_json":{"title":"Kup \u017cywe diamenty THC online - dost\u0119pna najwy\u017csza jako\u015b\u0107","description":"Kupuj wysokiej czysto\u015bci THC Live Diamonds online w Chemsfine. Do\u015bwiadcz st\u0119\u017cenia THC 97-99%. Najlepszy ekstrakt dost\u0119pny z bezpieczn\u0105 dostaw\u0105.","robots":{"index":"index","follow":"follow","max-snippet":"max-snippet:-1","max-image-preview":"max-image-preview:large","max-video-preview":"max-video-preview:-1"},"canonical":"https:\/\/chemsfine.com\/pl\/produkt\/buy-thc-live-diamonds\/","og_locale":"pl_PL","og_type":"article","og_title":"Buy THC Live Diamonds Online - Premium Quality Available","og_description":"Purchase high-purity THC Live Diamonds online at Chemsfine. Experience 97-99% THC concentration. Best superior extract available with safe delivery.","og_url":"https:\/\/chemsfine.com\/pl\/produkt\/buy-thc-live-diamonds\/","og_site_name":"Chemsfine","article_modified_time":"2026-03-25T12:00:35+00:00","og_image":[{"width":500,"height":500,"url":"https:\/\/chemsfine.com\/wp-content\/uploads\/2026\/02\/pic.14.webp","type":"image\/webp"}],"twitter_card":"summary_large_image","twitter_misc":{"Szacowany czas czytania":"6 minut"},"schema":{"@context":"https:\/\/schema.org","@graph":[{"@type":"WebPage","@id":"https:\/\/chemsfine.com\/product\/buy-thc-live-diamonds\/","url":"https:\/\/chemsfine.com\/product\/buy-thc-live-diamonds\/","name":"Kup \u017cywe diamenty THC online - dost\u0119pna najwy\u017csza jako\u015b\u0107","isPartOf":{"@id":"https:\/\/chemsfine.com\/#website"},"primaryImageOfPage":{"@id":"https:\/\/chemsfine.com\/product\/buy-thc-live-diamonds\/#primaryimage"},"image":{"@id":"https:\/\/chemsfine.com\/product\/buy-thc-live-diamonds\/#primaryimage"},"thumbnailUrl":"https:\/\/chemsfine.com\/wp-content\/uploads\/2026\/02\/pic.14.webp","datePublished":"2026-02-13T20:09:38+00:00","dateModified":"2026-03-25T12:00:35+00:00","description":"Kupuj wysokiej czysto\u015bci THC Live Diamonds online w Chemsfine. Do\u015bwiadcz st\u0119\u017cenia THC 97-99%. Najlepszy ekstrakt dost\u0119pny z bezpieczn\u0105 dostaw\u0105.","breadcrumb":{"@id":"https:\/\/chemsfine.com\/product\/buy-thc-live-diamonds\/#breadcrumb"},"inLanguage":"pl-PL","potentialAction":[{"@type":"ReadAction","target":["https:\/\/chemsfine.com\/product\/buy-thc-live-diamonds\/"]}]},{"@type":"ImageObject","inLanguage":"pl-PL","@id":"https:\/\/chemsfine.com\/product\/buy-thc-live-diamonds\/#primaryimage","url":"https:\/\/chemsfine.com\/wp-content\/uploads\/2026\/02\/pic.14.webp","contentUrl":"https:\/\/chemsfine.com\/wp-content\/uploads\/2026\/02\/pic.14.webp","width":500,"height":500},{"@type":"BreadcrumbList","@id":"https:\/\/chemsfine.com\/product\/buy-thc-live-diamonds\/#breadcrumb","itemListElement":[{"@type":"ListItem","position":1,"name":"Home","item":"https:\/\/chemsfine.com\/"},{"@type":"ListItem","position":2,"name":"Shop","item":"https:\/\/chemsfine.com\/shop\/"},{"@type":"ListItem","position":3,"name":"Buy THC Live Diamonds &#8211; Premium Live Cannabis Extract"}]},{"@type":"WebSite","@id":"https:\/\/chemsfine.com\/#website","url":"https:\/\/chemsfine.com\/","name":"Chemsfine","description":"M\u00f3j blog WordPress","publisher":{"@id":"https:\/\/chemsfine.com\/#organization"},"potentialAction":[{"@type":"SearchAction","target":{"@type":"EntryPoint","urlTemplate":"https:\/\/chemsfine.com\/?s={search_term_string}"},"query-input":{"@type":"PropertyValueSpecification","valueRequired":true,"valueName":"search_term_string"}}],"inLanguage":"pl-PL"},{"@type":"Organization","@id":"https:\/\/chemsfine.com\/#organization","name":"Chemsfine","url":"https:\/\/chemsfine.com\/","logo":{"@type":"ImageObject","inLanguage":"pl-PL","@id":"https:\/\/chemsfine.com\/#\/schema\/logo\/image\/","url":"https:\/\/chemsfine.com\/wp-content\/uploads\/2024\/09\/final-logo.png","contentUrl":"https:\/\/chemsfine.com\/wp-content\/uploads\/2024\/09\/final-logo.png","width":340,"height":72,"caption":"Chemsfine"},"image":{"@id":"https:\/\/chemsfine.com\/#\/schema\/logo\/image\/"}}]}},"_links":{"self":[{"href":"https:\/\/chemsfine.com\/pl\/wp-json\/wp\/v2\/product\/8496","targetHints":{"allow":["GET"]}}],"collection":[{"href":"https:\/\/chemsfine.com\/pl\/wp-json\/wp\/v2\/product"}],"about":[{"href":"https:\/\/chemsfine.com\/pl\/wp-json\/wp\/v2\/types\/product"}],"replies":[{"embeddable":true,"href":"https:\/\/chemsfine.com\/pl\/wp-json\/wp\/v2\/comments?post=8496"}],"wp:featuredmedia":[{"embeddable":true,"href":"https:\/\/chemsfine.com\/pl\/wp-json\/wp\/v2\/media\/8526"}],"wp:attachment":[{"href":"https:\/\/chemsfine.com\/pl\/wp-json\/wp\/v2\/media?parent=8496"}],"wp:term":[{"taxonomy":"product_brand","embeddable":true,"href":"https:\/\/chemsfine.com\/pl\/wp-json\/wp\/v2\/product_brand?post=8496"},{"taxonomy":"product_cat","embeddable":true,"href":"https:\/\/chemsfine.com\/pl\/wp-json\/wp\/v2\/product_cat?post=8496"},{"taxonomy":"product_tag","embeddable":true,"href":"https:\/\/chemsfine.com\/pl\/wp-json\/wp\/v2\/product_tag?post=8496"}],"curies":[{"name":"wp","href":"https:\/\/api.w.org\/{rel}","templated":true}]}}