{"id":8499,"date":"2026-02-13T20:09:43","date_gmt":"2026-02-13T20:09:43","guid":{"rendered":"https:\/\/chemsfine.com\/?post_type=product&#038;p=8499"},"modified":"2026-03-25T11:59:49","modified_gmt":"2026-03-25T11:59:49","slug":"alaskan-thunder-fuck-budder","status":"publish","type":"product","link":"https:\/\/chemsfine.com\/pl\/product\/alaskan-thunder-fuck-budder\/","title":{"rendered":"Kup Alaskan Thunder Fuck Budder - koncentrat konopi premium"},"content":{"rendered":"<p>Wkrocz do \u015bwiata niezr\u00f3wnanej jako\u015bci marihuany z mo\u017cliwo\u015bci\u0105 <b>Kupi\u0107 Alaskan Thunder Fuck Budder na sprzeda\u017c<\/b> w Chemsfine. Znany ze swoich silnych efekt\u00f3w i wyj\u0105tkowej czysto\u015bci, ten koncentrat premium oferuje do\u015bwiadczenie niepodobne do \u017cadnego innego. Dla koneser\u00f3w i entuzjast\u00f3w poszukuj\u0105cych produktu z najwy\u017cszej p\u00f3\u0142ki, nasz Alaskan Thunder Fuck Budder jest starannie wykonany, aby zapewni\u0107 wysublimowan\u0105 podr\u00f3\u017c. Odkryj wyra\u017ane cechy tej s\u0142ynnej odmiany z dominacj\u0105 sativy, teraz dost\u0119pnej w wysoce skoncentrowanej formie budder, zapewniaj\u0105cej maksymalny efekt i smak.<\/p>\n<h2>Czym jest Alaskan Thunder Fuck Budder?<\/h2>\n<p>Alaskan Thunder Fuck, cz\u0119sto pieszczotliwie nazywana ATF, to legendarna odmiana hybrydowa z dominacj\u0105 sativy, kt\u00f3rej korzenie si\u0119gaj\u0105 Alaski. Jest znana ze swojego pobudzaj\u0105cego haju m\u00f3zgowego i g\u0142\u0119bokich efekt\u00f3w euforycznych, co czyni j\u0105 ulubion\u0105 dla os\u00f3b poszukuj\u0105cych inspiracji i podniesienia na duchu. Odmiana ta charakteryzuje si\u0119 z\u0142o\u017conym profilem aromatycznym, cz\u0119sto opisywanym jako ostra mieszanka sosny, cytryny, mentolu i skunka, zapewniaj\u0105c wyj\u0105tkowo rze\u015bkie i orze\u017awiaj\u0105ce doznania.<\/p>\n<p>Nasz <b>Najwy\u017cszej jako\u015bci Alaskan Thunder Fuck Budder<\/b> bierze te cenione cechy i koncentruje je w pot\u0119\u017cn\u0105, podobn\u0105 do mas\u0142a substancj\u0119. Budder to koncentrat konopi indyjskich wyr\u00f3\u017cniaj\u0105cy si\u0119 mi\u0119kk\u0105, elastyczn\u0105 i woskow\u0105 konsystencj\u0105, uzyskan\u0105 dzi\u0119ki specjalnemu procesowi ubijania podczas ekstrakcji. Metoda ta zatrzymuje terpeny i kannabinoidy, w wyniku czego powstaje produkt, kt\u00f3ry jest nie tylko niezwykle silny - cz\u0119sto mo\u017ce pochwali\u0107 si\u0119 poziomem THC si\u0119gaj\u0105cym 70-90% - ale tak\u017ce niezwykle bogaty w aromatyczne i smakowe niuanse oryginalnej odmiany. Stanowi on szczyt kunsztu produkcji koncentrat\u00f3w konopi indyjskich, zapewniaj\u0105c czysty, intensywny i natychmiastowy efekt.<\/p>\n<h2>Dlaczego warto kupi\u0107 Alaskan Thunder Fuck Budder online w Chemsfine?<\/h2>\n<p>Decyduj\u0105c si\u0119 na zakup koncentrat\u00f3w konopi od Chemsfine, stawiasz na niezawodno\u015b\u0107, jako\u015b\u0107 i wyj\u0105tkow\u0105 obs\u0142ug\u0119 klienta. Jeste\u015bmy zaanga\u017cowani w pozyskiwanie i dostarczanie tylko najlepszych produkt\u00f3w z konopi indyjskich dost\u0119pnych na rynku. Nasz Alaskan Thunder Fuck Budder przechodzi rygorystyczne kontrole jako\u015bci, aby zapewni\u0107 jego czysto\u015b\u0107, moc i bezpiecze\u0144stwo, gwarantuj\u0105c, \u017ce otrzymasz dok\u0142adnie to, czego oczekujesz: najwy\u017cszej jako\u015bci, niezanieczyszczony produkt. Je\u015bli szukasz <b>Najlepszy dost\u0119pny Alaskan Thunder Fuck Budder<\/b>, Nie szukaj dalej ni\u017c nasza starannie wyselekcjonowana oferta.<\/p>\n<p>Co wi\u0119cej, zakupy online w Chemsfine oferuj\u0105 niezr\u00f3wnan\u0105 wygod\u0119 i dyskrecj\u0119. Rozumiemy, jak wa\u017cne jest bezproblemowe dokonywanie zakup\u00f3w, od przegl\u0105dania naszego obszernego katalogu po otrzymanie zam\u00f3wienia. Nasza bezpieczna platforma zapewnia ochron\u0119 danych, a nasz dedykowany zesp\u00f3\u0142 obs\u0142ugi klienta jest zawsze gotowy do pomocy w przypadku jakichkolwiek pyta\u0144. Do\u015bwiadcz \u0142atwo\u015bci nabywania najwy\u017cszej jako\u015bci koncentrat\u00f3w konopi bez uszczerbku dla jako\u015bci i prywatno\u015bci.<\/p>\n<h2>Zastosowania<\/h2>\n<p>Alaskan Thunder Fuck Budder jest przeznaczony przede wszystkim do spo\u017cycia poprzez dabbing lub waporyzacj\u0119, metody, kt\u00f3re pozwalaj\u0105 na szybkie rozpocz\u0119cie i wydajne dostarczanie skoncentrowanych kannabinoid\u00f3w i terpen\u00f3w. Metody te oferuj\u0105 czyste i silne doznania, idealne dla u\u017cytkownik\u00f3w, kt\u00f3rzy ceni\u0105 sobie natychmiastowy efekt i pe\u0142ny profil smakowy wysokiej jako\u015bci koncentrat\u00f3w. Orze\u017awiaj\u0105ca natura ATF sprawia, \u017ce jej budder jest szczeg\u00f3lnie odpowiedni dla:<\/p>\n<ul>\n<li>Zwi\u0119kszenie kreatywno\u015bci i przedsi\u0119wzi\u0119\u0107 artystycznych.<\/li>\n<li>Promowanie skupienia i jasno\u015bci umys\u0142u podczas aktywno\u015bci w ci\u0105gu dnia.<\/li>\n<li>Poprawia nastr\u00f3j i sprzyja poczuciu euforii.<\/li>\n<li>Zapewnia solidn\u0105 ulg\u0119 dla os\u00f3b poszukuj\u0105cych silnych efekt\u00f3w.<\/li>\n<li>Do\u015bwiadcz pe\u0142nego, niezafa\u0142szowanego smaku odmiany Alaskan Thunder Fuck.<\/li>\n<li>Spotkania towarzyskie i o\u017cywione rozmowy.<\/li>\n<\/ul>\n<p>Jego wszechstronno\u015b\u0107 pozwala na dostosowanie do\u015bwiadczenia w zale\u017cno\u015bci od preferowanej metody i po\u017c\u0105danej intensywno\u015bci. Zawsze zaczynaj od niewielkiej ilo\u015bci, aby oceni\u0107 indywidualn\u0105 tolerancj\u0119, szczeg\u00f3lnie w przypadku tak silnego koncentratu.<\/p>\n<h2>Bezpiecze\u0144stwo i zgodno\u015b\u0107<\/h2>\n<p>Odpowiedzialne korzystanie z koncentrat\u00f3w konopi indyjskich, w szczeg\u00f3lno\u015bci produkt\u00f3w o du\u017cej mocy, takich jak Alaskan Thunder Fuck Budder, ma ogromne znaczenie. Konsumenci powinni zawsze stawia\u0107 na pierwszym miejscu swoje bezpiecze\u0144stwo i przestrzega\u0107 lokalnych przepis\u00f3w dotycz\u0105cych zakupu, posiadania i konsumpcji konopi indyjskich. Zdecydowanie zalecamy, aby wszyscy u\u017cytkownicy byli pe\u0142noletni i rozumieli dzia\u0142anie tak silnych produkt\u00f3w przed ich u\u017cyciem. Kluczowe znaczenie ma spo\u017cywanie konopi w bezpiecznym i kontrolowanym \u015brodowisku. Chocia\u017c konkretne karty charakterystyki (SDS) i certyfikaty analizy (CoA) mog\u0105 si\u0119 r\u00f3\u017cni\u0107 w zale\u017cno\u015bci od produktu, Chemsfine d\u0105\u017cy do przejrzysto\u015bci tam, gdzie ma to zastosowanie, zapewniaj\u0105c, \u017ce nasze produkty spe\u0142niaj\u0105 wysokie standardy. Koncentraty nale\u017cy zawsze przechowywa\u0107 w bezpieczny spos\u00f3b, z dala od dzieci i zwierz\u0105t domowych, a w przypadku jakichkolwiek wcze\u015bniejszych schorze\u0144 lub w\u0105tpliwo\u015bci nale\u017cy skonsultowa\u0107 si\u0119 z lekarzem.<\/p>\n<h2>Dlaczego warto wybra\u0107 Chemsfine?<\/h2>\n<p>W Chemsfine nasze zaanga\u017cowanie wykracza poza sam\u0105 sprzeda\u017c produkt\u00f3w; naszym celem jest budowanie trwa\u0142ych relacji opartych na zaufaniu i satysfakcji. Kiedy <b>Zam\u00f3w Alaskan Thunder Fuck Budder online<\/b> Od nas wybierasz partnera oddanego doskona\u0142o\u015bci. Oferujemy przejrzyste szczeg\u00f3\u0142y produktu, zapewniaj\u0105c wszystkie niezb\u0119dne informacje do podj\u0119cia \u015bwiadomej decyzji. Nasze partie s\u0105 skrupulatnie weryfikowane, aby zapewni\u0107 sta\u0142\u0105 jako\u015b\u0107 i moc, wzmacniaj\u0105c nasz\u0105 obietnic\u0119 dostarczania tylko tego, co najlepsze.<\/p>\n<p>Jeste\u015bmy dumni z oferowania konkurencyjnych cen bez uszczerbku dla integralno\u015bci lub jako\u015bci naszych koncentrat\u00f3w. Nasz usprawniony proces zamawiania i dyskretne metody wysy\u0142ki zosta\u0142y zaprojektowane z my\u015bl\u0105 o Twoim spokoju. Aby uzyska\u0107 niezr\u00f3wnany wyb\u00f3r najwy\u017cszej jako\u015bci koncentrat\u00f3w konopi indyjskich i obs\u0142ug\u0119 klienta, kt\u00f3ra stoi ponad reszt\u0105, Chemsfine jest najlepszym miejscem docelowym. Zapewniamy, \u017ce ka\u017cda interakcja, od przegl\u0105dania po dostaw\u0119, jest p\u0142ynna, bezpieczna i satysfakcjonuj\u0105ca.<\/p>\n<h2>Wnioski<\/h2>\n<p>Poczuj najwy\u017csz\u0105 jako\u015b\u0107 i ekscytuj\u0105ce efekty Alaskan Thunder Fuck Budder. Ten wyj\u0105tkowy koncentrat zapewnia ukochane cechy odmiany ATF w bardzo silnej i przyjemnej formie. Niezale\u017cnie od tego, czy szukasz inspiracji, euforii czy g\u0142\u0119bokiego relaksu, nasz wysokiej jako\u015bci budder zosta\u0142 zaprojektowany tak, aby przekracza\u0107 oczekiwania. Nie przegap okazji, aby do\u015bwiadczy\u0107 tego produktu z najwy\u017cszej p\u00f3\u0142ki. Dokonaj m\u0105drego wyboru, stawiaj\u0105c na jako\u015b\u0107 i wygod\u0119; <b>Kupi\u0107 Alaskan Thunder Fuck Budder na sprzeda\u017c<\/b> ju\u017c dzi\u015b w Chemsfine i wznie\u015b swoje doznania zwi\u0105zane z konopiami indyjskimi na nowy poziom.<\/p>\n<h3>Tabela specyfikacji produktu<\/h3>\n<table border=\"1\">\n<thead>\n<tr>\n<th>Atrybut<\/th>\n<th>Szczeg\u00f3\u0142y<\/th>\n<\/tr>\n<\/thead>\n<tbody>\n<tr>\n<td>Nazwa produktu<\/td>\n<td>Alaskan Thunder Fuck Budder<\/td>\n<\/tr>\n<tr>\n<td>Typ koncentratu<\/td>\n<td>Budder<\/td>\n<\/tr>\n<tr>\n<td>Profil szczepu<\/td>\n<td>Hybryda z dominacj\u0105 Sativy (Alaskan Thunder Fuck)<\/td>\n<\/tr>\n<tr>\n<td>Tekstura<\/td>\n<td>Mi\u0119kki, kremowy, woskowy<\/td>\n<\/tr>\n<tr>\n<td>Zakres mocy (THC)<\/td>\n<td>70-90% (ok.)<\/td>\n<\/tr>\n<tr>\n<td>Profil aromatu<\/td>\n<td>Sosna, cytryna, mentol, skunks, olej nap\u0119dowy<\/td>\n<\/tr>\n<tr>\n<td>U\u017cycie podstawowe<\/td>\n<td>Dabbing, Vaping<\/td>\n<\/tr>\n<tr>\n<td>Idealny dla<\/td>\n<td>Podnosz\u0105cy na duchu, euforyczny, kreatywny efekt<\/td>\n<\/tr>\n<\/tbody>\n<\/table>","protected":false},"excerpt":{"rendered":"<p>Do\u015bwiadcz silnej euforii <b>ATF Budder<\/b>, to najwy\u017cszej jako\u015bci koncentrat konopi z dominacj\u0105 sativy dost\u0119pny w Chemsfine. Ten p\u0105czek z najwy\u017cszej p\u00f3\u0142ki ma kremow\u0105, woskow\u0105 konsystencj\u0119 i zapewnia orze\u017awiaj\u0105ce nuty sosny i cytryny legendarnej odmiany Alaskan Thunder Fuck. Idealny do dabbingu lub waporyzacji, oferuje wysok\u0105 zawarto\u015b\u0107 THC, idealn\u0105 do poprawy nastroju i pobudzenia kreatywno\u015bci. Odkryj, dlaczego wymagaj\u0105cy u\u017cytkownicy wybieraj\u0105 <b>kupi\u0107 ATF Budder<\/b> na niezr\u00f3wnan\u0105 podr\u00f3\u017c po konopiach indyjskich.<\/p>","protected":false},"featured_media":8529,"comment_status":"open","ping_status":"closed","template":"","meta":{"_joinchat":[]},"product_brand":[],"product_cat":[945],"product_tag":[],"class_list":{"0":"post-8499","1":"product","2":"type-product","3":"status-publish","4":"has-post-thumbnail","6":"product_cat-marijuana-wax","8":"first","9":"instock","10":"shipping-taxable","11":"purchasable","12":"product-type-variable"},"yoast_head":"<!-- This site is optimized with the Yoast SEO plugin v27.2 - https:\/\/yoast.com\/product\/yoast-seo-wordpress\/ -->\n<title>Buy Alaskan Thunder Fuck Budder Online - Best Price at Chemsfine<\/title>\n<meta name=\"description\" content=\"Discover premium Alaskan Thunder Fuck Budder. Experience top-shelf quality and potent effects. Buy this sought-after cannabis concentrate online at Chemsfine for the best value.\" \/>\n<meta name=\"robots\" content=\"index, follow, max-snippet:-1, max-image-preview:large, max-video-preview:-1\" \/>\n<link rel=\"canonical\" href=\"https:\/\/chemsfine.com\/pl\/produkt\/alaskan-thunder-fuck-budder\/\" \/>\n<meta property=\"og:locale\" content=\"pl_PL\" \/>\n<meta property=\"og:type\" content=\"article\" \/>\n<meta property=\"og:title\" content=\"Buy Alaskan Thunder Fuck Budder Online - Best Price at Chemsfine\" \/>\n<meta property=\"og:description\" content=\"Discover premium Alaskan Thunder Fuck Budder. Experience top-shelf quality and potent effects. Buy this sought-after cannabis concentrate online at Chemsfine for the best value.\" \/>\n<meta property=\"og:url\" content=\"https:\/\/chemsfine.com\/pl\/produkt\/alaskan-thunder-fuck-budder\/\" \/>\n<meta property=\"og:site_name\" content=\"Chemsfine\" \/>\n<meta property=\"article:modified_time\" content=\"2026-03-25T11:59:49+00:00\" \/>\n<meta property=\"og:image\" content=\"https:\/\/chemsfine.com\/wp-content\/uploads\/2026\/02\/pic.11.webp\" \/>\n\t<meta property=\"og:image:width\" content=\"500\" \/>\n\t<meta property=\"og:image:height\" content=\"500\" \/>\n\t<meta property=\"og:image:type\" content=\"image\/webp\" \/>\n<meta name=\"twitter:card\" content=\"summary_large_image\" \/>\n<meta name=\"twitter:label1\" content=\"Szacowany czas czytania\" \/>\n\t<meta name=\"twitter:data1\" content=\"5 minut\" \/>\n<script type=\"application\/ld+json\" class=\"yoast-schema-graph\">{\"@context\":\"https:\/\/schema.org\",\"@graph\":[{\"@type\":\"WebPage\",\"@id\":\"https:\/\/chemsfine.com\/product\/alaskan-thunder-fuck-budder\/\",\"url\":\"https:\/\/chemsfine.com\/product\/alaskan-thunder-fuck-budder\/\",\"name\":\"Buy Alaskan Thunder Fuck Budder Online - Best Price at Chemsfine\",\"isPartOf\":{\"@id\":\"https:\/\/chemsfine.com\/#website\"},\"primaryImageOfPage\":{\"@id\":\"https:\/\/chemsfine.com\/product\/alaskan-thunder-fuck-budder\/#primaryimage\"},\"image\":{\"@id\":\"https:\/\/chemsfine.com\/product\/alaskan-thunder-fuck-budder\/#primaryimage\"},\"thumbnailUrl\":\"https:\/\/chemsfine.com\/wp-content\/uploads\/2026\/02\/pic.11.webp\",\"datePublished\":\"2026-02-13T20:09:43+00:00\",\"dateModified\":\"2026-03-25T11:59:49+00:00\",\"description\":\"Discover premium Alaskan Thunder Fuck Budder. Experience top-shelf quality and potent effects. Buy this sought-after cannabis concentrate online at Chemsfine for the best value.\",\"breadcrumb\":{\"@id\":\"https:\/\/chemsfine.com\/product\/alaskan-thunder-fuck-budder\/#breadcrumb\"},\"inLanguage\":\"pl-PL\",\"potentialAction\":[{\"@type\":\"ReadAction\",\"target\":[\"https:\/\/chemsfine.com\/product\/alaskan-thunder-fuck-budder\/\"]}]},{\"@type\":\"ImageObject\",\"inLanguage\":\"pl-PL\",\"@id\":\"https:\/\/chemsfine.com\/product\/alaskan-thunder-fuck-budder\/#primaryimage\",\"url\":\"https:\/\/chemsfine.com\/wp-content\/uploads\/2026\/02\/pic.11.webp\",\"contentUrl\":\"https:\/\/chemsfine.com\/wp-content\/uploads\/2026\/02\/pic.11.webp\",\"width\":500,\"height\":500},{\"@type\":\"BreadcrumbList\",\"@id\":\"https:\/\/chemsfine.com\/product\/alaskan-thunder-fuck-budder\/#breadcrumb\",\"itemListElement\":[{\"@type\":\"ListItem\",\"position\":1,\"name\":\"Home\",\"item\":\"https:\/\/chemsfine.com\/\"},{\"@type\":\"ListItem\",\"position\":2,\"name\":\"Shop\",\"item\":\"https:\/\/chemsfine.com\/shop\/\"},{\"@type\":\"ListItem\",\"position\":3,\"name\":\"Buy Alaskan Thunder Fuck Budder \u2013 Premium Cannabis Concentrate\"}]},{\"@type\":\"WebSite\",\"@id\":\"https:\/\/chemsfine.com\/#website\",\"url\":\"https:\/\/chemsfine.com\/\",\"name\":\"Chemsfine\",\"description\":\"My WordPress Blog\",\"publisher\":{\"@id\":\"https:\/\/chemsfine.com\/#organization\"},\"potentialAction\":[{\"@type\":\"SearchAction\",\"target\":{\"@type\":\"EntryPoint\",\"urlTemplate\":\"https:\/\/chemsfine.com\/?s={search_term_string}\"},\"query-input\":{\"@type\":\"PropertyValueSpecification\",\"valueRequired\":true,\"valueName\":\"search_term_string\"}}],\"inLanguage\":\"pl-PL\"},{\"@type\":\"Organization\",\"@id\":\"https:\/\/chemsfine.com\/#organization\",\"name\":\"Chemsfine\",\"url\":\"https:\/\/chemsfine.com\/\",\"logo\":{\"@type\":\"ImageObject\",\"inLanguage\":\"pl-PL\",\"@id\":\"https:\/\/chemsfine.com\/#\/schema\/logo\/image\/\",\"url\":\"https:\/\/chemsfine.com\/wp-content\/uploads\/2024\/09\/final-logo.png\",\"contentUrl\":\"https:\/\/chemsfine.com\/wp-content\/uploads\/2024\/09\/final-logo.png\",\"width\":340,\"height\":72,\"caption\":\"Chemsfine\"},\"image\":{\"@id\":\"https:\/\/chemsfine.com\/#\/schema\/logo\/image\/\"}}]}<\/script>\n<!-- \/ Yoast SEO plugin. -->","yoast_head_json":{"title":"Kup Alaskan Thunder Fuck Budder online - najlepsza cena w Chemsfine","description":"Odkryj najwy\u017cszej jako\u015bci Alaskan Thunder Fuck Budder. Do\u015bwiadcz najwy\u017cszej jako\u015bci i silnych efekt\u00f3w. Kup ten poszukiwany koncentrat konopi online w Chemsfine, aby uzyska\u0107 najlepsz\u0105 cen\u0119.","robots":{"index":"index","follow":"follow","max-snippet":"max-snippet:-1","max-image-preview":"max-image-preview:large","max-video-preview":"max-video-preview:-1"},"canonical":"https:\/\/chemsfine.com\/pl\/produkt\/alaskan-thunder-fuck-budder\/","og_locale":"pl_PL","og_type":"article","og_title":"Buy Alaskan Thunder Fuck Budder Online - Best Price at Chemsfine","og_description":"Discover premium Alaskan Thunder Fuck Budder. Experience top-shelf quality and potent effects. Buy this sought-after cannabis concentrate online at Chemsfine for the best value.","og_url":"https:\/\/chemsfine.com\/pl\/produkt\/alaskan-thunder-fuck-budder\/","og_site_name":"Chemsfine","article_modified_time":"2026-03-25T11:59:49+00:00","og_image":[{"width":500,"height":500,"url":"https:\/\/chemsfine.com\/wp-content\/uploads\/2026\/02\/pic.11.webp","type":"image\/webp"}],"twitter_card":"summary_large_image","twitter_misc":{"Szacowany czas czytania":"5 minut"},"schema":{"@context":"https:\/\/schema.org","@graph":[{"@type":"WebPage","@id":"https:\/\/chemsfine.com\/product\/alaskan-thunder-fuck-budder\/","url":"https:\/\/chemsfine.com\/product\/alaskan-thunder-fuck-budder\/","name":"Kup Alaskan Thunder Fuck Budder online - najlepsza cena w Chemsfine","isPartOf":{"@id":"https:\/\/chemsfine.com\/#website"},"primaryImageOfPage":{"@id":"https:\/\/chemsfine.com\/product\/alaskan-thunder-fuck-budder\/#primaryimage"},"image":{"@id":"https:\/\/chemsfine.com\/product\/alaskan-thunder-fuck-budder\/#primaryimage"},"thumbnailUrl":"https:\/\/chemsfine.com\/wp-content\/uploads\/2026\/02\/pic.11.webp","datePublished":"2026-02-13T20:09:43+00:00","dateModified":"2026-03-25T11:59:49+00:00","description":"Odkryj najwy\u017cszej jako\u015bci Alaskan Thunder Fuck Budder. Do\u015bwiadcz najwy\u017cszej jako\u015bci i silnych efekt\u00f3w. Kup ten poszukiwany koncentrat konopi online w Chemsfine, aby uzyska\u0107 najlepsz\u0105 cen\u0119.","breadcrumb":{"@id":"https:\/\/chemsfine.com\/product\/alaskan-thunder-fuck-budder\/#breadcrumb"},"inLanguage":"pl-PL","potentialAction":[{"@type":"ReadAction","target":["https:\/\/chemsfine.com\/product\/alaskan-thunder-fuck-budder\/"]}]},{"@type":"ImageObject","inLanguage":"pl-PL","@id":"https:\/\/chemsfine.com\/product\/alaskan-thunder-fuck-budder\/#primaryimage","url":"https:\/\/chemsfine.com\/wp-content\/uploads\/2026\/02\/pic.11.webp","contentUrl":"https:\/\/chemsfine.com\/wp-content\/uploads\/2026\/02\/pic.11.webp","width":500,"height":500},{"@type":"BreadcrumbList","@id":"https:\/\/chemsfine.com\/product\/alaskan-thunder-fuck-budder\/#breadcrumb","itemListElement":[{"@type":"ListItem","position":1,"name":"Home","item":"https:\/\/chemsfine.com\/"},{"@type":"ListItem","position":2,"name":"Shop","item":"https:\/\/chemsfine.com\/shop\/"},{"@type":"ListItem","position":3,"name":"Buy Alaskan Thunder Fuck Budder \u2013 Premium Cannabis Concentrate"}]},{"@type":"WebSite","@id":"https:\/\/chemsfine.com\/#website","url":"https:\/\/chemsfine.com\/","name":"Chemsfine","description":"M\u00f3j blog WordPress","publisher":{"@id":"https:\/\/chemsfine.com\/#organization"},"potentialAction":[{"@type":"SearchAction","target":{"@type":"EntryPoint","urlTemplate":"https:\/\/chemsfine.com\/?s={search_term_string}"},"query-input":{"@type":"PropertyValueSpecification","valueRequired":true,"valueName":"search_term_string"}}],"inLanguage":"pl-PL"},{"@type":"Organization","@id":"https:\/\/chemsfine.com\/#organization","name":"Chemsfine","url":"https:\/\/chemsfine.com\/","logo":{"@type":"ImageObject","inLanguage":"pl-PL","@id":"https:\/\/chemsfine.com\/#\/schema\/logo\/image\/","url":"https:\/\/chemsfine.com\/wp-content\/uploads\/2024\/09\/final-logo.png","contentUrl":"https:\/\/chemsfine.com\/wp-content\/uploads\/2024\/09\/final-logo.png","width":340,"height":72,"caption":"Chemsfine"},"image":{"@id":"https:\/\/chemsfine.com\/#\/schema\/logo\/image\/"}}]}},"_links":{"self":[{"href":"https:\/\/chemsfine.com\/pl\/wp-json\/wp\/v2\/product\/8499","targetHints":{"allow":["GET"]}}],"collection":[{"href":"https:\/\/chemsfine.com\/pl\/wp-json\/wp\/v2\/product"}],"about":[{"href":"https:\/\/chemsfine.com\/pl\/wp-json\/wp\/v2\/types\/product"}],"replies":[{"embeddable":true,"href":"https:\/\/chemsfine.com\/pl\/wp-json\/wp\/v2\/comments?post=8499"}],"wp:featuredmedia":[{"embeddable":true,"href":"https:\/\/chemsfine.com\/pl\/wp-json\/wp\/v2\/media\/8529"}],"wp:attachment":[{"href":"https:\/\/chemsfine.com\/pl\/wp-json\/wp\/v2\/media?parent=8499"}],"wp:term":[{"taxonomy":"product_brand","embeddable":true,"href":"https:\/\/chemsfine.com\/pl\/wp-json\/wp\/v2\/product_brand?post=8499"},{"taxonomy":"product_cat","embeddable":true,"href":"https:\/\/chemsfine.com\/pl\/wp-json\/wp\/v2\/product_cat?post=8499"},{"taxonomy":"product_tag","embeddable":true,"href":"https:\/\/chemsfine.com\/pl\/wp-json\/wp\/v2\/product_tag?post=8499"}],"curies":[{"name":"wp","href":"https:\/\/api.w.org\/{rel}","templated":true}]}}