{"id":8500,"date":"2026-02-13T20:09:44","date_gmt":"2026-02-13T20:09:44","guid":{"rendered":"https:\/\/chemsfine.com\/?post_type=product&#038;p=8500"},"modified":"2026-03-25T11:59:15","modified_gmt":"2026-03-25T11:59:15","slug":"nyc-diesel-budder-sale","status":"publish","type":"product","link":"https:\/\/chemsfine.com\/pl\/product\/nyc-diesel-budder-sale\/","title":{"rendered":"NYC Diesel Budder - najwy\u017cszej jako\u015bci koncentrat konopi na sprzeda\u017c"},"content":{"rendered":"<p>Je\u015bli szukasz naprawd\u0119 wyj\u0105tkowego koncentratu konopi, nie szukaj dalej ni\u017c NYC Diesel Budder. Ten najwy\u017cszej jako\u015bci produkt jest ju\u017c dost\u0119pny w sprzeda\u017cy, oferuj\u0105c wyj\u0105tkowe doznania dla wymagaj\u0105cych entuzjast\u00f3w. Znany ze swoich silnych efekt\u00f3w i unikalnego profilu aromatycznego, NYC Diesel Budder wyr\u00f3\u017cnia si\u0119 jako wyb\u00f3r premium na rynku koncentrat\u00f3w. Naszym zobowi\u0105zaniem w Chemsfine jest dostarczanie najlepszych produkt\u00f3w, zapewniaj\u0105c, \u017ce ka\u017cdy zakup spe\u0142nia najwy\u017csze standardy jako\u015bci i satysfakcji. Je\u015bli szukasz <b>Kup NYC Diesel Budder na sprzeda\u017c<\/b>, dotar\u0142e\u015b do idealnego miejsca na niezawodny i bezpieczny zakup.<\/p>\n<h2>Czym jest NYC Diesel Budder?<\/h2>\n<p>NYC Diesel Budder to bardzo poszukiwany koncentrat konopi, wyr\u00f3\u017cniaj\u0105cy si\u0119 g\u0142adk\u0105, plastyczn\u0105 konsystencj\u0105, przypominaj\u0105c\u0105 mas\u0142o, st\u0105d jego nazwa. Koncentrat ten pochodzi z renomowanej odmiany NYC Diesel, wielokrotnie nagradzanej hybrydy znanej z o\u017cywczych efekt\u00f3w m\u00f3zgowych i z\u0142o\u017conego profilu smakowego, kt\u00f3ry \u0142\u0105czy nuty grejpfruta, oleju nap\u0119dowego i ziemistych nut. Jako budder powstaje w wyniku specjalnego procesu ekstrakcji i ubijania, kt\u00f3ry skutkuje kremow\u0105 konsystencj\u0105, dzi\u0119ki czemu jest \u0142atwy w obs\u0142udze i idealny do r\u00f3\u017cnych metod konsumpcji. Decyduj\u0105c si\u0119 na <b>Najwy\u017cszej jako\u015bci NYC Diesel Budder<\/b> Oznacza to wyb\u00f3r produktu stworzonego z my\u015bl\u0105 o czysto\u015bci i sile dzia\u0142ania, zaprojektowanego tak, aby zapewni\u0107 sp\u00f3jne i przyjemne doznania.<\/p>\n<p>Unikalne w\u0142a\u015bciwo\u015bci NYC Diesel Budder wynikaj\u0105 ze starannego przetwarzania, kt\u00f3re zachowuje bogaty profil terpenowy i zawarto\u015b\u0107 kannabinoid\u00f3w. To skrupulatne podej\u015bcie zapewnia, \u017ce esencja odmiany NYC Diesel jest uchwycona w wysoce skoncentrowanej formie, oferuj\u0105c zintensyfikowane doznania w por\u00f3wnaniu z tradycyjnymi kwiatami. Jest to koncentrat klasy premium, stworzony dla tych, kt\u00f3rzy ceni\u0105 sobie zar\u00f3wno moc, jak i zniuansowany smak. Kiedy <b>Kup Diesel Budder<\/b> z renomowanego \u017ar\u00f3d\u0142a, inwestujesz w produkt najwy\u017cszej jako\u015bci.<\/p>\n<h2>Dlaczego warto kupi\u0107 NYC Diesel Budder online w Chemsfine?<\/h2>\n<p>Wyb\u00f3r Chemsfine do zakupu NYC Diesel Budder oferuje wiele korzy\u015bci, skupionych wok\u00f3\u0142 zaufania, jako\u015bci i wygody. Rozumiemy znaczenie pozyskiwania autentycznych koncentrat\u00f3w o wysokiej czysto\u015bci, a nasz wyb\u00f3r odzwierciedla to zaanga\u017cowanie. W Chemsfine ka\u017cda partia NYC Diesel Budder przechodzi rygorystyczne testy, aby upewni\u0107 si\u0119, \u017ce spe\u0142nia nasze surowe standardy kontroli jako\u015bci, gwarantuj\u0105c produkt wolny od szkodliwych zanieczyszcze\u0144 i sp\u00f3jny pod wzgl\u0119dem si\u0142y dzia\u0142ania. Jeste\u015bmy dumni z oferowania <b>Najlepszy dost\u0119pny NYC Diesel Budder<\/b> na rynku, poparte przejrzystymi informacjami o produktach i niezawodn\u0105 obs\u0142ug\u0105 klienta.<\/p>\n<p>Nasza platforma internetowa zapewnia p\u0142ynne i bezpieczne zakupy, umo\u017cliwiaj\u0105c przegl\u0105danie i kupowanie koncentrat\u00f3w premium w zaciszu w\u0142asnego domu. Priorytetem jest dla nas dyskrecja i wydajno\u015b\u0107 we wszystkich transakcjach, dzi\u0119ki czemu zam\u00f3wienie jest przetwarzane szybko i dostarczane z najwy\u017csz\u0105 staranno\u015bci\u0105. Dla tych, kt\u00f3rzy ceni\u0105 sobie bezpieczny zakup i szeroki wyb\u00f3r wysokiej jako\u015bci produkt\u00f3w, Chemsfine jest zaufanym partnerem. Nasze zaanga\u017cowanie w doskona\u0142o\u015b\u0107 sprawia, \u017ce jeste\u015bmy g\u0142\u00f3wnym celem dla tych, kt\u00f3rzy chc\u0105 <b>Zam\u00f3w NYC Diesel Budder online<\/b>.<\/p>\n<h2>Aplikacje i do\u015bwiadczenie<\/h2>\n<p>NYC Diesel Budder jest niezwykle wszechstronny i nadaje si\u0119 do r\u00f3\u017cnych metod konsumpcji, z kt\u00f3rych ka\u017cda zosta\u0142a zaprojektowana w celu optymalizacji wra\u017ce\u0144 u\u017cytkownika. Jego gi\u0119tka konsystencja sprawia, \u017ce jest szczeg\u00f3lnie popularny:<\/p>\n<ul>\n<li><b>Dabbing:<\/b> Jest to najbardziej popularna metoda, wykorzystuj\u0105ca dab rig do odparowywania koncentratu w wysokich temperaturach w celu uzyskania natychmiastowych, silnych efekt\u00f3w.<\/li>\n<li><b>Odparowywanie:<\/b> Kompatybilny z waporyzatorami koncentrat\u00f3w, oferuj\u0105c p\u0142ynniejsz\u0105 inhalacj\u0119 i zachowuj\u0105c zawi\u0142e smaki terpen\u00f3w.<\/li>\n<li><b>Topping Bowls:<\/b> Niewielk\u0105 ilo\u015b\u0107 mo\u017cna doda\u0107 do kwiatu w fajce lub bongu, aby zwi\u0119kszy\u0107 moc i smak.<\/li>\n<li><b>Naparzane stawy lub blunty:<\/b> Posypywanie lub nak\u0142adanie warstw buddera na jointa mo\u017ce znacznie podnie\u015b\u0107 wra\u017cenia z palenia.<\/li>\n<\/ul>\n<p>U\u017cytkownicy cz\u0119sto zg\u0142aszaj\u0105 podnosz\u0105cy na duchu i euforyczny haj, charakterystyczny dla odmiany NYC Diesel, dzi\u0119ki czemu nadaje si\u0119 ona do stosowania w ci\u0105gu dnia lub na spotkaniach towarzyskich. Z\u0142o\u017cony profil aromatyczno-smakowy, bogaty w nuty cytrusowe i paliwowe, przyczynia si\u0119 do bardzo przyjemnych dozna\u0144 sensorycznych. To <b>Premium Diesel Budder<\/b> jest przeznaczony dla os\u00f3b poszukuj\u0105cych zar\u00f3wno mocnych efekt\u00f3w, jak i wyrafinowanego smaku.<\/p>\n<h2>Bezpiecze\u0144stwo i zapewnienie jako\u015bci<\/h2>\n<p>W Chemsfine bezpiecze\u0144stwo i jako\u015b\u0107 naszych produkt\u00f3w s\u0105 najwa\u017cniejsze. Nasz NYC Diesel Budder jest produkowany przy u\u017cyciu najnowocze\u015bniejszych technik ekstrakcji, a nast\u0119pnie poddawany kompleksowym testom laboratoryjnym. Testy te weryfikuj\u0105 czysto\u015b\u0107 i moc koncentratu oraz potwierdzaj\u0105 brak pestycyd\u00f3w, metali ci\u0119\u017ckich i pozosta\u0142o\u015bci rozpuszczalnik\u00f3w. Na \u017cyczenie dostarczamy certyfikaty analizy (CoA) dla naszych produkt\u00f3w, zapewniaj\u0105c naszym klientom pe\u0142n\u0105 przejrzysto\u015b\u0107 i spok\u00f3j ducha. Obs\u0142uga ka\u017cdego koncentratu wymaga \u015bwiadomo\u015bci; zawsze przechowuj NYC Diesel Budder w ch\u0142odnym, ciemnym miejscu w szczelnym pojemniku, aby zachowa\u0107 jego \u015bwie\u017co\u015b\u0107 i moc.<\/p>\n<p>Przestrzegamy surowych standard\u00f3w bran\u017cowych, gwarantuj\u0105c, \u017ce ka\u017cdy gram NYC Diesel Budder jest najwy\u017cszej mo\u017cliwej jako\u015bci. Ten rygorystyczny proces kontroli jako\u015bci stanowi podstaw\u0119 naszego zaanga\u017cowania w dostarczanie wy\u0142\u0105cznie najlepszych koncentrat\u00f3w konopi. Nasze produkty klasy premium s\u0105 \u015bwiadectwem naszego d\u0105\u017cenia do doskona\u0142o\u015bci.<\/p>\n<h2>Dlaczego warto wybra\u0107 Chemsfine?<\/h2>\n<p>Wybieraj\u0105c Chemsfine, wybierasz partnera, kt\u00f3rego celem jest zapewnienie niezr\u00f3wnanego do\u015bwiadczenia zakupowego w zakresie wysokiej jako\u015bci koncentrat\u00f3w konopi indyjskich. Nasze zaanga\u017cowanie w przejrzyste szczeg\u00f3\u0142y, zweryfikowane rejestry partii i konkurencyjne ceny wyr\u00f3\u017cniaj\u0105 nas na tle konkurencji. Zapewniamy, \u017ce ka\u017cdy produkt, w tym nasz NYC Diesel Budder, jest dok\u0142adnie taki, jak opisano, oferuj\u0105c pewno\u015b\u0107 ka\u017cdej transakcji. Nasz zesp\u00f3\u0142 obs\u0142ugi klienta jest zawsze gotowy do pomocy, udzielaj\u0105c fachowych porad i zapewniaj\u0105c p\u0142ynn\u0105 podr\u00f3\u017c zakupow\u0105. U\u0142atwiamy <b>Zam\u00f3w NYC Diesel Budder online<\/b> z pe\u0142nym zaufaniem i satysfakcj\u0105. Chemsfine zobowi\u0105zuje si\u0119 do oferowania bezpiecznych i dyskretnych zakup\u00f3w.<\/p>\n<table>\n<caption>Najwa\u017cniejsze cechy produktu NYC Diesel Budder<\/caption>\n<thead>\n<tr>\n<th>Cecha<\/th>\n<th>Opis<\/th>\n<\/tr>\n<\/thead>\n<tbody>\n<tr>\n<td>Typ produktu<\/td>\n<td>Koncentrat konopi indyjskich (Budder)<\/td>\n<\/tr>\n<tr>\n<td>Pochodzenie szczepu<\/td>\n<td>NYC Diesel (hybrydowy)<\/td>\n<\/tr>\n<tr>\n<td>Tekstura<\/td>\n<td>G\u0142adka, plastyczna (przypominaj\u0105ca mas\u0142o)<\/td>\n<\/tr>\n<tr>\n<td>Profil aromatyczno-smakowy<\/td>\n<td>Grejpfrut, olej nap\u0119dowy, nuty ziemiste<\/td>\n<\/tr>\n<tr>\n<td>U\u017cycie podstawowe<\/td>\n<td>Dabbing, waporyzacja, infuzja<\/td>\n<\/tr>\n<tr>\n<td>Zapewnienie jako\u015bci<\/td>\n<td>Testowany przez niezale\u017cne laboratorium, wysoka czysto\u015b\u0107<\/td>\n<\/tr>\n<\/tbody>\n<\/table>\n<h2>Wnioski<\/h2>\n<p>Dla tych, kt\u00f3rzy szukaj\u0105 najwy\u017cszej jako\u015bci koncentratu konopi o niezwyk\u0142ym profilu i silnych efektach, NYC Diesel Budder od Chemsfine jest najlepszym wyborem. Nasze zaanga\u017cowanie w jako\u015b\u0107, przejrzysto\u015b\u0107 i satysfakcj\u0119 klienta gwarantuje, \u017ce kiedy zdecydujesz si\u0119 <b>Kup NYC Diesel Budder na sprzeda\u017c<\/b> Za po\u015brednictwem naszej platformy otrzymujesz autentyczny produkt o wysokiej czysto\u015bci. Poczuj r\u00f3\u017cnic\u0119, jak\u0105 mo\u017ce zrobi\u0107 koncentrat najwy\u017cszej jako\u015bci. Odwied\u017a Chemsfine ju\u017c dzi\u015b, aby zabezpieczy\u0107 sw\u00f3j zakup i podnie\u015b\u0107 jako\u015b\u0107 koncentratu dzi\u0119ki najlepszemu Diesel Budder dost\u0119pnemu online.<\/p>","protected":false},"excerpt":{"rendered":"<p>Odkryj premium <b>NYC Diesel Budder<\/b> w Chemsfine, najwy\u017cszej jako\u015bci koncentrat konopi indyjskich znany ze swojej g\u0142adkiej konsystencji i silnego dzia\u0142ania. Pochodz\u0105cy ze s\u0142ynnej odmiany NYC Diesel, ten wysokiej czysto\u015bci produkt oferuje unikaln\u0105 mieszank\u0119 aromat\u00f3w grejpfruta i oleju nap\u0119dowego. Idealny do dabbingu lub waporyzacji, zapewnia sp\u00f3jne i podnosz\u0105ce na duchu doznania. <b>Kup Diesel Budder<\/b> online z Chemsfine dla autentycznego i bezpiecznego zakupu.<\/p>","protected":false},"featured_media":8530,"comment_status":"open","ping_status":"closed","template":"","meta":{"_joinchat":[]},"product_brand":[],"product_cat":[945],"product_tag":[],"class_list":{"0":"post-8500","1":"product","2":"type-product","3":"status-publish","4":"has-post-thumbnail","6":"product_cat-marijuana-wax","8":"first","9":"instock","10":"shipping-taxable","11":"purchasable","12":"product-type-variable"},"yoast_head":"<!-- This site is optimized with the Yoast SEO plugin v27.2 - https:\/\/yoast.com\/product\/yoast-seo-wordpress\/ -->\n<title>Buy NYC Diesel Budder Online - Premium Concentrate Chemsfine<\/title>\n<meta name=\"description\" content=\"Discover premium NYC Diesel Budder for sale at Chemsfine. Experience top-quality, potent effects and a unique aroma. Order the best concentrate online!\" \/>\n<meta name=\"robots\" content=\"index, follow, max-snippet:-1, max-image-preview:large, max-video-preview:-1\" \/>\n<link rel=\"canonical\" href=\"https:\/\/chemsfine.com\/pl\/produkt\/nyc-diesel-budder-sale\/\" \/>\n<meta property=\"og:locale\" content=\"pl_PL\" \/>\n<meta property=\"og:type\" content=\"article\" \/>\n<meta property=\"og:title\" content=\"Buy NYC Diesel Budder Online - Premium Concentrate Chemsfine\" \/>\n<meta property=\"og:description\" content=\"Discover premium NYC Diesel Budder for sale at Chemsfine. Experience top-quality, potent effects and a unique aroma. Order the best concentrate online!\" \/>\n<meta property=\"og:url\" content=\"https:\/\/chemsfine.com\/pl\/produkt\/nyc-diesel-budder-sale\/\" \/>\n<meta property=\"og:site_name\" content=\"Chemsfine\" \/>\n<meta property=\"article:modified_time\" content=\"2026-03-25T11:59:15+00:00\" \/>\n<meta property=\"og:image\" content=\"https:\/\/chemsfine.com\/wp-content\/uploads\/2026\/02\/pic.10.webp\" \/>\n\t<meta property=\"og:image:width\" content=\"500\" \/>\n\t<meta property=\"og:image:height\" content=\"500\" \/>\n\t<meta property=\"og:image:type\" content=\"image\/webp\" \/>\n<meta name=\"twitter:card\" content=\"summary_large_image\" \/>\n<meta name=\"twitter:label1\" content=\"Szacowany czas czytania\" \/>\n\t<meta name=\"twitter:data1\" content=\"5 minut\" \/>\n<script type=\"application\/ld+json\" class=\"yoast-schema-graph\">{\"@context\":\"https:\/\/schema.org\",\"@graph\":[{\"@type\":\"WebPage\",\"@id\":\"https:\/\/chemsfine.com\/product\/nyc-diesel-budder-sale\/\",\"url\":\"https:\/\/chemsfine.com\/product\/nyc-diesel-budder-sale\/\",\"name\":\"Buy NYC Diesel Budder Online - Premium Concentrate Chemsfine\",\"isPartOf\":{\"@id\":\"https:\/\/chemsfine.com\/#website\"},\"primaryImageOfPage\":{\"@id\":\"https:\/\/chemsfine.com\/product\/nyc-diesel-budder-sale\/#primaryimage\"},\"image\":{\"@id\":\"https:\/\/chemsfine.com\/product\/nyc-diesel-budder-sale\/#primaryimage\"},\"thumbnailUrl\":\"https:\/\/chemsfine.com\/wp-content\/uploads\/2026\/02\/pic.10.webp\",\"datePublished\":\"2026-02-13T20:09:44+00:00\",\"dateModified\":\"2026-03-25T11:59:15+00:00\",\"description\":\"Discover premium NYC Diesel Budder for sale at Chemsfine. Experience top-quality, potent effects and a unique aroma. Order the best concentrate online!\",\"breadcrumb\":{\"@id\":\"https:\/\/chemsfine.com\/product\/nyc-diesel-budder-sale\/#breadcrumb\"},\"inLanguage\":\"pl-PL\",\"potentialAction\":[{\"@type\":\"ReadAction\",\"target\":[\"https:\/\/chemsfine.com\/product\/nyc-diesel-budder-sale\/\"]}]},{\"@type\":\"ImageObject\",\"inLanguage\":\"pl-PL\",\"@id\":\"https:\/\/chemsfine.com\/product\/nyc-diesel-budder-sale\/#primaryimage\",\"url\":\"https:\/\/chemsfine.com\/wp-content\/uploads\/2026\/02\/pic.10.webp\",\"contentUrl\":\"https:\/\/chemsfine.com\/wp-content\/uploads\/2026\/02\/pic.10.webp\",\"width\":500,\"height\":500},{\"@type\":\"BreadcrumbList\",\"@id\":\"https:\/\/chemsfine.com\/product\/nyc-diesel-budder-sale\/#breadcrumb\",\"itemListElement\":[{\"@type\":\"ListItem\",\"position\":1,\"name\":\"Home\",\"item\":\"https:\/\/chemsfine.com\/\"},{\"@type\":\"ListItem\",\"position\":2,\"name\":\"Shop\",\"item\":\"https:\/\/chemsfine.com\/shop\/\"},{\"@type\":\"ListItem\",\"position\":3,\"name\":\"NYC Diesel Budder &#8211; Premium Cannabis Concentrate for Sale\"}]},{\"@type\":\"WebSite\",\"@id\":\"https:\/\/chemsfine.com\/#website\",\"url\":\"https:\/\/chemsfine.com\/\",\"name\":\"Chemsfine\",\"description\":\"My WordPress Blog\",\"publisher\":{\"@id\":\"https:\/\/chemsfine.com\/#organization\"},\"potentialAction\":[{\"@type\":\"SearchAction\",\"target\":{\"@type\":\"EntryPoint\",\"urlTemplate\":\"https:\/\/chemsfine.com\/?s={search_term_string}\"},\"query-input\":{\"@type\":\"PropertyValueSpecification\",\"valueRequired\":true,\"valueName\":\"search_term_string\"}}],\"inLanguage\":\"pl-PL\"},{\"@type\":\"Organization\",\"@id\":\"https:\/\/chemsfine.com\/#organization\",\"name\":\"Chemsfine\",\"url\":\"https:\/\/chemsfine.com\/\",\"logo\":{\"@type\":\"ImageObject\",\"inLanguage\":\"pl-PL\",\"@id\":\"https:\/\/chemsfine.com\/#\/schema\/logo\/image\/\",\"url\":\"https:\/\/chemsfine.com\/wp-content\/uploads\/2024\/09\/final-logo.png\",\"contentUrl\":\"https:\/\/chemsfine.com\/wp-content\/uploads\/2024\/09\/final-logo.png\",\"width\":340,\"height\":72,\"caption\":\"Chemsfine\"},\"image\":{\"@id\":\"https:\/\/chemsfine.com\/#\/schema\/logo\/image\/\"}}]}<\/script>\n<!-- \/ Yoast SEO plugin. -->","yoast_head_json":{"title":"Kup NYC Diesel Budder online - koncentrat premium Chemsfine","description":"Odkryj najwy\u017cszej jako\u015bci NYC Diesel Budder na sprzeda\u017c w Chemsfine. Do\u015bwiadcz najwy\u017cszej jako\u015bci, silnych efekt\u00f3w i wyj\u0105tkowego aromatu. Zam\u00f3w najlepszy koncentrat online!","robots":{"index":"index","follow":"follow","max-snippet":"max-snippet:-1","max-image-preview":"max-image-preview:large","max-video-preview":"max-video-preview:-1"},"canonical":"https:\/\/chemsfine.com\/pl\/produkt\/nyc-diesel-budder-sale\/","og_locale":"pl_PL","og_type":"article","og_title":"Buy NYC Diesel Budder Online - Premium Concentrate Chemsfine","og_description":"Discover premium NYC Diesel Budder for sale at Chemsfine. Experience top-quality, potent effects and a unique aroma. Order the best concentrate online!","og_url":"https:\/\/chemsfine.com\/pl\/produkt\/nyc-diesel-budder-sale\/","og_site_name":"Chemsfine","article_modified_time":"2026-03-25T11:59:15+00:00","og_image":[{"width":500,"height":500,"url":"https:\/\/chemsfine.com\/wp-content\/uploads\/2026\/02\/pic.10.webp","type":"image\/webp"}],"twitter_card":"summary_large_image","twitter_misc":{"Szacowany czas czytania":"5 minut"},"schema":{"@context":"https:\/\/schema.org","@graph":[{"@type":"WebPage","@id":"https:\/\/chemsfine.com\/product\/nyc-diesel-budder-sale\/","url":"https:\/\/chemsfine.com\/product\/nyc-diesel-budder-sale\/","name":"Kup NYC Diesel Budder online - koncentrat premium Chemsfine","isPartOf":{"@id":"https:\/\/chemsfine.com\/#website"},"primaryImageOfPage":{"@id":"https:\/\/chemsfine.com\/product\/nyc-diesel-budder-sale\/#primaryimage"},"image":{"@id":"https:\/\/chemsfine.com\/product\/nyc-diesel-budder-sale\/#primaryimage"},"thumbnailUrl":"https:\/\/chemsfine.com\/wp-content\/uploads\/2026\/02\/pic.10.webp","datePublished":"2026-02-13T20:09:44+00:00","dateModified":"2026-03-25T11:59:15+00:00","description":"Odkryj najwy\u017cszej jako\u015bci NYC Diesel Budder na sprzeda\u017c w Chemsfine. Do\u015bwiadcz najwy\u017cszej jako\u015bci, silnych efekt\u00f3w i wyj\u0105tkowego aromatu. Zam\u00f3w najlepszy koncentrat online!","breadcrumb":{"@id":"https:\/\/chemsfine.com\/product\/nyc-diesel-budder-sale\/#breadcrumb"},"inLanguage":"pl-PL","potentialAction":[{"@type":"ReadAction","target":["https:\/\/chemsfine.com\/product\/nyc-diesel-budder-sale\/"]}]},{"@type":"ImageObject","inLanguage":"pl-PL","@id":"https:\/\/chemsfine.com\/product\/nyc-diesel-budder-sale\/#primaryimage","url":"https:\/\/chemsfine.com\/wp-content\/uploads\/2026\/02\/pic.10.webp","contentUrl":"https:\/\/chemsfine.com\/wp-content\/uploads\/2026\/02\/pic.10.webp","width":500,"height":500},{"@type":"BreadcrumbList","@id":"https:\/\/chemsfine.com\/product\/nyc-diesel-budder-sale\/#breadcrumb","itemListElement":[{"@type":"ListItem","position":1,"name":"Home","item":"https:\/\/chemsfine.com\/"},{"@type":"ListItem","position":2,"name":"Shop","item":"https:\/\/chemsfine.com\/shop\/"},{"@type":"ListItem","position":3,"name":"NYC Diesel Budder &#8211; Premium Cannabis Concentrate for Sale"}]},{"@type":"WebSite","@id":"https:\/\/chemsfine.com\/#website","url":"https:\/\/chemsfine.com\/","name":"Chemsfine","description":"M\u00f3j blog WordPress","publisher":{"@id":"https:\/\/chemsfine.com\/#organization"},"potentialAction":[{"@type":"SearchAction","target":{"@type":"EntryPoint","urlTemplate":"https:\/\/chemsfine.com\/?s={search_term_string}"},"query-input":{"@type":"PropertyValueSpecification","valueRequired":true,"valueName":"search_term_string"}}],"inLanguage":"pl-PL"},{"@type":"Organization","@id":"https:\/\/chemsfine.com\/#organization","name":"Chemsfine","url":"https:\/\/chemsfine.com\/","logo":{"@type":"ImageObject","inLanguage":"pl-PL","@id":"https:\/\/chemsfine.com\/#\/schema\/logo\/image\/","url":"https:\/\/chemsfine.com\/wp-content\/uploads\/2024\/09\/final-logo.png","contentUrl":"https:\/\/chemsfine.com\/wp-content\/uploads\/2024\/09\/final-logo.png","width":340,"height":72,"caption":"Chemsfine"},"image":{"@id":"https:\/\/chemsfine.com\/#\/schema\/logo\/image\/"}}]}},"_links":{"self":[{"href":"https:\/\/chemsfine.com\/pl\/wp-json\/wp\/v2\/product\/8500","targetHints":{"allow":["GET"]}}],"collection":[{"href":"https:\/\/chemsfine.com\/pl\/wp-json\/wp\/v2\/product"}],"about":[{"href":"https:\/\/chemsfine.com\/pl\/wp-json\/wp\/v2\/types\/product"}],"replies":[{"embeddable":true,"href":"https:\/\/chemsfine.com\/pl\/wp-json\/wp\/v2\/comments?post=8500"}],"wp:featuredmedia":[{"embeddable":true,"href":"https:\/\/chemsfine.com\/pl\/wp-json\/wp\/v2\/media\/8530"}],"wp:attachment":[{"href":"https:\/\/chemsfine.com\/pl\/wp-json\/wp\/v2\/media?parent=8500"}],"wp:term":[{"taxonomy":"product_brand","embeddable":true,"href":"https:\/\/chemsfine.com\/pl\/wp-json\/wp\/v2\/product_brand?post=8500"},{"taxonomy":"product_cat","embeddable":true,"href":"https:\/\/chemsfine.com\/pl\/wp-json\/wp\/v2\/product_cat?post=8500"},{"taxonomy":"product_tag","embeddable":true,"href":"https:\/\/chemsfine.com\/pl\/wp-json\/wp\/v2\/product_tag?post=8500"}],"curies":[{"name":"wp","href":"https:\/\/api.w.org\/{rel}","templated":true}]}}