{"id":8503,"date":"2026-02-13T20:09:44","date_gmt":"2026-02-13T20:09:44","guid":{"rendered":"https:\/\/chemsfine.com\/?post_type=product&#038;p=8503"},"modified":"2026-03-25T11:57:53","modified_gmt":"2026-03-25T11:57:53","slug":"buy-peruvian-cocaine","status":"publish","type":"product","link":"https:\/\/chemsfine.com\/pl\/product\/buy-peruvian-cocaine\/","title":{"rendered":"Peruwia\u0144ska kokaina 92% Pure - kup online ju\u017c dzi\u015b"},"content":{"rendered":"<p>Kup <b>Peruwia\u0144ska kokaina<\/b> 92% Pure na sprzeda\u017c i odblokuj wyj\u0105tkow\u0105 warto\u015b\u0107. W Chemsfine mo\u017cesz naby\u0107 ten produkt premium w niesamowitych cenach hurtowych, zapewniaj\u0105c op\u0142acalne rozwi\u0105zanie. D\u0105\u017cymy do tego, aby by\u0107 najlepszym \u017ar\u00f3d\u0142em zakupu czystej kokainy, oferuj\u0105c p\u0142ynne zakupy online. Odkryj niezr\u00f3wnan\u0105 jako\u015b\u0107 naszego najwy\u017cej ocenianego produktu, znanego z czysto\u015bci 92%, \u0142atwo dost\u0119pnego do natychmiastowego nabycia.<\/p>\n<h2>Czym jest Peruvian Cocaine 92% Pure?<\/h2>\n<p>Ten produkt, Cocaine 92% Pure, wyr\u00f3\u017cnia si\u0119 jako bardzo poszukiwany, uznany za imponuj\u0105c\u0105 czysto\u015b\u0107 92%. Kiedy chcesz kupi\u0107 czyst\u0105 peruwia\u0144sk\u0105 kokain\u0119, zale\u017cy ci na sp\u00f3jno\u015bci i wysokiej jako\u015bci. Nasza oferta obejmuje produkt najwy\u017cszej jako\u015bci, skrupulatnie pozyskiwany w celu zachowania jego doskona\u0142ych w\u0142a\u015bciwo\u015bci. Ta najwy\u017cej oceniana substancja na sprzeda\u017c konsekwentnie spe\u0142nia oczekiwania, wzmacniaj\u0105c swoj\u0105 reputacj\u0119 niezawodno\u015bci i doskona\u0142o\u015bci w\u015br\u00f3d dostawc\u00f3w.<\/p>\n<h2>Dlaczego warto kupi\u0107 Peruvian Cocaine 92% Pure online od Chemsfine?<\/h2>\n<p>Wyb\u00f3r zakupu Cocaine 92% Pure online od Chemsfine oznacza wybranie us\u0142ugi, kt\u00f3rej priorytetem jest warto\u015b\u0107. Oferujemy <b>Najlepsza dost\u0119pna kokaina peruwia\u0144ska 92% Pure<\/b>, uzupe\u0142nione korzy\u015bciami dla nabywc\u00f3w hurtowych. Ciesz si\u0119 bezp\u0142atn\u0105 wysy\u0142k\u0105 i specjalnymi rabatami na zam\u00f3wienia hurtowe. To po\u0142\u0105czenie sprawia, \u017ce jeste\u015bmy najlepszym miejscem docelowym. Nasza platforma zapewnia bezpieczny i skuteczny spos\u00f3b zakupu tego czystego produktu online, zapewniaj\u0105c bezpieczn\u0105 dostaw\u0119. Jako zaufani dostawcy sprawiamy, \u017ce zakup jest prosty i niezawodny.<\/p>\n<h2>Dost\u0119pno\u015b\u0107 i zamawianie peruwia\u0144skiej kokainy<\/h2>\n<p>Dla tych, kt\u00f3rzy si\u0119 zastanawiaj\u0105 <b>Gdzie kupi\u0107 peruwia\u0144sk\u0105 kokain\u0119<\/b> 92% Pure, nasz sklep internetowy s\u0142u\u017cy jako kompleksowe centrum. Oferujemy czysty produkt 92% na sprzeda\u017c, zapewniaj\u0105c, \u017ce nadal mo\u017cna go zdoby\u0107. Obs\u0142ugujemy tych, kt\u00f3rzy musz\u0105 kupi\u0107 t\u0119 substancj\u0119 online, upraszczaj\u0105c proces od wyboru do dostawy. Jak z\u0142o\u017cy\u0107 zam\u00f3wienie <b>Peruwia\u0144ska kokaina<\/b> 92% Pure jest \u0142atwy dzi\u0119ki naszej intuicyjnej platformie, kt\u00f3ra poprowadzi Ci\u0119 na ka\u017cdym kroku. Jako niezawodni dostawcy gwarantujemy sta\u0142e dostawy.<\/p>\n<table>\n<thead>\n<tr>\n<th>Cecha<\/th>\n<th>Przewaga<\/th>\n<\/tr>\n<\/thead>\n<tbody>\n<tr>\n<td>Czysto\u015b\u0107 produktu<\/td>\n<td>Gwarantowana czysto\u015b\u0107 92%.<\/td>\n<\/tr>\n<tr>\n<td>Ceny hurtowe<\/td>\n<td>Dost\u0119p do niesamowitych stawek hurtowych.<\/td>\n<\/tr>\n<tr>\n<td>Wysy\u0142ka i rabaty<\/td>\n<td>Bezp\u0142atna wysy\u0142ka hurtowa, specjalne rabaty.<\/td>\n<\/tr>\n<tr>\n<td>Do\u015bwiadczenie w sk\u0142adaniu zam\u00f3wie\u0144<\/td>\n<td>Prosty, intuicyjny proces zamawiania online.<\/td>\n<\/tr>\n<tr>\n<td>Pewno\u015b\u0107 dostawy<\/td>\n<td>Zobowi\u0105zanie do bezpiecznej i dyskretnej dostawy.<\/td>\n<\/tr>\n<\/tbody>\n<\/table>\n<h2>Zrozumienie legalno\u015bci i bezpiecznego nabywania<\/h2>\n<p>Rozwa\u017caj\u0105c zakup Cocaine 92% Pure online, kluczowe znaczenie ma zrozumienie lokalnych przepis\u00f3w. Pytanie \u2018Czy ten czysty produkt 92% jest legalny?\u2019 zale\u017cy od jurysdykcji; kupuj\u0105cy musz\u0105 by\u0107 \u015bwiadomi lokalnych przepis\u00f3w. Skupiamy si\u0119 na u\u0142atwieniu bezpiecznego procesu dostawy zam\u00f3wie\u0144. Zapewniamy, \u017ce przy zakupie tego produktu o wysokiej czysto\u015bci transakcje i dostawa s\u0105 obs\u0142ugiwane z najwy\u017csz\u0105 dyskrecj\u0105. Umo\u017cliwiamy zakup kokainy 92% Pure, k\u0142ad\u0105c nacisk na odpowiedzialne zakupy i przestrzeganie indywidualnych wytycznych regionalnych.<\/p>\n<h2>Dlaczego warto wybra\u0107 nas jako zaufanego dostawc\u0119?<\/h2>\n<p>Jeste\u015bmy wiod\u0105cym dostawc\u0105 kokainy 92% Pure. Mo\u017cesz <b>Zam\u00f3w kokain\u0119 peruwia\u0144sk\u0105<\/b> 92% Pure Online z zaufaniem, uzyskuj\u0105c dost\u0119p do najlepiej ocenianych produkt\u00f3w. Nasze zaanga\u017cowanie obejmuje niesamowite ceny hurtowe i sprawny proces zamawiania. Zapewniamy, \u017ce nadal mo\u017cesz uzyska\u0107 t\u0119 czyst\u0105 substancj\u0119 dzi\u0119ki naszym niezawodnym us\u0142ugom. Zadzwo\u0144 do nas teraz, aby kupi\u0107 nasz najwy\u017cej oceniany czysty produkt na sprzeda\u017c i do\u015bwiadczy\u0107 obs\u0142ugi zaprojektowanej z my\u015bl\u0105 o niezawodno\u015bci i satysfakcji. Jeste\u015bmy najlepszym sklepem z kokain\u0105 do zakupu tego produktu o wysokiej czysto\u015bci, koncentruj\u0105c si\u0119 na bezpiecznym \u0142a\u0144cuchu dostaw.<\/p>\n<h2>Wnioski: Zabezpiecz swoj\u0105 peruwia\u0144sk\u0105 kokain\u0119 ju\u017c dzi\u015b<\/h2>\n<p>Podsumowuj\u0105c, je\u015bli szukasz <b>Kup peruwia\u0144sk\u0105 kokain\u0119<\/b> 92% Pure na sprzeda\u017c, nasza platforma oferuje kompleksowe rozwi\u0105zanie. Dzi\u0119ki niesamowitym cenom hurtowym, bezp\u0142atnej wysy\u0142ce zam\u00f3wie\u0144 hurtowych i naciskowi na bezpieczn\u0105 dostaw\u0119, jeste\u015bmy wiod\u0105cym wyborem. Nadal mo\u017cesz uzyska\u0107 ten czysty produkt za po\u015brednictwem naszego wydajnego systemu online. Zapoznaj si\u0119 z nasz\u0105 ofert\u0105 i do\u015bwiadcz wygody zakupu najwy\u017cszej jako\u015bci czystej kokainy 92% online. Skontaktuj si\u0119 z nami ju\u017c dzi\u015b, aby zabezpieczy\u0107 swoje zam\u00f3wienie.<\/p>","protected":false},"excerpt":{"rendered":"<p>Odkryj wysokiej czysto\u015bci kokain\u0119 92% Pure dost\u0119pn\u0105 w sprzeda\u017cy. Dla tych, kt\u00f3rzy chc\u0105 <b>Kup peruwia\u0144sk\u0105 kokain\u0119<\/b>, nasza platforma oferuje niezawodne \u017ar\u00f3d\u0142o. Kupuj\u0105c w Chemsfine, mo\u017cesz z \u0142atwo\u015bci\u0105 naby\u0107 najwy\u017cszej jako\u015bci Cocaine 92% Pure, maj\u0105c pewno\u015b\u0107, \u017ce otrzymasz produkt o wyj\u0105tkowej jako\u015bci i konsystencji.<\/p>","protected":false},"featured_media":8596,"comment_status":"open","ping_status":"closed","template":"","meta":{"_joinchat":[]},"product_brand":[],"product_cat":[939],"product_tag":[],"class_list":{"0":"post-8503","1":"product","2":"type-product","3":"status-publish","4":"has-post-thumbnail","6":"product_cat-cocaine","8":"first","9":"instock","10":"shipping-taxable","11":"purchasable","12":"product-type-variable"},"yoast_head":"<!-- This site is optimized with the Yoast SEO plugin v27.2 - https:\/\/yoast.com\/product\/yoast-seo-wordpress\/ -->\n<title>Buy Peruvian Cocaine 92% Pure Online - Best Price Available<\/title>\n<meta name=\"description\" content=\"Discover where to buy Peruvian Cocaine 92% Pure online. Get amazing wholesale prices, free shipping, and special discounts. Order top-rated pure Peruvian cocaine now for safe delivery.\" \/>\n<meta name=\"robots\" content=\"index, follow, max-snippet:-1, max-image-preview:large, max-video-preview:-1\" \/>\n<link rel=\"canonical\" href=\"https:\/\/chemsfine.com\/pl\/produkt\/buy-peruvian-cocaine\/\" \/>\n<meta property=\"og:locale\" content=\"pl_PL\" \/>\n<meta property=\"og:type\" content=\"article\" \/>\n<meta property=\"og:title\" content=\"Buy Peruvian Cocaine 92% Pure Online - Best Price Available\" \/>\n<meta property=\"og:description\" content=\"Discover where to buy Peruvian Cocaine 92% Pure online. Get amazing wholesale prices, free shipping, and special discounts. Order top-rated pure Peruvian cocaine now for safe delivery.\" \/>\n<meta property=\"og:url\" content=\"https:\/\/chemsfine.com\/pl\/produkt\/buy-peruvian-cocaine\/\" \/>\n<meta property=\"og:site_name\" content=\"Chemsfine\" \/>\n<meta property=\"article:modified_time\" content=\"2026-03-25T11:57:53+00:00\" \/>\n<meta property=\"og:image\" content=\"https:\/\/chemsfine.com\/wp-content\/uploads\/2026\/02\/cocaine.webp\" \/>\n\t<meta property=\"og:image:width\" content=\"1000\" \/>\n\t<meta property=\"og:image:height\" content=\"667\" \/>\n\t<meta property=\"og:image:type\" content=\"image\/webp\" \/>\n<meta name=\"twitter:card\" content=\"summary_large_image\" \/>\n<meta name=\"twitter:label1\" content=\"Szacowany czas czytania\" \/>\n\t<meta name=\"twitter:data1\" content=\"3 minuty\" \/>\n<script type=\"application\/ld+json\" class=\"yoast-schema-graph\">{\"@context\":\"https:\/\/schema.org\",\"@graph\":[{\"@type\":\"WebPage\",\"@id\":\"https:\/\/chemsfine.com\/product\/buy-peruvian-cocaine\/\",\"url\":\"https:\/\/chemsfine.com\/product\/buy-peruvian-cocaine\/\",\"name\":\"Buy Peruvian Cocaine 92% Pure Online - Best Price Available\",\"isPartOf\":{\"@id\":\"https:\/\/chemsfine.com\/#website\"},\"primaryImageOfPage\":{\"@id\":\"https:\/\/chemsfine.com\/product\/buy-peruvian-cocaine\/#primaryimage\"},\"image\":{\"@id\":\"https:\/\/chemsfine.com\/product\/buy-peruvian-cocaine\/#primaryimage\"},\"thumbnailUrl\":\"https:\/\/chemsfine.com\/wp-content\/uploads\/2026\/02\/cocaine.webp\",\"datePublished\":\"2026-02-13T20:09:44+00:00\",\"dateModified\":\"2026-03-25T11:57:53+00:00\",\"description\":\"Discover where to buy Peruvian Cocaine 92% Pure online. Get amazing wholesale prices, free shipping, and special discounts. Order top-rated pure Peruvian cocaine now for safe delivery.\",\"breadcrumb\":{\"@id\":\"https:\/\/chemsfine.com\/product\/buy-peruvian-cocaine\/#breadcrumb\"},\"inLanguage\":\"pl-PL\",\"potentialAction\":[{\"@type\":\"ReadAction\",\"target\":[\"https:\/\/chemsfine.com\/product\/buy-peruvian-cocaine\/\"]}]},{\"@type\":\"ImageObject\",\"inLanguage\":\"pl-PL\",\"@id\":\"https:\/\/chemsfine.com\/product\/buy-peruvian-cocaine\/#primaryimage\",\"url\":\"https:\/\/chemsfine.com\/wp-content\/uploads\/2026\/02\/cocaine.webp\",\"contentUrl\":\"https:\/\/chemsfine.com\/wp-content\/uploads\/2026\/02\/cocaine.webp\",\"width\":1000,\"height\":667},{\"@type\":\"BreadcrumbList\",\"@id\":\"https:\/\/chemsfine.com\/product\/buy-peruvian-cocaine\/#breadcrumb\",\"itemListElement\":[{\"@type\":\"ListItem\",\"position\":1,\"name\":\"Home\",\"item\":\"https:\/\/chemsfine.com\/\"},{\"@type\":\"ListItem\",\"position\":2,\"name\":\"Shop\",\"item\":\"https:\/\/chemsfine.com\/shop\/\"},{\"@type\":\"ListItem\",\"position\":3,\"name\":\"Peruvian Cocaine 92% Pure &#8211; Buy Online Today\"}]},{\"@type\":\"WebSite\",\"@id\":\"https:\/\/chemsfine.com\/#website\",\"url\":\"https:\/\/chemsfine.com\/\",\"name\":\"Chemsfine\",\"description\":\"My WordPress Blog\",\"publisher\":{\"@id\":\"https:\/\/chemsfine.com\/#organization\"},\"potentialAction\":[{\"@type\":\"SearchAction\",\"target\":{\"@type\":\"EntryPoint\",\"urlTemplate\":\"https:\/\/chemsfine.com\/?s={search_term_string}\"},\"query-input\":{\"@type\":\"PropertyValueSpecification\",\"valueRequired\":true,\"valueName\":\"search_term_string\"}}],\"inLanguage\":\"pl-PL\"},{\"@type\":\"Organization\",\"@id\":\"https:\/\/chemsfine.com\/#organization\",\"name\":\"Chemsfine\",\"url\":\"https:\/\/chemsfine.com\/\",\"logo\":{\"@type\":\"ImageObject\",\"inLanguage\":\"pl-PL\",\"@id\":\"https:\/\/chemsfine.com\/#\/schema\/logo\/image\/\",\"url\":\"https:\/\/chemsfine.com\/wp-content\/uploads\/2024\/09\/final-logo.png\",\"contentUrl\":\"https:\/\/chemsfine.com\/wp-content\/uploads\/2024\/09\/final-logo.png\",\"width\":340,\"height\":72,\"caption\":\"Chemsfine\"},\"image\":{\"@id\":\"https:\/\/chemsfine.com\/#\/schema\/logo\/image\/\"}}]}<\/script>\n<!-- \/ Yoast SEO plugin. -->","yoast_head_json":{"title":"Kup peruwia\u0144sk\u0105 kokain\u0119 92% Pure online - Najlepsza dost\u0119pna cena","description":"Dowiedz si\u0119, gdzie kupi\u0107 Peruvian Cocaine 92% Pure online. Uzyskaj niesamowite ceny hurtowe, bezp\u0142atn\u0105 wysy\u0142k\u0119 i specjalne rabaty. Zam\u00f3w teraz najwy\u017cszej jako\u015bci czyst\u0105 kokain\u0119 peruwia\u0144sk\u0105 z bezpieczn\u0105 dostaw\u0105.","robots":{"index":"index","follow":"follow","max-snippet":"max-snippet:-1","max-image-preview":"max-image-preview:large","max-video-preview":"max-video-preview:-1"},"canonical":"https:\/\/chemsfine.com\/pl\/produkt\/buy-peruvian-cocaine\/","og_locale":"pl_PL","og_type":"article","og_title":"Buy Peruvian Cocaine 92% Pure Online - Best Price Available","og_description":"Discover where to buy Peruvian Cocaine 92% Pure online. Get amazing wholesale prices, free shipping, and special discounts. Order top-rated pure Peruvian cocaine now for safe delivery.","og_url":"https:\/\/chemsfine.com\/pl\/produkt\/buy-peruvian-cocaine\/","og_site_name":"Chemsfine","article_modified_time":"2026-03-25T11:57:53+00:00","og_image":[{"width":1000,"height":667,"url":"https:\/\/chemsfine.com\/wp-content\/uploads\/2026\/02\/cocaine.webp","type":"image\/webp"}],"twitter_card":"summary_large_image","twitter_misc":{"Szacowany czas czytania":"3 minuty"},"schema":{"@context":"https:\/\/schema.org","@graph":[{"@type":"WebPage","@id":"https:\/\/chemsfine.com\/product\/buy-peruvian-cocaine\/","url":"https:\/\/chemsfine.com\/product\/buy-peruvian-cocaine\/","name":"Kup peruwia\u0144sk\u0105 kokain\u0119 92% Pure online - Najlepsza dost\u0119pna cena","isPartOf":{"@id":"https:\/\/chemsfine.com\/#website"},"primaryImageOfPage":{"@id":"https:\/\/chemsfine.com\/product\/buy-peruvian-cocaine\/#primaryimage"},"image":{"@id":"https:\/\/chemsfine.com\/product\/buy-peruvian-cocaine\/#primaryimage"},"thumbnailUrl":"https:\/\/chemsfine.com\/wp-content\/uploads\/2026\/02\/cocaine.webp","datePublished":"2026-02-13T20:09:44+00:00","dateModified":"2026-03-25T11:57:53+00:00","description":"Dowiedz si\u0119, gdzie kupi\u0107 Peruvian Cocaine 92% Pure online. Uzyskaj niesamowite ceny hurtowe, bezp\u0142atn\u0105 wysy\u0142k\u0119 i specjalne rabaty. Zam\u00f3w teraz najwy\u017cszej jako\u015bci czyst\u0105 kokain\u0119 peruwia\u0144sk\u0105 z bezpieczn\u0105 dostaw\u0105.","breadcrumb":{"@id":"https:\/\/chemsfine.com\/product\/buy-peruvian-cocaine\/#breadcrumb"},"inLanguage":"pl-PL","potentialAction":[{"@type":"ReadAction","target":["https:\/\/chemsfine.com\/product\/buy-peruvian-cocaine\/"]}]},{"@type":"ImageObject","inLanguage":"pl-PL","@id":"https:\/\/chemsfine.com\/product\/buy-peruvian-cocaine\/#primaryimage","url":"https:\/\/chemsfine.com\/wp-content\/uploads\/2026\/02\/cocaine.webp","contentUrl":"https:\/\/chemsfine.com\/wp-content\/uploads\/2026\/02\/cocaine.webp","width":1000,"height":667},{"@type":"BreadcrumbList","@id":"https:\/\/chemsfine.com\/product\/buy-peruvian-cocaine\/#breadcrumb","itemListElement":[{"@type":"ListItem","position":1,"name":"Home","item":"https:\/\/chemsfine.com\/"},{"@type":"ListItem","position":2,"name":"Shop","item":"https:\/\/chemsfine.com\/shop\/"},{"@type":"ListItem","position":3,"name":"Peruvian Cocaine 92% Pure &#8211; Buy Online Today"}]},{"@type":"WebSite","@id":"https:\/\/chemsfine.com\/#website","url":"https:\/\/chemsfine.com\/","name":"Chemsfine","description":"M\u00f3j blog WordPress","publisher":{"@id":"https:\/\/chemsfine.com\/#organization"},"potentialAction":[{"@type":"SearchAction","target":{"@type":"EntryPoint","urlTemplate":"https:\/\/chemsfine.com\/?s={search_term_string}"},"query-input":{"@type":"PropertyValueSpecification","valueRequired":true,"valueName":"search_term_string"}}],"inLanguage":"pl-PL"},{"@type":"Organization","@id":"https:\/\/chemsfine.com\/#organization","name":"Chemsfine","url":"https:\/\/chemsfine.com\/","logo":{"@type":"ImageObject","inLanguage":"pl-PL","@id":"https:\/\/chemsfine.com\/#\/schema\/logo\/image\/","url":"https:\/\/chemsfine.com\/wp-content\/uploads\/2024\/09\/final-logo.png","contentUrl":"https:\/\/chemsfine.com\/wp-content\/uploads\/2024\/09\/final-logo.png","width":340,"height":72,"caption":"Chemsfine"},"image":{"@id":"https:\/\/chemsfine.com\/#\/schema\/logo\/image\/"}}]}},"_links":{"self":[{"href":"https:\/\/chemsfine.com\/pl\/wp-json\/wp\/v2\/product\/8503","targetHints":{"allow":["GET"]}}],"collection":[{"href":"https:\/\/chemsfine.com\/pl\/wp-json\/wp\/v2\/product"}],"about":[{"href":"https:\/\/chemsfine.com\/pl\/wp-json\/wp\/v2\/types\/product"}],"replies":[{"embeddable":true,"href":"https:\/\/chemsfine.com\/pl\/wp-json\/wp\/v2\/comments?post=8503"}],"wp:featuredmedia":[{"embeddable":true,"href":"https:\/\/chemsfine.com\/pl\/wp-json\/wp\/v2\/media\/8596"}],"wp:attachment":[{"href":"https:\/\/chemsfine.com\/pl\/wp-json\/wp\/v2\/media?parent=8503"}],"wp:term":[{"taxonomy":"product_brand","embeddable":true,"href":"https:\/\/chemsfine.com\/pl\/wp-json\/wp\/v2\/product_brand?post=8503"},{"taxonomy":"product_cat","embeddable":true,"href":"https:\/\/chemsfine.com\/pl\/wp-json\/wp\/v2\/product_cat?post=8503"},{"taxonomy":"product_tag","embeddable":true,"href":"https:\/\/chemsfine.com\/pl\/wp-json\/wp\/v2\/product_tag?post=8503"}],"curies":[{"name":"wp","href":"https:\/\/api.w.org\/{rel}","templated":true}]}}